{"id":21700,"date":"2021-02-08T12:25:37","date_gmt":"2021-02-08T11:25:37","guid":{"rendered":"https:\/\/www.apolonija.hr\/patient-impressions\/"},"modified":"2025-07-01T09:58:13","modified_gmt":"2025-07-01T07:58:13","slug":"patient-impressions","status":"publish","type":"page","link":"https:\/\/www.apolonija.hr\/en\/patient-impressions\/","title":{"rendered":"Patient impressions"},"content":{"rendered":"<section class=\"l-section wpb_row height_small\"><div class=\"l-section-h i-cf\"><div class=\"g-cols vc_row via_grid cols_1 laptops-cols_inherit tablets-cols_inherit mobiles-cols_1 valign_top type_default stacking_default\"><div class=\"wpb_column vc_column_container\"><div class=\"vc_column-inner\"><div class=\"wpb_text_column\"><div class=\"wpb_wrapper\"><p><b>Quality recognized by three generations of satisfied patients.<\/b><\/p>\n<p><span style=\"font-weight: 400;\">Polyclinic Apolonija has already had three generations of satisfied patients, and here are just some of the many examples of how quality and professionalism in medical services can build long-term relationships based on trust.<\/span><\/p><\/p>\n<\/div><\/div><div class=\"w-grid us_carousel us_custom_270c3b25 has_text_color type_carousel layout_gallery_default no_results preload_style_spinner items_2\" id=\"us_grid_1\" style=\"--items:2;--gap:0.4rem;\"><style>.layout_gallery_default .w-grid-item-h{}<\/style><div class=\"w-grid-list owl-carousel valign_stretch dotstyle_circle navstyle_circle arrows-ver-pos_middle arrows-hor-pos_on_sides_outside arrows-disabled_hide owl-responsive-2000\" style=\"--transition-duration:1600ms;\"><\/div><div class=\"w-grid-carousel-json hidden\" onclick='return {&quot;carousel_settings&quot;:{&quot;aria_labels&quot;:{&quot;prev&quot;:&quot;Previous&quot;,&quot;next&quot;:&quot;Next&quot;},&quot;autoplayContinual&quot;:false,&quot;autoplayContinualCss&quot;:false,&quot;autoplayHoverPause&quot;:true,&quot;autoplayTimeout&quot;:4000,&quot;autoWidth&quot;:false,&quot;smartSpeed&quot;:1600,&quot;margin&quot;:0,&quot;mouseDrag&quot;:true,&quot;rtl&quot;:false,&quot;slideBy&quot;:&quot;1&quot;,&quot;touchDrag&quot;:true,&quot;slideTransition&quot;:&quot;&quot;,&quot;responsive&quot;:{&quot;0&quot;:{&quot;autoHeight&quot;:false,&quot;autoplay&quot;:true,&quot;autoplayContinualCss&quot;:false,&quot;autoWidth&quot;:false,&quot;center&quot;:false,&quot;dots&quot;:false,&quot;items&quot;:1,&quot;loop&quot;:false,&quot;nav&quot;:true,&quot;stagePadding&quot;:20,&quot;slideBy&quot;:&quot;1&quot;,&quot;touchDrag&quot;:true,&quot;mouseDrag&quot;:true},&quot;601&quot;:{&quot;autoHeight&quot;:false,&quot;autoplay&quot;:true,&quot;autoplayContinualCss&quot;:false,&quot;autoWidth&quot;:false,&quot;center&quot;:false,&quot;dots&quot;:false,&quot;items&quot;:2,&quot;loop&quot;:false,&quot;nav&quot;:false,&quot;stagePadding&quot;:25,&quot;slideBy&quot;:&quot;1&quot;,&quot;touchDrag&quot;:true,&quot;mouseDrag&quot;:true},&quot;1381&quot;:{&quot;items&quot;:2,&quot;autoplay&quot;:true,&quot;autoplayContinualCss&quot;:false,&quot;center&quot;:false,&quot;dots&quot;:false,&quot;nav&quot;:false,&quot;autoHeight&quot;:false,&quot;autoWidth&quot;:false,&quot;loop&quot;:false,&quot;stagePadding&quot;:20}}}}'><\/div><\/div><div class=\"w-grid-none type_message\">No results found.<\/div><div class=\"wpb_text_column\"><div class=\"wpb_wrapper\"><p>\u00a0<\/p>\n<p>\u00a0<\/p>\n<p><strong>Na\u0161i zadovoljni pacijenti ostavili su nekoliko svojih utisaka \u2026<\/strong><\/p>\n<p>Odu\u0161evljen sam pristupom i ljubazno\u0161\u0107u kompletnog osoblja, Tople preporuke svima!<br \/><em>Matej Na\u0111, \u010cepin<\/em><\/p>\n<p>Odli\u010dan i precizan rad. Jako ljubazno osoblje. Sveukupno gledano najpozitivnije iskustvo do sada.<br \/><em>D. P.<\/em><\/p>\n<p>Sve sjajno. Usluga vrhunska, odli\u010dan pristup pacijentu, sve po dogovoru!<br \/><em>Chris Marcich, Zagreb<\/em><\/p>\n<p>Iznimno ljubazan, moderan i za mene edukativan pristup. \u010cesto sam dolazila sa svojim idejama, a onda kada ti se stru\u010dno objasni na\u010din i svrha rada oko konkretnog problema, promijeni\u0161 i svoj stav!<br \/><em>Ljiljana Smiljani\u0107<\/em><\/p>\n<p>Izuzetno stru\u010dan, profesionalan i pristupa\u010dan tim koji obavlja slo\u017eene zubarske zahvate u ugodnoj atmosferi. Izuzetno sam zadovoljna pru\u017eenom uslugom i preporu\u010dujem Apoloniju svakome tko \u017eeli popraviti stanje svojih zubi i uljep\u0161ati osmijeh.<br \/><em>Damir Krumpak, \u0160vicarska<\/em><\/p>\n<p>Nakon dugo godina kona\u010dno Colgate smile! Stru\u010dnost na visokoj razini, ljubazan i odli\u010dan pristup i rad s pacijentima. Posebno hvala najboljoj dr. Tarle \u010diji je pa\u017eljiv i strpljiv rad rezultirao sretnim i zadovoljnim (i RAVNIM) osmijehom! Poliklinika Apolonija za svaku preporuku!<br \/><em>Ana-Marija Damjanovi\u0107, M\u00fcnchen<\/em><\/p>\n<p><img decoding=\"async\" src=\"https:\/\/www.apolonija.hr\/wp-content\/uploads\/2021\/02\/Stomatoloska-poliklinika-Apolonija-Zagreb-228-1024x682.jpg\" sizes=\"(max-width: 800px) 100vw, 800px\" srcset=\"https:\/\/www.apolonija.hr\/wp-content\/uploads\/2021\/02\/Stomatoloska-poliklinika-Apolonija-Zagreb-228-1024x682.jpg 1024w, https:\/\/www.apolonija.hr\/wp-content\/uploads\/2021\/02\/Stomatoloska-poliklinika-Apolonija-Zagreb-228-450x300.jpg 450w, https:\/\/www.apolonija.hr\/wp-content\/uploads\/2021\/02\/Stomatoloska-poliklinika-Apolonija-Zagreb-228-768x512.jpg 768w, https:\/\/www.apolonija.hr\/wp-content\/uploads\/2021\/02\/Stomatoloska-poliklinika-Apolonija-Zagreb-228-1536x1024.jpg 1536w, https:\/\/www.apolonija.hr\/wp-content\/uploads\/2021\/02\/Stomatoloska-poliklinika-Apolonija-Zagreb-228.jpg 2000w\" alt=\"\" width=\"800\" height=\"533\" \/><\/p>\n<p>Moje iskustvo je izuzetno pozitivno \u2013 prije dolaska u Apoloniju imala sam u\u017easan strah od lije\u010dnika, ortodonata, ali uz va\u0161u pomo\u0107 sam i to pobijedila! Svi\u0111a mi se kako me tim vodi kroz moje putovanje ka predivnom osmijehu, savjetuje me i bodri! U svakom trenutku imamo osje\u0107aj da sam bli\u017ee cilju i da se uvijek imam kome obratiti. Stru\u010dni, profesionalni, ali simpati\u010dni i uvijek nasmijani\u2026 Hvala puno!<br \/><cite>Anja Ivi\u0107, Split<\/cite><\/p>\n<p><img decoding=\"async\" src=\"https:\/\/www.apolonija.hr\/wp-content\/uploads\/2021\/02\/Stomatoloska-poliklinika-Apolonija-Zagreb-326-1024x682.jpg\" sizes=\"(max-width: 800px) 100vw, 800px\" srcset=\"https:\/\/www.apolonija.hr\/wp-content\/uploads\/2021\/02\/Stomatoloska-poliklinika-Apolonija-Zagreb-326-1024x682.jpg 1024w, https:\/\/www.apolonija.hr\/wp-content\/uploads\/2021\/02\/Stomatoloska-poliklinika-Apolonija-Zagreb-326-450x300.jpg 450w, https:\/\/www.apolonija.hr\/wp-content\/uploads\/2021\/02\/Stomatoloska-poliklinika-Apolonija-Zagreb-326-768x512.jpg 768w, https:\/\/www.apolonija.hr\/wp-content\/uploads\/2021\/02\/Stomatoloska-poliklinika-Apolonija-Zagreb-326-1536x1024.jpg 1536w, https:\/\/www.apolonija.hr\/wp-content\/uploads\/2021\/02\/Stomatoloska-poliklinika-Apolonija-Zagreb-326.jpg 2000w\" alt=\"\" width=\"800\" height=\"533\" \/><\/p>\n<p>Hvala vam \u0161to sam se osje\u0107ala kao prijatelj, ne kao pacijent. Hvala na konstantnoj brizi, pitanjima o tome kako sam i je li me boli. Hvala na informiranju i savjetima. Rijetko kada u \u017eivotu nai\u0111em na ovakve ljude, ljude koji su spremni pomo\u0107i \u0161to prije, ali i udijeliti smjernice za daljnju brigu. Usluga je vrhunska, osoblje jo\u0161 bolje! Hvala vam jo\u0161 jednom na svemu. Samo tako nastavite!<br \/><em>Vana Beara, Zagreb<\/em><\/p>\n<p>Osoblje je izrazito stru\u010dno i pristupa\u010dno, zahvati su ugodni i bezbolni, tako da se osje\u0107am kao da je sva pa\u017enja usmjerena na moje lije\u010denje\u00a0i bolji osmijeh.<br \/><em>Matija Kasai\u0107 Drak\u0161i\u0107<\/em><\/p>\n<p>Prekrasan osje\u0107aj je kad znam da sam u dobrim rukama.<br \/>Sretna sam i zahvalna \u0161to mi poma\u017eete u odr\u017eavanju mojih zubi.<br \/><em>Tihana \u0160.<\/em><\/p>\n<p>Svaka pohvala poliklinici. Osoblje je profesionalno, a uz to ljubazno i toplo. Sve objasne i uvijek su otvoreni za pitanja. Prezadovoljna sam uslugom!<br \/><em>Sara Pil<\/em><\/p>\n<p>Radite odli\u010dan posao, svaka \u010dast. Imate moje povjerenje.<br \/><em>T. \u0160.<\/em><\/p>\n<p>Vrlo ugodna atmosfera. Izuzetna stru\u010dnost, osoblje je ugodno i ljubazno.<br \/><em>O. K.<\/em><\/p>\n<p>Usluga odli\u010dna, osoblje vrlo stru\u010dno i ljubazno!<br \/><em>Iris Bi\u0161kupi\u0107<\/em><\/p>\n<p>Prije dvije godine odlu\u010dio sam se za Polikliniku Apolonija jer sam preko njihove web stranice stekao dojam da se radi o ozbiljnoj i profesionalnoj poliklinici. Zahvat je bio na gornjoj i donjoj \u010deljusti, a operacije je trajala od 8.30 do 17.00 sati i obavio ju je prof. Lauc s timom. Sama operacija te daljnji zahvati izvedeni su s izuzetnom profesionalno\u0161\u0107u i stru\u010dnosti. Sve moje preporuke za izbor Poliklinike Apolonija.<br \/><em>Drago Rai\u0107, Bjelovar<\/em><\/p>\n<p>\u00a0<img decoding=\"async\" src=\"https:\/\/www.apolonija.hr\/wp-content\/uploads\/2021\/02\/Stomatoloska-poliklinika-Apolonija-Zagreb-252-1024x682.jpg\" sizes=\"(max-width: 800px) 100vw, 800px\" srcset=\"https:\/\/www.apolonija.hr\/wp-content\/uploads\/2021\/02\/Stomatoloska-poliklinika-Apolonija-Zagreb-252-1024x682.jpg 1024w, https:\/\/www.apolonija.hr\/wp-content\/uploads\/2021\/02\/Stomatoloska-poliklinika-Apolonija-Zagreb-252-450x300.jpg 450w, https:\/\/www.apolonija.hr\/wp-content\/uploads\/2021\/02\/Stomatoloska-poliklinika-Apolonija-Zagreb-252-768x512.jpg 768w, https:\/\/www.apolonija.hr\/wp-content\/uploads\/2021\/02\/Stomatoloska-poliklinika-Apolonija-Zagreb-252-1536x1024.jpg 1536w, https:\/\/www.apolonija.hr\/wp-content\/uploads\/2021\/02\/Stomatoloska-poliklinika-Apolonija-Zagreb-252.jpg 2000w\" alt=\"\" width=\"800\" height=\"533\" \/><\/p>\n<p>Izuzetno sam zadovoljna kompletnom uslugom u Va\u0161oj poliklinici. Bez razmi\u0161ljanja bih Vas preporu\u010dila svima! I naravno, jedno veliko HVALA! \ud83d\ude42<br \/><em>Sandra Koprivnjak<\/em><\/p>\n<p>Doktori i osoblje su ljubazni i stru\u010dni. Sve potrebno objasne u detalje. Za svaku pohvalu i preporuku. Apsolutno profesionalni, ljubazni i srda\u010dni. Samo tako nastavite dalje.<br \/><em>M. H.<\/em><\/p>\n<p>Pacijentica sam kod prof. Lauc ve\u0107 dugi niz godina. Sve pohvale za stru\u010dan tim i uvijek ljubazno i nasmijano osoblje! Prezadovoljna!<br \/><em>Nela Maras, Pula<\/em><\/p>\n<p>Po\u0161tovani dr.Lauc, kamere tu nisu potrebne, budite ponosni na Va\u0161 tim!!! Svi su za 5!!! \ud83d\ude42<br \/><em>Roberta M\u00fchl<\/em><\/p>\n<p>Uvjerena sam da je dr. Lauc br. 1 u Hrvatskoj! Isto vrijedi i za cijelu kliniku i osoblje<br \/><em>Vi\u0161nja S.<\/em><\/p>\n<p>Obavila sam velik broj zahvata kod dr. Katarine Gu\u0161tin i moram re\u0107i da mi je uvijek jako ugodno i\u0107i kod nje. Brine o tome kako se pacijent osje\u0107a, ali uvijek i popri\u010da sa mnom, \u0161to uvijek stvara pozitivno ozra\u010dje u ordinaciji!<br \/><em>Leonarda Pavi\u0107, \u0110urmanec<\/em><\/p>\n<p><img decoding=\"async\" src=\"https:\/\/www.apolonija.hr\/wp-content\/uploads\/2020\/08\/dr-Tarle-i-pacijent-3-1024x682.jpg\" sizes=\"(max-width: 800px) 100vw, 800px\" srcset=\"https:\/\/www.apolonija.hr\/wp-content\/uploads\/2020\/08\/dr-Tarle-i-pacijent-3-1024x682.jpg 1024w, https:\/\/www.apolonija.hr\/wp-content\/uploads\/2020\/08\/dr-Tarle-i-pacijent-3-450x300.jpg 450w, https:\/\/www.apolonija.hr\/wp-content\/uploads\/2020\/08\/dr-Tarle-i-pacijent-3-768x512.jpg 768w, https:\/\/www.apolonija.hr\/wp-content\/uploads\/2020\/08\/dr-Tarle-i-pacijent-3-1536x1024.jpg 1536w, https:\/\/www.apolonija.hr\/wp-content\/uploads\/2020\/08\/dr-Tarle-i-pacijent-3.jpg 2000w\" alt=\"\" width=\"800\" height=\"533\" \/><\/p>\n<p>Poliklinika Apolonija pru\u017ea stomatolo\u0161ke usluge vi\u0161e klase. Po\u010dev\u0161i od samog ure\u0111enja prostora, vrhunske opreme pa sve do stru\u010dnog i ljubaznog osoblja. Otkako koristim usluge poliklinike Apolonija vi\u0161e ni ne razmi\u0161ljam o mogu\u0107im stomatolo\u0161kim komplikacijama. Oni se brinu o svemu.<br \/><em>R. A.<\/em><\/p>\n<p>Svaka pohvala poliklinici. Osoblje je profesionalno, a uz to ljubazno i toplo. Sve objasne i uvijek su otvoreni za pitanja. Prezadovoljna sam uslugom! Svakako se isplati platiti i do\u0107i \u2013 hvala Vam!<br \/><em>Sara Pil<\/em><\/p>\n<p>Iznimno ljubazan, moderan i za mene edukativan pristup. \u010cesto sam dolazila sa svojim idejama, a onda kada ti se stru\u010dno objasni na\u010din i svrha rada oko konkretnog problema promjeni\u0161 i svoj stav!<br \/><em>Ljiljana Smiljani\u0107<\/em><\/p>\n<p>Vrlo ugodna atmosfera. Izuzetna stru\u010dnost, osoblje je ugodno i ljubazno.<br \/><em>Orka Kor\u010dmaro\u0161<\/em><\/p>\n<p>Jako sam zadovoljan odra\u0111enim uslugama, koje su bile bezbolne kako mi je i obe\u0107ano. Sve preporuke!<br \/><em>M. P.<\/em><\/p>\n<p>Rije\u0161io sam se straha zubarskih zahvata. Po\u010dinjem cijeniti zdravlje na vi\u0161oj razini.<br \/><em>Hrvoje Felbar<\/em><\/p>\n<p>Sve pohvale za osoblje poliklinike, koje je uvijek izuzetno profesionalno i ljubazno. Posebne pohvale za sestru Mandu koja uvijek do\u010deka pacijente s osmijehom, te doktoricu Rupi\u0107 nakon \u010dijeg termina svaki put odlazim zadovoljna pru\u017eenom uslugom.<br \/><em>N.K.<\/em><\/p>\n<p><img decoding=\"async\" src=\"https:\/\/www.apolonija.hr\/wp-content\/uploads\/2020\/08\/dr-Rupic-radi-1024x682.jpg\" sizes=\"(max-width: 800px) 100vw, 800px\" srcset=\"https:\/\/www.apolonija.hr\/wp-content\/uploads\/2020\/08\/dr-Rupic-radi-1024x682.jpg 1024w, https:\/\/www.apolonija.hr\/wp-content\/uploads\/2020\/08\/dr-Rupic-radi-450x300.jpg 450w, https:\/\/www.apolonija.hr\/wp-content\/uploads\/2020\/08\/dr-Rupic-radi-800x533.jpg 768w, https:\/\/www.apolonija.hr\/wp-content\/uploads\/2020\/08\/dr-Rupic-radi-1536x1024.jpg 1536w, https:\/\/www.apolonija.hr\/wp-content\/uploads\/2020\/08\/dr-Rupic-radi.jpg 2000w\" alt=\"\" width=\"800\" height=\"533\" \/><\/p>\n<p>Vrlo zadovoljni uslugom i stru\u010dno\u0161\u0107u<br \/><em>Niko Jambro\u0161i\u0107<\/em><\/p>\n<p>Osoblje uvijek nasmijano i srda\u010dno.<br \/><em>Ivica Behin<\/em><\/p>\n<p>Osoblje vi\u0161e nego uljudno i ljubazno.<br \/><em>Jelena Ro\u017ei\u0107<\/em><\/p>\n<p>Vrlo zadovoljan radom lije\u010dnika. Sve pohvale.<br \/><em>L. F.<\/em><\/p>\n<p>Ljubazno osoblje i profi usluga! Hvala doktorici Viktoriji i sestri Mandi!<br \/><em>H. T.<\/em><\/p>\n<p>Vrlo ljubazno i stru\u010dno osoblje spremno odgovoriti na sva moja pitanja.<br \/><em>R. L.<\/em><\/p>\n<\/div><\/div><\/div><\/div><\/div><\/div><\/section>\n","protected":false},"excerpt":{"rendered":"<p>Our satisfied patients have left a few impressions&#8230;<\/p>\n","protected":false},"author":15,"featured_media":0,"parent":0,"menu_order":146,"comment_status":"closed","ping_status":"closed","template":"","meta":{"_acf_changed":false,"footnotes":""},"class_list":["post-21700","page","type-page","status-publish","hentry"],"acf":[],"yoast_head":"<!-- This site is optimized with the Yoast SEO plugin v27.5 - https:\/\/yoast.com\/product\/yoast-seo-wordpress\/ -->\n<title>Patient impressions - Apolonija Dental Clinic<\/title>\n<meta name=\"robots\" content=\"index, follow, max-snippet:-1, max-image-preview:large, max-video-preview:-1\" \/>\n<link rel=\"canonical\" href=\"https:\/\/www.apolonija.hr\/en\/patient-impressions\/\" \/>\n<meta property=\"og:locale\" content=\"en_US\" \/>\n<meta property=\"og:type\" content=\"article\" \/>\n<meta property=\"og:title\" content=\"Patient impressions - Apolonija Dental Clinic\" \/>\n<meta property=\"og:description\" content=\"Our satisfied patients have left a few impressions...\" \/>\n<meta property=\"og:url\" content=\"https:\/\/www.apolonija.hr\/en\/patient-impressions\/\" \/>\n<meta property=\"og:site_name\" content=\"Apolonija Dental Clinic\" \/>\n<meta property=\"article:publisher\" content=\"https:\/\/www.facebook.com\/SPApolonija\/\" \/>\n<meta property=\"article:modified_time\" content=\"2025-07-01T07:58:13+00:00\" \/>\n<meta property=\"og:image\" content=\"https:\/\/www.apolonija.hr\/wp-content\/uploads\/2021\/02\/Stomatoloska-poliklinika-Apolonija-Zagreb-228-1024x682.jpg\" \/>\n<meta name=\"twitter:card\" content=\"summary_large_image\" \/>\n<meta name=\"twitter:label1\" content=\"Est. reading time\" \/>\n\t<meta name=\"twitter:data1\" content=\"6 minutes\" \/>\n<script type=\"application\/ld+json\" class=\"yoast-schema-graph\">{\"@context\":\"https:\\\/\\\/schema.org\",\"@graph\":[{\"@type\":\"WebPage\",\"@id\":\"https:\\\/\\\/www.apolonija.hr\\\/en\\\/patient-impressions\\\/\",\"url\":\"https:\\\/\\\/www.apolonija.hr\\\/en\\\/patient-impressions\\\/\",\"name\":\"Patient impressions - Apolonija Dental Clinic\",\"isPartOf\":{\"@id\":\"https:\\\/\\\/www.apolonija.hr\\\/en\\\/#website\"},\"primaryImageOfPage\":{\"@id\":\"https:\\\/\\\/www.apolonija.hr\\\/en\\\/patient-impressions\\\/#primaryimage\"},\"image\":{\"@id\":\"https:\\\/\\\/www.apolonija.hr\\\/en\\\/patient-impressions\\\/#primaryimage\"},\"thumbnailUrl\":\"https:\\\/\\\/www.apolonija.hr\\\/wp-content\\\/uploads\\\/2021\\\/02\\\/Stomatoloska-poliklinika-Apolonija-Zagreb-228-1024x682.jpg\",\"datePublished\":\"2021-02-08T11:25:37+00:00\",\"dateModified\":\"2025-07-01T07:58:13+00:00\",\"breadcrumb\":{\"@id\":\"https:\\\/\\\/www.apolonija.hr\\\/en\\\/patient-impressions\\\/#breadcrumb\"},\"inLanguage\":\"en-US\",\"potentialAction\":[{\"@type\":\"ReadAction\",\"target\":[\"https:\\\/\\\/www.apolonija.hr\\\/en\\\/patient-impressions\\\/\"]}]},{\"@type\":\"ImageObject\",\"inLanguage\":\"en-US\",\"@id\":\"https:\\\/\\\/www.apolonija.hr\\\/en\\\/patient-impressions\\\/#primaryimage\",\"url\":\"https:\\\/\\\/www.apolonija.hr\\\/wp-content\\\/uploads\\\/2021\\\/02\\\/Stomatoloska-poliklinika-Apolonija-Zagreb-228-1024x682.jpg\",\"contentUrl\":\"https:\\\/\\\/www.apolonija.hr\\\/wp-content\\\/uploads\\\/2021\\\/02\\\/Stomatoloska-poliklinika-Apolonija-Zagreb-228-1024x682.jpg\"},{\"@type\":\"BreadcrumbList\",\"@id\":\"https:\\\/\\\/www.apolonija.hr\\\/en\\\/patient-impressions\\\/#breadcrumb\",\"itemListElement\":[{\"@type\":\"ListItem\",\"position\":1,\"name\":\"Apolonija\",\"item\":\"https:\\\/\\\/www.apolonija.hr\\\/en\\\/apolonija\\\/\"},{\"@type\":\"ListItem\",\"position\":2,\"name\":\"Patient impressions\"}]},{\"@type\":\"WebSite\",\"@id\":\"https:\\\/\\\/www.apolonija.hr\\\/en\\\/#website\",\"url\":\"https:\\\/\\\/www.apolonija.hr\\\/en\\\/\",\"name\":\"Stomatolo\u0161ka poliklinika Apolonija\",\"description\":\"A life filled with smiles\",\"publisher\":{\"@id\":\"https:\\\/\\\/www.apolonija.hr\\\/en\\\/#organization\"},\"potentialAction\":[{\"@type\":\"SearchAction\",\"target\":{\"@type\":\"EntryPoint\",\"urlTemplate\":\"https:\\\/\\\/www.apolonija.hr\\\/en\\\/?s={search_term_string}\"},\"query-input\":{\"@type\":\"PropertyValueSpecification\",\"valueRequired\":true,\"valueName\":\"search_term_string\"}}],\"inLanguage\":\"en-US\"},{\"@type\":\"Organization\",\"@id\":\"https:\\\/\\\/www.apolonija.hr\\\/en\\\/#organization\",\"name\":\"Apolonija Dental Clinic\",\"url\":\"https:\\\/\\\/www.apolonija.hr\\\/en\\\/\",\"logo\":{\"@type\":\"ImageObject\",\"inLanguage\":\"en-US\",\"@id\":\"https:\\\/\\\/www.apolonija.hr\\\/en\\\/#\\\/schema\\\/logo\\\/image\\\/\",\"url\":\"https:\\\/\\\/www.apolonija.hr\\\/wp-content\\\/uploads\\\/2019\\\/10\\\/logo-1.png\",\"contentUrl\":\"https:\\\/\\\/www.apolonija.hr\\\/wp-content\\\/uploads\\\/2019\\\/10\\\/logo-1.png\",\"width\":500,\"height\":140,\"caption\":\"Apolonija Dental Clinic\"},\"image\":{\"@id\":\"https:\\\/\\\/www.apolonija.hr\\\/en\\\/#\\\/schema\\\/logo\\\/image\\\/\"},\"sameAs\":[\"https:\\\/\\\/www.facebook.com\\\/SPApolonija\\\/\",\"https:\\\/\\\/www.instagram.com\\\/poliklinikaapolonija\\\/\",\"https:\\\/\\\/www.linkedin.com\\\/company\\\/stomatolo\u0161ka-poliklinika-apolonija\\\/\",\"https:\\\/\\\/www.tiktok.com\\\/@poliklinikaapolonija\"]}]}<\/script>\n<!-- \/ Yoast SEO plugin. -->","yoast_head_json":{"title":"Patient impressions - Apolonija Dental Clinic","robots":{"index":"index","follow":"follow","max-snippet":"max-snippet:-1","max-image-preview":"max-image-preview:large","max-video-preview":"max-video-preview:-1"},"canonical":"https:\/\/www.apolonija.hr\/en\/patient-impressions\/","og_locale":"en_US","og_type":"article","og_title":"Patient impressions - Apolonija Dental Clinic","og_description":"Our satisfied patients have left a few impressions...","og_url":"https:\/\/www.apolonija.hr\/en\/patient-impressions\/","og_site_name":"Apolonija Dental Clinic","article_publisher":"https:\/\/www.facebook.com\/SPApolonija\/","article_modified_time":"2025-07-01T07:58:13+00:00","og_image":[{"url":"https:\/\/www.apolonija.hr\/wp-content\/uploads\/2021\/02\/Stomatoloska-poliklinika-Apolonija-Zagreb-228-1024x682.jpg","type":"","width":"","height":""}],"twitter_card":"summary_large_image","twitter_misc":{"Est. reading time":"6 minutes"},"schema":{"@context":"https:\/\/schema.org","@graph":[{"@type":"WebPage","@id":"https:\/\/www.apolonija.hr\/en\/patient-impressions\/","url":"https:\/\/www.apolonija.hr\/en\/patient-impressions\/","name":"Patient impressions - Apolonija Dental Clinic","isPartOf":{"@id":"https:\/\/www.apolonija.hr\/en\/#website"},"primaryImageOfPage":{"@id":"https:\/\/www.apolonija.hr\/en\/patient-impressions\/#primaryimage"},"image":{"@id":"https:\/\/www.apolonija.hr\/en\/patient-impressions\/#primaryimage"},"thumbnailUrl":"https:\/\/www.apolonija.hr\/wp-content\/uploads\/2021\/02\/Stomatoloska-poliklinika-Apolonija-Zagreb-228-1024x682.jpg","datePublished":"2021-02-08T11:25:37+00:00","dateModified":"2025-07-01T07:58:13+00:00","breadcrumb":{"@id":"https:\/\/www.apolonija.hr\/en\/patient-impressions\/#breadcrumb"},"inLanguage":"en-US","potentialAction":[{"@type":"ReadAction","target":["https:\/\/www.apolonija.hr\/en\/patient-impressions\/"]}]},{"@type":"ImageObject","inLanguage":"en-US","@id":"https:\/\/www.apolonija.hr\/en\/patient-impressions\/#primaryimage","url":"https:\/\/www.apolonija.hr\/wp-content\/uploads\/2021\/02\/Stomatoloska-poliklinika-Apolonija-Zagreb-228-1024x682.jpg","contentUrl":"https:\/\/www.apolonija.hr\/wp-content\/uploads\/2021\/02\/Stomatoloska-poliklinika-Apolonija-Zagreb-228-1024x682.jpg"},{"@type":"BreadcrumbList","@id":"https:\/\/www.apolonija.hr\/en\/patient-impressions\/#breadcrumb","itemListElement":[{"@type":"ListItem","position":1,"name":"Apolonija","item":"https:\/\/www.apolonija.hr\/en\/apolonija\/"},{"@type":"ListItem","position":2,"name":"Patient impressions"}]},{"@type":"WebSite","@id":"https:\/\/www.apolonija.hr\/en\/#website","url":"https:\/\/www.apolonija.hr\/en\/","name":"Stomatolo\u0161ka poliklinika Apolonija","description":"A life filled with smiles","publisher":{"@id":"https:\/\/www.apolonija.hr\/en\/#organization"},"potentialAction":[{"@type":"SearchAction","target":{"@type":"EntryPoint","urlTemplate":"https:\/\/www.apolonija.hr\/en\/?s={search_term_string}"},"query-input":{"@type":"PropertyValueSpecification","valueRequired":true,"valueName":"search_term_string"}}],"inLanguage":"en-US"},{"@type":"Organization","@id":"https:\/\/www.apolonija.hr\/en\/#organization","name":"Apolonija Dental Clinic","url":"https:\/\/www.apolonija.hr\/en\/","logo":{"@type":"ImageObject","inLanguage":"en-US","@id":"https:\/\/www.apolonija.hr\/en\/#\/schema\/logo\/image\/","url":"https:\/\/www.apolonija.hr\/wp-content\/uploads\/2019\/10\/logo-1.png","contentUrl":"https:\/\/www.apolonija.hr\/wp-content\/uploads\/2019\/10\/logo-1.png","width":500,"height":140,"caption":"Apolonija Dental Clinic"},"image":{"@id":"https:\/\/www.apolonija.hr\/en\/#\/schema\/logo\/image\/"},"sameAs":["https:\/\/www.facebook.com\/SPApolonija\/","https:\/\/www.instagram.com\/poliklinikaapolonija\/","https:\/\/www.linkedin.com\/company\/stomatolo\u0161ka-poliklinika-apolonija\/","https:\/\/www.tiktok.com\/@poliklinikaapolonija"]}]}},"_links":{"self":[{"href":"https:\/\/www.apolonija.hr\/en\/wp-json\/wp\/v2\/pages\/21700","targetHints":{"allow":["GET"]}}],"collection":[{"href":"https:\/\/www.apolonija.hr\/en\/wp-json\/wp\/v2\/pages"}],"about":[{"href":"https:\/\/www.apolonija.hr\/en\/wp-json\/wp\/v2\/types\/page"}],"author":[{"embeddable":true,"href":"https:\/\/www.apolonija.hr\/en\/wp-json\/wp\/v2\/users\/15"}],"replies":[{"embeddable":true,"href":"https:\/\/www.apolonija.hr\/en\/wp-json\/wp\/v2\/comments?post=21700"}],"version-history":[{"count":5,"href":"https:\/\/www.apolonija.hr\/en\/wp-json\/wp\/v2\/pages\/21700\/revisions"}],"predecessor-version":[{"id":22234,"href":"https:\/\/www.apolonija.hr\/en\/wp-json\/wp\/v2\/pages\/21700\/revisions\/22234"}],"wp:attachment":[{"href":"https:\/\/www.apolonija.hr\/en\/wp-json\/wp\/v2\/media?parent=21700"}],"curies":[{"name":"wp","href":"https:\/\/api.w.org\/{rel}","templated":true}]}}