{"id":21701,"date":"2020-04-24T09:36:03","date_gmt":"2020-04-24T07:36:03","guid":{"rendered":"https:\/\/www.apolonija.hr\/cookie-notice-for-the-apolonija-dental-clinic\/"},"modified":"2025-05-31T20:25:26","modified_gmt":"2025-05-31T18:25:26","slug":"cookie-notice-for-the-apolonija-dental-clinic","status":"publish","type":"page","link":"https:\/\/www.apolonija.hr\/en\/cookie-notice-for-the-apolonija-dental-clinic\/","title":{"rendered":"Cookie notice for the Apolonija Dental Clinic"},"content":{"rendered":"<\/p>\n\n\n<h1>Vi\u0161e informacija o kola\u010di\u0107ima<br\/><\/h1>\n<p>Dental Polyclinic Apolonija strives to make your online experience and interaction as informative and well-adapted as possible. To achieve this, we use cookies or similar techniques. We believe it is important for you to know which cookies our website uses and for what purposes. This will help protect your privacy while ensuring that our website is as user-friendly as possible.   <\/p>\n<h2>What are cookies?<\/h2>\n<p>Cookies are small text files that are stored on your terminal equipment (computer or mobile device) when you visit certain websites. Dental Clinic Apolonija may use similar techniques, such as pixels, web beacons, device fingerprints, etc. For the sake of consistency, all of these techniques will be referred to collectively as \u201ccookies\u201d.  <\/p>\n<h2>Why are cookies used?<\/h2>\n<p>Cookies can be used for a variety of purposes. First of all, cookies may be necessary for a website to function properly. For example, without cookies, it would be difficult for a website to remember that you are logged in. These cookies are called necessary cookies.   <\/p>\n<p>Cookies can also be used to analyze how the website is used, count the number of visitors, and provide information on how to improve the website. We do not associate website usage statistics and other reports with individuals. These cookies are called analytical cookies.  <\/p>\n<p>Third, social media cookies are used to enable the integration of social networks into the website, so you can instantly like a page or product and share it on your favorite social network.<\/p>\n<p>The fourth important use of cookies is to enable online advertising that can be customized to your personal preferences so that you are shown advertisements that are relevant and interesting to you, both within and outside the Stomatological Polyclinic Apolonija website. This is achieved by cookies for (targeted) advertising. <\/p>\n<h2>How can I choose settings for cookies and privacy on the websites of the Apolonija Dental Polyclinic?<\/h2>\n<p>The websites of the Dental Clinic Apolonija offer the possibility to set cookie preferences. By clicking on \u201cCookies\u201d, you can choose which types of cookies you want our website to use. You can change your preferences at any time. In Cookie Settings you will also find a list of all cookies within each category (mandatory, analytical, for social networks, for targeted advertising).   <\/p>\n<p>Please note that using the Cookie Settings on our website may not delete cookies that have already been set. You can do this through your web browser settings as described below, after changing your cookie settings on the website. <\/p>\n<p>If you are visiting the website of the Dental Polyclinic Apolonija, whose target users are outside the European Union, you can choose your cookie and privacy settings using your web browser settings.<\/p>\n<h2>How to manage or disable cookies in your browser<\/h2>\n<p>Please note that Stomatolo\u0161ka poliklinika Apolonija does not currently use a technical solution that would allow us to respond to your internet browser&#8217;s requests to stop tracking. In addition to the Cookie Settings section of our website, you can also manage your cookie settings in your browser settings at any time. Please note that your browser settings may not provide the ease of use that the Cookie Settings section of our website provides. If you simply disable all cookies or all of our cookies in your browser settings, you may notice that certain parts or features of our websites will not work because your browser may prevent the setting of cookies necessary for the website to function. Therefore, it is recommended to use the Cookie Settings on the website instead of disabling all cookies in your web browser. You can find additional information on how to disable cookies or manage cookie settings in the browser you are using in the list below:     <\/p>\n<ul>\n<li>Google Chrome:\u00a0https:\/\/support.google.com\/chrome\/answer\/95647?hl=en<\/li>\n<li>Firefox\u00a0https:\/\/support.mozilla.org\/en-US\/kb\/enable-and-disable-cookies-website-preferences<\/li>\n<li>Internet Explorer:\u00a0http:\/\/windows.microsoft.com\/en-GB\/windows-vista\/Block-or-allow-cookies<\/li>\n<li>Safari:\u00a0http:\/\/help.apple.com\/safari\/mac\/8.0\/#\/sfri11471<\/li>\n<li>Kola\u010di\u0107i koji osiguravaju pravilan rad web-mjesta (obavezni kola\u010di\u0107i)<\/li>\n<\/ul>\n<p>Our website may use cookies for the following purposes:<\/p>\n<ul>\n<li>spremanje preferenci kao \u0161to su jezik, lokacija, broj rezultata pretra\u017eivanja koji \u0107e se prikazati itd.<\/li>\n<li>spremanje postavki za optimalan prikaz videozapisa, kao \u0161to su veli\u010dina me\u0111uspremnika i podaci o rezoluciji zaslona<\/li>\n<li>\u010ditanje postavki preglednika kako bismo svoje web-mjesto mogli optimalno prikazati na va\u0161em zaslonu<\/li>\n<li>lociranje zlouporabe na\u0161eg web-mjesta i usluga, na primjer bilje\u017eenjem nekoliko uzastopnih neuspjelih poku\u0161aja prijave<\/li>\n<li>ravnomjerno u\u010ditavanje web-mjesta kako bi ostalo pristupa\u010dno<\/li>\n<li>omogu\u0107avanje reakcije na na\u0161em web-mjestu<\/li>\n<li>optimiziranje web-mjesta u stvarnom vremenu ovisno o tome kako ga koristite, npr. da polje u obrascu po\u010dne svijetliti ili bljeskati nakon razdoblja neaktivnosti<\/li>\n<\/ul>\n<h2>Cookies that allow us to track website usage (analytical cookies)<\/h2>\n<p>Our websites may use analytical cookies for the following purposes:<\/p>\n<ul>\n<li>pra\u0107enje broja posjetitelja na\u0161ih web-stranica<\/li>\n<li>pra\u0107enje vremena koje svaki posjetitelj provede na na\u0161im web-stranicama<\/li>\n<li>odre\u0111ivanje redoslijeda kojim posjetitelj posje\u0107uje razne web-stranice na na\u0161em web-mjestu<\/li>\n<li>procjena dijelova na\u0161eg web-mjesta koje treba pobolj\u0161ati<\/li>\n<li>optimizacija web-mjesta<\/li>\n<li>zahtijevanje povratne informacije za specifi\u010dne dijelove web-mjesta<\/li>\n<\/ul>\n<h2>Cookies for sharing website content via social networks (social media cookies)<\/h2>\n<p>These cookies can enable:<\/p>\n<p>1. to registered users of certain social networks to share certain content directly from our website and indicate that they like it<\/p>\n<p>These social networks may collect your personal data for their own purposes. Dental Clinic Apolonija has no influence on how these social networks will use your personal data. For more information about the cookies set by social networks and the data they may collect, please refer to their privacy and cookie policies. Below is a list of the privacy statements of the social networks most commonly used by Dental Clinic Apolonija:   <\/p>\n<ul>\n<li>Facebook<\/li>\n<li>Google+<\/li>\n<li>Twitter<\/li>\n<li>Pinterest<\/li>\n<li>LinkedIn<\/li>\n<li>YouTube<\/li>\n<li>Instagram<\/li>\n<li>Sharethis<\/li>\n<li>Vimeo<\/li>\n<li>Tumblr<\/li>\n<\/ul>\n<h2>Cookies for displaying targeted ads and content (targeted advertising cookies)<\/h2>\n<p>In order to tailor information and advertising content to what interests you and what is important to you, we try to learn what your interests are based on the content you visit and search on the websites of Stomatologicheski poliklini\u010dka Apolonija and third parties. Based on these interests, we develop a segmented profile and then adapt the content and advertisements on our website to various groups of users. In this way, third parties that set cookies through our website may also try to learn what your interests are, and this information may be used to offer content or advertisements that are likely to interest you on other websites that do not belong to Stomatologicheski poliklini\u010dka Apolonija. In this case, information about your current visit to the website may be combined with information about previous visits to websites that are not ours. Even if these cookies are not used, we note that you will still be shown advertising content on our website, but it will not be tailored to your interests. This advertising content may, for example, be modified according to the content of the website. This type of online content-related advertising can be compared to television advertising. For example, if you are watching a cooking program on television, you will usually see an advertisement for cooking products during the commercial breaks during the program.       <\/p>\n<p>We may use cookies for targeted advertising to:<\/p>\n<p>a. allow websites to record your visit and, as a result, assess your interests<br\/> b. check if you have selected advertising content<br\/> c. track the number of visitors who choose advertising content<br\/> d. pass information about your browsing habits to other websites<br\/> e. enable the use of third-party services to display advertising content tailored to your needs, interests or preferences<br\/> f. determine which advertising content, technologies and advertising networks are most effective for us<br\/> Mr. display advertising content about products that you previously chose, searched for or showed interest in in some other way (repeated advertising)<br\/> h. track which advertising content has already been shown, so that you are not always shown the same one<br\/> i. show more interesting advertising content based on your use of social networks<br\/> j. allow you to submit questions or reviews about our services and, based on them, offer you advertising content that is more likely to interest you<br\/> k. enabled the reuse of your reviews as part of recommendations for services on other sites<br\/> l. provide information about the price, availability and terms of purchase of services of the Apolonija Dental Clinic that interest you and track your purchase preferences<br\/> m. enable you to receive direct marketing e-mail messages tailored to your interests (if you have opted-in to receive such messages) or direct marketing e-mail messages about products similar to those you have already purchased (if you have not opted out of receiving such messages).             <br\/>n. match multiple devices (e.g. phone, tablet, laptop) with a visitor and thus track whether advertising content on one device may have prompted an action (such as a purchase) on another device (cross-device tracking). <\/p>\n<h2>Concluding remarks<\/h2>\n<p>This Cookie Notice may be amended from time to time by Dental Clinic Apolonija, for example due to changes to our website or cookie policy. We reserve the right to change the content of the Cookie Notice and the cookies in the lists at any time and without prior notice. The new Cookie Notice will be effective upon posting. If you do not accept the amended notice, you should change your preferences or consider stopping using the Dental Clinic Apolonija websites. If you continue to access or use our services after the said changes come into effect, you agree to be bound by the amended Cookie Notice. You can find the most recent version on this website.     <\/p>\n\u00a0\n<p>If you have any questions and\/or comments, please contact info@apolonija.hr or visit our contact page apolonija.hr.<\/p>\n<p>\n<\/p><\/p>\n","protected":false},"excerpt":{"rendered":"<p>Vi\u0161e informacija o kola\u010di\u0107ima Dental Polyclinic Apolonija strives to make your online experience and interaction as informative and well-adapted as possible. To achieve this, we use cookies or similar techniques. We believe it is important for you to know which cookies our website uses and for what purposes. This will help protect your privacy while&#8230;<\/p>\n","protected":false},"author":15,"featured_media":0,"parent":0,"menu_order":122,"comment_status":"closed","ping_status":"closed","template":"","meta":{"_acf_changed":false,"footnotes":""},"class_list":["post-21701","page","type-page","status-publish","hentry"],"acf":[],"yoast_head":"<!-- This site is optimized with the Yoast SEO plugin v27.5 - https:\/\/yoast.com\/product\/yoast-seo-wordpress\/ -->\n<title>Cookie notice for the Apolonija Dental Clinic - Apolonija Dental Clinic<\/title>\n<meta name=\"description\" content=\"Dental Polyclinic Apolonija strives to make your experience and interaction as informative as possible. To achieve this, we use cookies.\" \/>\n<meta name=\"robots\" content=\"index, follow, max-snippet:-1, max-image-preview:large, max-video-preview:-1\" \/>\n<link rel=\"canonical\" href=\"https:\/\/www.apolonija.hr\/en\/cookie-notice-for-the-apolonija-dental-clinic\/\" \/>\n<meta property=\"og:locale\" content=\"en_US\" \/>\n<meta property=\"og:type\" content=\"article\" \/>\n<meta property=\"og:title\" content=\"Cookie notice for the Apolonija Dental Clinic - Apolonija Dental Clinic\" \/>\n<meta property=\"og:description\" content=\"Dental Polyclinic Apolonija strives to make your experience and interaction as informative as possible. To achieve this, we use cookies.\" \/>\n<meta property=\"og:url\" content=\"https:\/\/www.apolonija.hr\/en\/cookie-notice-for-the-apolonija-dental-clinic\/\" \/>\n<meta property=\"og:site_name\" content=\"Apolonija Dental Clinic\" \/>\n<meta property=\"article:publisher\" content=\"https:\/\/www.facebook.com\/SPApolonija\/\" \/>\n<meta property=\"article:modified_time\" content=\"2025-05-31T18:25:26+00:00\" \/>\n<meta name=\"twitter:card\" content=\"summary_large_image\" \/>\n<meta name=\"twitter:label1\" content=\"Est. reading time\" \/>\n\t<meta name=\"twitter:data1\" content=\"8 minutes\" \/>\n<script type=\"application\/ld+json\" class=\"yoast-schema-graph\">{\"@context\":\"https:\\\/\\\/schema.org\",\"@graph\":[{\"@type\":\"WebPage\",\"@id\":\"https:\\\/\\\/www.apolonija.hr\\\/en\\\/cookie-notice-for-the-apolonija-dental-clinic\\\/\",\"url\":\"https:\\\/\\\/www.apolonija.hr\\\/en\\\/cookie-notice-for-the-apolonija-dental-clinic\\\/\",\"name\":\"Cookie notice for the Apolonija Dental Clinic - Apolonija Dental Clinic\",\"isPartOf\":{\"@id\":\"https:\\\/\\\/www.apolonija.hr\\\/en\\\/#website\"},\"datePublished\":\"2020-04-24T07:36:03+00:00\",\"dateModified\":\"2025-05-31T18:25:26+00:00\",\"description\":\"Dental Polyclinic Apolonija strives to make your experience and interaction as informative as possible. To achieve this, we use cookies.\",\"breadcrumb\":{\"@id\":\"https:\\\/\\\/www.apolonija.hr\\\/en\\\/cookie-notice-for-the-apolonija-dental-clinic\\\/#breadcrumb\"},\"inLanguage\":\"en-US\",\"potentialAction\":[{\"@type\":\"ReadAction\",\"target\":[\"https:\\\/\\\/www.apolonija.hr\\\/en\\\/cookie-notice-for-the-apolonija-dental-clinic\\\/\"]}]},{\"@type\":\"BreadcrumbList\",\"@id\":\"https:\\\/\\\/www.apolonija.hr\\\/en\\\/cookie-notice-for-the-apolonija-dental-clinic\\\/#breadcrumb\",\"itemListElement\":[{\"@type\":\"ListItem\",\"position\":1,\"name\":\"Apolonija\",\"item\":\"https:\\\/\\\/www.apolonija.hr\\\/en\\\/apolonija\\\/\"},{\"@type\":\"ListItem\",\"position\":2,\"name\":\"Cookie notice for the Apolonija Dental Clinic\"}]},{\"@type\":\"WebSite\",\"@id\":\"https:\\\/\\\/www.apolonija.hr\\\/en\\\/#website\",\"url\":\"https:\\\/\\\/www.apolonija.hr\\\/en\\\/\",\"name\":\"Stomatolo\u0161ka poliklinika Apolonija\",\"description\":\"A life filled with smiles\",\"publisher\":{\"@id\":\"https:\\\/\\\/www.apolonija.hr\\\/en\\\/#organization\"},\"potentialAction\":[{\"@type\":\"SearchAction\",\"target\":{\"@type\":\"EntryPoint\",\"urlTemplate\":\"https:\\\/\\\/www.apolonija.hr\\\/en\\\/?s={search_term_string}\"},\"query-input\":{\"@type\":\"PropertyValueSpecification\",\"valueRequired\":true,\"valueName\":\"search_term_string\"}}],\"inLanguage\":\"en-US\"},{\"@type\":\"Organization\",\"@id\":\"https:\\\/\\\/www.apolonija.hr\\\/en\\\/#organization\",\"name\":\"Apolonija Dental Clinic\",\"url\":\"https:\\\/\\\/www.apolonija.hr\\\/en\\\/\",\"logo\":{\"@type\":\"ImageObject\",\"inLanguage\":\"en-US\",\"@id\":\"https:\\\/\\\/www.apolonija.hr\\\/en\\\/#\\\/schema\\\/logo\\\/image\\\/\",\"url\":\"https:\\\/\\\/www.apolonija.hr\\\/wp-content\\\/uploads\\\/2019\\\/10\\\/logo-1.png\",\"contentUrl\":\"https:\\\/\\\/www.apolonija.hr\\\/wp-content\\\/uploads\\\/2019\\\/10\\\/logo-1.png\",\"width\":500,\"height\":140,\"caption\":\"Apolonija Dental Clinic\"},\"image\":{\"@id\":\"https:\\\/\\\/www.apolonija.hr\\\/en\\\/#\\\/schema\\\/logo\\\/image\\\/\"},\"sameAs\":[\"https:\\\/\\\/www.facebook.com\\\/SPApolonija\\\/\",\"https:\\\/\\\/www.instagram.com\\\/poliklinikaapolonija\\\/\",\"https:\\\/\\\/www.linkedin.com\\\/company\\\/stomatolo\u0161ka-poliklinika-apolonija\\\/\",\"https:\\\/\\\/www.tiktok.com\\\/@poliklinikaapolonija\"]}]}<\/script>\n<!-- \/ Yoast SEO plugin. -->","yoast_head_json":{"title":"Cookie notice for the Apolonija Dental Clinic - Apolonija Dental Clinic","description":"Dental Polyclinic Apolonija strives to make your experience and interaction as informative as possible. To achieve this, we use cookies.","robots":{"index":"index","follow":"follow","max-snippet":"max-snippet:-1","max-image-preview":"max-image-preview:large","max-video-preview":"max-video-preview:-1"},"canonical":"https:\/\/www.apolonija.hr\/en\/cookie-notice-for-the-apolonija-dental-clinic\/","og_locale":"en_US","og_type":"article","og_title":"Cookie notice for the Apolonija Dental Clinic - Apolonija Dental Clinic","og_description":"Dental Polyclinic Apolonija strives to make your experience and interaction as informative as possible. To achieve this, we use cookies.","og_url":"https:\/\/www.apolonija.hr\/en\/cookie-notice-for-the-apolonija-dental-clinic\/","og_site_name":"Apolonija Dental Clinic","article_publisher":"https:\/\/www.facebook.com\/SPApolonija\/","article_modified_time":"2025-05-31T18:25:26+00:00","twitter_card":"summary_large_image","twitter_misc":{"Est. reading time":"8 minutes"},"schema":{"@context":"https:\/\/schema.org","@graph":[{"@type":"WebPage","@id":"https:\/\/www.apolonija.hr\/en\/cookie-notice-for-the-apolonija-dental-clinic\/","url":"https:\/\/www.apolonija.hr\/en\/cookie-notice-for-the-apolonija-dental-clinic\/","name":"Cookie notice for the Apolonija Dental Clinic - Apolonija Dental Clinic","isPartOf":{"@id":"https:\/\/www.apolonija.hr\/en\/#website"},"datePublished":"2020-04-24T07:36:03+00:00","dateModified":"2025-05-31T18:25:26+00:00","description":"Dental Polyclinic Apolonija strives to make your experience and interaction as informative as possible. To achieve this, we use cookies.","breadcrumb":{"@id":"https:\/\/www.apolonija.hr\/en\/cookie-notice-for-the-apolonija-dental-clinic\/#breadcrumb"},"inLanguage":"en-US","potentialAction":[{"@type":"ReadAction","target":["https:\/\/www.apolonija.hr\/en\/cookie-notice-for-the-apolonija-dental-clinic\/"]}]},{"@type":"BreadcrumbList","@id":"https:\/\/www.apolonija.hr\/en\/cookie-notice-for-the-apolonija-dental-clinic\/#breadcrumb","itemListElement":[{"@type":"ListItem","position":1,"name":"Apolonija","item":"https:\/\/www.apolonija.hr\/en\/apolonija\/"},{"@type":"ListItem","position":2,"name":"Cookie notice for the Apolonija Dental Clinic"}]},{"@type":"WebSite","@id":"https:\/\/www.apolonija.hr\/en\/#website","url":"https:\/\/www.apolonija.hr\/en\/","name":"Stomatolo\u0161ka poliklinika Apolonija","description":"A life filled with smiles","publisher":{"@id":"https:\/\/www.apolonija.hr\/en\/#organization"},"potentialAction":[{"@type":"SearchAction","target":{"@type":"EntryPoint","urlTemplate":"https:\/\/www.apolonija.hr\/en\/?s={search_term_string}"},"query-input":{"@type":"PropertyValueSpecification","valueRequired":true,"valueName":"search_term_string"}}],"inLanguage":"en-US"},{"@type":"Organization","@id":"https:\/\/www.apolonija.hr\/en\/#organization","name":"Apolonija Dental Clinic","url":"https:\/\/www.apolonija.hr\/en\/","logo":{"@type":"ImageObject","inLanguage":"en-US","@id":"https:\/\/www.apolonija.hr\/en\/#\/schema\/logo\/image\/","url":"https:\/\/www.apolonija.hr\/wp-content\/uploads\/2019\/10\/logo-1.png","contentUrl":"https:\/\/www.apolonija.hr\/wp-content\/uploads\/2019\/10\/logo-1.png","width":500,"height":140,"caption":"Apolonija Dental Clinic"},"image":{"@id":"https:\/\/www.apolonija.hr\/en\/#\/schema\/logo\/image\/"},"sameAs":["https:\/\/www.facebook.com\/SPApolonija\/","https:\/\/www.instagram.com\/poliklinikaapolonija\/","https:\/\/www.linkedin.com\/company\/stomatolo\u0161ka-poliklinika-apolonija\/","https:\/\/www.tiktok.com\/@poliklinikaapolonija"]}]}},"_links":{"self":[{"href":"https:\/\/www.apolonija.hr\/en\/wp-json\/wp\/v2\/pages\/21701","targetHints":{"allow":["GET"]}}],"collection":[{"href":"https:\/\/www.apolonija.hr\/en\/wp-json\/wp\/v2\/pages"}],"about":[{"href":"https:\/\/www.apolonija.hr\/en\/wp-json\/wp\/v2\/types\/page"}],"author":[{"embeddable":true,"href":"https:\/\/www.apolonija.hr\/en\/wp-json\/wp\/v2\/users\/15"}],"replies":[{"embeddable":true,"href":"https:\/\/www.apolonija.hr\/en\/wp-json\/wp\/v2\/comments?post=21701"}],"version-history":[{"count":1,"href":"https:\/\/www.apolonija.hr\/en\/wp-json\/wp\/v2\/pages\/21701\/revisions"}],"predecessor-version":[{"id":21702,"href":"https:\/\/www.apolonija.hr\/en\/wp-json\/wp\/v2\/pages\/21701\/revisions\/21702"}],"wp:attachment":[{"href":"https:\/\/www.apolonija.hr\/en\/wp-json\/wp\/v2\/media?parent=21701"}],"curies":[{"name":"wp","href":"https:\/\/api.w.org\/{rel}","templated":true}]}}