{"id":20807,"date":"2025-03-17T13:51:32","date_gmt":"2025-03-17T12:51:32","guid":{"rendered":"https:\/\/www.apolonija.hr\/oblikovanje-usana-dermalnim-filerima\/"},"modified":"2025-05-08T23:39:57","modified_gmt":"2025-05-08T21:39:57","slug":"oblikovanje-ustnic-z-dermalnimi-polnili","status":"publish","type":"page","link":"https:\/\/www.apolonija.hr\/sl\/oblikovanje-ustnic-z-dermalnimi-polnili\/","title":{"rendered":"Oblikovanje ustnic z dermalnimi polnili"},"content":{"rendered":"<section class=\"l-section wpb_row height_auto width_full\"><div class=\"l-section-h i-cf\"><div class=\"g-cols vc_row via_grid cols_1 laptops-cols_inherit tablets-cols_inherit mobiles-cols_1 valign_top type_default stacking_default\"><div class=\"wpb_column vc_column_container\"><div class=\"vc_column-inner\"><div class=\"wpb_text_column\"><div class=\"wpb_wrapper\"><p><span style=\"font-weight: 400;\">Oblikovanje ustnic z dermalnimi polnili je postalo eden najbolj priljubljenih estetskih posegov v<\/span><span style=\"font-weight: 400;\">dana\u0161nja dru\u017eba. Razlog za to je mo\u017enost doseganja naravnih in sorazmernih rezultatov<\/span><span style=\"font-weight: 400;\">rezultate z minimalnim \u010dasom okrevanja. Ta metoda omogo\u010da poudarjanje lepote ustnic, obnavljanje izgubljenega volumna in korekcijo asimetrije, s \u010dimer pacientkam povrne sve\u017eino in mladosten videz ter odpravi nepravilnosti, ki pacientke motijo.<\/span><\/p>\n<h2>Kaj so dermalni polnilci?<\/h2>\n<p><span style=\"font-weight: 400;\">Dermalna polnila se uporabljajo za izbolj\u0161anje strukture in konture dolo\u010denih predelov obraza. Najpogosteje uporabljena polnila temeljijo na hialuronski kislini, naravni sestavini, ki jo \u017ee najdemo v na\u0161em telesu. Hialuronska kislina ima sposobnost vezave vode, kar prispeva k hidrataciji in elasti\u010dnosti tkiva, v katerega se injicira.  <\/span><\/p>\n<h2>Postopek oblikovanja ustnic ali li\u010dnic<\/h2>\n<p><span style=\"font-weight: 400;\">Postopek se za\u010dne s posvetovanjem s poobla\u0161\u010denim zdravnikom, da se ugotovijo va\u0161e \u017eelje.  <\/span><span style=\"font-weight: 400;\">in mo\u017enost doseganja \u017eelenih rezultatov. Po analizi oblike obraza in ustnic se dolo\u010di koli\u010dina in vrsta polnila, ki ga je treba uporabiti.<\/span><\/p>\n<p><span style=\"font-weight: 400;\">Uporabi se lokalni anestetik, nato pa se polnilo previdno vbrizga v posamezne to\u010dke na ustnicah ali li\u010dnicah, da se dose\u017ee \u017eeleni volumen, definicija ali simetrija.<\/span><b> <\/b><\/p>\n<p><span style=\"font-weight: 400;\">Dermalna polnila:<\/span><\/p>\n<ul>\n<li style=\"font-weight: 400;\" aria-level=\"1\"><span style=\"font-weight: 400;\">izbolj\u0161ati volumen in polnost ustnic ali li\u010dnic<\/span><\/li>\n<li style=\"font-weight: 400;\" aria-level=\"1\"><span style=\"font-weight: 400;\">definiramo konturo in obliko, ki jo \u017eelimo dose\u010di<\/span><\/li>\n<li style=\"font-weight: 400;\" aria-level=\"1\"><span style=\"font-weight: 400;\">popraviti asimetrijo<\/span><\/li>\n<li style=\"font-weight: 400;\" aria-level=\"1\"><span style=\"font-weight: 400;\">prispeva k vla\u017eenju ustnic<\/span><\/li>\n<\/ul>\n<p><span style=\"font-weight: 400;\">Oblikovanje ustnic z dermalnimi polnili ponuja prilo\u017enost za subtilno izbolj\u0161anje videza z minimalnim tveganjem in \u010dasom okrevanja. Za sam postopek je klju\u010dnega pomena izbrati zdravnika, ki bo rezultate prilagodil individualnim potrebam vsakega pacienta. S pravilnim na\u010drtovanjem in izvedbo lahko ta postopek znatno izbolj\u0161a samozavest in ob\u010dutek zadovoljstva z lastnim videzom.<\/span><\/p>\n<\/div><\/div><div class=\"w-html\"><div class=\"jc-cta cta-prvi-pregled\">\n\t<p style=\"\">Pregled v polikliniki Apolonija rezervirajte prek telefonskega klica, WhatsAppa ali izpolnite kontaktni obrazec.<\/p>\n\t<a class=\"telefon w-btn us-btn-style_29 icon_atleft\" href=\"tel:+385 1 4883 800\"><i class=\"fas fa-phone-rotary\"><\/i><span class=\"w-btn-label\">+385 1 4883 800<\/span><\/a>\n\t<a class=\"whatsapp w-btn us-btn-style_29 icon_atleft\" href=\"https:\/\/wa.me\/385914883800\"><i class=\"fab fa-whatsapp\"><\/i><span class=\"w-btn-label\">+385 91 4883 800<\/span><\/a>\n\t<\/div><\/div><\/div><\/div><\/div><\/div><\/section>\n","protected":false},"excerpt":{"rendered":"","protected":false},"author":16,"featured_media":0,"parent":0,"menu_order":0,"comment_status":"closed","ping_status":"closed","template":"","meta":{"_acf_changed":false,"footnotes":""},"class_list":["post-20807","page","type-page","status-publish","hentry"],"acf":[],"yoast_head":"<!-- This site is optimized with the Yoast SEO plugin v27.5 - https:\/\/yoast.com\/product\/yoast-seo-wordpress\/ -->\n<title>Oblikovanje ustnic z dermalnimi polnili - Stomatolo\u0161ka poliklinika Apolonija<\/title>\n<meta name=\"robots\" content=\"index, follow, max-snippet:-1, max-image-preview:large, max-video-preview:-1\" \/>\n<link rel=\"canonical\" href=\"https:\/\/www.apolonija.hr\/sl\/oblikovanje-ustnic-z-dermalnimi-polnili\/\" \/>\n<meta property=\"og:locale\" content=\"sl_SI\" \/>\n<meta property=\"og:type\" content=\"article\" \/>\n<meta property=\"og:title\" content=\"Oblikovanje ustnic z dermalnimi polnili - Stomatolo\u0161ka poliklinika Apolonija\" \/>\n<meta property=\"og:url\" content=\"https:\/\/www.apolonija.hr\/sl\/oblikovanje-ustnic-z-dermalnimi-polnili\/\" \/>\n<meta property=\"og:site_name\" content=\"Stomatolo\u0161ka poliklinika Apolonija\" \/>\n<meta property=\"article:publisher\" content=\"https:\/\/www.facebook.com\/SPApolonija\/\" \/>\n<meta property=\"article:modified_time\" content=\"2025-05-08T21:39:57+00:00\" \/>\n<meta name=\"twitter:card\" content=\"summary_large_image\" \/>\n<meta name=\"twitter:label1\" content=\"Est. reading time\" \/>\n\t<meta name=\"twitter:data1\" content=\"1 minuta\" \/>\n<script type=\"application\/ld+json\" class=\"yoast-schema-graph\">{\"@context\":\"https:\\\/\\\/schema.org\",\"@graph\":[{\"@type\":\"WebPage\",\"@id\":\"https:\\\/\\\/www.apolonija.hr\\\/sl\\\/oblikovanje-ustnic-z-dermalnimi-polnili\\\/\",\"url\":\"https:\\\/\\\/www.apolonija.hr\\\/sl\\\/oblikovanje-ustnic-z-dermalnimi-polnili\\\/\",\"name\":\"Oblikovanje ustnic z dermalnimi polnili - Stomatolo\u0161ka poliklinika Apolonija\",\"isPartOf\":{\"@id\":\"https:\\\/\\\/www.apolonija.hr\\\/sl\\\/#website\"},\"datePublished\":\"2025-03-17T12:51:32+00:00\",\"dateModified\":\"2025-05-08T21:39:57+00:00\",\"breadcrumb\":{\"@id\":\"https:\\\/\\\/www.apolonija.hr\\\/sl\\\/oblikovanje-ustnic-z-dermalnimi-polnili\\\/#breadcrumb\"},\"inLanguage\":\"sl-SI\",\"potentialAction\":[{\"@type\":\"ReadAction\",\"target\":[\"https:\\\/\\\/www.apolonija.hr\\\/sl\\\/oblikovanje-ustnic-z-dermalnimi-polnili\\\/\"]}]},{\"@type\":\"BreadcrumbList\",\"@id\":\"https:\\\/\\\/www.apolonija.hr\\\/sl\\\/oblikovanje-ustnic-z-dermalnimi-polnili\\\/#breadcrumb\",\"itemListElement\":[{\"@type\":\"ListItem\",\"position\":1,\"name\":\"Apolonija\",\"item\":\"https:\\\/\\\/www.apolonija.hr\\\/sl\\\/apolonija\\\/\"},{\"@type\":\"ListItem\",\"position\":2,\"name\":\"Oblikovanje ustnic z dermalnimi polnili\"}]},{\"@type\":\"WebSite\",\"@id\":\"https:\\\/\\\/www.apolonija.hr\\\/sl\\\/#website\",\"url\":\"https:\\\/\\\/www.apolonija.hr\\\/sl\\\/\",\"name\":\"Stomatolo\u0161ka poliklinika Apolonija\",\"description\":\"\u017divljenje, polno nasmehov\",\"publisher\":{\"@id\":\"https:\\\/\\\/www.apolonija.hr\\\/sl\\\/#organization\"},\"potentialAction\":[{\"@type\":\"SearchAction\",\"target\":{\"@type\":\"EntryPoint\",\"urlTemplate\":\"https:\\\/\\\/www.apolonija.hr\\\/sl\\\/?s={search_term_string}\"},\"query-input\":{\"@type\":\"PropertyValueSpecification\",\"valueRequired\":true,\"valueName\":\"search_term_string\"}}],\"inLanguage\":\"sl-SI\"},{\"@type\":\"Organization\",\"@id\":\"https:\\\/\\\/www.apolonija.hr\\\/sl\\\/#organization\",\"name\":\"Stomatolo\u0161ka poliklinika Apolonija\",\"url\":\"https:\\\/\\\/www.apolonija.hr\\\/sl\\\/\",\"logo\":{\"@type\":\"ImageObject\",\"inLanguage\":\"sl-SI\",\"@id\":\"https:\\\/\\\/www.apolonija.hr\\\/sl\\\/#\\\/schema\\\/logo\\\/image\\\/\",\"url\":\"https:\\\/\\\/www.apolonija.hr\\\/wp-content\\\/uploads\\\/2019\\\/10\\\/logo-1.png\",\"contentUrl\":\"https:\\\/\\\/www.apolonija.hr\\\/wp-content\\\/uploads\\\/2019\\\/10\\\/logo-1.png\",\"width\":500,\"height\":140,\"caption\":\"Stomatolo\u0161ka poliklinika Apolonija\"},\"image\":{\"@id\":\"https:\\\/\\\/www.apolonija.hr\\\/sl\\\/#\\\/schema\\\/logo\\\/image\\\/\"},\"sameAs\":[\"https:\\\/\\\/www.facebook.com\\\/SPApolonija\\\/\",\"https:\\\/\\\/www.instagram.com\\\/poliklinikaapolonija\\\/\",\"https:\\\/\\\/www.linkedin.com\\\/company\\\/stomatolo\u0161ka-poliklinika-apolonija\\\/\",\"https:\\\/\\\/www.tiktok.com\\\/@poliklinikaapolonija\"]}]}<\/script>\n<!-- \/ Yoast SEO plugin. -->","yoast_head_json":{"title":"Oblikovanje ustnic z dermalnimi polnili - Stomatolo\u0161ka poliklinika Apolonija","robots":{"index":"index","follow":"follow","max-snippet":"max-snippet:-1","max-image-preview":"max-image-preview:large","max-video-preview":"max-video-preview:-1"},"canonical":"https:\/\/www.apolonija.hr\/sl\/oblikovanje-ustnic-z-dermalnimi-polnili\/","og_locale":"sl_SI","og_type":"article","og_title":"Oblikovanje ustnic z dermalnimi polnili - Stomatolo\u0161ka poliklinika Apolonija","og_url":"https:\/\/www.apolonija.hr\/sl\/oblikovanje-ustnic-z-dermalnimi-polnili\/","og_site_name":"Stomatolo\u0161ka poliklinika Apolonija","article_publisher":"https:\/\/www.facebook.com\/SPApolonija\/","article_modified_time":"2025-05-08T21:39:57+00:00","twitter_card":"summary_large_image","twitter_misc":{"Est. reading time":"1 minuta"},"schema":{"@context":"https:\/\/schema.org","@graph":[{"@type":"WebPage","@id":"https:\/\/www.apolonija.hr\/sl\/oblikovanje-ustnic-z-dermalnimi-polnili\/","url":"https:\/\/www.apolonija.hr\/sl\/oblikovanje-ustnic-z-dermalnimi-polnili\/","name":"Oblikovanje ustnic z dermalnimi polnili - Stomatolo\u0161ka poliklinika Apolonija","isPartOf":{"@id":"https:\/\/www.apolonija.hr\/sl\/#website"},"datePublished":"2025-03-17T12:51:32+00:00","dateModified":"2025-05-08T21:39:57+00:00","breadcrumb":{"@id":"https:\/\/www.apolonija.hr\/sl\/oblikovanje-ustnic-z-dermalnimi-polnili\/#breadcrumb"},"inLanguage":"sl-SI","potentialAction":[{"@type":"ReadAction","target":["https:\/\/www.apolonija.hr\/sl\/oblikovanje-ustnic-z-dermalnimi-polnili\/"]}]},{"@type":"BreadcrumbList","@id":"https:\/\/www.apolonija.hr\/sl\/oblikovanje-ustnic-z-dermalnimi-polnili\/#breadcrumb","itemListElement":[{"@type":"ListItem","position":1,"name":"Apolonija","item":"https:\/\/www.apolonija.hr\/sl\/apolonija\/"},{"@type":"ListItem","position":2,"name":"Oblikovanje ustnic z dermalnimi polnili"}]},{"@type":"WebSite","@id":"https:\/\/www.apolonija.hr\/sl\/#website","url":"https:\/\/www.apolonija.hr\/sl\/","name":"Stomatolo\u0161ka poliklinika Apolonija","description":"\u017divljenje, polno nasmehov","publisher":{"@id":"https:\/\/www.apolonija.hr\/sl\/#organization"},"potentialAction":[{"@type":"SearchAction","target":{"@type":"EntryPoint","urlTemplate":"https:\/\/www.apolonija.hr\/sl\/?s={search_term_string}"},"query-input":{"@type":"PropertyValueSpecification","valueRequired":true,"valueName":"search_term_string"}}],"inLanguage":"sl-SI"},{"@type":"Organization","@id":"https:\/\/www.apolonija.hr\/sl\/#organization","name":"Stomatolo\u0161ka poliklinika Apolonija","url":"https:\/\/www.apolonija.hr\/sl\/","logo":{"@type":"ImageObject","inLanguage":"sl-SI","@id":"https:\/\/www.apolonija.hr\/sl\/#\/schema\/logo\/image\/","url":"https:\/\/www.apolonija.hr\/wp-content\/uploads\/2019\/10\/logo-1.png","contentUrl":"https:\/\/www.apolonija.hr\/wp-content\/uploads\/2019\/10\/logo-1.png","width":500,"height":140,"caption":"Stomatolo\u0161ka poliklinika Apolonija"},"image":{"@id":"https:\/\/www.apolonija.hr\/sl\/#\/schema\/logo\/image\/"},"sameAs":["https:\/\/www.facebook.com\/SPApolonija\/","https:\/\/www.instagram.com\/poliklinikaapolonija\/","https:\/\/www.linkedin.com\/company\/stomatolo\u0161ka-poliklinika-apolonija\/","https:\/\/www.tiktok.com\/@poliklinikaapolonija"]}]}},"_links":{"self":[{"href":"https:\/\/www.apolonija.hr\/sl\/wp-json\/wp\/v2\/pages\/20807","targetHints":{"allow":["GET"]}}],"collection":[{"href":"https:\/\/www.apolonija.hr\/sl\/wp-json\/wp\/v2\/pages"}],"about":[{"href":"https:\/\/www.apolonija.hr\/sl\/wp-json\/wp\/v2\/types\/page"}],"author":[{"embeddable":true,"href":"https:\/\/www.apolonija.hr\/sl\/wp-json\/wp\/v2\/users\/16"}],"replies":[{"embeddable":true,"href":"https:\/\/www.apolonija.hr\/sl\/wp-json\/wp\/v2\/comments?post=20807"}],"version-history":[{"count":8,"href":"https:\/\/www.apolonija.hr\/sl\/wp-json\/wp\/v2\/pages\/20807\/revisions"}],"predecessor-version":[{"id":20818,"href":"https:\/\/www.apolonija.hr\/sl\/wp-json\/wp\/v2\/pages\/20807\/revisions\/20818"}],"wp:attachment":[{"href":"https:\/\/www.apolonija.hr\/sl\/wp-json\/wp\/v2\/media?parent=20807"}],"curies":[{"name":"wp","href":"https:\/\/api.w.org\/{rel}","templated":true}]}}