{"id":20810,"date":"2021-02-08T12:25:37","date_gmt":"2021-02-08T11:25:37","guid":{"rendered":"https:\/\/www.apolonija.hr\/utisci-pacijenata\/"},"modified":"2025-05-09T01:33:24","modified_gmt":"2025-05-08T23:33:24","slug":"vtisi-pacientov","status":"publish","type":"page","link":"https:\/\/www.apolonija.hr\/sl\/vtisi-pacientov\/","title":{"rendered":"Vtisi pacientov"},"content":{"rendered":"<section class=\"l-section wpb_row height_small\"><div class=\"l-section-h i-cf\"><div class=\"g-cols vc_row via_grid cols_1 laptops-cols_inherit tablets-cols_inherit mobiles-cols_1 valign_top type_default stacking_default\"><div class=\"wpb_column vc_column_container\"><div class=\"vc_column-inner\"><div class=\"wpb_text_column\"><div class=\"wpb_wrapper\"><p><b>Kakovost, ki jo prepoznavajo tri generacije zadovoljnih pacientov.<\/b><\/p>\n<p><span style=\"font-weight: 400;\">Poliklinika Apolonija ima \u017ee tri generacije zadovoljnih pacientov in tukaj je le nekaj od \u0161tevilnih primerov, kako lahko kakovost in profesionalnost zdravstvenih storitev zgradita dolgoro\u010dne odnose, ki temeljijo na zaupanju.<\/span><\/p><\/p>\n<\/div><\/div><div class=\"w-grid us_carousel us_custom_270c3b25 has_text_color type_carousel layout_gallery_default no_results preload_style_spinner items_2\" id=\"us_grid_1\" style=\"--items:2;--gap:0.4rem;\"><style>.layout_gallery_default .w-grid-item-h{}<\/style><div class=\"w-grid-list owl-carousel valign_stretch dotstyle_circle navstyle_circle arrows-ver-pos_middle arrows-hor-pos_on_sides_outside arrows-disabled_hide owl-responsive-2000\" style=\"--transition-duration:1600ms;\"><\/div><div class=\"w-grid-carousel-json hidden\" onclick='return {&quot;carousel_settings&quot;:{&quot;aria_labels&quot;:{&quot;prev&quot;:&quot;Prej\\u0161nja&quot;,&quot;next&quot;:&quot;Naprej&quot;},&quot;autoplayContinual&quot;:false,&quot;autoplayContinualCss&quot;:false,&quot;autoplayHoverPause&quot;:true,&quot;autoplayTimeout&quot;:4000,&quot;autoWidth&quot;:false,&quot;smartSpeed&quot;:1600,&quot;margin&quot;:0,&quot;mouseDrag&quot;:true,&quot;rtl&quot;:false,&quot;slideBy&quot;:&quot;1&quot;,&quot;touchDrag&quot;:true,&quot;slideTransition&quot;:&quot;&quot;,&quot;responsive&quot;:{&quot;0&quot;:{&quot;autoHeight&quot;:false,&quot;autoplay&quot;:true,&quot;autoplayContinualCss&quot;:false,&quot;autoWidth&quot;:false,&quot;center&quot;:false,&quot;dots&quot;:false,&quot;items&quot;:1,&quot;loop&quot;:false,&quot;nav&quot;:true,&quot;stagePadding&quot;:20,&quot;slideBy&quot;:&quot;1&quot;,&quot;touchDrag&quot;:true,&quot;mouseDrag&quot;:true},&quot;601&quot;:{&quot;autoHeight&quot;:false,&quot;autoplay&quot;:true,&quot;autoplayContinualCss&quot;:false,&quot;autoWidth&quot;:false,&quot;center&quot;:false,&quot;dots&quot;:false,&quot;items&quot;:2,&quot;loop&quot;:false,&quot;nav&quot;:false,&quot;stagePadding&quot;:25,&quot;slideBy&quot;:&quot;1&quot;,&quot;touchDrag&quot;:true,&quot;mouseDrag&quot;:true},&quot;1381&quot;:{&quot;items&quot;:2,&quot;autoplay&quot;:true,&quot;autoplayContinualCss&quot;:false,&quot;center&quot;:false,&quot;dots&quot;:false,&quot;nav&quot;:false,&quot;autoHeight&quot;:false,&quot;autoWidth&quot;:false,&quot;loop&quot;:false,&quot;stagePadding&quot;:20}}}}'><\/div><\/div><div class=\"w-grid-none type_message\">Ni najdenih rezultatov.<\/div><div class=\"wpb_text_column\"><div class=\"wpb_wrapper\"><\/p>\n<p><strong>Na\u0161i zadovoljni pacienti so pustili nekaj vtisov &#8230;<\/strong><\/p>\n<p>Navdu\u0161en sem nad pristopom in prijaznostjo celotnega osebja, topla priporo\u010dila vsem!<br \/><em>Matej Na\u0111, \u010cepin<\/em><\/p>\n<p>Odli\u010dno in natan\u010dno delo. Zelo prijazno osebje. Skratka, najbolj pozitivna izku\u0161nja doslej.  <br \/><em>DP<\/em><\/p>\n<p>Vse je super. Vrhunska storitev, odli\u010den pristop do pacienta, vse po dogovoru! <br \/><em>Chris Marcich, Zagreb<\/em><\/p>\n<p>Izjemno prijazen, sodoben in zame tudi pou\u010den pristop. Pogosto sem si sam izmislil svoje ideje, nato pa, ko ti strokovno razlo\u017eijo metodo in namen dela na dolo\u010denem problemu, spremeni\u0161 svoj odnos! <br \/><em>Ljiljana Smiljani\u0107<\/em><\/p>\n<p>Izjemno strokovna, profesionalna in dostopna ekipa, ki v prijetnem vzdu\u0161ju izvaja kompleksne zobozdravstvene posege. Z opravljeno storitvijo sem izjemno zadovoljna in Apolonio priporo\u010dam vsem, ki \u017eelijo izbolj\u0161ati stanje svojih zob in polep\u0161ati svoj nasmeh. <br \/><em>Damir Krumpak, \u0160vica<\/em><\/p>\n<p>Po mnogih letih se kon\u010dno Colgate nasmehne! Visoka raven strokovnega znanja, prijazen in odli\u010den pristop ter delo s pacienti. Posebna zahvala najbolj\u0161emu dr. Tarleju, \u010digar skrbno in potrpe\u017eljivo delo je privedlo do sre\u010dnega in zadovoljnega (in RAVNEGA) nasmeha! Poliklinika Apolonija za vsako priporo\u010dilo!   <br \/><em>Ana-Marija Damjanovi\u0107, M\u00fcnchen<\/em><\/p>\n<p><img decoding=\"async\" src=\"https:\/\/www.apolonija.hr\/wp-content\/uploads\/2021\/02\/Stomatoloska-poliklinika-Apolonija-Zagreb-228-1024x682.jpg\" sizes=\"(max-width: 800px) 100vw, 800px\" srcset=\"https:\/\/www.apolonija.hr\/wp-content\/uploads\/2021\/02\/Stomatoloska-poliklinika-Apolonija-Zagreb-228-1024x682.jpg 1024w, https:\/\/www.apolonija.hr\/wp-content\/uploads\/2021\/02\/Stomatoloska-poliklinika-Apolonija-Zagreb-228-450x300.jpg 450w, https:\/\/www.apolonija.hr\/wp-content\/uploads\/2021\/02\/Stomatoloska-poliklinika-Apolonija-Zagreb-228-768x512.jpg 768w, https:\/\/www.apolonija.hr\/wp-content\/uploads\/2021\/02\/Stomatoloska-poliklinika-Apolonija-Zagreb-228-1536x1024.jpg 1536w, https:\/\/www.apolonija.hr\/wp-content\/uploads\/2021\/02\/Stomatoloska-poliklinika-Apolonija-Zagreb-228.jpg 2000w\" alt=\"\" width=\"800\" height=\"533\"><\/p>\n<p>Moja izku\u0161nja je bila izjemno pozitivna \u2013 preden sem pri\u0161la v Apolonio, sem imela grozen strah pred zdravniki in ortodonti, a z va\u0161o pomo\u010djo sem tudi to premagala! V\u0161e\u010d mi je, kako me ekipa vodi na moji poti do lepega nasmeha, mi svetuje in me spodbuja! V vsakem trenutku \u010dutimo, da smo bli\u017eje svojemu cilju in da se imamo vedno na koga obrniti. Strokovno, profesionalno, a prijazno in vedno nasmejano &#8230; Najlep\u0161a hvala!   <br \/><cite>Anja Ivi\u0107, Split<\/cite><\/p>\n<p><img decoding=\"async\" src=\"https:\/\/www.apolonija.hr\/wp-content\/uploads\/2021\/02\/Stomatoloska-poliklinika-Apolonija-Zagreb-326-1024x682.jpg\" sizes=\"(max-width: 800px) 100vw, 800px\" srcset=\"https:\/\/www.apolonija.hr\/wp-content\/uploads\/2021\/02\/Stomatoloska-poliklinika-Apolonija-Zagreb-326-1024x682.jpg 1024w, https:\/\/www.apolonija.hr\/wp-content\/uploads\/2021\/02\/Stomatoloska-poliklinika-Apolonija-Zagreb-326-450x300.jpg 450w, https:\/\/www.apolonija.hr\/wp-content\/uploads\/2021\/02\/Stomatoloska-poliklinika-Apolonija-Zagreb-326-768x512.jpg 768w, https:\/\/www.apolonija.hr\/wp-content\/uploads\/2021\/02\/Stomatoloska-poliklinika-Apolonija-Zagreb-326-1536x1024.jpg 1536w, https:\/\/www.apolonija.hr\/wp-content\/uploads\/2021\/02\/Stomatoloska-poliklinika-Apolonija-Zagreb-326.jpg 2000w\" alt=\"\" width=\"800\" height=\"533\"><\/p>\n<p>Hvala, ker sem se zaradi tebe po\u010dutil kot prijatelj, ne kot pacient. Hvala za va\u0161o nenehno skrb, vpra\u0161anja o tem, kako sem in \u010de me kaj boli. Hvala za informacije in nasvet. Redko v \u017eivljenju sre\u010dam tak\u0161ne ljudi, ljudi, ki so pripravljeni \u010dim prej pomagati, hkrati pa nuditi tudi smernice za nadaljnjo oskrbo. Storitev je vrhunska, osebje pa \u0161e bolj\u0161e! \u0160e enkrat hvala za vse. Kar tako naprej!      <br \/><em>Vana Beara, Zagreb<\/em><\/p>\n<p>Osebje je izjemno profesionalno in dostopno, postopki so prijetni in nebole\u010di, zato imam ob\u010dutek, da je vsa pozornost usmerjena v moje zdravljenje in lep\u0161i nasmeh.<br \/> <em>Matija Kasai\u0107 Drak\u0161i\u0107<\/em><\/p>\n<p>\u010cudovit ob\u010dutek je vedeti, da sem v dobrih rokah.<br \/> Vesela in hvale\u017ena sem, da mi pomagate ohranjati zobe.<br \/> <em>Tihana \u0160.<\/em><\/p>\n<p>Vse pohvale kliniki. Osebje je profesionalno, a hkrati prijazno in toplo. Vse razlo\u017eijo in so vedno odprti za vpra\u0161anja. Zelo sem zadovoljen s storitvijo!   <br \/><em>Sarah Peel<\/em><\/p>\n<p>Odli\u010dno delo opravlja\u0161, \u010destitam. Ima\u0161 moje zaupanje. <br \/><em>T. \u0160.<\/em><\/p>\n<p>Zelo prijetno vzdu\u0161je. Izjemna profesionalnost, osebje je prijetno in prijazno. <br \/><em>V redu<\/em><\/p>\n<p>Odli\u010dna storitev, zelo profesionalno in prijazno osebje!<br \/><em>Iris Biskupic<\/em><\/p>\n<p>Pred dvema letoma sem se odlo\u010dila za polikliniko Apolonija, ker sem na njihovi spletni strani dobila vtis, da gre za resno in profesionalno polikliniko. Poseg je bil izveden na zgornji in spodnji \u010deljusti, operacija pa je trajala od 8.30 do 17.00. in ga je izvedel prof. Lauc s svojo ekipo. Sama operacija in nadaljnji posegi so bili opravljeni z izjemno profesionalnostjo in strokovnostjo. Vsa moja priporo\u010dila za izbiro poliklinike Apolonija.   <br \/><em>Drago Rai\u0107, Bjelovar<\/em><\/p>\n<p> <img decoding=\"async\" src=\"https:\/\/www.apolonija.hr\/wp-content\/uploads\/2021\/02\/Stomatoloska-poliklinika-Apolonija-Zagreb-252-1024x682.jpg\" sizes=\"(max-width: 800px) 100vw, 800px\" srcset=\"https:\/\/www.apolonija.hr\/wp-content\/uploads\/2021\/02\/Stomatoloska-poliklinika-Apolonija-Zagreb-252-1024x682.jpg 1024w, https:\/\/www.apolonija.hr\/wp-content\/uploads\/2021\/02\/Stomatoloska-poliklinika-Apolonija-Zagreb-252-450x300.jpg 450w, https:\/\/www.apolonija.hr\/wp-content\/uploads\/2021\/02\/Stomatoloska-poliklinika-Apolonija-Zagreb-252-768x512.jpg 768w, https:\/\/www.apolonija.hr\/wp-content\/uploads\/2021\/02\/Stomatoloska-poliklinika-Apolonija-Zagreb-252-1536x1024.jpg 1536w, https:\/\/www.apolonija.hr\/wp-content\/uploads\/2021\/02\/Stomatoloska-poliklinika-Apolonija-Zagreb-252.jpg 2000w\" alt=\"\" width=\"800\" height=\"533\"><\/p>\n<p>Z vso storitvijo v va\u0161i kliniki sem izjemno zadovoljen\/a. Brez oklevanja bi vas priporo\u010dil vsem! In seveda, velika HVALA! \ud83d\ude42<br \/> <em>Sandra Koprivnjak<\/em><\/p>\n<p>Zdravniki in osebje so prijazni in profesionalni. Vse potrebno podrobno razlo\u017eijo. Za vsako pohvalo in priporo\u010dilo. Popolnoma profesionalno, prijazno in prijazno. Samo tako naprej.    <br \/><em>MH<\/em><\/p>\n<p>Sem pacient prof. Lauca \u017ee vrsto let. Vse pohvale za profesionalno ekipo in vedno prijazno ter nasmejano osebje! Zelo vesel\/a!  <br \/><em>Nela Maras, Pulj<\/em><\/p>\n<p>Spo\u0161tovani dr. Lauc, tukaj kamere niso potrebne, bodite ponosni na svojo ekipo!!! Vsi so za 5!!! \ud83d\ude42<br \/> <em>Roberta Muhl<\/em><\/p>\n<p>Prepri\u010dan sem, da je dr. Lot \u0161t. 1 na Hrva\u0161kem! Enako velja za celotno kliniko in osebje.  <br \/><em>Vi\u0161nja S.<\/em><\/p>\n<p>Pri dr. Katarini Gu\u0161tin sem opravila \u017ee veliko \u0161tevilo posegov in moram re\u010di, da vedno z veseljem obi\u0161\u010dem njeno kliniko. Zanima ga, kako se pacient po\u010duti, a vedno se tudi pogovori z mano, kar v ordinaciji vedno ustvari pozitivno vzdu\u0161je! <br \/><em>Leonarda Pavi\u0107, \u0110urmanec<\/em><\/p>\n<p><img decoding=\"async\" src=\"https:\/\/www.apolonija.hr\/wp-content\/uploads\/2020\/08\/dr-Tarle-i-pacijent-3-1024x682.jpg\" sizes=\"(max-width: 800px) 100vw, 800px\" srcset=\"https:\/\/www.apolonija.hr\/wp-content\/uploads\/2020\/08\/dr-Tarle-i-pacijent-3-1024x682.jpg 1024w, https:\/\/www.apolonija.hr\/wp-content\/uploads\/2020\/08\/dr-Tarle-i-pacijent-3-450x300.jpg 450w, https:\/\/www.apolonija.hr\/wp-content\/uploads\/2020\/08\/dr-Tarle-i-pacijent-3-768x512.jpg 768w, https:\/\/www.apolonija.hr\/wp-content\/uploads\/2020\/08\/dr-Tarle-i-pacijent-3-1536x1024.jpg 1536w, https:\/\/www.apolonija.hr\/wp-content\/uploads\/2020\/08\/dr-Tarle-i-pacijent-3.jpg 2000w\" alt=\"\" width=\"800\" height=\"533\"><\/p>\n<p>Poliklinika Apolonija nudi vrhunske zobozdravstvene storitve. Od same dekoracije prostora, vrhunske opreme pa vse do profesionalnega in prijaznega osebja. Odkar uporabljam storitve poliklinike Apolonija, sploh ne razmi\u0161ljam ve\u010d o morebitnih zobozdravstvenih zapletih. Poskrbijo za vse.   <br \/><em>revmatoidni artritis<\/em><\/p>\n<p>Vse pohvale kliniki. Osebje je profesionalno, a hkrati prijazno in toplo. Vse razlo\u017eijo in so vedno odprti za vpra\u0161anja. Zelo sem zadovoljen s storitvijo! Vsekakor se spla\u010da pla\u010dati in priti \u2013 hvala!    <br \/><em>Sarah Peel<\/em><\/p>\n<p>Izjemno prijazen, sodoben in zame tudi pou\u010den pristop. Pogosto sem si sam izmislil svoje ideje, nato pa, ko ti strokovno razlo\u017eijo metodo in namen dela na dolo\u010denem problemu, spremeni\u0161 svoj odnos! <br \/><em>Ljiljana Smiljani\u0107<\/em><\/p>\n<p>Zelo prijetno vzdu\u0161je. Izjemna profesionalnost, osebje je prijetno in prijazno. <br \/><em>Orka Kor\u010dmaro\u0161<\/em><\/p>\n<p>Zelo sem zadovoljen z opravljenimi storitvami, ki so bile nebole\u010de, kot je bilo obljubljeno. Vsa priporo\u010dila! <br \/><em>Poslanec<\/em><\/p>\n<p>Znebil sem se strahu pred zobozdravstvenimi posegi. Zdravje za\u010denjam ceniti na vi\u0161ji ravni. <br \/><em>Hrvoje Felbar<\/em><\/p>\n<p>Vse pohvale osebju klinike, ki je vedno izjemno profesionalno in prijazno. Posebna pohvala medicinski sestri Mandi, ki vedno pozdravi paciente z nasmehom, in dr. Rupi\u0107u, po \u010digar pregledu vedno odidem zadovoljen z opravljeno storitvijo. <br \/><em>NK<\/em><\/p>\n<p><img decoding=\"async\" src=\"https:\/\/www.apolonija.hr\/wp-content\/uploads\/2020\/08\/dr-Rupic-radi-1024x682.jpg\" sizes=\"(max-width: 800px) 100vw, 800px\" srcset=\"https:\/\/www.apolonija.hr\/wp-content\/uploads\/2020\/08\/dr-Rupic-radi-1024x682.jpg 1024w, https:\/\/www.apolonija.hr\/wp-content\/uploads\/2020\/08\/dr-Rupic-radi-450x300.jpg 450w, https:\/\/www.apolonija.hr\/wp-content\/uploads\/2020\/08\/dr-Rupic-radi-800x533.jpg 768w, https:\/\/www.apolonija.hr\/wp-content\/uploads\/2020\/08\/dr-Rupic-radi-1536x1024.jpg 1536w, https:\/\/www.apolonija.hr\/wp-content\/uploads\/2020\/08\/dr-Rupic-radi.jpg 2000w\" alt=\"\" width=\"800\" height=\"533\"><\/p>\n<p>Zelo zadovoljen s storitvijo in strokovnim znanjem<br \/> <em>Niko Jambro\u0161i\u0107<\/em><\/p>\n<p>Osebje je vedno nasmejano in prijazno.<br \/> <em>Ivica Behin<\/em><\/p>\n<p>Osebje je ve\u010d kot vljudno in prijazno.<br \/> <em>Jelena Ro\u017ei\u0107<\/em><\/p>\n<p>Zelo zadovoljen z delom zdravnika. Vse pohvale. <br \/><em>LF<\/em><\/p>\n<p>Prijazno osebje in profesionalna storitev! Hvala dr. Viktoriji in medicinski sestri Mandi! <br \/><em>HT<\/em><\/p>\n<p>Zelo prijazno in profesionalno osebje, pripravljeno odgovoriti na vsa moja vpra\u0161anja.<br \/> <em>RL<\/em><\/p>\n<\/div><\/div><\/div><\/div><\/div><\/div><\/section>\n","protected":false},"excerpt":{"rendered":"<p>Na\u0161i zadovoljni pacienti so pustili nekaj vtisov &#8230;<\/p>\n","protected":false},"author":15,"featured_media":0,"parent":0,"menu_order":146,"comment_status":"closed","ping_status":"closed","template":"","meta":{"_acf_changed":false,"footnotes":""},"class_list":["post-20810","page","type-page","status-publish","hentry"],"acf":[],"yoast_head":"<!-- This site is optimized with the Yoast SEO plugin v27.5 - https:\/\/yoast.com\/product\/yoast-seo-wordpress\/ -->\n<title>Vtisi pacientov - Stomatolo\u0161ka poliklinika Apolonija<\/title>\n<meta name=\"robots\" content=\"index, follow, max-snippet:-1, max-image-preview:large, max-video-preview:-1\" \/>\n<link rel=\"canonical\" href=\"https:\/\/www.apolonija.hr\/sl\/vtisi-pacientov\/\" \/>\n<meta property=\"og:locale\" content=\"sl_SI\" \/>\n<meta property=\"og:type\" content=\"article\" \/>\n<meta property=\"og:title\" content=\"Vtisi pacientov - Stomatolo\u0161ka poliklinika Apolonija\" \/>\n<meta property=\"og:description\" content=\"Na\u0161i zadovoljni pacienti so pustili nekaj vtisov ...\" \/>\n<meta property=\"og:url\" content=\"https:\/\/www.apolonija.hr\/sl\/vtisi-pacientov\/\" \/>\n<meta property=\"og:site_name\" content=\"Stomatolo\u0161ka poliklinika Apolonija\" \/>\n<meta property=\"article:publisher\" content=\"https:\/\/www.facebook.com\/SPApolonija\/\" \/>\n<meta property=\"article:modified_time\" content=\"2025-05-08T23:33:24+00:00\" \/>\n<meta property=\"og:image\" content=\"https:\/\/www.apolonija.hr\/wp-content\/uploads\/2021\/02\/Stomatoloska-poliklinika-Apolonija-Zagreb-228-1024x682.jpg\" \/>\n<meta name=\"twitter:card\" content=\"summary_large_image\" \/>\n<meta name=\"twitter:label1\" content=\"Est. reading time\" \/>\n\t<meta name=\"twitter:data1\" content=\"6 minut\" \/>\n<script type=\"application\/ld+json\" class=\"yoast-schema-graph\">{\"@context\":\"https:\\\/\\\/schema.org\",\"@graph\":[{\"@type\":\"WebPage\",\"@id\":\"https:\\\/\\\/www.apolonija.hr\\\/sl\\\/vtisi-pacientov\\\/\",\"url\":\"https:\\\/\\\/www.apolonija.hr\\\/sl\\\/vtisi-pacientov\\\/\",\"name\":\"Vtisi pacientov - Stomatolo\u0161ka poliklinika Apolonija\",\"isPartOf\":{\"@id\":\"https:\\\/\\\/www.apolonija.hr\\\/sl\\\/#website\"},\"primaryImageOfPage\":{\"@id\":\"https:\\\/\\\/www.apolonija.hr\\\/sl\\\/vtisi-pacientov\\\/#primaryimage\"},\"image\":{\"@id\":\"https:\\\/\\\/www.apolonija.hr\\\/sl\\\/vtisi-pacientov\\\/#primaryimage\"},\"thumbnailUrl\":\"https:\\\/\\\/www.apolonija.hr\\\/wp-content\\\/uploads\\\/2021\\\/02\\\/Stomatoloska-poliklinika-Apolonija-Zagreb-228-1024x682.jpg\",\"datePublished\":\"2021-02-08T11:25:37+00:00\",\"dateModified\":\"2025-05-08T23:33:24+00:00\",\"breadcrumb\":{\"@id\":\"https:\\\/\\\/www.apolonija.hr\\\/sl\\\/vtisi-pacientov\\\/#breadcrumb\"},\"inLanguage\":\"sl-SI\",\"potentialAction\":[{\"@type\":\"ReadAction\",\"target\":[\"https:\\\/\\\/www.apolonija.hr\\\/sl\\\/vtisi-pacientov\\\/\"]}]},{\"@type\":\"ImageObject\",\"inLanguage\":\"sl-SI\",\"@id\":\"https:\\\/\\\/www.apolonija.hr\\\/sl\\\/vtisi-pacientov\\\/#primaryimage\",\"url\":\"https:\\\/\\\/www.apolonija.hr\\\/wp-content\\\/uploads\\\/2021\\\/02\\\/Stomatoloska-poliklinika-Apolonija-Zagreb-228-1024x682.jpg\",\"contentUrl\":\"https:\\\/\\\/www.apolonija.hr\\\/wp-content\\\/uploads\\\/2021\\\/02\\\/Stomatoloska-poliklinika-Apolonija-Zagreb-228-1024x682.jpg\"},{\"@type\":\"BreadcrumbList\",\"@id\":\"https:\\\/\\\/www.apolonija.hr\\\/sl\\\/vtisi-pacientov\\\/#breadcrumb\",\"itemListElement\":[{\"@type\":\"ListItem\",\"position\":1,\"name\":\"Apolonija\",\"item\":\"https:\\\/\\\/www.apolonija.hr\\\/sl\\\/apolonija\\\/\"},{\"@type\":\"ListItem\",\"position\":2,\"name\":\"Vtisi pacientov\"}]},{\"@type\":\"WebSite\",\"@id\":\"https:\\\/\\\/www.apolonija.hr\\\/sl\\\/#website\",\"url\":\"https:\\\/\\\/www.apolonija.hr\\\/sl\\\/\",\"name\":\"Stomatolo\u0161ka poliklinika Apolonija\",\"description\":\"\u017divljenje, polno nasmehov\",\"publisher\":{\"@id\":\"https:\\\/\\\/www.apolonija.hr\\\/sl\\\/#organization\"},\"potentialAction\":[{\"@type\":\"SearchAction\",\"target\":{\"@type\":\"EntryPoint\",\"urlTemplate\":\"https:\\\/\\\/www.apolonija.hr\\\/sl\\\/?s={search_term_string}\"},\"query-input\":{\"@type\":\"PropertyValueSpecification\",\"valueRequired\":true,\"valueName\":\"search_term_string\"}}],\"inLanguage\":\"sl-SI\"},{\"@type\":\"Organization\",\"@id\":\"https:\\\/\\\/www.apolonija.hr\\\/sl\\\/#organization\",\"name\":\"Stomatolo\u0161ka poliklinika Apolonija\",\"url\":\"https:\\\/\\\/www.apolonija.hr\\\/sl\\\/\",\"logo\":{\"@type\":\"ImageObject\",\"inLanguage\":\"sl-SI\",\"@id\":\"https:\\\/\\\/www.apolonija.hr\\\/sl\\\/#\\\/schema\\\/logo\\\/image\\\/\",\"url\":\"https:\\\/\\\/www.apolonija.hr\\\/wp-content\\\/uploads\\\/2019\\\/10\\\/logo-1.png\",\"contentUrl\":\"https:\\\/\\\/www.apolonija.hr\\\/wp-content\\\/uploads\\\/2019\\\/10\\\/logo-1.png\",\"width\":500,\"height\":140,\"caption\":\"Stomatolo\u0161ka poliklinika Apolonija\"},\"image\":{\"@id\":\"https:\\\/\\\/www.apolonija.hr\\\/sl\\\/#\\\/schema\\\/logo\\\/image\\\/\"},\"sameAs\":[\"https:\\\/\\\/www.facebook.com\\\/SPApolonija\\\/\",\"https:\\\/\\\/www.instagram.com\\\/poliklinikaapolonija\\\/\",\"https:\\\/\\\/www.linkedin.com\\\/company\\\/stomatolo\u0161ka-poliklinika-apolonija\\\/\",\"https:\\\/\\\/www.tiktok.com\\\/@poliklinikaapolonija\"]}]}<\/script>\n<!-- \/ Yoast SEO plugin. -->","yoast_head_json":{"title":"Vtisi pacientov - Stomatolo\u0161ka poliklinika Apolonija","robots":{"index":"index","follow":"follow","max-snippet":"max-snippet:-1","max-image-preview":"max-image-preview:large","max-video-preview":"max-video-preview:-1"},"canonical":"https:\/\/www.apolonija.hr\/sl\/vtisi-pacientov\/","og_locale":"sl_SI","og_type":"article","og_title":"Vtisi pacientov - Stomatolo\u0161ka poliklinika Apolonija","og_description":"Na\u0161i zadovoljni pacienti so pustili nekaj vtisov ...","og_url":"https:\/\/www.apolonija.hr\/sl\/vtisi-pacientov\/","og_site_name":"Stomatolo\u0161ka poliklinika Apolonija","article_publisher":"https:\/\/www.facebook.com\/SPApolonija\/","article_modified_time":"2025-05-08T23:33:24+00:00","og_image":[{"url":"https:\/\/www.apolonija.hr\/wp-content\/uploads\/2021\/02\/Stomatoloska-poliklinika-Apolonija-Zagreb-228-1024x682.jpg","type":"","width":"","height":""}],"twitter_card":"summary_large_image","twitter_misc":{"Est. reading time":"6 minut"},"schema":{"@context":"https:\/\/schema.org","@graph":[{"@type":"WebPage","@id":"https:\/\/www.apolonija.hr\/sl\/vtisi-pacientov\/","url":"https:\/\/www.apolonija.hr\/sl\/vtisi-pacientov\/","name":"Vtisi pacientov - Stomatolo\u0161ka poliklinika Apolonija","isPartOf":{"@id":"https:\/\/www.apolonija.hr\/sl\/#website"},"primaryImageOfPage":{"@id":"https:\/\/www.apolonija.hr\/sl\/vtisi-pacientov\/#primaryimage"},"image":{"@id":"https:\/\/www.apolonija.hr\/sl\/vtisi-pacientov\/#primaryimage"},"thumbnailUrl":"https:\/\/www.apolonija.hr\/wp-content\/uploads\/2021\/02\/Stomatoloska-poliklinika-Apolonija-Zagreb-228-1024x682.jpg","datePublished":"2021-02-08T11:25:37+00:00","dateModified":"2025-05-08T23:33:24+00:00","breadcrumb":{"@id":"https:\/\/www.apolonija.hr\/sl\/vtisi-pacientov\/#breadcrumb"},"inLanguage":"sl-SI","potentialAction":[{"@type":"ReadAction","target":["https:\/\/www.apolonija.hr\/sl\/vtisi-pacientov\/"]}]},{"@type":"ImageObject","inLanguage":"sl-SI","@id":"https:\/\/www.apolonija.hr\/sl\/vtisi-pacientov\/#primaryimage","url":"https:\/\/www.apolonija.hr\/wp-content\/uploads\/2021\/02\/Stomatoloska-poliklinika-Apolonija-Zagreb-228-1024x682.jpg","contentUrl":"https:\/\/www.apolonija.hr\/wp-content\/uploads\/2021\/02\/Stomatoloska-poliklinika-Apolonija-Zagreb-228-1024x682.jpg"},{"@type":"BreadcrumbList","@id":"https:\/\/www.apolonija.hr\/sl\/vtisi-pacientov\/#breadcrumb","itemListElement":[{"@type":"ListItem","position":1,"name":"Apolonija","item":"https:\/\/www.apolonija.hr\/sl\/apolonija\/"},{"@type":"ListItem","position":2,"name":"Vtisi pacientov"}]},{"@type":"WebSite","@id":"https:\/\/www.apolonija.hr\/sl\/#website","url":"https:\/\/www.apolonija.hr\/sl\/","name":"Stomatolo\u0161ka poliklinika Apolonija","description":"\u017divljenje, polno nasmehov","publisher":{"@id":"https:\/\/www.apolonija.hr\/sl\/#organization"},"potentialAction":[{"@type":"SearchAction","target":{"@type":"EntryPoint","urlTemplate":"https:\/\/www.apolonija.hr\/sl\/?s={search_term_string}"},"query-input":{"@type":"PropertyValueSpecification","valueRequired":true,"valueName":"search_term_string"}}],"inLanguage":"sl-SI"},{"@type":"Organization","@id":"https:\/\/www.apolonija.hr\/sl\/#organization","name":"Stomatolo\u0161ka poliklinika Apolonija","url":"https:\/\/www.apolonija.hr\/sl\/","logo":{"@type":"ImageObject","inLanguage":"sl-SI","@id":"https:\/\/www.apolonija.hr\/sl\/#\/schema\/logo\/image\/","url":"https:\/\/www.apolonija.hr\/wp-content\/uploads\/2019\/10\/logo-1.png","contentUrl":"https:\/\/www.apolonija.hr\/wp-content\/uploads\/2019\/10\/logo-1.png","width":500,"height":140,"caption":"Stomatolo\u0161ka poliklinika Apolonija"},"image":{"@id":"https:\/\/www.apolonija.hr\/sl\/#\/schema\/logo\/image\/"},"sameAs":["https:\/\/www.facebook.com\/SPApolonija\/","https:\/\/www.instagram.com\/poliklinikaapolonija\/","https:\/\/www.linkedin.com\/company\/stomatolo\u0161ka-poliklinika-apolonija\/","https:\/\/www.tiktok.com\/@poliklinikaapolonija"]}]}},"_links":{"self":[{"href":"https:\/\/www.apolonija.hr\/sl\/wp-json\/wp\/v2\/pages\/20810","targetHints":{"allow":["GET"]}}],"collection":[{"href":"https:\/\/www.apolonija.hr\/sl\/wp-json\/wp\/v2\/pages"}],"about":[{"href":"https:\/\/www.apolonija.hr\/sl\/wp-json\/wp\/v2\/types\/page"}],"author":[{"embeddable":true,"href":"https:\/\/www.apolonija.hr\/sl\/wp-json\/wp\/v2\/users\/15"}],"replies":[{"embeddable":true,"href":"https:\/\/www.apolonija.hr\/sl\/wp-json\/wp\/v2\/comments?post=20810"}],"version-history":[{"count":5,"href":"https:\/\/www.apolonija.hr\/sl\/wp-json\/wp\/v2\/pages\/20810\/revisions"}],"predecessor-version":[{"id":20975,"href":"https:\/\/www.apolonija.hr\/sl\/wp-json\/wp\/v2\/pages\/20810\/revisions\/20975"}],"wp:attachment":[{"href":"https:\/\/www.apolonija.hr\/sl\/wp-json\/wp\/v2\/media?parent=20810"}],"curies":[{"name":"wp","href":"https:\/\/api.w.org\/{rel}","templated":true}]}}