{"id":20831,"date":"2025-03-17T13:50:39","date_gmt":"2025-03-17T12:50:39","guid":{"rendered":"https:\/\/www.apolonija.hr\/prf-nega-za-obraz-in-vrat\/"},"modified":"2025-05-09T00:15:49","modified_gmt":"2025-05-08T22:15:49","slug":"prf-nega-za-obraz-in-vrat","status":"publish","type":"page","link":"https:\/\/www.apolonija.hr\/sl\/prf-nega-za-obraz-in-vrat\/","title":{"rendered":"PRF nega za obraz in vrat"},"content":{"rendered":"<section class=\"l-section wpb_row height_auto width_full\"><div class=\"l-section-h i-cf\"><div class=\"g-cols vc_row via_grid cols_1 laptops-cols_inherit tablets-cols_inherit mobiles-cols_1 valign_top type_default stacking_default\"><div class=\"wpb_column vc_column_container\"><div class=\"vc_column-inner\"><div class=\"wpb_text_column\"><div class=\"wpb_wrapper\"><p><span style=\"font-weight: 400;\">PRF tretma, ki izkori\u0161\u010da lasten biolo\u0161ki potencial, ponuja naraven in varen na\u010din za pomlajevanje in izbolj\u0161anje videza ko\u017ee.<\/span><\/p>\n<p><span style=\"font-weight: 400;\"> <\/span><span style=\"font-weight: 400;\">PRF se pridobiva iz bolnikove krvi in \u200b\u200bse uporablja v razli\u010dnih vejah medicine. Ker spodbuja regeneracijo tkiva, se uporablja tudi v estetiki obraza. Pri nekirur\u0161kih estetskih posegih na obrazu se PRF uporablja za mezoterapijo in polnjenje gub. Mezoterapija se izvaja z i-PRF (injekcioniranim PRF), ki se uporablja pri postopku mikroneedlinga (naprava DermaPen) na obrazu, vratu in dekolteju. Ta postopek spodbuja naravno proizvodnjo kolagena in elastina, kar izbolj\u0161a teksturo in kakovost ko\u017ee. Ko\u017ea postane sve\u017ea, bolj elasti\u010dna in sijo\u010da.  <\/span><span style=\"font-weight: 400;\">Polnjenje gub se izvaja s teko\u010dim A-PRF, ki ko\u017ei povrne mladosten videz.<\/span><\/p>\n<h2>Postopek<\/h2>\n<ol>\n<li><b>  Priprava in odvzem krvi<\/b><\/li>\n<li><b>Centrifugiranje krvi<\/b><\/li>\n<\/ol>\n<p><span style=\"font-weight: 400;\">Kri se centrifugira pod posebnimi pogoji, kjer se posamezne krvne komponente lo\u010dijo. Najpomembnej\u0161a komponenta je fibrin, bogat s trombociti (PRF). Trombociti vsebujejo pomembne rastne faktorje, ki spodbujajo regeneracijo celic in obnovo ko\u017ee.<\/span><\/p>\n<ol start=\"3\">\n<li><b>  Priprava ko\u017ee<\/b><\/li>\n<\/ol>\n<p><span style=\"font-weight: 400;\">Potrebno je temeljito o\u010distiti predel obraza in vratu. Nato se uporabi lokalni anestetik.  <\/span><span style=\"font-weight: 400;\">Anesteti\u010dna krema, da bo postopek za pacienta \u010dim bolj udoben in nebole\u010d.<\/span><\/p>\n<ol start=\"4\">\n<li><b>  Uporaba PRF<\/b><\/li>\n<\/ol>\n<p><span style=\"font-weight: 400;\">Za nana\u0161anje PRF se uporablja naprava DermaPen. To izbolj\u0161a teksturo ko\u017ee in spodbudi proizvodnjo kolagena in elastina. Uporablja se za mezoterapijo za hidratacijo in revitalizacijo ko\u017ee.<\/span><\/p>\n<p><span style=\"font-weight: 400;\">Prvi dan po posegu je opazna rde\u010dina obraza, vendar so od drugega dne naprej vidne znatne spremembe. Takoj po tretmaju se ko\u017ea za\u010dne regenerirati in proizvajati ve\u010d kolagena. Za najbolj\u0161e rezultate je priporo\u010dljivo ve\u010d tretmajev, razporejenih vsaka dva meseca.  <\/span><\/p>\n<p><strong>PRF tretma je idealna mo\u017enost za vse, ki si \u017eelijo naravne obnove ko\u017ee brez kemikalij in z minimalnim tveganjem za stranske u\u010dinke. \u010ce razmi\u0161ljate o tem, kako izbolj\u0161ati videz svoje ko\u017ee in zmanj\u0161ati gube, je PRF idealna re\u0161itev.<\/strong><\/p>\n<\/div><\/div><div class=\"w-html\"><div class=\"jc-cta cta-prvi-pregled\">\n\t<p style=\"\">Pregled v polikliniki Apolonija rezervirajte prek telefonskega klica, WhatsAppa ali izpolnite kontaktni obrazec.<\/p>\n\t<a class=\"telefon w-btn us-btn-style_29 icon_atleft\" href=\"tel:+385 1 4883 800\"><i class=\"fas fa-phone-rotary\"><\/i><span class=\"w-btn-label\">+385 1 4883 800<\/span><\/a>\n\t<a class=\"whatsapp w-btn us-btn-style_29 icon_atleft\" href=\"https:\/\/wa.me\/385914883800\"><i class=\"fab fa-whatsapp\"><\/i><span class=\"w-btn-label\">+385 91 4883 800<\/span><\/a>\n\t<\/div><\/div><\/div><\/div><\/div><\/div><\/section>\n","protected":false},"excerpt":{"rendered":"","protected":false},"author":16,"featured_media":0,"parent":0,"menu_order":0,"comment_status":"closed","ping_status":"closed","template":"","meta":{"_acf_changed":false,"footnotes":""},"class_list":["post-20831","page","type-page","status-publish","hentry"],"acf":[],"yoast_head":"<!-- This site is optimized with the Yoast SEO plugin v27.5 - https:\/\/yoast.com\/product\/yoast-seo-wordpress\/ -->\n<title>PRF nega za obraz in vrat - Stomatolo\u0161ka poliklinika Apolonija<\/title>\n<meta name=\"robots\" content=\"index, follow, max-snippet:-1, max-image-preview:large, max-video-preview:-1\" \/>\n<link rel=\"canonical\" href=\"https:\/\/www.apolonija.hr\/sl\/prf-nega-za-obraz-in-vrat\/\" \/>\n<meta property=\"og:locale\" content=\"sl_SI\" \/>\n<meta property=\"og:type\" content=\"article\" \/>\n<meta property=\"og:title\" content=\"PRF nega za obraz in vrat - Stomatolo\u0161ka poliklinika Apolonija\" \/>\n<meta property=\"og:url\" content=\"https:\/\/www.apolonija.hr\/sl\/prf-nega-za-obraz-in-vrat\/\" \/>\n<meta property=\"og:site_name\" content=\"Stomatolo\u0161ka poliklinika Apolonija\" \/>\n<meta property=\"article:publisher\" content=\"https:\/\/www.facebook.com\/SPApolonija\/\" \/>\n<meta property=\"article:modified_time\" content=\"2025-05-08T22:15:49+00:00\" \/>\n<meta name=\"twitter:card\" content=\"summary_large_image\" \/>\n<meta name=\"twitter:label1\" content=\"Est. reading time\" \/>\n\t<meta name=\"twitter:data1\" content=\"2 minuti\" \/>\n<script type=\"application\/ld+json\" class=\"yoast-schema-graph\">{\"@context\":\"https:\\\/\\\/schema.org\",\"@graph\":[{\"@type\":\"WebPage\",\"@id\":\"https:\\\/\\\/www.apolonija.hr\\\/sl\\\/prf-nega-za-obraz-in-vrat\\\/\",\"url\":\"https:\\\/\\\/www.apolonija.hr\\\/sl\\\/prf-nega-za-obraz-in-vrat\\\/\",\"name\":\"PRF nega za obraz in vrat - Stomatolo\u0161ka poliklinika Apolonija\",\"isPartOf\":{\"@id\":\"https:\\\/\\\/www.apolonija.hr\\\/sl\\\/#website\"},\"datePublished\":\"2025-03-17T12:50:39+00:00\",\"dateModified\":\"2025-05-08T22:15:49+00:00\",\"breadcrumb\":{\"@id\":\"https:\\\/\\\/www.apolonija.hr\\\/sl\\\/prf-nega-za-obraz-in-vrat\\\/#breadcrumb\"},\"inLanguage\":\"sl-SI\",\"potentialAction\":[{\"@type\":\"ReadAction\",\"target\":[\"https:\\\/\\\/www.apolonija.hr\\\/sl\\\/prf-nega-za-obraz-in-vrat\\\/\"]}]},{\"@type\":\"BreadcrumbList\",\"@id\":\"https:\\\/\\\/www.apolonija.hr\\\/sl\\\/prf-nega-za-obraz-in-vrat\\\/#breadcrumb\",\"itemListElement\":[{\"@type\":\"ListItem\",\"position\":1,\"name\":\"Apolonija\",\"item\":\"https:\\\/\\\/www.apolonija.hr\\\/sl\\\/apolonija\\\/\"},{\"@type\":\"ListItem\",\"position\":2,\"name\":\"PRF nega za obraz in vrat\"}]},{\"@type\":\"WebSite\",\"@id\":\"https:\\\/\\\/www.apolonija.hr\\\/sl\\\/#website\",\"url\":\"https:\\\/\\\/www.apolonija.hr\\\/sl\\\/\",\"name\":\"Stomatolo\u0161ka poliklinika Apolonija\",\"description\":\"\u017divljenje, polno nasmehov\",\"publisher\":{\"@id\":\"https:\\\/\\\/www.apolonija.hr\\\/sl\\\/#organization\"},\"potentialAction\":[{\"@type\":\"SearchAction\",\"target\":{\"@type\":\"EntryPoint\",\"urlTemplate\":\"https:\\\/\\\/www.apolonija.hr\\\/sl\\\/?s={search_term_string}\"},\"query-input\":{\"@type\":\"PropertyValueSpecification\",\"valueRequired\":true,\"valueName\":\"search_term_string\"}}],\"inLanguage\":\"sl-SI\"},{\"@type\":\"Organization\",\"@id\":\"https:\\\/\\\/www.apolonija.hr\\\/sl\\\/#organization\",\"name\":\"Stomatolo\u0161ka poliklinika Apolonija\",\"url\":\"https:\\\/\\\/www.apolonija.hr\\\/sl\\\/\",\"logo\":{\"@type\":\"ImageObject\",\"inLanguage\":\"sl-SI\",\"@id\":\"https:\\\/\\\/www.apolonija.hr\\\/sl\\\/#\\\/schema\\\/logo\\\/image\\\/\",\"url\":\"https:\\\/\\\/www.apolonija.hr\\\/wp-content\\\/uploads\\\/2019\\\/10\\\/logo-1.png\",\"contentUrl\":\"https:\\\/\\\/www.apolonija.hr\\\/wp-content\\\/uploads\\\/2019\\\/10\\\/logo-1.png\",\"width\":500,\"height\":140,\"caption\":\"Stomatolo\u0161ka poliklinika Apolonija\"},\"image\":{\"@id\":\"https:\\\/\\\/www.apolonija.hr\\\/sl\\\/#\\\/schema\\\/logo\\\/image\\\/\"},\"sameAs\":[\"https:\\\/\\\/www.facebook.com\\\/SPApolonija\\\/\",\"https:\\\/\\\/www.instagram.com\\\/poliklinikaapolonija\\\/\",\"https:\\\/\\\/www.linkedin.com\\\/company\\\/stomatolo\u0161ka-poliklinika-apolonija\\\/\",\"https:\\\/\\\/www.tiktok.com\\\/@poliklinikaapolonija\"]}]}<\/script>\n<!-- \/ Yoast SEO plugin. -->","yoast_head_json":{"title":"PRF nega za obraz in vrat - Stomatolo\u0161ka poliklinika Apolonija","robots":{"index":"index","follow":"follow","max-snippet":"max-snippet:-1","max-image-preview":"max-image-preview:large","max-video-preview":"max-video-preview:-1"},"canonical":"https:\/\/www.apolonija.hr\/sl\/prf-nega-za-obraz-in-vrat\/","og_locale":"sl_SI","og_type":"article","og_title":"PRF nega za obraz in vrat - Stomatolo\u0161ka poliklinika Apolonija","og_url":"https:\/\/www.apolonija.hr\/sl\/prf-nega-za-obraz-in-vrat\/","og_site_name":"Stomatolo\u0161ka poliklinika Apolonija","article_publisher":"https:\/\/www.facebook.com\/SPApolonija\/","article_modified_time":"2025-05-08T22:15:49+00:00","twitter_card":"summary_large_image","twitter_misc":{"Est. reading time":"2 minuti"},"schema":{"@context":"https:\/\/schema.org","@graph":[{"@type":"WebPage","@id":"https:\/\/www.apolonija.hr\/sl\/prf-nega-za-obraz-in-vrat\/","url":"https:\/\/www.apolonija.hr\/sl\/prf-nega-za-obraz-in-vrat\/","name":"PRF nega za obraz in vrat - Stomatolo\u0161ka poliklinika Apolonija","isPartOf":{"@id":"https:\/\/www.apolonija.hr\/sl\/#website"},"datePublished":"2025-03-17T12:50:39+00:00","dateModified":"2025-05-08T22:15:49+00:00","breadcrumb":{"@id":"https:\/\/www.apolonija.hr\/sl\/prf-nega-za-obraz-in-vrat\/#breadcrumb"},"inLanguage":"sl-SI","potentialAction":[{"@type":"ReadAction","target":["https:\/\/www.apolonija.hr\/sl\/prf-nega-za-obraz-in-vrat\/"]}]},{"@type":"BreadcrumbList","@id":"https:\/\/www.apolonija.hr\/sl\/prf-nega-za-obraz-in-vrat\/#breadcrumb","itemListElement":[{"@type":"ListItem","position":1,"name":"Apolonija","item":"https:\/\/www.apolonija.hr\/sl\/apolonija\/"},{"@type":"ListItem","position":2,"name":"PRF nega za obraz in vrat"}]},{"@type":"WebSite","@id":"https:\/\/www.apolonija.hr\/sl\/#website","url":"https:\/\/www.apolonija.hr\/sl\/","name":"Stomatolo\u0161ka poliklinika Apolonija","description":"\u017divljenje, polno nasmehov","publisher":{"@id":"https:\/\/www.apolonija.hr\/sl\/#organization"},"potentialAction":[{"@type":"SearchAction","target":{"@type":"EntryPoint","urlTemplate":"https:\/\/www.apolonija.hr\/sl\/?s={search_term_string}"},"query-input":{"@type":"PropertyValueSpecification","valueRequired":true,"valueName":"search_term_string"}}],"inLanguage":"sl-SI"},{"@type":"Organization","@id":"https:\/\/www.apolonija.hr\/sl\/#organization","name":"Stomatolo\u0161ka poliklinika Apolonija","url":"https:\/\/www.apolonija.hr\/sl\/","logo":{"@type":"ImageObject","inLanguage":"sl-SI","@id":"https:\/\/www.apolonija.hr\/sl\/#\/schema\/logo\/image\/","url":"https:\/\/www.apolonija.hr\/wp-content\/uploads\/2019\/10\/logo-1.png","contentUrl":"https:\/\/www.apolonija.hr\/wp-content\/uploads\/2019\/10\/logo-1.png","width":500,"height":140,"caption":"Stomatolo\u0161ka poliklinika Apolonija"},"image":{"@id":"https:\/\/www.apolonija.hr\/sl\/#\/schema\/logo\/image\/"},"sameAs":["https:\/\/www.facebook.com\/SPApolonija\/","https:\/\/www.instagram.com\/poliklinikaapolonija\/","https:\/\/www.linkedin.com\/company\/stomatolo\u0161ka-poliklinika-apolonija\/","https:\/\/www.tiktok.com\/@poliklinikaapolonija"]}]}},"_links":{"self":[{"href":"https:\/\/www.apolonija.hr\/sl\/wp-json\/wp\/v2\/pages\/20831","targetHints":{"allow":["GET"]}}],"collection":[{"href":"https:\/\/www.apolonija.hr\/sl\/wp-json\/wp\/v2\/pages"}],"about":[{"href":"https:\/\/www.apolonija.hr\/sl\/wp-json\/wp\/v2\/types\/page"}],"author":[{"embeddable":true,"href":"https:\/\/www.apolonija.hr\/sl\/wp-json\/wp\/v2\/users\/16"}],"replies":[{"embeddable":true,"href":"https:\/\/www.apolonija.hr\/sl\/wp-json\/wp\/v2\/comments?post=20831"}],"version-history":[{"count":2,"href":"https:\/\/www.apolonija.hr\/sl\/wp-json\/wp\/v2\/pages\/20831\/revisions"}],"predecessor-version":[{"id":20833,"href":"https:\/\/www.apolonija.hr\/sl\/wp-json\/wp\/v2\/pages\/20831\/revisions\/20833"}],"wp:attachment":[{"href":"https:\/\/www.apolonija.hr\/sl\/wp-json\/wp\/v2\/media?parent=20831"}],"curies":[{"name":"wp","href":"https:\/\/api.w.org\/{rel}","templated":true}]}}