{"id":20834,"date":"2025-03-13T13:22:26","date_gmt":"2025-03-13T12:22:26","guid":{"rendered":"https:\/\/www.apolonija.hr\/zobni-aparat-za-najstnike\/"},"modified":"2025-05-09T00:54:40","modified_gmt":"2025-05-08T22:54:40","slug":"zobni-aparat-za-najstnike","status":"publish","type":"page","link":"https:\/\/www.apolonija.hr\/sl\/zobni-aparat\/zobni-aparat-za-najstnike\/","title":{"rendered":"Zobni aparat za najstnike"},"content":{"rendered":"<section class=\"l-section wpb_row height_auto width_full\"><div class=\"l-section-h i-cf\"><div class=\"g-cols vc_row via_grid cols_1 laptops-cols_inherit tablets-cols_inherit mobiles-cols_1 valign_top type_default stacking_default\"><div class=\"wpb_column vc_column_container\"><div class=\"vc_column-inner\"><div class=\"wpb_text_column\"><div class=\"wpb_wrapper\"><h2>Popravite ortodontske anomalije, izbolj\u0161ajte ustno zdravje in oblikujte lep nasmeh za vse \u017eivljenje.  <\/h2>\n<p><span style=\"font-weight: 400;\">Po najintenzivnej\u0161em obdobju rasti, ko je ve\u010dina stalnih zob \u017ee izrasla, se pogosto izvaja ortodontska terapija s fiksnimi zobnimi aparati. Cilj terapije je vzpostavitev pravilnega zgornjega in spodnjega zobnega loka v harmoni\u010dnem odnosu, pravilna funkcija ter lep in privla\u010den nasmeh. V adolescenci \u010deljust in zobje \u0161e vedno rastejo, kar ortodontom omogo\u010da, da izkoristijo naravno pro\u017enost kosti za la\u017eje in u\u010dinkovitej\u0161e premikanje zob kot v odrasli dobi.    <\/span><\/p>\n<p><span style=\"font-weight: 400;\">\u010ce ste opazili, da ima va\u0161 otrok nepravilen ugriz in\/ali nepravilen zobni lok, ne \u010dakajte predolgo. Zgodnje ortodontsko zdravljenje lahko prepre\u010di bolj zapletene posege v prihodnosti in zagotovi zdravje, funkcionalnost in estetski videz va\u0161ih zob za vse \u017eivljenje. <\/span><\/p>\n<h2>Kako prepoznati ortodontske anomalije:<\/h2>\n<p>Pomakni se \u2192<\/p>\n<\/div><\/div><div class=\"w-grid us_carousel type_carousel layout_19951 no_results overflow_hidden preload_style_spinner items_3\" id=\"us_grid_1\" style=\"--items:3;--gap:0.1rem;\"><style>.layout_19951 .w-grid-item-h{background:var(--color-content-bg);color:var(--color-content-text);border-radius:0.3rem;box-shadow:0 0.03rem 0.06rem rgba(0,0,0,0.1),0 0.1rem 0.3rem rgba(0,0,0,0.1);transition-duration:0.3s}.no-touch .layout_19951 .w-grid-item-h:hover{box-shadow:0 0.1rem 0.2rem rgba(0,0,0,0.1),0 0.33rem 1rem rgba(0,0,0,0.15);z-index:4}.layout_19951 .usg_post_image_1{margin-bottom:-2rem!important}.layout_19951 .usg_post_title_1{font-size:1.4rem!important;font-weight:700!important}.layout_19951 .usg_vwrapper_1{margin-top:2rem!important;padding:9% 11% 11% 11%!important}.layout_19951 .usg_post_taxonomy_1{font-weight:700!important;text-transform:uppercase!important;font-size:10px!important;position:absolute!important;z-index:2!important;top:1.2rem!important;right:1.2rem!important;left:1.2rem!important}.layout_19951 .usg_hwrapper_1{color:var(--color-content-faded)!important;font-size:0.9rem!important}@media (max-width:600px){.layout_19951 .usg_post_title_1{font-size:1.2rem!important}}<\/style><div class=\"w-grid-list owl-carousel valign_stretch dotstyle_circle navstyle_circle arrows-ver-pos_middle arrows-hor-pos_on_sides_outside arrows-disabled_hide owl-responsive-2000\" style=\"--transition-duration:350ms;\"><\/div><div class=\"w-grid-carousel-json hidden\" onclick='return {&quot;carousel_settings&quot;:{&quot;aria_labels&quot;:{&quot;prev&quot;:&quot;Prej\\u0161nja&quot;,&quot;next&quot;:&quot;Naprej&quot;},&quot;autoplayContinual&quot;:false,&quot;autoplayContinualCss&quot;:false,&quot;autoplayHoverPause&quot;:false,&quot;autoplayTimeout&quot;:3000,&quot;autoWidth&quot;:false,&quot;smartSpeed&quot;:350,&quot;margin&quot;:0,&quot;mouseDrag&quot;:true,&quot;rtl&quot;:false,&quot;slideBy&quot;:&quot;1&quot;,&quot;touchDrag&quot;:true,&quot;slideTransition&quot;:&quot;&quot;,&quot;responsive&quot;:{&quot;0&quot;:{&quot;autoHeight&quot;:false,&quot;autoplay&quot;:false,&quot;autoplayContinualCss&quot;:false,&quot;autoWidth&quot;:false,&quot;center&quot;:false,&quot;dots&quot;:false,&quot;items&quot;:1,&quot;loop&quot;:false,&quot;nav&quot;:false,&quot;stagePadding&quot;:0,&quot;slideBy&quot;:&quot;1&quot;,&quot;touchDrag&quot;:true,&quot;mouseDrag&quot;:true},&quot;601&quot;:{&quot;items&quot;:3,&quot;autoplay&quot;:false,&quot;autoplayContinualCss&quot;:false,&quot;center&quot;:false,&quot;dots&quot;:false,&quot;nav&quot;:false,&quot;autoHeight&quot;:false,&quot;autoWidth&quot;:false,&quot;loop&quot;:false,&quot;stagePadding&quot;:75}}}}'><\/div><\/div><div class=\"w-grid-none type_message\">Ni najdenih rezultatov.<\/div><div class=\"wpb_text_column\"><div class=\"wpb_wrapper\"><h2>Vrste zobnih aparatov za najstnike  <\/h2>\n<p><span style=\"font-weight: 400;\">V adolescenci se najpogosteje uporabljajo fiksni zobni aparati. Fiksni zobni aparati omogo\u010dajo ortodontu, da natan\u010dno premakne zobe v \u017eeleni polo\u017eaj.   <\/span><\/p>\n<\/div><\/div><div class=\"g-cols wpb_row via_grid cols_3 laptops-cols_inherit tablets-cols_1 mobiles-cols_1 valign_top type_default stacking_default\" style=\"--columns-gap:1.5rem;\"><div class=\"wpb_column vc_column_container\"><div class=\"vc_column-inner\"><div class=\"w-image us_custom_267a561c align_none meta_simple\"><div class=\"w-image-h\"><img decoding=\"async\" width=\"1000\" height=\"1000\" src=\"https:\/\/www.apolonija.hr\/wp-content\/uploads\/2025\/03\/estetski-aparatic.jpg\" class=\"attachment-large size-large\" alt=\"Bijele bravice\" loading=\"lazy\" srcset=\"https:\/\/www.apolonija.hr\/wp-content\/uploads\/2025\/03\/estetski-aparatic.jpg 1000w, https:\/\/www.apolonija.hr\/wp-content\/uploads\/2025\/03\/estetski-aparatic-450x450.jpg 450w, https:\/\/www.apolonija.hr\/wp-content\/uploads\/2025\/03\/estetski-aparatic-800x800.jpg 800w\" sizes=\"auto, (max-width: 1000px) 100vw, 1000px\" \/><\/div><div class=\"w-image-meta\"><div class=\"w-image-title\">Bijele bravice izra\u0111ene su od keramike ili polimera, prozirne su ili u boji sli\u010dnoj zubima \u0161to ih \u010dini manje uo\u010dljivim. \u010ceste su kombinacije estetskih bravica u gornjoj i metalnih u donjoj \u010deljusti, kao najbolji omjer izme\u0111u estetike i cijene.<\/div><div class=\"w-image-description\">Bijele bravice izra\u0111ene su od keramike ili polimera, prozirne su ili u boji sli\u010dnoj zubima \u0161to ih \u010dini manje uo\u010dljivim. \u010ceste su kombinacije estetskih bravica u gornjoj i metalnih u donjoj \u010deljusti, kao najbolji omjer izme\u0111u estetike i cijene.<\/div><\/div><\/div><\/div><\/div><div class=\"wpb_column vc_column_container\"><div class=\"vc_column-inner\"><div class=\"w-image us_custom_267a561c align_none meta_simple\"><div class=\"w-image-h\"><img decoding=\"async\" width=\"1001\" height=\"1001\" src=\"https:\/\/www.apolonija.hr\/wp-content\/uploads\/2025\/03\/fiksni-aparatic.jpg\" class=\"attachment-large size-large\" alt=\"Fiksni aparati\u0107\" loading=\"lazy\" srcset=\"https:\/\/www.apolonija.hr\/wp-content\/uploads\/2025\/03\/fiksni-aparatic.jpg 1001w, https:\/\/www.apolonija.hr\/wp-content\/uploads\/2025\/03\/fiksni-aparatic-450x450.jpg 450w, https:\/\/www.apolonija.hr\/wp-content\/uploads\/2025\/03\/fiksni-aparatic-800x800.jpg 800w\" sizes=\"auto, (max-width: 1001px) 100vw, 1001px\" \/><\/div><div class=\"w-image-meta\"><div class=\"w-image-title\">fiksni-aparatic<\/div><div class=\"w-image-description\">Metalne bravice u obje \u010deljusti vrlo su u\u010dinkovite u ispravljanju najslo\u017eenijih ortodontskih problema, a obi\u010dno su i najpovoljnija opcija u pogledu cijene.<\/div><\/div><\/div><\/div><\/div><div class=\"wpb_column vc_column_container\"><div class=\"vc_column-inner\"><div class=\"w-image us_custom_267a561c align_none meta_simple\"><div class=\"w-image-h\"><img decoding=\"async\" width=\"1024\" height=\"683\" src=\"https:\/\/www.apolonija.hr\/wp-content\/uploads\/2025\/03\/prozirni-aparatic-1024x683.jpg\" class=\"attachment-large size-large\" alt=\"Prozirni aparati\u0107\" loading=\"lazy\" srcset=\"https:\/\/www.apolonija.hr\/wp-content\/uploads\/2025\/03\/prozirni-aparatic-1024x683.jpg 1024w, https:\/\/www.apolonija.hr\/wp-content\/uploads\/2025\/03\/prozirni-aparatic-450x300.jpg 450w, https:\/\/www.apolonija.hr\/wp-content\/uploads\/2025\/03\/prozirni-aparatic-800x533.jpg 800w, https:\/\/www.apolonija.hr\/wp-content\/uploads\/2025\/03\/prozirni-aparatic.jpg 1200w\" sizes=\"auto, (max-width: 1024px) 100vw, 1024px\" \/><\/div><div class=\"w-image-meta\"><div class=\"w-image-title\">prozirni-aparatic<\/div><div class=\"w-image-description\">Prozirni aparati\u0107 dolazi u obliku prozirnih alignera koji prianjaju uz zube te izgleda gotovo neprimjetno. Zubni aparati\u0107 mo\u017ee se ukloniti u bilo kojem trenutku pa ova terapija zahtijeva izrazitu disciplinu djeteta i ve\u0107i anga\u017eman roditelja oko pra\u0107enja terapije.<\/div><\/div><\/div><\/div><\/div><\/div><div class=\"wpb_text_column\"><div class=\"wpb_wrapper\"><h2>Beli, zlati ali kovinski zobni aparat &#8211; ali lahko izberete sami?<\/h2>\n<p><span style=\"font-weight: 400;\">Pomembno je vedeti, da so zobni aparati le pripomo\u010dek, s katerim ortodont premika zobe; Le s profesionalno terapijo bodo fiksni zobni aparati dosegli \u017eeleni rezultat: zdrav in lep nasmeh. U\u010dinkovitost in rezultati ortodontske terapije so v\u010dasih odvisni od vrste zobnega aparata, zato bo ortodont priporo\u010dil, ali se lahko uporablja estetski zobni aparat ali pa je bolje imeti kovinski zobni aparat. <\/span><\/p>\n<h2>Pregledi v Apolloniji &#8211; med ortodontsko terapijo poskrbimo za va\u0161e celotno ustno zdravje.<\/h2>\n<p><span style=\"font-weight: 400;\">Hormonske spremembe, ki se v otrokovem telesu pojavijo v adolescenci, skupaj z nekoliko slabo higieno vodijo do vnetja dlesni. Protokol, ki smo ga ustvarili za ta stanja, je vedno u\u010dinkovit in \u017ee v enem obisku zatre vse akutne spremembe na otrokovih dlesnih. Tudi karies mladih stalnih zob v adolescenci vedno spremlja intenzivna rast, zato je potreba in poraba kalcija v telesu velika. Hkrati so zobje manj mineralizirani kot v odrasli dobi.     <\/span><\/p>\n<p><span style=\"font-weight: 400;\">Karies, ki se razvije na mladem stalnem zobu, napreduje zelo hitro in pogosto je na povr\u0161ini zoba vidna le majhna luknjica, ki je zaradi zmanj\u0161ane mineralizacije hitro napredovala globoko v zob, kjer je nastala velika karies. Zato so pregledi mladostnikov v zobni polikliniki Apolonija pogostej\u0161i in nujno vklju\u010dujejo temeljito \u010di\u0161\u010denje vseh zobnih povr\u0161in.   <\/span><\/p>\n<p><span style=\"font-weight: 400;\">Na\u0161i ortodonti bodo za vsakega otroka opravili individualno oceno, dolo\u010dili vrstni red zdravljenja ugotovljenih nepravilnosti v rasti in dolo\u010dili individualno ortodontsko terapijo.<\/span><\/p>\n<p><span style=\"font-weight: 400;\">Zgodnje prepoznavanje in zdravljenje te\u017eav lahko prepre\u010di dolgotrajne, bolj zapletene posege v prihodnosti in zagotovi pravilen razvoj \u010deljusti in zob va\u0161ega otroka.<\/span><\/p>\n<\/div><\/div><div class=\"w-html\"><div class=\"jc-cta cta-prvi-pregled\">\n\t<p style=\"\">Pregled v polikliniki Apolonija rezervirajte prek telefonskega klica, WhatsAppa ali izpolnite kontaktni obrazec.<\/p>\n\t<a class=\"telefon w-btn us-btn-style_29 icon_atleft\" href=\"tel:+385 1 4883 800\"><i class=\"fas fa-phone-rotary\"><\/i><span class=\"w-btn-label\">+385 1 4883 800<\/span><\/a>\n\t<a class=\"whatsapp w-btn us-btn-style_29 icon_atleft\" href=\"https:\/\/wa.me\/385914883800\"><i class=\"fab fa-whatsapp\"><\/i><span class=\"w-btn-label\">+385 91 4883 800<\/span><\/a>\n\t<\/div><\/div><\/div><\/div><\/div><\/div><\/section>\n","protected":false},"excerpt":{"rendered":"","protected":false},"author":16,"featured_media":0,"parent":20898,"menu_order":0,"comment_status":"closed","ping_status":"closed","template":"","meta":{"_acf_changed":false,"footnotes":""},"class_list":["post-20834","page","type-page","status-publish","hentry"],"acf":[],"yoast_head":"<!-- This site is optimized with the Yoast SEO plugin v27.5 - https:\/\/yoast.com\/product\/yoast-seo-wordpress\/ -->\n<title>Zobni aparat za najstnike - Stomatolo\u0161ka poliklinika Apolonija<\/title>\n<meta name=\"robots\" content=\"index, follow, max-snippet:-1, max-image-preview:large, max-video-preview:-1\" \/>\n<link rel=\"canonical\" href=\"https:\/\/www.apolonija.hr\/sl\/zobni-aparat\/zobni-aparat-za-najstnike\/\" \/>\n<meta property=\"og:locale\" content=\"sl_SI\" \/>\n<meta property=\"og:type\" content=\"article\" \/>\n<meta property=\"og:title\" content=\"Zobni aparat za najstnike - Stomatolo\u0161ka poliklinika Apolonija\" \/>\n<meta property=\"og:url\" content=\"https:\/\/www.apolonija.hr\/sl\/zobni-aparat\/zobni-aparat-za-najstnike\/\" \/>\n<meta property=\"og:site_name\" content=\"Stomatolo\u0161ka poliklinika Apolonija\" \/>\n<meta property=\"article:publisher\" content=\"https:\/\/www.facebook.com\/SPApolonija\/\" \/>\n<meta property=\"article:modified_time\" content=\"2025-05-08T22:54:40+00:00\" \/>\n<meta name=\"twitter:card\" content=\"summary_large_image\" \/>\n<meta name=\"twitter:label1\" content=\"Est. reading time\" \/>\n\t<meta name=\"twitter:data1\" content=\"3 minute\" \/>\n<script type=\"application\/ld+json\" class=\"yoast-schema-graph\">{\"@context\":\"https:\\\/\\\/schema.org\",\"@graph\":[{\"@type\":\"WebPage\",\"@id\":\"https:\\\/\\\/www.apolonija.hr\\\/sl\\\/zobni-aparat\\\/zobni-aparat-za-najstnike\\\/\",\"url\":\"https:\\\/\\\/www.apolonija.hr\\\/sl\\\/zobni-aparat\\\/zobni-aparat-za-najstnike\\\/\",\"name\":\"Zobni aparat za najstnike - Stomatolo\u0161ka poliklinika Apolonija\",\"isPartOf\":{\"@id\":\"https:\\\/\\\/www.apolonija.hr\\\/sl\\\/#website\"},\"datePublished\":\"2025-03-13T12:22:26+00:00\",\"dateModified\":\"2025-05-08T22:54:40+00:00\",\"breadcrumb\":{\"@id\":\"https:\\\/\\\/www.apolonija.hr\\\/sl\\\/zobni-aparat\\\/zobni-aparat-za-najstnike\\\/#breadcrumb\"},\"inLanguage\":\"sl-SI\",\"potentialAction\":[{\"@type\":\"ReadAction\",\"target\":[\"https:\\\/\\\/www.apolonija.hr\\\/sl\\\/zobni-aparat\\\/zobni-aparat-za-najstnike\\\/\"]}]},{\"@type\":\"BreadcrumbList\",\"@id\":\"https:\\\/\\\/www.apolonija.hr\\\/sl\\\/zobni-aparat\\\/zobni-aparat-za-najstnike\\\/#breadcrumb\",\"itemListElement\":[{\"@type\":\"ListItem\",\"position\":1,\"name\":\"Apolonija\",\"item\":\"https:\\\/\\\/www.apolonija.hr\\\/sl\\\/apolonija\\\/\"},{\"@type\":\"ListItem\",\"position\":2,\"name\":\"Zobni aparat\",\"item\":\"https:\\\/\\\/www.apolonija.hr\\\/sl\\\/zobni-aparat\\\/\"},{\"@type\":\"ListItem\",\"position\":3,\"name\":\"Zobni aparat za najstnike\"}]},{\"@type\":\"WebSite\",\"@id\":\"https:\\\/\\\/www.apolonija.hr\\\/sl\\\/#website\",\"url\":\"https:\\\/\\\/www.apolonija.hr\\\/sl\\\/\",\"name\":\"Stomatolo\u0161ka poliklinika Apolonija\",\"description\":\"\u017divljenje, polno nasmehov\",\"publisher\":{\"@id\":\"https:\\\/\\\/www.apolonija.hr\\\/sl\\\/#organization\"},\"potentialAction\":[{\"@type\":\"SearchAction\",\"target\":{\"@type\":\"EntryPoint\",\"urlTemplate\":\"https:\\\/\\\/www.apolonija.hr\\\/sl\\\/?s={search_term_string}\"},\"query-input\":{\"@type\":\"PropertyValueSpecification\",\"valueRequired\":true,\"valueName\":\"search_term_string\"}}],\"inLanguage\":\"sl-SI\"},{\"@type\":\"Organization\",\"@id\":\"https:\\\/\\\/www.apolonija.hr\\\/sl\\\/#organization\",\"name\":\"Stomatolo\u0161ka poliklinika Apolonija\",\"url\":\"https:\\\/\\\/www.apolonija.hr\\\/sl\\\/\",\"logo\":{\"@type\":\"ImageObject\",\"inLanguage\":\"sl-SI\",\"@id\":\"https:\\\/\\\/www.apolonija.hr\\\/sl\\\/#\\\/schema\\\/logo\\\/image\\\/\",\"url\":\"https:\\\/\\\/www.apolonija.hr\\\/wp-content\\\/uploads\\\/2019\\\/10\\\/logo-1.png\",\"contentUrl\":\"https:\\\/\\\/www.apolonija.hr\\\/wp-content\\\/uploads\\\/2019\\\/10\\\/logo-1.png\",\"width\":500,\"height\":140,\"caption\":\"Stomatolo\u0161ka poliklinika Apolonija\"},\"image\":{\"@id\":\"https:\\\/\\\/www.apolonija.hr\\\/sl\\\/#\\\/schema\\\/logo\\\/image\\\/\"},\"sameAs\":[\"https:\\\/\\\/www.facebook.com\\\/SPApolonija\\\/\",\"https:\\\/\\\/www.instagram.com\\\/poliklinikaapolonija\\\/\",\"https:\\\/\\\/www.linkedin.com\\\/company\\\/stomatolo\u0161ka-poliklinika-apolonija\\\/\",\"https:\\\/\\\/www.tiktok.com\\\/@poliklinikaapolonija\"]}]}<\/script>\n<!-- \/ Yoast SEO plugin. -->","yoast_head_json":{"title":"Zobni aparat za najstnike - Stomatolo\u0161ka poliklinika Apolonija","robots":{"index":"index","follow":"follow","max-snippet":"max-snippet:-1","max-image-preview":"max-image-preview:large","max-video-preview":"max-video-preview:-1"},"canonical":"https:\/\/www.apolonija.hr\/sl\/zobni-aparat\/zobni-aparat-za-najstnike\/","og_locale":"sl_SI","og_type":"article","og_title":"Zobni aparat za najstnike - Stomatolo\u0161ka poliklinika Apolonija","og_url":"https:\/\/www.apolonija.hr\/sl\/zobni-aparat\/zobni-aparat-za-najstnike\/","og_site_name":"Stomatolo\u0161ka poliklinika Apolonija","article_publisher":"https:\/\/www.facebook.com\/SPApolonija\/","article_modified_time":"2025-05-08T22:54:40+00:00","twitter_card":"summary_large_image","twitter_misc":{"Est. reading time":"3 minute"},"schema":{"@context":"https:\/\/schema.org","@graph":[{"@type":"WebPage","@id":"https:\/\/www.apolonija.hr\/sl\/zobni-aparat\/zobni-aparat-za-najstnike\/","url":"https:\/\/www.apolonija.hr\/sl\/zobni-aparat\/zobni-aparat-za-najstnike\/","name":"Zobni aparat za najstnike - Stomatolo\u0161ka poliklinika Apolonija","isPartOf":{"@id":"https:\/\/www.apolonija.hr\/sl\/#website"},"datePublished":"2025-03-13T12:22:26+00:00","dateModified":"2025-05-08T22:54:40+00:00","breadcrumb":{"@id":"https:\/\/www.apolonija.hr\/sl\/zobni-aparat\/zobni-aparat-za-najstnike\/#breadcrumb"},"inLanguage":"sl-SI","potentialAction":[{"@type":"ReadAction","target":["https:\/\/www.apolonija.hr\/sl\/zobni-aparat\/zobni-aparat-za-najstnike\/"]}]},{"@type":"BreadcrumbList","@id":"https:\/\/www.apolonija.hr\/sl\/zobni-aparat\/zobni-aparat-za-najstnike\/#breadcrumb","itemListElement":[{"@type":"ListItem","position":1,"name":"Apolonija","item":"https:\/\/www.apolonija.hr\/sl\/apolonija\/"},{"@type":"ListItem","position":2,"name":"Zobni aparat","item":"https:\/\/www.apolonija.hr\/sl\/zobni-aparat\/"},{"@type":"ListItem","position":3,"name":"Zobni aparat za najstnike"}]},{"@type":"WebSite","@id":"https:\/\/www.apolonija.hr\/sl\/#website","url":"https:\/\/www.apolonija.hr\/sl\/","name":"Stomatolo\u0161ka poliklinika Apolonija","description":"\u017divljenje, polno nasmehov","publisher":{"@id":"https:\/\/www.apolonija.hr\/sl\/#organization"},"potentialAction":[{"@type":"SearchAction","target":{"@type":"EntryPoint","urlTemplate":"https:\/\/www.apolonija.hr\/sl\/?s={search_term_string}"},"query-input":{"@type":"PropertyValueSpecification","valueRequired":true,"valueName":"search_term_string"}}],"inLanguage":"sl-SI"},{"@type":"Organization","@id":"https:\/\/www.apolonija.hr\/sl\/#organization","name":"Stomatolo\u0161ka poliklinika Apolonija","url":"https:\/\/www.apolonija.hr\/sl\/","logo":{"@type":"ImageObject","inLanguage":"sl-SI","@id":"https:\/\/www.apolonija.hr\/sl\/#\/schema\/logo\/image\/","url":"https:\/\/www.apolonija.hr\/wp-content\/uploads\/2019\/10\/logo-1.png","contentUrl":"https:\/\/www.apolonija.hr\/wp-content\/uploads\/2019\/10\/logo-1.png","width":500,"height":140,"caption":"Stomatolo\u0161ka poliklinika Apolonija"},"image":{"@id":"https:\/\/www.apolonija.hr\/sl\/#\/schema\/logo\/image\/"},"sameAs":["https:\/\/www.facebook.com\/SPApolonija\/","https:\/\/www.instagram.com\/poliklinikaapolonija\/","https:\/\/www.linkedin.com\/company\/stomatolo\u0161ka-poliklinika-apolonija\/","https:\/\/www.tiktok.com\/@poliklinikaapolonija"]}]}},"_links":{"self":[{"href":"https:\/\/www.apolonija.hr\/sl\/wp-json\/wp\/v2\/pages\/20834","targetHints":{"allow":["GET"]}}],"collection":[{"href":"https:\/\/www.apolonija.hr\/sl\/wp-json\/wp\/v2\/pages"}],"about":[{"href":"https:\/\/www.apolonija.hr\/sl\/wp-json\/wp\/v2\/types\/page"}],"author":[{"embeddable":true,"href":"https:\/\/www.apolonija.hr\/sl\/wp-json\/wp\/v2\/users\/16"}],"replies":[{"embeddable":true,"href":"https:\/\/www.apolonija.hr\/sl\/wp-json\/wp\/v2\/comments?post=20834"}],"version-history":[{"count":2,"href":"https:\/\/www.apolonija.hr\/sl\/wp-json\/wp\/v2\/pages\/20834\/revisions"}],"predecessor-version":[{"id":20836,"href":"https:\/\/www.apolonija.hr\/sl\/wp-json\/wp\/v2\/pages\/20834\/revisions\/20836"}],"up":[{"embeddable":true,"href":"https:\/\/www.apolonija.hr\/sl\/wp-json\/wp\/v2\/pages\/20898"}],"wp:attachment":[{"href":"https:\/\/www.apolonija.hr\/sl\/wp-json\/wp\/v2\/media?parent=20834"}],"curies":[{"name":"wp","href":"https:\/\/api.w.org\/{rel}","templated":true}]}}