{"id":20838,"date":"2025-03-14T11:38:06","date_gmt":"2025-03-14T10:38:06","guid":{"rendered":"https:\/\/www.apolonija.hr\/biokompatibilni-cirkonijevi-vsadki\/"},"modified":"2025-05-09T00:53:58","modified_gmt":"2025-05-08T22:53:58","slug":"biokompatibilni-cirkonijevi-vsadki","status":"publish","type":"page","link":"https:\/\/www.apolonija.hr\/sl\/biokompatibilni-cirkonijevi-vsadki\/","title":{"rendered":"Biokompatibilni cirkonijevi vsadki"},"content":{"rendered":"<section class=\"l-section wpb_row height_auto width_full\"><div class=\"l-section-h i-cf\"><div class=\"g-cols vc_row via_grid cols_1 laptops-cols_inherit tablets-cols_inherit mobiles-cols_1 valign_top type_default stacking_default\"><div class=\"wpb_column vc_column_container\"><div class=\"vc_column-inner\"><div class=\"wpb_text_column\"><div class=\"wpb_wrapper\"><p><span style=\"font-weight: 400;\">Danes so kerami\u010dni zobni vsadki brez kovin vse bolj priljubljena re\u0161itev med ozave\u0161\u010denimi pacienti. Izdelani so iz cirkonijeve keramike, zato se imenujejo tudi cirkonijevi zobni vsadki.   <\/span><\/p>\n<h2>Kdaj in zakaj priporo\u010damo cirkonijeve zobne vsadke?<\/h2>\n<p><span style=\"font-weight: 400;\">Cirkonijska keramika spada med biokompatibilne materiale in je tudi hipoalergen material. Zato ti zobni vsadki odpravljajo majhno mo\u017enost alergijskih reakcij, ki so lahko prisotne pri standardnih titanovih vsadkih. <\/span><\/p>\n<p><span style=\"font-weight: 400;\">Prav tako je povr\u0161ina cirkonijevih vsadkov gladka in manj nagnjena k kopi\u010denju zobnih oblog in bakterij, kar znatno zmanj\u0161a tveganje za vnetje in periimplantitis. Pojavnost vnetja okoli vsadkov je bistveno manj pogosta kot pri titanovih vsadkih. Znanstvene raziskave ka\u017eejo, da v primerjavi s titanom cirkonijevi delci enake velikosti ne povzro\u010dajo vnetnega imunskega odziva (TNF-  <\/span><span style=\"font-weight: 400;\">\u03b1<\/span> <span style=\"font-weight: 400;\">).<\/span><\/p>\n<p><span style=\"font-weight: 400;\">Zobni vsadki iz cirkonija so bele barve in bodo zato estetsko videti bolje pri vseh pacientih, ki imajo vsadek name\u0161\u010den namesto sprednjih zob, zlasti pri tistih z naravno tankimi dlesnimi in\/ali bolj prozorno kostno strukturo.  <\/span><\/p>\n<p><span style=\"font-weight: 400;\">Kovinski rob titanovih vsadkov se v\u010dasih s\u010dasoma poka\u017ee nad krono, \u010de se dlesni umaknejo. Umikanje dlesni je naraven proces staranja, zato na\u0161im pacientom, zlasti mlaj\u0161im, obi\u010dajno priporo\u010damo kerami\u010dni vsadek kot funkcionalno, a tudi trajno estetsko re\u0161itev. <\/span><\/p>\n<p><span style=\"font-weight: 400;\">\u010ce vas zanimajo podrobne razlike med titanovimi in cirkonijevimi zobnimi vsadki ter ve\u010d o sami namestitvi zobnih vsadkov, prenesite ta e-priro\u010dnik za paciente:<\/span><\/p>\n<\/div><\/div><section class=\"l-section wpb_row us_custom_887a049b height_small width_full\"><div class=\"l-section-h i-cf\"><div class=\"g-cols vc_row via_grid cols_1 laptops-cols_inherit tablets-cols_inherit mobiles-cols_1 valign_top type_default stacking_default\"><div class=\"wpb_column vc_column_container us_custom_606460ee has_bg_color\"><div class=\"vc_column-inner\"><div class=\"w-image us_custom_366c358f align_center\"><div class=\"w-image-h\"><img decoding=\"async\" width=\"300\" height=\"137\" src=\"https:\/\/www.apolonija.hr\/wp-content\/uploads\/2024\/12\/25-godina-iskustva-ugradnje-implantata.png\" class=\"attachment-full size-full\" alt=\"25 godina iskustva ugradnje zubnih implantata\" loading=\"lazy\" \/><\/div><\/div><div class=\"w-text us_custom_d44d8758 has_text_color\"><span class=\"w-text-h\"><span class=\"w-text-value\">E-priro\u010dnik za paciente<\/span><\/span><\/div><h4 class=\"w-text us_custom_81344d0e has_text_color\"><span class=\"w-text-h\"><span class=\"w-text-value\">ZOBNI IMPLANTATI:<\/span><\/span><\/h4><div class=\"w-text us_custom_e35f635b has_text_color\"><span class=\"w-text-h\"><span class=\"w-text-value\">Kateri, zakaj in koliko?<\/span><\/span><\/div>\n<div class=\"wpcf7 no-js us_custom_0d89c9ec jc-form-white-privacy-txt w-form layout_ver for_cform\" id=\"wpcf7-f20824-o1\" lang=\"sl-SI\" dir=\"ltr\" data-wpcf7-id=\"20824\">\n<div class=\"screen-reader-response\"><p role=\"status\" aria-live=\"polite\" aria-atomic=\"true\"><\/p> <ul><\/ul><\/div>\n<form action=\"\/sl\/wp-json\/wp\/v2\/pages\/20838#wpcf7-f20824-o1\" method=\"post\" class=\"wpcf7-form init\" aria-label=\"Kontaktni obrazec\" novalidate=\"novalidate\" data-status=\"init\">\n<fieldset class=\"hidden-fields-container\"><input type=\"hidden\" name=\"_wpcf7\" value=\"20824\" \/><input type=\"hidden\" name=\"_wpcf7_version\" value=\"6.1.5\" \/><input type=\"hidden\" name=\"_wpcf7_locale\" value=\"sl_SI\" \/><input type=\"hidden\" name=\"_wpcf7_unit_tag\" value=\"wpcf7-f20824-o1\" \/><input type=\"hidden\" name=\"_wpcf7_container_post\" value=\"0\" \/><input type=\"hidden\" name=\"_wpcf7_posted_data_hash\" value=\"\" \/>\n<\/fieldset>\n<div class=\"w-form-h\">\n\n\n<div class=\"w-form-row for_text required has_label move_label with_icon\">\n  <div class=\"w-form-row-label\">  \n    <span>Va\u0161 e-po\u0161tni naslov*<\/span>\n  <\/div>\n  <div class=\"w-form-row-field\">\n    <i class=\"fal fa-envelope\"><\/i>  \n    <span class=\"wpcf7-form-control-wrap\" data-name=\"your-email\"><input size=\"40\" maxlength=\"400\" class=\"wpcf7-form-control wpcf7-email wpcf7-validates-as-required wpcf7-text wpcf7-validates-as-email\" aria-required=\"true\" aria-invalid=\"false\" value=\"\" type=\"email\" name=\"your-email\" \/><\/span>\n  <\/div>\n<\/div>\n\n<div class=\"w-form-row for_agreement required\">\n  <div class=\"w-form-row-field\">\n S prenosom e-priro\u010dnika sprejemate <a href=\"\/sl\/pogoji-uporabe\/\" target=\"_blank\">politiko zasebnosti.<\/a>\n  <\/div>\n<\/div>\n\n<div class=\"w-form-row for_submit\">\n  <div class=\"w-form-row-field\">\n    <input class=\"wpcf7-form-control wpcf7-submit has-spinner w-btn us-btn-style_29\" type=\"submit\" value=\"PRENESI\" \/>\n  <\/div>\n<\/div>\n\n<\/div><p style=\"display: none !important;\" class=\"akismet-fields-container\" data-prefix=\"_wpcf7_ak_\"><label>&#916;<textarea name=\"_wpcf7_ak_hp_textarea\" cols=\"45\" rows=\"8\" maxlength=\"100\"><\/textarea><\/label><input type=\"hidden\" id=\"ak_js_1\" name=\"_wpcf7_ak_js\" value=\"8\"\/><script>\ndocument.getElementById( \"ak_js_1\" ).setAttribute( \"value\", ( new Date() ).getTime() );\n<\/script>\n<\/p><div class=\"wpcf7-response-output\" aria-hidden=\"true\"><\/div>\n<\/form>\n<\/div>\n<div class=\"w-tabs jc-ezbirka style_default switch_click accordion remove_indents\" style=\"--sections-title-size:inherit\"><div class=\"w-tabs-sections titles-align_none icon_chevron cpos_right\"><div class=\"w-tabs-section has_text_color\" id=\"o086\" style=\"color:#ffffff;\"><button class=\"w-tabs-section-header\" aria-controls=\"content-o086\" aria-expanded=\"false\"><div class=\"w-tabs-section-title\">Oglejte si, kaj boste izvedeli v tem e-priro\u010dniku<\/div><div class=\"w-tabs-section-control\"><\/div><\/button><div  class=\"w-tabs-section-content\" id=\"content-o086\"><div class=\"w-tabs-section-content-h i-cf\"><div class=\"wpb_text_column\"><div class=\"wpb_wrapper\"><ul>\n<li><em>Katere vrste zobnih vsadkov obstajajo?<\/em><\/li>\n<li><em>Razlika med kovinskimi titanovimi in cirkonijevimi zobnimi vsadki brez kovine<\/em><\/li>\n<li><em>Kaj pomeni do\u017eivljenjska garancija na zobne vsadke?<\/em><\/li>\n<li><em>Razlika med premium in drugimi zobnimi vsadki<\/em><\/li>\n<li><em>Katere diagnosti\u010dne slike so potrebne za vstavitev zobnega vsadka?<\/em><\/li>\n<li><em>Kako izgleda na\u010drtovanje vstavitve zobnih vsadkov?<\/em><\/li>\n<li><em>Ali obstaja alergija na zobne vsadke?<\/em><\/li>\n<li><em>Odgovori na najpogostej\u0161e strahove pacientov glede postopka<\/em><\/li>\n<li><em>in \u0161e en &#8230;<\/em><\/li>\n<\/ul>\n<\/div><\/div><\/div><\/div><\/div><\/div><\/div><\/div><\/div><\/div><\/div><\/section>\n<div class=\"wpb_text_column\"><div class=\"wpb_wrapper\"><h2><strong>Iz \u010desa so narejeni kerami\u010dni zobni vsadki?<\/strong><\/h2>\n<p><span style=\"font-weight: 400;\">Kerami\u010dni zobni vsadki so izdelani iz cirkonijeve keramike, ki se pridobiva iz cirkonijevega dioksida (ZrO2).<\/span><\/p>\n<p><span style=\"font-weight: 400;\">Gre za kerami\u010dni material, ki se \u017ee desetletja uporablja pri izdelavi industrijskih rezalnikov, orodij, kuhinjskih no\u017eev itd. V medicini so ta material prvi\u010d uporabili v ortopediji. <\/span><\/p>\n<p><span style=\"font-weight: 400;\">Ker so izdelani iz cirkonijevega dioksida, se imenujejo tudi cirkonijev zobni vsadki.<\/span><\/p>\n<p><a ref=\"magnificPopup\" href=\"https:\/\/www.apolonija.hr\/wp-content\/uploads\/2024\/09\/cirkonski-keramicki-zubni-implantati-450x297.jpg\"><img decoding=\"async\" class=\"aligncenter size-medium wp-image-16879\" src=\"https:\/\/www.apolonija.hr\/wp-content\/uploads\/2024\/09\/cirkonski-keramicki-zubni-implantati-450x297.jpg\" alt=\"Zobni vsadki iz cirkonija\" width=\"450\" height=\"297\" srcset=\"https:\/\/www.apolonija.hr\/wp-content\/uploads\/2024\/09\/cirkonski-keramicki-zubni-implantati-450x297.jpg 450w, https:\/\/www.apolonija.hr\/wp-content\/uploads\/2024\/09\/cirkonski-keramicki-zubni-implantati-800x529.jpg 800w, https:\/\/www.apolonija.hr\/wp-content\/uploads\/2024\/09\/cirkonski-keramicki-zubni-implantati.jpg 956w\" sizes=\"(max-width: 450px) 100vw, 450px\" \/><\/a><i><span style=\"font-weight: 400;\">Bel kerami\u010dni implantat je videti kot naravna zobna korenina.<\/span><\/i><\/p>\n<h2><strong>Oseointegracija in celjenje<\/strong><\/h2>\n<p><span style=\"font-weight: 400;\">Cirkonijeva keramika spada med biokompatibilne materiale. Poleg tega je cirkonijeva keramika tudi hipoalergen material. Zato kerami\u010dni zobni vsadki odpravljajo izjemno majhno verjetnost alergijske reakcije na vstavljeni vsadek.  <\/span><\/p>\n<p><span style=\"font-weight: 400;\">Obe vrsti vsadkov dose\u017eeta najvi\u0161jo stopnjo oseointegracije in celjenja. Kerami\u010dni zobni vsadki ka\u017eejo tudi nekoliko manj\u0161o stopnjo privla\u010devanja in zadr\u017eevanja zobnih oblog in bakterij v primerjavi s titanovimi vsadki. <\/span><\/p>\n<h2><strong>Cena kerami\u010dnih zobnih vsadkov<\/strong><\/h2>\n<p><span style=\"font-weight: 400;\">Zaradi zelo kompleksne izdelave je cena kerami\u010dnega zobnega vsadka pribli\u017eno dvakrat vi\u0161ja od cene titanskega zobnega vsadka.<\/span><\/p>\n<\/div><\/div><div class=\"w-html\"><div class=\"jc-cta cta-prvi-pregled\">\n\t<p style=\"\">Pregled v polikliniki Apolonija rezervirajte prek telefonskega klica, WhatsAppa ali izpolnite kontaktni obrazec.<\/p>\n\t<a class=\"telefon w-btn us-btn-style_29 icon_atleft\" href=\"tel:+385 1 4883 800\"><i class=\"fas fa-phone-rotary\"><\/i><span class=\"w-btn-label\">+385 1 4883 800<\/span><\/a>\n\t<a class=\"whatsapp w-btn us-btn-style_29 icon_atleft\" href=\"https:\/\/wa.me\/385914883800\"><i class=\"fab fa-whatsapp\"><\/i><span class=\"w-btn-label\">+385 91 4883 800<\/span><\/a>\n\t<\/div><\/div><\/div><\/div><\/div><\/div><\/section>\n","protected":false},"excerpt":{"rendered":"","protected":false},"author":16,"featured_media":0,"parent":0,"menu_order":0,"comment_status":"closed","ping_status":"closed","template":"","meta":{"_acf_changed":false,"footnotes":""},"class_list":["post-20838","page","type-page","status-publish","hentry"],"acf":[],"yoast_head":"<!-- This site is optimized with the Yoast SEO plugin v27.5 - https:\/\/yoast.com\/product\/yoast-seo-wordpress\/ -->\n<title>Biokompatibilni cirkonijevi vsadki - Stomatolo\u0161ka poliklinika Apolonija<\/title>\n<meta name=\"robots\" content=\"index, follow, max-snippet:-1, max-image-preview:large, max-video-preview:-1\" \/>\n<link rel=\"canonical\" href=\"https:\/\/www.apolonija.hr\/sl\/biokompatibilni-cirkonijevi-vsadki\/\" \/>\n<meta property=\"og:locale\" content=\"sl_SI\" \/>\n<meta property=\"og:type\" content=\"article\" \/>\n<meta property=\"og:title\" content=\"Biokompatibilni cirkonijevi vsadki - Stomatolo\u0161ka poliklinika Apolonija\" \/>\n<meta property=\"og:url\" content=\"https:\/\/www.apolonija.hr\/sl\/biokompatibilni-cirkonijevi-vsadki\/\" \/>\n<meta property=\"og:site_name\" content=\"Stomatolo\u0161ka poliklinika Apolonija\" \/>\n<meta property=\"article:publisher\" content=\"https:\/\/www.facebook.com\/SPApolonija\/\" \/>\n<meta property=\"article:modified_time\" content=\"2025-05-08T22:53:58+00:00\" \/>\n<meta property=\"og:image\" content=\"https:\/\/www.apolonija.hr\/wp-content\/uploads\/2024\/09\/cirkonski-keramicki-zubni-implantati-450x297.jpg\" \/>\n<meta name=\"twitter:card\" content=\"summary_large_image\" \/>\n<meta name=\"twitter:label1\" content=\"Est. reading time\" \/>\n\t<meta name=\"twitter:data1\" content=\"2 minuti\" \/>\n<script type=\"application\/ld+json\" class=\"yoast-schema-graph\">{\"@context\":\"https:\\\/\\\/schema.org\",\"@graph\":[{\"@type\":\"WebPage\",\"@id\":\"https:\\\/\\\/www.apolonija.hr\\\/sl\\\/biokompatibilni-cirkonijevi-vsadki\\\/\",\"url\":\"https:\\\/\\\/www.apolonija.hr\\\/sl\\\/biokompatibilni-cirkonijevi-vsadki\\\/\",\"name\":\"Biokompatibilni cirkonijevi vsadki - Stomatolo\u0161ka poliklinika Apolonija\",\"isPartOf\":{\"@id\":\"https:\\\/\\\/www.apolonija.hr\\\/sl\\\/#website\"},\"primaryImageOfPage\":{\"@id\":\"https:\\\/\\\/www.apolonija.hr\\\/sl\\\/biokompatibilni-cirkonijevi-vsadki\\\/#primaryimage\"},\"image\":{\"@id\":\"https:\\\/\\\/www.apolonija.hr\\\/sl\\\/biokompatibilni-cirkonijevi-vsadki\\\/#primaryimage\"},\"thumbnailUrl\":\"https:\\\/\\\/www.apolonija.hr\\\/wp-content\\\/uploads\\\/2024\\\/09\\\/cirkonski-keramicki-zubni-implantati-450x297.jpg\",\"datePublished\":\"2025-03-14T10:38:06+00:00\",\"dateModified\":\"2025-05-08T22:53:58+00:00\",\"breadcrumb\":{\"@id\":\"https:\\\/\\\/www.apolonija.hr\\\/sl\\\/biokompatibilni-cirkonijevi-vsadki\\\/#breadcrumb\"},\"inLanguage\":\"sl-SI\",\"potentialAction\":[{\"@type\":\"ReadAction\",\"target\":[\"https:\\\/\\\/www.apolonija.hr\\\/sl\\\/biokompatibilni-cirkonijevi-vsadki\\\/\"]}]},{\"@type\":\"ImageObject\",\"inLanguage\":\"sl-SI\",\"@id\":\"https:\\\/\\\/www.apolonija.hr\\\/sl\\\/biokompatibilni-cirkonijevi-vsadki\\\/#primaryimage\",\"url\":\"https:\\\/\\\/www.apolonija.hr\\\/wp-content\\\/uploads\\\/2024\\\/09\\\/cirkonski-keramicki-zubni-implantati-450x297.jpg\",\"contentUrl\":\"https:\\\/\\\/www.apolonija.hr\\\/wp-content\\\/uploads\\\/2024\\\/09\\\/cirkonski-keramicki-zubni-implantati-450x297.jpg\"},{\"@type\":\"BreadcrumbList\",\"@id\":\"https:\\\/\\\/www.apolonija.hr\\\/sl\\\/biokompatibilni-cirkonijevi-vsadki\\\/#breadcrumb\",\"itemListElement\":[{\"@type\":\"ListItem\",\"position\":1,\"name\":\"Apolonija\",\"item\":\"https:\\\/\\\/www.apolonija.hr\\\/sl\\\/apolonija\\\/\"},{\"@type\":\"ListItem\",\"position\":2,\"name\":\"Biokompatibilni cirkonijevi vsadki\"}]},{\"@type\":\"WebSite\",\"@id\":\"https:\\\/\\\/www.apolonija.hr\\\/sl\\\/#website\",\"url\":\"https:\\\/\\\/www.apolonija.hr\\\/sl\\\/\",\"name\":\"Stomatolo\u0161ka poliklinika Apolonija\",\"description\":\"\u017divljenje, polno nasmehov\",\"publisher\":{\"@id\":\"https:\\\/\\\/www.apolonija.hr\\\/sl\\\/#organization\"},\"potentialAction\":[{\"@type\":\"SearchAction\",\"target\":{\"@type\":\"EntryPoint\",\"urlTemplate\":\"https:\\\/\\\/www.apolonija.hr\\\/sl\\\/?s={search_term_string}\"},\"query-input\":{\"@type\":\"PropertyValueSpecification\",\"valueRequired\":true,\"valueName\":\"search_term_string\"}}],\"inLanguage\":\"sl-SI\"},{\"@type\":\"Organization\",\"@id\":\"https:\\\/\\\/www.apolonija.hr\\\/sl\\\/#organization\",\"name\":\"Stomatolo\u0161ka poliklinika Apolonija\",\"url\":\"https:\\\/\\\/www.apolonija.hr\\\/sl\\\/\",\"logo\":{\"@type\":\"ImageObject\",\"inLanguage\":\"sl-SI\",\"@id\":\"https:\\\/\\\/www.apolonija.hr\\\/sl\\\/#\\\/schema\\\/logo\\\/image\\\/\",\"url\":\"https:\\\/\\\/www.apolonija.hr\\\/wp-content\\\/uploads\\\/2019\\\/10\\\/logo-1.png\",\"contentUrl\":\"https:\\\/\\\/www.apolonija.hr\\\/wp-content\\\/uploads\\\/2019\\\/10\\\/logo-1.png\",\"width\":500,\"height\":140,\"caption\":\"Stomatolo\u0161ka poliklinika Apolonija\"},\"image\":{\"@id\":\"https:\\\/\\\/www.apolonija.hr\\\/sl\\\/#\\\/schema\\\/logo\\\/image\\\/\"},\"sameAs\":[\"https:\\\/\\\/www.facebook.com\\\/SPApolonija\\\/\",\"https:\\\/\\\/www.instagram.com\\\/poliklinikaapolonija\\\/\",\"https:\\\/\\\/www.linkedin.com\\\/company\\\/stomatolo\u0161ka-poliklinika-apolonija\\\/\",\"https:\\\/\\\/www.tiktok.com\\\/@poliklinikaapolonija\"]}]}<\/script>\n<!-- \/ Yoast SEO plugin. -->","yoast_head_json":{"title":"Biokompatibilni cirkonijevi vsadki - Stomatolo\u0161ka poliklinika Apolonija","robots":{"index":"index","follow":"follow","max-snippet":"max-snippet:-1","max-image-preview":"max-image-preview:large","max-video-preview":"max-video-preview:-1"},"canonical":"https:\/\/www.apolonija.hr\/sl\/biokompatibilni-cirkonijevi-vsadki\/","og_locale":"sl_SI","og_type":"article","og_title":"Biokompatibilni cirkonijevi vsadki - Stomatolo\u0161ka poliklinika Apolonija","og_url":"https:\/\/www.apolonija.hr\/sl\/biokompatibilni-cirkonijevi-vsadki\/","og_site_name":"Stomatolo\u0161ka poliklinika Apolonija","article_publisher":"https:\/\/www.facebook.com\/SPApolonija\/","article_modified_time":"2025-05-08T22:53:58+00:00","og_image":[{"url":"https:\/\/www.apolonija.hr\/wp-content\/uploads\/2024\/09\/cirkonski-keramicki-zubni-implantati-450x297.jpg","type":"","width":"","height":""}],"twitter_card":"summary_large_image","twitter_misc":{"Est. reading time":"2 minuti"},"schema":{"@context":"https:\/\/schema.org","@graph":[{"@type":"WebPage","@id":"https:\/\/www.apolonija.hr\/sl\/biokompatibilni-cirkonijevi-vsadki\/","url":"https:\/\/www.apolonija.hr\/sl\/biokompatibilni-cirkonijevi-vsadki\/","name":"Biokompatibilni cirkonijevi vsadki - Stomatolo\u0161ka poliklinika Apolonija","isPartOf":{"@id":"https:\/\/www.apolonija.hr\/sl\/#website"},"primaryImageOfPage":{"@id":"https:\/\/www.apolonija.hr\/sl\/biokompatibilni-cirkonijevi-vsadki\/#primaryimage"},"image":{"@id":"https:\/\/www.apolonija.hr\/sl\/biokompatibilni-cirkonijevi-vsadki\/#primaryimage"},"thumbnailUrl":"https:\/\/www.apolonija.hr\/wp-content\/uploads\/2024\/09\/cirkonski-keramicki-zubni-implantati-450x297.jpg","datePublished":"2025-03-14T10:38:06+00:00","dateModified":"2025-05-08T22:53:58+00:00","breadcrumb":{"@id":"https:\/\/www.apolonija.hr\/sl\/biokompatibilni-cirkonijevi-vsadki\/#breadcrumb"},"inLanguage":"sl-SI","potentialAction":[{"@type":"ReadAction","target":["https:\/\/www.apolonija.hr\/sl\/biokompatibilni-cirkonijevi-vsadki\/"]}]},{"@type":"ImageObject","inLanguage":"sl-SI","@id":"https:\/\/www.apolonija.hr\/sl\/biokompatibilni-cirkonijevi-vsadki\/#primaryimage","url":"https:\/\/www.apolonija.hr\/wp-content\/uploads\/2024\/09\/cirkonski-keramicki-zubni-implantati-450x297.jpg","contentUrl":"https:\/\/www.apolonija.hr\/wp-content\/uploads\/2024\/09\/cirkonski-keramicki-zubni-implantati-450x297.jpg"},{"@type":"BreadcrumbList","@id":"https:\/\/www.apolonija.hr\/sl\/biokompatibilni-cirkonijevi-vsadki\/#breadcrumb","itemListElement":[{"@type":"ListItem","position":1,"name":"Apolonija","item":"https:\/\/www.apolonija.hr\/sl\/apolonija\/"},{"@type":"ListItem","position":2,"name":"Biokompatibilni cirkonijevi vsadki"}]},{"@type":"WebSite","@id":"https:\/\/www.apolonija.hr\/sl\/#website","url":"https:\/\/www.apolonija.hr\/sl\/","name":"Stomatolo\u0161ka poliklinika Apolonija","description":"\u017divljenje, polno nasmehov","publisher":{"@id":"https:\/\/www.apolonija.hr\/sl\/#organization"},"potentialAction":[{"@type":"SearchAction","target":{"@type":"EntryPoint","urlTemplate":"https:\/\/www.apolonija.hr\/sl\/?s={search_term_string}"},"query-input":{"@type":"PropertyValueSpecification","valueRequired":true,"valueName":"search_term_string"}}],"inLanguage":"sl-SI"},{"@type":"Organization","@id":"https:\/\/www.apolonija.hr\/sl\/#organization","name":"Stomatolo\u0161ka poliklinika Apolonija","url":"https:\/\/www.apolonija.hr\/sl\/","logo":{"@type":"ImageObject","inLanguage":"sl-SI","@id":"https:\/\/www.apolonija.hr\/sl\/#\/schema\/logo\/image\/","url":"https:\/\/www.apolonija.hr\/wp-content\/uploads\/2019\/10\/logo-1.png","contentUrl":"https:\/\/www.apolonija.hr\/wp-content\/uploads\/2019\/10\/logo-1.png","width":500,"height":140,"caption":"Stomatolo\u0161ka poliklinika Apolonija"},"image":{"@id":"https:\/\/www.apolonija.hr\/sl\/#\/schema\/logo\/image\/"},"sameAs":["https:\/\/www.facebook.com\/SPApolonija\/","https:\/\/www.instagram.com\/poliklinikaapolonija\/","https:\/\/www.linkedin.com\/company\/stomatolo\u0161ka-poliklinika-apolonija\/","https:\/\/www.tiktok.com\/@poliklinikaapolonija"]}]}},"_links":{"self":[{"href":"https:\/\/www.apolonija.hr\/sl\/wp-json\/wp\/v2\/pages\/20838","targetHints":{"allow":["GET"]}}],"collection":[{"href":"https:\/\/www.apolonija.hr\/sl\/wp-json\/wp\/v2\/pages"}],"about":[{"href":"https:\/\/www.apolonija.hr\/sl\/wp-json\/wp\/v2\/types\/page"}],"author":[{"embeddable":true,"href":"https:\/\/www.apolonija.hr\/sl\/wp-json\/wp\/v2\/users\/16"}],"replies":[{"embeddable":true,"href":"https:\/\/www.apolonija.hr\/sl\/wp-json\/wp\/v2\/comments?post=20838"}],"version-history":[{"count":2,"href":"https:\/\/www.apolonija.hr\/sl\/wp-json\/wp\/v2\/pages\/20838\/revisions"}],"predecessor-version":[{"id":20842,"href":"https:\/\/www.apolonija.hr\/sl\/wp-json\/wp\/v2\/pages\/20838\/revisions\/20842"}],"wp:attachment":[{"href":"https:\/\/www.apolonija.hr\/sl\/wp-json\/wp\/v2\/media?parent=20838"}],"curies":[{"name":"wp","href":"https:\/\/api.w.org\/{rel}","templated":true}]}}