{"id":20841,"date":"2024-08-28T07:38:34","date_gmt":"2024-08-28T05:38:34","guid":{"rendered":"https:\/\/www.apolonija.hr\/zgodovina-in-razvoj-poliklinike\/"},"modified":"2024-08-28T07:38:34","modified_gmt":"2024-08-28T05:38:34","slug":"zgodovina-in-razvoj-poliklinike","status":"publish","type":"page","link":"https:\/\/www.apolonija.hr\/sl\/zgodovina-in-razvoj-poliklinike\/","title":{"rendered":"Zgodovina in razvoj poliklinike"},"content":{"rendered":"<h2>Pol stoletja tradicije<\/h2>\n<p>Apolonija je bila ustanovljena na polstoletni tradiciji zasebne prakse, uporabi najsodobnej\u0161e tehnologije in nenehnem izbolj\u0161evanju na vseh podro\u010djih zobozdravstva. To so temelji, na katerih \u0161e danes gradimo in sistemati\u010dno izbolj\u0161ujemo svoje delo.   <\/p>\n<h3>Za\u010detki zobozdravstva<\/h3>\n<p>Dr. Mira Juki\u0107 Lauc je konec \u0161estdesetih let prej\u0161njega stoletja ustanovila zasebno zobozdravstveno ordinacijo v Zagrebu na naslovu Ilica 19.  <br \/>Po dolgoletnem delu v klinikah v \u0160vici in Nem\u010diji se je dr. Juki\u0107 Lauc odlo\u010dila, da bo v svoji praksi ohranila na\u010dela \u0161vicarske in nem\u0161ke stomatologije ter individualno oskrbo pacientov in njihovih dru\u017ein.<br \/>Zobozdravstvena ordinacija dr. Juki\u0107a Lauca je od svoje ustanovitve in skozi dolgoletno delovanje v vsakdanjo prakso uvedla najsodobnej\u0161e tehnolo\u0161ke postopke in postala ena najpomembnej\u0161ih zasebnih zobozdravstvenih ordinacij tistega \u010dasa.<br \/>Zobna klinika Apolonija, kot jo poznamo danes, je bila \u0161e naprej zgrajena na njenih na\u010delih.<br \/>Konec prej\u0161njega stoletja se je z odpiranjem dru\u017ebe in uveljavljanjem novih dru\u017ebenih in poslovnih svobo\u0161\u010din pojavila potreba in mo\u017enost oblikovanja institucionalne oblike zobozdravstvene ustanove, ki preraste okvir zobozdravstvenih ordinacij.<br \/>Ustanovljena je bila zobna poliklinika Apolonija, ki je lahko uvedla nove ravni storitev in specialisti\u010dne oskrbe za svoje paciente, ki jih je zaradi dobrega ugleda postajalo vse ve\u010d.<br \/>To je omogo\u010dilo zobozdravstveni polikliniki Apolonija, da je razvila in raz\u0161irila svojo dejavnost, hkrati pa ohranila na\u010dela, na katerih je bila ustanovljena. Za\u010detki digitalne tehnologije v zobozdravstvu so bili pacientom na Hrva\u0161kem omogo\u010deni s sistemati\u010dnim izbolj\u0161evanjem tehnologije, ki se uporablja pri vsakdanjem delu. <\/p>\n<h2>Zobozdravstvo za ve\u010d generacij<\/h2>\n<p>Na\u0161i pacienti so v sredi\u0161\u010du pozornosti in jim posve\u010damo najve\u010d \u010dasa in znanja. Na ta na\u010din zagotavljamo neprekinjeno dolgoro\u010dno in zanesljivo zobozdravstveno oskrbo.<br \/> Mnogi na\u0161i pacienti so \u017ee tretja generacija dru\u017ein, ki prihajajo v kliniko. \u010ce zobozdravstvo obravnavamo kot celoto, lahko za vsakega posameznega pacienta izberemo najbolj\u0161o metodo zdravljenja.<br \/> Na\u0161im pacientom \u017eelimo zagotoviti varnost in zaupanje v na\u0161e storitve, saj nam dajejo zaupanje, ki nas zavezuje k trajnemu in uspe\u0161nemu zobozdravstvenemu zdravljenju.<br \/> Zadovoljni pacienti, ki nimajo ve\u010d te\u017eav in strahov z zobmi, so najbolj\u0161i dokaz zdravni\u0161ke oskrbe, to je cilj, h kateremu stremimo in se po njem vodimo pri na\u0161em vsakodnevnem delu.  <\/p>\n<h2>Poslovna na\u010dela na\u0161ega dela<\/h2>\n<p>Poleg skrbi za paciente zobozdravstvena klinika Apolonija razvija poslovanje, ki poteka v skladu z znanstvenimi medicinskimi na\u010deli, pozitivno zakonodajo ter sodobnimi eti\u010dnimi in moralnimi normami. Vsakemu od na\u0161ih pacientov bi morali ponuditi najbolj\u0161o zdravstveno oskrbo in storitve.<br \/> Temelji na\u0161ega odnosa s pacienti so skladni z na\u010deli dru\u017ebene in finan\u010dne odgovornosti.   <\/p>\n<p>Verjamemo, da bi morali biti vsi enako spo\u0161tovani prav zaradi svoje raznolikosti. Stali\u0161\u010de poliklinike je, da so na\u010dela \u010dlovekovih pravic in svobode temeljne vrednote sodobne dru\u017ebe.<br \/> Globoko spo\u0161tujemo ideale razsvetljenstva in v sredi\u0161\u010de postavljamo \u010dloveka in znanost. Verjamemo, da mora zdravljenje temeljiti izklju\u010dno na znanstveno potrjenih dejstvih in na\u010delih zobozdravstva in\/ali medicine, ki temelji na dokazih (Evidence based dentistry \/ medicine).  <br \/>Zavezani smo k trajnostnemu upravljanju in izbolj\u0161evanju okolja, v katerem \u017eivimo. Nenehno uvajamo nove postopke in protokole za varovanje okolja in skrb za svet, ki ga zapu\u0161\u010damo prihodnjim generacijam.<br \/> Temelj na\u0161ega uspeha so na\u0161i zaposleni. \u017delimo ustvariti raznoliko, varno in odprto delovno okolje, v katerem lahko zaposleni rastejo in se razvijajo kot posamezniki in strokovnjaki pri svojem delu.  <\/p>\n<div class=\"jc-cta cta-prvi-pregled\">\n\t<p style=\"font-weight:600;\">Pregled v polikliniki Apolonija rezervirajte prek telefonskega klica, WhatsAppa ali izpolnite kontaktni obrazec.<\/p>\n\t<a class=\"telefon w-btn us-btn-style_29 icon_atleft\" href=\"tel:+385 1 4883 800\"><i class=\"fas fa-phone-rotary\"><\/i><span class=\"w-btn-label\">+385 1 4883 800<\/span><\/a>\n\t<a class=\"whatsapp w-btn us-btn-style_29 icon_atleft\" href=\"https:\/\/wa.me\/385914883800\"><i class=\"fab fa-whatsapp\"><\/i><span class=\"w-btn-label\">+385 91 4883 800<\/span><\/a>\n\t<\/div>\n","protected":false},"excerpt":{"rendered":"<p>Pol stoletja tradicije Apolonija je bila ustanovljena na polstoletni tradiciji zasebne prakse, uporabi najsodobnej\u0161e tehnologije in nenehnem izbolj\u0161evanju na vseh podro\u010djih zobozdravstva. To so temelji, na katerih \u0161e danes gradimo in sistemati\u010dno izbolj\u0161ujemo svoje delo. Za\u010detki zobozdravstva Dr. Mira Juki\u0107 Lauc je konec \u0161estdesetih let prej\u0161njega stoletja ustanovila zasebno zobozdravstveno ordinacijo v Zagrebu na naslovu&#8230;<\/p>\n","protected":false},"author":15,"featured_media":0,"parent":0,"menu_order":59,"comment_status":"closed","ping_status":"closed","template":"","meta":{"_acf_changed":false,"footnotes":""},"class_list":["post-20841","page","type-page","status-publish","hentry"],"acf":[],"yoast_head":"<!-- This site is optimized with the Yoast SEO plugin v27.5 - https:\/\/yoast.com\/product\/yoast-seo-wordpress\/ -->\n<title>Zgodovina in razvoj poliklinike - Stomatolo\u0161ka poliklinika Apolonija<\/title>\n<meta name=\"robots\" content=\"index, follow, max-snippet:-1, max-image-preview:large, max-video-preview:-1\" \/>\n<link rel=\"canonical\" href=\"https:\/\/www.apolonija.hr\/sl\/zgodovina-in-razvoj-poliklinike\/\" \/>\n<meta property=\"og:locale\" content=\"sl_SI\" \/>\n<meta property=\"og:type\" content=\"article\" \/>\n<meta property=\"og:title\" content=\"Zgodovina in razvoj poliklinike - Stomatolo\u0161ka poliklinika Apolonija\" \/>\n<meta property=\"og:description\" content=\"Pol stoletja tradicije Apolonija je bila ustanovljena na polstoletni tradiciji zasebne prakse, uporabi najsodobnej\u0161e tehnologije in nenehnem izbolj\u0161evanju na vseh podro\u010djih zobozdravstva. To so temelji, na katerih \u0161e danes gradimo in sistemati\u010dno izbolj\u0161ujemo svoje delo. Za\u010detki zobozdravstva Dr. Mira Juki\u0107 Lauc je konec \u0161estdesetih let prej\u0161njega stoletja ustanovila zasebno zobozdravstveno ordinacijo v Zagrebu na naslovu...\" \/>\n<meta property=\"og:url\" content=\"https:\/\/www.apolonija.hr\/sl\/zgodovina-in-razvoj-poliklinike\/\" \/>\n<meta property=\"og:site_name\" content=\"Stomatolo\u0161ka poliklinika Apolonija\" \/>\n<meta property=\"article:publisher\" content=\"https:\/\/www.facebook.com\/SPApolonija\/\" \/>\n<meta name=\"twitter:card\" content=\"summary_large_image\" \/>\n<meta name=\"twitter:label1\" content=\"Est. reading time\" \/>\n\t<meta name=\"twitter:data1\" content=\"3 minute\" \/>\n<script type=\"application\/ld+json\" class=\"yoast-schema-graph\">{\"@context\":\"https:\\\/\\\/schema.org\",\"@graph\":[{\"@type\":\"WebPage\",\"@id\":\"https:\\\/\\\/www.apolonija.hr\\\/sl\\\/zgodovina-in-razvoj-poliklinike\\\/\",\"url\":\"https:\\\/\\\/www.apolonija.hr\\\/sl\\\/zgodovina-in-razvoj-poliklinike\\\/\",\"name\":\"Zgodovina in razvoj poliklinike - Stomatolo\u0161ka poliklinika Apolonija\",\"isPartOf\":{\"@id\":\"https:\\\/\\\/www.apolonija.hr\\\/sl\\\/#website\"},\"datePublished\":\"2024-08-28T05:38:34+00:00\",\"breadcrumb\":{\"@id\":\"https:\\\/\\\/www.apolonija.hr\\\/sl\\\/zgodovina-in-razvoj-poliklinike\\\/#breadcrumb\"},\"inLanguage\":\"sl-SI\",\"potentialAction\":[{\"@type\":\"ReadAction\",\"target\":[\"https:\\\/\\\/www.apolonija.hr\\\/sl\\\/zgodovina-in-razvoj-poliklinike\\\/\"]}]},{\"@type\":\"BreadcrumbList\",\"@id\":\"https:\\\/\\\/www.apolonija.hr\\\/sl\\\/zgodovina-in-razvoj-poliklinike\\\/#breadcrumb\",\"itemListElement\":[{\"@type\":\"ListItem\",\"position\":1,\"name\":\"Apolonija\",\"item\":\"https:\\\/\\\/www.apolonija.hr\\\/sl\\\/apolonija\\\/\"},{\"@type\":\"ListItem\",\"position\":2,\"name\":\"Zgodovina in razvoj poliklinike\"}]},{\"@type\":\"WebSite\",\"@id\":\"https:\\\/\\\/www.apolonija.hr\\\/sl\\\/#website\",\"url\":\"https:\\\/\\\/www.apolonija.hr\\\/sl\\\/\",\"name\":\"Stomatolo\u0161ka poliklinika Apolonija\",\"description\":\"\u017divljenje, polno nasmehov\",\"publisher\":{\"@id\":\"https:\\\/\\\/www.apolonija.hr\\\/sl\\\/#organization\"},\"potentialAction\":[{\"@type\":\"SearchAction\",\"target\":{\"@type\":\"EntryPoint\",\"urlTemplate\":\"https:\\\/\\\/www.apolonija.hr\\\/sl\\\/?s={search_term_string}\"},\"query-input\":{\"@type\":\"PropertyValueSpecification\",\"valueRequired\":true,\"valueName\":\"search_term_string\"}}],\"inLanguage\":\"sl-SI\"},{\"@type\":\"Organization\",\"@id\":\"https:\\\/\\\/www.apolonija.hr\\\/sl\\\/#organization\",\"name\":\"Stomatolo\u0161ka poliklinika Apolonija\",\"url\":\"https:\\\/\\\/www.apolonija.hr\\\/sl\\\/\",\"logo\":{\"@type\":\"ImageObject\",\"inLanguage\":\"sl-SI\",\"@id\":\"https:\\\/\\\/www.apolonija.hr\\\/sl\\\/#\\\/schema\\\/logo\\\/image\\\/\",\"url\":\"https:\\\/\\\/www.apolonija.hr\\\/wp-content\\\/uploads\\\/2019\\\/10\\\/logo-1.png\",\"contentUrl\":\"https:\\\/\\\/www.apolonija.hr\\\/wp-content\\\/uploads\\\/2019\\\/10\\\/logo-1.png\",\"width\":500,\"height\":140,\"caption\":\"Stomatolo\u0161ka poliklinika Apolonija\"},\"image\":{\"@id\":\"https:\\\/\\\/www.apolonija.hr\\\/sl\\\/#\\\/schema\\\/logo\\\/image\\\/\"},\"sameAs\":[\"https:\\\/\\\/www.facebook.com\\\/SPApolonija\\\/\",\"https:\\\/\\\/www.instagram.com\\\/poliklinikaapolonija\\\/\",\"https:\\\/\\\/www.linkedin.com\\\/company\\\/stomatolo\u0161ka-poliklinika-apolonija\\\/\",\"https:\\\/\\\/www.tiktok.com\\\/@poliklinikaapolonija\"]}]}<\/script>\n<!-- \/ Yoast SEO plugin. -->","yoast_head_json":{"title":"Zgodovina in razvoj poliklinike - Stomatolo\u0161ka poliklinika Apolonija","robots":{"index":"index","follow":"follow","max-snippet":"max-snippet:-1","max-image-preview":"max-image-preview:large","max-video-preview":"max-video-preview:-1"},"canonical":"https:\/\/www.apolonija.hr\/sl\/zgodovina-in-razvoj-poliklinike\/","og_locale":"sl_SI","og_type":"article","og_title":"Zgodovina in razvoj poliklinike - Stomatolo\u0161ka poliklinika Apolonija","og_description":"Pol stoletja tradicije Apolonija je bila ustanovljena na polstoletni tradiciji zasebne prakse, uporabi najsodobnej\u0161e tehnologije in nenehnem izbolj\u0161evanju na vseh podro\u010djih zobozdravstva. To so temelji, na katerih \u0161e danes gradimo in sistemati\u010dno izbolj\u0161ujemo svoje delo. Za\u010detki zobozdravstva Dr. Mira Juki\u0107 Lauc je konec \u0161estdesetih let prej\u0161njega stoletja ustanovila zasebno zobozdravstveno ordinacijo v Zagrebu na naslovu...","og_url":"https:\/\/www.apolonija.hr\/sl\/zgodovina-in-razvoj-poliklinike\/","og_site_name":"Stomatolo\u0161ka poliklinika Apolonija","article_publisher":"https:\/\/www.facebook.com\/SPApolonija\/","twitter_card":"summary_large_image","twitter_misc":{"Est. reading time":"3 minute"},"schema":{"@context":"https:\/\/schema.org","@graph":[{"@type":"WebPage","@id":"https:\/\/www.apolonija.hr\/sl\/zgodovina-in-razvoj-poliklinike\/","url":"https:\/\/www.apolonija.hr\/sl\/zgodovina-in-razvoj-poliklinike\/","name":"Zgodovina in razvoj poliklinike - Stomatolo\u0161ka poliklinika Apolonija","isPartOf":{"@id":"https:\/\/www.apolonija.hr\/sl\/#website"},"datePublished":"2024-08-28T05:38:34+00:00","breadcrumb":{"@id":"https:\/\/www.apolonija.hr\/sl\/zgodovina-in-razvoj-poliklinike\/#breadcrumb"},"inLanguage":"sl-SI","potentialAction":[{"@type":"ReadAction","target":["https:\/\/www.apolonija.hr\/sl\/zgodovina-in-razvoj-poliklinike\/"]}]},{"@type":"BreadcrumbList","@id":"https:\/\/www.apolonija.hr\/sl\/zgodovina-in-razvoj-poliklinike\/#breadcrumb","itemListElement":[{"@type":"ListItem","position":1,"name":"Apolonija","item":"https:\/\/www.apolonija.hr\/sl\/apolonija\/"},{"@type":"ListItem","position":2,"name":"Zgodovina in razvoj poliklinike"}]},{"@type":"WebSite","@id":"https:\/\/www.apolonija.hr\/sl\/#website","url":"https:\/\/www.apolonija.hr\/sl\/","name":"Stomatolo\u0161ka poliklinika Apolonija","description":"\u017divljenje, polno nasmehov","publisher":{"@id":"https:\/\/www.apolonija.hr\/sl\/#organization"},"potentialAction":[{"@type":"SearchAction","target":{"@type":"EntryPoint","urlTemplate":"https:\/\/www.apolonija.hr\/sl\/?s={search_term_string}"},"query-input":{"@type":"PropertyValueSpecification","valueRequired":true,"valueName":"search_term_string"}}],"inLanguage":"sl-SI"},{"@type":"Organization","@id":"https:\/\/www.apolonija.hr\/sl\/#organization","name":"Stomatolo\u0161ka poliklinika Apolonija","url":"https:\/\/www.apolonija.hr\/sl\/","logo":{"@type":"ImageObject","inLanguage":"sl-SI","@id":"https:\/\/www.apolonija.hr\/sl\/#\/schema\/logo\/image\/","url":"https:\/\/www.apolonija.hr\/wp-content\/uploads\/2019\/10\/logo-1.png","contentUrl":"https:\/\/www.apolonija.hr\/wp-content\/uploads\/2019\/10\/logo-1.png","width":500,"height":140,"caption":"Stomatolo\u0161ka poliklinika Apolonija"},"image":{"@id":"https:\/\/www.apolonija.hr\/sl\/#\/schema\/logo\/image\/"},"sameAs":["https:\/\/www.facebook.com\/SPApolonija\/","https:\/\/www.instagram.com\/poliklinikaapolonija\/","https:\/\/www.linkedin.com\/company\/stomatolo\u0161ka-poliklinika-apolonija\/","https:\/\/www.tiktok.com\/@poliklinikaapolonija"]}]}},"_links":{"self":[{"href":"https:\/\/www.apolonija.hr\/sl\/wp-json\/wp\/v2\/pages\/20841","targetHints":{"allow":["GET"]}}],"collection":[{"href":"https:\/\/www.apolonija.hr\/sl\/wp-json\/wp\/v2\/pages"}],"about":[{"href":"https:\/\/www.apolonija.hr\/sl\/wp-json\/wp\/v2\/types\/page"}],"author":[{"embeddable":true,"href":"https:\/\/www.apolonija.hr\/sl\/wp-json\/wp\/v2\/users\/15"}],"replies":[{"embeddable":true,"href":"https:\/\/www.apolonija.hr\/sl\/wp-json\/wp\/v2\/comments?post=20841"}],"version-history":[{"count":0,"href":"https:\/\/www.apolonija.hr\/sl\/wp-json\/wp\/v2\/pages\/20841\/revisions"}],"wp:attachment":[{"href":"https:\/\/www.apolonija.hr\/sl\/wp-json\/wp\/v2\/media?parent=20841"}],"curies":[{"name":"wp","href":"https:\/\/api.w.org\/{rel}","templated":true}]}}