{"id":20848,"date":"2025-03-14T11:36:27","date_gmt":"2025-03-14T10:36:27","guid":{"rendered":"https:\/\/www.apolonija.hr\/zobna-imunoterapija\/"},"modified":"2025-05-09T00:54:02","modified_gmt":"2025-05-08T22:54:02","slug":"zobna-imunoterapija","status":"publish","type":"page","link":"https:\/\/www.apolonija.hr\/sl\/zobna-imunoterapija\/","title":{"rendered":"Zobna imunoterapija"},"content":{"rendered":"<section class=\"l-section wpb_row height_auto width_full\"><div class=\"l-section-h i-cf\"><div class=\"g-cols vc_row via_grid cols_1 laptops-cols_inherit tablets-cols_inherit mobiles-cols_1 valign_top type_default stacking_default\"><div class=\"wpb_column vc_column_container\"><div class=\"vc_column-inner\"><div class=\"wpb_text_column\"><div class=\"wpb_wrapper\"><h2>Zobna imunoterapija<\/h2>\n<p><span style=\"font-weight: 400;\">Kot doktorji dentalne medicine se zavedamo dejstva, da zobozdravstvo ne pomeni le skrbi za zobe, temve\u010d je del \u0161ir\u0161e slike ohranjanja celotnega zdravja organizma.<\/span><\/p>\n<p><span style=\"font-weight: 400;\">Imunski sistem prepozna in uni\u010duje mikroorganizme, sodeluje pri obnovi in<\/span> <span style=\"font-weight: 400;\">\u200b\u200bceljenju ter prepre\u010duje oku\u017ebe, zato je bistvenega pomena za ohranjanje ustnega zdravja.<\/span> <span style=\"font-weight: 400;\">karies, ampak tudi splo\u0161no zdravje. Z zdravim na\u010dinom \u017eivljenja, pravilno prehrano in   <\/span><span style=\"font-weight: 400;\">Z prehranskimi dopolnili lahko mo\u010dno pove\u010damo aktivnost imunskega sistema. To pomeni   <\/span><span style=\"font-weight: 400;\">Lahko zmanj\u0161ajo vnetne procese, prepre\u010dijo prihodnje oku\u017ebe in pove\u010dajo<\/span> <span style=\"font-weight: 400;\">\u0161tevilo naravnih regenerativnih procesov v telesu.<\/span><\/p>\n<p><span style=\"font-weight: 400;\">Protokoli zobne imunoterapije Poliklinike Apolonija se uporabljajo individualno, odvisno od stanja in potreb organizma ter na\u010drtovanih terapevtskih postopkov. Klju\u010dna in znanstveno dokazana prehranska dopolnila, ki se najpogosteje priporo\u010dajo, so naslednja: <\/span><\/p>\n<h2>Vitamin C<\/h2>\n<p><span style=\"font-weight: 400;\">Vitamina C ali askorbinske kisline telo ne more samo sintetizirati in ga je treba dobiti s prehrano.  <\/span><span style=\"font-weight: 400;\">jemati s prehrano ali prehranskimi dopolnili. Vitamin C je potreben za proizvodnjo   <\/span><span style=\"font-weight: 400;\">kolagena, s \u010dimer se ohranja zdrave dlesni in s tem podpira njihova elasti\u010dnost ter  <\/span><span style=\"font-weight: 400;\">mo\u010d. Uporablja se tudi za pospe\u0161itev celjenja, ker je mo\u010dno sredstvo.   <\/span><span style=\"font-weight: 400;\">antioksidant, ki \u0161\u010diti celice pred po\u0161kodbami, zaradi \u010desar je idealen za proces okrevanja  <\/span><span style=\"font-weight: 400;\">po ustnih operacijah in po\u0161kodbah. Tudi redno u\u017eivanje vitamina C   <\/span><span style=\"font-weight: 400;\">lahko pomaga v boju proti parodontitisu in gingivitisu. Zelo visoki odmerki vitamina C, ki se dajejo intravensko, lahko do neke mere delujejo celo kot nadomestek za preventivno za\u0161\u010dito z antibiotiki. <\/span><\/p>\n<h2>Vitamin D<\/h2>\n<p><span style=\"font-weight: 400;\">Najpomembnej\u0161a vloga vitamina D je absorpcija kalcija in fosfata, ki sta bistvena za zdravje.  <\/span><span style=\"font-weight: 400;\">kosti in zobje. Nezadostna raven vitamina D lahko povzro\u010di oslabitev kosti.   <\/span><span style=\"font-weight: 400;\">in pove\u010dano tveganje za osteoporozo in zlome kosti. Poleg tega lahko vitamin D   <\/span><span style=\"font-weight: 400;\">zmanj\u0161a tveganje za nastanek kariesa, saj pomaga vzdr\u017eevati optimalno raven kalcija v  <\/span><span style=\"font-weight: 400;\">zobe, zaradi \u010desar so bolj odporni na demineralizacijo. Dokazano je, da ta vitamin bistveno   <\/span><span style=\"font-weight: 400;\">izbolj\u0161a delovanje imunskega sistema, s \u010dimer zmanj\u0161a tveganje za oku\u017ebe in avtoimunske bolezni  <\/span><span style=\"font-weight: 400;\">bolezni. Vitamin D je verjetno najpomembnej\u0161i dejavnik pri regeneraciji kosti in sprejemanju vsadka ter se redno daje pred in po implantaciji. <\/span><\/p>\n<h2>Vitamin K<\/h2>\n<p><span style=\"font-weight: 400;\">Ta vitamin ima klju\u010dno vlogo pri aktiviranju beljakovin, ki so potrebne za<\/span> <span style=\"font-weight: 400;\">proces strjevanja krvi, kar prepre\u010duje prekomerno krvavitev, zato je znan tudi kot<\/span> <span style=\"font-weight: 400;\">antihemoragi\u010dni vitamin. Zaradi svoje funkcije vezave kalcija na kosti deluje   <\/span><span style=\"font-weight: 400;\">sinergisti\u010dno z vitaminom D, kar prispeva k zdravju kosti in hrustanca  <\/span><span style=\"font-weight: 400;\">s \u010dimer prepre\u010dimo njihovo resorpcijo. Predvsem pa ta vitamin prepre\u010duje   <\/span><span style=\"font-weight: 400;\">kalcifikacija krvnih \u017eil z blokiranjem kopi\u010denja kalcijevih kristalov v krvnih<\/span> <span style=\"font-weight: 400;\">\u017eilah, s \u010dimer se zmanj\u0161a tveganje za razvoj sr\u010dno-\u017eilnih bolezni.<\/span><\/p>\n<h2>Kalcij<\/h2>\n<p><span style=\"font-weight: 400;\">Kalcij kot gradnik kosti in zob igra klju\u010dno vlogo pri ohranjanju njihove<\/span> <span style=\"font-weight: 400;\">celovitosti in trdnosti, vendar se njegova koncentracija s starostjo \u017eal zmanj\u0161uje.<\/span> <span style=\"font-weight: 400;\">Po posegu zobnih vsadkov je kalcij pomemben za proces celjenja in<\/span> <span style=\"font-weight: 400;\">regeneracija kosti (oseointegracija). Tudi v primeru manj\u0161e po\u0161kodbe zoba   <\/span><span style=\"font-weight: 400;\">sklenina, kalcij v dolo\u010denih oblikah v slini lahko pomaga pri procesu remineralizacije sklenine, ki postane bolj odporna na obrabo in karies.<\/span><\/p>\n<h2>Cink<\/h2>\n<p><span style=\"font-weight: 400;\">Cink ima klju\u010dno vlogo pri krepitvi imunskega sistema zaradi svojih  <\/span><span style=\"font-weight: 400;\">antibakterijske, protivnetne in regenerativne lastnosti. Cink prav tako prispeva   <\/span><span style=\"font-weight: 400;\">zdravje dlesni in ustne sluznice ter je koristen pri zdravljenju bolezni, kot so  <\/span><span style=\"font-weight: 400;\">gingivitis in parodontitis. Poleg tega je cink pomemben za ohranjanje zdrave zobne sklenine,   <\/span><span style=\"font-weight: 400;\">zmanj\u0161uje tveganje za nastanek kariesa in prispeva k remineralizaciji zob. Njegova uporaba lahko   <\/span><span style=\"font-weight: 400;\">Posebej uporaben je lahko pri bolnikih z oslabljenim imunskim sistemom, pa tudi pri tistih,<\/span> <span style=\"font-weight: 400;\">ki se podvr\u017eejo ustni operaciji, saj pospe\u0161i proces celjenja ran in<\/span> <span style=\"font-weight: 400;\">zmanj\u0161a tveganje za oku\u017ebe.<\/span><\/p>\n<h2>Omega-3 ma\u0161\u010dobne kisline<\/h2>\n<p><span style=\"font-weight: 400;\">Omega-3 ma\u0161\u010dobne kisline igrajo pomembno vlogo pri ohranjanju ustnega zdravja, ker  <\/span><span style=\"font-weight: 400;\">njegove protivnetne in antioksidativne lastnosti. Redno u\u017eivanje omega-3 ma\u0161\u010dobnih kislin   <\/span><span style=\"font-weight: 400;\">kislina zmanj\u0161uje tveganje za razvoj bolezni dlesni, kot sta gingivitis in parodontitis.<\/span> <span style=\"font-weight: 400;\">Poleg tega lahko omega-3 ma\u0161\u010dobne kisline pomagajo zni\u017eati<\/span> <span style=\"font-weight: 400;\">raven slabega holesterola, s \u010dimer izbolj\u0161ajo zdravje krvnih \u017eil, kar prispeva k bolj\u0161i oskrbi tkiv.<\/span> <span style=\"font-weight: 400;\">hranila in hitrej\u0161i proces regeneracije. To tudi zmanj\u0161uje bole\u010dino,   <\/span><span style=\"font-weight: 400;\">Skraj\u0161a \u010das celjenja ran, kar mo\u010dno prispeva k hitrej\u0161emu okrevanju<\/span> <span style=\"font-weight: 400;\">po oralni operaciji.<\/span><\/p>\n<h2>Antibiotiki<\/h2>\n<p><span style=\"font-weight: 400;\">Zdravila, ki se uporabljajo za zdravljenje in prepre\u010devanje bolezni, ki jih povzro\u010dajo bakterije.  <\/span><span style=\"font-weight: 400;\">Delujejo tako, da onemogo\u010dijo presnovne procese bakterij, zaradi \u010desar te izgubijo sposobnost  <\/span><span style=\"font-weight: 400;\">rast, razmno\u017eevanje ali pre\u017eivetje v gostiteljskem organizmu. Delujejo selektivno   <\/span><span style=\"font-weight: 400;\">na bakterije, medtem ko so za gostiteljski organizem nestrupene ali imajo sprejemljivo<\/span> <span style=\"font-weight: 400;\">raven toksi\u010dnosti, zato je priporo\u010dljivo so\u010dasno jemanje probiotikov, da se<\/span> <span style=\"font-weight: 400;\">ohranjati ravnovesje \u010drevesne mikrobiote. V polikliniki Apolonija se ne uporabljajo rutinsko, temve\u010d le takrat, ko je njihova uporaba nujna. <\/span><\/p>\n<\/div><\/div><div class=\"w-html\"><div class=\"jc-cta cta-prvi-pregled\">\n\t<p style=\"\">Pregled v polikliniki Apolonija rezervirajte prek telefonskega klica, WhatsAppa ali izpolnite kontaktni obrazec.<\/p>\n\t<a class=\"telefon w-btn us-btn-style_29 icon_atleft\" href=\"tel:+385 1 4883 800\"><i class=\"fas fa-phone-rotary\"><\/i><span class=\"w-btn-label\">+385 1 4883 800<\/span><\/a>\n\t<a class=\"whatsapp w-btn us-btn-style_29 icon_atleft\" href=\"https:\/\/wa.me\/385914883800\"><i class=\"fab fa-whatsapp\"><\/i><span class=\"w-btn-label\">+385 91 4883 800<\/span><\/a>\n\t<\/div><\/div><\/div><\/div><\/div><\/div><\/section>\n","protected":false},"excerpt":{"rendered":"","protected":false},"author":16,"featured_media":0,"parent":0,"menu_order":0,"comment_status":"closed","ping_status":"closed","template":"","meta":{"_acf_changed":false,"footnotes":""},"class_list":["post-20848","page","type-page","status-publish","hentry"],"acf":[],"yoast_head":"<!-- This site is optimized with the Yoast SEO plugin v27.5 - https:\/\/yoast.com\/product\/yoast-seo-wordpress\/ -->\n<title>Zobna imunoterapija - Stomatolo\u0161ka poliklinika Apolonija<\/title>\n<meta name=\"robots\" content=\"index, follow, max-snippet:-1, max-image-preview:large, max-video-preview:-1\" \/>\n<link rel=\"canonical\" href=\"https:\/\/www.apolonija.hr\/sl\/zobna-imunoterapija\/\" \/>\n<meta property=\"og:locale\" content=\"sl_SI\" \/>\n<meta property=\"og:type\" content=\"article\" \/>\n<meta property=\"og:title\" content=\"Zobna imunoterapija - Stomatolo\u0161ka poliklinika Apolonija\" \/>\n<meta property=\"og:url\" content=\"https:\/\/www.apolonija.hr\/sl\/zobna-imunoterapija\/\" \/>\n<meta property=\"og:site_name\" content=\"Stomatolo\u0161ka poliklinika Apolonija\" \/>\n<meta property=\"article:publisher\" content=\"https:\/\/www.facebook.com\/SPApolonija\/\" \/>\n<meta property=\"article:modified_time\" content=\"2025-05-08T22:54:02+00:00\" \/>\n<meta name=\"twitter:card\" content=\"summary_large_image\" \/>\n<meta name=\"twitter:label1\" content=\"Est. reading time\" \/>\n\t<meta name=\"twitter:data1\" content=\"4 minute\" \/>\n<script type=\"application\/ld+json\" class=\"yoast-schema-graph\">{\"@context\":\"https:\\\/\\\/schema.org\",\"@graph\":[{\"@type\":\"WebPage\",\"@id\":\"https:\\\/\\\/www.apolonija.hr\\\/sl\\\/zobna-imunoterapija\\\/\",\"url\":\"https:\\\/\\\/www.apolonija.hr\\\/sl\\\/zobna-imunoterapija\\\/\",\"name\":\"Zobna imunoterapija - Stomatolo\u0161ka poliklinika Apolonija\",\"isPartOf\":{\"@id\":\"https:\\\/\\\/www.apolonija.hr\\\/sl\\\/#website\"},\"datePublished\":\"2025-03-14T10:36:27+00:00\",\"dateModified\":\"2025-05-08T22:54:02+00:00\",\"breadcrumb\":{\"@id\":\"https:\\\/\\\/www.apolonija.hr\\\/sl\\\/zobna-imunoterapija\\\/#breadcrumb\"},\"inLanguage\":\"sl-SI\",\"potentialAction\":[{\"@type\":\"ReadAction\",\"target\":[\"https:\\\/\\\/www.apolonija.hr\\\/sl\\\/zobna-imunoterapija\\\/\"]}]},{\"@type\":\"BreadcrumbList\",\"@id\":\"https:\\\/\\\/www.apolonija.hr\\\/sl\\\/zobna-imunoterapija\\\/#breadcrumb\",\"itemListElement\":[{\"@type\":\"ListItem\",\"position\":1,\"name\":\"Apolonija\",\"item\":\"https:\\\/\\\/www.apolonija.hr\\\/sl\\\/apolonija\\\/\"},{\"@type\":\"ListItem\",\"position\":2,\"name\":\"Zobna imunoterapija\"}]},{\"@type\":\"WebSite\",\"@id\":\"https:\\\/\\\/www.apolonija.hr\\\/sl\\\/#website\",\"url\":\"https:\\\/\\\/www.apolonija.hr\\\/sl\\\/\",\"name\":\"Stomatolo\u0161ka poliklinika Apolonija\",\"description\":\"\u017divljenje, polno nasmehov\",\"publisher\":{\"@id\":\"https:\\\/\\\/www.apolonija.hr\\\/sl\\\/#organization\"},\"potentialAction\":[{\"@type\":\"SearchAction\",\"target\":{\"@type\":\"EntryPoint\",\"urlTemplate\":\"https:\\\/\\\/www.apolonija.hr\\\/sl\\\/?s={search_term_string}\"},\"query-input\":{\"@type\":\"PropertyValueSpecification\",\"valueRequired\":true,\"valueName\":\"search_term_string\"}}],\"inLanguage\":\"sl-SI\"},{\"@type\":\"Organization\",\"@id\":\"https:\\\/\\\/www.apolonija.hr\\\/sl\\\/#organization\",\"name\":\"Stomatolo\u0161ka poliklinika Apolonija\",\"url\":\"https:\\\/\\\/www.apolonija.hr\\\/sl\\\/\",\"logo\":{\"@type\":\"ImageObject\",\"inLanguage\":\"sl-SI\",\"@id\":\"https:\\\/\\\/www.apolonija.hr\\\/sl\\\/#\\\/schema\\\/logo\\\/image\\\/\",\"url\":\"https:\\\/\\\/www.apolonija.hr\\\/wp-content\\\/uploads\\\/2019\\\/10\\\/logo-1.png\",\"contentUrl\":\"https:\\\/\\\/www.apolonija.hr\\\/wp-content\\\/uploads\\\/2019\\\/10\\\/logo-1.png\",\"width\":500,\"height\":140,\"caption\":\"Stomatolo\u0161ka poliklinika Apolonija\"},\"image\":{\"@id\":\"https:\\\/\\\/www.apolonija.hr\\\/sl\\\/#\\\/schema\\\/logo\\\/image\\\/\"},\"sameAs\":[\"https:\\\/\\\/www.facebook.com\\\/SPApolonija\\\/\",\"https:\\\/\\\/www.instagram.com\\\/poliklinikaapolonija\\\/\",\"https:\\\/\\\/www.linkedin.com\\\/company\\\/stomatolo\u0161ka-poliklinika-apolonija\\\/\",\"https:\\\/\\\/www.tiktok.com\\\/@poliklinikaapolonija\"]}]}<\/script>\n<!-- \/ Yoast SEO plugin. -->","yoast_head_json":{"title":"Zobna imunoterapija - Stomatolo\u0161ka poliklinika Apolonija","robots":{"index":"index","follow":"follow","max-snippet":"max-snippet:-1","max-image-preview":"max-image-preview:large","max-video-preview":"max-video-preview:-1"},"canonical":"https:\/\/www.apolonija.hr\/sl\/zobna-imunoterapija\/","og_locale":"sl_SI","og_type":"article","og_title":"Zobna imunoterapija - Stomatolo\u0161ka poliklinika Apolonija","og_url":"https:\/\/www.apolonija.hr\/sl\/zobna-imunoterapija\/","og_site_name":"Stomatolo\u0161ka poliklinika Apolonija","article_publisher":"https:\/\/www.facebook.com\/SPApolonija\/","article_modified_time":"2025-05-08T22:54:02+00:00","twitter_card":"summary_large_image","twitter_misc":{"Est. reading time":"4 minute"},"schema":{"@context":"https:\/\/schema.org","@graph":[{"@type":"WebPage","@id":"https:\/\/www.apolonija.hr\/sl\/zobna-imunoterapija\/","url":"https:\/\/www.apolonija.hr\/sl\/zobna-imunoterapija\/","name":"Zobna imunoterapija - Stomatolo\u0161ka poliklinika Apolonija","isPartOf":{"@id":"https:\/\/www.apolonija.hr\/sl\/#website"},"datePublished":"2025-03-14T10:36:27+00:00","dateModified":"2025-05-08T22:54:02+00:00","breadcrumb":{"@id":"https:\/\/www.apolonija.hr\/sl\/zobna-imunoterapija\/#breadcrumb"},"inLanguage":"sl-SI","potentialAction":[{"@type":"ReadAction","target":["https:\/\/www.apolonija.hr\/sl\/zobna-imunoterapija\/"]}]},{"@type":"BreadcrumbList","@id":"https:\/\/www.apolonija.hr\/sl\/zobna-imunoterapija\/#breadcrumb","itemListElement":[{"@type":"ListItem","position":1,"name":"Apolonija","item":"https:\/\/www.apolonija.hr\/sl\/apolonija\/"},{"@type":"ListItem","position":2,"name":"Zobna imunoterapija"}]},{"@type":"WebSite","@id":"https:\/\/www.apolonija.hr\/sl\/#website","url":"https:\/\/www.apolonija.hr\/sl\/","name":"Stomatolo\u0161ka poliklinika Apolonija","description":"\u017divljenje, polno nasmehov","publisher":{"@id":"https:\/\/www.apolonija.hr\/sl\/#organization"},"potentialAction":[{"@type":"SearchAction","target":{"@type":"EntryPoint","urlTemplate":"https:\/\/www.apolonija.hr\/sl\/?s={search_term_string}"},"query-input":{"@type":"PropertyValueSpecification","valueRequired":true,"valueName":"search_term_string"}}],"inLanguage":"sl-SI"},{"@type":"Organization","@id":"https:\/\/www.apolonija.hr\/sl\/#organization","name":"Stomatolo\u0161ka poliklinika Apolonija","url":"https:\/\/www.apolonija.hr\/sl\/","logo":{"@type":"ImageObject","inLanguage":"sl-SI","@id":"https:\/\/www.apolonija.hr\/sl\/#\/schema\/logo\/image\/","url":"https:\/\/www.apolonija.hr\/wp-content\/uploads\/2019\/10\/logo-1.png","contentUrl":"https:\/\/www.apolonija.hr\/wp-content\/uploads\/2019\/10\/logo-1.png","width":500,"height":140,"caption":"Stomatolo\u0161ka poliklinika Apolonija"},"image":{"@id":"https:\/\/www.apolonija.hr\/sl\/#\/schema\/logo\/image\/"},"sameAs":["https:\/\/www.facebook.com\/SPApolonija\/","https:\/\/www.instagram.com\/poliklinikaapolonija\/","https:\/\/www.linkedin.com\/company\/stomatolo\u0161ka-poliklinika-apolonija\/","https:\/\/www.tiktok.com\/@poliklinikaapolonija"]}]}},"_links":{"self":[{"href":"https:\/\/www.apolonija.hr\/sl\/wp-json\/wp\/v2\/pages\/20848","targetHints":{"allow":["GET"]}}],"collection":[{"href":"https:\/\/www.apolonija.hr\/sl\/wp-json\/wp\/v2\/pages"}],"about":[{"href":"https:\/\/www.apolonija.hr\/sl\/wp-json\/wp\/v2\/types\/page"}],"author":[{"embeddable":true,"href":"https:\/\/www.apolonija.hr\/sl\/wp-json\/wp\/v2\/users\/16"}],"replies":[{"embeddable":true,"href":"https:\/\/www.apolonija.hr\/sl\/wp-json\/wp\/v2\/comments?post=20848"}],"version-history":[{"count":2,"href":"https:\/\/www.apolonija.hr\/sl\/wp-json\/wp\/v2\/pages\/20848\/revisions"}],"predecessor-version":[{"id":20853,"href":"https:\/\/www.apolonija.hr\/sl\/wp-json\/wp\/v2\/pages\/20848\/revisions\/20853"}],"wp:attachment":[{"href":"https:\/\/www.apolonija.hr\/sl\/wp-json\/wp\/v2\/media?parent=20848"}],"curies":[{"name":"wp","href":"https:\/\/api.w.org\/{rel}","templated":true}]}}