{"id":20860,"date":"2023-01-27T11:07:57","date_gmt":"2023-01-27T10:07:57","guid":{"rendered":"https:\/\/www.apolonija.hr\/hvala-za-vase-povprasevanje-po-e-posti\/"},"modified":"2025-06-20T09:49:12","modified_gmt":"2025-06-20T07:49:12","slug":"hvala","status":"publish","type":"page","link":"https:\/\/www.apolonija.hr\/sl\/hvala\/","title":{"rendered":"Hvala za va\u0161e povpra\u0161evanje po e-po\u0161ti."},"content":{"rendered":"<section class=\"l-section wpb_row us_custom_a4a100d7 height_small\"><div class=\"l-section-h i-cf\"><div class=\"g-cols vc_row via_grid cols_1 laptops-cols_inherit tablets-cols_inherit mobiles-cols_1 valign_top type_default stacking_default\"><div class=\"wpb_column vc_column_container\"><div class=\"vc_column-inner\"><div class=\"wpb_text_column us_custom_eb849559\"><div class=\"wpb_wrapper\"><p>Prejeli smo va\u0161e e-po\u0161tno povpra\u0161evanje in na\u0161e prijazno osebje vam bo odgovorilo v najkraj\u0161em mo\u017enem \u010dasu.<\/p>\n<\/div><\/div><div class=\"w-html\"><img decoding=\"async\" src=\"https:\/\/apolonija.webpower.eu\/x\/conversion\/?upit=web_upit\" alt=\"\" width=\"1\" height=\"1\"><\/div><h4 class=\"w-text us_custom_eb849559\"><span class=\"w-text-h\"><span class=\"w-text-value\">Do takrat pa si oglejte, kaj pravijo na\u0161i pacienti:<\/span><\/span><\/h4><\/div><\/div><\/div><\/div><\/section><section class=\"l-section wpb_row us_custom_f0f0ddbc height_medium color_primary\"><div class=\"l-section-h i-cf\"><div class=\"g-cols vc_row via_grid cols_1 laptops-cols_inherit tablets-cols_inherit mobiles-cols_1 valign_middle type_default stacking_default\"><div class=\"wpb_column vc_column_container stretched\"><div class=\"vc_column-inner\"><div class=\"w-grid us_carousel type_carousel layout_16310 preload_style_spinner items_5\" id=\"us_grid_1\" style=\"--items:5;--gap:0.8rem;\"><style>.layout_16310 .w-grid-item-h{border-radius:0rem}.layout_16310 .usg_post_image_1{transition-duration:0.3s;transform-origin:50% 50%;transform:scale(1) translate(0%,0%)}.layout_16310 .w-grid-item-h:focus-within .usg_post_image_1,.layout_16310 .w-grid-item-h:hover .usg_post_image_1{transform:scale(1) translate(0%,0%);opacity:0.85}.layout_16310 .usg_post_image_1{border-radius:1rem!important;position:static!important;border:2px solid var(--color-content-secondary)!important}<\/style><div class=\"w-grid-list owl-carousel valign_stretch dotstyle_circle navstyle_circle arrows-ver-pos_middle arrows-hor-pos_on_sides_outside arrows-disabled_hide owl-responsive-2000 center_item\" style=\"--transition-duration:350ms;\">\t<article class=\"w-grid-item post-16500 iskustvo_pacijenta type-iskustvo_pacijenta status-publish has-post-thumbnail hentry category_iskustvo-reels\" data-id=\"16500\">\r\n\t\t<div class=\"w-grid-item-h\">\r\n\t\t\t\t\t\t<div class=\"w-post-elm post_image usg_post_image_1 has_ratio\"><img decoding=\"async\" width=\"576\" height=\"1024\" src=\"https:\/\/www.apolonija.hr\/wp-content\/uploads\/2024\/08\/iskustvo-nera-nikolic-576x1024.jpg\" class=\"attachment-large size-large wp-post-image\" alt=\"Nera Nikoli\u0107\" \/><div style=\"padding-bottom:177.7778%\"><\/div><\/div>\t\t<\/div>\r\n\t\t\t<\/article>\r\n\t<article class=\"w-grid-item post-16499 iskustvo_pacijenta type-iskustvo_pacijenta status-publish has-post-thumbnail hentry category_iskustvo-reels\" data-id=\"16499\">\r\n\t\t<div class=\"w-grid-item-h\">\r\n\t\t\t\t\t\t<div class=\"w-post-elm post_image usg_post_image_1 has_ratio\"><img decoding=\"async\" width=\"576\" height=\"1024\" src=\"https:\/\/www.apolonija.hr\/wp-content\/uploads\/2024\/08\/iskustvo-mario-valentic-2-576x1024.jpg\" class=\"attachment-large size-large wp-post-image\" alt=\"Mario Valenti\u0107\" \/><div style=\"padding-bottom:177.7778%\"><\/div><\/div>\t\t<\/div>\r\n\t\t\t<\/article>\r\n\t<article class=\"w-grid-item post-16491 iskustvo_pacijenta type-iskustvo_pacijenta status-publish has-post-thumbnail hentry category_iskustvo-reels\" data-id=\"16491\">\r\n\t\t<div class=\"w-grid-item-h\">\r\n\t\t\t\t\t\t<div class=\"w-post-elm post_image usg_post_image_1 has_ratio\"><img decoding=\"async\" width=\"576\" height=\"1024\" src=\"https:\/\/www.apolonija.hr\/wp-content\/uploads\/2024\/08\/iskustvo-antonija-576x1024.jpg\" class=\"attachment-large size-large wp-post-image\" alt=\"Antonija\" \/><div style=\"padding-bottom:177.7778%\"><\/div><\/div>\t\t<\/div>\r\n\t\t\t<\/article>\r\n\t<article class=\"w-grid-item post-16490 iskustvo_pacijenta type-iskustvo_pacijenta status-publish has-post-thumbnail hentry category_iskustvo-reels\" data-id=\"16490\">\r\n\t\t<div class=\"w-grid-item-h\">\r\n\t\t\t\t\t\t<div class=\"w-post-elm post_image usg_post_image_1 has_ratio\"><img decoding=\"async\" width=\"506\" height=\"900\" src=\"https:\/\/www.apolonija.hr\/wp-content\/uploads\/2024\/08\/iskustvo-barbara-kajin.jpg\" class=\"attachment-large size-large wp-post-image\" alt=\"Barbara Kajin\" \/><div style=\"padding-bottom:177.7778%\"><\/div><\/div>\t\t<\/div>\r\n\t\t\t<\/article>\r\n\t<article class=\"w-grid-item post-16488 iskustvo_pacijenta type-iskustvo_pacijenta status-publish has-post-thumbnail hentry category_iskustvo-reels\" data-id=\"16488\">\r\n\t\t<div class=\"w-grid-item-h\">\r\n\t\t\t\t\t\t<div class=\"w-post-elm post_image usg_post_image_1 has_ratio\"><img decoding=\"async\" width=\"506\" height=\"900\" src=\"https:\/\/www.apolonija.hr\/wp-content\/uploads\/2024\/08\/iskustvo-diana-marija-peric-2.jpg\" class=\"attachment-large size-large wp-post-image\" alt=\"Diana Marija Peri\u0107\" \/><div style=\"padding-bottom:177.7778%\"><\/div><\/div>\t\t<\/div>\r\n\t\t\t<\/article>\r\n\t<article class=\"w-grid-item post-16487 iskustvo_pacijenta type-iskustvo_pacijenta status-publish has-post-thumbnail hentry category_iskustvo-reels\" data-id=\"16487\">\r\n\t\t<div class=\"w-grid-item-h\">\r\n\t\t\t\t\t\t<div class=\"w-post-elm post_image usg_post_image_1 has_ratio\"><img decoding=\"async\" width=\"507\" height=\"900\" src=\"https:\/\/www.apolonija.hr\/wp-content\/uploads\/2024\/08\/iskustvo-diana-marija-peric.jpg\" class=\"attachment-large size-large wp-post-image\" alt=\"Diana Marija Peri\u0107\" \/><div style=\"padding-bottom:177.7778%\"><\/div><\/div>\t\t<\/div>\r\n\t\t\t<\/article>\r\n\t<article class=\"w-grid-item post-16486 iskustvo_pacijenta type-iskustvo_pacijenta status-publish has-post-thumbnail hentry category_iskustvo-reels\" data-id=\"16486\">\r\n\t\t<div class=\"w-grid-item-h\">\r\n\t\t\t\t\t\t<div class=\"w-post-elm post_image usg_post_image_1 has_ratio\"><img decoding=\"async\" width=\"506\" height=\"900\" src=\"https:\/\/www.apolonija.hr\/wp-content\/uploads\/2024\/08\/iskustvo-filip-hana.jpg\" class=\"attachment-large size-large wp-post-image\" alt=\"Filip Hana\" \/><div style=\"padding-bottom:177.7778%\"><\/div><\/div>\t\t<\/div>\r\n\t\t\t<\/article>\r\n\t<article class=\"w-grid-item post-16485 iskustvo_pacijenta type-iskustvo_pacijenta status-publish has-post-thumbnail hentry category_iskustvo-reels\" data-id=\"16485\">\r\n\t\t<div class=\"w-grid-item-h\">\r\n\t\t\t\t\t\t<div class=\"w-post-elm post_image usg_post_image_1 has_ratio\"><img decoding=\"async\" width=\"506\" height=\"900\" src=\"https:\/\/www.apolonija.hr\/wp-content\/uploads\/2024\/08\/iskustvo-hana-3.jpg\" class=\"attachment-large size-large wp-post-image\" alt=\"Hana\" \/><div style=\"padding-bottom:177.7778%\"><\/div><\/div>\t\t<\/div>\r\n\t\t\t<\/article>\r\n\t<article class=\"w-grid-item post-16484 iskustvo_pacijenta type-iskustvo_pacijenta status-publish has-post-thumbnail hentry category_iskustvo-reels\" data-id=\"16484\">\r\n\t\t<div class=\"w-grid-item-h\">\r\n\t\t\t\t\t\t<div class=\"w-post-elm post_image usg_post_image_1 has_ratio\"><img decoding=\"async\" width=\"576\" height=\"1024\" src=\"https:\/\/www.apolonija.hr\/wp-content\/uploads\/2024\/08\/iskustvo-hana-2-576x1024.jpg\" class=\"attachment-large size-large wp-post-image\" alt=\"Hana\" \/><div style=\"padding-bottom:177.7778%\"><\/div><\/div>\t\t<\/div>\r\n\t\t\t<\/article>\r\n\t<article class=\"w-grid-item post-16483 iskustvo_pacijenta type-iskustvo_pacijenta status-publish has-post-thumbnail hentry category_iskustvo-reels\" data-id=\"16483\">\r\n\t\t<div class=\"w-grid-item-h\">\r\n\t\t\t\t\t\t<div class=\"w-post-elm post_image usg_post_image_1 has_ratio\"><img decoding=\"async\" width=\"506\" height=\"900\" src=\"https:\/\/www.apolonija.hr\/wp-content\/uploads\/2024\/08\/iskustvo-hana.jpg\" class=\"attachment-large size-large wp-post-image\" alt=\"Hana\" \/><div style=\"padding-bottom:177.7778%\"><\/div><\/div>\t\t<\/div>\r\n\t\t\t<\/article>\r\n\t<article class=\"w-grid-item post-16482 iskustvo_pacijenta type-iskustvo_pacijenta status-publish has-post-thumbnail hentry category_iskustvo-reels\" data-id=\"16482\">\r\n\t\t<div class=\"w-grid-item-h\">\r\n\t\t\t\t\t\t<div class=\"w-post-elm post_image usg_post_image_1 has_ratio\"><img decoding=\"async\" width=\"507\" height=\"900\" src=\"https:\/\/www.apolonija.hr\/wp-content\/uploads\/2024\/08\/iskustvo-lalevu.jpg\" class=\"attachment-large size-large wp-post-image\" alt=\"Lalevu\" \/><div style=\"padding-bottom:177.7778%\"><\/div><\/div>\t\t<\/div>\r\n\t\t\t<\/article>\r\n\t<article class=\"w-grid-item post-16481 iskustvo_pacijenta type-iskustvo_pacijenta status-publish has-post-thumbnail hentry category_iskustvo-reels\" data-id=\"16481\">\r\n\t\t<div class=\"w-grid-item-h\">\r\n\t\t\t\t\t\t<div class=\"w-post-elm post_image usg_post_image_1 has_ratio\"><img decoding=\"async\" width=\"506\" height=\"900\" src=\"https:\/\/www.apolonija.hr\/wp-content\/uploads\/2024\/08\/iskustvo-megi-martincic-2.jpg\" class=\"attachment-large size-large wp-post-image\" alt=\"Megi Martin\u010di\u0107\" \/><div style=\"padding-bottom:177.7778%\"><\/div><\/div>\t\t<\/div>\r\n\t\t\t<\/article>\r\n\t<article class=\"w-grid-item post-16480 iskustvo_pacijenta type-iskustvo_pacijenta status-publish has-post-thumbnail hentry category_iskustvo-reels\" data-id=\"16480\">\r\n\t\t<div class=\"w-grid-item-h\">\r\n\t\t\t\t\t\t<div class=\"w-post-elm post_image usg_post_image_1 has_ratio\"><img decoding=\"async\" width=\"506\" height=\"900\" src=\"https:\/\/www.apolonija.hr\/wp-content\/uploads\/2024\/08\/iskustvo-megi-martincic.jpg\" class=\"attachment-large size-large wp-post-image\" alt=\"Megi Martin\u010di\u0107\" \/><div style=\"padding-bottom:177.7778%\"><\/div><\/div>\t\t<\/div>\r\n\t\t\t<\/article>\r\n\t<article class=\"w-grid-item post-16478 iskustvo_pacijenta type-iskustvo_pacijenta status-publish has-post-thumbnail hentry category_iskustvo-reels\" data-id=\"16478\">\r\n\t\t<div class=\"w-grid-item-h\">\r\n\t\t\t\t\t\t<div class=\"w-post-elm post_image usg_post_image_1 has_ratio\"><img decoding=\"async\" width=\"577\" height=\"1024\" src=\"https:\/\/www.apolonija.hr\/wp-content\/uploads\/2024\/08\/iskustvo-tatjana-juric-2-577x1024.jpg\" class=\"attachment-large size-large wp-post-image\" alt=\"Tatjana Juri\u0107\" \/><div style=\"padding-bottom:177.7778%\"><\/div><\/div>\t\t<\/div>\r\n\t\t\t<\/article>\r\n\t<article class=\"w-grid-item post-16477 iskustvo_pacijenta type-iskustvo_pacijenta status-publish has-post-thumbnail hentry category_iskustvo-reels\" data-id=\"16477\">\r\n\t\t<div class=\"w-grid-item-h\">\r\n\t\t\t\t\t\t<div class=\"w-post-elm post_image usg_post_image_1 has_ratio\"><img decoding=\"async\" width=\"506\" height=\"900\" src=\"https:\/\/www.apolonija.hr\/wp-content\/uploads\/2024\/08\/iskustvo-tatjana-juric.jpg\" class=\"attachment-large size-large wp-post-image\" alt=\"Tatjana Juri\u0107\" \/><div style=\"padding-bottom:177.7778%\"><\/div><\/div>\t\t<\/div>\r\n\t\t\t<\/article>\r\n\t<article class=\"w-grid-item post-16300 iskustvo_pacijenta type-iskustvo_pacijenta status-publish has-post-thumbnail hentry category_iskustvo-reels\" data-id=\"16300\">\r\n\t\t<div class=\"w-grid-item-h\">\r\n\t\t\t\t\t\t<div class=\"w-post-elm post_image usg_post_image_1 has_ratio\"><img decoding=\"async\" width=\"506\" height=\"900\" src=\"https:\/\/www.apolonija.hr\/wp-content\/uploads\/2024\/08\/iskustvo-nera-nikolic-1.jpg\" class=\"attachment-large size-large wp-post-image\" alt=\"Nera Nikoli\u0107\" \/><div style=\"padding-bottom:177.7778%\"><\/div><\/div>\t\t<\/div>\r\n\t\t\t<\/article>\r\n\t<article class=\"w-grid-item post-16299 iskustvo_pacijenta type-iskustvo_pacijenta status-publish has-post-thumbnail hentry category_iskustvo-reels\" data-id=\"16299\">\r\n\t\t<div class=\"w-grid-item-h\">\r\n\t\t\t\t\t\t<div class=\"w-post-elm post_image usg_post_image_1 has_ratio\"><img decoding=\"async\" width=\"576\" height=\"1024\" src=\"https:\/\/www.apolonija.hr\/wp-content\/uploads\/2024\/08\/iskustvo-vegan-chef-576x1024.jpg\" class=\"attachment-large size-large wp-post-image\" alt=\"Vegan Chef\" \/><div style=\"padding-bottom:177.7778%\"><\/div><\/div>\t\t<\/div>\r\n\t\t\t<\/article>\r\n\t<article class=\"w-grid-item post-16286 iskustvo_pacijenta type-iskustvo_pacijenta status-publish has-post-thumbnail hentry category_iskustvo-reels\" data-id=\"16286\">\r\n\t\t<div class=\"w-grid-item-h\">\r\n\t\t\t\t\t\t<div class=\"w-post-elm post_image usg_post_image_1 has_ratio\"><img decoding=\"async\" width=\"576\" height=\"1024\" src=\"https:\/\/www.apolonija.hr\/wp-content\/uploads\/2024\/08\/iskustvo-mario-valentic-576x1024.jpg\" class=\"attachment-large size-large wp-post-image\" alt=\"Mario Valenti\u0107\" \/><div style=\"padding-bottom:177.7778%\"><\/div><\/div>\t\t<\/div>\r\n\t\t\t<\/article>\r\n<\/div><div class=\"w-grid-carousel-json hidden\" onclick='return {&quot;carousel_settings&quot;:{&quot;aria_labels&quot;:{&quot;prev&quot;:&quot;Prej\\u0161nja&quot;,&quot;next&quot;:&quot;Naprej&quot;},&quot;autoplayContinual&quot;:false,&quot;autoplayContinualCss&quot;:false,&quot;autoplayHoverPause&quot;:false,&quot;autoplayTimeout&quot;:5000,&quot;autoWidth&quot;:false,&quot;smartSpeed&quot;:350,&quot;margin&quot;:0,&quot;mouseDrag&quot;:true,&quot;rtl&quot;:false,&quot;slideBy&quot;:&quot;1&quot;,&quot;touchDrag&quot;:true,&quot;slideTransition&quot;:&quot;&quot;,&quot;responsive&quot;:{&quot;0&quot;:{&quot;autoHeight&quot;:false,&quot;autoplay&quot;:true,&quot;autoplayContinualCss&quot;:false,&quot;autoWidth&quot;:false,&quot;center&quot;:true,&quot;dots&quot;:false,&quot;items&quot;:1,&quot;loop&quot;:true,&quot;nav&quot;:false,&quot;stagePadding&quot;:50,&quot;slideBy&quot;:&quot;1&quot;,&quot;touchDrag&quot;:true,&quot;mouseDrag&quot;:true},&quot;601&quot;:{&quot;autoHeight&quot;:false,&quot;autoplay&quot;:true,&quot;autoplayContinualCss&quot;:false,&quot;autoWidth&quot;:false,&quot;center&quot;:true,&quot;dots&quot;:false,&quot;items&quot;:2,&quot;loop&quot;:true,&quot;nav&quot;:false,&quot;stagePadding&quot;:50,&quot;slideBy&quot;:&quot;1&quot;,&quot;touchDrag&quot;:true,&quot;mouseDrag&quot;:true},&quot;1025&quot;:{&quot;autoHeight&quot;:false,&quot;autoplay&quot;:true,&quot;autoplayContinualCss&quot;:false,&quot;autoWidth&quot;:false,&quot;center&quot;:true,&quot;dots&quot;:false,&quot;items&quot;:5,&quot;loop&quot;:true,&quot;nav&quot;:false,&quot;stagePadding&quot;:50,&quot;slideBy&quot;:&quot;1&quot;,&quot;touchDrag&quot;:true,&quot;mouseDrag&quot;:true},&quot;1381&quot;:{&quot;items&quot;:5,&quot;autoplay&quot;:true,&quot;autoplayContinualCss&quot;:false,&quot;center&quot;:true,&quot;dots&quot;:false,&quot;nav&quot;:false,&quot;autoHeight&quot;:false,&quot;autoWidth&quot;:false,&quot;loop&quot;:true,&quot;stagePadding&quot;:50}}}}'><\/div><\/div><div class=\"w-text us_custom_46f0bc8c has_text_color icon_atleft\"><span class=\"w-text-h\"><i class=\"far fa-info-circle\"><\/i><span class=\"w-text-value\">Poliklinika ne potra\u017euje i ne anga\u017eira poznate li\u010dnosti u svrhu promocije.<\/span><\/span><\/div><\/div><\/div><\/div><\/div><\/section><section class=\"l-section wpb_row height_small\"><div class=\"l-section-h i-cf\"><div class=\"g-cols vc_row via_grid cols_1 laptops-cols_inherit tablets-cols_inherit mobiles-cols_1 valign_top type_default stacking_default\"><div class=\"wpb_column vc_column_container\"><div class=\"vc_column-inner\"><h4 class=\"w-text us_custom_eb849559\"><span class=\"w-text-h\"><span class=\"w-text-value\">Zapratite nas na dru\u0161tvenim mre\u017eama:<\/span><\/span><\/h4><div class=\"w-socials us_custom_59a91db9 has_text_color color_brand shape_rounded style_colored hover_fade\" style=\"--gap:0.3em;\"><div class=\"w-socials-list\"><div class=\"w-socials-item facebook\"><a target=\"_blank\" rel=\"nofollow\" href=\"https:\/\/www.facebook.com\/SPApolonija\/\" class=\"w-socials-item-link\" aria-label=\"Facebook\"><span class=\"w-socials-item-link-hover\"><\/span><i class=\"fab fa-facebook\"><\/i><\/a><div class=\"w-socials-item-popup\"><span>Facebook<\/span><\/div><\/div><div class=\"w-socials-item instagram\"><a target=\"_blank\" rel=\"nofollow\" href=\"https:\/\/www.instagram.com\/poliklinikaapolonija\/\" class=\"w-socials-item-link\" aria-label=\"Instagram\"><span class=\"w-socials-item-link-hover\"><\/span><i class=\"fab fa-instagram\"><\/i><\/a><div class=\"w-socials-item-popup\"><span>Instagram<\/span><\/div><\/div><div class=\"w-socials-item youtube\"><a target=\"_blank\" rel=\"nofollow\" href=\"https:\/\/www.youtube.com\/channel\/UCZY5NTw8vDW22NwaKIz-X_g\" class=\"w-socials-item-link\" aria-label=\"YouTube\"><span class=\"w-socials-item-link-hover\"><\/span><i class=\"fab fa-youtube\"><\/i><\/a><div class=\"w-socials-item-popup\"><span>YouTube<\/span><\/div><\/div><div class=\"w-socials-item linkedin\"><a target=\"_blank\" rel=\"nofollow\" href=\"https:\/\/www.linkedin.com\/company\/stomatolo\u0161ka-poliklinika-apolonija\/\" class=\"w-socials-item-link\" aria-label=\"LinkedIn\"><span class=\"w-socials-item-link-hover\"><\/span><i class=\"fab fa-linkedin\"><\/i><\/a><div class=\"w-socials-item-popup\"><span>LinkedIn<\/span><\/div><\/div><div class=\"w-socials-item tiktok\"><a target=\"_blank\" rel=\"nofollow\" href=\"https:\/\/www.tiktok.com\/@poliklinikaapolonija\" class=\"w-socials-item-link\" aria-label=\"TikTok\"><span class=\"w-socials-item-link-hover\"><\/span><i class=\"fab fa-tiktok\"><\/i><\/a><div class=\"w-socials-item-popup\"><span>TikTok<\/span><\/div><\/div><\/div><\/div><\/div><\/div><\/div><\/div><\/section>\n\n","protected":false},"excerpt":{"rendered":"","protected":false},"author":15,"featured_media":0,"parent":0,"menu_order":172,"comment_status":"closed","ping_status":"closed","template":"","meta":{"_acf_changed":false,"footnotes":""},"class_list":["post-20860","page","type-page","status-publish","hentry"],"acf":[],"yoast_head":"<!-- This site is optimized with the Yoast SEO plugin v27.5 - https:\/\/yoast.com\/product\/yoast-seo-wordpress\/ -->\n<title>Hvala za va\u0161e povpra\u0161evanje po e-po\u0161ti. - Stomatolo\u0161ka poliklinika Apolonija<\/title>\n<meta name=\"robots\" content=\"noindex, nofollow\" \/>\n<meta property=\"og:locale\" content=\"sl_SI\" \/>\n<meta property=\"og:type\" content=\"article\" \/>\n<meta property=\"og:title\" content=\"Hvala za va\u0161e povpra\u0161evanje po e-po\u0161ti. - Stomatolo\u0161ka poliklinika Apolonija\" \/>\n<meta property=\"og:url\" content=\"https:\/\/www.apolonija.hr\/sl\/hvala\/\" \/>\n<meta property=\"og:site_name\" content=\"Stomatolo\u0161ka poliklinika Apolonija\" \/>\n<meta property=\"article:publisher\" content=\"https:\/\/www.facebook.com\/SPApolonija\/\" \/>\n<meta property=\"article:modified_time\" content=\"2025-06-20T07:49:12+00:00\" \/>\n<meta name=\"twitter:card\" content=\"summary_large_image\" \/>\n<meta name=\"twitter:label1\" content=\"Est. reading time\" \/>\n\t<meta name=\"twitter:data1\" content=\"1 minuta\" \/>\n<script type=\"application\/ld+json\" class=\"yoast-schema-graph\">{\"@context\":\"https:\\\/\\\/schema.org\",\"@graph\":[{\"@type\":\"WebPage\",\"@id\":\"https:\\\/\\\/www.apolonija.hr\\\/sl\\\/hvala\\\/\",\"url\":\"https:\\\/\\\/www.apolonija.hr\\\/sl\\\/hvala\\\/\",\"name\":\"Hvala za va\u0161e povpra\u0161evanje po e-po\u0161ti. - Stomatolo\u0161ka poliklinika Apolonija\",\"isPartOf\":{\"@id\":\"https:\\\/\\\/www.apolonija.hr\\\/sl\\\/#website\"},\"datePublished\":\"2023-01-27T10:07:57+00:00\",\"dateModified\":\"2025-06-20T07:49:12+00:00\",\"breadcrumb\":{\"@id\":\"https:\\\/\\\/www.apolonija.hr\\\/sl\\\/hvala\\\/#breadcrumb\"},\"inLanguage\":\"sl-SI\",\"potentialAction\":[{\"@type\":\"ReadAction\",\"target\":[\"https:\\\/\\\/www.apolonija.hr\\\/sl\\\/hvala\\\/\"]}]},{\"@type\":\"BreadcrumbList\",\"@id\":\"https:\\\/\\\/www.apolonija.hr\\\/sl\\\/hvala\\\/#breadcrumb\",\"itemListElement\":[{\"@type\":\"ListItem\",\"position\":1,\"name\":\"Apolonija\",\"item\":\"https:\\\/\\\/www.apolonija.hr\\\/sl\\\/apolonija\\\/\"},{\"@type\":\"ListItem\",\"position\":2,\"name\":\"Hvala za va\u0161e povpra\u0161evanje po e-po\u0161ti.\"}]},{\"@type\":\"WebSite\",\"@id\":\"https:\\\/\\\/www.apolonija.hr\\\/sl\\\/#website\",\"url\":\"https:\\\/\\\/www.apolonija.hr\\\/sl\\\/\",\"name\":\"Stomatolo\u0161ka poliklinika Apolonija\",\"description\":\"\u017divljenje, polno nasmehov\",\"publisher\":{\"@id\":\"https:\\\/\\\/www.apolonija.hr\\\/sl\\\/#organization\"},\"potentialAction\":[{\"@type\":\"SearchAction\",\"target\":{\"@type\":\"EntryPoint\",\"urlTemplate\":\"https:\\\/\\\/www.apolonija.hr\\\/sl\\\/?s={search_term_string}\"},\"query-input\":{\"@type\":\"PropertyValueSpecification\",\"valueRequired\":true,\"valueName\":\"search_term_string\"}}],\"inLanguage\":\"sl-SI\"},{\"@type\":\"Organization\",\"@id\":\"https:\\\/\\\/www.apolonija.hr\\\/sl\\\/#organization\",\"name\":\"Stomatolo\u0161ka poliklinika Apolonija\",\"url\":\"https:\\\/\\\/www.apolonija.hr\\\/sl\\\/\",\"logo\":{\"@type\":\"ImageObject\",\"inLanguage\":\"sl-SI\",\"@id\":\"https:\\\/\\\/www.apolonija.hr\\\/sl\\\/#\\\/schema\\\/logo\\\/image\\\/\",\"url\":\"https:\\\/\\\/www.apolonija.hr\\\/wp-content\\\/uploads\\\/2019\\\/10\\\/logo-1.png\",\"contentUrl\":\"https:\\\/\\\/www.apolonija.hr\\\/wp-content\\\/uploads\\\/2019\\\/10\\\/logo-1.png\",\"width\":500,\"height\":140,\"caption\":\"Stomatolo\u0161ka poliklinika Apolonija\"},\"image\":{\"@id\":\"https:\\\/\\\/www.apolonija.hr\\\/sl\\\/#\\\/schema\\\/logo\\\/image\\\/\"},\"sameAs\":[\"https:\\\/\\\/www.facebook.com\\\/SPApolonija\\\/\",\"https:\\\/\\\/www.instagram.com\\\/poliklinikaapolonija\\\/\",\"https:\\\/\\\/www.linkedin.com\\\/company\\\/stomatolo\u0161ka-poliklinika-apolonija\\\/\",\"https:\\\/\\\/www.tiktok.com\\\/@poliklinikaapolonija\"]}]}<\/script>\n<!-- \/ Yoast SEO plugin. -->","yoast_head_json":{"title":"Hvala za va\u0161e povpra\u0161evanje po e-po\u0161ti. - Stomatolo\u0161ka poliklinika Apolonija","robots":{"index":"noindex","follow":"nofollow"},"og_locale":"sl_SI","og_type":"article","og_title":"Hvala za va\u0161e povpra\u0161evanje po e-po\u0161ti. - Stomatolo\u0161ka poliklinika Apolonija","og_url":"https:\/\/www.apolonija.hr\/sl\/hvala\/","og_site_name":"Stomatolo\u0161ka poliklinika Apolonija","article_publisher":"https:\/\/www.facebook.com\/SPApolonija\/","article_modified_time":"2025-06-20T07:49:12+00:00","twitter_card":"summary_large_image","twitter_misc":{"Est. reading time":"1 minuta"},"schema":{"@context":"https:\/\/schema.org","@graph":[{"@type":"WebPage","@id":"https:\/\/www.apolonija.hr\/sl\/hvala\/","url":"https:\/\/www.apolonija.hr\/sl\/hvala\/","name":"Hvala za va\u0161e povpra\u0161evanje po e-po\u0161ti. - Stomatolo\u0161ka poliklinika Apolonija","isPartOf":{"@id":"https:\/\/www.apolonija.hr\/sl\/#website"},"datePublished":"2023-01-27T10:07:57+00:00","dateModified":"2025-06-20T07:49:12+00:00","breadcrumb":{"@id":"https:\/\/www.apolonija.hr\/sl\/hvala\/#breadcrumb"},"inLanguage":"sl-SI","potentialAction":[{"@type":"ReadAction","target":["https:\/\/www.apolonija.hr\/sl\/hvala\/"]}]},{"@type":"BreadcrumbList","@id":"https:\/\/www.apolonija.hr\/sl\/hvala\/#breadcrumb","itemListElement":[{"@type":"ListItem","position":1,"name":"Apolonija","item":"https:\/\/www.apolonija.hr\/sl\/apolonija\/"},{"@type":"ListItem","position":2,"name":"Hvala za va\u0161e povpra\u0161evanje po e-po\u0161ti."}]},{"@type":"WebSite","@id":"https:\/\/www.apolonija.hr\/sl\/#website","url":"https:\/\/www.apolonija.hr\/sl\/","name":"Stomatolo\u0161ka poliklinika Apolonija","description":"\u017divljenje, polno nasmehov","publisher":{"@id":"https:\/\/www.apolonija.hr\/sl\/#organization"},"potentialAction":[{"@type":"SearchAction","target":{"@type":"EntryPoint","urlTemplate":"https:\/\/www.apolonija.hr\/sl\/?s={search_term_string}"},"query-input":{"@type":"PropertyValueSpecification","valueRequired":true,"valueName":"search_term_string"}}],"inLanguage":"sl-SI"},{"@type":"Organization","@id":"https:\/\/www.apolonija.hr\/sl\/#organization","name":"Stomatolo\u0161ka poliklinika Apolonija","url":"https:\/\/www.apolonija.hr\/sl\/","logo":{"@type":"ImageObject","inLanguage":"sl-SI","@id":"https:\/\/www.apolonija.hr\/sl\/#\/schema\/logo\/image\/","url":"https:\/\/www.apolonija.hr\/wp-content\/uploads\/2019\/10\/logo-1.png","contentUrl":"https:\/\/www.apolonija.hr\/wp-content\/uploads\/2019\/10\/logo-1.png","width":500,"height":140,"caption":"Stomatolo\u0161ka poliklinika Apolonija"},"image":{"@id":"https:\/\/www.apolonija.hr\/sl\/#\/schema\/logo\/image\/"},"sameAs":["https:\/\/www.facebook.com\/SPApolonija\/","https:\/\/www.instagram.com\/poliklinikaapolonija\/","https:\/\/www.linkedin.com\/company\/stomatolo\u0161ka-poliklinika-apolonija\/","https:\/\/www.tiktok.com\/@poliklinikaapolonija"]}]}},"_links":{"self":[{"href":"https:\/\/www.apolonija.hr\/sl\/wp-json\/wp\/v2\/pages\/20860","targetHints":{"allow":["GET"]}}],"collection":[{"href":"https:\/\/www.apolonija.hr\/sl\/wp-json\/wp\/v2\/pages"}],"about":[{"href":"https:\/\/www.apolonija.hr\/sl\/wp-json\/wp\/v2\/types\/page"}],"author":[{"embeddable":true,"href":"https:\/\/www.apolonija.hr\/sl\/wp-json\/wp\/v2\/users\/15"}],"replies":[{"embeddable":true,"href":"https:\/\/www.apolonija.hr\/sl\/wp-json\/wp\/v2\/comments?post=20860"}],"version-history":[{"count":2,"href":"https:\/\/www.apolonija.hr\/sl\/wp-json\/wp\/v2\/pages\/20860\/revisions"}],"predecessor-version":[{"id":20868,"href":"https:\/\/www.apolonija.hr\/sl\/wp-json\/wp\/v2\/pages\/20860\/revisions\/20868"}],"wp:attachment":[{"href":"https:\/\/www.apolonija.hr\/sl\/wp-json\/wp\/v2\/media?parent=20860"}],"curies":[{"name":"wp","href":"https:\/\/api.w.org\/{rel}","templated":true}]}}