{"id":20863,"date":"2025-01-27T09:31:29","date_gmt":"2025-01-27T08:31:29","guid":{"rendered":"https:\/\/www.apolonija.hr\/kariere\/"},"modified":"2025-05-09T00:54:11","modified_gmt":"2025-05-08T22:54:11","slug":"kariere","status":"publish","type":"page","link":"https:\/\/www.apolonija.hr\/sl\/kariere\/","title":{"rendered":"Kariere"},"content":{"rendered":"<section class=\"l-section wpb_row height_small\"><div class=\"l-section-h i-cf\"><div class=\"g-cols vc_row via_grid cols_1 laptops-cols_inherit tablets-cols_inherit mobiles-cols_1 valign_top type_default stacking_default\"><div class=\"wpb_column vc_column_container\"><div class=\"vc_column-inner\"><div class=\"wpb_text_column\"><div class=\"wpb_wrapper\"><p><span style=\"font-weight: 400;\">Poliklinika Apolonija je ena vodilnih hrva\u0161kih zobozdravstvenih klinik in \u017ee petdeset let uspe\u0161no zagotavlja vrhunske zobozdravstvene storitve v samem sredi\u0161\u010du Zagreba.  <\/span><span style=\"font-weight: 400;\">V Polikliniki Apolonija gojimo kulturo, ki vsem na\u0161im zaposlenim omogo\u010da napredovanje in strokovni razvoj.  <\/span><\/p>\n<p>Trenutno so odprta naslednja prosta delovna mesta:<\/p>\n<\/p>\n<p><strong>Recepcionist\/ka poliklinike<\/strong><\/p>\n<p><b>Va\u0161e naloge:<\/b><\/p>\n<ul>\n<li style=\"font-weight: 400;\" aria-level=\"1\"><span style=\"font-weight: 400;\">Zagotavljanje informacij pacientom in odgovarjanje na poizvedbe<\/span><\/li>\n<li style=\"font-weight: 400;\" aria-level=\"1\"><span style=\"font-weight: 400;\">Skrb za zdravstveno dokumentacijo pacientov in delo v CRM sistemu<\/span><\/li>\n<li style=\"font-weight: 400;\" aria-level=\"1\"><span style=\"font-weight: 400;\">Rezervacija termina za zobozdravstvene posege<\/span><\/li>\n<li style=\"font-weight: 400;\" aria-level=\"1\"><span style=\"font-weight: 400;\">Priprava ponudb, ra\u010dunov in obra\u010dunov za zobozdravstvene storitve  <\/span><\/li>\n<li style=\"font-weight: 400;\" aria-level=\"1\"><span style=\"font-weight: 400;\">Pomo\u010d zobozdravnikom pri komunikaciji s pacientom<\/span><\/li>\n<\/ul>\n<p><b>Za\u017eelene lastnosti:<\/b><\/p>\n<ul>\n<li style=\"font-weight: 400;\" aria-level=\"1\"><span style=\"font-weight: 400;\">Nagnjenost k timskemu delu<\/span><\/li>\n<li style=\"font-weight: 400;\" aria-level=\"1\"><span style=\"font-weight: 400;\">Prijaznost in sr\u010dnost<\/span><\/li>\n<li style=\"font-weight: 400;\" aria-level=\"1\"><span style=\"font-weight: 400;\">Razvite organizacijske sposobnosti<\/span><\/li>\n<li style=\"font-weight: 400;\" aria-level=\"1\"><span style=\"font-weight: 400;\">Proaktivnost<\/span><\/li>\n<li style=\"font-weight: 400;\" aria-level=\"1\"><span style=\"font-weight: 400;\">Ra\u010dunalni\u0161ka pismenost<\/span><\/li>\n<\/ul>\n<p><b>Kaj vam ponujamo:<\/b><\/p>\n<ul>\n<li style=\"font-weight: 400;\" aria-level=\"1\"><span style=\"font-weight: 400;\">Nenehno u\u010denje in napredek<\/span><\/li>\n<li style=\"font-weight: 400;\" aria-level=\"1\"><span style=\"font-weight: 400;\">Pogodba za dolo\u010den \u010das z mo\u017enostjo zaposlitve za nedolo\u010den \u010das  <\/span><\/li>\n<li style=\"font-weight: 400;\" aria-level=\"1\"><span style=\"font-weight: 400;\">Spodbudna pla\u010dila<\/span><\/li>\n<\/ul>\n<p><span style=\"font-weight: 400;\">Prosimo, da nam svoje prijave po\u0161ljete najkasneje do<\/span><b>  31. 3. 2025<\/b><span style=\"font-weight: 400;\">. po elektronski po\u0161ti na naslov <a class=\"mail-link\" data-enc-email=\"vasb##rroNqqVqrag##ncbybavwn.ue\" data-wpel-link=\"ignore\">info@apolonija.hr<\/a><\/span><\/p><\/p>\n<\/div><\/div><\/div><\/div><\/div><\/div><\/section>\n","protected":false},"excerpt":{"rendered":"","protected":false},"author":15,"featured_media":0,"parent":0,"menu_order":0,"comment_status":"closed","ping_status":"closed","template":"","meta":{"_acf_changed":false,"footnotes":""},"class_list":["post-20863","page","type-page","status-publish","hentry"],"acf":[],"yoast_head":"<!-- This site is optimized with the Yoast SEO plugin v27.5 - https:\/\/yoast.com\/product\/yoast-seo-wordpress\/ -->\n<title>Kariere - Stomatolo\u0161ka poliklinika Apolonija<\/title>\n<meta name=\"robots\" content=\"index, follow, max-snippet:-1, max-image-preview:large, max-video-preview:-1\" \/>\n<link rel=\"canonical\" href=\"https:\/\/www.apolonija.hr\/sl\/kariere\/\" \/>\n<meta property=\"og:locale\" content=\"sl_SI\" \/>\n<meta property=\"og:type\" content=\"article\" \/>\n<meta property=\"og:title\" content=\"Kariere - Stomatolo\u0161ka poliklinika Apolonija\" \/>\n<meta property=\"og:url\" content=\"https:\/\/www.apolonija.hr\/sl\/kariere\/\" \/>\n<meta property=\"og:site_name\" content=\"Stomatolo\u0161ka poliklinika Apolonija\" \/>\n<meta property=\"article:publisher\" content=\"https:\/\/www.facebook.com\/SPApolonija\/\" \/>\n<meta property=\"article:modified_time\" content=\"2025-05-08T22:54:11+00:00\" \/>\n<meta name=\"twitter:card\" content=\"summary_large_image\" \/>\n<meta name=\"twitter:label1\" content=\"Est. reading time\" \/>\n\t<meta name=\"twitter:data1\" content=\"1 minuta\" \/>\n<script type=\"application\/ld+json\" class=\"yoast-schema-graph\">{\"@context\":\"https:\\\/\\\/schema.org\",\"@graph\":[{\"@type\":\"WebPage\",\"@id\":\"https:\\\/\\\/www.apolonija.hr\\\/sl\\\/kariere\\\/\",\"url\":\"https:\\\/\\\/www.apolonija.hr\\\/sl\\\/kariere\\\/\",\"name\":\"Kariere - Stomatolo\u0161ka poliklinika Apolonija\",\"isPartOf\":{\"@id\":\"https:\\\/\\\/www.apolonija.hr\\\/sl\\\/#website\"},\"datePublished\":\"2025-01-27T08:31:29+00:00\",\"dateModified\":\"2025-05-08T22:54:11+00:00\",\"breadcrumb\":{\"@id\":\"https:\\\/\\\/www.apolonija.hr\\\/sl\\\/kariere\\\/#breadcrumb\"},\"inLanguage\":\"sl-SI\",\"potentialAction\":[{\"@type\":\"ReadAction\",\"target\":[\"https:\\\/\\\/www.apolonija.hr\\\/sl\\\/kariere\\\/\"]}]},{\"@type\":\"BreadcrumbList\",\"@id\":\"https:\\\/\\\/www.apolonija.hr\\\/sl\\\/kariere\\\/#breadcrumb\",\"itemListElement\":[{\"@type\":\"ListItem\",\"position\":1,\"name\":\"Apolonija\",\"item\":\"https:\\\/\\\/www.apolonija.hr\\\/sl\\\/apolonija\\\/\"},{\"@type\":\"ListItem\",\"position\":2,\"name\":\"Kariere\"}]},{\"@type\":\"WebSite\",\"@id\":\"https:\\\/\\\/www.apolonija.hr\\\/sl\\\/#website\",\"url\":\"https:\\\/\\\/www.apolonija.hr\\\/sl\\\/\",\"name\":\"Stomatolo\u0161ka poliklinika Apolonija\",\"description\":\"\u017divljenje, polno nasmehov\",\"publisher\":{\"@id\":\"https:\\\/\\\/www.apolonija.hr\\\/sl\\\/#organization\"},\"potentialAction\":[{\"@type\":\"SearchAction\",\"target\":{\"@type\":\"EntryPoint\",\"urlTemplate\":\"https:\\\/\\\/www.apolonija.hr\\\/sl\\\/?s={search_term_string}\"},\"query-input\":{\"@type\":\"PropertyValueSpecification\",\"valueRequired\":true,\"valueName\":\"search_term_string\"}}],\"inLanguage\":\"sl-SI\"},{\"@type\":\"Organization\",\"@id\":\"https:\\\/\\\/www.apolonija.hr\\\/sl\\\/#organization\",\"name\":\"Stomatolo\u0161ka poliklinika Apolonija\",\"url\":\"https:\\\/\\\/www.apolonija.hr\\\/sl\\\/\",\"logo\":{\"@type\":\"ImageObject\",\"inLanguage\":\"sl-SI\",\"@id\":\"https:\\\/\\\/www.apolonija.hr\\\/sl\\\/#\\\/schema\\\/logo\\\/image\\\/\",\"url\":\"https:\\\/\\\/www.apolonija.hr\\\/wp-content\\\/uploads\\\/2019\\\/10\\\/logo-1.png\",\"contentUrl\":\"https:\\\/\\\/www.apolonija.hr\\\/wp-content\\\/uploads\\\/2019\\\/10\\\/logo-1.png\",\"width\":500,\"height\":140,\"caption\":\"Stomatolo\u0161ka poliklinika Apolonija\"},\"image\":{\"@id\":\"https:\\\/\\\/www.apolonija.hr\\\/sl\\\/#\\\/schema\\\/logo\\\/image\\\/\"},\"sameAs\":[\"https:\\\/\\\/www.facebook.com\\\/SPApolonija\\\/\",\"https:\\\/\\\/www.instagram.com\\\/poliklinikaapolonija\\\/\",\"https:\\\/\\\/www.linkedin.com\\\/company\\\/stomatolo\u0161ka-poliklinika-apolonija\\\/\",\"https:\\\/\\\/www.tiktok.com\\\/@poliklinikaapolonija\"]}]}<\/script>\n<!-- \/ Yoast SEO plugin. -->","yoast_head_json":{"title":"Kariere - Stomatolo\u0161ka poliklinika Apolonija","robots":{"index":"index","follow":"follow","max-snippet":"max-snippet:-1","max-image-preview":"max-image-preview:large","max-video-preview":"max-video-preview:-1"},"canonical":"https:\/\/www.apolonija.hr\/sl\/kariere\/","og_locale":"sl_SI","og_type":"article","og_title":"Kariere - Stomatolo\u0161ka poliklinika Apolonija","og_url":"https:\/\/www.apolonija.hr\/sl\/kariere\/","og_site_name":"Stomatolo\u0161ka poliklinika Apolonija","article_publisher":"https:\/\/www.facebook.com\/SPApolonija\/","article_modified_time":"2025-05-08T22:54:11+00:00","twitter_card":"summary_large_image","twitter_misc":{"Est. reading time":"1 minuta"},"schema":{"@context":"https:\/\/schema.org","@graph":[{"@type":"WebPage","@id":"https:\/\/www.apolonija.hr\/sl\/kariere\/","url":"https:\/\/www.apolonija.hr\/sl\/kariere\/","name":"Kariere - Stomatolo\u0161ka poliklinika Apolonija","isPartOf":{"@id":"https:\/\/www.apolonija.hr\/sl\/#website"},"datePublished":"2025-01-27T08:31:29+00:00","dateModified":"2025-05-08T22:54:11+00:00","breadcrumb":{"@id":"https:\/\/www.apolonija.hr\/sl\/kariere\/#breadcrumb"},"inLanguage":"sl-SI","potentialAction":[{"@type":"ReadAction","target":["https:\/\/www.apolonija.hr\/sl\/kariere\/"]}]},{"@type":"BreadcrumbList","@id":"https:\/\/www.apolonija.hr\/sl\/kariere\/#breadcrumb","itemListElement":[{"@type":"ListItem","position":1,"name":"Apolonija","item":"https:\/\/www.apolonija.hr\/sl\/apolonija\/"},{"@type":"ListItem","position":2,"name":"Kariere"}]},{"@type":"WebSite","@id":"https:\/\/www.apolonija.hr\/sl\/#website","url":"https:\/\/www.apolonija.hr\/sl\/","name":"Stomatolo\u0161ka poliklinika Apolonija","description":"\u017divljenje, polno nasmehov","publisher":{"@id":"https:\/\/www.apolonija.hr\/sl\/#organization"},"potentialAction":[{"@type":"SearchAction","target":{"@type":"EntryPoint","urlTemplate":"https:\/\/www.apolonija.hr\/sl\/?s={search_term_string}"},"query-input":{"@type":"PropertyValueSpecification","valueRequired":true,"valueName":"search_term_string"}}],"inLanguage":"sl-SI"},{"@type":"Organization","@id":"https:\/\/www.apolonija.hr\/sl\/#organization","name":"Stomatolo\u0161ka poliklinika Apolonija","url":"https:\/\/www.apolonija.hr\/sl\/","logo":{"@type":"ImageObject","inLanguage":"sl-SI","@id":"https:\/\/www.apolonija.hr\/sl\/#\/schema\/logo\/image\/","url":"https:\/\/www.apolonija.hr\/wp-content\/uploads\/2019\/10\/logo-1.png","contentUrl":"https:\/\/www.apolonija.hr\/wp-content\/uploads\/2019\/10\/logo-1.png","width":500,"height":140,"caption":"Stomatolo\u0161ka poliklinika Apolonija"},"image":{"@id":"https:\/\/www.apolonija.hr\/sl\/#\/schema\/logo\/image\/"},"sameAs":["https:\/\/www.facebook.com\/SPApolonija\/","https:\/\/www.instagram.com\/poliklinikaapolonija\/","https:\/\/www.linkedin.com\/company\/stomatolo\u0161ka-poliklinika-apolonija\/","https:\/\/www.tiktok.com\/@poliklinikaapolonija"]}]}},"_links":{"self":[{"href":"https:\/\/www.apolonija.hr\/sl\/wp-json\/wp\/v2\/pages\/20863","targetHints":{"allow":["GET"]}}],"collection":[{"href":"https:\/\/www.apolonija.hr\/sl\/wp-json\/wp\/v2\/pages"}],"about":[{"href":"https:\/\/www.apolonija.hr\/sl\/wp-json\/wp\/v2\/types\/page"}],"author":[{"embeddable":true,"href":"https:\/\/www.apolonija.hr\/sl\/wp-json\/wp\/v2\/users\/15"}],"replies":[{"embeddable":true,"href":"https:\/\/www.apolonija.hr\/sl\/wp-json\/wp\/v2\/comments?post=20863"}],"version-history":[{"count":2,"href":"https:\/\/www.apolonija.hr\/sl\/wp-json\/wp\/v2\/pages\/20863\/revisions"}],"predecessor-version":[{"id":20867,"href":"https:\/\/www.apolonija.hr\/sl\/wp-json\/wp\/v2\/pages\/20863\/revisions\/20867"}],"wp:attachment":[{"href":"https:\/\/www.apolonija.hr\/sl\/wp-json\/wp\/v2\/media?parent=20863"}],"curies":[{"name":"wp","href":"https:\/\/api.w.org\/{rel}","templated":true}]}}