{"id":20883,"date":"2020-04-06T16:38:39","date_gmt":"2020-04-06T14:38:39","guid":{"rendered":"https:\/\/www.apolonija.hr\/o-holisticnem-in-bioloskem-zobozdravstvu\/"},"modified":"2025-05-09T00:54:32","modified_gmt":"2025-05-08T22:54:32","slug":"o-holisticnem-in-bioloskem-zobozdravstvu","status":"publish","type":"page","link":"https:\/\/www.apolonija.hr\/sl\/nas-pristop\/o-holisticnem-in-bioloskem-zobozdravstvu\/","title":{"rendered":"O holisti\u010dnem in biolo\u0161kem zobozdravstvu"},"content":{"rendered":"<section class=\"l-section wpb_row height_auto width_full\"><div class=\"l-section-h i-cf\"><div class=\"g-cols vc_row via_grid cols_1 laptops-cols_inherit tablets-cols_inherit mobiles-cols_1 valign_top type_default stacking_default\"><div class=\"wpb_column vc_column_container\"><div class=\"vc_column-inner\"><div class=\"wpb_text_column\"><div class=\"wpb_wrapper\"><p><b>Holisti\u010dna stomatologija ali biolo\u0161ka zobna medicina<\/b><span style=\"font-weight: 400;\">  zobe in ustno votlino obravnava kot del celotnega zdravja telesa. Temelji na na\u010delih, da vsak del telesa, vklju\u010dno z zobmi, vpliva na zdravje celotnega organizma. Ta pristop zdravljenja uporablja najbolj naravne in minimalno invazivne mo\u017ene metode pri zdravljenju zob in ustne votline ter se posebej osredoto\u010da na izogibanje strupenim snovem in postopkom, ki bi lahko negativno vplivali na preostali del telesa.  <\/span><\/p>\n<p><span style=\"font-weight: 400;\">Eno klju\u010dnih na\u010del holisti\u010dne stomatologije je uporaba biokompatibilnih materialov. To pomeni, da se pri zdravljenju ne uporabljajo materiali, ki bi lahko povzro\u010dili alergijske reakcije ali \u0161kodljivo vplivali na telo. Tako se amalgamske zalivke, ki vsebujejo \u017eivo srebro, nadomestijo s kompozitnimi ali kerami\u010dnimi zalivkami s posebnimi previdnostnimi ukrepi in za\u0161\u010dito med njihovim odstranjevanjem, da se prepre\u010di vdor \u0161kodljivih snovi v telo.  <\/span><\/p>\n<p><span style=\"font-weight: 400;\">Holisti\u010dna stomatologija poudarja pomen odprave vseh mo\u017enih oku\u017eb v ustni votlini, ki so lahko spro\u017eilec razli\u010dnih kroni\u010dnih bolezni. Lokalne oku\u017ebe, kot so oku\u017ebe koreninskih kanalov ali parodontalna bolezen, lahko vplivajo na imunost in splo\u0161no zdravje.   <\/span><\/p>\n<p><span style=\"font-weight: 400;\">Poleg tega holisti\u010dna zobozdravstvena oskrba pogosto vklju\u010duje oceno pacientovih prehranjevalnih navad, saj lahko slaba prehrana povzro\u010di te\u017eave z ustnim zdravjem. Poudarja pomen uravnote\u017eene prehrane, bogate z vitamini in minerali, ki podpirajo zdrave zobe in dlesni.   <\/span><\/p>\n<p><span style=\"font-weight: 400;\">Na splo\u0161no na\u010dela holisti\u010dne stomatologije temeljijo na ideji, da telo deluje kot celota in da lahko zdravje zob in dlesni pomembno vpliva na splo\u0161no zdravje. Ta pristop pacientom zagotavlja varnej\u0161e in naravnej\u0161e metode zdravljenja zobnih te\u017eav, s poudarkom na preventivi in \u200b\u200bohranjanju naravnega zdravja ustne votline brez uporabe potencialno \u0161kodljivih kemikalij in materialov. <\/span><\/p>\n<h2><strong><span style=\"font-size: 18pt;\">Nekateri postopki v holisti\u010dni zobozdravstvu vklju\u010dujejo:<\/span><\/strong><\/h2>\n<ol>\n<li><b>Varna odstranitev amalgamskih zalivk<\/b> <span style=\"font-weight: 400;\">\u2013 postopek, s katerim se \u017eivosrebrne zalivke varno odstranijo, da se prepre\u010di spro\u0161\u010danje \u017eivega srebra med postopkom.<\/span><\/li>\n<li><span style=\"font-weight: 400;\"><\/span> <b>Zdravljenje zob in okoli\u0161kih tkiv z biokompatibilnimi materiali<\/b> <span style=\"font-weight: 400;\">\u2013 uporaba materialov, ki so \u010dim bolj naravni in netoksi\u010dni ter varni za telo.<\/span><\/li>\n<li><span style=\"font-weight: 400;\"> <\/span><b>Zdravljenje dlesni (zobne pulpe) na naraven na\u010din<\/b> <span style=\"font-weight: 400;\">\u2013 z uporabo terapij, ki zmanj\u0161ujejo vnetje in spodbujajo naravni proces celjenja.<\/span><\/li>\n<li><span style=\"font-weight: 400;\"><\/span><b>  Zdravljenje in regeneracija tkiv z lastno plazmo<\/b><span style=\"font-weight: 400;\">  \u2013 uporaba lastnega biomateriala je popolnoma varna in zanesljiva ter ima zelo pozitivne u\u010dinke na zdravje. Je najbolj\u0161a naravna alternativa farmacevtskim izdelkom. <\/span><\/li>\n<li><span style=\"font-weight: 400;\"> <\/span><b>Zobni vsadki iz cirkonija kot nadomestilo za titanske zobne vsadke<\/b><span style=\"font-weight: 400;\">  &#8211; Pri izdelavi vsadkov cirkonijeva spojina izgubi vse lastnosti kovine in deluje popolnoma nevtralno na tkivo. Je zelo uspe\u0161na zamenjava za titan. Poleg tega zmanj\u0161uje vnetno in alergijsko aktivnost okoli vsadka ter zmanj\u0161uje tkivne reakcije do popolne nevtralnosti.    <\/span><\/li>\n<li><span style=\"font-weight: 400;\"> <\/span><b>Laserska stomatologija<\/b> <span style=\"font-weight: 400;\">\u2013 sodobna tehnologija, ki omogo\u010da manj invazivne posege s hitrej\u0161im okrevanjem in manj\u0161im tveganjem za oku\u017ebe.<\/span><\/li>\n<li><span style=\"font-weight: 400;\"> <\/span><b>Zdravljenje bole\u010dih stanj temporomandibularnega sklepa<\/b> <span style=\"font-weight: 400;\">in okoli\u0161kih mi\u0161ic z vzpostavitvijo ustreznih biomehani\u010dnih in funkcionalnih odnosov med zobmi in posameznimi deli \u010deljusti.<\/span><\/li>\n<li style=\"text-align: left;\"><b>Dopolnjevanje telesa s pomembnimi sestavinami<\/b> <span>(vitamini, minerali in drugimi hranili) med procesom zdravljenja, zlasti med integracijo zobnih vsadkov in regeneracijo tkiv ustne votline.<\/span> <\/li>\n<\/ol>\n<p><span style=\"font-weight: 400;\">V zobni kliniki Apolonija<\/span> <span style=\"font-weight: 400;\">Zahtevate lahko uporabo holisti\u010dnih metod zobozdravstvene medicine. Nato vas bomo seznanili z omenjenim programom in uporabili metodo zdravljenja, ki jo pri\u010dakujete, pri \u010demer bomo spo\u0161tovali znanstveno dokazane postopke zdravljenja in na\u010dela zobozdravstva, ki temelji na dokazih. <\/span><\/p>\n<\/div><\/div><div class=\"w-html\"><div class=\"jc-cta cta-prvi-pregled\">\n\t<p style=\"\">Pregled v polikliniki Apolonija rezervirajte prek telefonskega klica, WhatsAppa ali izpolnite kontaktni obrazec.<\/p>\n\t<a class=\"telefon w-btn us-btn-style_29 icon_atleft\" href=\"tel:+385 1 4883 800\"><i class=\"fas fa-phone-rotary\"><\/i><span class=\"w-btn-label\">+385 1 4883 800<\/span><\/a>\n\t<a class=\"whatsapp w-btn us-btn-style_29 icon_atleft\" href=\"https:\/\/wa.me\/385914883800\"><i class=\"fab fa-whatsapp\"><\/i><span class=\"w-btn-label\">+385 91 4883 800<\/span><\/a>\n\t<\/div><\/div><\/div><\/div><\/div><\/div><\/section>\n","protected":false},"excerpt":{"rendered":"<p>Zobje so sestavni del telesa in splo\u0161nega zdravja, vemo pa, da ima zdravje zob velik vpliv na druge procese v telesu. Zato smo za vas izpostavili vse o tem. <\/p>\n","protected":false},"author":15,"featured_media":0,"parent":20888,"menu_order":6,"comment_status":"closed","ping_status":"closed","template":"","meta":{"_acf_changed":false,"footnotes":""},"class_list":["post-20883","page","type-page","status-publish","hentry"],"acf":[],"yoast_head":"<!-- This site is optimized with the Yoast SEO plugin v27.5 - https:\/\/yoast.com\/product\/yoast-seo-wordpress\/ -->\n<title>O holisti\u010dnem in biolo\u0161kem zobozdravstvu - Stomatolo\u0161ka poliklinika Apolonija<\/title>\n<meta name=\"description\" content=\"Holisti\u010dna stomatologija ali biolo\u0161ka dentalna medicina obravnava zobe in ustno votlino kot del celotnega zdravja telesa. Izvedite ve\u010d!\" \/>\n<meta name=\"robots\" content=\"index, follow, max-snippet:-1, max-image-preview:large, max-video-preview:-1\" \/>\n<link rel=\"canonical\" href=\"https:\/\/www.apolonija.hr\/sl\/nas-pristop\/o-holisticnem-in-bioloskem-zobozdravstvu\/\" \/>\n<meta property=\"og:locale\" content=\"sl_SI\" \/>\n<meta property=\"og:type\" content=\"article\" \/>\n<meta property=\"og:title\" content=\"O holisti\u010dnem in biolo\u0161kem zobozdravstvu - Stomatolo\u0161ka poliklinika Apolonija\" \/>\n<meta property=\"og:description\" content=\"Holisti\u010dna stomatologija ali biolo\u0161ka dentalna medicina obravnava zobe in ustno votlino kot del celotnega zdravja telesa. Izvedite ve\u010d!\" \/>\n<meta property=\"og:url\" content=\"https:\/\/www.apolonija.hr\/sl\/nas-pristop\/o-holisticnem-in-bioloskem-zobozdravstvu\/\" \/>\n<meta property=\"og:site_name\" content=\"Stomatolo\u0161ka poliklinika Apolonija\" \/>\n<meta property=\"article:publisher\" content=\"https:\/\/www.facebook.com\/SPApolonija\/\" \/>\n<meta property=\"article:modified_time\" content=\"2025-05-08T22:54:32+00:00\" \/>\n<meta name=\"twitter:card\" content=\"summary_large_image\" \/>\n<meta name=\"twitter:label1\" content=\"Est. reading time\" \/>\n\t<meta name=\"twitter:data1\" content=\"3 minute\" \/>\n<script type=\"application\/ld+json\" class=\"yoast-schema-graph\">{\"@context\":\"https:\\\/\\\/schema.org\",\"@graph\":[{\"@type\":\"WebPage\",\"@id\":\"https:\\\/\\\/www.apolonija.hr\\\/sl\\\/nas-pristop\\\/o-holisticnem-in-bioloskem-zobozdravstvu\\\/\",\"url\":\"https:\\\/\\\/www.apolonija.hr\\\/sl\\\/nas-pristop\\\/o-holisticnem-in-bioloskem-zobozdravstvu\\\/\",\"name\":\"O holisti\u010dnem in biolo\u0161kem zobozdravstvu - Stomatolo\u0161ka poliklinika Apolonija\",\"isPartOf\":{\"@id\":\"https:\\\/\\\/www.apolonija.hr\\\/sl\\\/#website\"},\"datePublished\":\"2020-04-06T14:38:39+00:00\",\"dateModified\":\"2025-05-08T22:54:32+00:00\",\"description\":\"Holisti\u010dna stomatologija ali biolo\u0161ka dentalna medicina obravnava zobe in ustno votlino kot del celotnega zdravja telesa. Izvedite ve\u010d!\",\"breadcrumb\":{\"@id\":\"https:\\\/\\\/www.apolonija.hr\\\/sl\\\/nas-pristop\\\/o-holisticnem-in-bioloskem-zobozdravstvu\\\/#breadcrumb\"},\"inLanguage\":\"sl-SI\",\"potentialAction\":[{\"@type\":\"ReadAction\",\"target\":[\"https:\\\/\\\/www.apolonija.hr\\\/sl\\\/nas-pristop\\\/o-holisticnem-in-bioloskem-zobozdravstvu\\\/\"]}]},{\"@type\":\"BreadcrumbList\",\"@id\":\"https:\\\/\\\/www.apolonija.hr\\\/sl\\\/nas-pristop\\\/o-holisticnem-in-bioloskem-zobozdravstvu\\\/#breadcrumb\",\"itemListElement\":[{\"@type\":\"ListItem\",\"position\":1,\"name\":\"Apolonija\",\"item\":\"https:\\\/\\\/www.apolonija.hr\\\/sl\\\/apolonija\\\/\"},{\"@type\":\"ListItem\",\"position\":2,\"name\":\"Na\u0161 pristop\",\"item\":\"https:\\\/\\\/www.apolonija.hr\\\/sl\\\/nas-pristop\\\/\"},{\"@type\":\"ListItem\",\"position\":3,\"name\":\"O holisti\u010dnem in biolo\u0161kem zobozdravstvu\"}]},{\"@type\":\"WebSite\",\"@id\":\"https:\\\/\\\/www.apolonija.hr\\\/sl\\\/#website\",\"url\":\"https:\\\/\\\/www.apolonija.hr\\\/sl\\\/\",\"name\":\"Stomatolo\u0161ka poliklinika Apolonija\",\"description\":\"\u017divljenje, polno nasmehov\",\"publisher\":{\"@id\":\"https:\\\/\\\/www.apolonija.hr\\\/sl\\\/#organization\"},\"potentialAction\":[{\"@type\":\"SearchAction\",\"target\":{\"@type\":\"EntryPoint\",\"urlTemplate\":\"https:\\\/\\\/www.apolonija.hr\\\/sl\\\/?s={search_term_string}\"},\"query-input\":{\"@type\":\"PropertyValueSpecification\",\"valueRequired\":true,\"valueName\":\"search_term_string\"}}],\"inLanguage\":\"sl-SI\"},{\"@type\":\"Organization\",\"@id\":\"https:\\\/\\\/www.apolonija.hr\\\/sl\\\/#organization\",\"name\":\"Stomatolo\u0161ka poliklinika Apolonija\",\"url\":\"https:\\\/\\\/www.apolonija.hr\\\/sl\\\/\",\"logo\":{\"@type\":\"ImageObject\",\"inLanguage\":\"sl-SI\",\"@id\":\"https:\\\/\\\/www.apolonija.hr\\\/sl\\\/#\\\/schema\\\/logo\\\/image\\\/\",\"url\":\"https:\\\/\\\/www.apolonija.hr\\\/wp-content\\\/uploads\\\/2019\\\/10\\\/logo-1.png\",\"contentUrl\":\"https:\\\/\\\/www.apolonija.hr\\\/wp-content\\\/uploads\\\/2019\\\/10\\\/logo-1.png\",\"width\":500,\"height\":140,\"caption\":\"Stomatolo\u0161ka poliklinika Apolonija\"},\"image\":{\"@id\":\"https:\\\/\\\/www.apolonija.hr\\\/sl\\\/#\\\/schema\\\/logo\\\/image\\\/\"},\"sameAs\":[\"https:\\\/\\\/www.facebook.com\\\/SPApolonija\\\/\",\"https:\\\/\\\/www.instagram.com\\\/poliklinikaapolonija\\\/\",\"https:\\\/\\\/www.linkedin.com\\\/company\\\/stomatolo\u0161ka-poliklinika-apolonija\\\/\",\"https:\\\/\\\/www.tiktok.com\\\/@poliklinikaapolonija\"]}]}<\/script>\n<!-- \/ Yoast SEO plugin. -->","yoast_head_json":{"title":"O holisti\u010dnem in biolo\u0161kem zobozdravstvu - Stomatolo\u0161ka poliklinika Apolonija","description":"Holisti\u010dna stomatologija ali biolo\u0161ka dentalna medicina obravnava zobe in ustno votlino kot del celotnega zdravja telesa. Izvedite ve\u010d!","robots":{"index":"index","follow":"follow","max-snippet":"max-snippet:-1","max-image-preview":"max-image-preview:large","max-video-preview":"max-video-preview:-1"},"canonical":"https:\/\/www.apolonija.hr\/sl\/nas-pristop\/o-holisticnem-in-bioloskem-zobozdravstvu\/","og_locale":"sl_SI","og_type":"article","og_title":"O holisti\u010dnem in biolo\u0161kem zobozdravstvu - Stomatolo\u0161ka poliklinika Apolonija","og_description":"Holisti\u010dna stomatologija ali biolo\u0161ka dentalna medicina obravnava zobe in ustno votlino kot del celotnega zdravja telesa. Izvedite ve\u010d!","og_url":"https:\/\/www.apolonija.hr\/sl\/nas-pristop\/o-holisticnem-in-bioloskem-zobozdravstvu\/","og_site_name":"Stomatolo\u0161ka poliklinika Apolonija","article_publisher":"https:\/\/www.facebook.com\/SPApolonija\/","article_modified_time":"2025-05-08T22:54:32+00:00","twitter_card":"summary_large_image","twitter_misc":{"Est. reading time":"3 minute"},"schema":{"@context":"https:\/\/schema.org","@graph":[{"@type":"WebPage","@id":"https:\/\/www.apolonija.hr\/sl\/nas-pristop\/o-holisticnem-in-bioloskem-zobozdravstvu\/","url":"https:\/\/www.apolonija.hr\/sl\/nas-pristop\/o-holisticnem-in-bioloskem-zobozdravstvu\/","name":"O holisti\u010dnem in biolo\u0161kem zobozdravstvu - Stomatolo\u0161ka poliklinika Apolonija","isPartOf":{"@id":"https:\/\/www.apolonija.hr\/sl\/#website"},"datePublished":"2020-04-06T14:38:39+00:00","dateModified":"2025-05-08T22:54:32+00:00","description":"Holisti\u010dna stomatologija ali biolo\u0161ka dentalna medicina obravnava zobe in ustno votlino kot del celotnega zdravja telesa. Izvedite ve\u010d!","breadcrumb":{"@id":"https:\/\/www.apolonija.hr\/sl\/nas-pristop\/o-holisticnem-in-bioloskem-zobozdravstvu\/#breadcrumb"},"inLanguage":"sl-SI","potentialAction":[{"@type":"ReadAction","target":["https:\/\/www.apolonija.hr\/sl\/nas-pristop\/o-holisticnem-in-bioloskem-zobozdravstvu\/"]}]},{"@type":"BreadcrumbList","@id":"https:\/\/www.apolonija.hr\/sl\/nas-pristop\/o-holisticnem-in-bioloskem-zobozdravstvu\/#breadcrumb","itemListElement":[{"@type":"ListItem","position":1,"name":"Apolonija","item":"https:\/\/www.apolonija.hr\/sl\/apolonija\/"},{"@type":"ListItem","position":2,"name":"Na\u0161 pristop","item":"https:\/\/www.apolonija.hr\/sl\/nas-pristop\/"},{"@type":"ListItem","position":3,"name":"O holisti\u010dnem in biolo\u0161kem zobozdravstvu"}]},{"@type":"WebSite","@id":"https:\/\/www.apolonija.hr\/sl\/#website","url":"https:\/\/www.apolonija.hr\/sl\/","name":"Stomatolo\u0161ka poliklinika Apolonija","description":"\u017divljenje, polno nasmehov","publisher":{"@id":"https:\/\/www.apolonija.hr\/sl\/#organization"},"potentialAction":[{"@type":"SearchAction","target":{"@type":"EntryPoint","urlTemplate":"https:\/\/www.apolonija.hr\/sl\/?s={search_term_string}"},"query-input":{"@type":"PropertyValueSpecification","valueRequired":true,"valueName":"search_term_string"}}],"inLanguage":"sl-SI"},{"@type":"Organization","@id":"https:\/\/www.apolonija.hr\/sl\/#organization","name":"Stomatolo\u0161ka poliklinika Apolonija","url":"https:\/\/www.apolonija.hr\/sl\/","logo":{"@type":"ImageObject","inLanguage":"sl-SI","@id":"https:\/\/www.apolonija.hr\/sl\/#\/schema\/logo\/image\/","url":"https:\/\/www.apolonija.hr\/wp-content\/uploads\/2019\/10\/logo-1.png","contentUrl":"https:\/\/www.apolonija.hr\/wp-content\/uploads\/2019\/10\/logo-1.png","width":500,"height":140,"caption":"Stomatolo\u0161ka poliklinika Apolonija"},"image":{"@id":"https:\/\/www.apolonija.hr\/sl\/#\/schema\/logo\/image\/"},"sameAs":["https:\/\/www.facebook.com\/SPApolonija\/","https:\/\/www.instagram.com\/poliklinikaapolonija\/","https:\/\/www.linkedin.com\/company\/stomatolo\u0161ka-poliklinika-apolonija\/","https:\/\/www.tiktok.com\/@poliklinikaapolonija"]}]}},"_links":{"self":[{"href":"https:\/\/www.apolonija.hr\/sl\/wp-json\/wp\/v2\/pages\/20883","targetHints":{"allow":["GET"]}}],"collection":[{"href":"https:\/\/www.apolonija.hr\/sl\/wp-json\/wp\/v2\/pages"}],"about":[{"href":"https:\/\/www.apolonija.hr\/sl\/wp-json\/wp\/v2\/types\/page"}],"author":[{"embeddable":true,"href":"https:\/\/www.apolonija.hr\/sl\/wp-json\/wp\/v2\/users\/15"}],"replies":[{"embeddable":true,"href":"https:\/\/www.apolonija.hr\/sl\/wp-json\/wp\/v2\/comments?post=20883"}],"version-history":[{"count":2,"href":"https:\/\/www.apolonija.hr\/sl\/wp-json\/wp\/v2\/pages\/20883\/revisions"}],"predecessor-version":[{"id":20885,"href":"https:\/\/www.apolonija.hr\/sl\/wp-json\/wp\/v2\/pages\/20883\/revisions\/20885"}],"up":[{"embeddable":true,"href":"https:\/\/www.apolonija.hr\/sl\/wp-json\/wp\/v2\/pages\/20888"}],"wp:attachment":[{"href":"https:\/\/www.apolonija.hr\/sl\/wp-json\/wp\/v2\/media?parent=20883"}],"curies":[{"name":"wp","href":"https:\/\/api.w.org\/{rel}","templated":true}]}}