{"id":20889,"date":"2020-04-03T20:46:48","date_gmt":"2020-04-03T18:46:48","guid":{"rendered":"https:\/\/www.apolonija.hr\/zobozdravstveno-zdravljenje\/"},"modified":"2025-05-09T00:54:32","modified_gmt":"2025-05-08T22:54:32","slug":"zobozdravstveno-zdravljenje","status":"publish","type":"page","link":"https:\/\/www.apolonija.hr\/sl\/zobozdravstveno-zdravljenje\/","title":{"rendered":"Zobozdravstveno zdravljenje"},"content":{"rendered":"<section class=\"l-section wpb_row height_small\"><div class=\"l-section-h i-cf\"><div class=\"g-cols vc_row via_grid cols_1 laptops-cols_inherit tablets-cols_inherit mobiles-cols_1 valign_top type_default stacking_default\"><div class=\"wpb_column vc_column_container\"><div class=\"vc_column-inner\"><div class=\"wpb_text_column\"><div class=\"wpb_wrapper\"><p>Na\u0161a temeljna naloga je odpraviti in prepre\u010diti bole\u010dino ter voditi k ozdravitvi. Ve\u010d o popravilu zob si preberite <a href=\"https:\/\/www.apolonija.hr\/ljepsi-osmijeh\/plombe-i-popravak-zuba\/\"><strong>tukaj<\/strong> .<\/a> <\/p>\n<\/div><\/div><\/div><\/div><\/div><\/div><\/section>\n","protected":false},"excerpt":{"rendered":"","protected":false},"author":15,"featured_media":9371,"parent":0,"menu_order":102,"comment_status":"closed","ping_status":"closed","template":"","meta":{"_acf_changed":false,"footnotes":""},"class_list":["post-20889","page","type-page","status-publish","has-post-thumbnail","hentry"],"acf":[],"yoast_head":"<!-- This site is optimized with the Yoast SEO plugin v27.5 - https:\/\/yoast.com\/product\/yoast-seo-wordpress\/ -->\n<title>Zobozdravstveno zdravljenje - Stomatolo\u0161ka poliklinika Apolonija<\/title>\n<meta name=\"description\" content=\"Na\u0161a osnovna naloga je odstraniti in prepre\u010diti bole\u010dino, nato pa z diagnostiko in na\u010drtovanimi terapijami voditi do ozdravitve.\" \/>\n<meta name=\"robots\" content=\"index, follow, max-snippet:-1, max-image-preview:large, max-video-preview:-1\" \/>\n<link rel=\"canonical\" href=\"https:\/\/www.apolonija.hr\/sl\/zobozdravstveno-zdravljenje\/\" \/>\n<meta property=\"og:locale\" content=\"sl_SI\" \/>\n<meta property=\"og:type\" content=\"article\" \/>\n<meta property=\"og:title\" content=\"Zobozdravstveno zdravljenje - Stomatolo\u0161ka poliklinika Apolonija\" \/>\n<meta property=\"og:description\" content=\"Na\u0161a osnovna naloga je odstraniti in prepre\u010diti bole\u010dino, nato pa z diagnostiko in na\u010drtovanimi terapijami voditi do ozdravitve.\" \/>\n<meta property=\"og:url\" content=\"https:\/\/www.apolonija.hr\/sl\/zobozdravstveno-zdravljenje\/\" \/>\n<meta property=\"og:site_name\" content=\"Stomatolo\u0161ka poliklinika Apolonija\" \/>\n<meta property=\"article:publisher\" content=\"https:\/\/www.facebook.com\/SPApolonija\/\" \/>\n<meta property=\"article:modified_time\" content=\"2025-05-08T22:54:32+00:00\" \/>\n<meta property=\"og:image\" content=\"https:\/\/www.apolonija.hr\/wp-content\/uploads\/2020\/04\/stomatolog-apolonija-zagreb-centar-ilustracija-crne-i-bijele-zubne-plombe.jpg\" \/>\n\t<meta property=\"og:image:width\" content=\"1000\" \/>\n\t<meta property=\"og:image:height\" content=\"833\" \/>\n\t<meta property=\"og:image:type\" content=\"image\/jpeg\" \/>\n<meta name=\"twitter:card\" content=\"summary_large_image\" \/>\n<script type=\"application\/ld+json\" class=\"yoast-schema-graph\">{\"@context\":\"https:\\\/\\\/schema.org\",\"@graph\":[{\"@type\":\"WebPage\",\"@id\":\"https:\\\/\\\/www.apolonija.hr\\\/sl\\\/zobozdravstveno-zdravljenje\\\/\",\"url\":\"https:\\\/\\\/www.apolonija.hr\\\/sl\\\/zobozdravstveno-zdravljenje\\\/\",\"name\":\"Zobozdravstveno zdravljenje - Stomatolo\u0161ka poliklinika Apolonija\",\"isPartOf\":{\"@id\":\"https:\\\/\\\/www.apolonija.hr\\\/sl\\\/#website\"},\"primaryImageOfPage\":{\"@id\":\"https:\\\/\\\/www.apolonija.hr\\\/sl\\\/zobozdravstveno-zdravljenje\\\/#primaryimage\"},\"image\":{\"@id\":\"https:\\\/\\\/www.apolonija.hr\\\/sl\\\/zobozdravstveno-zdravljenje\\\/#primaryimage\"},\"thumbnailUrl\":\"https:\\\/\\\/www.apolonija.hr\\\/wp-content\\\/uploads\\\/2020\\\/04\\\/stomatolog-apolonija-zagreb-centar-ilustracija-crne-i-bijele-zubne-plombe.jpg\",\"datePublished\":\"2020-04-03T18:46:48+00:00\",\"dateModified\":\"2025-05-08T22:54:32+00:00\",\"description\":\"Na\u0161a osnovna naloga je odstraniti in prepre\u010diti bole\u010dino, nato pa z diagnostiko in na\u010drtovanimi terapijami voditi do ozdravitve.\",\"breadcrumb\":{\"@id\":\"https:\\\/\\\/www.apolonija.hr\\\/sl\\\/zobozdravstveno-zdravljenje\\\/#breadcrumb\"},\"inLanguage\":\"sl-SI\",\"potentialAction\":[{\"@type\":\"ReadAction\",\"target\":[\"https:\\\/\\\/www.apolonija.hr\\\/sl\\\/zobozdravstveno-zdravljenje\\\/\"]}]},{\"@type\":\"ImageObject\",\"inLanguage\":\"sl-SI\",\"@id\":\"https:\\\/\\\/www.apolonija.hr\\\/sl\\\/zobozdravstveno-zdravljenje\\\/#primaryimage\",\"url\":\"https:\\\/\\\/www.apolonija.hr\\\/wp-content\\\/uploads\\\/2020\\\/04\\\/stomatolog-apolonija-zagreb-centar-ilustracija-crne-i-bijele-zubne-plombe.jpg\",\"contentUrl\":\"https:\\\/\\\/www.apolonija.hr\\\/wp-content\\\/uploads\\\/2020\\\/04\\\/stomatolog-apolonija-zagreb-centar-ilustracija-crne-i-bijele-zubne-plombe.jpg\",\"width\":1000,\"height\":833,\"caption\":\"Crne, amalgamske plombe mogu izgledati neugledno\"},{\"@type\":\"BreadcrumbList\",\"@id\":\"https:\\\/\\\/www.apolonija.hr\\\/sl\\\/zobozdravstveno-zdravljenje\\\/#breadcrumb\",\"itemListElement\":[{\"@type\":\"ListItem\",\"position\":1,\"name\":\"Apolonija\",\"item\":\"https:\\\/\\\/www.apolonija.hr\\\/sl\\\/apolonija\\\/\"},{\"@type\":\"ListItem\",\"position\":2,\"name\":\"Zobozdravstveno zdravljenje\"}]},{\"@type\":\"WebSite\",\"@id\":\"https:\\\/\\\/www.apolonija.hr\\\/sl\\\/#website\",\"url\":\"https:\\\/\\\/www.apolonija.hr\\\/sl\\\/\",\"name\":\"Stomatolo\u0161ka poliklinika Apolonija\",\"description\":\"\u017divljenje, polno nasmehov\",\"publisher\":{\"@id\":\"https:\\\/\\\/www.apolonija.hr\\\/sl\\\/#organization\"},\"potentialAction\":[{\"@type\":\"SearchAction\",\"target\":{\"@type\":\"EntryPoint\",\"urlTemplate\":\"https:\\\/\\\/www.apolonija.hr\\\/sl\\\/?s={search_term_string}\"},\"query-input\":{\"@type\":\"PropertyValueSpecification\",\"valueRequired\":true,\"valueName\":\"search_term_string\"}}],\"inLanguage\":\"sl-SI\"},{\"@type\":\"Organization\",\"@id\":\"https:\\\/\\\/www.apolonija.hr\\\/sl\\\/#organization\",\"name\":\"Stomatolo\u0161ka poliklinika Apolonija\",\"url\":\"https:\\\/\\\/www.apolonija.hr\\\/sl\\\/\",\"logo\":{\"@type\":\"ImageObject\",\"inLanguage\":\"sl-SI\",\"@id\":\"https:\\\/\\\/www.apolonija.hr\\\/sl\\\/#\\\/schema\\\/logo\\\/image\\\/\",\"url\":\"https:\\\/\\\/www.apolonija.hr\\\/wp-content\\\/uploads\\\/2019\\\/10\\\/logo-1.png\",\"contentUrl\":\"https:\\\/\\\/www.apolonija.hr\\\/wp-content\\\/uploads\\\/2019\\\/10\\\/logo-1.png\",\"width\":500,\"height\":140,\"caption\":\"Stomatolo\u0161ka poliklinika Apolonija\"},\"image\":{\"@id\":\"https:\\\/\\\/www.apolonija.hr\\\/sl\\\/#\\\/schema\\\/logo\\\/image\\\/\"},\"sameAs\":[\"https:\\\/\\\/www.facebook.com\\\/SPApolonija\\\/\",\"https:\\\/\\\/www.instagram.com\\\/poliklinikaapolonija\\\/\",\"https:\\\/\\\/www.linkedin.com\\\/company\\\/stomatolo\u0161ka-poliklinika-apolonija\\\/\",\"https:\\\/\\\/www.tiktok.com\\\/@poliklinikaapolonija\"]}]}<\/script>\n<!-- \/ Yoast SEO plugin. -->","yoast_head_json":{"title":"Zobozdravstveno zdravljenje - Stomatolo\u0161ka poliklinika Apolonija","description":"Na\u0161a osnovna naloga je odstraniti in prepre\u010diti bole\u010dino, nato pa z diagnostiko in na\u010drtovanimi terapijami voditi do ozdravitve.","robots":{"index":"index","follow":"follow","max-snippet":"max-snippet:-1","max-image-preview":"max-image-preview:large","max-video-preview":"max-video-preview:-1"},"canonical":"https:\/\/www.apolonija.hr\/sl\/zobozdravstveno-zdravljenje\/","og_locale":"sl_SI","og_type":"article","og_title":"Zobozdravstveno zdravljenje - Stomatolo\u0161ka poliklinika Apolonija","og_description":"Na\u0161a osnovna naloga je odstraniti in prepre\u010diti bole\u010dino, nato pa z diagnostiko in na\u010drtovanimi terapijami voditi do ozdravitve.","og_url":"https:\/\/www.apolonija.hr\/sl\/zobozdravstveno-zdravljenje\/","og_site_name":"Stomatolo\u0161ka poliklinika Apolonija","article_publisher":"https:\/\/www.facebook.com\/SPApolonija\/","article_modified_time":"2025-05-08T22:54:32+00:00","og_image":[{"width":1000,"height":833,"url":"https:\/\/www.apolonija.hr\/wp-content\/uploads\/2020\/04\/stomatolog-apolonija-zagreb-centar-ilustracija-crne-i-bijele-zubne-plombe.jpg","type":"image\/jpeg"}],"twitter_card":"summary_large_image","schema":{"@context":"https:\/\/schema.org","@graph":[{"@type":"WebPage","@id":"https:\/\/www.apolonija.hr\/sl\/zobozdravstveno-zdravljenje\/","url":"https:\/\/www.apolonija.hr\/sl\/zobozdravstveno-zdravljenje\/","name":"Zobozdravstveno zdravljenje - Stomatolo\u0161ka poliklinika Apolonija","isPartOf":{"@id":"https:\/\/www.apolonija.hr\/sl\/#website"},"primaryImageOfPage":{"@id":"https:\/\/www.apolonija.hr\/sl\/zobozdravstveno-zdravljenje\/#primaryimage"},"image":{"@id":"https:\/\/www.apolonija.hr\/sl\/zobozdravstveno-zdravljenje\/#primaryimage"},"thumbnailUrl":"https:\/\/www.apolonija.hr\/wp-content\/uploads\/2020\/04\/stomatolog-apolonija-zagreb-centar-ilustracija-crne-i-bijele-zubne-plombe.jpg","datePublished":"2020-04-03T18:46:48+00:00","dateModified":"2025-05-08T22:54:32+00:00","description":"Na\u0161a osnovna naloga je odstraniti in prepre\u010diti bole\u010dino, nato pa z diagnostiko in na\u010drtovanimi terapijami voditi do ozdravitve.","breadcrumb":{"@id":"https:\/\/www.apolonija.hr\/sl\/zobozdravstveno-zdravljenje\/#breadcrumb"},"inLanguage":"sl-SI","potentialAction":[{"@type":"ReadAction","target":["https:\/\/www.apolonija.hr\/sl\/zobozdravstveno-zdravljenje\/"]}]},{"@type":"ImageObject","inLanguage":"sl-SI","@id":"https:\/\/www.apolonija.hr\/sl\/zobozdravstveno-zdravljenje\/#primaryimage","url":"https:\/\/www.apolonija.hr\/wp-content\/uploads\/2020\/04\/stomatolog-apolonija-zagreb-centar-ilustracija-crne-i-bijele-zubne-plombe.jpg","contentUrl":"https:\/\/www.apolonija.hr\/wp-content\/uploads\/2020\/04\/stomatolog-apolonija-zagreb-centar-ilustracija-crne-i-bijele-zubne-plombe.jpg","width":1000,"height":833,"caption":"Crne, amalgamske plombe mogu izgledati neugledno"},{"@type":"BreadcrumbList","@id":"https:\/\/www.apolonija.hr\/sl\/zobozdravstveno-zdravljenje\/#breadcrumb","itemListElement":[{"@type":"ListItem","position":1,"name":"Apolonija","item":"https:\/\/www.apolonija.hr\/sl\/apolonija\/"},{"@type":"ListItem","position":2,"name":"Zobozdravstveno zdravljenje"}]},{"@type":"WebSite","@id":"https:\/\/www.apolonija.hr\/sl\/#website","url":"https:\/\/www.apolonija.hr\/sl\/","name":"Stomatolo\u0161ka poliklinika Apolonija","description":"\u017divljenje, polno nasmehov","publisher":{"@id":"https:\/\/www.apolonija.hr\/sl\/#organization"},"potentialAction":[{"@type":"SearchAction","target":{"@type":"EntryPoint","urlTemplate":"https:\/\/www.apolonija.hr\/sl\/?s={search_term_string}"},"query-input":{"@type":"PropertyValueSpecification","valueRequired":true,"valueName":"search_term_string"}}],"inLanguage":"sl-SI"},{"@type":"Organization","@id":"https:\/\/www.apolonija.hr\/sl\/#organization","name":"Stomatolo\u0161ka poliklinika Apolonija","url":"https:\/\/www.apolonija.hr\/sl\/","logo":{"@type":"ImageObject","inLanguage":"sl-SI","@id":"https:\/\/www.apolonija.hr\/sl\/#\/schema\/logo\/image\/","url":"https:\/\/www.apolonija.hr\/wp-content\/uploads\/2019\/10\/logo-1.png","contentUrl":"https:\/\/www.apolonija.hr\/wp-content\/uploads\/2019\/10\/logo-1.png","width":500,"height":140,"caption":"Stomatolo\u0161ka poliklinika Apolonija"},"image":{"@id":"https:\/\/www.apolonija.hr\/sl\/#\/schema\/logo\/image\/"},"sameAs":["https:\/\/www.facebook.com\/SPApolonija\/","https:\/\/www.instagram.com\/poliklinikaapolonija\/","https:\/\/www.linkedin.com\/company\/stomatolo\u0161ka-poliklinika-apolonija\/","https:\/\/www.tiktok.com\/@poliklinikaapolonija"]}]}},"_links":{"self":[{"href":"https:\/\/www.apolonija.hr\/sl\/wp-json\/wp\/v2\/pages\/20889","targetHints":{"allow":["GET"]}}],"collection":[{"href":"https:\/\/www.apolonija.hr\/sl\/wp-json\/wp\/v2\/pages"}],"about":[{"href":"https:\/\/www.apolonija.hr\/sl\/wp-json\/wp\/v2\/types\/page"}],"author":[{"embeddable":true,"href":"https:\/\/www.apolonija.hr\/sl\/wp-json\/wp\/v2\/users\/15"}],"replies":[{"embeddable":true,"href":"https:\/\/www.apolonija.hr\/sl\/wp-json\/wp\/v2\/comments?post=20889"}],"version-history":[{"count":2,"href":"https:\/\/www.apolonija.hr\/sl\/wp-json\/wp\/v2\/pages\/20889\/revisions"}],"predecessor-version":[{"id":20891,"href":"https:\/\/www.apolonija.hr\/sl\/wp-json\/wp\/v2\/pages\/20889\/revisions\/20891"}],"wp:featuredmedia":[{"embeddable":true,"href":"https:\/\/www.apolonija.hr\/sl\/wp-json\/wp\/v2\/media\/9371"}],"wp:attachment":[{"href":"https:\/\/www.apolonija.hr\/sl\/wp-json\/wp\/v2\/media?parent=20889"}],"curies":[{"name":"wp","href":"https:\/\/api.w.org\/{rel}","templated":true}]}}