{"id":20892,"date":"2020-04-03T16:58:54","date_gmt":"2020-04-03T14:58:54","guid":{"rendered":"https:\/\/www.apolonija.hr\/zobne-krone-in-mosticki\/"},"modified":"2025-05-09T00:54:37","modified_gmt":"2025-05-08T22:54:37","slug":"zobne-krone-in-mosticki","status":"publish","type":"page","link":"https:\/\/www.apolonija.hr\/sl\/zobne-krone-in-mosticki\/","title":{"rendered":"Zobne krone in mosti\u010dki"},"content":{"rendered":"<section class=\"l-section wpb_row height_small\"><div class=\"l-section-h i-cf\"><div class=\"g-cols vc_row via_grid cols_1 laptops-cols_inherit tablets-cols_inherit mobiles-cols_1 valign_top type_default stacking_default\"><div class=\"wpb_column vc_column_container\"><div class=\"vc_column-inner\"><div class=\"wpb_text_column\"><div class=\"wpb_wrapper\"><p><span style=\"font-weight: 400;\">Zobna krona je proteti\u010dni nadomestek, ki se namesti na zgornji vidni del zoba (krono zoba) ali na zobni vsadek. Najpogosteje se uporablja za krepitev in prekrivanje po\u0161kodovanega, oslabljenega ali estetsko neprivla\u010dnega zoba. Krona obnovi naravno obliko, velikost in funkcijo zoba. Izdelani so iz razli\u010dnih materialov, izbira pa je odvisna od polo\u017eaja zob ter funkcionalnih in estetskih zahtev.   <\/span><\/p>\n<figure id=\"attachment_9981\" aria-describedby=\"caption-attachment-9981\" style=\"width: 450px\" class=\"wp-caption aligncenter\"><a ref=\"magnificPopup\" href=\"https:\/\/www.apolonija.hr\/wp-content\/uploads\/2020\/06\/Apolonija-stomatolog-zagreb-centar_zubna-krunica-na-zubu-grafika-450x276.jpg\"><img decoding=\"async\" class=\"wp-image-7347 size-medium\" src=\"https:\/\/www.apolonija.hr\/wp-content\/uploads\/2020\/06\/Apolonija-stomatolog-zagreb-centar_zubna-krunica-na-zubu-grafika-450x276.jpg\" alt=\"\" width=\"450\" height=\"276\" srcset=\"https:\/\/www.apolonija.hr\/wp-content\/uploads\/2020\/06\/Apolonija-stomatolog-zagreb-centar_zubna-krunica-na-zubu-grafika-450x276.jpg 450w, https:\/\/www.apolonija.hr\/wp-content\/uploads\/2020\/06\/Apolonija-stomatolog-zagreb-centar_zubna-krunica-na-zubu-grafika-1024x628.jpg 1024w, https:\/\/www.apolonija.hr\/wp-content\/uploads\/2020\/06\/Apolonija-stomatolog-zagreb-centar_zubna-krunica-na-zubu-grafika-768x471.jpg 768w, https:\/\/www.apolonija.hr\/wp-content\/uploads\/2020\/06\/Apolonija-stomatolog-zagreb-centar_zubna-krunica-na-zubu-grafika-600x368.jpg 600w, https:\/\/www.apolonija.hr\/wp-content\/uploads\/2020\/06\/Apolonija-stomatolog-zagreb-centar_zubna-krunica-na-zubu-grafika.jpg 1200w\" sizes=\"(max-width: 450px) 100vw, 450px\" \/><\/a><figcaption id=\"caption-attachment-9981\" class=\"wp-caption-text\">Zobna krona se namesti na zgornji vidni del zoba.<\/figcaption><\/figure>\n<h2>Kdaj potrebujete zobno krono?<\/h2>\n<ul>\n<li style=\"font-weight: 400;\" aria-level=\"1\"><span style=\"font-weight: 400;\">Ko je va\u0161 zob oslabljen (npr. po ve\u010dji kariesu in zdravljenju koreninskih kanalov)<\/span><\/li>\n<li style=\"font-weight: 400;\" aria-level=\"1\"><span style=\"font-weight: 400;\">Ko morate obnoviti mo\u010dno po\u0161kodovan ali obrabljen zob  <\/span><\/li>\n<li style=\"font-weight: 400;\" aria-level=\"1\"><span style=\"font-weight: 400;\">Ko \u017eelite izbolj\u0161ati videz svojih zob (barvo, obliko, polo\u017eaj)<\/span><\/li>\n<li style=\"font-weight: 400;\" aria-level=\"1\"><span style=\"font-weight: 400;\">Ko so vam vstavili zobni vsadek  <\/span><\/li>\n<li style=\"font-weight: 400;\" aria-level=\"1\"><span style=\"font-weight: 400;\">Ko morate nadomestiti izgubljeni zob (ko manjka eden ali ve\u010d zob)<\/span><\/li>\n<\/ul>\n<p><span><div class=\"jc-cta cta-prvi-pregled\">\n\t<p style=\"\">Pregled v polikliniki Apolonija rezervirajte prek telefonskega klica, WhatsAppa ali izpolnite kontaktni obrazec.<\/p>\n\t<a class=\"telefon w-btn us-btn-style_29 icon_atleft\" href=\"tel:+385 1 4883 800\"><i class=\"fas fa-phone-rotary\"><\/i><span class=\"w-btn-label\">+385 1 4883 800<\/span><\/a>\n\t<a class=\"whatsapp w-btn us-btn-style_29 icon_atleft\" href=\"https:\/\/wa.me\/385914883800\"><i class=\"fab fa-whatsapp\"><\/i><span class=\"w-btn-label\">+385 91 4883 800<\/span><\/a>\n\t<\/div> <\/span><\/p>\n<h2>Zobne krone, ki so videti kot naravni zobje, so mogo\u010de<\/h2>\n<p><span style=\"font-weight: 400;\">\u010ceprav o tem le redko razmi\u0161ljamo, naravni zob zdru\u017euje izjemne opti\u010dne lastnosti. Z ve\u010d kot 50-letnimi izku\u0161njami na podro\u010dju zobne protetike smo razvili natan\u010dne postopke z uporabo sodobnih tehnologij, s katerimi dose\u017eemo popolnoma naraven videz zobnih kron, kot da bi \u0161lo za naravni zob. Uporabljamo samo najkakovostnej\u0161e kerami\u010dne in cirkonijeve materiale.  <\/span><\/p>\n<p><span style=\"font-weight: 400;\">V Polikliniki Apolonija uporabljamo tretjo, najnovej\u0161o generacijo cirkonijeve zobne keramike. Omogo\u010da nam, da z veliko natan\u010dnostjo posnemamo barvo pacientovih obstoje\u010dih zob ali \u017eeleni odtenek, hkrati pa zagotavljamo trajnost videza krone. <\/span><span style=\"font-weight: 400;\"><br \/><\/span><span style=\"font-weight: 400;\">Znano je bilo, da so prej\u0161nje generacije cirkonijevih kerami\u010dnih zobnih kron zaradi obrabe izgubile svoj odtenek. Z najnovej\u0161o generacijo cirkona je ta te\u017eava odpravljena. <\/span><\/p>\n<h2>Ali ste vedeli, da lahko v enem dnevu dobite dokon\u010dano, popolnoma funkcionalno in estetsko natan\u010dno zobno krono?<\/h2>\n<p><span style=\"font-weight: 400;\">Va\u0161e individualne krone izdelujemo z uporabo napredne tehnologije sistema CEREK CAM\/CAD. Postopek se za\u010dne z digitalnim odtisom s 3D intraoralnim skenerjem. Natan\u010dno preslikane podrobnosti zoba in okoli\u0161kega tkiva se takoj prenesejo v programsko opremo, kjer se cirkonijeva krona oblikuje z najve\u010djo natan\u010dnostjo, pri \u010demer se upo\u0161tevajo biolo\u0161ke zna\u010dilnosti ter estetske in funkcionalne zahteve. Nato robotski sistem natan\u010dno izdela kerami\u010dno krono.     <\/span><\/p>\n<h2>Materiali za zobne krone:<\/h2>\n<p><b>Emax in cesarske krone<\/b><\/p>\n<p><span style=\"font-weight: 400;\">Krone Emax in Empress veljajo za najbolj podobne lepoti naravnih zob in se v zobni protetiki uporabljajo \u017ee ve\u010d kot petdeset let. Zaradi svoje nedvomne lepote se najpogosteje priporo\u010da za nadome\u0161\u010danje sprednjih zob, popularno imenovanih &#8220;cona nasmeha&#8221;. <\/span><\/p>\n<p><b>Polne cirkonske krone<\/b><\/p>\n<p><span style=\"font-weight: 400;\">Za posteriorno regijo so priporo\u010dljive krone iz vsega cirkona, ker se je izkazalo, da imajo izjemne fizikalne in mehanske lastnosti tam, kjer so \u017eve\u010dilne sile najmo\u010dnej\u0161e.<\/span><\/p>\n<p><b>Cirkonsko-kerami\u010dne krone<\/b><\/p>\n<p><span style=\"font-weight: 400;\">Cirkonijska keramika je priporo\u010dljiva za predel nasmeha in tudi za zadnje zobe, saj ima odli\u010dne mehanske lastnosti ter izrazit sijaj in prepustnost svetlobe.  <\/span><\/p>\n<h2>Kdaj potrebujete zobni mosti\u010dek?<\/h2>\n<\/p>\n<figure id=\"attachment_9999\" aria-describedby=\"caption-attachment-9999\" style=\"width: 450px\" class=\"wp-caption aligncenter\"><a ref=\"magnificPopup\" href=\"https:\/\/www.apolonija.hr\/wp-content\/uploads\/2020\/06\/Apolonija-stomatolog-zagreb-centar_zubni-most-na-prirodnim-zubima-450x353.jpg\"><img decoding=\"async\" class=\"wp-image-7355 size-medium\" src=\"https:\/\/www.apolonija.hr\/wp-content\/uploads\/2020\/06\/Apolonija-stomatolog-zagreb-centar_zubni-most-na-prirodnim-zubima-450x353.jpg\" alt=\"\" width=\"450\" height=\"353\" srcset=\"https:\/\/www.apolonija.hr\/wp-content\/uploads\/2020\/06\/Apolonija-stomatolog-zagreb-centar_zubni-most-na-prirodnim-zubima-450x353.jpg 450w, https:\/\/www.apolonija.hr\/wp-content\/uploads\/2020\/06\/Apolonija-stomatolog-zagreb-centar_zubni-most-na-prirodnim-zubima-1024x802.jpg 1024w, https:\/\/www.apolonija.hr\/wp-content\/uploads\/2020\/06\/Apolonija-stomatolog-zagreb-centar_zubni-most-na-prirodnim-zubima-768x602.jpg 768w, https:\/\/www.apolonija.hr\/wp-content\/uploads\/2020\/06\/Apolonija-stomatolog-zagreb-centar_zubni-most-na-prirodnim-zubima-600x470.jpg 600w, https:\/\/www.apolonija.hr\/wp-content\/uploads\/2020\/06\/Apolonija-stomatolog-zagreb-centar_zubni-most-na-prirodnim-zubima.jpg 1200w\" sizes=\"(max-width: 450px) 100vw, 450px\" \/><\/a><figcaption id=\"caption-attachment-9999\" class=\"wp-caption-text\">Zobni mosti\u010dek je niz zobnih kron, zdru\u017eenih v eno samo proteti\u010dno delo.<\/figcaption><\/figure>\n<p><span style=\"font-weight: 400;\">Zobni mosti\u010dek je pravzaprav niz zobnih kron, zdru\u017eenih v eno proteti\u010dno delo. \u010ce vam manjka eden ali ve\u010d zob v vrsti, jih lahko nadomestimo z zobnim mosti\u010dkom. <\/span><span style=\"font-weight: 400;\"><br \/><\/span><span style=\"font-weight: 400;\">Zobni mosti\u010dek mora biti podprt z opornimi zobmi ali vsadki. Poleg nadome\u0161\u010danja izgubljenih zob se v\u010dasih namestijo tudi zobni mosti\u010dki za krepitev nestabilnih, parodontalno prizadetih zob.   <\/span><\/p><\/p>\n<\/div><\/div><\/div><\/div><\/div><\/div><\/section><div class=\"jc-cta cta-prvi-pregled\">\n\t<p style=\"\">Pregled v polikliniki Apolonija rezervirajte prek telefonskega klica, WhatsAppa ali izpolnite kontaktni obrazec.<\/p>\n\t<a class=\"telefon w-btn us-btn-style_29 icon_atleft\" href=\"tel:+385 1 4883 800\"><i class=\"fas fa-phone-rotary\"><\/i><span class=\"w-btn-label\">+385 1 4883 800<\/span><\/a>\n\t<a class=\"whatsapp w-btn us-btn-style_29 icon_atleft\" href=\"https:\/\/wa.me\/385914883800\"><i class=\"fab fa-whatsapp\"><\/i><span class=\"w-btn-label\">+385 91 4883 800<\/span><\/a>\n\t<\/div>\n","protected":false},"excerpt":{"rendered":"","protected":false},"author":15,"featured_media":9999,"parent":0,"menu_order":99,"comment_status":"closed","ping_status":"closed","template":"","meta":{"_acf_changed":false,"footnotes":""},"class_list":["post-20892","page","type-page","status-publish","has-post-thumbnail","hentry"],"acf":[],"yoast_head":"<!-- This site is optimized with the Yoast SEO plugin v27.5 - https:\/\/yoast.com\/product\/yoast-seo-wordpress\/ -->\n<title>Zobne krone in mosti\u010dki - Stomatolo\u0161ka poliklinika Apolonija<\/title>\n<meta name=\"description\" content=\"Kot specialisti za zobno protetiko pacientom ponujamo le vrhunske proteti\u010dne izdelke, ki so rezultat na\u0161ega posebnega proteti\u010dnega protokola.\" \/>\n<meta name=\"robots\" content=\"index, follow, max-snippet:-1, max-image-preview:large, max-video-preview:-1\" \/>\n<link rel=\"canonical\" href=\"https:\/\/www.apolonija.hr\/sl\/zobne-krone-in-mosticki\/\" \/>\n<meta property=\"og:locale\" content=\"sl_SI\" \/>\n<meta property=\"og:type\" content=\"article\" \/>\n<meta property=\"og:title\" content=\"Zobne krone in mosti\u010dki - Stomatolo\u0161ka poliklinika Apolonija\" \/>\n<meta property=\"og:description\" content=\"Kot specialisti za zobno protetiko pacientom ponujamo le vrhunske proteti\u010dne izdelke, ki so rezultat na\u0161ega posebnega proteti\u010dnega protokola.\" \/>\n<meta property=\"og:url\" content=\"https:\/\/www.apolonija.hr\/sl\/zobne-krone-in-mosticki\/\" \/>\n<meta property=\"og:site_name\" content=\"Stomatolo\u0161ka poliklinika Apolonija\" \/>\n<meta property=\"article:publisher\" content=\"https:\/\/www.facebook.com\/SPApolonija\/\" \/>\n<meta property=\"article:modified_time\" content=\"2025-05-08T22:54:37+00:00\" \/>\n<meta property=\"og:image\" content=\"https:\/\/www.apolonija.hr\/wp-content\/uploads\/2020\/06\/Apolonija-stomatolog-zagreb-centar_zubni-most-na-prirodnim-zubima.jpg\" \/>\n\t<meta property=\"og:image:width\" content=\"1200\" \/>\n\t<meta property=\"og:image:height\" content=\"940\" \/>\n\t<meta property=\"og:image:type\" content=\"image\/jpeg\" \/>\n<meta name=\"twitter:card\" content=\"summary_large_image\" \/>\n<meta name=\"twitter:label1\" content=\"Est. reading time\" \/>\n\t<meta name=\"twitter:data1\" content=\"3 minute\" \/>\n<script type=\"application\/ld+json\" class=\"yoast-schema-graph\">{\"@context\":\"https:\\\/\\\/schema.org\",\"@graph\":[{\"@type\":\"WebPage\",\"@id\":\"https:\\\/\\\/www.apolonija.hr\\\/sl\\\/zobne-krone-in-mosticki\\\/\",\"url\":\"https:\\\/\\\/www.apolonija.hr\\\/sl\\\/zobne-krone-in-mosticki\\\/\",\"name\":\"Zobne krone in mosti\u010dki - Stomatolo\u0161ka poliklinika Apolonija\",\"isPartOf\":{\"@id\":\"https:\\\/\\\/www.apolonija.hr\\\/sl\\\/#website\"},\"primaryImageOfPage\":{\"@id\":\"https:\\\/\\\/www.apolonija.hr\\\/sl\\\/zobne-krone-in-mosticki\\\/#primaryimage\"},\"image\":{\"@id\":\"https:\\\/\\\/www.apolonija.hr\\\/sl\\\/zobne-krone-in-mosticki\\\/#primaryimage\"},\"thumbnailUrl\":\"https:\\\/\\\/www.apolonija.hr\\\/wp-content\\\/uploads\\\/2020\\\/06\\\/Apolonija-stomatolog-zagreb-centar_zubni-most-na-prirodnim-zubima.jpg\",\"datePublished\":\"2020-04-03T14:58:54+00:00\",\"dateModified\":\"2025-05-08T22:54:37+00:00\",\"description\":\"Kot specialisti za zobno protetiko pacientom ponujamo le vrhunske proteti\u010dne izdelke, ki so rezultat na\u0161ega posebnega proteti\u010dnega protokola.\",\"breadcrumb\":{\"@id\":\"https:\\\/\\\/www.apolonija.hr\\\/sl\\\/zobne-krone-in-mosticki\\\/#breadcrumb\"},\"inLanguage\":\"sl-SI\",\"potentialAction\":[{\"@type\":\"ReadAction\",\"target\":[\"https:\\\/\\\/www.apolonija.hr\\\/sl\\\/zobne-krone-in-mosticki\\\/\"]}]},{\"@type\":\"ImageObject\",\"inLanguage\":\"sl-SI\",\"@id\":\"https:\\\/\\\/www.apolonija.hr\\\/sl\\\/zobne-krone-in-mosticki\\\/#primaryimage\",\"url\":\"https:\\\/\\\/www.apolonija.hr\\\/wp-content\\\/uploads\\\/2020\\\/06\\\/Apolonija-stomatolog-zagreb-centar_zubni-most-na-prirodnim-zubima.jpg\",\"contentUrl\":\"https:\\\/\\\/www.apolonija.hr\\\/wp-content\\\/uploads\\\/2020\\\/06\\\/Apolonija-stomatolog-zagreb-centar_zubni-most-na-prirodnim-zubima.jpg\",\"width\":1200,\"height\":940,\"caption\":\"Zubni most\"},{\"@type\":\"BreadcrumbList\",\"@id\":\"https:\\\/\\\/www.apolonija.hr\\\/sl\\\/zobne-krone-in-mosticki\\\/#breadcrumb\",\"itemListElement\":[{\"@type\":\"ListItem\",\"position\":1,\"name\":\"Apolonija\",\"item\":\"https:\\\/\\\/www.apolonija.hr\\\/sl\\\/apolonija\\\/\"},{\"@type\":\"ListItem\",\"position\":2,\"name\":\"Zobne krone in mosti\u010dki\"}]},{\"@type\":\"WebSite\",\"@id\":\"https:\\\/\\\/www.apolonija.hr\\\/sl\\\/#website\",\"url\":\"https:\\\/\\\/www.apolonija.hr\\\/sl\\\/\",\"name\":\"Stomatolo\u0161ka poliklinika Apolonija\",\"description\":\"\u017divljenje, polno nasmehov\",\"publisher\":{\"@id\":\"https:\\\/\\\/www.apolonija.hr\\\/sl\\\/#organization\"},\"potentialAction\":[{\"@type\":\"SearchAction\",\"target\":{\"@type\":\"EntryPoint\",\"urlTemplate\":\"https:\\\/\\\/www.apolonija.hr\\\/sl\\\/?s={search_term_string}\"},\"query-input\":{\"@type\":\"PropertyValueSpecification\",\"valueRequired\":true,\"valueName\":\"search_term_string\"}}],\"inLanguage\":\"sl-SI\"},{\"@type\":\"Organization\",\"@id\":\"https:\\\/\\\/www.apolonija.hr\\\/sl\\\/#organization\",\"name\":\"Stomatolo\u0161ka poliklinika Apolonija\",\"url\":\"https:\\\/\\\/www.apolonija.hr\\\/sl\\\/\",\"logo\":{\"@type\":\"ImageObject\",\"inLanguage\":\"sl-SI\",\"@id\":\"https:\\\/\\\/www.apolonija.hr\\\/sl\\\/#\\\/schema\\\/logo\\\/image\\\/\",\"url\":\"https:\\\/\\\/www.apolonija.hr\\\/wp-content\\\/uploads\\\/2019\\\/10\\\/logo-1.png\",\"contentUrl\":\"https:\\\/\\\/www.apolonija.hr\\\/wp-content\\\/uploads\\\/2019\\\/10\\\/logo-1.png\",\"width\":500,\"height\":140,\"caption\":\"Stomatolo\u0161ka poliklinika Apolonija\"},\"image\":{\"@id\":\"https:\\\/\\\/www.apolonija.hr\\\/sl\\\/#\\\/schema\\\/logo\\\/image\\\/\"},\"sameAs\":[\"https:\\\/\\\/www.facebook.com\\\/SPApolonija\\\/\",\"https:\\\/\\\/www.instagram.com\\\/poliklinikaapolonija\\\/\",\"https:\\\/\\\/www.linkedin.com\\\/company\\\/stomatolo\u0161ka-poliklinika-apolonija\\\/\",\"https:\\\/\\\/www.tiktok.com\\\/@poliklinikaapolonija\"]}]}<\/script>\n<!-- \/ Yoast SEO plugin. -->","yoast_head_json":{"title":"Zobne krone in mosti\u010dki - Stomatolo\u0161ka poliklinika Apolonija","description":"Kot specialisti za zobno protetiko pacientom ponujamo le vrhunske proteti\u010dne izdelke, ki so rezultat na\u0161ega posebnega proteti\u010dnega protokola.","robots":{"index":"index","follow":"follow","max-snippet":"max-snippet:-1","max-image-preview":"max-image-preview:large","max-video-preview":"max-video-preview:-1"},"canonical":"https:\/\/www.apolonija.hr\/sl\/zobne-krone-in-mosticki\/","og_locale":"sl_SI","og_type":"article","og_title":"Zobne krone in mosti\u010dki - Stomatolo\u0161ka poliklinika Apolonija","og_description":"Kot specialisti za zobno protetiko pacientom ponujamo le vrhunske proteti\u010dne izdelke, ki so rezultat na\u0161ega posebnega proteti\u010dnega protokola.","og_url":"https:\/\/www.apolonija.hr\/sl\/zobne-krone-in-mosticki\/","og_site_name":"Stomatolo\u0161ka poliklinika Apolonija","article_publisher":"https:\/\/www.facebook.com\/SPApolonija\/","article_modified_time":"2025-05-08T22:54:37+00:00","og_image":[{"width":1200,"height":940,"url":"https:\/\/www.apolonija.hr\/wp-content\/uploads\/2020\/06\/Apolonija-stomatolog-zagreb-centar_zubni-most-na-prirodnim-zubima.jpg","type":"image\/jpeg"}],"twitter_card":"summary_large_image","twitter_misc":{"Est. reading time":"3 minute"},"schema":{"@context":"https:\/\/schema.org","@graph":[{"@type":"WebPage","@id":"https:\/\/www.apolonija.hr\/sl\/zobne-krone-in-mosticki\/","url":"https:\/\/www.apolonija.hr\/sl\/zobne-krone-in-mosticki\/","name":"Zobne krone in mosti\u010dki - Stomatolo\u0161ka poliklinika Apolonija","isPartOf":{"@id":"https:\/\/www.apolonija.hr\/sl\/#website"},"primaryImageOfPage":{"@id":"https:\/\/www.apolonija.hr\/sl\/zobne-krone-in-mosticki\/#primaryimage"},"image":{"@id":"https:\/\/www.apolonija.hr\/sl\/zobne-krone-in-mosticki\/#primaryimage"},"thumbnailUrl":"https:\/\/www.apolonija.hr\/wp-content\/uploads\/2020\/06\/Apolonija-stomatolog-zagreb-centar_zubni-most-na-prirodnim-zubima.jpg","datePublished":"2020-04-03T14:58:54+00:00","dateModified":"2025-05-08T22:54:37+00:00","description":"Kot specialisti za zobno protetiko pacientom ponujamo le vrhunske proteti\u010dne izdelke, ki so rezultat na\u0161ega posebnega proteti\u010dnega protokola.","breadcrumb":{"@id":"https:\/\/www.apolonija.hr\/sl\/zobne-krone-in-mosticki\/#breadcrumb"},"inLanguage":"sl-SI","potentialAction":[{"@type":"ReadAction","target":["https:\/\/www.apolonija.hr\/sl\/zobne-krone-in-mosticki\/"]}]},{"@type":"ImageObject","inLanguage":"sl-SI","@id":"https:\/\/www.apolonija.hr\/sl\/zobne-krone-in-mosticki\/#primaryimage","url":"https:\/\/www.apolonija.hr\/wp-content\/uploads\/2020\/06\/Apolonija-stomatolog-zagreb-centar_zubni-most-na-prirodnim-zubima.jpg","contentUrl":"https:\/\/www.apolonija.hr\/wp-content\/uploads\/2020\/06\/Apolonija-stomatolog-zagreb-centar_zubni-most-na-prirodnim-zubima.jpg","width":1200,"height":940,"caption":"Zubni most"},{"@type":"BreadcrumbList","@id":"https:\/\/www.apolonija.hr\/sl\/zobne-krone-in-mosticki\/#breadcrumb","itemListElement":[{"@type":"ListItem","position":1,"name":"Apolonija","item":"https:\/\/www.apolonija.hr\/sl\/apolonija\/"},{"@type":"ListItem","position":2,"name":"Zobne krone in mosti\u010dki"}]},{"@type":"WebSite","@id":"https:\/\/www.apolonija.hr\/sl\/#website","url":"https:\/\/www.apolonija.hr\/sl\/","name":"Stomatolo\u0161ka poliklinika Apolonija","description":"\u017divljenje, polno nasmehov","publisher":{"@id":"https:\/\/www.apolonija.hr\/sl\/#organization"},"potentialAction":[{"@type":"SearchAction","target":{"@type":"EntryPoint","urlTemplate":"https:\/\/www.apolonija.hr\/sl\/?s={search_term_string}"},"query-input":{"@type":"PropertyValueSpecification","valueRequired":true,"valueName":"search_term_string"}}],"inLanguage":"sl-SI"},{"@type":"Organization","@id":"https:\/\/www.apolonija.hr\/sl\/#organization","name":"Stomatolo\u0161ka poliklinika Apolonija","url":"https:\/\/www.apolonija.hr\/sl\/","logo":{"@type":"ImageObject","inLanguage":"sl-SI","@id":"https:\/\/www.apolonija.hr\/sl\/#\/schema\/logo\/image\/","url":"https:\/\/www.apolonija.hr\/wp-content\/uploads\/2019\/10\/logo-1.png","contentUrl":"https:\/\/www.apolonija.hr\/wp-content\/uploads\/2019\/10\/logo-1.png","width":500,"height":140,"caption":"Stomatolo\u0161ka poliklinika Apolonija"},"image":{"@id":"https:\/\/www.apolonija.hr\/sl\/#\/schema\/logo\/image\/"},"sameAs":["https:\/\/www.facebook.com\/SPApolonija\/","https:\/\/www.instagram.com\/poliklinikaapolonija\/","https:\/\/www.linkedin.com\/company\/stomatolo\u0161ka-poliklinika-apolonija\/","https:\/\/www.tiktok.com\/@poliklinikaapolonija"]}]}},"_links":{"self":[{"href":"https:\/\/www.apolonija.hr\/sl\/wp-json\/wp\/v2\/pages\/20892","targetHints":{"allow":["GET"]}}],"collection":[{"href":"https:\/\/www.apolonija.hr\/sl\/wp-json\/wp\/v2\/pages"}],"about":[{"href":"https:\/\/www.apolonija.hr\/sl\/wp-json\/wp\/v2\/types\/page"}],"author":[{"embeddable":true,"href":"https:\/\/www.apolonija.hr\/sl\/wp-json\/wp\/v2\/users\/15"}],"replies":[{"embeddable":true,"href":"https:\/\/www.apolonija.hr\/sl\/wp-json\/wp\/v2\/comments?post=20892"}],"version-history":[{"count":2,"href":"https:\/\/www.apolonija.hr\/sl\/wp-json\/wp\/v2\/pages\/20892\/revisions"}],"predecessor-version":[{"id":20896,"href":"https:\/\/www.apolonija.hr\/sl\/wp-json\/wp\/v2\/pages\/20892\/revisions\/20896"}],"wp:featuredmedia":[{"embeddable":true,"href":"https:\/\/www.apolonija.hr\/sl\/wp-json\/wp\/v2\/media\/9999"}],"wp:attachment":[{"href":"https:\/\/www.apolonija.hr\/sl\/wp-json\/wp\/v2\/media?parent=20892"}],"curies":[{"name":"wp","href":"https:\/\/api.w.org\/{rel}","templated":true}]}}