{"id":20893,"date":"2020-04-18T08:26:24","date_gmt":"2020-04-18T06:26:24","guid":{"rendered":"https:\/\/www.apolonija.hr\/nasa-ekipa\/"},"modified":"2025-12-11T11:47:30","modified_gmt":"2025-12-11T10:47:30","slug":"nasa-ekipa","status":"publish","type":"page","link":"https:\/\/www.apolonija.hr\/sl\/nasa-ekipa\/","title":{"rendered":"Na\u0161a ekipa"},"content":{"rendered":"<section class=\"l-section wpb_row height_small width_custom\" style=\"--site-content-width:1000px;\"><div class=\"l-section-h i-cf\"><div class=\"g-cols vc_row via_grid cols_1 laptops-cols_inherit tablets-cols_inherit mobiles-cols_1 valign_top type_default stacking_default\"><div class=\"wpb_column vc_column_container\"><div class=\"vc_column-inner\"><div class=\"wpb_text_column\"><div class=\"wpb_wrapper\"><h2>Ljudje, ki naredijo spremembo<\/h2>\n<p><span style=\"font-weight: 400;\">Za vsakim pregledom, vsakim nasmehom in vsako terapijo v Polikliniki Apolonija ne stoji le sodobna tehnologija \u2013 to so ljudje. Odli\u010dni zdravniki, ki poslu\u0161ajo, razumejo in vedo, da zobozdravstvo ni le znanost, ampak tudi razumevanje in zaupanje. <\/span><\/p>\n<p><span style=\"font-weight: 400;\">Spoznajte na\u0161e zdravnike, ljudi, ki jim je mar za va\u0161e ustno zdravje in nasmeh.  <\/span><\/p><\/p>\n<\/div><\/div><\/div><\/div><\/div><\/div><\/section><section class=\"l-section wpb_row us_custom_0db20381 height_small\"><div class=\"l-section-h i-cf\"><div class=\"g-cols vc_row via_grid cols_1 laptops-cols_inherit tablets-cols_inherit mobiles-cols_1 valign_top type_default stacking_default\"><div class=\"wpb_column vc_column_container\"><div class=\"vc_column-inner\"><h2 class=\"w-text us_custom_d44d8758 has_text_color\"><span class=\"w-text-h\"><span class=\"w-text-value\">Zdravniki<\/span><\/span><\/h2><\/div><\/div><\/div><\/div><\/section><section class=\"l-section wpb_row height_small width_custom\" style=\"--site-content-width:1000px;\"><div class=\"l-section-h i-cf\"><div class=\"g-cols vc_row via_grid cols_1 laptops-cols_inherit tablets-cols_inherit mobiles-cols_1 valign_top type_default stacking_default\"><div class=\"wpb_column vc_column_container\"><div class=\"vc_column-inner\"><div class=\"w-image us_custom_b47eefbe has_height has_aspect_ratio align_center\"><a href=\"https:\/\/www.apolonija.hr\/sl\/nasa-ekipa\/tomislav-lauc\/\" aria-label=\"Prim. izr. prof. dr.sc. Tomislav Lauc, \nspecialist ortodontije\" class=\"w-image-h\"><img decoding=\"async\" width=\"333\" height=\"500\" src=\"https:\/\/www.apolonija.hr\/wp-content\/uploads\/2024\/10\/tomislav-lauc.jpg\" class=\"attachment-full size-full\" alt=\"Tomislav Lauc\" loading=\"lazy\" srcset=\"https:\/\/www.apolonija.hr\/wp-content\/uploads\/2024\/10\/tomislav-lauc.jpg 333w, https:\/\/www.apolonija.hr\/wp-content\/uploads\/2024\/10\/tomislav-lauc-300x450.jpg 300w\" sizes=\"auto, (max-width: 333px) 100vw, 333px\" \/><\/a><\/div><div class=\"wpb_text_column us_custom_eb849559\"><div class=\"wpb_wrapper\"><p>prof. prim. dr. Tomislav Lauc je direktor Stomatolo\u0161ke poliklinike Apolonija. Diplomiral je leta 1997 na Stomatolo\u0161ki fakulteti v Zagrebu, naslednje leto pa se je vpisal na podiplomski \u0161tudij ortodontije na Stomatolo\u0161ki fakulteti v Zagrebu in na podiplomski \u0161tudij antropologije na Naravoslovno-matemati\u010dni fakulteti v Zagrebu. Magistriral je in doktoriral s podro\u010dja ortodontije, specialisti\u010dni izpit iz ortodontije pa je opravil leta 2006.     Na Wharton School of Business, Univerze v Pensilvaniji, je leta 2023 pridobil naziv Master in Business of Orthodontics. Je stalni sodni izvedenec za podro\u010dje stomatologije. Ministrstvo za zdravje mu je leta 2024 podelilo naziv Primarij.    <\/p>\n<\/div><\/div><div class=\"w-btn-wrapper align_center\"><a class=\"w-btn us-btn-style_1\" href=\"https:\/\/www.apolonija.hr\/sl\/nasa-ekipa\/tomislav-lauc\/\"><span class=\"w-btn-label\">Izvedite ve\u010d<\/span><\/a><\/div><\/div><\/div><\/div><\/div><\/section><section class=\"l-section wpb_row height_small width_custom\" style=\"--site-content-width:700px;\"><div class=\"l-section-h i-cf\"><div class=\"g-cols vc_row via_grid cols_1 laptops-cols_inherit tablets-cols_inherit mobiles-cols_1 valign_top type_default stacking_default\"><div class=\"wpb_column vc_column_container\"><div class=\"vc_column-inner\"><div class=\"w-grid us_carousel us_custom_6187a5cd section-lijecnici type_carousel layout_16782 preload_style_spinner items_3\" id=\"us_grid_1\" style=\"--items:3;--gap:1.5rem;\"><style>.layout_16782 .w-grid-item-h{}.layout_16782 .usg_post_image_1{margin-bottom:0.85rem!important;border-radius:0.5rem!important;box-shadow:0 0 6px 0 #595959!important}.layout_16782 .usg_post_custom_field_1{font-size:1rem!important;font-weight:400!important}<\/style><div class=\"w-grid-list owl-carousel valign_stretch dotstyle_circle navstyle_circle arrows-ver-pos_middle arrows-hor-pos_on_sides_outside arrows-disabled_hide owl-responsive-2000 with_arrows\" style=\"--transition-duration:350ms;--arrows-size:1.5rem;--arrows-hor-offset:calc(0px + 1.5rem);--arrows-gap:10px;\">\t<article class=\"w-grid-item post-22031 page type-page status-publish has-post-thumbnail hentry\" data-id=\"22031\">\r\n\t\t<div class=\"w-grid-item-h\">\r\n\t\t\t\t\t\t<div class=\"w-post-elm post_image usg_post_image_1 has_ratio\"><img decoding=\"async\" width=\"300\" height=\"450\" src=\"https:\/\/www.apolonija.hr\/wp-content\/uploads\/2024\/10\/ivana-rupic-300x450.jpg\" class=\"attachment-medium size-medium wp-post-image\" alt=\"Ivana Rupi\u0107\" \/><div style=\"padding-bottom:150%\"><\/div><\/div><h4 class=\"w-post-elm post_custom_field usg_post_custom_field_1 type_text titula_short color_link_inherit\"><span class=\"w-post-elm-value\">Dr. sc. Ivana Rupi\u0107, dr. med. dent., spec. ortodontije<\/span><\/h4>\t\t<\/div>\r\n\t\t\t<\/article>\r\n\t<article class=\"w-grid-item post-21790 page type-page status-publish has-post-thumbnail hentry\" data-id=\"21790\">\r\n\t\t<div class=\"w-grid-item-h\">\r\n\t\t\t\t\t\t<div class=\"w-post-elm post_image usg_post_image_1 has_ratio\"><img decoding=\"async\" width=\"300\" height=\"450\" src=\"https:\/\/www.apolonija.hr\/wp-content\/uploads\/2025\/12\/antonia-tarle-300x450.jpg\" class=\"attachment-medium size-medium wp-post-image\" alt=\"Antonia Tarle\" \/><div style=\"padding-bottom:150%\"><\/div><\/div><h4 class=\"w-post-elm post_custom_field usg_post_custom_field_1 type_text titula_short color_link_inherit\"><span class=\"w-post-elm-value\">Antonia Tarle, dr.dent.med.<\/span><\/h4>\t\t<\/div>\r\n\t\t\t<\/article>\r\n\t<article class=\"w-grid-item post-20869 page type-page status-publish has-post-thumbnail hentry\" data-id=\"20869\">\r\n\t\t<div class=\"w-grid-item-h\">\r\n\t\t\t\t\t\t<div class=\"w-post-elm post_image usg_post_image_1 has_ratio\"><img decoding=\"async\" width=\"300\" height=\"450\" src=\"https:\/\/www.apolonija.hr\/wp-content\/uploads\/2024\/10\/katarina-gustin-300x450.jpg\" class=\"attachment-medium size-medium wp-post-image\" alt=\"Katarina Gu\u0161tin\" \/><div style=\"padding-bottom:150%\"><\/div><\/div><h4 class=\"w-post-elm post_custom_field usg_post_custom_field_1 type_text titula_short color_link_inherit\"><span class=\"w-post-elm-value\">Katarina Gu\u0161tin, dr.dent.med.<\/span><\/h4>\t\t<\/div>\r\n\t\t\t<\/article>\r\n\t<article class=\"w-grid-item post-20858 page type-page status-publish has-post-thumbnail hentry\" data-id=\"20858\">\r\n\t\t<div class=\"w-grid-item-h\">\r\n\t\t\t\t\t\t<div class=\"w-post-elm post_image usg_post_image_1 has_ratio\"><img decoding=\"async\" width=\"300\" height=\"450\" src=\"https:\/\/www.apolonija.hr\/wp-content\/uploads\/2024\/10\/karlo-vrbanic-300x450.jpg\" class=\"attachment-medium size-medium wp-post-image\" alt=\"Karlo Vrbani\u0107\" \/><div style=\"padding-bottom:150%\"><\/div><\/div><h4 class=\"w-post-elm post_custom_field usg_post_custom_field_1 type_text titula_short color_link_inherit\"><span class=\"w-post-elm-value\">Karlo Vrbani\u0107, dr.dent.med.<\/span><\/h4>\t\t<\/div>\r\n\t\t\t<\/article>\r\n\t<article class=\"w-grid-item post-23112 page type-page status-publish has-post-thumbnail hentry\" data-id=\"23112\">\r\n\t\t<div class=\"w-grid-item-h\">\r\n\t\t\t\t\t\t<div class=\"w-post-elm post_image usg_post_image_1 has_ratio\"><img decoding=\"async\" width=\"300\" height=\"450\" src=\"https:\/\/www.apolonija.hr\/wp-content\/uploads\/2025\/12\/mia-tomljanovic-300x450.jpg\" class=\"attachment-medium size-medium wp-post-image\" alt=\"Mia Tomljanovi\u0107\" \/><div style=\"padding-bottom:150%\"><\/div><\/div><h4 class=\"w-post-elm post_custom_field usg_post_custom_field_1 type_text titula_short color_link_inherit\"><span class=\"w-post-elm-value\">Mia Tomljanovi\u0107, dr. dent. med.<\/span><\/h4>\t\t<\/div>\r\n\t\t\t<\/article>\r\n\t<article class=\"w-grid-item post-23857 page type-page status-publish has-post-thumbnail hentry\" data-id=\"23857\">\r\n\t\t<div class=\"w-grid-item-h\">\r\n\t\t\t\t\t\t<div class=\"w-post-elm post_image usg_post_image_1 has_ratio\"><img decoding=\"async\" width=\"300\" height=\"450\" src=\"https:\/\/www.apolonija.hr\/wp-content\/uploads\/2025\/12\/maks-koritnik-300x450.jpg\" class=\"attachment-medium size-medium wp-post-image\" alt=\"Maks Koritnik\" \/><div style=\"padding-bottom:150%\"><\/div><\/div><h4 class=\"w-post-elm post_custom_field usg_post_custom_field_1 type_text titula_short color_link_inherit\"><span class=\"w-post-elm-value\">Maks Koritnik, dr.med.dent.<\/span><\/h4>\t\t<\/div>\r\n\t\t\t<\/article>\r\n<\/div><div class=\"w-grid-carousel-json hidden\" onclick='return {&quot;carousel_settings&quot;:{&quot;aria_labels&quot;:{&quot;prev&quot;:&quot;Prej\\u0161nja&quot;,&quot;next&quot;:&quot;Naprej&quot;},&quot;autoplayContinual&quot;:false,&quot;autoplayContinualCss&quot;:false,&quot;autoplayHoverPause&quot;:true,&quot;autoplayTimeout&quot;:3000,&quot;autoWidth&quot;:false,&quot;smartSpeed&quot;:350,&quot;margin&quot;:0,&quot;mouseDrag&quot;:true,&quot;rtl&quot;:false,&quot;slideBy&quot;:&quot;1&quot;,&quot;touchDrag&quot;:true,&quot;slideTransition&quot;:&quot;&quot;,&quot;responsive&quot;:{&quot;0&quot;:{&quot;autoHeight&quot;:false,&quot;autoplay&quot;:true,&quot;autoplayContinualCss&quot;:false,&quot;autoWidth&quot;:false,&quot;center&quot;:false,&quot;dots&quot;:true,&quot;items&quot;:1,&quot;loop&quot;:true,&quot;nav&quot;:false,&quot;stagePadding&quot;:45,&quot;slideBy&quot;:&quot;1&quot;,&quot;touchDrag&quot;:true,&quot;mouseDrag&quot;:true},&quot;601&quot;:{&quot;items&quot;:3,&quot;autoplay&quot;:true,&quot;autoplayContinualCss&quot;:false,&quot;center&quot;:false,&quot;dots&quot;:false,&quot;nav&quot;:true,&quot;autoHeight&quot;:false,&quot;autoWidth&quot;:false,&quot;loop&quot;:true,&quot;stagePadding&quot;:0}}}}'><\/div><\/div><div class=\"w-grid us_carousel section-lijecnici type_carousel layout_16782 preload_style_spinner items_3\" id=\"us_grid_2\" style=\"--items:3;--gap:1.5rem;\"><div class=\"w-grid-list owl-carousel valign_stretch dotstyle_circle navstyle_circle arrows-ver-pos_middle arrows-hor-pos_on_sides_outside arrows-disabled_hide owl-responsive-2000 with_arrows\" style=\"--transition-duration:350ms;--arrows-size:1.5rem;--arrows-hor-offset:calc(0px + 1.5rem);--arrows-gap:10px;\">\t<article class=\"w-grid-item post-21819 page type-page status-publish has-post-thumbnail hentry\" data-id=\"21819\">\r\n\t\t<div class=\"w-grid-item-h\">\r\n\t\t\t\t\t\t<div class=\"w-post-elm post_image usg_post_image_1 has_ratio\"><img decoding=\"async\" width=\"300\" height=\"450\" src=\"https:\/\/www.apolonija.hr\/wp-content\/uploads\/2021\/01\/Dean-Cekic.jpg\" class=\"attachment-medium size-medium wp-post-image\" alt=\"Dean Ceki\u0107, dr. med. dent.\" \/><div style=\"padding-bottom:150%\"><\/div><\/div><h4 class=\"w-post-elm post_custom_field usg_post_custom_field_1 type_text titula_short color_link_inherit\"><span class=\"w-post-elm-value\">Dean Ceki\u0107, dr. dent. med.<\/span><\/h4>\t\t<\/div>\r\n\t\t\t<\/article>\r\n\t<article class=\"w-grid-item post-21814 page type-page status-publish has-post-thumbnail hentry\" data-id=\"21814\">\r\n\t\t<div class=\"w-grid-item-h\">\r\n\t\t\t\t\t\t<div class=\"w-post-elm post_image usg_post_image_1 has_ratio\"><img decoding=\"async\" width=\"360\" height=\"450\" src=\"https:\/\/www.apolonija.hr\/wp-content\/uploads\/2021\/01\/Darko-Macan-360x450.jpg\" class=\"attachment-medium size-medium wp-post-image\" alt=\"prof. dr. sc. Darko Macan, dr. med. dent., spec.\" \/><div style=\"padding-bottom:150%\"><\/div><\/div><h4 class=\"w-post-elm post_custom_field usg_post_custom_field_1 type_text titula_short color_link_inherit\"><span class=\"w-post-elm-value\">Prof. prim. dr. sc. Darko Macan, dr. med. dent., spec. oralne kirurgije<\/span><\/h4>\t\t<\/div>\r\n\t\t\t<\/article>\r\n\t<article class=\"w-grid-item post-23114 page type-page status-publish has-post-thumbnail hentry\" data-id=\"23114\">\r\n\t\t<div class=\"w-grid-item-h\">\r\n\t\t\t\t\t\t<div class=\"w-post-elm post_image usg_post_image_1 has_ratio\"><img decoding=\"async\" width=\"240\" height=\"360\" src=\"https:\/\/www.apolonija.hr\/wp-content\/uploads\/2025\/10\/alberto-caprioglio.jpg\" class=\"attachment-medium size-medium wp-post-image\" alt=\"Alberto Caprioglio\" \/><div style=\"padding-bottom:150%\"><\/div><\/div><h4 class=\"w-post-elm post_custom_field usg_post_custom_field_1 type_text titula_short color_link_inherit\"><span class=\"w-post-elm-value\">Prof. dr. Alberto Caprioglio, dr. med. dent., spec. ortodontije - svetovalec <\/span><\/h4>\t\t<\/div>\r\n\t\t\t<\/article>\r\n\t<article class=\"w-grid-item post-21808 page type-page status-publish has-post-thumbnail hentry\" data-id=\"21808\">\r\n\t\t<div class=\"w-grid-item-h\">\r\n\t\t\t\t\t\t<div class=\"w-post-elm post_image usg_post_image_1 has_ratio\"><img decoding=\"async\" width=\"300\" height=\"450\" src=\"https:\/\/www.apolonija.hr\/wp-content\/uploads\/2021\/01\/Enita-Nakas.jpg\" class=\"attachment-medium size-medium wp-post-image\" alt=\"izv. prof. dr. sc. Enita Naka\u0161, dr. med. dent., spec. ortodoncije\" \/><div style=\"padding-bottom:150%\"><\/div><\/div><h4 class=\"w-post-elm post_custom_field usg_post_custom_field_1 type_text titula_short color_link_inherit\"><span class=\"w-post-elm-value\">Prof. prim. dr. sc. Enita Naka\u0161, dr. med. dent., spec. ortodontije<\/span><\/h4>\t\t<\/div>\r\n\t\t\t<\/article>\r\n<\/div><div class=\"w-grid-carousel-json hidden\" onclick='return {&quot;carousel_settings&quot;:{&quot;aria_labels&quot;:{&quot;prev&quot;:&quot;Prej\\u0161nja&quot;,&quot;next&quot;:&quot;Naprej&quot;},&quot;autoplayContinual&quot;:false,&quot;autoplayContinualCss&quot;:false,&quot;autoplayHoverPause&quot;:true,&quot;autoplayTimeout&quot;:3000,&quot;autoWidth&quot;:false,&quot;smartSpeed&quot;:350,&quot;margin&quot;:0,&quot;mouseDrag&quot;:true,&quot;rtl&quot;:false,&quot;slideBy&quot;:&quot;1&quot;,&quot;touchDrag&quot;:true,&quot;slideTransition&quot;:&quot;&quot;,&quot;responsive&quot;:{&quot;0&quot;:{&quot;autoHeight&quot;:false,&quot;autoplay&quot;:true,&quot;autoplayContinualCss&quot;:false,&quot;autoWidth&quot;:false,&quot;center&quot;:false,&quot;dots&quot;:true,&quot;items&quot;:1,&quot;loop&quot;:true,&quot;nav&quot;:false,&quot;stagePadding&quot;:45,&quot;slideBy&quot;:&quot;1&quot;,&quot;touchDrag&quot;:true,&quot;mouseDrag&quot;:true},&quot;601&quot;:{&quot;items&quot;:3,&quot;autoplay&quot;:true,&quot;autoplayContinualCss&quot;:false,&quot;center&quot;:false,&quot;dots&quot;:false,&quot;nav&quot;:true,&quot;autoHeight&quot;:false,&quot;autoWidth&quot;:false,&quot;loop&quot;:true,&quot;stagePadding&quot;:0}}}}'><\/div><\/div><\/div><\/div><\/div><\/div><\/section>\n","protected":false},"excerpt":{"rendered":"","protected":false},"author":15,"featured_media":0,"parent":0,"menu_order":65,"comment_status":"closed","ping_status":"closed","template":"","meta":{"_acf_changed":false,"footnotes":""},"class_list":["post-20893","page","type-page","status-publish","hentry"],"acf":[],"yoast_head":"<!-- This site is optimized with the Yoast SEO plugin v27.5 - https:\/\/yoast.com\/product\/yoast-seo-wordpress\/ -->\n<title>Na\u0161a ekipa - Stomatolo\u0161ka poliklinika Apolonija<\/title>\n<meta name=\"description\" content=\"Na\u0161a ekipa je sestavljena iz visoko specializiranih strokovnjakov, ki obvladujejo svoja podro\u010dja dela, in vsak \u010dlan ekipe sodeluje pri ustvarjanju vrednosti za vas.\" \/>\n<meta name=\"robots\" content=\"index, follow, max-snippet:-1, max-image-preview:large, max-video-preview:-1\" \/>\n<link rel=\"canonical\" href=\"https:\/\/www.apolonija.hr\/sl\/nasa-ekipa\/\" \/>\n<meta property=\"og:locale\" content=\"sl_SI\" \/>\n<meta property=\"og:type\" content=\"article\" \/>\n<meta property=\"og:title\" content=\"Na\u0161a ekipa - Stomatolo\u0161ka poliklinika Apolonija\" \/>\n<meta property=\"og:description\" content=\"Na\u0161a ekipa je sestavljena iz visoko specializiranih strokovnjakov, ki obvladujejo svoja podro\u010dja dela, in vsak \u010dlan ekipe sodeluje pri ustvarjanju vrednosti za vas.\" \/>\n<meta property=\"og:url\" content=\"https:\/\/www.apolonija.hr\/sl\/nasa-ekipa\/\" \/>\n<meta property=\"og:site_name\" content=\"Stomatolo\u0161ka poliklinika Apolonija\" \/>\n<meta property=\"article:publisher\" content=\"https:\/\/www.facebook.com\/SPApolonija\/\" \/>\n<meta property=\"article:modified_time\" content=\"2025-12-11T10:47:30+00:00\" \/>\n<meta name=\"twitter:card\" content=\"summary_large_image\" \/>\n<meta name=\"twitter:label1\" content=\"Est. reading time\" \/>\n\t<meta name=\"twitter:data1\" content=\"2 minuti\" \/>\n<script type=\"application\/ld+json\" class=\"yoast-schema-graph\">{\"@context\":\"https:\\\/\\\/schema.org\",\"@graph\":[{\"@type\":\"WebPage\",\"@id\":\"https:\\\/\\\/www.apolonija.hr\\\/sl\\\/nasa-ekipa\\\/\",\"url\":\"https:\\\/\\\/www.apolonija.hr\\\/sl\\\/nasa-ekipa\\\/\",\"name\":\"Na\u0161a ekipa - Stomatolo\u0161ka poliklinika Apolonija\",\"isPartOf\":{\"@id\":\"https:\\\/\\\/www.apolonija.hr\\\/sl\\\/#website\"},\"datePublished\":\"2020-04-18T06:26:24+00:00\",\"dateModified\":\"2025-12-11T10:47:30+00:00\",\"description\":\"Na\u0161a ekipa je sestavljena iz visoko specializiranih strokovnjakov, ki obvladujejo svoja podro\u010dja dela, in vsak \u010dlan ekipe sodeluje pri ustvarjanju vrednosti za vas.\",\"breadcrumb\":{\"@id\":\"https:\\\/\\\/www.apolonija.hr\\\/sl\\\/nasa-ekipa\\\/#breadcrumb\"},\"inLanguage\":\"sl-SI\",\"potentialAction\":[{\"@type\":\"ReadAction\",\"target\":[\"https:\\\/\\\/www.apolonija.hr\\\/sl\\\/nasa-ekipa\\\/\"]}]},{\"@type\":\"BreadcrumbList\",\"@id\":\"https:\\\/\\\/www.apolonija.hr\\\/sl\\\/nasa-ekipa\\\/#breadcrumb\",\"itemListElement\":[{\"@type\":\"ListItem\",\"position\":1,\"name\":\"Apolonija\",\"item\":\"https:\\\/\\\/www.apolonija.hr\\\/sl\\\/apolonija\\\/\"},{\"@type\":\"ListItem\",\"position\":2,\"name\":\"Na\u0161a ekipa\"}]},{\"@type\":\"WebSite\",\"@id\":\"https:\\\/\\\/www.apolonija.hr\\\/sl\\\/#website\",\"url\":\"https:\\\/\\\/www.apolonija.hr\\\/sl\\\/\",\"name\":\"Stomatolo\u0161ka poliklinika Apolonija\",\"description\":\"\u017divljenje, polno nasmehov\",\"publisher\":{\"@id\":\"https:\\\/\\\/www.apolonija.hr\\\/sl\\\/#organization\"},\"potentialAction\":[{\"@type\":\"SearchAction\",\"target\":{\"@type\":\"EntryPoint\",\"urlTemplate\":\"https:\\\/\\\/www.apolonija.hr\\\/sl\\\/?s={search_term_string}\"},\"query-input\":{\"@type\":\"PropertyValueSpecification\",\"valueRequired\":true,\"valueName\":\"search_term_string\"}}],\"inLanguage\":\"sl-SI\"},{\"@type\":\"Organization\",\"@id\":\"https:\\\/\\\/www.apolonija.hr\\\/sl\\\/#organization\",\"name\":\"Stomatolo\u0161ka poliklinika Apolonija\",\"url\":\"https:\\\/\\\/www.apolonija.hr\\\/sl\\\/\",\"logo\":{\"@type\":\"ImageObject\",\"inLanguage\":\"sl-SI\",\"@id\":\"https:\\\/\\\/www.apolonija.hr\\\/sl\\\/#\\\/schema\\\/logo\\\/image\\\/\",\"url\":\"https:\\\/\\\/www.apolonija.hr\\\/wp-content\\\/uploads\\\/2019\\\/10\\\/logo-1.png\",\"contentUrl\":\"https:\\\/\\\/www.apolonija.hr\\\/wp-content\\\/uploads\\\/2019\\\/10\\\/logo-1.png\",\"width\":500,\"height\":140,\"caption\":\"Stomatolo\u0161ka poliklinika Apolonija\"},\"image\":{\"@id\":\"https:\\\/\\\/www.apolonija.hr\\\/sl\\\/#\\\/schema\\\/logo\\\/image\\\/\"},\"sameAs\":[\"https:\\\/\\\/www.facebook.com\\\/SPApolonija\\\/\",\"https:\\\/\\\/www.instagram.com\\\/poliklinikaapolonija\\\/\",\"https:\\\/\\\/www.linkedin.com\\\/company\\\/stomatolo\u0161ka-poliklinika-apolonija\\\/\",\"https:\\\/\\\/www.tiktok.com\\\/@poliklinikaapolonija\"]}]}<\/script>\n<!-- \/ Yoast SEO plugin. -->","yoast_head_json":{"title":"Na\u0161a ekipa - Stomatolo\u0161ka poliklinika Apolonija","description":"Na\u0161a ekipa je sestavljena iz visoko specializiranih strokovnjakov, ki obvladujejo svoja podro\u010dja dela, in vsak \u010dlan ekipe sodeluje pri ustvarjanju vrednosti za vas.","robots":{"index":"index","follow":"follow","max-snippet":"max-snippet:-1","max-image-preview":"max-image-preview:large","max-video-preview":"max-video-preview:-1"},"canonical":"https:\/\/www.apolonija.hr\/sl\/nasa-ekipa\/","og_locale":"sl_SI","og_type":"article","og_title":"Na\u0161a ekipa - Stomatolo\u0161ka poliklinika Apolonija","og_description":"Na\u0161a ekipa je sestavljena iz visoko specializiranih strokovnjakov, ki obvladujejo svoja podro\u010dja dela, in vsak \u010dlan ekipe sodeluje pri ustvarjanju vrednosti za vas.","og_url":"https:\/\/www.apolonija.hr\/sl\/nasa-ekipa\/","og_site_name":"Stomatolo\u0161ka poliklinika Apolonija","article_publisher":"https:\/\/www.facebook.com\/SPApolonija\/","article_modified_time":"2025-12-11T10:47:30+00:00","twitter_card":"summary_large_image","twitter_misc":{"Est. reading time":"2 minuti"},"schema":{"@context":"https:\/\/schema.org","@graph":[{"@type":"WebPage","@id":"https:\/\/www.apolonija.hr\/sl\/nasa-ekipa\/","url":"https:\/\/www.apolonija.hr\/sl\/nasa-ekipa\/","name":"Na\u0161a ekipa - Stomatolo\u0161ka poliklinika Apolonija","isPartOf":{"@id":"https:\/\/www.apolonija.hr\/sl\/#website"},"datePublished":"2020-04-18T06:26:24+00:00","dateModified":"2025-12-11T10:47:30+00:00","description":"Na\u0161a ekipa je sestavljena iz visoko specializiranih strokovnjakov, ki obvladujejo svoja podro\u010dja dela, in vsak \u010dlan ekipe sodeluje pri ustvarjanju vrednosti za vas.","breadcrumb":{"@id":"https:\/\/www.apolonija.hr\/sl\/nasa-ekipa\/#breadcrumb"},"inLanguage":"sl-SI","potentialAction":[{"@type":"ReadAction","target":["https:\/\/www.apolonija.hr\/sl\/nasa-ekipa\/"]}]},{"@type":"BreadcrumbList","@id":"https:\/\/www.apolonija.hr\/sl\/nasa-ekipa\/#breadcrumb","itemListElement":[{"@type":"ListItem","position":1,"name":"Apolonija","item":"https:\/\/www.apolonija.hr\/sl\/apolonija\/"},{"@type":"ListItem","position":2,"name":"Na\u0161a ekipa"}]},{"@type":"WebSite","@id":"https:\/\/www.apolonija.hr\/sl\/#website","url":"https:\/\/www.apolonija.hr\/sl\/","name":"Stomatolo\u0161ka poliklinika Apolonija","description":"\u017divljenje, polno nasmehov","publisher":{"@id":"https:\/\/www.apolonija.hr\/sl\/#organization"},"potentialAction":[{"@type":"SearchAction","target":{"@type":"EntryPoint","urlTemplate":"https:\/\/www.apolonija.hr\/sl\/?s={search_term_string}"},"query-input":{"@type":"PropertyValueSpecification","valueRequired":true,"valueName":"search_term_string"}}],"inLanguage":"sl-SI"},{"@type":"Organization","@id":"https:\/\/www.apolonija.hr\/sl\/#organization","name":"Stomatolo\u0161ka poliklinika Apolonija","url":"https:\/\/www.apolonija.hr\/sl\/","logo":{"@type":"ImageObject","inLanguage":"sl-SI","@id":"https:\/\/www.apolonija.hr\/sl\/#\/schema\/logo\/image\/","url":"https:\/\/www.apolonija.hr\/wp-content\/uploads\/2019\/10\/logo-1.png","contentUrl":"https:\/\/www.apolonija.hr\/wp-content\/uploads\/2019\/10\/logo-1.png","width":500,"height":140,"caption":"Stomatolo\u0161ka poliklinika Apolonija"},"image":{"@id":"https:\/\/www.apolonija.hr\/sl\/#\/schema\/logo\/image\/"},"sameAs":["https:\/\/www.facebook.com\/SPApolonija\/","https:\/\/www.instagram.com\/poliklinikaapolonija\/","https:\/\/www.linkedin.com\/company\/stomatolo\u0161ka-poliklinika-apolonija\/","https:\/\/www.tiktok.com\/@poliklinikaapolonija"]}]}},"_links":{"self":[{"href":"https:\/\/www.apolonija.hr\/sl\/wp-json\/wp\/v2\/pages\/20893","targetHints":{"allow":["GET"]}}],"collection":[{"href":"https:\/\/www.apolonija.hr\/sl\/wp-json\/wp\/v2\/pages"}],"about":[{"href":"https:\/\/www.apolonija.hr\/sl\/wp-json\/wp\/v2\/types\/page"}],"author":[{"embeddable":true,"href":"https:\/\/www.apolonija.hr\/sl\/wp-json\/wp\/v2\/users\/15"}],"replies":[{"embeddable":true,"href":"https:\/\/www.apolonija.hr\/sl\/wp-json\/wp\/v2\/comments?post=20893"}],"version-history":[{"count":19,"href":"https:\/\/www.apolonija.hr\/sl\/wp-json\/wp\/v2\/pages\/20893\/revisions"}],"predecessor-version":[{"id":23877,"href":"https:\/\/www.apolonija.hr\/sl\/wp-json\/wp\/v2\/pages\/20893\/revisions\/23877"}],"wp:attachment":[{"href":"https:\/\/www.apolonija.hr\/sl\/wp-json\/wp\/v2\/media?parent=20893"}],"curies":[{"name":"wp","href":"https:\/\/api.w.org\/{rel}","templated":true}]}}