{"id":20894,"date":"2020-04-03T11:26:11","date_gmt":"2020-04-03T09:26:11","guid":{"rendered":"https:\/\/www.apolonija.hr\/zobni-vsadki\/"},"modified":"2025-05-09T00:54:38","modified_gmt":"2025-05-08T22:54:38","slug":"zobni-vsadki","status":"publish","type":"page","link":"https:\/\/www.apolonija.hr\/sl\/zobni-vsadki\/","title":{"rendered":"Zobni vsadki"},"content":{"rendered":"<section class=\"l-section wpb_row height_auto width_full\"><div class=\"l-section-h i-cf\"><div class=\"g-cols vc_row via_grid cols_1 laptops-cols_inherit tablets-cols_inherit mobiles-cols_1 valign_top type_default stacking_default\"><div class=\"wpb_column vc_column_container\"><div class=\"vc_column-inner\"><div class=\"wpb_text_column\"><div class=\"wpb_wrapper\"><h2>Varna namestitev zobnih vsadkov, po kateri boste lahko spet brezskrbno jedli in se svobodno smejali.<\/h2>\n<p><span style=\"font-weight: 400;\">Zobni vsadek je <strong>v obliki vijaka<\/strong> , ki se vgradi v \u010deljustno kost. Izdelan je iz <strong>titana<\/strong> , ki je bioinertnega materiala. To pomeni, da <strong>ne povzro\u010da \u0161kodljivih reakcij<\/strong> ali vnetij v telesu in ne zavira sposobnosti regeneracije kostnega tkiva. Zobni vsadki se uporabljajo \u017ee ve\u010d kot 50 let in danes so preizku\u0161ena, zanesljiva in cenovno dostopna re\u0161itev za izgubljen zob.   <\/span><\/p>\n<p><span style=\"font-weight: 400;\">Zobne vsadke vgrajujemo \u017ee 25 let. Na\u0161e izku\u0161nje smo prenesli v ta e-priro\u010dnik z dragocenimi informacijami o namestitvi implantatov. Pomagal vam bo, da se informirate in sprejmete odlo\u010ditev, v katero ste lahko popolnoma prepri\u010dani.  <\/span><\/p><\/p>\n<\/div><\/div><section class=\"l-section wpb_row us_custom_887a049b height_small width_full\"><div class=\"l-section-h i-cf\"><div class=\"g-cols vc_row via_grid cols_1 laptops-cols_inherit tablets-cols_inherit mobiles-cols_1 valign_top type_default stacking_default\"><div class=\"wpb_column vc_column_container us_custom_606460ee has_bg_color\"><div class=\"vc_column-inner\"><div class=\"w-image us_custom_366c358f align_center\"><div class=\"w-image-h\"><img decoding=\"async\" width=\"300\" height=\"137\" src=\"https:\/\/www.apolonija.hr\/wp-content\/uploads\/2024\/12\/25-godina-iskustva-ugradnje-implantata.png\" class=\"attachment-full size-full\" alt=\"25 godina iskustva ugradnje zubnih implantata\" loading=\"lazy\" \/><\/div><\/div><div class=\"w-text us_custom_d44d8758 has_text_color\"><span class=\"w-text-h\"><span class=\"w-text-value\">E-priro\u010dnik za paciente<\/span><\/span><\/div><h4 class=\"w-text us_custom_81344d0e has_text_color\"><span class=\"w-text-h\"><span class=\"w-text-value\">ZOBNI IMPLANTATI:<\/span><\/span><\/h4><div class=\"w-text us_custom_e35f635b has_text_color\"><span class=\"w-text-h\"><span class=\"w-text-value\">Kateri, zakaj in koliko?<\/span><\/span><\/div>\n<div class=\"wpcf7 no-js us_custom_0d89c9ec jc-form-white-privacy-txt w-form layout_ver for_cform\" id=\"wpcf7-f20824-o1\" lang=\"sl-SI\" dir=\"ltr\" data-wpcf7-id=\"20824\">\n<div class=\"screen-reader-response\"><p role=\"status\" aria-live=\"polite\" aria-atomic=\"true\"><\/p> <ul><\/ul><\/div>\n<form action=\"\/sl\/wp-json\/wp\/v2\/pages\/20894#wpcf7-f20824-o1\" method=\"post\" class=\"wpcf7-form init\" aria-label=\"Kontaktni obrazec\" novalidate=\"novalidate\" data-status=\"init\">\n<fieldset class=\"hidden-fields-container\"><input type=\"hidden\" name=\"_wpcf7\" value=\"20824\" \/><input type=\"hidden\" name=\"_wpcf7_version\" value=\"6.1.5\" \/><input type=\"hidden\" name=\"_wpcf7_locale\" value=\"sl_SI\" \/><input type=\"hidden\" name=\"_wpcf7_unit_tag\" value=\"wpcf7-f20824-o1\" \/><input type=\"hidden\" name=\"_wpcf7_container_post\" value=\"0\" \/><input type=\"hidden\" name=\"_wpcf7_posted_data_hash\" value=\"\" \/>\n<\/fieldset>\n<div class=\"w-form-h\">\n\n\n<div class=\"w-form-row for_text required has_label move_label with_icon\">\n  <div class=\"w-form-row-label\">  \n    <span>Va\u0161 e-po\u0161tni naslov*<\/span>\n  <\/div>\n  <div class=\"w-form-row-field\">\n    <i class=\"fal fa-envelope\"><\/i>  \n    <span class=\"wpcf7-form-control-wrap\" data-name=\"your-email\"><input size=\"40\" maxlength=\"400\" class=\"wpcf7-form-control wpcf7-email wpcf7-validates-as-required wpcf7-text wpcf7-validates-as-email\" aria-required=\"true\" aria-invalid=\"false\" value=\"\" type=\"email\" name=\"your-email\" \/><\/span>\n  <\/div>\n<\/div>\n\n<div class=\"w-form-row for_agreement required\">\n  <div class=\"w-form-row-field\">\n S prenosom e-priro\u010dnika sprejemate <a href=\"\/sl\/pogoji-uporabe\/\" target=\"_blank\">politiko zasebnosti.<\/a>\n  <\/div>\n<\/div>\n\n<div class=\"w-form-row for_submit\">\n  <div class=\"w-form-row-field\">\n    <input class=\"wpcf7-form-control wpcf7-submit has-spinner w-btn us-btn-style_29\" type=\"submit\" value=\"PRENESI\" \/>\n  <\/div>\n<\/div>\n\n<\/div><p style=\"display: none !important;\" class=\"akismet-fields-container\" data-prefix=\"_wpcf7_ak_\"><label>&#916;<textarea name=\"_wpcf7_ak_hp_textarea\" cols=\"45\" rows=\"8\" maxlength=\"100\"><\/textarea><\/label><input type=\"hidden\" id=\"ak_js_1\" name=\"_wpcf7_ak_js\" value=\"242\"\/><script>\ndocument.getElementById( \"ak_js_1\" ).setAttribute( \"value\", ( new Date() ).getTime() );\n<\/script>\n<\/p><div class=\"wpcf7-response-output\" aria-hidden=\"true\"><\/div>\n<\/form>\n<\/div>\n<div class=\"w-tabs jc-ezbirka style_default switch_click accordion remove_indents\" style=\"--sections-title-size:inherit\"><div class=\"w-tabs-sections titles-align_none icon_chevron cpos_right\"><div class=\"w-tabs-section has_text_color\" id=\"m351\" style=\"color:#ffffff;\"><button class=\"w-tabs-section-header\" aria-controls=\"content-m351\" aria-expanded=\"false\"><div class=\"w-tabs-section-title\">Oglejte si, kaj boste izvedeli v tem e-priro\u010dniku<\/div><div class=\"w-tabs-section-control\"><\/div><\/button><div  class=\"w-tabs-section-content\" id=\"content-m351\"><div class=\"w-tabs-section-content-h i-cf\"><div class=\"wpb_text_column\"><div class=\"wpb_wrapper\"><ul>\n<li><em>Katere vrste zobnih vsadkov obstajajo?<\/em><\/li>\n<li><em>Razlika med kovinskimi titanovimi in cirkonijevimi zobnimi vsadki brez kovine<\/em><\/li>\n<li><em>Kaj pomeni do\u017eivljenjska garancija na zobne vsadke?<\/em><\/li>\n<li><em>Razlika med premium in drugimi zobnimi vsadki<\/em><\/li>\n<li><em>Katere diagnosti\u010dne slike so potrebne za vstavitev zobnega vsadka?<\/em><\/li>\n<li><em>Kako izgleda na\u010drtovanje vstavitve zobnih vsadkov?<\/em><\/li>\n<li><em>Ali obstaja alergija na zobne vsadke?<\/em><\/li>\n<li><em>Odgovori na najpogostej\u0161e strahove pacientov glede postopka<\/em><\/li>\n<li><em>in \u0161e en &#8230;<\/em><\/li>\n<\/ul>\n<\/div><\/div><\/div><\/div><\/div><\/div><\/div><\/div><\/div><\/div><\/div><\/section>\n<div class=\"wpb_text_column\"><div class=\"wpb_wrapper\"><p><span style=\"font-weight: 400;\"><strong>Vgradnja zobnih vsadkov<\/strong> v Polikliniki Apolonija poteka po protokolu in smernicah mednarodnih implantolo\u0161kih institucij (Evropsko zdru\u017eenje za osteointegracijo (EAO)).<\/span><\/p>\n<p><span style=\"font-weight: 400;\">Vstavitev implantata se izvaja <strong>v lokalni anesteziji in je popolnoma nebole\u010da<\/strong> . Postopek in garancije za implantate so podrobno dokumentirani v implantolo\u0161ki knji\u017eici. <strong>Implantolo\u0161ka knji\u017eica<\/strong> je dokument, ki ga pacient v Apoloniji prejme po namestitvi zobnih vsadkov. Slu\u017ei kot zapis vseh pomembnih informacij, povezanih z vsadkom.  <\/span><\/p>\n<h2>Ali imate dovolj kostne mase za vstavitev zobnega vsadka?<\/h2>\n<p><span style=\"font-weight: 400;\">Za uspe\u0161no vstavitev vsadka sta klju\u010dnega pomena vi\u0161ina in \u0161irina kostnega grebena. <strong>Resorpcija \u010deljustne kosti<\/strong> je naraven proces izgube kostne mase, ki se obi\u010dajno pojavi v \u010deljustni kosti po izgubi zoba. Ko manjkajo zobje, \u010deljustne kosti med \u017eve\u010denjem ne prejemajo ve\u010d dovolj stimulacije, kar vodi do postopne izgube kosti, ki je videti takole: <\/span><\/p>\n<\/p>\n<p><a ref=\"magnificPopup\" href=\"https:\/\/www.apolonija.hr\/wp-content\/uploads\/2025\/03\/gubitakkosti.jpg\"><img decoding=\"async\" class=\"aligncenter size-medium wp-image-19896\" src=\"https:\/\/www.apolonija.hr\/wp-content\/uploads\/2025\/03\/gubitakkosti-450x210.jpg\" alt=\"\" width=\"450\" height=\"210\" srcset=\"https:\/\/www.apolonija.hr\/wp-content\/uploads\/2025\/03\/gubitakkosti-450x210.jpg 450w, https:\/\/www.apolonija.hr\/wp-content\/uploads\/2025\/03\/gubitakkosti-800x373.jpg 800w, https:\/\/www.apolonija.hr\/wp-content\/uploads\/2025\/03\/gubitakkosti.jpg 825w\" sizes=\"(max-width: 450px) 100vw, 450px\" \/><\/a><\/p>\n<p><span style=\"font-weight: 400;\">1) Vi\u0161ina kostnega grebena ob prisotnosti zob.<\/span><\/p>\n<p><span style=\"font-weight: 400;\">2) <strong>V prvem letu<\/strong> po izgubi zoba se lahko izgubi pribli\u017eno 25 % vi\u0161ine kosti. Izguba kosti je v tej fazi najhitrej\u0161a, ker \u010deljustna kost ne prejema ve\u010d mehanske stimulacije zaradi \u017eve\u010denja. <\/span><\/p>\n<p><span style=\"font-weight: 400;\">3) <strong>Po enem letu<\/strong> se izguba kostne mase upo\u010dasni, vendar se nadaljuje. V prvih dveh do treh letih se lahko izgubi 40\u201360 % kostne mase. To povzro\u010da te\u017eave pri prihodnjih proteti\u010dnih posegih, saj zmanj\u0161anje volumna kosti ote\u017euje namestitev zobnih vsadkov.  <\/span><\/p>\n<p><span style=\"font-weight: 400;\"><strong>Po petih letih ali ve\u010d<\/strong> postane izguba kostne mase kroni\u010dna, kostna masa pa se z leti \u0161e naprej resorbira in zmanj\u0161uje, \u010deprav po\u010dasneje kot na za\u010detku.<\/span><\/p>\n<p><span style=\"font-weight: 400;\">Izguba kosti v \u010deljusti ni nujno ovira za vstavitev vsadka. Nadgradnja kosti je postopek, ki nadomesti izgubljeno kostno maso in ustvari trdno in stabilno podlago za zobne vsadke. Ve\u010d o nadgradnji kosti in pripravi na vstavitev vsadkov si lahko preberete v na\u0161em e-priro\u010dniku.  <\/span><\/p>\n<\/p>\n<div class=\"jc-cta cta-prvi-pregled\">\n\t<p style=\"\">Pregled v polikliniki Apolonija rezervirajte prek telefonskega klica, WhatsAppa ali izpolnite kontaktni obrazec.<\/p>\n\t<a class=\"telefon w-btn us-btn-style_29 icon_atleft\" href=\"tel:+385 1 4883 800\"><i class=\"fas fa-phone-rotary\"><\/i><span class=\"w-btn-label\">+385 1 4883 800<\/span><\/a>\n\t<a class=\"whatsapp w-btn us-btn-style_29 icon_atleft\" href=\"https:\/\/wa.me\/385914883800\"><i class=\"fab fa-whatsapp\"><\/i><span class=\"w-btn-label\">+385 91 4883 800<\/span><\/a>\n\t<\/div>\n<\/div><\/div><\/div><\/div><\/div><\/div><\/section>\n","protected":false},"excerpt":{"rendered":"","protected":false},"author":15,"featured_media":0,"parent":0,"menu_order":96,"comment_status":"closed","ping_status":"closed","template":"","meta":{"_acf_changed":false,"footnotes":""},"class_list":["post-20894","page","type-page","status-publish","hentry"],"acf":[],"yoast_head":"<!-- This site is optimized with the Yoast SEO plugin v27.5 - https:\/\/yoast.com\/product\/yoast-seo-wordpress\/ -->\n<title>Zobni vsadki - Stomatolo\u0161ka poliklinika Apolonija<\/title>\n<meta name=\"description\" content=\"\u017de ve\u010d kot 25 let vgrajujemo visokokakovostne zobne vsadke, kot je Nobel Biocare, z uporabo najsodobnej\u0161ih metod in sodobne tehnologije.\" \/>\n<meta name=\"robots\" content=\"index, follow, max-snippet:-1, max-image-preview:large, max-video-preview:-1\" \/>\n<link rel=\"canonical\" href=\"https:\/\/www.apolonija.hr\/sl\/zobni-vsadki\/\" \/>\n<meta property=\"og:locale\" content=\"sl_SI\" \/>\n<meta property=\"og:type\" content=\"article\" \/>\n<meta property=\"og:title\" content=\"Zobni vsadki - Stomatolo\u0161ka poliklinika Apolonija\" \/>\n<meta property=\"og:description\" content=\"\u017de ve\u010d kot 25 let vgrajujemo visokokakovostne zobne vsadke, kot je Nobel Biocare, z uporabo najsodobnej\u0161ih metod in sodobne tehnologije.\" \/>\n<meta property=\"og:url\" content=\"https:\/\/www.apolonija.hr\/sl\/zobni-vsadki\/\" \/>\n<meta property=\"og:site_name\" content=\"Stomatolo\u0161ka poliklinika Apolonija\" \/>\n<meta property=\"article:publisher\" content=\"https:\/\/www.facebook.com\/SPApolonija\/\" \/>\n<meta property=\"article:modified_time\" content=\"2025-05-08T22:54:38+00:00\" \/>\n<meta property=\"og:image\" content=\"https:\/\/www.apolonija.hr\/wp-content\/uploads\/2025\/03\/gubitakkosti-450x210.jpg\" \/>\n<meta name=\"twitter:card\" content=\"summary_large_image\" \/>\n<meta name=\"twitter:label1\" content=\"Est. reading time\" \/>\n\t<meta name=\"twitter:data1\" content=\"2 minuti\" \/>\n<script type=\"application\/ld+json\" class=\"yoast-schema-graph\">{\"@context\":\"https:\\\/\\\/schema.org\",\"@graph\":[{\"@type\":\"WebPage\",\"@id\":\"https:\\\/\\\/www.apolonija.hr\\\/sl\\\/zobni-vsadki\\\/\",\"url\":\"https:\\\/\\\/www.apolonija.hr\\\/sl\\\/zobni-vsadki\\\/\",\"name\":\"Zobni vsadki - Stomatolo\u0161ka poliklinika Apolonija\",\"isPartOf\":{\"@id\":\"https:\\\/\\\/www.apolonija.hr\\\/sl\\\/#website\"},\"primaryImageOfPage\":{\"@id\":\"https:\\\/\\\/www.apolonija.hr\\\/sl\\\/zobni-vsadki\\\/#primaryimage\"},\"image\":{\"@id\":\"https:\\\/\\\/www.apolonija.hr\\\/sl\\\/zobni-vsadki\\\/#primaryimage\"},\"thumbnailUrl\":\"https:\\\/\\\/www.apolonija.hr\\\/wp-content\\\/uploads\\\/2025\\\/03\\\/gubitakkosti-450x210.jpg\",\"datePublished\":\"2020-04-03T09:26:11+00:00\",\"dateModified\":\"2025-05-08T22:54:38+00:00\",\"description\":\"\u017de ve\u010d kot 25 let vgrajujemo visokokakovostne zobne vsadke, kot je Nobel Biocare, z uporabo najsodobnej\u0161ih metod in sodobne tehnologije.\",\"breadcrumb\":{\"@id\":\"https:\\\/\\\/www.apolonija.hr\\\/sl\\\/zobni-vsadki\\\/#breadcrumb\"},\"inLanguage\":\"sl-SI\",\"potentialAction\":[{\"@type\":\"ReadAction\",\"target\":[\"https:\\\/\\\/www.apolonija.hr\\\/sl\\\/zobni-vsadki\\\/\"]}]},{\"@type\":\"ImageObject\",\"inLanguage\":\"sl-SI\",\"@id\":\"https:\\\/\\\/www.apolonija.hr\\\/sl\\\/zobni-vsadki\\\/#primaryimage\",\"url\":\"https:\\\/\\\/www.apolonija.hr\\\/wp-content\\\/uploads\\\/2025\\\/03\\\/gubitakkosti-450x210.jpg\",\"contentUrl\":\"https:\\\/\\\/www.apolonija.hr\\\/wp-content\\\/uploads\\\/2025\\\/03\\\/gubitakkosti-450x210.jpg\"},{\"@type\":\"BreadcrumbList\",\"@id\":\"https:\\\/\\\/www.apolonija.hr\\\/sl\\\/zobni-vsadki\\\/#breadcrumb\",\"itemListElement\":[{\"@type\":\"ListItem\",\"position\":1,\"name\":\"Apolonija\",\"item\":\"https:\\\/\\\/www.apolonija.hr\\\/sl\\\/apolonija\\\/\"},{\"@type\":\"ListItem\",\"position\":2,\"name\":\"Zobni vsadki\"}]},{\"@type\":\"WebSite\",\"@id\":\"https:\\\/\\\/www.apolonija.hr\\\/sl\\\/#website\",\"url\":\"https:\\\/\\\/www.apolonija.hr\\\/sl\\\/\",\"name\":\"Stomatolo\u0161ka poliklinika Apolonija\",\"description\":\"\u017divljenje, polno nasmehov\",\"publisher\":{\"@id\":\"https:\\\/\\\/www.apolonija.hr\\\/sl\\\/#organization\"},\"potentialAction\":[{\"@type\":\"SearchAction\",\"target\":{\"@type\":\"EntryPoint\",\"urlTemplate\":\"https:\\\/\\\/www.apolonija.hr\\\/sl\\\/?s={search_term_string}\"},\"query-input\":{\"@type\":\"PropertyValueSpecification\",\"valueRequired\":true,\"valueName\":\"search_term_string\"}}],\"inLanguage\":\"sl-SI\"},{\"@type\":\"Organization\",\"@id\":\"https:\\\/\\\/www.apolonija.hr\\\/sl\\\/#organization\",\"name\":\"Stomatolo\u0161ka poliklinika Apolonija\",\"url\":\"https:\\\/\\\/www.apolonija.hr\\\/sl\\\/\",\"logo\":{\"@type\":\"ImageObject\",\"inLanguage\":\"sl-SI\",\"@id\":\"https:\\\/\\\/www.apolonija.hr\\\/sl\\\/#\\\/schema\\\/logo\\\/image\\\/\",\"url\":\"https:\\\/\\\/www.apolonija.hr\\\/wp-content\\\/uploads\\\/2019\\\/10\\\/logo-1.png\",\"contentUrl\":\"https:\\\/\\\/www.apolonija.hr\\\/wp-content\\\/uploads\\\/2019\\\/10\\\/logo-1.png\",\"width\":500,\"height\":140,\"caption\":\"Stomatolo\u0161ka poliklinika Apolonija\"},\"image\":{\"@id\":\"https:\\\/\\\/www.apolonija.hr\\\/sl\\\/#\\\/schema\\\/logo\\\/image\\\/\"},\"sameAs\":[\"https:\\\/\\\/www.facebook.com\\\/SPApolonija\\\/\",\"https:\\\/\\\/www.instagram.com\\\/poliklinikaapolonija\\\/\",\"https:\\\/\\\/www.linkedin.com\\\/company\\\/stomatolo\u0161ka-poliklinika-apolonija\\\/\",\"https:\\\/\\\/www.tiktok.com\\\/@poliklinikaapolonija\"]}]}<\/script>\n<!-- \/ Yoast SEO plugin. -->","yoast_head_json":{"title":"Zobni vsadki - Stomatolo\u0161ka poliklinika Apolonija","description":"\u017de ve\u010d kot 25 let vgrajujemo visokokakovostne zobne vsadke, kot je Nobel Biocare, z uporabo najsodobnej\u0161ih metod in sodobne tehnologije.","robots":{"index":"index","follow":"follow","max-snippet":"max-snippet:-1","max-image-preview":"max-image-preview:large","max-video-preview":"max-video-preview:-1"},"canonical":"https:\/\/www.apolonija.hr\/sl\/zobni-vsadki\/","og_locale":"sl_SI","og_type":"article","og_title":"Zobni vsadki - Stomatolo\u0161ka poliklinika Apolonija","og_description":"\u017de ve\u010d kot 25 let vgrajujemo visokokakovostne zobne vsadke, kot je Nobel Biocare, z uporabo najsodobnej\u0161ih metod in sodobne tehnologije.","og_url":"https:\/\/www.apolonija.hr\/sl\/zobni-vsadki\/","og_site_name":"Stomatolo\u0161ka poliklinika Apolonija","article_publisher":"https:\/\/www.facebook.com\/SPApolonija\/","article_modified_time":"2025-05-08T22:54:38+00:00","og_image":[{"url":"https:\/\/www.apolonija.hr\/wp-content\/uploads\/2025\/03\/gubitakkosti-450x210.jpg","type":"","width":"","height":""}],"twitter_card":"summary_large_image","twitter_misc":{"Est. reading time":"2 minuti"},"schema":{"@context":"https:\/\/schema.org","@graph":[{"@type":"WebPage","@id":"https:\/\/www.apolonija.hr\/sl\/zobni-vsadki\/","url":"https:\/\/www.apolonija.hr\/sl\/zobni-vsadki\/","name":"Zobni vsadki - Stomatolo\u0161ka poliklinika Apolonija","isPartOf":{"@id":"https:\/\/www.apolonija.hr\/sl\/#website"},"primaryImageOfPage":{"@id":"https:\/\/www.apolonija.hr\/sl\/zobni-vsadki\/#primaryimage"},"image":{"@id":"https:\/\/www.apolonija.hr\/sl\/zobni-vsadki\/#primaryimage"},"thumbnailUrl":"https:\/\/www.apolonija.hr\/wp-content\/uploads\/2025\/03\/gubitakkosti-450x210.jpg","datePublished":"2020-04-03T09:26:11+00:00","dateModified":"2025-05-08T22:54:38+00:00","description":"\u017de ve\u010d kot 25 let vgrajujemo visokokakovostne zobne vsadke, kot je Nobel Biocare, z uporabo najsodobnej\u0161ih metod in sodobne tehnologije.","breadcrumb":{"@id":"https:\/\/www.apolonija.hr\/sl\/zobni-vsadki\/#breadcrumb"},"inLanguage":"sl-SI","potentialAction":[{"@type":"ReadAction","target":["https:\/\/www.apolonija.hr\/sl\/zobni-vsadki\/"]}]},{"@type":"ImageObject","inLanguage":"sl-SI","@id":"https:\/\/www.apolonija.hr\/sl\/zobni-vsadki\/#primaryimage","url":"https:\/\/www.apolonija.hr\/wp-content\/uploads\/2025\/03\/gubitakkosti-450x210.jpg","contentUrl":"https:\/\/www.apolonija.hr\/wp-content\/uploads\/2025\/03\/gubitakkosti-450x210.jpg"},{"@type":"BreadcrumbList","@id":"https:\/\/www.apolonija.hr\/sl\/zobni-vsadki\/#breadcrumb","itemListElement":[{"@type":"ListItem","position":1,"name":"Apolonija","item":"https:\/\/www.apolonija.hr\/sl\/apolonija\/"},{"@type":"ListItem","position":2,"name":"Zobni vsadki"}]},{"@type":"WebSite","@id":"https:\/\/www.apolonija.hr\/sl\/#website","url":"https:\/\/www.apolonija.hr\/sl\/","name":"Stomatolo\u0161ka poliklinika Apolonija","description":"\u017divljenje, polno nasmehov","publisher":{"@id":"https:\/\/www.apolonija.hr\/sl\/#organization"},"potentialAction":[{"@type":"SearchAction","target":{"@type":"EntryPoint","urlTemplate":"https:\/\/www.apolonija.hr\/sl\/?s={search_term_string}"},"query-input":{"@type":"PropertyValueSpecification","valueRequired":true,"valueName":"search_term_string"}}],"inLanguage":"sl-SI"},{"@type":"Organization","@id":"https:\/\/www.apolonija.hr\/sl\/#organization","name":"Stomatolo\u0161ka poliklinika Apolonija","url":"https:\/\/www.apolonija.hr\/sl\/","logo":{"@type":"ImageObject","inLanguage":"sl-SI","@id":"https:\/\/www.apolonija.hr\/sl\/#\/schema\/logo\/image\/","url":"https:\/\/www.apolonija.hr\/wp-content\/uploads\/2019\/10\/logo-1.png","contentUrl":"https:\/\/www.apolonija.hr\/wp-content\/uploads\/2019\/10\/logo-1.png","width":500,"height":140,"caption":"Stomatolo\u0161ka poliklinika Apolonija"},"image":{"@id":"https:\/\/www.apolonija.hr\/sl\/#\/schema\/logo\/image\/"},"sameAs":["https:\/\/www.facebook.com\/SPApolonija\/","https:\/\/www.instagram.com\/poliklinikaapolonija\/","https:\/\/www.linkedin.com\/company\/stomatolo\u0161ka-poliklinika-apolonija\/","https:\/\/www.tiktok.com\/@poliklinikaapolonija"]}]}},"_links":{"self":[{"href":"https:\/\/www.apolonija.hr\/sl\/wp-json\/wp\/v2\/pages\/20894","targetHints":{"allow":["GET"]}}],"collection":[{"href":"https:\/\/www.apolonija.hr\/sl\/wp-json\/wp\/v2\/pages"}],"about":[{"href":"https:\/\/www.apolonija.hr\/sl\/wp-json\/wp\/v2\/types\/page"}],"author":[{"embeddable":true,"href":"https:\/\/www.apolonija.hr\/sl\/wp-json\/wp\/v2\/users\/15"}],"replies":[{"embeddable":true,"href":"https:\/\/www.apolonija.hr\/sl\/wp-json\/wp\/v2\/comments?post=20894"}],"version-history":[{"count":2,"href":"https:\/\/www.apolonija.hr\/sl\/wp-json\/wp\/v2\/pages\/20894\/revisions"}],"predecessor-version":[{"id":20899,"href":"https:\/\/www.apolonija.hr\/sl\/wp-json\/wp\/v2\/pages\/20894\/revisions\/20899"}],"wp:attachment":[{"href":"https:\/\/www.apolonija.hr\/sl\/wp-json\/wp\/v2\/media?parent=20894"}],"curies":[{"name":"wp","href":"https:\/\/api.w.org\/{rel}","templated":true}]}}