{"id":20902,"date":"2020-04-01T00:09:00","date_gmt":"2020-03-31T22:09:00","guid":{"rendered":"https:\/\/www.apolonija.hr\/lepsi-nasmeh\/zalivke-in-popravilo-zob\/"},"modified":"2025-05-09T00:54:41","modified_gmt":"2025-05-08T22:54:41","slug":"zalivke-in-popravilo-zob","status":"publish","type":"page","link":"https:\/\/www.apolonija.hr\/sl\/lepsi-nasmeh\/zalivke-in-popravilo-zob\/","title":{"rendered":"Zalivke in popravilo zob"},"content":{"rendered":"<section class=\"l-section wpb_row height_small\"><div class=\"l-section-h i-cf\"><div class=\"g-cols vc_row via_grid cols_1 laptops-cols_inherit tablets-cols_inherit mobiles-cols_1 valign_top type_default stacking_default\"><div class=\"wpb_column vc_column_container\"><div class=\"vc_column-inner\"><div class=\"wpb_text_column\"><div class=\"wpb_wrapper\"><p><span style=\"font-weight: 400;\">Popravilo zob je najpogostej\u0161i zobozdravstveni poseg. Sestavljen je iz odstranitve kariesa in rekonstrukcije zoba s trajnim in estetskim materialom. <\/span><\/p>\n<h2>Kako nastane karies?<\/h2>\n<p><span style=\"font-weight: 400;\">Karies je danes ena najpogostej\u0161ih bolezni. Gre za nalezljivo bolezen, ki jo povzro\u010da delovanje kariogenih bakterij v ustni votlini.   <\/span><span style=\"font-weight: 400;\"><br \/><\/span><span style=\"font-weight: 400;\">Presnovni produkt kariogenih bakterij je kislina, ki uni\u010di sklenino in dentin ter prodre v sredi\u0161\u010de zoba, kar povzro\u010di njegovo popolno propadanje.<\/span><\/p>\n<figure id=\"attachment_19859\" aria-describedby=\"caption-attachment-19859\" style=\"width: 450px\" class=\"wp-caption aligncenter\"><a ref=\"magnificPopup\" href=\"https:\/\/www.apolonija.hr\/wp-content\/uploads\/2025\/03\/karijes-post.jpg\"><img decoding=\"async\" class=\"size-medium wp-image-19859\" src=\"https:\/\/www.apolonija.hr\/wp-content\/uploads\/2025\/03\/karijes-post-450x280.jpg\" alt=\"\" width=\"450\" height=\"280\" srcset=\"https:\/\/www.apolonija.hr\/wp-content\/uploads\/2025\/03\/karijes-post-450x280.jpg 450w, https:\/\/www.apolonija.hr\/wp-content\/uploads\/2025\/03\/karijes-post-1024x638.jpg 1024w, https:\/\/www.apolonija.hr\/wp-content\/uploads\/2025\/03\/karijes-post-800x498.jpg 800w, https:\/\/www.apolonija.hr\/wp-content\/uploads\/2025\/03\/karijes-post.jpg 1485w\" sizes=\"(max-width: 450px) 100vw, 450px\" \/><\/a><figcaption id=\"caption-attachment-19859\" class=\"wp-caption-text\">1) karies v zobni sklenini; 2) karies je dosegel dentin; 3) karies je dosegel zobni \u017eivec<\/figcaption><\/figure>\n<h2>Kompozitne zalivke &#8211; bele zalivke<\/h2>\n<p><span style=\"font-weight: 400;\">Zalivka se uporablja za nadomestitev izgubljenega dela zoba po odstranitvi kariesa. S tem se povrne funkcionalnost in estetski videz zob.   <\/span><\/p>\n<p><span style=\"font-weight: 400;\">Kompozitna zalivka:<\/span><\/p>\n<ul>\n<li style=\"font-weight: 400;\" aria-level=\"1\"><span style=\"font-weight: 400;\">povrne zobu polno funkcijo<\/span><\/li>\n<li style=\"font-weight: 400;\" aria-level=\"1\"><span style=\"font-weight: 400;\">posnema naravno barvo zob<\/span><\/li>\n<li style=\"font-weight: 400;\" aria-level=\"1\"><span style=\"font-weight: 400;\">omogo\u010da posnemanje naravnih zna\u010dilnosti in oblik zob<\/span><\/li>\n<\/ul>\n<p><span style=\"font-weight: 400;\">Dana\u0161nji kompoziti spadajo med tehnolo\u0161ko zelo napredne materiale, ker temeljijo na nanodelcih.<\/span><\/p>\n<h2>Kerami\u010dne zalivke &#8211; proteti\u010dne estetske zalivke<\/h2>\n<p><b>Inlay, onlay ali overlay<\/b><\/p>\n<\/p>\n<p><span style=\"font-size: 12pt;\"><a ref=\"magnificPopup\" href=\"https:\/\/www.apolonija.hr\/wp-content\/uploads\/2025\/02\/inlay-onlay-overlay-apolonija.jpg\"><img decoding=\"async\" class=\"size-medium wp-image-19376 alignnone aligncenter\" src=\"https:\/\/www.apolonija.hr\/wp-content\/uploads\/2025\/02\/inlay-onlay-overlay-apolonija-450x185.jpg\" alt=\"\" width=\"450\" height=\"185\" srcset=\"https:\/\/www.apolonija.hr\/wp-content\/uploads\/2025\/02\/inlay-onlay-overlay-apolonija-450x185.jpg 450w, https:\/\/www.apolonija.hr\/wp-content\/uploads\/2025\/02\/inlay-onlay-overlay-apolonija-800x330.jpg 800w, https:\/\/www.apolonija.hr\/wp-content\/uploads\/2025\/02\/inlay-onlay-overlay-apolonija.jpg 1000w\" sizes=\"(max-width: 450px) 100vw, 450px\" \/><\/a><\/span><\/p>\n<\/p>\n<p><span style=\"font-weight: 400;\">Inlayi, onlayi in overlayi so danes eden najbolj\u0161ih na\u010dinov za obnovo zob, ki jih je prizadela karies, zlasti ve\u010djih delov zoba. Gre za kerami\u010dne inleje, ki bodo popolnoma nadomestili manjkajo\u010di del zoba. <\/span><\/p>\n<p><span style=\"font-weight: 400;\">Inlay, onlay ali overlay zagotavljajo ve\u010djo vzdr\u017eljivost in trdnost polnila.<\/span><\/p>\n<p><span style=\"font-weight: 400;\">Kerami\u010dne zalivke izdeluje<\/span> <b>CEREK<\/b><span style=\"font-weight: 400;\">  digitaliziran protokol v laboratoriju z natan\u010dno CAD\/CAM tehnologijo. Dana\u0161nji digitalni procesi omogo\u010dajo izdelavo inlay, onlay ali overlay zalivk veliko hitreje kot prej, kar pomeni, da lahko imate v enem obisku pri zobozdravniku pripravljenih ve\u010d kerami\u010dnih zalivk. <\/span>.<\/p>\n<h2>Endodontsko zobozdravstveno zdravljenje<\/h2>\n<p><span style=\"font-weight: 400;\">V primeru prizadetosti zobne pulpe bo poleg rekonstrukcije krone potrebno tudi endodontsko zdravljenje zoba.<\/span><\/p>\n<p><span style=\"font-weight: 400;\">Ker prizadetost zobne pulpe najpogosteje pomeni ve\u010djo izgubo zobne krone, pa tudi zaradi izgube vitalnosti zoba, je treba preostali del zobne krone za\u0161\u010dititi s proteti\u010dno zobno krono.<\/span><\/p>\n<p><span style=\"font-weight: 400;\">Ve\u010d o endodontskem zdravljenju zob si preberite <a href=\"https:\/\/www.apolonija.hr\/lijecenje-zubi\/endodontsko-lijecenje-korijena-zuba\/\"><strong>tukaj.<\/strong><\/a><\/span><\/p>\n<\/div><\/div><\/div><\/div><\/div><\/div><\/section><div class=\"jc-cta cta-prvi-pregled\">\n\t<p style=\"\">Pregled v polikliniki Apolonija rezervirajte prek telefonskega klica, WhatsAppa ali izpolnite kontaktni obrazec.<\/p>\n\t<a class=\"telefon w-btn us-btn-style_29 icon_atleft\" href=\"tel:+385 1 4883 800\"><i class=\"fas fa-phone-rotary\"><\/i><span class=\"w-btn-label\">+385 1 4883 800<\/span><\/a>\n\t<a class=\"whatsapp w-btn us-btn-style_29 icon_atleft\" href=\"https:\/\/wa.me\/385914883800\"><i class=\"fab fa-whatsapp\"><\/i><span class=\"w-btn-label\">+385 91 4883 800<\/span><\/a>\n\t<\/div>\n","protected":false},"excerpt":{"rendered":"<p>Danes \u0161e vedno obstajajo \u0161tevilne zobozdravstvene ordinacije, ki uporabljajo amalgamske ali &#8220;\u010drne&#8221; zalivke. Neko\u010d so bili zelo raz\u0161irjeni. Zaradi tega imajo mnogi ljudje \u0161e danes &#8220;\u010drne&#8221; zobe, v primeru amalgamskih zalivk na sprednjih zobeh pa sivkast odtenek nasmeha. To estetsko te\u017eavo je danes zelo enostavno re\u0161iti z zamenjavo starih, \u010drnih zalivk s sodobnimi, belimi zalivkami.   <\/p>\n","protected":false},"author":15,"featured_media":0,"parent":20880,"menu_order":7,"comment_status":"closed","ping_status":"closed","template":"","meta":{"_acf_changed":false,"footnotes":""},"class_list":["post-20902","page","type-page","status-publish","hentry"],"acf":[],"yoast_head":"<!-- This site is optimized with the Yoast SEO plugin v27.5 - https:\/\/yoast.com\/product\/yoast-seo-wordpress\/ -->\n<title>Zalivke in popravilo zob - Stomatolo\u0161ka poliklinika Apolonija<\/title>\n<meta name=\"description\" content=\"Amalgamske zalivke so bile neko\u010d zelo raz\u0161irjene. Zato imajo mnogi ljudje sivkast odtenek nasmeha. Da jih nadome\u0161\u010damo s sodobnimi, belimi zalivkami. Izvedite ve\u010d!\" \/>\n<meta name=\"robots\" content=\"index, follow, max-snippet:-1, max-image-preview:large, max-video-preview:-1\" \/>\n<link rel=\"canonical\" href=\"https:\/\/www.apolonija.hr\/sl\/lepsi-nasmeh\/zalivke-in-popravilo-zob\/\" \/>\n<meta property=\"og:locale\" content=\"sl_SI\" \/>\n<meta property=\"og:type\" content=\"article\" \/>\n<meta property=\"og:title\" content=\"Zalivke in popravilo zob - Stomatolo\u0161ka poliklinika Apolonija\" \/>\n<meta property=\"og:description\" content=\"Amalgamske zalivke so bile neko\u010d zelo raz\u0161irjene. Zato imajo mnogi ljudje sivkast odtenek nasmeha. Da jih nadome\u0161\u010damo s sodobnimi, belimi zalivkami. Izvedite ve\u010d!\" \/>\n<meta property=\"og:url\" content=\"https:\/\/www.apolonija.hr\/sl\/lepsi-nasmeh\/zalivke-in-popravilo-zob\/\" \/>\n<meta property=\"og:site_name\" content=\"Stomatolo\u0161ka poliklinika Apolonija\" \/>\n<meta property=\"article:publisher\" content=\"https:\/\/www.facebook.com\/SPApolonija\/\" \/>\n<meta property=\"article:modified_time\" content=\"2025-05-08T22:54:41+00:00\" \/>\n<meta property=\"og:image\" content=\"https:\/\/www.apolonija.hr\/wp-content\/uploads\/2025\/03\/karijes-post.jpg\" \/>\n\t<meta property=\"og:image:width\" content=\"1485\" \/>\n\t<meta property=\"og:image:height\" content=\"925\" \/>\n\t<meta property=\"og:image:type\" content=\"image\/jpeg\" \/>\n<meta name=\"twitter:card\" content=\"summary_large_image\" \/>\n<meta name=\"twitter:label1\" content=\"Est. reading time\" \/>\n\t<meta name=\"twitter:data1\" content=\"2 minuti\" \/>\n<script type=\"application\/ld+json\" class=\"yoast-schema-graph\">{\"@context\":\"https:\\\/\\\/schema.org\",\"@graph\":[{\"@type\":\"WebPage\",\"@id\":\"https:\\\/\\\/www.apolonija.hr\\\/sl\\\/lepsi-nasmeh\\\/zalivke-in-popravilo-zob\\\/\",\"url\":\"https:\\\/\\\/www.apolonija.hr\\\/sl\\\/lepsi-nasmeh\\\/zalivke-in-popravilo-zob\\\/\",\"name\":\"Zalivke in popravilo zob - Stomatolo\u0161ka poliklinika Apolonija\",\"isPartOf\":{\"@id\":\"https:\\\/\\\/www.apolonija.hr\\\/sl\\\/#website\"},\"primaryImageOfPage\":{\"@id\":\"https:\\\/\\\/www.apolonija.hr\\\/sl\\\/lepsi-nasmeh\\\/zalivke-in-popravilo-zob\\\/#primaryimage\"},\"image\":{\"@id\":\"https:\\\/\\\/www.apolonija.hr\\\/sl\\\/lepsi-nasmeh\\\/zalivke-in-popravilo-zob\\\/#primaryimage\"},\"thumbnailUrl\":\"https:\\\/\\\/www.apolonija.hr\\\/wp-content\\\/uploads\\\/2025\\\/03\\\/karijes-post-450x280.jpg\",\"datePublished\":\"2020-03-31T22:09:00+00:00\",\"dateModified\":\"2025-05-08T22:54:41+00:00\",\"description\":\"Amalgamske zalivke so bile neko\u010d zelo raz\u0161irjene. Zato imajo mnogi ljudje sivkast odtenek nasmeha. Da jih nadome\u0161\u010damo s sodobnimi, belimi zalivkami. Izvedite ve\u010d!\",\"breadcrumb\":{\"@id\":\"https:\\\/\\\/www.apolonija.hr\\\/sl\\\/lepsi-nasmeh\\\/zalivke-in-popravilo-zob\\\/#breadcrumb\"},\"inLanguage\":\"sl-SI\",\"potentialAction\":[{\"@type\":\"ReadAction\",\"target\":[\"https:\\\/\\\/www.apolonija.hr\\\/sl\\\/lepsi-nasmeh\\\/zalivke-in-popravilo-zob\\\/\"]}]},{\"@type\":\"ImageObject\",\"inLanguage\":\"sl-SI\",\"@id\":\"https:\\\/\\\/www.apolonija.hr\\\/sl\\\/lepsi-nasmeh\\\/zalivke-in-popravilo-zob\\\/#primaryimage\",\"url\":\"https:\\\/\\\/www.apolonija.hr\\\/wp-content\\\/uploads\\\/2025\\\/03\\\/karijes-post-450x280.jpg\",\"contentUrl\":\"https:\\\/\\\/www.apolonija.hr\\\/wp-content\\\/uploads\\\/2025\\\/03\\\/karijes-post-450x280.jpg\"},{\"@type\":\"BreadcrumbList\",\"@id\":\"https:\\\/\\\/www.apolonija.hr\\\/sl\\\/lepsi-nasmeh\\\/zalivke-in-popravilo-zob\\\/#breadcrumb\",\"itemListElement\":[{\"@type\":\"ListItem\",\"position\":1,\"name\":\"Apolonija\",\"item\":\"https:\\\/\\\/www.apolonija.hr\\\/sl\\\/apolonija\\\/\"},{\"@type\":\"ListItem\",\"position\":2,\"name\":\"Lep\u0161i nasmeh\",\"item\":\"https:\\\/\\\/www.apolonija.hr\\\/sl\\\/lepsi-nasmeh\\\/\"},{\"@type\":\"ListItem\",\"position\":3,\"name\":\"Zalivke in popravilo zob\"}]},{\"@type\":\"WebSite\",\"@id\":\"https:\\\/\\\/www.apolonija.hr\\\/sl\\\/#website\",\"url\":\"https:\\\/\\\/www.apolonija.hr\\\/sl\\\/\",\"name\":\"Stomatolo\u0161ka poliklinika Apolonija\",\"description\":\"\u017divljenje, polno nasmehov\",\"publisher\":{\"@id\":\"https:\\\/\\\/www.apolonija.hr\\\/sl\\\/#organization\"},\"potentialAction\":[{\"@type\":\"SearchAction\",\"target\":{\"@type\":\"EntryPoint\",\"urlTemplate\":\"https:\\\/\\\/www.apolonija.hr\\\/sl\\\/?s={search_term_string}\"},\"query-input\":{\"@type\":\"PropertyValueSpecification\",\"valueRequired\":true,\"valueName\":\"search_term_string\"}}],\"inLanguage\":\"sl-SI\"},{\"@type\":\"Organization\",\"@id\":\"https:\\\/\\\/www.apolonija.hr\\\/sl\\\/#organization\",\"name\":\"Stomatolo\u0161ka poliklinika Apolonija\",\"url\":\"https:\\\/\\\/www.apolonija.hr\\\/sl\\\/\",\"logo\":{\"@type\":\"ImageObject\",\"inLanguage\":\"sl-SI\",\"@id\":\"https:\\\/\\\/www.apolonija.hr\\\/sl\\\/#\\\/schema\\\/logo\\\/image\\\/\",\"url\":\"https:\\\/\\\/www.apolonija.hr\\\/wp-content\\\/uploads\\\/2019\\\/10\\\/logo-1.png\",\"contentUrl\":\"https:\\\/\\\/www.apolonija.hr\\\/wp-content\\\/uploads\\\/2019\\\/10\\\/logo-1.png\",\"width\":500,\"height\":140,\"caption\":\"Stomatolo\u0161ka poliklinika Apolonija\"},\"image\":{\"@id\":\"https:\\\/\\\/www.apolonija.hr\\\/sl\\\/#\\\/schema\\\/logo\\\/image\\\/\"},\"sameAs\":[\"https:\\\/\\\/www.facebook.com\\\/SPApolonija\\\/\",\"https:\\\/\\\/www.instagram.com\\\/poliklinikaapolonija\\\/\",\"https:\\\/\\\/www.linkedin.com\\\/company\\\/stomatolo\u0161ka-poliklinika-apolonija\\\/\",\"https:\\\/\\\/www.tiktok.com\\\/@poliklinikaapolonija\"]}]}<\/script>\n<!-- \/ Yoast SEO plugin. -->","yoast_head_json":{"title":"Zalivke in popravilo zob - Stomatolo\u0161ka poliklinika Apolonija","description":"Amalgamske zalivke so bile neko\u010d zelo raz\u0161irjene. Zato imajo mnogi ljudje sivkast odtenek nasmeha. Da jih nadome\u0161\u010damo s sodobnimi, belimi zalivkami. Izvedite ve\u010d!","robots":{"index":"index","follow":"follow","max-snippet":"max-snippet:-1","max-image-preview":"max-image-preview:large","max-video-preview":"max-video-preview:-1"},"canonical":"https:\/\/www.apolonija.hr\/sl\/lepsi-nasmeh\/zalivke-in-popravilo-zob\/","og_locale":"sl_SI","og_type":"article","og_title":"Zalivke in popravilo zob - Stomatolo\u0161ka poliklinika Apolonija","og_description":"Amalgamske zalivke so bile neko\u010d zelo raz\u0161irjene. Zato imajo mnogi ljudje sivkast odtenek nasmeha. Da jih nadome\u0161\u010damo s sodobnimi, belimi zalivkami. Izvedite ve\u010d!","og_url":"https:\/\/www.apolonija.hr\/sl\/lepsi-nasmeh\/zalivke-in-popravilo-zob\/","og_site_name":"Stomatolo\u0161ka poliklinika Apolonija","article_publisher":"https:\/\/www.facebook.com\/SPApolonija\/","article_modified_time":"2025-05-08T22:54:41+00:00","og_image":[{"width":1485,"height":925,"url":"https:\/\/www.apolonija.hr\/wp-content\/uploads\/2025\/03\/karijes-post.jpg","type":"image\/jpeg"}],"twitter_card":"summary_large_image","twitter_misc":{"Est. reading time":"2 minuti"},"schema":{"@context":"https:\/\/schema.org","@graph":[{"@type":"WebPage","@id":"https:\/\/www.apolonija.hr\/sl\/lepsi-nasmeh\/zalivke-in-popravilo-zob\/","url":"https:\/\/www.apolonija.hr\/sl\/lepsi-nasmeh\/zalivke-in-popravilo-zob\/","name":"Zalivke in popravilo zob - Stomatolo\u0161ka poliklinika Apolonija","isPartOf":{"@id":"https:\/\/www.apolonija.hr\/sl\/#website"},"primaryImageOfPage":{"@id":"https:\/\/www.apolonija.hr\/sl\/lepsi-nasmeh\/zalivke-in-popravilo-zob\/#primaryimage"},"image":{"@id":"https:\/\/www.apolonija.hr\/sl\/lepsi-nasmeh\/zalivke-in-popravilo-zob\/#primaryimage"},"thumbnailUrl":"https:\/\/www.apolonija.hr\/wp-content\/uploads\/2025\/03\/karijes-post-450x280.jpg","datePublished":"2020-03-31T22:09:00+00:00","dateModified":"2025-05-08T22:54:41+00:00","description":"Amalgamske zalivke so bile neko\u010d zelo raz\u0161irjene. Zato imajo mnogi ljudje sivkast odtenek nasmeha. Da jih nadome\u0161\u010damo s sodobnimi, belimi zalivkami. Izvedite ve\u010d!","breadcrumb":{"@id":"https:\/\/www.apolonija.hr\/sl\/lepsi-nasmeh\/zalivke-in-popravilo-zob\/#breadcrumb"},"inLanguage":"sl-SI","potentialAction":[{"@type":"ReadAction","target":["https:\/\/www.apolonija.hr\/sl\/lepsi-nasmeh\/zalivke-in-popravilo-zob\/"]}]},{"@type":"ImageObject","inLanguage":"sl-SI","@id":"https:\/\/www.apolonija.hr\/sl\/lepsi-nasmeh\/zalivke-in-popravilo-zob\/#primaryimage","url":"https:\/\/www.apolonija.hr\/wp-content\/uploads\/2025\/03\/karijes-post-450x280.jpg","contentUrl":"https:\/\/www.apolonija.hr\/wp-content\/uploads\/2025\/03\/karijes-post-450x280.jpg"},{"@type":"BreadcrumbList","@id":"https:\/\/www.apolonija.hr\/sl\/lepsi-nasmeh\/zalivke-in-popravilo-zob\/#breadcrumb","itemListElement":[{"@type":"ListItem","position":1,"name":"Apolonija","item":"https:\/\/www.apolonija.hr\/sl\/apolonija\/"},{"@type":"ListItem","position":2,"name":"Lep\u0161i nasmeh","item":"https:\/\/www.apolonija.hr\/sl\/lepsi-nasmeh\/"},{"@type":"ListItem","position":3,"name":"Zalivke in popravilo zob"}]},{"@type":"WebSite","@id":"https:\/\/www.apolonija.hr\/sl\/#website","url":"https:\/\/www.apolonija.hr\/sl\/","name":"Stomatolo\u0161ka poliklinika Apolonija","description":"\u017divljenje, polno nasmehov","publisher":{"@id":"https:\/\/www.apolonija.hr\/sl\/#organization"},"potentialAction":[{"@type":"SearchAction","target":{"@type":"EntryPoint","urlTemplate":"https:\/\/www.apolonija.hr\/sl\/?s={search_term_string}"},"query-input":{"@type":"PropertyValueSpecification","valueRequired":true,"valueName":"search_term_string"}}],"inLanguage":"sl-SI"},{"@type":"Organization","@id":"https:\/\/www.apolonija.hr\/sl\/#organization","name":"Stomatolo\u0161ka poliklinika Apolonija","url":"https:\/\/www.apolonija.hr\/sl\/","logo":{"@type":"ImageObject","inLanguage":"sl-SI","@id":"https:\/\/www.apolonija.hr\/sl\/#\/schema\/logo\/image\/","url":"https:\/\/www.apolonija.hr\/wp-content\/uploads\/2019\/10\/logo-1.png","contentUrl":"https:\/\/www.apolonija.hr\/wp-content\/uploads\/2019\/10\/logo-1.png","width":500,"height":140,"caption":"Stomatolo\u0161ka poliklinika Apolonija"},"image":{"@id":"https:\/\/www.apolonija.hr\/sl\/#\/schema\/logo\/image\/"},"sameAs":["https:\/\/www.facebook.com\/SPApolonija\/","https:\/\/www.instagram.com\/poliklinikaapolonija\/","https:\/\/www.linkedin.com\/company\/stomatolo\u0161ka-poliklinika-apolonija\/","https:\/\/www.tiktok.com\/@poliklinikaapolonija"]}]}},"_links":{"self":[{"href":"https:\/\/www.apolonija.hr\/sl\/wp-json\/wp\/v2\/pages\/20902","targetHints":{"allow":["GET"]}}],"collection":[{"href":"https:\/\/www.apolonija.hr\/sl\/wp-json\/wp\/v2\/pages"}],"about":[{"href":"https:\/\/www.apolonija.hr\/sl\/wp-json\/wp\/v2\/types\/page"}],"author":[{"embeddable":true,"href":"https:\/\/www.apolonija.hr\/sl\/wp-json\/wp\/v2\/users\/15"}],"replies":[{"embeddable":true,"href":"https:\/\/www.apolonija.hr\/sl\/wp-json\/wp\/v2\/comments?post=20902"}],"version-history":[{"count":2,"href":"https:\/\/www.apolonija.hr\/sl\/wp-json\/wp\/v2\/pages\/20902\/revisions"}],"predecessor-version":[{"id":20909,"href":"https:\/\/www.apolonija.hr\/sl\/wp-json\/wp\/v2\/pages\/20902\/revisions\/20909"}],"up":[{"embeddable":true,"href":"https:\/\/www.apolonija.hr\/sl\/wp-json\/wp\/v2\/pages\/20880"}],"wp:attachment":[{"href":"https:\/\/www.apolonija.hr\/sl\/wp-json\/wp\/v2\/media?parent=20902"}],"curies":[{"name":"wp","href":"https:\/\/api.w.org\/{rel}","templated":true}]}}