{"id":20914,"date":"2020-04-04T23:03:18","date_gmt":"2020-04-04T21:03:18","guid":{"rendered":"https:\/\/www.apolonija.hr\/zobozdravstveno-zdravljenje\/zdravljenje-parodontitisa\/"},"modified":"2025-05-09T00:54:56","modified_gmt":"2025-05-08T22:54:56","slug":"zdravljenje-parodontitisa","status":"publish","type":"page","link":"https:\/\/www.apolonija.hr\/sl\/zobozdravstveno-zdravljenje\/zdravljenje-parodontitisa\/","title":{"rendered":"Zdravljenje parodontitisa"},"content":{"rendered":"<section class=\"l-section wpb_row height_auto width_full\"><div class=\"l-section-h i-cf\"><div class=\"g-cols vc_row via_grid cols_1 laptops-cols_inherit tablets-cols_inherit mobiles-cols_1 valign_top type_default stacking_default\"><div class=\"wpb_column vc_column_container\"><div class=\"vc_column-inner\"><div class=\"wpb_text_column\"><div class=\"wpb_wrapper\"><p><span style=\"font-weight: 400;\">Parodontitis je bolezen, ki prizadene podporna tkiva zob, zlasti dlesni, kost in parodontalni ligament, ki povezuje zobe s \u010deljustno kostjo. Bolezen se je prej imenovala parodontitis, beseda parodontitis ali parodontalna bolezen pa se ponekod \u0161e vedno uporablja. <\/span><\/p>\n<p><span style=\"font-weight: 400;\">Parodontitis je, takoj za kariesom, najpogostej\u0161a bolezen ustne votline, ki povzro\u010da izgubo zob. Po podatkih Svetovne zdravstvene organizacije je to eden od javnozdravstvenih problemov dana\u0161njega \u010dasa. Zato je zelo pomembno, da se seznanimo s simptomi parodontitisa, da ga lahko pravo\u010dasno zdravimo.  <\/span><\/p>\n<p><span style=\"font-weight: 400;\">Ta bolezen lahko \u017eal uni\u010di tkivo in \u010deljustno kost ve\u010d let, preden jo prepoznamo. \u010ce pride do prodiranja bakterij v globlje plasti okoli zob, bo pri\u0161lo do progresivne in nepopravljive izgube \u010deljustne kosti okoli zob. <\/span><\/p>\n<h2>Simptomi zgodnjega parodontitisa-gingivitisa<\/h2>\n<p><span style=\"font-weight: 400;\">Simptomi, ki lahko opozarjajo na tveganje za razvoj parodontitisa, so:<\/span><\/p>\n<ul>\n<li style=\"font-weight: 400;\" aria-level=\"1\"><span style=\"font-weight: 400;\">rde\u010dina dlesni<\/span><\/li>\n<li style=\"font-weight: 400;\" aria-level=\"1\"><span style=\"font-weight: 400;\">ob\u010dutljivost ali bole\u010dina dlesni<\/span><\/li>\n<li style=\"font-weight: 400;\" aria-level=\"1\"><span style=\"font-weight: 400;\">krvavenje dlesni pri \u0161\u010detkanju, uporabi zobne nitke ali spontano<\/span><\/li>\n<\/ul>\n<p><span style=\"font-weight: 400;\">Ti simptomi ka\u017eejo na gingivitis, ki je akutno vnetje dlesni. Gingivitis je obi\u010dajno za\u010detna faza, ki lahko, \u010de se ne zdravi, napreduje v kroni\u010dno obliko (parodontitis). <\/span><\/p>\n<p><span style=\"font-weight: 400;\">Pomembno je ukrepati pravo\u010dasno.<\/span><\/p>\n<\/div><\/div><div class=\"w-image us_custom_267a561c align_none meta_simple\"><div class=\"w-image-h\"><img decoding=\"async\" width=\"800\" height=\"800\" src=\"https:\/\/www.apolonija.hr\/wp-content\/uploads\/2025\/03\/parodontitis-800x800.jpg\" class=\"attachment-us_800_800 size-us_800_800\" alt=\"parodontitis\" loading=\"lazy\" srcset=\"https:\/\/www.apolonija.hr\/wp-content\/uploads\/2025\/03\/parodontitis-800x800.jpg 800w, https:\/\/www.apolonija.hr\/wp-content\/uploads\/2025\/03\/parodontitis-450x450.jpg 450w, https:\/\/www.apolonija.hr\/wp-content\/uploads\/2025\/03\/parodontitis-1024x1024.jpg 1024w, https:\/\/www.apolonija.hr\/wp-content\/uploads\/2025\/03\/parodontitis-1536x1536.jpg 1536w, https:\/\/www.apolonija.hr\/wp-content\/uploads\/2025\/03\/parodontitis.jpg 1772w\" sizes=\"auto, (max-width: 800px) 100vw, 800px\" \/><\/div><div class=\"w-image-meta\"><div class=\"w-image-title\">Faze periodontalne bolesti.<\/div><div class=\"w-image-description\">Faze periodontalne bolesti.<\/div><\/div><\/div><div class=\"wpb_text_column\"><div class=\"wpb_wrapper\"><h2>Simptomi napredovalega parodontitisa<\/h2>\n<ul>\n<li style=\"font-weight: 400;\" aria-level=\"1\"><span style=\"font-weight: 400;\">Neprijeten zadah iz ust<\/span><\/li>\n<li style=\"font-weight: 400;\" aria-level=\"1\"><span style=\"font-weight: 400;\">Recesija dlesni &#8211; podalj\u0161evanje zobne krone<\/span><\/li>\n<li style=\"font-weight: 400;\" aria-level=\"1\"><span style=\"font-weight: 400;\">Pogosto vnetje in krvavitev dlesni<\/span><\/li>\n<li style=\"font-weight: 400;\" aria-level=\"1\"><span style=\"font-weight: 400;\">Parodontalni \u017eepi: izpostavljeni vratovi zobnih korenin in lo\u010ditev dlesni od zob<\/span><\/li>\n<li style=\"font-weight: 400;\" aria-level=\"1\"><span style=\"font-weight: 400;\">\u010crni prostori med zobmi<\/span><\/li>\n<li style=\"font-weight: 400;\" aria-level=\"1\"><span style=\"font-weight: 400;\">Mobilnost in izguba zob<\/span><\/li>\n<\/ul>\n<h2>Glavni vzrok parodontitisa: zobni kamen<\/h2>\n<p><span style=\"font-weight: 400;\">Glavni vzrok za bolezni dlesni so trde obloge na zobeh (zobni kamen).<\/span><\/p>\n<p><span style=\"font-weight: 400;\">\u010cez dan, le nekaj ur po umivanju zob, se na zobeh za\u010dnejo nabirati zobne obloge, mehka obloga. Zobne obloge so tanka plast beljakovin na povr\u0161ini zob, bakterij in ostankov hrane, njihova mineralizacija pa povzro\u010di nastanek zobnega kamna v 24 do 48 urah. <\/span><\/p>\n<h2>Drugi vzroki<\/h2>\n<p><span style=\"font-weight: 400;\">Poleg zobnih oblog in zobnega kamna obstaja tudi genetska osnova za razvoj parodontitisa.<\/span><\/p>\n<p><span style=\"font-weight: 400;\">K razvoju parodontitisa lahko prispevajo tudi nekatere sistemske bolezni (npr. sladkorna bolezen), zdravila (npr. kemoterapevtiki) in hormonske spremembe (npr. nose\u010dnost). Med nose\u010dnostjo je ve\u010dja nagnjenost k vnetju dlesni in s tem ve\u010dje tveganje za razvoj parodontitisa. Zato je med nose\u010dnostjo potrebno pogostej\u0161e profesionalno \u010di\u0161\u010denje zob.  <\/span><\/p>\n<h2>Nevarnosti parodontitisa<\/h2>\n<p><span style=\"font-weight: 400;\">Parodontitis je bolezen propadanja nosilnih struktur zob in resorpcije kosti, v kateri se zob nahaja v \u010deljusti, kar vodi do gibljivosti zoba in kasneje do njegove izgube.<\/span><\/p>\n<p><b>Ugotovljena je bila tudi povezava med parodontitisom in sr\u010dno-\u017eilnimi boleznimi, revmatoidnim artritisom in razli\u010dnimi avtoimunskimi boleznimi. Zaradi tega je parodontitis nevaren za splo\u0161no zdravje bolnika. <\/b><\/p>\n<\/div><\/div><div class=\"w-html\"><div class=\"jc-cta cta-prvi-pregled\">\n\t<p style=\"\">Pregled v polikliniki Apolonija rezervirajte prek telefonskega klica, WhatsAppa ali izpolnite kontaktni obrazec.<\/p>\n\t<a class=\"telefon w-btn us-btn-style_29 icon_atleft\" href=\"tel:+385 1 4883 800\"><i class=\"fas fa-phone-rotary\"><\/i><span class=\"w-btn-label\">+385 1 4883 800<\/span><\/a>\n\t<a class=\"whatsapp w-btn us-btn-style_29 icon_atleft\" href=\"https:\/\/wa.me\/385914883800\"><i class=\"fab fa-whatsapp\"><\/i><span class=\"w-btn-label\">+385 91 4883 800<\/span><\/a>\n\t<\/div><\/div><div class=\"wpb_text_column\"><div class=\"wpb_wrapper\"><h2 style=\"text-align: left;\">Kako se zdravi parodontitis?<\/h2>\n<p><b>V zobozdravstveni kliniki Apolonija uporabljamo evropske parodontolo\u0161ke protokole. Nana\u0161ajo se na oceno stadija bolezni ter individualni postopek zdravljenja in spremljanja. <\/b><\/p>\n<\/div><\/div><div class=\"w-image us_custom_267a561c align_none meta_simple\"><div class=\"w-image-h\"><img decoding=\"async\" width=\"768\" height=\"576\" src=\"https:\/\/www.apolonija.hr\/wp-content\/uploads\/2025\/03\/Stomatoloska-poliklinika-apolonija-Zagreb_struganje-korijena-parodontitis-768x576-1.jpg\" class=\"attachment-us_800_800 size-us_800_800\" alt=\"\" loading=\"lazy\" srcset=\"https:\/\/www.apolonija.hr\/wp-content\/uploads\/2025\/03\/Stomatoloska-poliklinika-apolonija-Zagreb_struganje-korijena-parodontitis-768x576-1.jpg 768w, https:\/\/www.apolonija.hr\/wp-content\/uploads\/2025\/03\/Stomatoloska-poliklinika-apolonija-Zagreb_struganje-korijena-parodontitis-768x576-1-450x338.jpg 450w\" sizes=\"auto, (max-width: 768px) 100vw, 768px\" \/><\/div><div class=\"w-image-meta\"><div class=\"w-image-title\">Stomatoloska-poliklinika-apolonija-Zagreb_struganje-korijena-parodontitis-768x576<\/div><div class=\"w-image-description\">Dubinsko \u010di\u0161\u0107enje zubnih korijenova.<\/div><\/div><\/div><div class=\"wpb_text_column\"><div class=\"wpb_wrapper\"><h2>Parodontalni protokol v Apolloniji<\/h2>\n<p><b>1) Profesionalno \u010di\u0161\u010denje zobnega kamna in izobra\u017eevanje pacientov<\/b><\/p>\n<p><b>2) Vzdr\u017eevanje ustne higiene v skladu s parodontalnim protokolom<\/b><\/p>\n<ul>\n<li style=\"font-weight: 400;\" aria-level=\"1\"><span style=\"font-weight: 400;\">Rednost in vztrajnost pri vzdr\u017eevanju higiene v boju proti parodontalni bolezni sta prednostna naloga  <\/span><\/li>\n<li style=\"font-weight: 400;\" aria-level=\"1\"><span style=\"font-weight: 400;\">Zobe si je treba umivati \u200b\u200bdva do trikrat na dan, za dolo\u010dena te\u017eko dostopna mesta pa uporabljati zobno nitko in medzobno \u0161\u010detko.<\/span><\/li>\n<li style=\"font-weight: 400;\" aria-level=\"1\"><span style=\"font-weight: 400;\">Na\u0161i zobozdravniki vam bodo podrobno razlo\u017eili protokol ustne higiene.<\/span><\/li>\n<\/ul>\n<p><b>2) Za\u010detna parodontalna terapija<\/b><\/p>\n<ul>\n<li style=\"font-weight: 400;\" aria-level=\"1\"><span style=\"font-weight: 400;\">Izvaja se v lokalni anesteziji, vklju\u010duje globinsko \u010di\u0161\u010denje parodontalnih \u017eepov in stimulacijo njihovega zapiranja.<\/span><\/li>\n<li style=\"font-weight: 400;\" aria-level=\"1\"><span style=\"font-weight: 400;\">vklju\u010duje odstranitev retencijskih obmo\u010dij okoli zalivk, kjer se zadr\u017eujejo zobne obloge, zobni kamen in bakterije<\/span><\/li>\n<li style=\"font-weight: 400;\" aria-level=\"1\"><span style=\"font-weight: 400;\">Za\u010detna parodontalna terapija bo omogo\u010dila za\u010detek celjenja tkiva.<\/span><\/li>\n<\/ul>\n<p><b>3) Nadzor pare<\/b><\/p>\n<ul>\n<li style=\"font-weight: 400;\" aria-level=\"1\"><span style=\"font-weight: 400;\">nekaj dni po za\u010detnem parodontalnem zdravljenju<\/span><\/li>\n<li style=\"font-weight: 400;\" aria-level=\"1\"><span style=\"font-weight: 400;\">dodatno \u010di\u0161\u010denje in odstranitev aktivnega vnetja dlesni<\/span><\/li>\n<\/ul>\n<p><b>4) Restavriranje zob in proteti\u010dni nadomestki<\/b><\/p>\n<ul>\n<li style=\"font-weight: 400;\" aria-level=\"1\"><span style=\"font-weight: 400;\">po potrebi se zamenjajo neustrezne zalivke ali krone<\/span><\/li>\n<li style=\"font-weight: 400;\" aria-level=\"1\"><span style=\"font-weight: 400;\">Odstraniti je treba vsa mesta, kjer se zadr\u017eujejo bakterije  <\/span><\/li>\n<\/ul>\n<p><b>5) Spremljanje po za\u010detnem zdravljenju<\/b><\/p>\n<ul>\n<li style=\"font-weight: 400;\" aria-level=\"1\"><span style=\"font-weight: 400;\">Pacient, ki je v parodontalnem protokolu, je 4-krat letno naro\u010den na zobozdravstvene preglede, kjer se redno odstranjujejo nove obloge zobnega kamna in zdravijo podro\u010dja, kjer je vnetje \u0161e vedno prisotno.<\/span><\/li>\n<li style=\"font-weight: 400;\" aria-level=\"1\"><span style=\"font-weight: 400;\">Dolgotrajna vztrajnost je pomembna za zdravljenje ali nadzor parodontitisa.<\/span><\/li>\n<li style=\"font-weight: 400;\" aria-level=\"1\"><span style=\"font-weight: 400;\">Ker nekateri bolniki s\u010dasoma za\u010dnejo ignorirati nasvete in verjamejo, da je bolezen za vedno izginila, smo razvili sistem za spremljanje in izmenjavo informacij s bolniki.<\/span><\/li>\n<li style=\"font-weight: 400;\" aria-level=\"1\"><span style=\"font-weight: 400;\">Na\u0161 sistem in protokol zato vodita do uspe\u0161nih rezultatov pri zdravljenju parodontitisa.<\/span><\/li>\n<\/ul>\n<\/div><\/div><div class=\"w-html\"><div class=\"jc-cta cta-prvi-pregled\">\n\t<p style=\"\">Pregled v polikliniki Apolonija rezervirajte prek telefonskega klica, WhatsAppa ali izpolnite kontaktni obrazec.<\/p>\n\t<a class=\"telefon w-btn us-btn-style_29 icon_atleft\" href=\"tel:+385 1 4883 800\"><i class=\"fas fa-phone-rotary\"><\/i><span class=\"w-btn-label\">+385 1 4883 800<\/span><\/a>\n\t<a class=\"whatsapp w-btn us-btn-style_29 icon_atleft\" href=\"https:\/\/wa.me\/385914883800\"><i class=\"fab fa-whatsapp\"><\/i><span class=\"w-btn-label\">+385 91 4883 800<\/span><\/a>\n\t<\/div><\/div><div class=\"wpb_text_column\"><div class=\"wpb_wrapper\"><h2>Regenerativna terapija \u010deljustne kosti<\/h2>\n<p><span style=\"font-weight: 400;\">V nekaterih primerih se za zdravljenje napredovalega parodontitisa uporablja regenerativna terapija.  <\/span><span style=\"font-weight: 400;\">Gre za metodo vodene regeneracije kosti z uporabo parodontalnih membran. Pogosto se uporabljajo tudi materiali za nadome\u0161\u010danje kosti.   <\/span><span style=\"font-weight: 400;\">Regeneracijo spodbujamo z uporabo krvnega derivata plazme, bogate z rastnimi faktorji: PRGF-Endoret.<\/span> <span style=\"font-weight: 400;\">Ve\u010d o vodeni regeneraciji kosti si lahko preberete <a href=\"https:\/\/www.apolonija.hr\/zubni-portal\/popravite-i-izljecite-zube\/regeneracija-kosti\/\"><strong>tukaj.<\/strong><\/a><\/span><\/p>\n<h2>Kaj pa, \u010de ste zaradi parodontitisa izgubili ve\u010dino zob?<\/h2>\n<h4>Vse na 4: mosti\u010dek na zobnih vsadkih<\/h4>\n<p><span style=\"font-weight: 400;\">V primerih zelo napredovalega parodontitisa bo potrebno izpuliti zobe in odstraniti vire oku\u017ebe, kar bo pacientu zagotovilo nove zobe in nov nasmeh.<\/span><\/p>\n<p>Eden glavnih namenov <span style=\"font-weight: 400;\">zobnega mostu<\/span> <strong><a href=\"https:\/\/www.apolonija.hr\/zubni-implantati\/all-on-4-most-na-implantatima\/\">All-on-4<\/a><\/strong> <span style=\"font-weight: 400;\">je pomagati popolnoma brezzobim pacientom.<\/span><span style=\"font-weight: 400;\"><br \/><\/span> <span style=\"font-weight: 400;\">All-on-4 je idealna re\u0161itev za obnovo izgubljenih zob pri pacientih s parodontalno boleznijo.<\/span><span style=\"font-weight: 400;\"><br \/><\/span> <span style=\"font-weight: 400;\">Ve\u010d o zobnem mosti\u010dku All-on-4 izveste na na\u0161i spletni strani<\/span> <a href=\"https:\/\/www.apolonija.hr\/zubni-implantati\/all-on-4-most-na-implantatima\/\"><b>\u00bbAll-on-4, zobni mosti\u010dek na vsadkih\u00ab<\/b><\/a> <b>.<\/b><\/p>\n<\/div><\/div><div class=\"w-html\"><div class=\"jc-cta cta-prvi-pregled\">\n\t<p style=\"\">Pregled v polikliniki Apolonija rezervirajte prek telefonskega klica, WhatsAppa ali izpolnite kontaktni obrazec.<\/p>\n\t<a class=\"telefon w-btn us-btn-style_29 icon_atleft\" href=\"tel:+385 1 4883 800\"><i class=\"fas fa-phone-rotary\"><\/i><span class=\"w-btn-label\">+385 1 4883 800<\/span><\/a>\n\t<a class=\"whatsapp w-btn us-btn-style_29 icon_atleft\" href=\"https:\/\/wa.me\/385914883800\"><i class=\"fab fa-whatsapp\"><\/i><span class=\"w-btn-label\">+385 91 4883 800<\/span><\/a>\n\t<\/div><\/div><\/div><\/div><\/div><\/div><\/section>\n","protected":false},"excerpt":{"rendered":"<p>Parodontitis je, takoj za kariesom, najpogostej\u0161a bolezen ustne votline, ki povzro\u010da izgubo zob. Zato je zelo pomembno, da se seznanimo s simptomi parodontitisa, da ga lahko pravo\u010dasno zdravimo. <\/p>\n","protected":false},"author":15,"featured_media":0,"parent":20889,"menu_order":0,"comment_status":"closed","ping_status":"closed","template":"","meta":{"_acf_changed":false,"footnotes":""},"class_list":["post-20914","page","type-page","status-publish","hentry"],"acf":[],"yoast_head":"<!-- This site is optimized with the Yoast SEO plugin v27.5 - https:\/\/yoast.com\/product\/yoast-seo-wordpress\/ -->\n<title>Zdravljenje parodontitisa - Stomatolo\u0161ka poliklinika Apolonija<\/title>\n<meta name=\"description\" content=\"Parodontitis je, takoj za kariesom, najpogostej\u0161a bolezen, ki povzro\u010da izgubo zob. Zato je zelo pomembno poznati simptome parodontitisa. Izvedite ve\u010d!\" \/>\n<meta name=\"robots\" content=\"index, follow, max-snippet:-1, max-image-preview:large, max-video-preview:-1\" \/>\n<link rel=\"canonical\" href=\"https:\/\/www.apolonija.hr\/sl\/zobozdravstveno-zdravljenje\/zdravljenje-parodontitisa\/\" \/>\n<meta property=\"og:locale\" content=\"sl_SI\" \/>\n<meta property=\"og:type\" content=\"article\" \/>\n<meta property=\"og:title\" content=\"Zdravljenje parodontitisa - Stomatolo\u0161ka poliklinika Apolonija\" \/>\n<meta property=\"og:description\" content=\"Parodontitis je, takoj za kariesom, najpogostej\u0161a bolezen, ki povzro\u010da izgubo zob. Zato je zelo pomembno poznati simptome parodontitisa. Izvedite ve\u010d!\" \/>\n<meta property=\"og:url\" content=\"https:\/\/www.apolonija.hr\/sl\/zobozdravstveno-zdravljenje\/zdravljenje-parodontitisa\/\" \/>\n<meta property=\"og:site_name\" content=\"Stomatolo\u0161ka poliklinika Apolonija\" \/>\n<meta property=\"article:publisher\" content=\"https:\/\/www.facebook.com\/SPApolonija\/\" \/>\n<meta property=\"article:modified_time\" content=\"2025-05-08T22:54:56+00:00\" \/>\n<meta name=\"twitter:card\" content=\"summary_large_image\" \/>\n<meta name=\"twitter:label1\" content=\"Est. reading time\" \/>\n\t<meta name=\"twitter:data1\" content=\"5 minut\" \/>\n<script type=\"application\/ld+json\" class=\"yoast-schema-graph\">{\"@context\":\"https:\\\/\\\/schema.org\",\"@graph\":[{\"@type\":\"WebPage\",\"@id\":\"https:\\\/\\\/www.apolonija.hr\\\/sl\\\/zobozdravstveno-zdravljenje\\\/zdravljenje-parodontitisa\\\/\",\"url\":\"https:\\\/\\\/www.apolonija.hr\\\/sl\\\/zobozdravstveno-zdravljenje\\\/zdravljenje-parodontitisa\\\/\",\"name\":\"Zdravljenje parodontitisa - Stomatolo\u0161ka poliklinika Apolonija\",\"isPartOf\":{\"@id\":\"https:\\\/\\\/www.apolonija.hr\\\/sl\\\/#website\"},\"datePublished\":\"2020-04-04T21:03:18+00:00\",\"dateModified\":\"2025-05-08T22:54:56+00:00\",\"description\":\"Parodontitis je, takoj za kariesom, najpogostej\u0161a bolezen, ki povzro\u010da izgubo zob. Zato je zelo pomembno poznati simptome parodontitisa. Izvedite ve\u010d!\",\"breadcrumb\":{\"@id\":\"https:\\\/\\\/www.apolonija.hr\\\/sl\\\/zobozdravstveno-zdravljenje\\\/zdravljenje-parodontitisa\\\/#breadcrumb\"},\"inLanguage\":\"sl-SI\",\"potentialAction\":[{\"@type\":\"ReadAction\",\"target\":[\"https:\\\/\\\/www.apolonija.hr\\\/sl\\\/zobozdravstveno-zdravljenje\\\/zdravljenje-parodontitisa\\\/\"]}]},{\"@type\":\"BreadcrumbList\",\"@id\":\"https:\\\/\\\/www.apolonija.hr\\\/sl\\\/zobozdravstveno-zdravljenje\\\/zdravljenje-parodontitisa\\\/#breadcrumb\",\"itemListElement\":[{\"@type\":\"ListItem\",\"position\":1,\"name\":\"Apolonija\",\"item\":\"https:\\\/\\\/www.apolonija.hr\\\/sl\\\/apolonija\\\/\"},{\"@type\":\"ListItem\",\"position\":2,\"name\":\"Zobozdravstveno zdravljenje\",\"item\":\"https:\\\/\\\/www.apolonija.hr\\\/sl\\\/zobozdravstveno-zdravljenje\\\/\"},{\"@type\":\"ListItem\",\"position\":3,\"name\":\"Zdravljenje parodontitisa\"}]},{\"@type\":\"WebSite\",\"@id\":\"https:\\\/\\\/www.apolonija.hr\\\/sl\\\/#website\",\"url\":\"https:\\\/\\\/www.apolonija.hr\\\/sl\\\/\",\"name\":\"Stomatolo\u0161ka poliklinika Apolonija\",\"description\":\"\u017divljenje, polno nasmehov\",\"publisher\":{\"@id\":\"https:\\\/\\\/www.apolonija.hr\\\/sl\\\/#organization\"},\"potentialAction\":[{\"@type\":\"SearchAction\",\"target\":{\"@type\":\"EntryPoint\",\"urlTemplate\":\"https:\\\/\\\/www.apolonija.hr\\\/sl\\\/?s={search_term_string}\"},\"query-input\":{\"@type\":\"PropertyValueSpecification\",\"valueRequired\":true,\"valueName\":\"search_term_string\"}}],\"inLanguage\":\"sl-SI\"},{\"@type\":\"Organization\",\"@id\":\"https:\\\/\\\/www.apolonija.hr\\\/sl\\\/#organization\",\"name\":\"Stomatolo\u0161ka poliklinika Apolonija\",\"url\":\"https:\\\/\\\/www.apolonija.hr\\\/sl\\\/\",\"logo\":{\"@type\":\"ImageObject\",\"inLanguage\":\"sl-SI\",\"@id\":\"https:\\\/\\\/www.apolonija.hr\\\/sl\\\/#\\\/schema\\\/logo\\\/image\\\/\",\"url\":\"https:\\\/\\\/www.apolonija.hr\\\/wp-content\\\/uploads\\\/2019\\\/10\\\/logo-1.png\",\"contentUrl\":\"https:\\\/\\\/www.apolonija.hr\\\/wp-content\\\/uploads\\\/2019\\\/10\\\/logo-1.png\",\"width\":500,\"height\":140,\"caption\":\"Stomatolo\u0161ka poliklinika Apolonija\"},\"image\":{\"@id\":\"https:\\\/\\\/www.apolonija.hr\\\/sl\\\/#\\\/schema\\\/logo\\\/image\\\/\"},\"sameAs\":[\"https:\\\/\\\/www.facebook.com\\\/SPApolonija\\\/\",\"https:\\\/\\\/www.instagram.com\\\/poliklinikaapolonija\\\/\",\"https:\\\/\\\/www.linkedin.com\\\/company\\\/stomatolo\u0161ka-poliklinika-apolonija\\\/\",\"https:\\\/\\\/www.tiktok.com\\\/@poliklinikaapolonija\"]}]}<\/script>\n<!-- \/ Yoast SEO plugin. -->","yoast_head_json":{"title":"Zdravljenje parodontitisa - Stomatolo\u0161ka poliklinika Apolonija","description":"Parodontitis je, takoj za kariesom, najpogostej\u0161a bolezen, ki povzro\u010da izgubo zob. Zato je zelo pomembno poznati simptome parodontitisa. Izvedite ve\u010d!","robots":{"index":"index","follow":"follow","max-snippet":"max-snippet:-1","max-image-preview":"max-image-preview:large","max-video-preview":"max-video-preview:-1"},"canonical":"https:\/\/www.apolonija.hr\/sl\/zobozdravstveno-zdravljenje\/zdravljenje-parodontitisa\/","og_locale":"sl_SI","og_type":"article","og_title":"Zdravljenje parodontitisa - Stomatolo\u0161ka poliklinika Apolonija","og_description":"Parodontitis je, takoj za kariesom, najpogostej\u0161a bolezen, ki povzro\u010da izgubo zob. Zato je zelo pomembno poznati simptome parodontitisa. Izvedite ve\u010d!","og_url":"https:\/\/www.apolonija.hr\/sl\/zobozdravstveno-zdravljenje\/zdravljenje-parodontitisa\/","og_site_name":"Stomatolo\u0161ka poliklinika Apolonija","article_publisher":"https:\/\/www.facebook.com\/SPApolonija\/","article_modified_time":"2025-05-08T22:54:56+00:00","twitter_card":"summary_large_image","twitter_misc":{"Est. reading time":"5 minut"},"schema":{"@context":"https:\/\/schema.org","@graph":[{"@type":"WebPage","@id":"https:\/\/www.apolonija.hr\/sl\/zobozdravstveno-zdravljenje\/zdravljenje-parodontitisa\/","url":"https:\/\/www.apolonija.hr\/sl\/zobozdravstveno-zdravljenje\/zdravljenje-parodontitisa\/","name":"Zdravljenje parodontitisa - Stomatolo\u0161ka poliklinika Apolonija","isPartOf":{"@id":"https:\/\/www.apolonija.hr\/sl\/#website"},"datePublished":"2020-04-04T21:03:18+00:00","dateModified":"2025-05-08T22:54:56+00:00","description":"Parodontitis je, takoj za kariesom, najpogostej\u0161a bolezen, ki povzro\u010da izgubo zob. Zato je zelo pomembno poznati simptome parodontitisa. Izvedite ve\u010d!","breadcrumb":{"@id":"https:\/\/www.apolonija.hr\/sl\/zobozdravstveno-zdravljenje\/zdravljenje-parodontitisa\/#breadcrumb"},"inLanguage":"sl-SI","potentialAction":[{"@type":"ReadAction","target":["https:\/\/www.apolonija.hr\/sl\/zobozdravstveno-zdravljenje\/zdravljenje-parodontitisa\/"]}]},{"@type":"BreadcrumbList","@id":"https:\/\/www.apolonija.hr\/sl\/zobozdravstveno-zdravljenje\/zdravljenje-parodontitisa\/#breadcrumb","itemListElement":[{"@type":"ListItem","position":1,"name":"Apolonija","item":"https:\/\/www.apolonija.hr\/sl\/apolonija\/"},{"@type":"ListItem","position":2,"name":"Zobozdravstveno zdravljenje","item":"https:\/\/www.apolonija.hr\/sl\/zobozdravstveno-zdravljenje\/"},{"@type":"ListItem","position":3,"name":"Zdravljenje parodontitisa"}]},{"@type":"WebSite","@id":"https:\/\/www.apolonija.hr\/sl\/#website","url":"https:\/\/www.apolonija.hr\/sl\/","name":"Stomatolo\u0161ka poliklinika Apolonija","description":"\u017divljenje, polno nasmehov","publisher":{"@id":"https:\/\/www.apolonija.hr\/sl\/#organization"},"potentialAction":[{"@type":"SearchAction","target":{"@type":"EntryPoint","urlTemplate":"https:\/\/www.apolonija.hr\/sl\/?s={search_term_string}"},"query-input":{"@type":"PropertyValueSpecification","valueRequired":true,"valueName":"search_term_string"}}],"inLanguage":"sl-SI"},{"@type":"Organization","@id":"https:\/\/www.apolonija.hr\/sl\/#organization","name":"Stomatolo\u0161ka poliklinika Apolonija","url":"https:\/\/www.apolonija.hr\/sl\/","logo":{"@type":"ImageObject","inLanguage":"sl-SI","@id":"https:\/\/www.apolonija.hr\/sl\/#\/schema\/logo\/image\/","url":"https:\/\/www.apolonija.hr\/wp-content\/uploads\/2019\/10\/logo-1.png","contentUrl":"https:\/\/www.apolonija.hr\/wp-content\/uploads\/2019\/10\/logo-1.png","width":500,"height":140,"caption":"Stomatolo\u0161ka poliklinika Apolonija"},"image":{"@id":"https:\/\/www.apolonija.hr\/sl\/#\/schema\/logo\/image\/"},"sameAs":["https:\/\/www.facebook.com\/SPApolonija\/","https:\/\/www.instagram.com\/poliklinikaapolonija\/","https:\/\/www.linkedin.com\/company\/stomatolo\u0161ka-poliklinika-apolonija\/","https:\/\/www.tiktok.com\/@poliklinikaapolonija"]}]}},"_links":{"self":[{"href":"https:\/\/www.apolonija.hr\/sl\/wp-json\/wp\/v2\/pages\/20914","targetHints":{"allow":["GET"]}}],"collection":[{"href":"https:\/\/www.apolonija.hr\/sl\/wp-json\/wp\/v2\/pages"}],"about":[{"href":"https:\/\/www.apolonija.hr\/sl\/wp-json\/wp\/v2\/types\/page"}],"author":[{"embeddable":true,"href":"https:\/\/www.apolonija.hr\/sl\/wp-json\/wp\/v2\/users\/15"}],"replies":[{"embeddable":true,"href":"https:\/\/www.apolonija.hr\/sl\/wp-json\/wp\/v2\/comments?post=20914"}],"version-history":[{"count":9,"href":"https:\/\/www.apolonija.hr\/sl\/wp-json\/wp\/v2\/pages\/20914\/revisions"}],"predecessor-version":[{"id":20963,"href":"https:\/\/www.apolonija.hr\/sl\/wp-json\/wp\/v2\/pages\/20914\/revisions\/20963"}],"up":[{"embeddable":true,"href":"https:\/\/www.apolonija.hr\/sl\/wp-json\/wp\/v2\/pages\/20889"}],"wp:attachment":[{"href":"https:\/\/www.apolonija.hr\/sl\/wp-json\/wp\/v2\/media?parent=20914"}],"curies":[{"name":"wp","href":"https:\/\/api.w.org\/{rel}","templated":true}]}}