{"id":20920,"date":"2020-04-02T00:34:00","date_gmt":"2020-04-01T22:34:00","guid":{"rendered":"https:\/\/www.apolonija.hr\/lepsi-nasmeh\/profesionalno-ciscenje-zob\/"},"modified":"2025-07-14T09:11:35","modified_gmt":"2025-07-14T07:11:35","slug":"profesionalno-ciscenje-zob","status":"publish","type":"page","link":"https:\/\/www.apolonija.hr\/sl\/lepsi-nasmeh\/profesionalno-ciscenje-zob\/","title":{"rendered":"Profesionalno \u010di\u0161\u010denje zob"},"content":{"rendered":"<section class=\"l-section wpb_row height_small\"><div class=\"l-section-h i-cf\"><div class=\"g-cols vc_row via_grid cols_1 laptops-cols_inherit tablets-cols_inherit mobiles-cols_1 valign_top type_default stacking_default\"><div class=\"wpb_column vc_column_container\"><div class=\"vc_column-inner\"><div class=\"wpb_text_column\"><div class=\"wpb_wrapper\"><p>&#13;<\/p>\n<p class=\"intro\"><span style=\"font-weight: 400;\">Prepre\u010devanje je klju\u010d do zdravih zob, \u010di\u0161\u010denje zob pred trdovratnimi zobnimi oblogami pa je najpreprostej\u0161i korak, ki ga lahko naredite. To je tudi eden od na\u010dinov, kako polep\u0161ati svoj nasmeh.   <\/span><\/p>\n<p>&#13;<br \/>\n&#13;<\/p>\n<h2 class=\"wp-block-heading\" id=\"kamenac\">Kaj je zobni kamen in zakaj ga je treba \u010distiti?<\/h2>\n<p>&#13;<br \/>\n&#13;<\/p>\n<p><span style=\"font-weight: 400;\">Zobni kamen je na zobeh pogosto neviden.  <\/span><\/p>\n<p>&#13;<\/p>\n<p><span style=\"font-weight: 400;\">Na zobeh je stalna prozorna plast, ki jo sestavljajo beljakovine sline ter razli\u010dne ne\u010disto\u010de, ostanki hrane in bakterije. Temu pravimo prozorna, enostavno odstranljiva plast   <\/span><i><span style=\"font-weight: 400;\">plak<\/span><\/i><span style=\"font-weight: 400;\">. Redno \u0161\u010detkanje in uporaba zobne nitke bosta zlahka odstranila zobne obloge.  <\/span><\/p>\n<p>&#13;<\/p>\n<p><span style=\"font-weight: 400;\">\u010ce si zob ne umivamo redno in \u010de ne umivamo vseh povr\u0161in zob, tudi skritih, se bodo zobne obloge mineralizirale, tj. strdile v trdno maso. Ta trdovratna obloga je zobni kamen.  <\/span><\/p>\n<p>&#13;<br \/>\n&#13;<\/p>\n<figure class=\"wp-block-image size-large\"><img decoding=\"async\" width=\"1024\" height=\"340\" class=\"wp-image-7386\" title=\"Zobna poliklinika Apolonija, center Zagreb: nakopi&#x10D;en zobni kamen, pred in po &#x10D;i&#x161;&#x10D;enju.\" src=\"https:\/\/www.apolonija.hr\/wp-content\/uploads\/2020\/06\/Apolonija-stomatolog-zagreb-centar_zubni-kamenac-prije-poslije-1024x340.jpg\" alt=\"Zobna poliklinika Apolonija, center Zagreb: nakopi&#x10D;en zobni kamen, pred in po &#x10D;i&#x161;&#x10D;enju.\" srcset=\"https:\/\/www.apolonija.hr\/wp-content\/uploads\/2020\/06\/Apolonija-stomatolog-zagreb-centar_zubni-kamenac-prije-poslije-1024x340.jpg 1024w, https:\/\/www.apolonija.hr\/wp-content\/uploads\/2020\/06\/Apolonija-stomatolog-zagreb-centar_zubni-kamenac-prije-poslije-450x149.jpg 450w, https:\/\/www.apolonija.hr\/wp-content\/uploads\/2020\/06\/Apolonija-stomatolog-zagreb-centar_zubni-kamenac-prije-poslije-768x255.jpg 768w, https:\/\/www.apolonija.hr\/wp-content\/uploads\/2020\/06\/Apolonija-stomatolog-zagreb-centar_zubni-kamenac-prije-poslije-600x199.jpg 600w, https:\/\/www.apolonija.hr\/wp-content\/uploads\/2020\/06\/Apolonija-stomatolog-zagreb-centar_zubni-kamenac-prije-poslije.jpg 1200w\" sizes=\"(max-width: 1024px) 100vw, 1024px\" \/>&#13;<figcaption>Odstranjevanje zobnega kamna, pred in po.<\/figcaption>&#13;<br \/>\n<\/figure>\n<p>&#13;<br \/>\n&#13;<\/p>\n<p>\u00a0<\/p>\n<p>&#13;<\/p>\n<p><span style=\"font-weight: 400;\"><strong>Niste sigurni treba li Vam \u010di\u0161\u0107enje zubnog kamenca?<\/strong> Budite sigurni da svakome treba ve\u0107 3-4 mjeseca nakon zadnjeg \u010di\u0161\u0107enja kamenca kod stomatologa.<\/span><\/p>\n<p>&#13;<\/p>\n<h2 class=\"wp-block-heading\"><strong>Zdravstvena nevarnost zobnega kamna<\/strong><\/h2>\n<p>&#13;<br \/>\n&#13;<\/p>\n<p><span style=\"font-weight: 400;\">Zaradi svoje sestave je zobni kamen ugodno okolje za razvoj bakterij. Prisotnost zobnega kamna je nenehno dra\u017eenje dlesni, kar na koncu vodi v njeno vnetje. Zobni kamen tako prispeva k razvoju bolezni dlesni, kot sta gingivitis in parodontitis. Medtem ko je gingivitis znak blagega vnetja dlesni, je parodontitis kroni\u010dna bolezen, ki pri mnogih ljudeh danes vodi do hude izgube zob.   <\/span><\/p>\n<p>&#13;<br \/>\n&#13;<\/p>\n<h2 class=\"wp-block-heading\">Ali lahko sami odstranite zobni kamen?<\/h2>\n<p>&#13;<br \/>\n&#13;<\/p>\n<p><span style=\"font-weight: 400;\">\u010ceprav se mnogi ljudje navadijo na zobni kamen, ni dvoma, da gre za \u0161kodljiv pojav, ki ga je treba odstraniti. Zobnega kamna ni mogo\u010de odstraniti z ve\u010djim pritiskom z zobno \u0161\u010detko, zobno nitko ali zobotrebcem. Ko se zobni kamen strdi, ga je mogo\u010de odstraniti le z zobozdravstveno opremo.  <\/span><\/p>\n<p>&#13;<br \/>\n&#13;<\/p>\n<figure class=\"wp-block-image size-large\"><img decoding=\"async\" width=\"1024\" height=\"768\" class=\"wp-image-7387\" title=\"Zobna klinika Apolonija, center Zagreb: &#x10D;i&#x161;&#x10D;enje zobnega kamna z ultrazvo&#x10D;nim &#x10D;istilcem.\" src=\"https:\/\/www.apolonija.hr\/wp-content\/uploads\/2020\/06\/Apolonija-stomatolog-zagreb-centar_ciscenje-zubnog-kamenca-ultrazvuk-1024x768.jpg\" alt=\"Zobna klinika Apolonija, center Zagreb: &#x10D;i&#x161;&#x10D;enje zobnega kamna z ultrazvo&#x10D;nim &#x10D;istilcem.\" srcset=\"https:\/\/www.apolonija.hr\/wp-content\/uploads\/2020\/06\/Apolonija-stomatolog-zagreb-centar_ciscenje-zubnog-kamenca-ultrazvuk-1024x768.jpg 1024w, https:\/\/www.apolonija.hr\/wp-content\/uploads\/2020\/06\/Apolonija-stomatolog-zagreb-centar_ciscenje-zubnog-kamenca-ultrazvuk-450x338.jpg 450w, https:\/\/www.apolonija.hr\/wp-content\/uploads\/2020\/06\/Apolonija-stomatolog-zagreb-centar_ciscenje-zubnog-kamenca-ultrazvuk-768x576.jpg 768w, https:\/\/www.apolonija.hr\/wp-content\/uploads\/2020\/06\/Apolonija-stomatolog-zagreb-centar_ciscenje-zubnog-kamenca-ultrazvuk-600x450.jpg 600w, https:\/\/www.apolonija.hr\/wp-content\/uploads\/2020\/06\/Apolonija-stomatolog-zagreb-centar_ciscenje-zubnog-kamenca-ultrazvuk.jpg 1200w\" sizes=\"(max-width: 1024px) 100vw, 1024px\" \/>&#13;<figcaption>\u010ci\u0161\u010denje zobnega kamna z ultrazvo\u010dnim \u010distilcem.<\/figcaption>&#13;<br \/>\n<\/figure>\n<p>&#13;<\/p>\n<div class=\"post-cta-large-wrapper\">\n<h2 class=\"post-cta-large-heading\"><strong>Prevencija je klju\u010d zdravih zuba, a profesionalno \u010di\u0161\u0107enje prvi korak koji mo\u017eete poduzeti.<\/strong><\/h2>\n<p class=\"post-cta-large-text\"><span style=\"font-weight: 400;\">Imate li dodatnih pitanja slobodno nas kontaktirajte, ili dogovorite termin za profesionalno \u010di\u0161\u0107enje.<\/span><\/p>\n<div class=\"cta-buttons-wrapper\"><a class=\"post-cta-large-button\" href=\"tel:+38514883800\"> Nazovite nas <\/a> <a class=\"post-cta-large-button\" href=\"https:\/\/www.apolonija.hr\/kontakt\/\"> Po\u0161aljite pitanje <\/a><\/div>\n<\/div>\n<div class=\"post-cta-large-wrapper1\">\n<p><span style=\"font-weight: 400;\">Verjamemo, da bi morala biti preventiva dostopna vsem, zato smo ceno naredili \u010dim bolj dostopno.  <strong>Cena profesionalnega \u010di\u0161\u010denja zobnega kamna zna\u0161a 60 \u20ac.<\/strong>  Nalo\u017ebe danes pomenijo bolj zdrave zobe jutri \u2013 brez bole\u010din, brez zapletov, brez nepotrebnih stro\u0161kov.<\/span><\/p>\n<\/div>\n<figure class=\"wp-block-image size-large\"><\/figure>\n<\/div><\/div><\/div><\/div><\/div><\/div><\/section>\n","protected":false},"excerpt":{"rendered":"<p>Eden najpreprostej\u0161ih na\u010dinov za lep\u0161i nasmeh je profesionalno \u010di\u0161\u010denje zob, ki vklju\u010duje odstranjevanje zobnega kamna, peskanje in poliranje zob. Zahvaljujo\u010d temeljitemu \u010di\u0161\u010denju lahko zobje postanejo do dva odtenka beli. <\/p>\n","protected":false},"author":15,"featured_media":0,"parent":20880,"menu_order":6,"comment_status":"closed","ping_status":"closed","template":"","meta":{"_acf_changed":false,"footnotes":""},"class_list":["post-20920","page","type-page","status-publish","hentry"],"acf":[],"yoast_head":"<!-- This site is optimized with the Yoast SEO plugin v27.5 - https:\/\/yoast.com\/product\/yoast-seo-wordpress\/ -->\n<title>Profesionalno \u010di\u0161\u010denje zob - Stomatolo\u0161ka poliklinika Apolonija<\/title>\n<meta name=\"description\" content=\"Eden najpreprostej\u0161ih na\u010dinov za lep\u0161i nasmeh je profesionalno \u010di\u0161\u010denje, peskanje in poliranje zob. Izvedite ve\u010d!\" \/>\n<meta name=\"robots\" content=\"index, follow, max-snippet:-1, max-image-preview:large, max-video-preview:-1\" \/>\n<link rel=\"canonical\" href=\"https:\/\/www.apolonija.hr\/sl\/lepsi-nasmeh\/profesionalno-ciscenje-zob\/\" \/>\n<meta property=\"og:locale\" content=\"sl_SI\" \/>\n<meta property=\"og:type\" content=\"article\" \/>\n<meta property=\"og:title\" content=\"Profesionalno \u010di\u0161\u010denje zob - Stomatolo\u0161ka poliklinika Apolonija\" \/>\n<meta property=\"og:description\" content=\"Eden najpreprostej\u0161ih na\u010dinov za lep\u0161i nasmeh je profesionalno \u010di\u0161\u010denje, peskanje in poliranje zob. Izvedite ve\u010d!\" \/>\n<meta property=\"og:url\" content=\"https:\/\/www.apolonija.hr\/sl\/lepsi-nasmeh\/profesionalno-ciscenje-zob\/\" \/>\n<meta property=\"og:site_name\" content=\"Stomatolo\u0161ka poliklinika Apolonija\" \/>\n<meta property=\"article:publisher\" content=\"https:\/\/www.facebook.com\/SPApolonija\/\" \/>\n<meta property=\"article:modified_time\" content=\"2025-07-14T07:11:35+00:00\" \/>\n<meta property=\"og:image\" content=\"https:\/\/www.apolonija.hr\/wp-content\/uploads\/2020\/06\/Apolonija-stomatolog-zagreb-centar_zubni-kamenac-prije-poslije.jpg\" \/>\n\t<meta property=\"og:image:width\" content=\"1200\" \/>\n\t<meta property=\"og:image:height\" content=\"398\" \/>\n\t<meta property=\"og:image:type\" content=\"image\/jpeg\" \/>\n<meta name=\"twitter:card\" content=\"summary_large_image\" \/>\n<meta name=\"twitter:label1\" content=\"Est. reading time\" \/>\n\t<meta name=\"twitter:data1\" content=\"2 minuti\" \/>\n<script type=\"application\/ld+json\" class=\"yoast-schema-graph\">{\"@context\":\"https:\\\/\\\/schema.org\",\"@graph\":[{\"@type\":\"WebPage\",\"@id\":\"https:\\\/\\\/www.apolonija.hr\\\/sl\\\/lepsi-nasmeh\\\/profesionalno-ciscenje-zob\\\/\",\"url\":\"https:\\\/\\\/www.apolonija.hr\\\/sl\\\/lepsi-nasmeh\\\/profesionalno-ciscenje-zob\\\/\",\"name\":\"Profesionalno \u010di\u0161\u010denje zob - Stomatolo\u0161ka poliklinika Apolonija\",\"isPartOf\":{\"@id\":\"https:\\\/\\\/www.apolonija.hr\\\/sl\\\/#website\"},\"primaryImageOfPage\":{\"@id\":\"https:\\\/\\\/www.apolonija.hr\\\/sl\\\/lepsi-nasmeh\\\/profesionalno-ciscenje-zob\\\/#primaryimage\"},\"image\":{\"@id\":\"https:\\\/\\\/www.apolonija.hr\\\/sl\\\/lepsi-nasmeh\\\/profesionalno-ciscenje-zob\\\/#primaryimage\"},\"thumbnailUrl\":\"https:\\\/\\\/www.apolonija.hr\\\/wp-content\\\/uploads\\\/2020\\\/06\\\/Apolonija-stomatolog-zagreb-centar_zubni-kamenac-prije-poslije-1024x340.jpg\",\"datePublished\":\"2020-04-01T22:34:00+00:00\",\"dateModified\":\"2025-07-14T07:11:35+00:00\",\"description\":\"Eden najpreprostej\u0161ih na\u010dinov za lep\u0161i nasmeh je profesionalno \u010di\u0161\u010denje, peskanje in poliranje zob. Izvedite ve\u010d!\",\"breadcrumb\":{\"@id\":\"https:\\\/\\\/www.apolonija.hr\\\/sl\\\/lepsi-nasmeh\\\/profesionalno-ciscenje-zob\\\/#breadcrumb\"},\"inLanguage\":\"sl-SI\",\"potentialAction\":[{\"@type\":\"ReadAction\",\"target\":[\"https:\\\/\\\/www.apolonija.hr\\\/sl\\\/lepsi-nasmeh\\\/profesionalno-ciscenje-zob\\\/\"]}]},{\"@type\":\"ImageObject\",\"inLanguage\":\"sl-SI\",\"@id\":\"https:\\\/\\\/www.apolonija.hr\\\/sl\\\/lepsi-nasmeh\\\/profesionalno-ciscenje-zob\\\/#primaryimage\",\"url\":\"https:\\\/\\\/www.apolonija.hr\\\/wp-content\\\/uploads\\\/2020\\\/06\\\/Apolonija-stomatolog-zagreb-centar_zubni-kamenac-prije-poslije-1024x340.jpg\",\"contentUrl\":\"https:\\\/\\\/www.apolonija.hr\\\/wp-content\\\/uploads\\\/2020\\\/06\\\/Apolonija-stomatolog-zagreb-centar_zubni-kamenac-prije-poslije-1024x340.jpg\"},{\"@type\":\"BreadcrumbList\",\"@id\":\"https:\\\/\\\/www.apolonija.hr\\\/sl\\\/lepsi-nasmeh\\\/profesionalno-ciscenje-zob\\\/#breadcrumb\",\"itemListElement\":[{\"@type\":\"ListItem\",\"position\":1,\"name\":\"Apolonija\",\"item\":\"https:\\\/\\\/www.apolonija.hr\\\/sl\\\/apolonija\\\/\"},{\"@type\":\"ListItem\",\"position\":2,\"name\":\"Lep\u0161i nasmeh\",\"item\":\"https:\\\/\\\/www.apolonija.hr\\\/sl\\\/lepsi-nasmeh\\\/\"},{\"@type\":\"ListItem\",\"position\":3,\"name\":\"Profesionalno \u010di\u0161\u010denje zob\"}]},{\"@type\":\"WebSite\",\"@id\":\"https:\\\/\\\/www.apolonija.hr\\\/sl\\\/#website\",\"url\":\"https:\\\/\\\/www.apolonija.hr\\\/sl\\\/\",\"name\":\"Stomatolo\u0161ka poliklinika Apolonija\",\"description\":\"\u017divljenje, polno nasmehov\",\"publisher\":{\"@id\":\"https:\\\/\\\/www.apolonija.hr\\\/sl\\\/#organization\"},\"potentialAction\":[{\"@type\":\"SearchAction\",\"target\":{\"@type\":\"EntryPoint\",\"urlTemplate\":\"https:\\\/\\\/www.apolonija.hr\\\/sl\\\/?s={search_term_string}\"},\"query-input\":{\"@type\":\"PropertyValueSpecification\",\"valueRequired\":true,\"valueName\":\"search_term_string\"}}],\"inLanguage\":\"sl-SI\"},{\"@type\":\"Organization\",\"@id\":\"https:\\\/\\\/www.apolonija.hr\\\/sl\\\/#organization\",\"name\":\"Stomatolo\u0161ka poliklinika Apolonija\",\"url\":\"https:\\\/\\\/www.apolonija.hr\\\/sl\\\/\",\"logo\":{\"@type\":\"ImageObject\",\"inLanguage\":\"sl-SI\",\"@id\":\"https:\\\/\\\/www.apolonija.hr\\\/sl\\\/#\\\/schema\\\/logo\\\/image\\\/\",\"url\":\"https:\\\/\\\/www.apolonija.hr\\\/wp-content\\\/uploads\\\/2019\\\/10\\\/logo-1.png\",\"contentUrl\":\"https:\\\/\\\/www.apolonija.hr\\\/wp-content\\\/uploads\\\/2019\\\/10\\\/logo-1.png\",\"width\":500,\"height\":140,\"caption\":\"Stomatolo\u0161ka poliklinika Apolonija\"},\"image\":{\"@id\":\"https:\\\/\\\/www.apolonija.hr\\\/sl\\\/#\\\/schema\\\/logo\\\/image\\\/\"},\"sameAs\":[\"https:\\\/\\\/www.facebook.com\\\/SPApolonija\\\/\",\"https:\\\/\\\/www.instagram.com\\\/poliklinikaapolonija\\\/\",\"https:\\\/\\\/www.linkedin.com\\\/company\\\/stomatolo\u0161ka-poliklinika-apolonija\\\/\",\"https:\\\/\\\/www.tiktok.com\\\/@poliklinikaapolonija\"]}]}<\/script>\n<!-- \/ Yoast SEO plugin. -->","yoast_head_json":{"title":"Profesionalno \u010di\u0161\u010denje zob - Stomatolo\u0161ka poliklinika Apolonija","description":"Eden najpreprostej\u0161ih na\u010dinov za lep\u0161i nasmeh je profesionalno \u010di\u0161\u010denje, peskanje in poliranje zob. Izvedite ve\u010d!","robots":{"index":"index","follow":"follow","max-snippet":"max-snippet:-1","max-image-preview":"max-image-preview:large","max-video-preview":"max-video-preview:-1"},"canonical":"https:\/\/www.apolonija.hr\/sl\/lepsi-nasmeh\/profesionalno-ciscenje-zob\/","og_locale":"sl_SI","og_type":"article","og_title":"Profesionalno \u010di\u0161\u010denje zob - Stomatolo\u0161ka poliklinika Apolonija","og_description":"Eden najpreprostej\u0161ih na\u010dinov za lep\u0161i nasmeh je profesionalno \u010di\u0161\u010denje, peskanje in poliranje zob. Izvedite ve\u010d!","og_url":"https:\/\/www.apolonija.hr\/sl\/lepsi-nasmeh\/profesionalno-ciscenje-zob\/","og_site_name":"Stomatolo\u0161ka poliklinika Apolonija","article_publisher":"https:\/\/www.facebook.com\/SPApolonija\/","article_modified_time":"2025-07-14T07:11:35+00:00","og_image":[{"width":1200,"height":398,"url":"https:\/\/www.apolonija.hr\/wp-content\/uploads\/2020\/06\/Apolonija-stomatolog-zagreb-centar_zubni-kamenac-prije-poslije.jpg","type":"image\/jpeg"}],"twitter_card":"summary_large_image","twitter_misc":{"Est. reading time":"2 minuti"},"schema":{"@context":"https:\/\/schema.org","@graph":[{"@type":"WebPage","@id":"https:\/\/www.apolonija.hr\/sl\/lepsi-nasmeh\/profesionalno-ciscenje-zob\/","url":"https:\/\/www.apolonija.hr\/sl\/lepsi-nasmeh\/profesionalno-ciscenje-zob\/","name":"Profesionalno \u010di\u0161\u010denje zob - Stomatolo\u0161ka poliklinika Apolonija","isPartOf":{"@id":"https:\/\/www.apolonija.hr\/sl\/#website"},"primaryImageOfPage":{"@id":"https:\/\/www.apolonija.hr\/sl\/lepsi-nasmeh\/profesionalno-ciscenje-zob\/#primaryimage"},"image":{"@id":"https:\/\/www.apolonija.hr\/sl\/lepsi-nasmeh\/profesionalno-ciscenje-zob\/#primaryimage"},"thumbnailUrl":"https:\/\/www.apolonija.hr\/wp-content\/uploads\/2020\/06\/Apolonija-stomatolog-zagreb-centar_zubni-kamenac-prije-poslije-1024x340.jpg","datePublished":"2020-04-01T22:34:00+00:00","dateModified":"2025-07-14T07:11:35+00:00","description":"Eden najpreprostej\u0161ih na\u010dinov za lep\u0161i nasmeh je profesionalno \u010di\u0161\u010denje, peskanje in poliranje zob. Izvedite ve\u010d!","breadcrumb":{"@id":"https:\/\/www.apolonija.hr\/sl\/lepsi-nasmeh\/profesionalno-ciscenje-zob\/#breadcrumb"},"inLanguage":"sl-SI","potentialAction":[{"@type":"ReadAction","target":["https:\/\/www.apolonija.hr\/sl\/lepsi-nasmeh\/profesionalno-ciscenje-zob\/"]}]},{"@type":"ImageObject","inLanguage":"sl-SI","@id":"https:\/\/www.apolonija.hr\/sl\/lepsi-nasmeh\/profesionalno-ciscenje-zob\/#primaryimage","url":"https:\/\/www.apolonija.hr\/wp-content\/uploads\/2020\/06\/Apolonija-stomatolog-zagreb-centar_zubni-kamenac-prije-poslije-1024x340.jpg","contentUrl":"https:\/\/www.apolonija.hr\/wp-content\/uploads\/2020\/06\/Apolonija-stomatolog-zagreb-centar_zubni-kamenac-prije-poslije-1024x340.jpg"},{"@type":"BreadcrumbList","@id":"https:\/\/www.apolonija.hr\/sl\/lepsi-nasmeh\/profesionalno-ciscenje-zob\/#breadcrumb","itemListElement":[{"@type":"ListItem","position":1,"name":"Apolonija","item":"https:\/\/www.apolonija.hr\/sl\/apolonija\/"},{"@type":"ListItem","position":2,"name":"Lep\u0161i nasmeh","item":"https:\/\/www.apolonija.hr\/sl\/lepsi-nasmeh\/"},{"@type":"ListItem","position":3,"name":"Profesionalno \u010di\u0161\u010denje zob"}]},{"@type":"WebSite","@id":"https:\/\/www.apolonija.hr\/sl\/#website","url":"https:\/\/www.apolonija.hr\/sl\/","name":"Stomatolo\u0161ka poliklinika Apolonija","description":"\u017divljenje, polno nasmehov","publisher":{"@id":"https:\/\/www.apolonija.hr\/sl\/#organization"},"potentialAction":[{"@type":"SearchAction","target":{"@type":"EntryPoint","urlTemplate":"https:\/\/www.apolonija.hr\/sl\/?s={search_term_string}"},"query-input":{"@type":"PropertyValueSpecification","valueRequired":true,"valueName":"search_term_string"}}],"inLanguage":"sl-SI"},{"@type":"Organization","@id":"https:\/\/www.apolonija.hr\/sl\/#organization","name":"Stomatolo\u0161ka poliklinika Apolonija","url":"https:\/\/www.apolonija.hr\/sl\/","logo":{"@type":"ImageObject","inLanguage":"sl-SI","@id":"https:\/\/www.apolonija.hr\/sl\/#\/schema\/logo\/image\/","url":"https:\/\/www.apolonija.hr\/wp-content\/uploads\/2019\/10\/logo-1.png","contentUrl":"https:\/\/www.apolonija.hr\/wp-content\/uploads\/2019\/10\/logo-1.png","width":500,"height":140,"caption":"Stomatolo\u0161ka poliklinika Apolonija"},"image":{"@id":"https:\/\/www.apolonija.hr\/sl\/#\/schema\/logo\/image\/"},"sameAs":["https:\/\/www.facebook.com\/SPApolonija\/","https:\/\/www.instagram.com\/poliklinikaapolonija\/","https:\/\/www.linkedin.com\/company\/stomatolo\u0161ka-poliklinika-apolonija\/","https:\/\/www.tiktok.com\/@poliklinikaapolonija"]}]}},"_links":{"self":[{"href":"https:\/\/www.apolonija.hr\/sl\/wp-json\/wp\/v2\/pages\/20920","targetHints":{"allow":["GET"]}}],"collection":[{"href":"https:\/\/www.apolonija.hr\/sl\/wp-json\/wp\/v2\/pages"}],"about":[{"href":"https:\/\/www.apolonija.hr\/sl\/wp-json\/wp\/v2\/types\/page"}],"author":[{"embeddable":true,"href":"https:\/\/www.apolonija.hr\/sl\/wp-json\/wp\/v2\/users\/15"}],"replies":[{"embeddable":true,"href":"https:\/\/www.apolonija.hr\/sl\/wp-json\/wp\/v2\/comments?post=20920"}],"version-history":[{"count":4,"href":"https:\/\/www.apolonija.hr\/sl\/wp-json\/wp\/v2\/pages\/20920\/revisions"}],"predecessor-version":[{"id":22403,"href":"https:\/\/www.apolonija.hr\/sl\/wp-json\/wp\/v2\/pages\/20920\/revisions\/22403"}],"up":[{"embeddable":true,"href":"https:\/\/www.apolonija.hr\/sl\/wp-json\/wp\/v2\/pages\/20880"}],"wp:attachment":[{"href":"https:\/\/www.apolonija.hr\/sl\/wp-json\/wp\/v2\/media?parent=20920"}],"curies":[{"name":"wp","href":"https:\/\/api.w.org\/{rel}","templated":true}]}}