{"id":20923,"date":"2020-04-01T21:43:51","date_gmt":"2020-04-01T19:43:51","guid":{"rendered":"https:\/\/www.apolonija.hr\/zobozdravstveno-zdravljenje\/endodontsko-zdravljenje-zobnih-korenin\/"},"modified":"2025-05-09T00:54:59","modified_gmt":"2025-05-08T22:54:59","slug":"endodontsko-zdravljenje-zobnih-korenin","status":"publish","type":"page","link":"https:\/\/www.apolonija.hr\/sl\/zobozdravstveno-zdravljenje\/endodontsko-zdravljenje-zobnih-korenin\/","title":{"rendered":"Endodontsko zdravljenje zobnih korenin"},"content":{"rendered":"<section class=\"l-section wpb_row height_small\"><div class=\"l-section-h i-cf\"><div class=\"g-cols vc_row via_grid cols_1 laptops-cols_inherit tablets-cols_inherit mobiles-cols_1 valign_top type_default stacking_default\"><div class=\"wpb_column vc_column_container\"><div class=\"vc_column-inner\"><div class=\"wpb_text_column\"><div class=\"wpb_wrapper\"><p><span style=\"font-weight: 400;\">Zdravljenje koreninskih kanalov je postopek, katerega cilj je prepre\u010diti puljenje zoba in ga tako ohraniti. To je endodontija oziroma endodontska terapija, ki zdravi notranjost zoba, zobno pulpo. Zaceljen zob nam lahko slu\u017ei leta, vendar je pomembno vedeti, da je zaceljen zob oslabljen in da se v kar 20 % primerov korenina zlomi ali pa zob izgubimo.  <\/span><\/p>\n<h2>Zobobol<\/h2>\n<p><span style=\"font-weight: 400;\">V notranjosti korenine zoba je zobna pulpa, ki jo sestavljajo krvne \u017eile, vezivna in \u017eiv\u010dna vlakna, ki hranijo zob in skozi katera se prena\u0161a ob\u010dutek bole\u010dine.<\/span> <span style=\"font-weight: 400;\">Najpogostej\u0161i vzrok vnetja pulpe je karies.<\/span> <span style=\"font-weight: 400;\">Nezdravljena skleninska karies prodre globoko v zob in prizadene zobno pulpo.<\/span><\/p>\n<p><span style=\"font-weight: 400;\">To vodi do smrti pulpnega tkiva.  <\/span><span style=\"font-weight: 400;\">Nato je treba z endodontskim postopkom odstraniti zobno pulpo ter njen prostor o\u010distiti in zapolniti z ustreznim biomaterialom.<\/span><\/p>\n<figure class=\"wp-block-image size-large\"><img decoding=\"async\" width=\"1024\" height=\"731\" class=\"wp-image-7569\" title=\"Zobna poliklinika Apolonija, center Zagreb: struktura notranjosti, zobna pulpa.\" src=\"https:\/\/www.apolonija.hr\/wp-content\/uploads\/2020\/06\/Stomatoloska-poliklinika-apolonija-Zagreb_pulpa-zuba-1024x731.jpg\" alt=\"Zobna poliklinika Apolonija, center Zagreb: struktura notranjosti, zobna pulpa.\" srcset=\"https:\/\/www.apolonija.hr\/wp-content\/uploads\/2020\/06\/Stomatoloska-poliklinika-apolonija-Zagreb_pulpa-zuba-1024x731.jpg 1024w, https:\/\/www.apolonija.hr\/wp-content\/uploads\/2020\/06\/Stomatoloska-poliklinika-apolonija-Zagreb_pulpa-zuba-450x321.jpg 450w, https:\/\/www.apolonija.hr\/wp-content\/uploads\/2020\/06\/Stomatoloska-poliklinika-apolonija-Zagreb_pulpa-zuba-768x548.jpg 768w, https:\/\/www.apolonija.hr\/wp-content\/uploads\/2020\/06\/Stomatoloska-poliklinika-apolonija-Zagreb_pulpa-zuba-600x429.jpg 600w, https:\/\/www.apolonija.hr\/wp-content\/uploads\/2020\/06\/Stomatoloska-poliklinika-apolonija-Zagreb_pulpa-zuba.jpg 1200w\" sizes=\"(max-width: 1024px) 100vw, 1024px\" \/><figcaption>Grafi\u010dni prikaz zobne pulpe.<\/figcaption><\/figure>\n<h2><strong>\u0160irjenje vnetja zoba<\/strong><\/h2>\n<p><span style=\"font-weight: 400;\">Vnetje se lahko raz\u0161iri tudi na okoli\u0161ko kostno tkivo, kar povzro\u010di razvoj abscesa ali granuloma. Granulom je kroni\u010dno vneto tkivo na konici zobne korenine. <\/span><\/p>\n<p><span style=\"font-weight: 400;\">Najpogostej\u0161i simptomi vnetja zob so:<\/span><\/p>\n<ul>\n<li style=\"font-weight: 400;\" aria-level=\"1\"><span style=\"font-weight: 400;\">Ob\u010dutljivost zob na vro\u010de in hladno.<\/span><\/li>\n<li style=\"font-weight: 400;\" aria-level=\"1\"><span style=\"font-weight: 400;\">Zobobol, zlasti utripajo\u010d.<\/span><\/li>\n<li style=\"font-weight: 400;\" aria-level=\"1\"><span style=\"font-weight: 400;\">Ob\u010dutljivost ali bole\u010dina pri ugrizu.<\/span><\/li>\n<li style=\"font-weight: 400;\" aria-level=\"1\"><span style=\"font-weight: 400;\">Otekanje okoli zob in obraza.<\/span><\/li>\n<\/ul>\n<p><span style=\"font-weight: 400;\">Vnetje pulpe je lahko tudi posledica travme in po\u0161kodbe zoba, za katero se ne zavedamo, na primer, ki se je zgodila v otro\u0161tvu. V tem primeru se bo vnetje razvijalo po\u010dasi, celo nebole\u010de. Vendar pa \u0161e vedno poteka patolo\u0161ki proces, ki ga moramo re\u0161iti in za\u0161\u010dititi zob pred propadanjem.  <\/span><\/p>\n<p><span style=\"font-weight: 400;\">\u010ce se pojavijo ta stanja, je potrebno izvesti endodontsko zdravljenje oziroma zdravljenje zob in zobnih korenin. Z zdravljenjem zoba prepre\u010dimo \u0161irjenje oku\u017ebe in zob re\u0161imo pred puljenjem. <\/span><\/p>\n<h2>Zdravljenje zobnih korenin<\/h2>\n<p><span style=\"font-weight: 400;\">Zdravljenje koreninskih kanalov ali endodontska terapija obsega:<\/span><\/p>\n<ul>\n<li style=\"font-weight: 400;\" aria-level=\"1\"><span style=\"font-weight: 400;\">mehansko in kemi\u010dno \u010di\u0161\u010denje zob pred bakterijami in razpadajo\u010do pulpo,<\/span><\/li>\n<li style=\"font-weight: 400;\" aria-level=\"1\"><span style=\"font-weight: 400;\">dezinfekcija notranjosti zoba,<\/span><\/li>\n<li style=\"font-weight: 400;\" aria-level=\"1\"><span style=\"font-weight: 400;\">zapolnitev prazne notranjosti z bioinertnim materialom,<\/span><\/li>\n<li style=\"font-weight: 400;\" aria-level=\"1\"><span style=\"font-weight: 400;\">rekonstrukcija zobne krone.<\/span><\/li>\n<\/ul>\n<p><span style=\"font-weight: 400;\">Ker ta metoda odstrani tkiva, ki so ohranjala zob pri \u017eivljenju in ga hranila, je zob devitaliziran. To pomeni, da zdravljeni zob preneha prejemati hranila, se regenerira in izgubi ob\u010dutljivost. <\/span><\/p>\n<p><span style=\"font-weight: 400;\">\u010ceprav devitaliziran zob zaradi vsega na\u0161tetega postane krhek in se s\u010dasoma lahko zlomi, lahko \u0161e vedno ohrani delno funkcijo. Praviloma je treba endodontsko zdravljen zob za\u0161\u010dititi z zobno krono. <\/span><\/p>\n<\/div><\/div><\/div><\/div><\/div><\/div><\/section><div class=\"jc-cta cta-prvi-pregled\">\n\t<p style=\"\">Pregled v polikliniki Apolonija rezervirajte prek telefonskega klica, WhatsAppa ali izpolnite kontaktni obrazec.<\/p>\n\t<a class=\"telefon w-btn us-btn-style_29 icon_atleft\" href=\"tel:+385 1 4883 800\"><i class=\"fas fa-phone-rotary\"><\/i><span class=\"w-btn-label\">+385 1 4883 800<\/span><\/a>\n\t<a class=\"whatsapp w-btn us-btn-style_29 icon_atleft\" href=\"https:\/\/wa.me\/385914883800\"><i class=\"fab fa-whatsapp\"><\/i><span class=\"w-btn-label\">+385 91 4883 800<\/span><\/a>\n\t<\/div>\n","protected":false},"excerpt":{"rendered":"<p>Zdravljenje zob in koreninskih kanalov je postopek, katerega cilj je prepre\u010diti puljenje zoba in ga tako ohraniti. To je endodontija oziroma endodontska terapija, ki zdravi notranjost zoba, zobno pulpo. Zdravljen zob nam lahko slu\u017ei \u0161e vrsto let.  <\/p>\n","protected":false},"author":15,"featured_media":0,"parent":20889,"menu_order":0,"comment_status":"closed","ping_status":"closed","template":"","meta":{"_acf_changed":false,"footnotes":""},"class_list":["post-20923","page","type-page","status-publish","hentry"],"acf":[],"yoast_head":"<!-- This site is optimized with the Yoast SEO plugin v27.5 - https:\/\/yoast.com\/product\/yoast-seo-wordpress\/ -->\n<title>Endodontsko zdravljenje zobnih korenin - Stomatolo\u0161ka poliklinika Apolonija<\/title>\n<meta name=\"description\" content=\"Zdravljenje koreninskih kanalov je postopek, katerega cilj je prepre\u010diti puljenje zoba in ga tako ohraniti. Zaceljen zob lahko zdr\u017ei ve\u010d let. Izvedite ve\u010d!\" \/>\n<meta name=\"robots\" content=\"index, follow, max-snippet:-1, max-image-preview:large, max-video-preview:-1\" \/>\n<link rel=\"canonical\" href=\"https:\/\/www.apolonija.hr\/sl\/zobozdravstveno-zdravljenje\/endodontsko-zdravljenje-zobnih-korenin\/\" \/>\n<meta property=\"og:locale\" content=\"sl_SI\" \/>\n<meta property=\"og:type\" content=\"article\" \/>\n<meta property=\"og:title\" content=\"Endodontsko zdravljenje zobnih korenin - Stomatolo\u0161ka poliklinika Apolonija\" \/>\n<meta property=\"og:description\" content=\"Zdravljenje koreninskih kanalov je postopek, katerega cilj je prepre\u010diti puljenje zoba in ga tako ohraniti. Zaceljen zob lahko zdr\u017ei ve\u010d let. Izvedite ve\u010d!\" \/>\n<meta property=\"og:url\" content=\"https:\/\/www.apolonija.hr\/sl\/zobozdravstveno-zdravljenje\/endodontsko-zdravljenje-zobnih-korenin\/\" \/>\n<meta property=\"og:site_name\" content=\"Stomatolo\u0161ka poliklinika Apolonija\" \/>\n<meta property=\"article:publisher\" content=\"https:\/\/www.facebook.com\/SPApolonija\/\" \/>\n<meta property=\"article:modified_time\" content=\"2025-05-08T22:54:59+00:00\" \/>\n<meta property=\"og:image\" content=\"https:\/\/www.apolonija.hr\/wp-content\/uploads\/2020\/06\/Stomatoloska-poliklinika-apolonija-Zagreb_pulpa-zuba.jpg\" \/>\n\t<meta property=\"og:image:width\" content=\"1200\" \/>\n\t<meta property=\"og:image:height\" content=\"857\" \/>\n\t<meta property=\"og:image:type\" content=\"image\/jpeg\" \/>\n<meta name=\"twitter:card\" content=\"summary_large_image\" \/>\n<meta name=\"twitter:label1\" content=\"Est. reading time\" \/>\n\t<meta name=\"twitter:data1\" content=\"2 minuti\" \/>\n<script type=\"application\/ld+json\" class=\"yoast-schema-graph\">{\"@context\":\"https:\\\/\\\/schema.org\",\"@graph\":[{\"@type\":\"WebPage\",\"@id\":\"https:\\\/\\\/www.apolonija.hr\\\/sl\\\/zobozdravstveno-zdravljenje\\\/endodontsko-zdravljenje-zobnih-korenin\\\/\",\"url\":\"https:\\\/\\\/www.apolonija.hr\\\/sl\\\/zobozdravstveno-zdravljenje\\\/endodontsko-zdravljenje-zobnih-korenin\\\/\",\"name\":\"Endodontsko zdravljenje zobnih korenin - Stomatolo\u0161ka poliklinika Apolonija\",\"isPartOf\":{\"@id\":\"https:\\\/\\\/www.apolonija.hr\\\/sl\\\/#website\"},\"primaryImageOfPage\":{\"@id\":\"https:\\\/\\\/www.apolonija.hr\\\/sl\\\/zobozdravstveno-zdravljenje\\\/endodontsko-zdravljenje-zobnih-korenin\\\/#primaryimage\"},\"image\":{\"@id\":\"https:\\\/\\\/www.apolonija.hr\\\/sl\\\/zobozdravstveno-zdravljenje\\\/endodontsko-zdravljenje-zobnih-korenin\\\/#primaryimage\"},\"thumbnailUrl\":\"https:\\\/\\\/www.apolonija.hr\\\/wp-content\\\/uploads\\\/2020\\\/06\\\/Stomatoloska-poliklinika-apolonija-Zagreb_pulpa-zuba-1024x731.jpg\",\"datePublished\":\"2020-04-01T19:43:51+00:00\",\"dateModified\":\"2025-05-08T22:54:59+00:00\",\"description\":\"Zdravljenje koreninskih kanalov je postopek, katerega cilj je prepre\u010diti puljenje zoba in ga tako ohraniti. Zaceljen zob lahko zdr\u017ei ve\u010d let. Izvedite ve\u010d!\",\"breadcrumb\":{\"@id\":\"https:\\\/\\\/www.apolonija.hr\\\/sl\\\/zobozdravstveno-zdravljenje\\\/endodontsko-zdravljenje-zobnih-korenin\\\/#breadcrumb\"},\"inLanguage\":\"sl-SI\",\"potentialAction\":[{\"@type\":\"ReadAction\",\"target\":[\"https:\\\/\\\/www.apolonija.hr\\\/sl\\\/zobozdravstveno-zdravljenje\\\/endodontsko-zdravljenje-zobnih-korenin\\\/\"]}]},{\"@type\":\"ImageObject\",\"inLanguage\":\"sl-SI\",\"@id\":\"https:\\\/\\\/www.apolonija.hr\\\/sl\\\/zobozdravstveno-zdravljenje\\\/endodontsko-zdravljenje-zobnih-korenin\\\/#primaryimage\",\"url\":\"https:\\\/\\\/www.apolonija.hr\\\/wp-content\\\/uploads\\\/2020\\\/06\\\/Stomatoloska-poliklinika-apolonija-Zagreb_pulpa-zuba-1024x731.jpg\",\"contentUrl\":\"https:\\\/\\\/www.apolonija.hr\\\/wp-content\\\/uploads\\\/2020\\\/06\\\/Stomatoloska-poliklinika-apolonija-Zagreb_pulpa-zuba-1024x731.jpg\"},{\"@type\":\"BreadcrumbList\",\"@id\":\"https:\\\/\\\/www.apolonija.hr\\\/sl\\\/zobozdravstveno-zdravljenje\\\/endodontsko-zdravljenje-zobnih-korenin\\\/#breadcrumb\",\"itemListElement\":[{\"@type\":\"ListItem\",\"position\":1,\"name\":\"Apolonija\",\"item\":\"https:\\\/\\\/www.apolonija.hr\\\/sl\\\/apolonija\\\/\"},{\"@type\":\"ListItem\",\"position\":2,\"name\":\"Zobozdravstveno zdravljenje\",\"item\":\"https:\\\/\\\/www.apolonija.hr\\\/sl\\\/zobozdravstveno-zdravljenje\\\/\"},{\"@type\":\"ListItem\",\"position\":3,\"name\":\"Endodontsko zdravljenje zobnih korenin\"}]},{\"@type\":\"WebSite\",\"@id\":\"https:\\\/\\\/www.apolonija.hr\\\/sl\\\/#website\",\"url\":\"https:\\\/\\\/www.apolonija.hr\\\/sl\\\/\",\"name\":\"Stomatolo\u0161ka poliklinika Apolonija\",\"description\":\"\u017divljenje, polno nasmehov\",\"publisher\":{\"@id\":\"https:\\\/\\\/www.apolonija.hr\\\/sl\\\/#organization\"},\"potentialAction\":[{\"@type\":\"SearchAction\",\"target\":{\"@type\":\"EntryPoint\",\"urlTemplate\":\"https:\\\/\\\/www.apolonija.hr\\\/sl\\\/?s={search_term_string}\"},\"query-input\":{\"@type\":\"PropertyValueSpecification\",\"valueRequired\":true,\"valueName\":\"search_term_string\"}}],\"inLanguage\":\"sl-SI\"},{\"@type\":\"Organization\",\"@id\":\"https:\\\/\\\/www.apolonija.hr\\\/sl\\\/#organization\",\"name\":\"Stomatolo\u0161ka poliklinika Apolonija\",\"url\":\"https:\\\/\\\/www.apolonija.hr\\\/sl\\\/\",\"logo\":{\"@type\":\"ImageObject\",\"inLanguage\":\"sl-SI\",\"@id\":\"https:\\\/\\\/www.apolonija.hr\\\/sl\\\/#\\\/schema\\\/logo\\\/image\\\/\",\"url\":\"https:\\\/\\\/www.apolonija.hr\\\/wp-content\\\/uploads\\\/2019\\\/10\\\/logo-1.png\",\"contentUrl\":\"https:\\\/\\\/www.apolonija.hr\\\/wp-content\\\/uploads\\\/2019\\\/10\\\/logo-1.png\",\"width\":500,\"height\":140,\"caption\":\"Stomatolo\u0161ka poliklinika Apolonija\"},\"image\":{\"@id\":\"https:\\\/\\\/www.apolonija.hr\\\/sl\\\/#\\\/schema\\\/logo\\\/image\\\/\"},\"sameAs\":[\"https:\\\/\\\/www.facebook.com\\\/SPApolonija\\\/\",\"https:\\\/\\\/www.instagram.com\\\/poliklinikaapolonija\\\/\",\"https:\\\/\\\/www.linkedin.com\\\/company\\\/stomatolo\u0161ka-poliklinika-apolonija\\\/\",\"https:\\\/\\\/www.tiktok.com\\\/@poliklinikaapolonija\"]}]}<\/script>\n<!-- \/ Yoast SEO plugin. -->","yoast_head_json":{"title":"Endodontsko zdravljenje zobnih korenin - Stomatolo\u0161ka poliklinika Apolonija","description":"Zdravljenje koreninskih kanalov je postopek, katerega cilj je prepre\u010diti puljenje zoba in ga tako ohraniti. Zaceljen zob lahko zdr\u017ei ve\u010d let. Izvedite ve\u010d!","robots":{"index":"index","follow":"follow","max-snippet":"max-snippet:-1","max-image-preview":"max-image-preview:large","max-video-preview":"max-video-preview:-1"},"canonical":"https:\/\/www.apolonija.hr\/sl\/zobozdravstveno-zdravljenje\/endodontsko-zdravljenje-zobnih-korenin\/","og_locale":"sl_SI","og_type":"article","og_title":"Endodontsko zdravljenje zobnih korenin - Stomatolo\u0161ka poliklinika Apolonija","og_description":"Zdravljenje koreninskih kanalov je postopek, katerega cilj je prepre\u010diti puljenje zoba in ga tako ohraniti. Zaceljen zob lahko zdr\u017ei ve\u010d let. Izvedite ve\u010d!","og_url":"https:\/\/www.apolonija.hr\/sl\/zobozdravstveno-zdravljenje\/endodontsko-zdravljenje-zobnih-korenin\/","og_site_name":"Stomatolo\u0161ka poliklinika Apolonija","article_publisher":"https:\/\/www.facebook.com\/SPApolonija\/","article_modified_time":"2025-05-08T22:54:59+00:00","og_image":[{"width":1200,"height":857,"url":"https:\/\/www.apolonija.hr\/wp-content\/uploads\/2020\/06\/Stomatoloska-poliklinika-apolonija-Zagreb_pulpa-zuba.jpg","type":"image\/jpeg"}],"twitter_card":"summary_large_image","twitter_misc":{"Est. reading time":"2 minuti"},"schema":{"@context":"https:\/\/schema.org","@graph":[{"@type":"WebPage","@id":"https:\/\/www.apolonija.hr\/sl\/zobozdravstveno-zdravljenje\/endodontsko-zdravljenje-zobnih-korenin\/","url":"https:\/\/www.apolonija.hr\/sl\/zobozdravstveno-zdravljenje\/endodontsko-zdravljenje-zobnih-korenin\/","name":"Endodontsko zdravljenje zobnih korenin - Stomatolo\u0161ka poliklinika Apolonija","isPartOf":{"@id":"https:\/\/www.apolonija.hr\/sl\/#website"},"primaryImageOfPage":{"@id":"https:\/\/www.apolonija.hr\/sl\/zobozdravstveno-zdravljenje\/endodontsko-zdravljenje-zobnih-korenin\/#primaryimage"},"image":{"@id":"https:\/\/www.apolonija.hr\/sl\/zobozdravstveno-zdravljenje\/endodontsko-zdravljenje-zobnih-korenin\/#primaryimage"},"thumbnailUrl":"https:\/\/www.apolonija.hr\/wp-content\/uploads\/2020\/06\/Stomatoloska-poliklinika-apolonija-Zagreb_pulpa-zuba-1024x731.jpg","datePublished":"2020-04-01T19:43:51+00:00","dateModified":"2025-05-08T22:54:59+00:00","description":"Zdravljenje koreninskih kanalov je postopek, katerega cilj je prepre\u010diti puljenje zoba in ga tako ohraniti. Zaceljen zob lahko zdr\u017ei ve\u010d let. Izvedite ve\u010d!","breadcrumb":{"@id":"https:\/\/www.apolonija.hr\/sl\/zobozdravstveno-zdravljenje\/endodontsko-zdravljenje-zobnih-korenin\/#breadcrumb"},"inLanguage":"sl-SI","potentialAction":[{"@type":"ReadAction","target":["https:\/\/www.apolonija.hr\/sl\/zobozdravstveno-zdravljenje\/endodontsko-zdravljenje-zobnih-korenin\/"]}]},{"@type":"ImageObject","inLanguage":"sl-SI","@id":"https:\/\/www.apolonija.hr\/sl\/zobozdravstveno-zdravljenje\/endodontsko-zdravljenje-zobnih-korenin\/#primaryimage","url":"https:\/\/www.apolonija.hr\/wp-content\/uploads\/2020\/06\/Stomatoloska-poliklinika-apolonija-Zagreb_pulpa-zuba-1024x731.jpg","contentUrl":"https:\/\/www.apolonija.hr\/wp-content\/uploads\/2020\/06\/Stomatoloska-poliklinika-apolonija-Zagreb_pulpa-zuba-1024x731.jpg"},{"@type":"BreadcrumbList","@id":"https:\/\/www.apolonija.hr\/sl\/zobozdravstveno-zdravljenje\/endodontsko-zdravljenje-zobnih-korenin\/#breadcrumb","itemListElement":[{"@type":"ListItem","position":1,"name":"Apolonija","item":"https:\/\/www.apolonija.hr\/sl\/apolonija\/"},{"@type":"ListItem","position":2,"name":"Zobozdravstveno zdravljenje","item":"https:\/\/www.apolonija.hr\/sl\/zobozdravstveno-zdravljenje\/"},{"@type":"ListItem","position":3,"name":"Endodontsko zdravljenje zobnih korenin"}]},{"@type":"WebSite","@id":"https:\/\/www.apolonija.hr\/sl\/#website","url":"https:\/\/www.apolonija.hr\/sl\/","name":"Stomatolo\u0161ka poliklinika Apolonija","description":"\u017divljenje, polno nasmehov","publisher":{"@id":"https:\/\/www.apolonija.hr\/sl\/#organization"},"potentialAction":[{"@type":"SearchAction","target":{"@type":"EntryPoint","urlTemplate":"https:\/\/www.apolonija.hr\/sl\/?s={search_term_string}"},"query-input":{"@type":"PropertyValueSpecification","valueRequired":true,"valueName":"search_term_string"}}],"inLanguage":"sl-SI"},{"@type":"Organization","@id":"https:\/\/www.apolonija.hr\/sl\/#organization","name":"Stomatolo\u0161ka poliklinika Apolonija","url":"https:\/\/www.apolonija.hr\/sl\/","logo":{"@type":"ImageObject","inLanguage":"sl-SI","@id":"https:\/\/www.apolonija.hr\/sl\/#\/schema\/logo\/image\/","url":"https:\/\/www.apolonija.hr\/wp-content\/uploads\/2019\/10\/logo-1.png","contentUrl":"https:\/\/www.apolonija.hr\/wp-content\/uploads\/2019\/10\/logo-1.png","width":500,"height":140,"caption":"Stomatolo\u0161ka poliklinika Apolonija"},"image":{"@id":"https:\/\/www.apolonija.hr\/sl\/#\/schema\/logo\/image\/"},"sameAs":["https:\/\/www.facebook.com\/SPApolonija\/","https:\/\/www.instagram.com\/poliklinikaapolonija\/","https:\/\/www.linkedin.com\/company\/stomatolo\u0161ka-poliklinika-apolonija\/","https:\/\/www.tiktok.com\/@poliklinikaapolonija"]}]}},"_links":{"self":[{"href":"https:\/\/www.apolonija.hr\/sl\/wp-json\/wp\/v2\/pages\/20923","targetHints":{"allow":["GET"]}}],"collection":[{"href":"https:\/\/www.apolonija.hr\/sl\/wp-json\/wp\/v2\/pages"}],"about":[{"href":"https:\/\/www.apolonija.hr\/sl\/wp-json\/wp\/v2\/types\/page"}],"author":[{"embeddable":true,"href":"https:\/\/www.apolonija.hr\/sl\/wp-json\/wp\/v2\/users\/15"}],"replies":[{"embeddable":true,"href":"https:\/\/www.apolonija.hr\/sl\/wp-json\/wp\/v2\/comments?post=20923"}],"version-history":[{"count":12,"href":"https:\/\/www.apolonija.hr\/sl\/wp-json\/wp\/v2\/pages\/20923\/revisions"}],"predecessor-version":[{"id":20971,"href":"https:\/\/www.apolonija.hr\/sl\/wp-json\/wp\/v2\/pages\/20923\/revisions\/20971"}],"up":[{"embeddable":true,"href":"https:\/\/www.apolonija.hr\/sl\/wp-json\/wp\/v2\/pages\/20889"}],"wp:attachment":[{"href":"https:\/\/www.apolonija.hr\/sl\/wp-json\/wp\/v2\/media?parent=20923"}],"curies":[{"name":"wp","href":"https:\/\/api.w.org\/{rel}","templated":true}]}}