{"id":20938,"date":"2020-04-03T23:16:03","date_gmt":"2020-04-03T21:16:03","guid":{"rendered":"https:\/\/www.apolonija.hr\/zobozdravstveno-zdravljenje\/zdravljenje-temporomandibularnega-sklepa\/"},"modified":"2025-12-02T14:15:56","modified_gmt":"2025-12-02T13:15:56","slug":"zdravljenje-temporomandibularnega-sklepa","status":"publish","type":"page","link":"https:\/\/www.apolonija.hr\/sl\/zobozdravstveno-zdravljenje\/zdravljenje-temporomandibularnega-sklepa\/","title":{"rendered":"Zdravljenje temporomandibularnega sklepa"},"content":{"rendered":"<section class=\"l-section wpb_row height_small\"><div class=\"l-section-h i-cf\"><div class=\"g-cols vc_row via_grid cols_1 laptops-cols_inherit tablets-cols_inherit mobiles-cols_1 valign_top type_default stacking_default\"><div class=\"wpb_column vc_column_container\"><div class=\"vc_column-inner\"><div class=\"wpb_text_column\"><div class=\"wpb_wrapper\"><h2>Simptomi in znaki motenj delovanja \u010deljustnega sklepa in \u017eve\u010dnih mi\u0161ic<\/h2>\n<p><span style=\"font-weight: 400;\">Bole\u010dine, kliki in zvoki v predelu \u010deljustnega sklepa, ote\u017eeno odpiranje ali zapiranje \u010deljusti, nestabilen ugriz, bole\u010dine v predelu \u017eve\u010dnih mi\u0161ic se najpogosteje pojavijo v starosti od dvajset do \u0161tirideset let. Gre za temporomandibularne disfunkcije, skupek simptomov, s katerimi prihajajo \u0161tevilni pacienti v na\u0161o polikliniko.  <\/span><\/p>\n<p><span style=\"font-weight: 400;\">V Polikliniki Apolonija \u017ee vrsto let uspe\u0161no zdravimo motnje delovanja \u010deljustnega sklepa in \u017eve\u010dnih mi\u0161ic. Uporabljamo kombinacijo tradicionalnega in sodobnega pristopa ter terapevtske koncepte ve\u010d evropskih \u0161ol funkcijske diagnostike in terapije.  <\/span><\/p>\n<p><span style=\"font-weight: 400;\">V polikliniki Apolonija sledimo protokolu zdravljenja \u010deljustnega sklepa, ki obsega 4 korake:<\/span><\/p>\n<ul>\n<li style=\"font-weight: 400;\" aria-level=\"1\"><span style=\"font-weight: 400;\">podrobna diagnostika <\/span><\/li>\n<li style=\"font-weight: 400;\" aria-level=\"1\"><span style=\"font-weight: 400;\">postopki odstranjevanja funkcijskih dra\u017eljajev in zmanj\u0161evanje vzdra\u017enosti sistema<\/span><\/li>\n<li style=\"font-weight: 400;\" aria-level=\"1\"><span style=\"font-weight: 400;\">kratkoro\u010dna sprostitvena terapija <\/span><\/li>\n<li style=\"font-weight: 400;\" aria-level=\"1\"><span style=\"font-weight: 400;\">dolgoro\u010dna korektivna in rekonstrukcijska terapija<\/span><\/li>\n<\/ul>\n<p><span style=\"font-weight: 400;\">Osnovo zdravljenja predstavlja diagnosti\u010dna ocena vzrokov nastanka pacientovih te\u017eav. Poleg klini\u010dnih pregledov, ki so osnova uspe\u0161nega zdravljenja, se pri diagnostiki disfunkcij \u010deljustnega sklepa pogosto uporablja Modjaw, trenutno najpreciznej\u0161a in najnaprednej\u0161a programska diagnostika.  <\/span><\/p>\n<p><span style=\"font-weight: 400;\">Za razliko od tradicionalnih artikulatorjev, ki temeljijo na povpre\u010dnih vrednostih parametrov sklepa, <\/span><b>digitalni artikulator Modjaw<\/b><span style=\"font-weight: 400;\"> je revolucionarni sistem, s pomo\u010djo katerega lahko dobimo individualne vrednosti \u010deljustnega sklepa na\u0161ega pacienta. Omogo\u010da dinami\u010dno analizo gibanja \u010deljusti v realnem \u010dasu. Pri na\u0161ih pacientih \u017eelimo najti idealen na\u010din odpiranja in zapiranja ust ter premikanja \u010deljusti. S pomo\u010djo sistema Modjaw lahko la\u017eje in natan\u010dneje dose\u017eemo pacientov individualni ugriz.    <\/span><\/p>\n<\/div><\/div><\/div><\/div><\/div><\/div><\/section><section class=\"l-section wpb_row height_small\"><div class=\"l-section-h i-cf\"><div class=\"g-cols vc_row via_grid cols_1 laptops-cols_inherit tablets-cols_inherit mobiles-cols_1 valign_top type_default stacking_default\"><div class=\"wpb_column vc_column_container\"><div class=\"vc_column-inner\"><div class=\"w-video align_none ratio_16x9 has_iframe\"><div class=\"w-video-h\"><iframe title=\"Youtube video player\" src=\"\/\/www.youtube.com\/embed\/GDYgvjjWKx4?autoplay=0&controls=1&origin=https:\/\/www.apolonija.hr\/sl\/&loop=0&mute=0\" allowfullscreen=\"1\" loading=\"lazy\"><\/iframe><\/div><\/div><div class=\"wpb_text_column\"><div class=\"wpb_wrapper\"><\/div><\/div><\/div><\/div><\/div><\/div><\/section><section class=\"l-section wpb_row height_small\"><div class=\"l-section-h i-cf\"><div class=\"g-cols vc_row via_grid cols_1 laptops-cols_inherit tablets-cols_inherit mobiles-cols_1 valign_top type_default stacking_default\"><div class=\"wpb_column vc_column_container\"><div class=\"vc_column-inner\"><div class=\"wpb_text_column\"><div class=\"wpb_wrapper\"><p><span style=\"font-weight: 400;\">V procesu zdravljenja se ugotavljajo mehanizmi in vzroki bole\u010dih stanj ter rekonstruira pacientov najbolj miren in spro\u0161\u010den polo\u017eaj \u010deljusti v ugrizu. Doseganje tak\u0161nega polo\u017eaja vodi do stabilizacije in umirjanja simptomov, kar je primarni cilj, ki ga \u017eelimo dose\u010di.  <\/span><\/p>\n<p><span style=\"font-weight: 400;\">Ko se vzpostavi stanje brez bole\u010din, je naslednji cilj trajno ohraniti tak\u0161no stanje. To se dose\u017ee na razli\u010dne na\u010dine, odvisno od stanja \u017eve\u010dnega sistema vsakega posameznega pacienta in je popolnoma individualno. <\/span><\/p>\n<p><span style=\"font-weight: 400;\">Zdravljenje temporomandibularnih disfunkcij v polikliniki Apolonija vodi<\/span><b> prof. prim. dr. Tomislav Lauc<\/b><span style=\"font-weight: 400;\">, katerega strokovno podro\u010dje dela in izpopolnjevanja je med drugim tudi zdravljenje bole\u010dih stanj \u010deljusti.<\/span><\/p>\n<h2>Kliki in zvoki v predelu \u010deljustnega sklepa<\/h2>\n<p><span style=\"font-weight: 400;\">Razli\u010dni zvoki in kliki, pokanje, \u0161kljocanje ali preskakovanje v \u010deljustnem sklepu so zelo raz\u0161irjen in pogost pojav pri osebah, ki imajo motnje delovanja \u010deljustnega sklepa.<\/span><span style=\"font-weight: 400;\"><br \/><\/span><span style=\"font-weight: 400;\">Delijo se na zvoke drobljenja (krepitacije) in klike, ki nastanejo kot posledica premikov sklepnih plo\u0161\u010dic. Vsak zvok ni nujno znak za nevarnost, vendar \u010de jih spremljajo bole\u010dina in te\u017eave pri odpiranju \u010deljusti, bodo zagotovo zahtevali terapijo. <\/span><span style=\"font-weight: 400;\"><\/p>\n<p><\/span><\/p>\n<h2>Bruksizem ali \u0161kripanje z zobmi<\/h2>\n<p><span style=\"font-weight: 400;\">\u010ce trpite zaradi bruksizma, to je nezavednega stiskanja \u010deljusti in pogostega \u0161kripanja ali \u0161krtanja z zobmi, spadate v \u0161iroko skupino pacientov s temporomandibularnimi disfunkcijami.<\/span><span style=\"font-weight: 400;\"><br \/><\/span><span style=\"font-weight: 400;\">Bruksizem se pogosto pojavi med spanjem, zato se oseba v\u010dasih ne zaveda, da \u0161kriplje z zobmi. <\/span><\/p><\/p>\n<\/div><\/div><\/div><\/div><\/div><\/div><\/section><div class=\"jc-cta cta-prvi-pregled\">\n\t<p style=\"\">Pregled v polikliniki Apolonija rezervirajte prek telefonskega klica, WhatsAppa ali izpolnite kontaktni obrazec.<\/p>\n\t<a class=\"telefon w-btn us-btn-style_29 icon_atleft\" href=\"tel:+385 1 4883 800\"><i class=\"fas fa-phone-rotary\"><\/i><span class=\"w-btn-label\">+385 1 4883 800<\/span><\/a>\n\t<a class=\"whatsapp w-btn us-btn-style_29 icon_atleft\" href=\"https:\/\/wa.me\/385914883800\"><i class=\"fab fa-whatsapp\"><\/i><span class=\"w-btn-label\">+385 91 4883 800<\/span><\/a>\n\t<\/div>\n","protected":false},"excerpt":{"rendered":"<p>V Zobozdravstveni polikliniki Apolonija \u017ee leta uspe\u0161no zdravimo motnje \u010deljustnega sklepa. Pri zdravljenju bolezni \u010deljustnega sklepa in \u017eve\u010dnih mi\u0161ic uporabljamo sodoben pristop, od diagnostike, preko analize mehanizmov in vzrokov bole\u010din, do izdelave stabilizacijskih opornic in uporabe drugih metod za zmanj\u0161anje te\u017eav. <\/p>\n","protected":false},"author":15,"featured_media":9787,"parent":20889,"menu_order":0,"comment_status":"closed","ping_status":"closed","template":"","meta":{"_acf_changed":false,"footnotes":""},"class_list":["post-20938","page","type-page","status-publish","has-post-thumbnail","hentry"],"acf":[],"yoast_head":"<!-- This site is optimized with the Yoast SEO plugin v27.5 - https:\/\/yoast.com\/product\/yoast-seo-wordpress\/ -->\n<title>Zdravljenje temporomandibularnega sklepa - Stomatolo\u0161ka poliklinika Apolonija<\/title>\n<meta name=\"description\" content=\"V polikliniki Apolonija uspe\u0161no zdravimo motnje \u010deljustnega sklepa. S sodobnim pristopom in analizo vzrokov bole\u010din lahko zmanj\u0161amo va\u0161e te\u017eave. Izvedite ve\u010d!\" \/>\n<meta name=\"robots\" content=\"index, follow, max-snippet:-1, max-image-preview:large, max-video-preview:-1\" \/>\n<link rel=\"canonical\" href=\"https:\/\/www.apolonija.hr\/sl\/zobozdravstveno-zdravljenje\/zdravljenje-temporomandibularnega-sklepa\/\" \/>\n<meta property=\"og:locale\" content=\"sl_SI\" \/>\n<meta property=\"og:type\" content=\"article\" \/>\n<meta property=\"og:title\" content=\"Zdravljenje temporomandibularnega sklepa - Stomatolo\u0161ka poliklinika Apolonija\" \/>\n<meta property=\"og:description\" content=\"V polikliniki Apolonija uspe\u0161no zdravimo motnje \u010deljustnega sklepa. S sodobnim pristopom in analizo vzrokov bole\u010din lahko zmanj\u0161amo va\u0161e te\u017eave. Izvedite ve\u010d!\" \/>\n<meta property=\"og:url\" content=\"https:\/\/www.apolonija.hr\/sl\/zobozdravstveno-zdravljenje\/zdravljenje-temporomandibularnega-sklepa\/\" \/>\n<meta property=\"og:site_name\" content=\"Stomatolo\u0161ka poliklinika Apolonija\" \/>\n<meta property=\"article:publisher\" content=\"https:\/\/www.facebook.com\/SPApolonija\/\" \/>\n<meta property=\"article:modified_time\" content=\"2025-12-02T13:15:56+00:00\" \/>\n<meta property=\"og:image\" content=\"https:\/\/www.apolonija.hr\/wp-content\/uploads\/2020\/04\/stomatolog-apolonija-zagreb-centar-muskarac-osjeca-bol-u-celjusnom-zglobu.jpg\" \/>\n\t<meta property=\"og:image:width\" content=\"1000\" \/>\n\t<meta property=\"og:image:height\" content=\"667\" \/>\n\t<meta property=\"og:image:type\" content=\"image\/jpeg\" \/>\n<meta name=\"twitter:card\" content=\"summary_large_image\" \/>\n<meta name=\"twitter:label1\" content=\"Est. reading time\" \/>\n\t<meta name=\"twitter:data1\" content=\"3 minute\" \/>\n<script type=\"application\/ld+json\" class=\"yoast-schema-graph\">{\"@context\":\"https:\\\/\\\/schema.org\",\"@graph\":[{\"@type\":\"WebPage\",\"@id\":\"https:\\\/\\\/www.apolonija.hr\\\/sl\\\/zobozdravstveno-zdravljenje\\\/zdravljenje-temporomandibularnega-sklepa\\\/\",\"url\":\"https:\\\/\\\/www.apolonija.hr\\\/sl\\\/zobozdravstveno-zdravljenje\\\/zdravljenje-temporomandibularnega-sklepa\\\/\",\"name\":\"Zdravljenje temporomandibularnega sklepa - Stomatolo\u0161ka poliklinika Apolonija\",\"isPartOf\":{\"@id\":\"https:\\\/\\\/www.apolonija.hr\\\/sl\\\/#website\"},\"primaryImageOfPage\":{\"@id\":\"https:\\\/\\\/www.apolonija.hr\\\/sl\\\/zobozdravstveno-zdravljenje\\\/zdravljenje-temporomandibularnega-sklepa\\\/#primaryimage\"},\"image\":{\"@id\":\"https:\\\/\\\/www.apolonija.hr\\\/sl\\\/zobozdravstveno-zdravljenje\\\/zdravljenje-temporomandibularnega-sklepa\\\/#primaryimage\"},\"thumbnailUrl\":\"https:\\\/\\\/www.apolonija.hr\\\/wp-content\\\/uploads\\\/2020\\\/04\\\/stomatolog-apolonija-zagreb-centar-muskarac-osjeca-bol-u-celjusnom-zglobu.jpg\",\"datePublished\":\"2020-04-03T21:16:03+00:00\",\"dateModified\":\"2025-12-02T13:15:56+00:00\",\"description\":\"V polikliniki Apolonija uspe\u0161no zdravimo motnje \u010deljustnega sklepa. S sodobnim pristopom in analizo vzrokov bole\u010din lahko zmanj\u0161amo va\u0161e te\u017eave. Izvedite ve\u010d!\",\"breadcrumb\":{\"@id\":\"https:\\\/\\\/www.apolonija.hr\\\/sl\\\/zobozdravstveno-zdravljenje\\\/zdravljenje-temporomandibularnega-sklepa\\\/#breadcrumb\"},\"inLanguage\":\"sl-SI\",\"potentialAction\":[{\"@type\":\"ReadAction\",\"target\":[\"https:\\\/\\\/www.apolonija.hr\\\/sl\\\/zobozdravstveno-zdravljenje\\\/zdravljenje-temporomandibularnega-sklepa\\\/\"]}]},{\"@type\":\"ImageObject\",\"inLanguage\":\"sl-SI\",\"@id\":\"https:\\\/\\\/www.apolonija.hr\\\/sl\\\/zobozdravstveno-zdravljenje\\\/zdravljenje-temporomandibularnega-sklepa\\\/#primaryimage\",\"url\":\"https:\\\/\\\/www.apolonija.hr\\\/wp-content\\\/uploads\\\/2020\\\/04\\\/stomatolog-apolonija-zagreb-centar-muskarac-osjeca-bol-u-celjusnom-zglobu.jpg\",\"contentUrl\":\"https:\\\/\\\/www.apolonija.hr\\\/wp-content\\\/uploads\\\/2020\\\/04\\\/stomatolog-apolonija-zagreb-centar-muskarac-osjeca-bol-u-celjusnom-zglobu.jpg\",\"width\":1000,\"height\":667,\"caption\":\"Bole\u010dine v \u010deljustnem sklepu\"},{\"@type\":\"BreadcrumbList\",\"@id\":\"https:\\\/\\\/www.apolonija.hr\\\/sl\\\/zobozdravstveno-zdravljenje\\\/zdravljenje-temporomandibularnega-sklepa\\\/#breadcrumb\",\"itemListElement\":[{\"@type\":\"ListItem\",\"position\":1,\"name\":\"Apolonija\",\"item\":\"https:\\\/\\\/www.apolonija.hr\\\/sl\\\/apolonija\\\/\"},{\"@type\":\"ListItem\",\"position\":2,\"name\":\"Zobozdravstveno zdravljenje\",\"item\":\"https:\\\/\\\/www.apolonija.hr\\\/sl\\\/zobozdravstveno-zdravljenje\\\/\"},{\"@type\":\"ListItem\",\"position\":3,\"name\":\"Zdravljenje temporomandibularnega sklepa\"}]},{\"@type\":\"WebSite\",\"@id\":\"https:\\\/\\\/www.apolonija.hr\\\/sl\\\/#website\",\"url\":\"https:\\\/\\\/www.apolonija.hr\\\/sl\\\/\",\"name\":\"Stomatolo\u0161ka poliklinika Apolonija\",\"description\":\"\u017divljenje, polno nasmehov\",\"publisher\":{\"@id\":\"https:\\\/\\\/www.apolonija.hr\\\/sl\\\/#organization\"},\"potentialAction\":[{\"@type\":\"SearchAction\",\"target\":{\"@type\":\"EntryPoint\",\"urlTemplate\":\"https:\\\/\\\/www.apolonija.hr\\\/sl\\\/?s={search_term_string}\"},\"query-input\":{\"@type\":\"PropertyValueSpecification\",\"valueRequired\":true,\"valueName\":\"search_term_string\"}}],\"inLanguage\":\"sl-SI\"},{\"@type\":\"Organization\",\"@id\":\"https:\\\/\\\/www.apolonija.hr\\\/sl\\\/#organization\",\"name\":\"Stomatolo\u0161ka poliklinika Apolonija\",\"url\":\"https:\\\/\\\/www.apolonija.hr\\\/sl\\\/\",\"logo\":{\"@type\":\"ImageObject\",\"inLanguage\":\"sl-SI\",\"@id\":\"https:\\\/\\\/www.apolonija.hr\\\/sl\\\/#\\\/schema\\\/logo\\\/image\\\/\",\"url\":\"https:\\\/\\\/www.apolonija.hr\\\/wp-content\\\/uploads\\\/2019\\\/10\\\/logo-1.png\",\"contentUrl\":\"https:\\\/\\\/www.apolonija.hr\\\/wp-content\\\/uploads\\\/2019\\\/10\\\/logo-1.png\",\"width\":500,\"height\":140,\"caption\":\"Stomatolo\u0161ka poliklinika Apolonija\"},\"image\":{\"@id\":\"https:\\\/\\\/www.apolonija.hr\\\/sl\\\/#\\\/schema\\\/logo\\\/image\\\/\"},\"sameAs\":[\"https:\\\/\\\/www.facebook.com\\\/SPApolonija\\\/\",\"https:\\\/\\\/www.instagram.com\\\/poliklinikaapolonija\\\/\",\"https:\\\/\\\/www.linkedin.com\\\/company\\\/stomatolo\u0161ka-poliklinika-apolonija\\\/\",\"https:\\\/\\\/www.tiktok.com\\\/@poliklinikaapolonija\"]}]}<\/script>\n<!-- \/ Yoast SEO plugin. -->","yoast_head_json":{"title":"Zdravljenje temporomandibularnega sklepa - Stomatolo\u0161ka poliklinika Apolonija","description":"V polikliniki Apolonija uspe\u0161no zdravimo motnje \u010deljustnega sklepa. S sodobnim pristopom in analizo vzrokov bole\u010din lahko zmanj\u0161amo va\u0161e te\u017eave. Izvedite ve\u010d!","robots":{"index":"index","follow":"follow","max-snippet":"max-snippet:-1","max-image-preview":"max-image-preview:large","max-video-preview":"max-video-preview:-1"},"canonical":"https:\/\/www.apolonija.hr\/sl\/zobozdravstveno-zdravljenje\/zdravljenje-temporomandibularnega-sklepa\/","og_locale":"sl_SI","og_type":"article","og_title":"Zdravljenje temporomandibularnega sklepa - Stomatolo\u0161ka poliklinika Apolonija","og_description":"V polikliniki Apolonija uspe\u0161no zdravimo motnje \u010deljustnega sklepa. S sodobnim pristopom in analizo vzrokov bole\u010din lahko zmanj\u0161amo va\u0161e te\u017eave. Izvedite ve\u010d!","og_url":"https:\/\/www.apolonija.hr\/sl\/zobozdravstveno-zdravljenje\/zdravljenje-temporomandibularnega-sklepa\/","og_site_name":"Stomatolo\u0161ka poliklinika Apolonija","article_publisher":"https:\/\/www.facebook.com\/SPApolonija\/","article_modified_time":"2025-12-02T13:15:56+00:00","og_image":[{"width":1000,"height":667,"url":"https:\/\/www.apolonija.hr\/wp-content\/uploads\/2020\/04\/stomatolog-apolonija-zagreb-centar-muskarac-osjeca-bol-u-celjusnom-zglobu.jpg","type":"image\/jpeg"}],"twitter_card":"summary_large_image","twitter_misc":{"Est. reading time":"3 minute"},"schema":{"@context":"https:\/\/schema.org","@graph":[{"@type":"WebPage","@id":"https:\/\/www.apolonija.hr\/sl\/zobozdravstveno-zdravljenje\/zdravljenje-temporomandibularnega-sklepa\/","url":"https:\/\/www.apolonija.hr\/sl\/zobozdravstveno-zdravljenje\/zdravljenje-temporomandibularnega-sklepa\/","name":"Zdravljenje temporomandibularnega sklepa - Stomatolo\u0161ka poliklinika Apolonija","isPartOf":{"@id":"https:\/\/www.apolonija.hr\/sl\/#website"},"primaryImageOfPage":{"@id":"https:\/\/www.apolonija.hr\/sl\/zobozdravstveno-zdravljenje\/zdravljenje-temporomandibularnega-sklepa\/#primaryimage"},"image":{"@id":"https:\/\/www.apolonija.hr\/sl\/zobozdravstveno-zdravljenje\/zdravljenje-temporomandibularnega-sklepa\/#primaryimage"},"thumbnailUrl":"https:\/\/www.apolonija.hr\/wp-content\/uploads\/2020\/04\/stomatolog-apolonija-zagreb-centar-muskarac-osjeca-bol-u-celjusnom-zglobu.jpg","datePublished":"2020-04-03T21:16:03+00:00","dateModified":"2025-12-02T13:15:56+00:00","description":"V polikliniki Apolonija uspe\u0161no zdravimo motnje \u010deljustnega sklepa. S sodobnim pristopom in analizo vzrokov bole\u010din lahko zmanj\u0161amo va\u0161e te\u017eave. Izvedite ve\u010d!","breadcrumb":{"@id":"https:\/\/www.apolonija.hr\/sl\/zobozdravstveno-zdravljenje\/zdravljenje-temporomandibularnega-sklepa\/#breadcrumb"},"inLanguage":"sl-SI","potentialAction":[{"@type":"ReadAction","target":["https:\/\/www.apolonija.hr\/sl\/zobozdravstveno-zdravljenje\/zdravljenje-temporomandibularnega-sklepa\/"]}]},{"@type":"ImageObject","inLanguage":"sl-SI","@id":"https:\/\/www.apolonija.hr\/sl\/zobozdravstveno-zdravljenje\/zdravljenje-temporomandibularnega-sklepa\/#primaryimage","url":"https:\/\/www.apolonija.hr\/wp-content\/uploads\/2020\/04\/stomatolog-apolonija-zagreb-centar-muskarac-osjeca-bol-u-celjusnom-zglobu.jpg","contentUrl":"https:\/\/www.apolonija.hr\/wp-content\/uploads\/2020\/04\/stomatolog-apolonija-zagreb-centar-muskarac-osjeca-bol-u-celjusnom-zglobu.jpg","width":1000,"height":667,"caption":"Bole\u010dine v \u010deljustnem sklepu"},{"@type":"BreadcrumbList","@id":"https:\/\/www.apolonija.hr\/sl\/zobozdravstveno-zdravljenje\/zdravljenje-temporomandibularnega-sklepa\/#breadcrumb","itemListElement":[{"@type":"ListItem","position":1,"name":"Apolonija","item":"https:\/\/www.apolonija.hr\/sl\/apolonija\/"},{"@type":"ListItem","position":2,"name":"Zobozdravstveno zdravljenje","item":"https:\/\/www.apolonija.hr\/sl\/zobozdravstveno-zdravljenje\/"},{"@type":"ListItem","position":3,"name":"Zdravljenje temporomandibularnega sklepa"}]},{"@type":"WebSite","@id":"https:\/\/www.apolonija.hr\/sl\/#website","url":"https:\/\/www.apolonija.hr\/sl\/","name":"Stomatolo\u0161ka poliklinika Apolonija","description":"\u017divljenje, polno nasmehov","publisher":{"@id":"https:\/\/www.apolonija.hr\/sl\/#organization"},"potentialAction":[{"@type":"SearchAction","target":{"@type":"EntryPoint","urlTemplate":"https:\/\/www.apolonija.hr\/sl\/?s={search_term_string}"},"query-input":{"@type":"PropertyValueSpecification","valueRequired":true,"valueName":"search_term_string"}}],"inLanguage":"sl-SI"},{"@type":"Organization","@id":"https:\/\/www.apolonija.hr\/sl\/#organization","name":"Stomatolo\u0161ka poliklinika Apolonija","url":"https:\/\/www.apolonija.hr\/sl\/","logo":{"@type":"ImageObject","inLanguage":"sl-SI","@id":"https:\/\/www.apolonija.hr\/sl\/#\/schema\/logo\/image\/","url":"https:\/\/www.apolonija.hr\/wp-content\/uploads\/2019\/10\/logo-1.png","contentUrl":"https:\/\/www.apolonija.hr\/wp-content\/uploads\/2019\/10\/logo-1.png","width":500,"height":140,"caption":"Stomatolo\u0161ka poliklinika Apolonija"},"image":{"@id":"https:\/\/www.apolonija.hr\/sl\/#\/schema\/logo\/image\/"},"sameAs":["https:\/\/www.facebook.com\/SPApolonija\/","https:\/\/www.instagram.com\/poliklinikaapolonija\/","https:\/\/www.linkedin.com\/company\/stomatolo\u0161ka-poliklinika-apolonija\/","https:\/\/www.tiktok.com\/@poliklinikaapolonija"]}]}},"_links":{"self":[{"href":"https:\/\/www.apolonija.hr\/sl\/wp-json\/wp\/v2\/pages\/20938","targetHints":{"allow":["GET"]}}],"collection":[{"href":"https:\/\/www.apolonija.hr\/sl\/wp-json\/wp\/v2\/pages"}],"about":[{"href":"https:\/\/www.apolonija.hr\/sl\/wp-json\/wp\/v2\/types\/page"}],"author":[{"embeddable":true,"href":"https:\/\/www.apolonija.hr\/sl\/wp-json\/wp\/v2\/users\/15"}],"replies":[{"embeddable":true,"href":"https:\/\/www.apolonija.hr\/sl\/wp-json\/wp\/v2\/comments?post=20938"}],"version-history":[{"count":6,"href":"https:\/\/www.apolonija.hr\/sl\/wp-json\/wp\/v2\/pages\/20938\/revisions"}],"predecessor-version":[{"id":23757,"href":"https:\/\/www.apolonija.hr\/sl\/wp-json\/wp\/v2\/pages\/20938\/revisions\/23757"}],"up":[{"embeddable":true,"href":"https:\/\/www.apolonija.hr\/sl\/wp-json\/wp\/v2\/pages\/20889"}],"wp:featuredmedia":[{"embeddable":true,"href":"https:\/\/www.apolonija.hr\/sl\/wp-json\/wp\/v2\/media\/9787"}],"wp:attachment":[{"href":"https:\/\/www.apolonija.hr\/sl\/wp-json\/wp\/v2\/media?parent=20938"}],"curies":[{"name":"wp","href":"https:\/\/api.w.org\/{rel}","templated":true}]}}