{"id":20947,"date":"2020-04-02T13:45:38","date_gmt":"2020-04-02T11:45:38","guid":{"rendered":"https:\/\/www.apolonija.hr\/zobni-aparat\/invisalign-prozorni-zobni-aparat\/"},"modified":"2025-05-09T00:54:55","modified_gmt":"2025-05-08T22:54:55","slug":"invisalign-prozorni-zobni-aparat","status":"publish","type":"page","link":"https:\/\/www.apolonija.hr\/sl\/zobni-aparat\/invisalign-prozorni-zobni-aparat\/","title":{"rendered":"Invisalign &#8211; prozorni zobni aparat"},"content":{"rendered":"<section class=\"l-section wpb_row height_small\"><div class=\"l-section-h i-cf\"><div class=\"g-cols vc_row via_grid cols_1 laptops-cols_inherit tablets-cols_inherit mobiles-cols_1 valign_top type_default stacking_default\"><div class=\"wpb_column vc_column_container\"><div class=\"vc_column-inner\"><div class=\"wpb_text_column\"><div class=\"wpb_wrapper\"><h2>Kaj je Invisalign in kako deluje?<\/h2>\n<p><span style=\"font-weight: 400;\">Invisalign je sistem prozornih opornic ali vstavkov (prvotno &#8220;alignerji&#8221;), ki se uporabljajo za premikanje zob in popravljanje ugriza.<\/span><span style=\"font-weight: 400;\"><br \/><\/span><span style=\"font-weight: 400;\">Prozorne Invisalign plo\u0161\u010de so izdelane individualno za vsakega pacienta, v skladu z na\u010drtom zdravljenja. Na zobe se namestijo izrastki (prvotno &#8220;nastavki&#8221;) iz materiala v barvi zob. Folije s svojimi utori oprimejo izbokline in se trdno prilepijo na zobe.    <\/span><\/p>\n<p><span style=\"font-weight: 400;\">Glede na na\u010drt zdravljenja bo pacient prejel dolo\u010deno \u0161tevilo Invisalign vlo\u017ekov. V dimenzije in arhitekturo vsake folije je vgrajen majhen, a natan\u010dno na\u010drtovan odmik zob glede na prej\u0161njo prozorno folijo. Na ta na\u010din se z menjavo ene folije za drugo vsakih 10\u201314 dni zobje postopoma premaknejo proti \u017eelenemu polo\u017eaju.  <\/span><\/p>\n<p><span style=\"font-weight: 400;\">Sistem Invisalign<\/span> <span style=\"font-weight: 400;\">Uporablja se za razli\u010dne ortodontske anomalije. Kot pri vsaki ortodontski terapiji je cilj odpraviti nepravilnosti ugriza in nato izbolj\u0161ati estetiko nasmeha. <\/span><span style=\"font-weight: 400;\"><br \/><\/span><span style=\"font-weight: 400;\">Terapija z Invisalign obi\u010dajno traja tako dolgo kot klasi\u010dna ortodontska terapija, med 1 in 2 letoma.<\/span><span style=\"font-weight: 400;\"><br \/><\/span><span style=\"font-weight: 400;\">\u0160tevilo vlo\u017ekov in trajanje terapije z Invisalign dolo\u010dijo na\u0161i specialisti.<\/span><\/p>\n<\/p>\n<h2>Je Invisalign tako u\u010dinkovit kot drugi zobni aparati <b>?<\/b><\/h2>\n<p><span style=\"font-weight: 400;\">Najprej je treba upo\u0161tevati, da je zobni aparat le orodje v rokah ortodonta, zato v Apoloniji uporabljamo razli\u010dne sisteme, da bi bila ortodontska terapija \u010dim bolj uspe\u0161na.<\/span><span style=\"font-weight: 400;\"><br \/><\/span><span style=\"font-weight: 400;\">V nekaterih primerih je Invisalign enako uspe\u0161en kot drugi ortodontski aparati.<\/span><\/p>\n<p><span style=\"font-weight: 400;\">Vendar pa ima tudi svoje omejitve. Invisalign ni nadomestilo za vsako ortodontsko terapijo in ni primeren za vsako ortodontsko anomalijo. Obstajajo znanstvene \u0161tudije, ki jasno ka\u017eejo, za kaj je bolje uporabljati alignerje in za kaj klasi\u010dne ortodontske aparate.  <\/span><span style=\"font-weight: 400;\"><br \/><\/span><span style=\"font-weight: 400;\">Zato je potrebno, da ortodont specialist oceni najprimernej\u0161o vrsto terapije.  <\/span><\/p><\/p>\n<\/div><\/div><\/div><\/div><\/div><\/div><\/section><div class=\"jc-cta cta-prvi-pregled\">\n\t<p style=\"font-weight:600;\">Pregled v polikliniki Apolonija rezervirajte prek telefonskega klica, WhatsAppa ali izpolnite kontaktni obrazec.<\/p>\n\t<a class=\"telefon w-btn us-btn-style_29 icon_atleft\" href=\"tel:+385 1 4883 800\"><i class=\"fas fa-phone-rotary\"><\/i><span class=\"w-btn-label\">+385 1 4883 800<\/span><\/a>\n\t<a class=\"whatsapp w-btn us-btn-style_29 icon_atleft\" href=\"https:\/\/wa.me\/385914883800\"><i class=\"fab fa-whatsapp\"><\/i><span class=\"w-btn-label\">+385 91 4883 800<\/span><\/a>\n\t<\/div>\n","protected":false},"excerpt":{"rendered":"<p>Prozorni zobni aparati Invisalign so bili prvi, ki so omogo\u010dili nekaj, \u010desar noben drug zobni aparat prej ni mogel: da sta le vi in \u200b\u200bva\u0161 ortodont vedela za va\u0161e ortodontsko zdravljenje.<\/p>\n","protected":false},"author":15,"featured_media":9211,"parent":20898,"menu_order":6,"comment_status":"closed","ping_status":"closed","template":"","meta":{"_acf_changed":false,"footnotes":""},"class_list":["post-20947","page","type-page","status-publish","has-post-thumbnail","hentry"],"acf":[],"yoast_head":"<!-- This site is optimized with the Yoast SEO plugin v27.5 - https:\/\/yoast.com\/product\/yoast-seo-wordpress\/ -->\n<title>Invisalign - prozorni zobni aparat - Stomatolo\u0161ka poliklinika Apolonija<\/title>\n<meta name=\"description\" content=\"Prozorni zobni aparat Invisalign je omogo\u010dil nekaj, kar prej ni bilo mogo\u010de: da samo vi in \u200b\u200bortodont veste za va\u0161e ortodontsko zdravljenje. Izvedite ve\u010d!\" \/>\n<meta name=\"robots\" content=\"index, follow, max-snippet:-1, max-image-preview:large, max-video-preview:-1\" \/>\n<link rel=\"canonical\" href=\"https:\/\/www.apolonija.hr\/sl\/zobni-aparat\/invisalign-prozorni-zobni-aparat\/\" \/>\n<meta property=\"og:locale\" content=\"sl_SI\" \/>\n<meta property=\"og:type\" content=\"article\" \/>\n<meta property=\"og:title\" content=\"Invisalign - prozorni zobni aparat - Stomatolo\u0161ka poliklinika Apolonija\" \/>\n<meta property=\"og:description\" content=\"Prozorni zobni aparat Invisalign je omogo\u010dil nekaj, kar prej ni bilo mogo\u010de: da samo vi in \u200b\u200bortodont veste za va\u0161e ortodontsko zdravljenje. Izvedite ve\u010d!\" \/>\n<meta property=\"og:url\" content=\"https:\/\/www.apolonija.hr\/sl\/zobni-aparat\/invisalign-prozorni-zobni-aparat\/\" \/>\n<meta property=\"og:site_name\" content=\"Stomatolo\u0161ka poliklinika Apolonija\" \/>\n<meta property=\"article:publisher\" content=\"https:\/\/www.facebook.com\/SPApolonija\/\" \/>\n<meta property=\"article:modified_time\" content=\"2025-05-08T22:54:55+00:00\" \/>\n<meta name=\"twitter:card\" content=\"summary_large_image\" \/>\n<meta name=\"twitter:label1\" content=\"Est. reading time\" \/>\n\t<meta name=\"twitter:data1\" content=\"2 minuti\" \/>\n<script type=\"application\/ld+json\" class=\"yoast-schema-graph\">{\"@context\":\"https:\\\/\\\/schema.org\",\"@graph\":[{\"@type\":\"WebPage\",\"@id\":\"https:\\\/\\\/www.apolonija.hr\\\/sl\\\/zobni-aparat\\\/invisalign-prozorni-zobni-aparat\\\/\",\"url\":\"https:\\\/\\\/www.apolonija.hr\\\/sl\\\/zobni-aparat\\\/invisalign-prozorni-zobni-aparat\\\/\",\"name\":\"Invisalign - prozorni zobni aparat - Stomatolo\u0161ka poliklinika Apolonija\",\"isPartOf\":{\"@id\":\"https:\\\/\\\/www.apolonija.hr\\\/sl\\\/#website\"},\"primaryImageOfPage\":{\"@id\":\"https:\\\/\\\/www.apolonija.hr\\\/sl\\\/zobni-aparat\\\/invisalign-prozorni-zobni-aparat\\\/#primaryimage\"},\"image\":{\"@id\":\"https:\\\/\\\/www.apolonija.hr\\\/sl\\\/zobni-aparat\\\/invisalign-prozorni-zobni-aparat\\\/#primaryimage\"},\"thumbnailUrl\":\"https:\\\/\\\/www.apolonija.hr\\\/wp-content\\\/uploads\\\/2020\\\/06\\\/Stomatoloska-poliklinika-apolonija-zagreb_invisalign-na-zubima.jpg\",\"datePublished\":\"2020-04-02T11:45:38+00:00\",\"dateModified\":\"2025-05-08T22:54:55+00:00\",\"description\":\"Prozorni zobni aparat Invisalign je omogo\u010dil nekaj, kar prej ni bilo mogo\u010de: da samo vi in \u200b\u200bortodont veste za va\u0161e ortodontsko zdravljenje. Izvedite ve\u010d!\",\"breadcrumb\":{\"@id\":\"https:\\\/\\\/www.apolonija.hr\\\/sl\\\/zobni-aparat\\\/invisalign-prozorni-zobni-aparat\\\/#breadcrumb\"},\"inLanguage\":\"sl-SI\",\"potentialAction\":[{\"@type\":\"ReadAction\",\"target\":[\"https:\\\/\\\/www.apolonija.hr\\\/sl\\\/zobni-aparat\\\/invisalign-prozorni-zobni-aparat\\\/\"]}]},{\"@type\":\"ImageObject\",\"inLanguage\":\"sl-SI\",\"@id\":\"https:\\\/\\\/www.apolonija.hr\\\/sl\\\/zobni-aparat\\\/invisalign-prozorni-zobni-aparat\\\/#primaryimage\",\"url\":\"https:\\\/\\\/www.apolonija.hr\\\/wp-content\\\/uploads\\\/2020\\\/06\\\/Stomatoloska-poliklinika-apolonija-zagreb_invisalign-na-zubima.jpg\",\"contentUrl\":\"https:\\\/\\\/www.apolonija.hr\\\/wp-content\\\/uploads\\\/2020\\\/06\\\/Stomatoloska-poliklinika-apolonija-zagreb_invisalign-na-zubima.jpg\",\"width\":1200,\"height\":800},{\"@type\":\"BreadcrumbList\",\"@id\":\"https:\\\/\\\/www.apolonija.hr\\\/sl\\\/zobni-aparat\\\/invisalign-prozorni-zobni-aparat\\\/#breadcrumb\",\"itemListElement\":[{\"@type\":\"ListItem\",\"position\":1,\"name\":\"Apolonija\",\"item\":\"https:\\\/\\\/www.apolonija.hr\\\/sl\\\/apolonija\\\/\"},{\"@type\":\"ListItem\",\"position\":2,\"name\":\"Zobni aparat\",\"item\":\"https:\\\/\\\/www.apolonija.hr\\\/sl\\\/zobni-aparat\\\/\"},{\"@type\":\"ListItem\",\"position\":3,\"name\":\"Invisalign &#8211; prozorni zobni aparat\"}]},{\"@type\":\"WebSite\",\"@id\":\"https:\\\/\\\/www.apolonija.hr\\\/sl\\\/#website\",\"url\":\"https:\\\/\\\/www.apolonija.hr\\\/sl\\\/\",\"name\":\"Stomatolo\u0161ka poliklinika Apolonija\",\"description\":\"\u017divljenje, polno nasmehov\",\"publisher\":{\"@id\":\"https:\\\/\\\/www.apolonija.hr\\\/sl\\\/#organization\"},\"potentialAction\":[{\"@type\":\"SearchAction\",\"target\":{\"@type\":\"EntryPoint\",\"urlTemplate\":\"https:\\\/\\\/www.apolonija.hr\\\/sl\\\/?s={search_term_string}\"},\"query-input\":{\"@type\":\"PropertyValueSpecification\",\"valueRequired\":true,\"valueName\":\"search_term_string\"}}],\"inLanguage\":\"sl-SI\"},{\"@type\":\"Organization\",\"@id\":\"https:\\\/\\\/www.apolonija.hr\\\/sl\\\/#organization\",\"name\":\"Stomatolo\u0161ka poliklinika Apolonija\",\"url\":\"https:\\\/\\\/www.apolonija.hr\\\/sl\\\/\",\"logo\":{\"@type\":\"ImageObject\",\"inLanguage\":\"sl-SI\",\"@id\":\"https:\\\/\\\/www.apolonija.hr\\\/sl\\\/#\\\/schema\\\/logo\\\/image\\\/\",\"url\":\"https:\\\/\\\/www.apolonija.hr\\\/wp-content\\\/uploads\\\/2019\\\/10\\\/logo-1.png\",\"contentUrl\":\"https:\\\/\\\/www.apolonija.hr\\\/wp-content\\\/uploads\\\/2019\\\/10\\\/logo-1.png\",\"width\":500,\"height\":140,\"caption\":\"Stomatolo\u0161ka poliklinika Apolonija\"},\"image\":{\"@id\":\"https:\\\/\\\/www.apolonija.hr\\\/sl\\\/#\\\/schema\\\/logo\\\/image\\\/\"},\"sameAs\":[\"https:\\\/\\\/www.facebook.com\\\/SPApolonija\\\/\",\"https:\\\/\\\/www.instagram.com\\\/poliklinikaapolonija\\\/\",\"https:\\\/\\\/www.linkedin.com\\\/company\\\/stomatolo\u0161ka-poliklinika-apolonija\\\/\",\"https:\\\/\\\/www.tiktok.com\\\/@poliklinikaapolonija\"]}]}<\/script>\n<!-- \/ Yoast SEO plugin. -->","yoast_head_json":{"title":"Invisalign - prozorni zobni aparat - Stomatolo\u0161ka poliklinika Apolonija","description":"Prozorni zobni aparat Invisalign je omogo\u010dil nekaj, kar prej ni bilo mogo\u010de: da samo vi in \u200b\u200bortodont veste za va\u0161e ortodontsko zdravljenje. Izvedite ve\u010d!","robots":{"index":"index","follow":"follow","max-snippet":"max-snippet:-1","max-image-preview":"max-image-preview:large","max-video-preview":"max-video-preview:-1"},"canonical":"https:\/\/www.apolonija.hr\/sl\/zobni-aparat\/invisalign-prozorni-zobni-aparat\/","og_locale":"sl_SI","og_type":"article","og_title":"Invisalign - prozorni zobni aparat - Stomatolo\u0161ka poliklinika Apolonija","og_description":"Prozorni zobni aparat Invisalign je omogo\u010dil nekaj, kar prej ni bilo mogo\u010de: da samo vi in \u200b\u200bortodont veste za va\u0161e ortodontsko zdravljenje. Izvedite ve\u010d!","og_url":"https:\/\/www.apolonija.hr\/sl\/zobni-aparat\/invisalign-prozorni-zobni-aparat\/","og_site_name":"Stomatolo\u0161ka poliklinika Apolonija","article_publisher":"https:\/\/www.facebook.com\/SPApolonija\/","article_modified_time":"2025-05-08T22:54:55+00:00","twitter_card":"summary_large_image","twitter_misc":{"Est. reading time":"2 minuti"},"schema":{"@context":"https:\/\/schema.org","@graph":[{"@type":"WebPage","@id":"https:\/\/www.apolonija.hr\/sl\/zobni-aparat\/invisalign-prozorni-zobni-aparat\/","url":"https:\/\/www.apolonija.hr\/sl\/zobni-aparat\/invisalign-prozorni-zobni-aparat\/","name":"Invisalign - prozorni zobni aparat - Stomatolo\u0161ka poliklinika Apolonija","isPartOf":{"@id":"https:\/\/www.apolonija.hr\/sl\/#website"},"primaryImageOfPage":{"@id":"https:\/\/www.apolonija.hr\/sl\/zobni-aparat\/invisalign-prozorni-zobni-aparat\/#primaryimage"},"image":{"@id":"https:\/\/www.apolonija.hr\/sl\/zobni-aparat\/invisalign-prozorni-zobni-aparat\/#primaryimage"},"thumbnailUrl":"https:\/\/www.apolonija.hr\/wp-content\/uploads\/2020\/06\/Stomatoloska-poliklinika-apolonija-zagreb_invisalign-na-zubima.jpg","datePublished":"2020-04-02T11:45:38+00:00","dateModified":"2025-05-08T22:54:55+00:00","description":"Prozorni zobni aparat Invisalign je omogo\u010dil nekaj, kar prej ni bilo mogo\u010de: da samo vi in \u200b\u200bortodont veste za va\u0161e ortodontsko zdravljenje. Izvedite ve\u010d!","breadcrumb":{"@id":"https:\/\/www.apolonija.hr\/sl\/zobni-aparat\/invisalign-prozorni-zobni-aparat\/#breadcrumb"},"inLanguage":"sl-SI","potentialAction":[{"@type":"ReadAction","target":["https:\/\/www.apolonija.hr\/sl\/zobni-aparat\/invisalign-prozorni-zobni-aparat\/"]}]},{"@type":"ImageObject","inLanguage":"sl-SI","@id":"https:\/\/www.apolonija.hr\/sl\/zobni-aparat\/invisalign-prozorni-zobni-aparat\/#primaryimage","url":"https:\/\/www.apolonija.hr\/wp-content\/uploads\/2020\/06\/Stomatoloska-poliklinika-apolonija-zagreb_invisalign-na-zubima.jpg","contentUrl":"https:\/\/www.apolonija.hr\/wp-content\/uploads\/2020\/06\/Stomatoloska-poliklinika-apolonija-zagreb_invisalign-na-zubima.jpg","width":1200,"height":800},{"@type":"BreadcrumbList","@id":"https:\/\/www.apolonija.hr\/sl\/zobni-aparat\/invisalign-prozorni-zobni-aparat\/#breadcrumb","itemListElement":[{"@type":"ListItem","position":1,"name":"Apolonija","item":"https:\/\/www.apolonija.hr\/sl\/apolonija\/"},{"@type":"ListItem","position":2,"name":"Zobni aparat","item":"https:\/\/www.apolonija.hr\/sl\/zobni-aparat\/"},{"@type":"ListItem","position":3,"name":"Invisalign &#8211; prozorni zobni aparat"}]},{"@type":"WebSite","@id":"https:\/\/www.apolonija.hr\/sl\/#website","url":"https:\/\/www.apolonija.hr\/sl\/","name":"Stomatolo\u0161ka poliklinika Apolonija","description":"\u017divljenje, polno nasmehov","publisher":{"@id":"https:\/\/www.apolonija.hr\/sl\/#organization"},"potentialAction":[{"@type":"SearchAction","target":{"@type":"EntryPoint","urlTemplate":"https:\/\/www.apolonija.hr\/sl\/?s={search_term_string}"},"query-input":{"@type":"PropertyValueSpecification","valueRequired":true,"valueName":"search_term_string"}}],"inLanguage":"sl-SI"},{"@type":"Organization","@id":"https:\/\/www.apolonija.hr\/sl\/#organization","name":"Stomatolo\u0161ka poliklinika Apolonija","url":"https:\/\/www.apolonija.hr\/sl\/","logo":{"@type":"ImageObject","inLanguage":"sl-SI","@id":"https:\/\/www.apolonija.hr\/sl\/#\/schema\/logo\/image\/","url":"https:\/\/www.apolonija.hr\/wp-content\/uploads\/2019\/10\/logo-1.png","contentUrl":"https:\/\/www.apolonija.hr\/wp-content\/uploads\/2019\/10\/logo-1.png","width":500,"height":140,"caption":"Stomatolo\u0161ka poliklinika Apolonija"},"image":{"@id":"https:\/\/www.apolonija.hr\/sl\/#\/schema\/logo\/image\/"},"sameAs":["https:\/\/www.facebook.com\/SPApolonija\/","https:\/\/www.instagram.com\/poliklinikaapolonija\/","https:\/\/www.linkedin.com\/company\/stomatolo\u0161ka-poliklinika-apolonija\/","https:\/\/www.tiktok.com\/@poliklinikaapolonija"]}]}},"_links":{"self":[{"href":"https:\/\/www.apolonija.hr\/sl\/wp-json\/wp\/v2\/pages\/20947","targetHints":{"allow":["GET"]}}],"collection":[{"href":"https:\/\/www.apolonija.hr\/sl\/wp-json\/wp\/v2\/pages"}],"about":[{"href":"https:\/\/www.apolonija.hr\/sl\/wp-json\/wp\/v2\/types\/page"}],"author":[{"embeddable":true,"href":"https:\/\/www.apolonija.hr\/sl\/wp-json\/wp\/v2\/users\/15"}],"replies":[{"embeddable":true,"href":"https:\/\/www.apolonija.hr\/sl\/wp-json\/wp\/v2\/comments?post=20947"}],"version-history":[{"count":2,"href":"https:\/\/www.apolonija.hr\/sl\/wp-json\/wp\/v2\/pages\/20947\/revisions"}],"predecessor-version":[{"id":20954,"href":"https:\/\/www.apolonija.hr\/sl\/wp-json\/wp\/v2\/pages\/20947\/revisions\/20954"}],"up":[{"embeddable":true,"href":"https:\/\/www.apolonija.hr\/sl\/wp-json\/wp\/v2\/pages\/20898"}],"wp:featuredmedia":[{"embeddable":true,"href":"https:\/\/www.apolonija.hr\/sl\/wp-json\/wp\/v2\/media\/9211"}],"wp:attachment":[{"href":"https:\/\/www.apolonija.hr\/sl\/wp-json\/wp\/v2\/media?parent=20947"}],"curies":[{"name":"wp","href":"https:\/\/api.w.org\/{rel}","templated":true}]}}