{"id":20951,"date":"2020-04-04T21:28:19","date_gmt":"2020-04-04T19:28:19","guid":{"rendered":"https:\/\/www.apolonija.hr\/lepsi-nasmeh\/zobne-luske\/"},"modified":"2025-05-12T12:43:29","modified_gmt":"2025-05-12T10:43:29","slug":"zobne-luske","status":"publish","type":"page","link":"https:\/\/www.apolonija.hr\/sl\/lepsi-nasmeh\/zobne-luske\/","title":{"rendered":"Zobne luske"},"content":{"rendered":"<section class=\"l-section wpb_row height_small\"><div class=\"l-section-h i-cf\"><div class=\"g-cols vc_row via_grid cols_1 laptops-cols_inherit tablets-cols_inherit mobiles-cols_1 valign_top type_default stacking_default\"><div class=\"wpb_column vc_column_container\"><div class=\"vc_column-inner\"><div class=\"wpb_text_column\"><div class=\"wpb_wrapper\"><h2>Najhitrej\u0161a korekcija stalnih zob, ki vodi do ble\u0161\u010de\u010dega novega nasmeha.<\/h2>\n<p><span style=\"font-weight: 400;\">Kerami\u010dne zobne luske so kerami\u010dne plo\u0161\u010dice, ki se namestijo na obstoje\u010de zobe, najpogosteje v predelu nasmeha. Za vsakega pacienta so individualno zasnovani in se prilepijo na sprednjo povr\u0161ino zob.  Pogosto se uporabljajo za poudarjanje lepote nasmeha in so odli\u010dna izbira za paciente, ki so nezadovoljni z obliko, barvo in velikostjo svojih zob.<\/span><\/p>\n<p>&nbsp;<\/p>\n<figure id=\"attachment_9159\" aria-describedby=\"caption-attachment-9159\" style=\"width: 450px\" class=\"wp-caption aligncenter\"><a ref=\"magnificPopup\" href=\"https:\/\/www.apolonija.hr\/wp-content\/uploads\/2020\/04\/stomatolog-apolonija-zagreb-centar-3D-ilustracija-nacina-na-koji-se-lijepe-zubne-ljuskice-450x287.jpg\"><img decoding=\"async\" class=\"size-medium wp-image-6200\" src=\"https:\/\/www.apolonija.hr\/wp-content\/uploads\/2020\/04\/stomatolog-apolonija-zagreb-centar-3D-ilustracija-nacina-na-koji-se-lijepe-zubne-ljuskice-450x287.jpg\" alt=\"3D-ilustracija-kako-pritrditi-zobe-veneers\" width=\"450\" height=\"287\" srcset=\"https:\/\/www.apolonija.hr\/wp-content\/uploads\/2020\/04\/stomatolog-apolonija-zagreb-centar-3D-ilustracija-nacina-na-koji-se-lijepe-zubne-ljuskice-450x287.jpg 450w, https:\/\/www.apolonija.hr\/wp-content\/uploads\/2020\/04\/stomatolog-apolonija-zagreb-centar-3D-ilustracija-nacina-na-koji-se-lijepe-zubne-ljuskice-768x489.jpg 768w, https:\/\/www.apolonija.hr\/wp-content\/uploads\/2020\/04\/stomatolog-apolonija-zagreb-centar-3D-ilustracija-nacina-na-koji-se-lijepe-zubne-ljuskice-600x382.jpg 600w, https:\/\/www.apolonija.hr\/wp-content\/uploads\/2020\/04\/stomatolog-apolonija-zagreb-centar-3D-ilustracija-nacina-na-koji-se-lijepe-zubne-ljuskice.jpg 1000w\" sizes=\"(max-width: 450px) 100vw, 450px\" \/><\/a><figcaption id=\"caption-attachment-9159\" class=\"wp-caption-text\">Furnirji se namestijo na sprednjo povr\u0161ino zob.<\/figcaption><\/figure>\n<h2>Katere napake lahko odpravite z zobnimi luskami?<\/h2>\n<p><span style=\"font-weight: 400;\">Kerami\u010dne zobne luske lahko popravijo manj\u0161e estetske napake, kot so:<\/span><\/p>\n<ul>\n<li style=\"list-style-type: none;\">\n<ul>\n<li style=\"font-weight: 400;\" aria-level=\"1\"><span style=\"font-weight: 400;\">obraba zob<\/span><\/li>\n<li style=\"font-weight: 400;\" aria-level=\"1\"><span style=\"font-weight: 400;\">potemnjeni in obarvani zobje<\/span><\/li>\n<li style=\"font-weight: 400;\" aria-level=\"1\"><span style=\"font-weight: 400;\">nepravilen polo\u017eaj, npr. rahlo zasukani ali ukrivljeni zobje <\/span><\/li>\n<li style=\"font-weight: 400;\" aria-level=\"1\"><span style=\"font-weight: 400;\">vrzeli med zobmi<\/span><\/li>\n<li style=\"font-weight: 400;\" aria-level=\"1\"><span style=\"font-weight: 400;\">okru\u0161eni in druga\u010de po\u0161kodovani zobje<\/span><\/li>\n<li style=\"font-weight: 400;\" aria-level=\"1\"><span style=\"font-weight: 400;\">dodajanje volumna zobem<\/span><\/li>\n<\/ul>\n<\/li>\n<\/ul>\n<h2>Iz \u010desa so narejene zobne luske?<\/h2>\n<p><span style=\"font-weight: 400;\">\u010ceprav obstajajo tudi druge vrste lusk, kot so kompozitne luske, v zobni kliniki Apolonija<\/span> <b>vgrajujemo le kerami\u010dne<\/b> <span style=\"font-weight: 400;\">zobne luske.<\/span><\/p>\n<p><span style=\"font-weight: 400;\">Imajo \u0161tevilne prednosti glede kakovosti, videza in trajnosti:<\/span><\/p>\n<ul>\n<li style=\"font-weight: 400;\" aria-level=\"1\"><span style=\"font-weight: 400;\">Kerami\u010dne fasete imajo dolgo obstojnost in trajen videz.<\/span><\/li>\n<li style=\"font-weight: 400;\" aria-level=\"1\"><span style=\"font-weight: 400;\">Kerami\u010dne zobne luske ne vpijajo pigmentov iz hrane in pija\u010de, zato bodo dolgo \u010dasa ostale bele.<\/span><\/li>\n<li style=\"font-weight: 400;\" aria-level=\"1\"><span style=\"font-weight: 400;\">Kerami\u010dne zobne luske imajo visok sijaj in popolnoma poustvarijo naravno lepoto zob.<\/span><\/li>\n<\/ul>\n<h2>Furnirja ni mogo\u010de namestiti takoj, \u010de:<\/h2>\n<p>&nbsp;<\/p>\n<p><b>1) va\u0161i zobje so bili rekonstruirani s plombami<\/b><\/p>\n<p><span style=\"font-weight: 400;\">Te\u017eava pri name\u0161\u010danju kerami\u010dnih zobnih lusk so lahko zalivke. \u010ce zavzemajo velik del zoba, ne moremo namestiti lusk in bo treba izdelati kerami\u010dno krono.   <\/span><\/p>\n<p><b>2) imate karies ali vnetje<\/b><\/p>\n<p><span style=\"font-weight: 400;\">Poleg tega morajo biti zobje zdravi, brez kariesa. Zobozdravnik bo temeljito pregledal va\u0161e zobe in sprejel sklep o tem, ali vam lahko namestijo luske. Ko se zobje zacelijo, je najpogosteje mogo\u010de namestiti zobne luske.  <\/span><\/p>\n<p><b>3) \u0161kripanje z zobmi &#8211; bruksizem<\/b><\/p>\n<p><span style=\"font-weight: 400;\">\u0160kripanje z zobmi lahko po\u0161koduje ali popolnoma odlomi name\u0161\u010dene luske. Zato moramo pred njihovo namestitvijo ugotoviti, ali je ta \u0161kodljiva navada prisotna. <\/span><\/p>\n<p><b>4) imate umikanje dlesni \u2013 pove\u010danje zobne krone<\/b><\/p>\n<p><span style=\"font-weight: 400;\">V\u010dasih je gingiva izjemno spu\u0161\u010dena nad zob, zato je pred namestitvijo luskin potrebno izena\u010diti vi\u0161ino gingive na vsakem zobu. To je postopek za pove\u010danje zobne krone (gingivektomija). Gingivektomija je rutinska in varna metoda, ki se izvaja z laserjem v Apolloniji.  <\/span><span style=\"font-weight: 400;\"><br \/><\/span><span style=\"font-weight: 400;\">Lasersko odstranjevanje odve\u010dnih dlesni nima \u0161kodljivega vpliva na okoli\u0161ka tkiva, je zelo selektivno, ne povzro\u010da krvavitev in daje predvidljiv rezultat.<\/span><\/p>\n<h2>Kako se name\u0161\u010dajo kerami\u010dne zobne luske?<\/h2>\n<p><b>1. korak: Priprava zob za furnirje<\/b><\/p>\n<p><span style=\"font-weight: 400;\">Zob je treba pripraviti z bru\u0161enjem za lepljenje faset. Koli\u010dina zoba, ki jo je treba zbrusiti, je odvisna od tega, kaj \u017eelite dose\u010di s kerami\u010dnimi luskami. Na primer, \u010de \u017eelite zobu dodati volumen, je potrebno manj bru\u0161enja kot pri spreminjanju kota ali barve zoba.  <\/span><span style=\"font-weight: 400;\"><br \/><\/span><span style=\"font-weight: 400;\">Bru\u0161enje je minimalno invazivno. Postopek se izvaja v lokalni anesteziji, zato pacient med bru\u0161enjem ne \u010duti bole\u010din. <\/span><\/p>\n<p><span style=\"font-weight: 400;\"><br \/><\/span><b>2. korak: Jemanje odtisa<\/b><\/p>\n<p><span style=\"font-weight: 400;\">Nato naredimo digitalni odtis va\u0161ih zob. Na podlagi tega bomo v zobotehni\u010dnem laboratoriju izdelali luske. Na zobe namestimo za\u010dasne luske, da za\u0161\u010ditimo zob.    <\/span><\/p>\n<p>&nbsp;<\/p>\n<p><b>3. korak: Namestitev kerami\u010dnih faset<\/b><\/p>\n<p><span style=\"font-weight: 400;\">Kerami\u010dne zobne luske bodo izdelane v nekaj dneh. Pred trajno fiksacijo faset bomo s pacientom preverili, ali je zadovoljen z odtenkom in obliko faset.  Sledi cementiranje furnirjev.<\/span><\/p>\n<p><b>Naro\u010dite se na posvet<\/b> <span style=\"font-weight: 400;\">z na\u0161imi zobozdravniki, da bomo lahko ocenili va\u0161e stanje, prisluhnili va\u0161im \u017eeljam in vam priporo\u010dili re\u0161itev, ki vam bo podarila nasmeh, ki si ga \u017eelite.<\/span> <\/p>\n<\/div><\/div><\/div><\/div><\/div><\/div><\/section><div class=\"jc-cta cta-prvi-pregled\">\n\t<p style=\"\">Pregled v polikliniki Apolonija rezervirajte prek telefonskega klica, WhatsAppa ali izpolnite kontaktni obrazec.<\/p>\n\t<a class=\"telefon w-btn us-btn-style_29 icon_atleft\" href=\"tel:+385 1 4883 800\"><i class=\"fas fa-phone-rotary\"><\/i><span class=\"w-btn-label\">+385 1 4883 800<\/span><\/a>\n\t<a class=\"whatsapp w-btn us-btn-style_29 icon_atleft\" href=\"https:\/\/wa.me\/385914883800\"><i class=\"fab fa-whatsapp\"><\/i><span class=\"w-btn-label\">+385 91 4883 800<\/span><\/a>\n\t<\/div>\n","protected":false},"excerpt":{"rendered":"<p>Kerami\u010dne zobne luske so najhitrej\u0161i na\u010din za korekcijo zob in doseganje pomembne ter trajne spremembe va\u0161ega nasmeha. Zato ni presenetljivo, da se hollywoodski nasmehi najpogosteje ustvarjajo s pomo\u010djo kerami\u010dnih zobnih luskin. <\/p>\n","protected":false},"author":15,"featured_media":16530,"parent":20880,"menu_order":4,"comment_status":"closed","ping_status":"closed","template":"","meta":{"_acf_changed":false,"footnotes":""},"class_list":["post-20951","page","type-page","status-publish","has-post-thumbnail","hentry"],"acf":[],"yoast_head":"<!-- This site is optimized with the Yoast SEO plugin v27.5 - https:\/\/yoast.com\/product\/yoast-seo-wordpress\/ -->\n<title>Zobne luske - Stomatolo\u0161ka poliklinika Apolonija<\/title>\n<meta name=\"description\" content=\"Kerami\u010dne luske so najhitrej\u0161i na\u010din za korekcijo zob z bistveno in trajno spremembo va\u0161ega nasmeha. Prav oni krasijo \u0161tevilne hollywoodske nasmehe. Izvedite ve\u010d!\" \/>\n<meta name=\"robots\" content=\"index, follow, max-snippet:-1, max-image-preview:large, max-video-preview:-1\" \/>\n<link rel=\"canonical\" href=\"https:\/\/www.apolonija.hr\/sl\/lepsi-nasmeh\/zobne-luske\/\" \/>\n<meta property=\"og:locale\" content=\"sl_SI\" \/>\n<meta property=\"og:type\" content=\"article\" \/>\n<meta property=\"og:title\" content=\"Zobne luske - Stomatolo\u0161ka poliklinika Apolonija\" \/>\n<meta property=\"og:description\" content=\"Kerami\u010dne luske so najhitrej\u0161i na\u010din za korekcijo zob z bistveno in trajno spremembo va\u0161ega nasmeha. Prav oni krasijo \u0161tevilne hollywoodske nasmehe. Izvedite ve\u010d!\" \/>\n<meta property=\"og:url\" content=\"https:\/\/www.apolonija.hr\/sl\/lepsi-nasmeh\/zobne-luske\/\" \/>\n<meta property=\"og:site_name\" content=\"Stomatolo\u0161ka poliklinika Apolonija\" \/>\n<meta property=\"article:publisher\" content=\"https:\/\/www.facebook.com\/SPApolonija\/\" \/>\n<meta property=\"article:modified_time\" content=\"2025-05-12T10:43:29+00:00\" \/>\n<meta property=\"og:image\" content=\"https:\/\/www.apolonija.hr\/wp-content\/uploads\/2024\/08\/usluga-04.jpg\" \/>\n\t<meta property=\"og:image:width\" content=\"939\" \/>\n\t<meta property=\"og:image:height\" content=\"625\" \/>\n\t<meta property=\"og:image:type\" content=\"image\/jpeg\" \/>\n<meta name=\"twitter:card\" content=\"summary_large_image\" \/>\n<meta name=\"twitter:label1\" content=\"Est. reading time\" \/>\n\t<meta name=\"twitter:data1\" content=\"3 minute\" \/>\n<script type=\"application\/ld+json\" class=\"yoast-schema-graph\">{\"@context\":\"https:\\\/\\\/schema.org\",\"@graph\":[{\"@type\":\"WebPage\",\"@id\":\"https:\\\/\\\/www.apolonija.hr\\\/sl\\\/lepsi-nasmeh\\\/zobne-luske\\\/\",\"url\":\"https:\\\/\\\/www.apolonija.hr\\\/sl\\\/lepsi-nasmeh\\\/zobne-luske\\\/\",\"name\":\"Zobne luske - Stomatolo\u0161ka poliklinika Apolonija\",\"isPartOf\":{\"@id\":\"https:\\\/\\\/www.apolonija.hr\\\/sl\\\/#website\"},\"primaryImageOfPage\":{\"@id\":\"https:\\\/\\\/www.apolonija.hr\\\/sl\\\/lepsi-nasmeh\\\/zobne-luske\\\/#primaryimage\"},\"image\":{\"@id\":\"https:\\\/\\\/www.apolonija.hr\\\/sl\\\/lepsi-nasmeh\\\/zobne-luske\\\/#primaryimage\"},\"thumbnailUrl\":\"https:\\\/\\\/www.apolonija.hr\\\/wp-content\\\/uploads\\\/2024\\\/08\\\/usluga-04.jpg\",\"datePublished\":\"2020-04-04T19:28:19+00:00\",\"dateModified\":\"2025-05-12T10:43:29+00:00\",\"description\":\"Kerami\u010dne luske so najhitrej\u0161i na\u010din za korekcijo zob z bistveno in trajno spremembo va\u0161ega nasmeha. Prav oni krasijo \u0161tevilne hollywoodske nasmehe. Izvedite ve\u010d!\",\"breadcrumb\":{\"@id\":\"https:\\\/\\\/www.apolonija.hr\\\/sl\\\/lepsi-nasmeh\\\/zobne-luske\\\/#breadcrumb\"},\"inLanguage\":\"sl-SI\",\"potentialAction\":[{\"@type\":\"ReadAction\",\"target\":[\"https:\\\/\\\/www.apolonija.hr\\\/sl\\\/lepsi-nasmeh\\\/zobne-luske\\\/\"]}]},{\"@type\":\"ImageObject\",\"inLanguage\":\"sl-SI\",\"@id\":\"https:\\\/\\\/www.apolonija.hr\\\/sl\\\/lepsi-nasmeh\\\/zobne-luske\\\/#primaryimage\",\"url\":\"https:\\\/\\\/www.apolonija.hr\\\/wp-content\\\/uploads\\\/2024\\\/08\\\/usluga-04.jpg\",\"contentUrl\":\"https:\\\/\\\/www.apolonija.hr\\\/wp-content\\\/uploads\\\/2024\\\/08\\\/usluga-04.jpg\",\"width\":939,\"height\":625,\"caption\":\"Kerami\u010dke krunice i ljuskice\"},{\"@type\":\"BreadcrumbList\",\"@id\":\"https:\\\/\\\/www.apolonija.hr\\\/sl\\\/lepsi-nasmeh\\\/zobne-luske\\\/#breadcrumb\",\"itemListElement\":[{\"@type\":\"ListItem\",\"position\":1,\"name\":\"Apolonija\",\"item\":\"https:\\\/\\\/www.apolonija.hr\\\/sl\\\/apolonija\\\/\"},{\"@type\":\"ListItem\",\"position\":2,\"name\":\"Lep\u0161i nasmeh\",\"item\":\"https:\\\/\\\/www.apolonija.hr\\\/sl\\\/lepsi-nasmeh\\\/\"},{\"@type\":\"ListItem\",\"position\":3,\"name\":\"Zobne luske\"}]},{\"@type\":\"WebSite\",\"@id\":\"https:\\\/\\\/www.apolonija.hr\\\/sl\\\/#website\",\"url\":\"https:\\\/\\\/www.apolonija.hr\\\/sl\\\/\",\"name\":\"Stomatolo\u0161ka poliklinika Apolonija\",\"description\":\"\u017divljenje, polno nasmehov\",\"publisher\":{\"@id\":\"https:\\\/\\\/www.apolonija.hr\\\/sl\\\/#organization\"},\"potentialAction\":[{\"@type\":\"SearchAction\",\"target\":{\"@type\":\"EntryPoint\",\"urlTemplate\":\"https:\\\/\\\/www.apolonija.hr\\\/sl\\\/?s={search_term_string}\"},\"query-input\":{\"@type\":\"PropertyValueSpecification\",\"valueRequired\":true,\"valueName\":\"search_term_string\"}}],\"inLanguage\":\"sl-SI\"},{\"@type\":\"Organization\",\"@id\":\"https:\\\/\\\/www.apolonija.hr\\\/sl\\\/#organization\",\"name\":\"Stomatolo\u0161ka poliklinika Apolonija\",\"url\":\"https:\\\/\\\/www.apolonija.hr\\\/sl\\\/\",\"logo\":{\"@type\":\"ImageObject\",\"inLanguage\":\"sl-SI\",\"@id\":\"https:\\\/\\\/www.apolonija.hr\\\/sl\\\/#\\\/schema\\\/logo\\\/image\\\/\",\"url\":\"https:\\\/\\\/www.apolonija.hr\\\/wp-content\\\/uploads\\\/2019\\\/10\\\/logo-1.png\",\"contentUrl\":\"https:\\\/\\\/www.apolonija.hr\\\/wp-content\\\/uploads\\\/2019\\\/10\\\/logo-1.png\",\"width\":500,\"height\":140,\"caption\":\"Stomatolo\u0161ka poliklinika Apolonija\"},\"image\":{\"@id\":\"https:\\\/\\\/www.apolonija.hr\\\/sl\\\/#\\\/schema\\\/logo\\\/image\\\/\"},\"sameAs\":[\"https:\\\/\\\/www.facebook.com\\\/SPApolonija\\\/\",\"https:\\\/\\\/www.instagram.com\\\/poliklinikaapolonija\\\/\",\"https:\\\/\\\/www.linkedin.com\\\/company\\\/stomatolo\u0161ka-poliklinika-apolonija\\\/\",\"https:\\\/\\\/www.tiktok.com\\\/@poliklinikaapolonija\"]}]}<\/script>\n<!-- \/ Yoast SEO plugin. -->","yoast_head_json":{"title":"Zobne luske - Stomatolo\u0161ka poliklinika Apolonija","description":"Kerami\u010dne luske so najhitrej\u0161i na\u010din za korekcijo zob z bistveno in trajno spremembo va\u0161ega nasmeha. Prav oni krasijo \u0161tevilne hollywoodske nasmehe. Izvedite ve\u010d!","robots":{"index":"index","follow":"follow","max-snippet":"max-snippet:-1","max-image-preview":"max-image-preview:large","max-video-preview":"max-video-preview:-1"},"canonical":"https:\/\/www.apolonija.hr\/sl\/lepsi-nasmeh\/zobne-luske\/","og_locale":"sl_SI","og_type":"article","og_title":"Zobne luske - Stomatolo\u0161ka poliklinika Apolonija","og_description":"Kerami\u010dne luske so najhitrej\u0161i na\u010din za korekcijo zob z bistveno in trajno spremembo va\u0161ega nasmeha. Prav oni krasijo \u0161tevilne hollywoodske nasmehe. Izvedite ve\u010d!","og_url":"https:\/\/www.apolonija.hr\/sl\/lepsi-nasmeh\/zobne-luske\/","og_site_name":"Stomatolo\u0161ka poliklinika Apolonija","article_publisher":"https:\/\/www.facebook.com\/SPApolonija\/","article_modified_time":"2025-05-12T10:43:29+00:00","og_image":[{"width":939,"height":625,"url":"https:\/\/www.apolonija.hr\/wp-content\/uploads\/2024\/08\/usluga-04.jpg","type":"image\/jpeg"}],"twitter_card":"summary_large_image","twitter_misc":{"Est. reading time":"3 minute"},"schema":{"@context":"https:\/\/schema.org","@graph":[{"@type":"WebPage","@id":"https:\/\/www.apolonija.hr\/sl\/lepsi-nasmeh\/zobne-luske\/","url":"https:\/\/www.apolonija.hr\/sl\/lepsi-nasmeh\/zobne-luske\/","name":"Zobne luske - Stomatolo\u0161ka poliklinika Apolonija","isPartOf":{"@id":"https:\/\/www.apolonija.hr\/sl\/#website"},"primaryImageOfPage":{"@id":"https:\/\/www.apolonija.hr\/sl\/lepsi-nasmeh\/zobne-luske\/#primaryimage"},"image":{"@id":"https:\/\/www.apolonija.hr\/sl\/lepsi-nasmeh\/zobne-luske\/#primaryimage"},"thumbnailUrl":"https:\/\/www.apolonija.hr\/wp-content\/uploads\/2024\/08\/usluga-04.jpg","datePublished":"2020-04-04T19:28:19+00:00","dateModified":"2025-05-12T10:43:29+00:00","description":"Kerami\u010dne luske so najhitrej\u0161i na\u010din za korekcijo zob z bistveno in trajno spremembo va\u0161ega nasmeha. Prav oni krasijo \u0161tevilne hollywoodske nasmehe. Izvedite ve\u010d!","breadcrumb":{"@id":"https:\/\/www.apolonija.hr\/sl\/lepsi-nasmeh\/zobne-luske\/#breadcrumb"},"inLanguage":"sl-SI","potentialAction":[{"@type":"ReadAction","target":["https:\/\/www.apolonija.hr\/sl\/lepsi-nasmeh\/zobne-luske\/"]}]},{"@type":"ImageObject","inLanguage":"sl-SI","@id":"https:\/\/www.apolonija.hr\/sl\/lepsi-nasmeh\/zobne-luske\/#primaryimage","url":"https:\/\/www.apolonija.hr\/wp-content\/uploads\/2024\/08\/usluga-04.jpg","contentUrl":"https:\/\/www.apolonija.hr\/wp-content\/uploads\/2024\/08\/usluga-04.jpg","width":939,"height":625,"caption":"Kerami\u010dke krunice i ljuskice"},{"@type":"BreadcrumbList","@id":"https:\/\/www.apolonija.hr\/sl\/lepsi-nasmeh\/zobne-luske\/#breadcrumb","itemListElement":[{"@type":"ListItem","position":1,"name":"Apolonija","item":"https:\/\/www.apolonija.hr\/sl\/apolonija\/"},{"@type":"ListItem","position":2,"name":"Lep\u0161i nasmeh","item":"https:\/\/www.apolonija.hr\/sl\/lepsi-nasmeh\/"},{"@type":"ListItem","position":3,"name":"Zobne luske"}]},{"@type":"WebSite","@id":"https:\/\/www.apolonija.hr\/sl\/#website","url":"https:\/\/www.apolonija.hr\/sl\/","name":"Stomatolo\u0161ka poliklinika Apolonija","description":"\u017divljenje, polno nasmehov","publisher":{"@id":"https:\/\/www.apolonija.hr\/sl\/#organization"},"potentialAction":[{"@type":"SearchAction","target":{"@type":"EntryPoint","urlTemplate":"https:\/\/www.apolonija.hr\/sl\/?s={search_term_string}"},"query-input":{"@type":"PropertyValueSpecification","valueRequired":true,"valueName":"search_term_string"}}],"inLanguage":"sl-SI"},{"@type":"Organization","@id":"https:\/\/www.apolonija.hr\/sl\/#organization","name":"Stomatolo\u0161ka poliklinika Apolonija","url":"https:\/\/www.apolonija.hr\/sl\/","logo":{"@type":"ImageObject","inLanguage":"sl-SI","@id":"https:\/\/www.apolonija.hr\/sl\/#\/schema\/logo\/image\/","url":"https:\/\/www.apolonija.hr\/wp-content\/uploads\/2019\/10\/logo-1.png","contentUrl":"https:\/\/www.apolonija.hr\/wp-content\/uploads\/2019\/10\/logo-1.png","width":500,"height":140,"caption":"Stomatolo\u0161ka poliklinika Apolonija"},"image":{"@id":"https:\/\/www.apolonija.hr\/sl\/#\/schema\/logo\/image\/"},"sameAs":["https:\/\/www.facebook.com\/SPApolonija\/","https:\/\/www.instagram.com\/poliklinikaapolonija\/","https:\/\/www.linkedin.com\/company\/stomatolo\u0161ka-poliklinika-apolonija\/","https:\/\/www.tiktok.com\/@poliklinikaapolonija"]}]}},"_links":{"self":[{"href":"https:\/\/www.apolonija.hr\/sl\/wp-json\/wp\/v2\/pages\/20951","targetHints":{"allow":["GET"]}}],"collection":[{"href":"https:\/\/www.apolonija.hr\/sl\/wp-json\/wp\/v2\/pages"}],"about":[{"href":"https:\/\/www.apolonija.hr\/sl\/wp-json\/wp\/v2\/types\/page"}],"author":[{"embeddable":true,"href":"https:\/\/www.apolonija.hr\/sl\/wp-json\/wp\/v2\/users\/15"}],"replies":[{"embeddable":true,"href":"https:\/\/www.apolonija.hr\/sl\/wp-json\/wp\/v2\/comments?post=20951"}],"version-history":[{"count":5,"href":"https:\/\/www.apolonija.hr\/sl\/wp-json\/wp\/v2\/pages\/20951\/revisions"}],"predecessor-version":[{"id":21100,"href":"https:\/\/www.apolonija.hr\/sl\/wp-json\/wp\/v2\/pages\/20951\/revisions\/21100"}],"up":[{"embeddable":true,"href":"https:\/\/www.apolonija.hr\/sl\/wp-json\/wp\/v2\/pages\/20880"}],"wp:featuredmedia":[{"embeddable":true,"href":"https:\/\/www.apolonija.hr\/sl\/wp-json\/wp\/v2\/media\/16530"}],"wp:attachment":[{"href":"https:\/\/www.apolonija.hr\/sl\/wp-json\/wp\/v2\/media?parent=20951"}],"curies":[{"name":"wp","href":"https:\/\/api.w.org\/{rel}","templated":true}]}}