{"id":21010,"date":"2020-04-01T15:21:40","date_gmt":"2020-04-01T13:21:40","guid":{"rendered":"https:\/\/www.apolonija.hr\/zobni-aparat\/retencija-kako-ohraniti-rezultate-ortodontije\/"},"modified":"2025-05-09T15:04:20","modified_gmt":"2025-05-09T13:04:20","slug":"retencija-kako-ohraniti-rezultate-ortodontije","status":"publish","type":"page","link":"https:\/\/www.apolonija.hr\/sl\/zobni-aparat\/retencija-kako-ohraniti-rezultate-ortodontije\/","title":{"rendered":"Retencija &#8211; kako ohraniti rezultate ortodontije"},"content":{"rendered":"<section class=\"l-section wpb_row height_small\"><div class=\"l-section-h i-cf\"><div class=\"g-cols vc_row via_grid cols_1 laptops-cols_inherit tablets-cols_inherit mobiles-cols_1 valign_top type_default stacking_default\"><div class=\"wpb_column vc_column_container\"><div class=\"vc_column-inner\"><div class=\"wpb_text_column\"><div class=\"wpb_wrapper\"><p><span style=\"font-weight: 400;\">V zobni polikliniki Apolonia se ortodontska terapija ne kon\u010da z odstranitvijo zobnega aparata. Da bi po ortodontskem zdravljenju \u010dim bolj zmanj\u0161ali mo\u017enost vrnitve zob v prej\u0161nji polo\u017eaj, posve\u010damo veliko pozornost fazi retencije. Cilj retencije je ohraniti zobe v novem, \u017eelenem polo\u017eaju.    <\/span><\/p>\n<h2>Zakaj je hramba potrebna?<\/h2>\n<p><span style=\"font-weight: 400;\">Zobje imajo lahko ve\u010djo ali manj\u0161o te\u017enjo k vrnitvi v prvotni polo\u017eaj, pritisk mehkih tkiv pa ustvarja te\u017enjo k recidivu, tj. vrnitvi v za\u010detni polo\u017eaj.   <\/span><\/p>\n<p><span style=\"font-weight: 400;\">Glede na to, da je po odstranitvi zobnega aparata potreben \u010das za stabilizacijo tkiva, se retencija \u0161teje za obvezen postopek.  <\/span><\/p>\n<h2>Lo\u010dimo mobilno in fiksno zadr\u017eevanje <span style=\"font-weight: 400;\">.<\/span> <\/h2>\n<p><span style=\"font-weight: 400;\">Mobilni retainer je izdelan iz prozorne plastike, ga je enostavno namestiti in sneti ter se nosi predvsem pono\u010di med spanjem.<\/span><\/p>\n<p><a ref=\"magnificPopup\" href=\"https:\/\/www.apolonija.hr\/wp-content\/uploads\/2020\/06\/Stomatoloska-poliklinika-apolonija-zagreb-centar_primjer-udlaga-za-bruksizam-450x300.jpg\"><img decoding=\"async\" class=\"aligncenter size-medium wp-image-7255\" src=\"https:\/\/www.apolonija.hr\/wp-content\/uploads\/2020\/06\/Stomatoloska-poliklinika-apolonija-zagreb-centar_primjer-udlaga-za-bruksizam-450x300.jpg\" alt=\"\" width=\"450\" height=\"300\" srcset=\"https:\/\/www.apolonija.hr\/wp-content\/uploads\/2020\/06\/Stomatoloska-poliklinika-apolonija-zagreb-centar_primjer-udlaga-za-bruksizam-450x300.jpg 450w, https:\/\/www.apolonija.hr\/wp-content\/uploads\/2020\/06\/Stomatoloska-poliklinika-apolonija-zagreb-centar_primjer-udlaga-za-bruksizam-1024x683.jpg 1024w, https:\/\/www.apolonija.hr\/wp-content\/uploads\/2020\/06\/Stomatoloska-poliklinika-apolonija-zagreb-centar_primjer-udlaga-za-bruksizam-768x512.jpg 768w, https:\/\/www.apolonija.hr\/wp-content\/uploads\/2020\/06\/Stomatoloska-poliklinika-apolonija-zagreb-centar_primjer-udlaga-za-bruksizam.jpg 1200w\" sizes=\"(max-width: 450px) 100vw, 450px\" \/><\/a><\/p>\n<p style=\"text-align: center;\"><em><span style=\"font-weight: 400;\">Mobilni retainer  <\/span><\/em><\/p>\n<p><span style=\"font-weight: 400;\">Fiksni retainer je sestavljen iz \u017eice, ki je pritrjena na notranjo stran zob.  <\/span><\/p>\n<p><a ref=\"magnificPopup\" href=\"https:\/\/www.apolonija.hr\/wp-content\/uploads\/2020\/06\/Stomatoloska-poliklinika-apolonija-zagreb-centar_fiksni-retainer-450x290.jpg\"><img decoding=\"async\" class=\"aligncenter size-medium wp-image-7252\" src=\"https:\/\/www.apolonija.hr\/wp-content\/uploads\/2020\/06\/Stomatoloska-poliklinika-apolonija-zagreb-centar_fiksni-retainer-450x290.jpg\" alt=\"Fiksni retainer\" width=\"450\" height=\"290\" srcset=\"https:\/\/www.apolonija.hr\/wp-content\/uploads\/2020\/06\/Stomatoloska-poliklinika-apolonija-zagreb-centar_fiksni-retainer-450x290.jpg 450w, https:\/\/www.apolonija.hr\/wp-content\/uploads\/2020\/06\/Stomatoloska-poliklinika-apolonija-zagreb-centar_fiksni-retainer-1024x660.jpg 1024w, https:\/\/www.apolonija.hr\/wp-content\/uploads\/2020\/06\/Stomatoloska-poliklinika-apolonija-zagreb-centar_fiksni-retainer-768x495.jpg 768w, https:\/\/www.apolonija.hr\/wp-content\/uploads\/2020\/06\/Stomatoloska-poliklinika-apolonija-zagreb-centar_fiksni-retainer-600x387.jpg 600w, https:\/\/www.apolonija.hr\/wp-content\/uploads\/2020\/06\/Stomatoloska-poliklinika-apolonija-zagreb-centar_fiksni-retainer.jpg 1200w\" sizes=\"(max-width: 450px) 100vw, 450px\" \/><\/a><\/p>\n<p style=\"text-align: center;\"><em>Fiksni retainer<\/em><\/p>\n<h2>Kako dolgo traja zadr\u017eevanje?<\/h2>\n<p><span style=\"font-weight: 400;\">Retencijska faza, v skladu s protokoli klinike, traja 18 mesecev. Pomembno je redno obiskovati retencijske preglede, ki so bistveni, ker se med retencijsko fazo spremlja polo\u017eaj zob. <\/span><\/p>\n<p><span style=\"font-weight: 400;\"><br \/><\/span><span style=\"font-weight: 400;\">Program zadr\u017eanja vklju\u010duje:<\/span><\/p>\n<ul>\n<li style=\"font-weight: 400;\" aria-level=\"1\"><span style=\"font-weight: 400;\">Mobilni in\/ali fiksni retaineri po oceni specialista<\/span><\/li>\n<li style=\"font-weight: 400;\" aria-level=\"1\"><span style=\"font-weight: 400;\">Redni pregledi 18 mesecev<\/span><\/li>\n<li style=\"font-weight: 400;\" aria-level=\"1\"><span style=\"font-weight: 400;\">Med programom zadr\u017eevanja bodo vse nepravilnosti, ki se pojavijo, odpravljene.<\/span><\/li>\n<\/ul>\n<p><span style=\"font-weight: 400;\"><br \/><\/span><span style=\"font-weight: 400;\">\u017delimo si, da bi u\u017eivali v trajnih rezultatih na\u0161e terapije in bili ponosni na svoj trajno lep nasmeh!<\/span><\/p>\n<\/div><\/div><\/div><\/div><\/div><\/div><\/section><div class=\"jc-cta cta-prvi-pregled\">\n\t<p style=\"font-weight:600;\">Pregled v polikliniki Apolonija rezervirajte prek telefonskega klica, WhatsAppa ali izpolnite kontaktni obrazec.<\/p>\n\t<a class=\"telefon w-btn us-btn-style_29 icon_atleft\" href=\"tel:+385 1 4883 800\"><i class=\"fas fa-phone-rotary\"><\/i><span class=\"w-btn-label\">+385 1 4883 800<\/span><\/a>\n\t<a class=\"whatsapp w-btn us-btn-style_29 icon_atleft\" href=\"https:\/\/wa.me\/385914883800\"><i class=\"fab fa-whatsapp\"><\/i><span class=\"w-btn-label\">+385 91 4883 800<\/span><\/a>\n\t<\/div>\n","protected":false},"excerpt":{"rendered":"<p>Po vsaki odstranitvi zobnega aparata obstaja mo\u017enost vrnitve zob v prej\u0161nji polo\u017eaj. Gre za naraven odziv na ortodontsko terapijo in premikanje umetnih zob. Da to ne bi poslab\u0161alo rezultatov ortodontske terapije, uporabljamo retencijo.  <\/p>\n","protected":false},"author":15,"featured_media":0,"parent":20898,"menu_order":7,"comment_status":"closed","ping_status":"closed","template":"","meta":{"_acf_changed":false,"footnotes":""},"class_list":["post-21010","page","type-page","status-publish","hentry"],"acf":[],"yoast_head":"<!-- This site is optimized with the Yoast SEO plugin v27.5 - https:\/\/yoast.com\/product\/yoast-seo-wordpress\/ -->\n<title>Retencija - kako ohraniti rezultate ortodontije - Stomatolo\u0161ka poliklinika Apolonija<\/title>\n<meta name=\"description\" content=\"Po vsaki odstranitvi zobnega aparata obstaja mo\u017enost vrnitve zob v prej\u0161nji polo\u017eaj. Da bi to prepre\u010dili, uporabljamo zadr\u017eevanje. Izvedite ve\u010d!\" \/>\n<meta name=\"robots\" content=\"index, follow, max-snippet:-1, max-image-preview:large, max-video-preview:-1\" \/>\n<link rel=\"canonical\" href=\"https:\/\/www.apolonija.hr\/sl\/zobni-aparat\/retencija-kako-ohraniti-rezultate-ortodontije\/\" \/>\n<meta property=\"og:locale\" content=\"sl_SI\" \/>\n<meta property=\"og:type\" content=\"article\" \/>\n<meta property=\"og:title\" content=\"Retencija - kako ohraniti rezultate ortodontije - Stomatolo\u0161ka poliklinika Apolonija\" \/>\n<meta property=\"og:description\" content=\"Po vsaki odstranitvi zobnega aparata obstaja mo\u017enost vrnitve zob v prej\u0161nji polo\u017eaj. Da bi to prepre\u010dili, uporabljamo zadr\u017eevanje. Izvedite ve\u010d!\" \/>\n<meta property=\"og:url\" content=\"https:\/\/www.apolonija.hr\/sl\/zobni-aparat\/retencija-kako-ohraniti-rezultate-ortodontije\/\" \/>\n<meta property=\"og:site_name\" content=\"Stomatolo\u0161ka poliklinika Apolonija\" \/>\n<meta property=\"article:publisher\" content=\"https:\/\/www.facebook.com\/SPApolonija\/\" \/>\n<meta property=\"article:modified_time\" content=\"2025-05-09T13:04:20+00:00\" \/>\n<meta property=\"og:image\" content=\"https:\/\/www.apolonija.hr\/wp-content\/uploads\/2020\/06\/Stomatoloska-poliklinika-apolonija-zagreb-centar_primjer-udlaga-za-bruksizam.jpg\" \/>\n\t<meta property=\"og:image:width\" content=\"1200\" \/>\n\t<meta property=\"og:image:height\" content=\"800\" \/>\n\t<meta property=\"og:image:type\" content=\"image\/jpeg\" \/>\n<meta name=\"twitter:card\" content=\"summary_large_image\" \/>\n<meta name=\"twitter:label1\" content=\"Est. reading time\" \/>\n\t<meta name=\"twitter:data1\" content=\"1 minuta\" \/>\n<script type=\"application\/ld+json\" class=\"yoast-schema-graph\">{\"@context\":\"https:\\\/\\\/schema.org\",\"@graph\":[{\"@type\":\"WebPage\",\"@id\":\"https:\\\/\\\/www.apolonija.hr\\\/sl\\\/zobni-aparat\\\/retencija-kako-ohraniti-rezultate-ortodontije\\\/\",\"url\":\"https:\\\/\\\/www.apolonija.hr\\\/sl\\\/zobni-aparat\\\/retencija-kako-ohraniti-rezultate-ortodontije\\\/\",\"name\":\"Retencija - kako ohraniti rezultate ortodontije - Stomatolo\u0161ka poliklinika Apolonija\",\"isPartOf\":{\"@id\":\"https:\\\/\\\/www.apolonija.hr\\\/sl\\\/#website\"},\"primaryImageOfPage\":{\"@id\":\"https:\\\/\\\/www.apolonija.hr\\\/sl\\\/zobni-aparat\\\/retencija-kako-ohraniti-rezultate-ortodontije\\\/#primaryimage\"},\"image\":{\"@id\":\"https:\\\/\\\/www.apolonija.hr\\\/sl\\\/zobni-aparat\\\/retencija-kako-ohraniti-rezultate-ortodontije\\\/#primaryimage\"},\"thumbnailUrl\":\"https:\\\/\\\/www.apolonija.hr\\\/wp-content\\\/uploads\\\/2020\\\/06\\\/Stomatoloska-poliklinika-apolonija-zagreb-centar_primjer-udlaga-za-bruksizam-450x300.jpg\",\"datePublished\":\"2020-04-01T13:21:40+00:00\",\"dateModified\":\"2025-05-09T13:04:20+00:00\",\"description\":\"Po vsaki odstranitvi zobnega aparata obstaja mo\u017enost vrnitve zob v prej\u0161nji polo\u017eaj. Da bi to prepre\u010dili, uporabljamo zadr\u017eevanje. Izvedite ve\u010d!\",\"breadcrumb\":{\"@id\":\"https:\\\/\\\/www.apolonija.hr\\\/sl\\\/zobni-aparat\\\/retencija-kako-ohraniti-rezultate-ortodontije\\\/#breadcrumb\"},\"inLanguage\":\"sl-SI\",\"potentialAction\":[{\"@type\":\"ReadAction\",\"target\":[\"https:\\\/\\\/www.apolonija.hr\\\/sl\\\/zobni-aparat\\\/retencija-kako-ohraniti-rezultate-ortodontije\\\/\"]}]},{\"@type\":\"ImageObject\",\"inLanguage\":\"sl-SI\",\"@id\":\"https:\\\/\\\/www.apolonija.hr\\\/sl\\\/zobni-aparat\\\/retencija-kako-ohraniti-rezultate-ortodontije\\\/#primaryimage\",\"url\":\"https:\\\/\\\/www.apolonija.hr\\\/wp-content\\\/uploads\\\/2020\\\/06\\\/Stomatoloska-poliklinika-apolonija-zagreb-centar_primjer-udlaga-za-bruksizam-450x300.jpg\",\"contentUrl\":\"https:\\\/\\\/www.apolonija.hr\\\/wp-content\\\/uploads\\\/2020\\\/06\\\/Stomatoloska-poliklinika-apolonija-zagreb-centar_primjer-udlaga-za-bruksizam-450x300.jpg\"},{\"@type\":\"BreadcrumbList\",\"@id\":\"https:\\\/\\\/www.apolonija.hr\\\/sl\\\/zobni-aparat\\\/retencija-kako-ohraniti-rezultate-ortodontije\\\/#breadcrumb\",\"itemListElement\":[{\"@type\":\"ListItem\",\"position\":1,\"name\":\"Apolonija\",\"item\":\"https:\\\/\\\/www.apolonija.hr\\\/sl\\\/apolonija\\\/\"},{\"@type\":\"ListItem\",\"position\":2,\"name\":\"Zobni aparat\",\"item\":\"https:\\\/\\\/www.apolonija.hr\\\/sl\\\/zobni-aparat\\\/\"},{\"@type\":\"ListItem\",\"position\":3,\"name\":\"Retencija &#8211; kako ohraniti rezultate ortodontije\"}]},{\"@type\":\"WebSite\",\"@id\":\"https:\\\/\\\/www.apolonija.hr\\\/sl\\\/#website\",\"url\":\"https:\\\/\\\/www.apolonija.hr\\\/sl\\\/\",\"name\":\"Stomatolo\u0161ka poliklinika Apolonija\",\"description\":\"\u017divljenje, polno nasmehov\",\"publisher\":{\"@id\":\"https:\\\/\\\/www.apolonija.hr\\\/sl\\\/#organization\"},\"potentialAction\":[{\"@type\":\"SearchAction\",\"target\":{\"@type\":\"EntryPoint\",\"urlTemplate\":\"https:\\\/\\\/www.apolonija.hr\\\/sl\\\/?s={search_term_string}\"},\"query-input\":{\"@type\":\"PropertyValueSpecification\",\"valueRequired\":true,\"valueName\":\"search_term_string\"}}],\"inLanguage\":\"sl-SI\"},{\"@type\":\"Organization\",\"@id\":\"https:\\\/\\\/www.apolonija.hr\\\/sl\\\/#organization\",\"name\":\"Stomatolo\u0161ka poliklinika Apolonija\",\"url\":\"https:\\\/\\\/www.apolonija.hr\\\/sl\\\/\",\"logo\":{\"@type\":\"ImageObject\",\"inLanguage\":\"sl-SI\",\"@id\":\"https:\\\/\\\/www.apolonija.hr\\\/sl\\\/#\\\/schema\\\/logo\\\/image\\\/\",\"url\":\"https:\\\/\\\/www.apolonija.hr\\\/wp-content\\\/uploads\\\/2019\\\/10\\\/logo-1.png\",\"contentUrl\":\"https:\\\/\\\/www.apolonija.hr\\\/wp-content\\\/uploads\\\/2019\\\/10\\\/logo-1.png\",\"width\":500,\"height\":140,\"caption\":\"Stomatolo\u0161ka poliklinika Apolonija\"},\"image\":{\"@id\":\"https:\\\/\\\/www.apolonija.hr\\\/sl\\\/#\\\/schema\\\/logo\\\/image\\\/\"},\"sameAs\":[\"https:\\\/\\\/www.facebook.com\\\/SPApolonija\\\/\",\"https:\\\/\\\/www.instagram.com\\\/poliklinikaapolonija\\\/\",\"https:\\\/\\\/www.linkedin.com\\\/company\\\/stomatolo\u0161ka-poliklinika-apolonija\\\/\",\"https:\\\/\\\/www.tiktok.com\\\/@poliklinikaapolonija\"]}]}<\/script>\n<!-- \/ Yoast SEO plugin. -->","yoast_head_json":{"title":"Retencija - kako ohraniti rezultate ortodontije - Stomatolo\u0161ka poliklinika Apolonija","description":"Po vsaki odstranitvi zobnega aparata obstaja mo\u017enost vrnitve zob v prej\u0161nji polo\u017eaj. Da bi to prepre\u010dili, uporabljamo zadr\u017eevanje. Izvedite ve\u010d!","robots":{"index":"index","follow":"follow","max-snippet":"max-snippet:-1","max-image-preview":"max-image-preview:large","max-video-preview":"max-video-preview:-1"},"canonical":"https:\/\/www.apolonija.hr\/sl\/zobni-aparat\/retencija-kako-ohraniti-rezultate-ortodontije\/","og_locale":"sl_SI","og_type":"article","og_title":"Retencija - kako ohraniti rezultate ortodontije - Stomatolo\u0161ka poliklinika Apolonija","og_description":"Po vsaki odstranitvi zobnega aparata obstaja mo\u017enost vrnitve zob v prej\u0161nji polo\u017eaj. Da bi to prepre\u010dili, uporabljamo zadr\u017eevanje. Izvedite ve\u010d!","og_url":"https:\/\/www.apolonija.hr\/sl\/zobni-aparat\/retencija-kako-ohraniti-rezultate-ortodontije\/","og_site_name":"Stomatolo\u0161ka poliklinika Apolonija","article_publisher":"https:\/\/www.facebook.com\/SPApolonija\/","article_modified_time":"2025-05-09T13:04:20+00:00","og_image":[{"width":1200,"height":800,"url":"https:\/\/www.apolonija.hr\/wp-content\/uploads\/2020\/06\/Stomatoloska-poliklinika-apolonija-zagreb-centar_primjer-udlaga-za-bruksizam.jpg","type":"image\/jpeg"}],"twitter_card":"summary_large_image","twitter_misc":{"Est. reading time":"1 minuta"},"schema":{"@context":"https:\/\/schema.org","@graph":[{"@type":"WebPage","@id":"https:\/\/www.apolonija.hr\/sl\/zobni-aparat\/retencija-kako-ohraniti-rezultate-ortodontije\/","url":"https:\/\/www.apolonija.hr\/sl\/zobni-aparat\/retencija-kako-ohraniti-rezultate-ortodontije\/","name":"Retencija - kako ohraniti rezultate ortodontije - Stomatolo\u0161ka poliklinika Apolonija","isPartOf":{"@id":"https:\/\/www.apolonija.hr\/sl\/#website"},"primaryImageOfPage":{"@id":"https:\/\/www.apolonija.hr\/sl\/zobni-aparat\/retencija-kako-ohraniti-rezultate-ortodontije\/#primaryimage"},"image":{"@id":"https:\/\/www.apolonija.hr\/sl\/zobni-aparat\/retencija-kako-ohraniti-rezultate-ortodontije\/#primaryimage"},"thumbnailUrl":"https:\/\/www.apolonija.hr\/wp-content\/uploads\/2020\/06\/Stomatoloska-poliklinika-apolonija-zagreb-centar_primjer-udlaga-za-bruksizam-450x300.jpg","datePublished":"2020-04-01T13:21:40+00:00","dateModified":"2025-05-09T13:04:20+00:00","description":"Po vsaki odstranitvi zobnega aparata obstaja mo\u017enost vrnitve zob v prej\u0161nji polo\u017eaj. Da bi to prepre\u010dili, uporabljamo zadr\u017eevanje. Izvedite ve\u010d!","breadcrumb":{"@id":"https:\/\/www.apolonija.hr\/sl\/zobni-aparat\/retencija-kako-ohraniti-rezultate-ortodontije\/#breadcrumb"},"inLanguage":"sl-SI","potentialAction":[{"@type":"ReadAction","target":["https:\/\/www.apolonija.hr\/sl\/zobni-aparat\/retencija-kako-ohraniti-rezultate-ortodontije\/"]}]},{"@type":"ImageObject","inLanguage":"sl-SI","@id":"https:\/\/www.apolonija.hr\/sl\/zobni-aparat\/retencija-kako-ohraniti-rezultate-ortodontije\/#primaryimage","url":"https:\/\/www.apolonija.hr\/wp-content\/uploads\/2020\/06\/Stomatoloska-poliklinika-apolonija-zagreb-centar_primjer-udlaga-za-bruksizam-450x300.jpg","contentUrl":"https:\/\/www.apolonija.hr\/wp-content\/uploads\/2020\/06\/Stomatoloska-poliklinika-apolonija-zagreb-centar_primjer-udlaga-za-bruksizam-450x300.jpg"},{"@type":"BreadcrumbList","@id":"https:\/\/www.apolonija.hr\/sl\/zobni-aparat\/retencija-kako-ohraniti-rezultate-ortodontije\/#breadcrumb","itemListElement":[{"@type":"ListItem","position":1,"name":"Apolonija","item":"https:\/\/www.apolonija.hr\/sl\/apolonija\/"},{"@type":"ListItem","position":2,"name":"Zobni aparat","item":"https:\/\/www.apolonija.hr\/sl\/zobni-aparat\/"},{"@type":"ListItem","position":3,"name":"Retencija &#8211; kako ohraniti rezultate ortodontije"}]},{"@type":"WebSite","@id":"https:\/\/www.apolonija.hr\/sl\/#website","url":"https:\/\/www.apolonija.hr\/sl\/","name":"Stomatolo\u0161ka poliklinika Apolonija","description":"\u017divljenje, polno nasmehov","publisher":{"@id":"https:\/\/www.apolonija.hr\/sl\/#organization"},"potentialAction":[{"@type":"SearchAction","target":{"@type":"EntryPoint","urlTemplate":"https:\/\/www.apolonija.hr\/sl\/?s={search_term_string}"},"query-input":{"@type":"PropertyValueSpecification","valueRequired":true,"valueName":"search_term_string"}}],"inLanguage":"sl-SI"},{"@type":"Organization","@id":"https:\/\/www.apolonija.hr\/sl\/#organization","name":"Stomatolo\u0161ka poliklinika Apolonija","url":"https:\/\/www.apolonija.hr\/sl\/","logo":{"@type":"ImageObject","inLanguage":"sl-SI","@id":"https:\/\/www.apolonija.hr\/sl\/#\/schema\/logo\/image\/","url":"https:\/\/www.apolonija.hr\/wp-content\/uploads\/2019\/10\/logo-1.png","contentUrl":"https:\/\/www.apolonija.hr\/wp-content\/uploads\/2019\/10\/logo-1.png","width":500,"height":140,"caption":"Stomatolo\u0161ka poliklinika Apolonija"},"image":{"@id":"https:\/\/www.apolonija.hr\/sl\/#\/schema\/logo\/image\/"},"sameAs":["https:\/\/www.facebook.com\/SPApolonija\/","https:\/\/www.instagram.com\/poliklinikaapolonija\/","https:\/\/www.linkedin.com\/company\/stomatolo\u0161ka-poliklinika-apolonija\/","https:\/\/www.tiktok.com\/@poliklinikaapolonija"]}]}},"_links":{"self":[{"href":"https:\/\/www.apolonija.hr\/sl\/wp-json\/wp\/v2\/pages\/21010","targetHints":{"allow":["GET"]}}],"collection":[{"href":"https:\/\/www.apolonija.hr\/sl\/wp-json\/wp\/v2\/pages"}],"about":[{"href":"https:\/\/www.apolonija.hr\/sl\/wp-json\/wp\/v2\/types\/page"}],"author":[{"embeddable":true,"href":"https:\/\/www.apolonija.hr\/sl\/wp-json\/wp\/v2\/users\/15"}],"replies":[{"embeddable":true,"href":"https:\/\/www.apolonija.hr\/sl\/wp-json\/wp\/v2\/comments?post=21010"}],"version-history":[{"count":4,"href":"https:\/\/www.apolonija.hr\/sl\/wp-json\/wp\/v2\/pages\/21010\/revisions"}],"predecessor-version":[{"id":21016,"href":"https:\/\/www.apolonija.hr\/sl\/wp-json\/wp\/v2\/pages\/21010\/revisions\/21016"}],"up":[{"embeddable":true,"href":"https:\/\/www.apolonija.hr\/sl\/wp-json\/wp\/v2\/pages\/20898"}],"wp:attachment":[{"href":"https:\/\/www.apolonija.hr\/sl\/wp-json\/wp\/v2\/media?parent=21010"}],"curies":[{"name":"wp","href":"https:\/\/api.w.org\/{rel}","templated":true}]}}