{"id":21013,"date":"2020-04-04T11:51:32","date_gmt":"2020-04-04T09:51:32","guid":{"rendered":"https:\/\/www.apolonija.hr\/zobni-aparat\/zobni-aparat-za-otroke\/"},"modified":"2025-05-12T12:41:30","modified_gmt":"2025-05-12T10:41:30","slug":"zobni-aparat-za-otroke","status":"publish","type":"page","link":"https:\/\/www.apolonija.hr\/sl\/zobni-aparat\/zobni-aparat-za-otroke\/","title":{"rendered":"Zobni aparat za otroke"},"content":{"rendered":"<section class=\"l-section wpb_row height_small\"><div class=\"l-section-h i-cf\"><div class=\"g-cols vc_row via_grid cols_1 laptops-cols_inherit tablets-cols_inherit mobiles-cols_1 valign_top type_default stacking_default\"><div class=\"wpb_column vc_column_container\"><div class=\"vc_column-inner\"><div class=\"wpb_text_column\"><div class=\"wpb_wrapper\"><h2>Pediatri\u010dna ortodontija se ukvarja z diagnostiko, prepre\u010devanjem in vodenjem pravilne rasti zob in razvoja \u010deljusti.<\/h2>\n<p><span style=\"font-weight: 400;\">Z ustreznim usmerjanjem rasti zob in razvoja \u010deljusti v zgodnjem otro\u0161tvu se lahko pogosto povsem izognemo ortodontskemu aparatu ali pa vsaj skraj\u0161amo in poenostavimo terapijo. Nepravilna rast \u010deljusti je pogosto posledica genetskih dejavnikov, dihanja skozi usta, slabih ustnih navad, kot je sesanje palca ali nepravilno po\u017eiranje. V otro\u0161tvu je zato poudarek na ortopediji \u010deljusti. Z uporabo snemljivih zobnih aparatov nadzorujemo ravnovesje razvoja \u010deljusti (spodbujamo ali upo\u010dasnjujemo rast zgornje in\/ali spodnje \u010deljusti), kar na koncu privede do najbolj\u0161ih mo\u017enih \u017eve\u010dilnih odnosov in harmoni\u010dnih obraznih odnosov.   <\/span><\/p>\n<h2>Kako nastanejo ortodontske anomalije?<\/h2>\n<p><span style=\"font-weight: 400;\">Vzroki za ortodontske anomalije so predvsem kombinacija genetskih (dednih) in pridobljenih (zunanjih vzrokov). Dednost ve\u010dine \u010dlove\u0161kih obraznih potez se giblje med 40 % in 60 %, kar ka\u017ee na to, da so tudi nepravilni zobje delno podedovani. Na primer, lahko podedujemo \u0161tevilo zob, odsotnost dolo\u010denih zob, velikost zob, razmerje med \u010deljustmi in velikost \u010deljusti. Nekatere dana\u0161nje generacije nimajo zametkov dolo\u010denih stalnih zob, najpogosteje modrostnih zob ali drugega zgornjega sekalca.   <\/span><\/p>\n<h2>Zunanji vzroki so tisti, na katere lahko kot star\u0161i vplivate in tako omilite ali prepre\u010dite ortodontske anomalije v poznej\u0161i starosti.<\/h2>\n<p><span style=\"font-weight: 400;\">Eden pogostih vzrokov za ortodontske anomalije je prezgodnja izguba mle\u010dnih zob, ki imajo vlogo pri spro\u0161\u010danju prostora za trajne naslednike. Ob prezgodnji izgubi mle\u010dnih zob stalni zobje ne izra\u0161\u010dajo usmerjeno in zanje ostane v ustni votlini vedno manj prostora.   <\/span><\/p>\n<p><span style=\"font-weight: 400;\">Prav tako zaradi mehke hrane, ki jo jemo in je komaj \u017eve\u010dimo, \u010deljusti ne dobijo ustrezne stimulacije za rast. Posledica tega je zmanj\u0161ana velikost \u010deljusti, \u0161ibkej\u0161e motori\u010dne sposobnosti in \u017eve\u010dilne mi\u0161ice, posledi\u010dno pa imamo pri ve\u010d kot 80 % \u0161olskih otrok incidenco ortodontskih nepravilnosti.   <\/span><\/p>\n<p><span style=\"font-weight: 400;\">Zgodnje prepoznavanje in odpravljanje slabih navad, kot so nepravilno (otro\u0161ko) po\u017eiranje, dolgotrajno sesanje palca ali dude, dihanje skozi usta, grizenje nohtov ali drugih predmetov ter nepravilna dr\u017ea, lahko znatno ubla\u017ei ali prepre\u010di razvoj ortodontskih anomalij.  <\/span><\/p>\n<h2>Pri kateri starosti otroci za\u010dnejo nositi zobni aparat in kdaj naj jih pregleda ortodont?<\/h2>\n<p><span style=\"font-weight: 400;\">\u010cas za za\u010detek usmerjanja rasti zob je v vrtcu ali zgodnji \u0161olski dobi, star\u0161em pa najpogosteje priporo\u010damo obisk ortodonta, ko otrok dopolni 7 let.  <\/span><\/p>\n<p><span style=\"font-weight: 400;\">Razvoj \u010deljusti in rast zob sta pri vsakem otroku druga\u010dna. Zato prvi obisk ortodonta ne pomeni takoj\u0161njega za\u010detka ortodontske terapije. Najprej je cilj prvega pregleda oceniti osnovno rast \u010deljusti in ali otrok potrebuje ortodontsko terapijo ali je mo\u017een le ortodontski nadzor.  <\/span><\/p>\n<p><span style=\"font-weight: 400;\">Napovedovanje ortodontske terapije v otro\u0161tvu je zahtevno in vedno je treba natan\u010dno izbrati najbolj\u0161i \u010das za posamezno fazo ortodontskega zdravljenja. Zato je v\u010dasih treba po\u010dakati, da otrok dose\u017ee dolo\u010deno starost. <\/span><\/p>\n<h2>Ortodontska terapija za otroke &#8211; interceptivna terapija<\/h2>\n<p><span style=\"font-weight: 400;\">Ortodontska terapija, ki \u00bbdeluje z rastjo\u00ab, torej se za\u010dne v obdobju intenzivne rasti otroka, se imenuje interceptivna ortodontska terapija. Ta terapija vklju\u010duje izobra\u017eevanje star\u0161ev in otrok o izvajanju vaj za mi\u0161ice obraza in jezika za odpravo nepravilnih funkcij in popravljanje \u0161kodljivih navad. Vklju\u010duje tudi odstranitev stikov med mle\u010dnimi zobmi, ki silijo \u010deljusti v prisilni polo\u017eaj in s tem zavirajo njihovo pravilno rast in razvoj. V zgodnji mladosti     <\/span><span style=\"font-weight: 400;\">Popravljamo odnose med \u010deljustmi, odpravljamo slabe navade, odpravljamo nepravilnosti v vi\u0161ini ugriza, po\u017eiranju in govoru ter ohranjamo prostor za neizrasle stalne zobe. \u010cas za\u010detka intenzivne rasti otroka je individualen, cilj ortodontske terapije pa je v tem obdobju spodbuditi ali upo\u010dasniti rast zgornje in\/ali spodnje \u010deljusti ter zagotoviti ravnovesje v razvoju \u010deljusti. <\/span><\/p>\n<h2>MOBILNI ZOBNI APARATI ZA INTERCEPTIVNO TERAPIJO:<\/h2>\n<p><b>Snemljivi bimaksilarni zobni aparat za otroke<\/b><\/p>\n<p><span style=\"font-weight: 400;\">Bimaksilarni ali enodelni mobilni zobni aparati so sestavljeni iz ene same naprave, ki hkrati obdaja in deluje na zgornjo in spodnjo \u010deljust. Izdelane so iz plastike ali gume in so lahko v razli\u010dnih barvah ali prozorne. Z bimaksilarnim snemljivim zobnim aparatom bomo spodbudili, pospe\u0161ili ali upo\u010dasnili razvoj \u010deljusti in zob ter s tem prepre\u010dili njihovo nepravilno rast.  <\/span><span style=\"font-weight: 400;\"><br \/><\/span><span style=\"font-weight: 400;\">Pogosto jih uporabljamo med drugim za popravljanje nepravilnosti v rasti, ki nastanejo zaradi sesanja palca ali dude.<\/span><\/p>\n<figure id=\"attachment_9957\" aria-describedby=\"caption-attachment-9957\" style=\"width: 450px\" class=\"wp-caption aligncenter\"><a ref=\"magnificPopup\" href=\"https:\/\/www.apolonija.hr\/wp-content\/uploads\/2020\/06\/Stomatoloska-poliklinika-apolonija-zagreb-centar_bimaksilarni-mobilni-aparatic-450x313.jpg\"><img decoding=\"async\" class=\"size-medium wp-image-7236\" src=\"https:\/\/www.apolonija.hr\/wp-content\/uploads\/2020\/06\/Stomatoloska-poliklinika-apolonija-zagreb-centar_bimaksilarni-mobilni-aparatic-450x313.jpg\" alt=\"Mobilni bimaksilarni zobni aparat\" width=\"450\" height=\"313\" srcset=\"https:\/\/www.apolonija.hr\/wp-content\/uploads\/2020\/06\/Stomatoloska-poliklinika-apolonija-zagreb-centar_bimaksilarni-mobilni-aparatic-450x313.jpg 450w, https:\/\/www.apolonija.hr\/wp-content\/uploads\/2020\/06\/Stomatoloska-poliklinika-apolonija-zagreb-centar_bimaksilarni-mobilni-aparatic-600x418.jpg 600w, https:\/\/www.apolonija.hr\/wp-content\/uploads\/2020\/06\/Stomatoloska-poliklinika-apolonija-zagreb-centar_bimaksilarni-mobilni-aparatic.jpg 754w\" sizes=\"(max-width: 450px) 100vw, 450px\" \/><\/a><figcaption id=\"caption-attachment-9957\" class=\"wp-caption-text\">Mobilni bimaksilarni zobni aparat<\/figcaption><\/figure>\n<p>&nbsp;<\/p>\n<p><b>Monomaksilarne snemljive zobne aparate za otroke<\/b><\/p>\n<p><span style=\"font-weight: 400;\">Monomaksilarni ali dvodelni snemljivi zobni aparat za otroke je sestavljen iz dveh naprav, enega za vsako \u010deljust. Izdelane so iz akrilne podlage, na katero so pritrjene jeklene \u017eice. Akrilna osnova je lahko izdelana tudi v razli\u010dnih barvah, kar mlade paciente zelo razveseli in jih motivira k no\u0161enju zobnega aparata. Zgornji in spodnji del monomaksilarnega zobnega aparata aktivno vplivata na zobe. Z jeklenimi \u017eicami, sponkami in vijaki na primer \u0161irijo zobne loke ali vrtijo zobe in tako usmerjajo njihovo rast. \u0160e posebej so uporabni v primeru prezgodnje izgube mle\u010dnih zob. Takrat je pomembno, da se prihrani prostor za stalni zob, ki \u0161e ni izrasel.        <\/span><\/p>\n<figure id=\"attachment_9214\" aria-describedby=\"caption-attachment-9214\" style=\"width: 450px\" class=\"wp-caption aligncenter\"><a ref=\"magnificPopup\" href=\"https:\/\/www.apolonija.hr\/wp-content\/uploads\/2020\/06\/Stomatoloska-poliklinika-apolonija-zagreb-centar_monomaksilarni-mobilni-aparatic-450x300.jpg\"><img decoding=\"async\" class=\"size-medium wp-image-7237\" src=\"https:\/\/www.apolonija.hr\/wp-content\/uploads\/2020\/06\/Stomatoloska-poliklinika-apolonija-zagreb-centar_monomaksilarni-mobilni-aparatic-450x300.jpg\" alt=\"Monomaksilarne mobilne zobne aparate  \" width=\"450\" height=\"300\" srcset=\"https:\/\/www.apolonija.hr\/wp-content\/uploads\/2020\/06\/Stomatoloska-poliklinika-apolonija-zagreb-centar_monomaksilarni-mobilni-aparatic-450x300.jpg 450w, https:\/\/www.apolonija.hr\/wp-content\/uploads\/2020\/06\/Stomatoloska-poliklinika-apolonija-zagreb-centar_monomaksilarni-mobilni-aparatic-1024x683.jpg 1024w, https:\/\/www.apolonija.hr\/wp-content\/uploads\/2020\/06\/Stomatoloska-poliklinika-apolonija-zagreb-centar_monomaksilarni-mobilni-aparatic-768x512.jpg 768w, https:\/\/www.apolonija.hr\/wp-content\/uploads\/2020\/06\/Stomatoloska-poliklinika-apolonija-zagreb-centar_monomaksilarni-mobilni-aparatic.jpg 1200w\" sizes=\"(max-width: 450px) 100vw, 450px\" \/><\/a><figcaption id=\"caption-attachment-9214\" class=\"wp-caption-text\">Monomaksilarne mobilne zobne aparate<\/figcaption><\/figure>\n<p><span style=\"font-weight: 400;\">Na\u0161i ortodonti bodo za vsakega otroka opravili individualno oceno, dolo\u010dili vrstni red zdravljenja ugotovljenih nepravilnosti v rasti in dolo\u010dili ortodontsko terapijo, ki je prilagojena mlademu pacientu. Zgodnje prepoznavanje in zdravljenje te\u017eav lahko prepre\u010di dolgotrajne, bolj zapletene posege v prihodnosti in zagotovi pravilen razvoj \u010deljusti in zob. <\/span><\/p>\n<p><span> <div class=\"jc-cta cta-prvi-pregled\">\n\t<p style=\"\">Pregled v polikliniki Apolonija rezervirajte prek telefonskega klica, WhatsAppa ali izpolnite kontaktni obrazec.<\/p>\n\t<a class=\"telefon w-btn us-btn-style_29 icon_atleft\" href=\"tel:+385 1 4883 800\"><i class=\"fas fa-phone-rotary\"><\/i><span class=\"w-btn-label\">+385 1 4883 800<\/span><\/a>\n\t<a class=\"whatsapp w-btn us-btn-style_29 icon_atleft\" href=\"https:\/\/wa.me\/385914883800\"><i class=\"fab fa-whatsapp\"><\/i><span class=\"w-btn-label\">+385 91 4883 800<\/span><\/a>\n\t<\/div><\/span><\/p>\n<\/div><\/div><\/div><\/div><\/div><\/div><\/section>\n","protected":false},"excerpt":{"rendered":"<p>Snemljivi zobni aparat je namenjen otrokom in ga uporabljamo \u0161e preden za\u010dnejo izpadati mle\u010dni zobje. V tej starosti imajo snemljivi zobni aparati pomembno vlogo pri usmerjanju rasti in zagotavljanju pravilnega razvoja \u010deljusti. <\/p>\n","protected":false},"author":15,"featured_media":16527,"parent":20898,"menu_order":4,"comment_status":"closed","ping_status":"closed","template":"","meta":{"_acf_changed":false,"footnotes":""},"class_list":["post-21013","page","type-page","status-publish","has-post-thumbnail","hentry"],"acf":[],"yoast_head":"<!-- This site is optimized with the Yoast SEO plugin v27.5 - https:\/\/yoast.com\/product\/yoast-seo-wordpress\/ -->\n<title>Zobni aparat za otroke - Stomatolo\u0161ka poliklinika Apolonija<\/title>\n<meta name=\"description\" content=\"Snemljivi zobni aparat je namenjen otrokom, preden jim izpadejo mle\u010dni zobje. Njihova vloga je usmerjanje rasti za pravilen razvoj \u010deljusti. Izvedite ve\u010d!\" \/>\n<meta name=\"robots\" content=\"index, follow, max-snippet:-1, max-image-preview:large, max-video-preview:-1\" \/>\n<link rel=\"canonical\" href=\"https:\/\/www.apolonija.hr\/sl\/zobni-aparat\/zobni-aparat-za-otroke\/\" \/>\n<meta property=\"og:locale\" content=\"sl_SI\" \/>\n<meta property=\"og:type\" content=\"article\" \/>\n<meta property=\"og:title\" content=\"Zobni aparat za otroke - Stomatolo\u0161ka poliklinika Apolonija\" \/>\n<meta property=\"og:description\" content=\"Snemljivi zobni aparat je namenjen otrokom, preden jim izpadejo mle\u010dni zobje. Njihova vloga je usmerjanje rasti za pravilen razvoj \u010deljusti. Izvedite ve\u010d!\" \/>\n<meta property=\"og:url\" content=\"https:\/\/www.apolonija.hr\/sl\/zobni-aparat\/zobni-aparat-za-otroke\/\" \/>\n<meta property=\"og:site_name\" content=\"Stomatolo\u0161ka poliklinika Apolonija\" \/>\n<meta property=\"article:publisher\" content=\"https:\/\/www.facebook.com\/SPApolonija\/\" \/>\n<meta property=\"article:modified_time\" content=\"2025-05-12T10:41:30+00:00\" \/>\n<meta property=\"og:image\" content=\"https:\/\/www.apolonija.hr\/wp-content\/uploads\/2024\/08\/usluga-03.jpg\" \/>\n\t<meta property=\"og:image:width\" content=\"938\" \/>\n\t<meta property=\"og:image:height\" content=\"625\" \/>\n\t<meta property=\"og:image:type\" content=\"image\/jpeg\" \/>\n<meta name=\"twitter:card\" content=\"summary_large_image\" \/>\n<meta name=\"twitter:label1\" content=\"Est. reading time\" \/>\n\t<meta name=\"twitter:data1\" content=\"5 minut\" \/>\n<script type=\"application\/ld+json\" class=\"yoast-schema-graph\">{\"@context\":\"https:\\\/\\\/schema.org\",\"@graph\":[{\"@type\":\"WebPage\",\"@id\":\"https:\\\/\\\/www.apolonija.hr\\\/sl\\\/zobni-aparat\\\/zobni-aparat-za-otroke\\\/\",\"url\":\"https:\\\/\\\/www.apolonija.hr\\\/sl\\\/zobni-aparat\\\/zobni-aparat-za-otroke\\\/\",\"name\":\"Zobni aparat za otroke - Stomatolo\u0161ka poliklinika Apolonija\",\"isPartOf\":{\"@id\":\"https:\\\/\\\/www.apolonija.hr\\\/sl\\\/#website\"},\"primaryImageOfPage\":{\"@id\":\"https:\\\/\\\/www.apolonija.hr\\\/sl\\\/zobni-aparat\\\/zobni-aparat-za-otroke\\\/#primaryimage\"},\"image\":{\"@id\":\"https:\\\/\\\/www.apolonija.hr\\\/sl\\\/zobni-aparat\\\/zobni-aparat-za-otroke\\\/#primaryimage\"},\"thumbnailUrl\":\"https:\\\/\\\/www.apolonija.hr\\\/wp-content\\\/uploads\\\/2024\\\/08\\\/usluga-03.jpg\",\"datePublished\":\"2020-04-04T09:51:32+00:00\",\"dateModified\":\"2025-05-12T10:41:30+00:00\",\"description\":\"Snemljivi zobni aparat je namenjen otrokom, preden jim izpadejo mle\u010dni zobje. Njihova vloga je usmerjanje rasti za pravilen razvoj \u010deljusti. Izvedite ve\u010d!\",\"breadcrumb\":{\"@id\":\"https:\\\/\\\/www.apolonija.hr\\\/sl\\\/zobni-aparat\\\/zobni-aparat-za-otroke\\\/#breadcrumb\"},\"inLanguage\":\"sl-SI\",\"potentialAction\":[{\"@type\":\"ReadAction\",\"target\":[\"https:\\\/\\\/www.apolonija.hr\\\/sl\\\/zobni-aparat\\\/zobni-aparat-za-otroke\\\/\"]}]},{\"@type\":\"ImageObject\",\"inLanguage\":\"sl-SI\",\"@id\":\"https:\\\/\\\/www.apolonija.hr\\\/sl\\\/zobni-aparat\\\/zobni-aparat-za-otroke\\\/#primaryimage\",\"url\":\"https:\\\/\\\/www.apolonija.hr\\\/wp-content\\\/uploads\\\/2024\\\/08\\\/usluga-03.jpg\",\"contentUrl\":\"https:\\\/\\\/www.apolonija.hr\\\/wp-content\\\/uploads\\\/2024\\\/08\\\/usluga-03.jpg\",\"width\":938,\"height\":625,\"caption\":\"Privatna ortodoncija za djecu i tinejd\u017eere\"},{\"@type\":\"BreadcrumbList\",\"@id\":\"https:\\\/\\\/www.apolonija.hr\\\/sl\\\/zobni-aparat\\\/zobni-aparat-za-otroke\\\/#breadcrumb\",\"itemListElement\":[{\"@type\":\"ListItem\",\"position\":1,\"name\":\"Apolonija\",\"item\":\"https:\\\/\\\/www.apolonija.hr\\\/sl\\\/apolonija\\\/\"},{\"@type\":\"ListItem\",\"position\":2,\"name\":\"Zobni aparat\",\"item\":\"https:\\\/\\\/www.apolonija.hr\\\/sl\\\/zobni-aparat\\\/\"},{\"@type\":\"ListItem\",\"position\":3,\"name\":\"Zobni aparat za otroke\"}]},{\"@type\":\"WebSite\",\"@id\":\"https:\\\/\\\/www.apolonija.hr\\\/sl\\\/#website\",\"url\":\"https:\\\/\\\/www.apolonija.hr\\\/sl\\\/\",\"name\":\"Stomatolo\u0161ka poliklinika Apolonija\",\"description\":\"\u017divljenje, polno nasmehov\",\"publisher\":{\"@id\":\"https:\\\/\\\/www.apolonija.hr\\\/sl\\\/#organization\"},\"potentialAction\":[{\"@type\":\"SearchAction\",\"target\":{\"@type\":\"EntryPoint\",\"urlTemplate\":\"https:\\\/\\\/www.apolonija.hr\\\/sl\\\/?s={search_term_string}\"},\"query-input\":{\"@type\":\"PropertyValueSpecification\",\"valueRequired\":true,\"valueName\":\"search_term_string\"}}],\"inLanguage\":\"sl-SI\"},{\"@type\":\"Organization\",\"@id\":\"https:\\\/\\\/www.apolonija.hr\\\/sl\\\/#organization\",\"name\":\"Stomatolo\u0161ka poliklinika Apolonija\",\"url\":\"https:\\\/\\\/www.apolonija.hr\\\/sl\\\/\",\"logo\":{\"@type\":\"ImageObject\",\"inLanguage\":\"sl-SI\",\"@id\":\"https:\\\/\\\/www.apolonija.hr\\\/sl\\\/#\\\/schema\\\/logo\\\/image\\\/\",\"url\":\"https:\\\/\\\/www.apolonija.hr\\\/wp-content\\\/uploads\\\/2019\\\/10\\\/logo-1.png\",\"contentUrl\":\"https:\\\/\\\/www.apolonija.hr\\\/wp-content\\\/uploads\\\/2019\\\/10\\\/logo-1.png\",\"width\":500,\"height\":140,\"caption\":\"Stomatolo\u0161ka poliklinika Apolonija\"},\"image\":{\"@id\":\"https:\\\/\\\/www.apolonija.hr\\\/sl\\\/#\\\/schema\\\/logo\\\/image\\\/\"},\"sameAs\":[\"https:\\\/\\\/www.facebook.com\\\/SPApolonija\\\/\",\"https:\\\/\\\/www.instagram.com\\\/poliklinikaapolonija\\\/\",\"https:\\\/\\\/www.linkedin.com\\\/company\\\/stomatolo\u0161ka-poliklinika-apolonija\\\/\",\"https:\\\/\\\/www.tiktok.com\\\/@poliklinikaapolonija\"]}]}<\/script>\n<!-- \/ Yoast SEO plugin. -->","yoast_head_json":{"title":"Zobni aparat za otroke - Stomatolo\u0161ka poliklinika Apolonija","description":"Snemljivi zobni aparat je namenjen otrokom, preden jim izpadejo mle\u010dni zobje. Njihova vloga je usmerjanje rasti za pravilen razvoj \u010deljusti. Izvedite ve\u010d!","robots":{"index":"index","follow":"follow","max-snippet":"max-snippet:-1","max-image-preview":"max-image-preview:large","max-video-preview":"max-video-preview:-1"},"canonical":"https:\/\/www.apolonija.hr\/sl\/zobni-aparat\/zobni-aparat-za-otroke\/","og_locale":"sl_SI","og_type":"article","og_title":"Zobni aparat za otroke - Stomatolo\u0161ka poliklinika Apolonija","og_description":"Snemljivi zobni aparat je namenjen otrokom, preden jim izpadejo mle\u010dni zobje. Njihova vloga je usmerjanje rasti za pravilen razvoj \u010deljusti. Izvedite ve\u010d!","og_url":"https:\/\/www.apolonija.hr\/sl\/zobni-aparat\/zobni-aparat-za-otroke\/","og_site_name":"Stomatolo\u0161ka poliklinika Apolonija","article_publisher":"https:\/\/www.facebook.com\/SPApolonija\/","article_modified_time":"2025-05-12T10:41:30+00:00","og_image":[{"width":938,"height":625,"url":"https:\/\/www.apolonija.hr\/wp-content\/uploads\/2024\/08\/usluga-03.jpg","type":"image\/jpeg"}],"twitter_card":"summary_large_image","twitter_misc":{"Est. reading time":"5 minut"},"schema":{"@context":"https:\/\/schema.org","@graph":[{"@type":"WebPage","@id":"https:\/\/www.apolonija.hr\/sl\/zobni-aparat\/zobni-aparat-za-otroke\/","url":"https:\/\/www.apolonija.hr\/sl\/zobni-aparat\/zobni-aparat-za-otroke\/","name":"Zobni aparat za otroke - Stomatolo\u0161ka poliklinika Apolonija","isPartOf":{"@id":"https:\/\/www.apolonija.hr\/sl\/#website"},"primaryImageOfPage":{"@id":"https:\/\/www.apolonija.hr\/sl\/zobni-aparat\/zobni-aparat-za-otroke\/#primaryimage"},"image":{"@id":"https:\/\/www.apolonija.hr\/sl\/zobni-aparat\/zobni-aparat-za-otroke\/#primaryimage"},"thumbnailUrl":"https:\/\/www.apolonija.hr\/wp-content\/uploads\/2024\/08\/usluga-03.jpg","datePublished":"2020-04-04T09:51:32+00:00","dateModified":"2025-05-12T10:41:30+00:00","description":"Snemljivi zobni aparat je namenjen otrokom, preden jim izpadejo mle\u010dni zobje. Njihova vloga je usmerjanje rasti za pravilen razvoj \u010deljusti. Izvedite ve\u010d!","breadcrumb":{"@id":"https:\/\/www.apolonija.hr\/sl\/zobni-aparat\/zobni-aparat-za-otroke\/#breadcrumb"},"inLanguage":"sl-SI","potentialAction":[{"@type":"ReadAction","target":["https:\/\/www.apolonija.hr\/sl\/zobni-aparat\/zobni-aparat-za-otroke\/"]}]},{"@type":"ImageObject","inLanguage":"sl-SI","@id":"https:\/\/www.apolonija.hr\/sl\/zobni-aparat\/zobni-aparat-za-otroke\/#primaryimage","url":"https:\/\/www.apolonija.hr\/wp-content\/uploads\/2024\/08\/usluga-03.jpg","contentUrl":"https:\/\/www.apolonija.hr\/wp-content\/uploads\/2024\/08\/usluga-03.jpg","width":938,"height":625,"caption":"Privatna ortodoncija za djecu i tinejd\u017eere"},{"@type":"BreadcrumbList","@id":"https:\/\/www.apolonija.hr\/sl\/zobni-aparat\/zobni-aparat-za-otroke\/#breadcrumb","itemListElement":[{"@type":"ListItem","position":1,"name":"Apolonija","item":"https:\/\/www.apolonija.hr\/sl\/apolonija\/"},{"@type":"ListItem","position":2,"name":"Zobni aparat","item":"https:\/\/www.apolonija.hr\/sl\/zobni-aparat\/"},{"@type":"ListItem","position":3,"name":"Zobni aparat za otroke"}]},{"@type":"WebSite","@id":"https:\/\/www.apolonija.hr\/sl\/#website","url":"https:\/\/www.apolonija.hr\/sl\/","name":"Stomatolo\u0161ka poliklinika Apolonija","description":"\u017divljenje, polno nasmehov","publisher":{"@id":"https:\/\/www.apolonija.hr\/sl\/#organization"},"potentialAction":[{"@type":"SearchAction","target":{"@type":"EntryPoint","urlTemplate":"https:\/\/www.apolonija.hr\/sl\/?s={search_term_string}"},"query-input":{"@type":"PropertyValueSpecification","valueRequired":true,"valueName":"search_term_string"}}],"inLanguage":"sl-SI"},{"@type":"Organization","@id":"https:\/\/www.apolonija.hr\/sl\/#organization","name":"Stomatolo\u0161ka poliklinika Apolonija","url":"https:\/\/www.apolonija.hr\/sl\/","logo":{"@type":"ImageObject","inLanguage":"sl-SI","@id":"https:\/\/www.apolonija.hr\/sl\/#\/schema\/logo\/image\/","url":"https:\/\/www.apolonija.hr\/wp-content\/uploads\/2019\/10\/logo-1.png","contentUrl":"https:\/\/www.apolonija.hr\/wp-content\/uploads\/2019\/10\/logo-1.png","width":500,"height":140,"caption":"Stomatolo\u0161ka poliklinika Apolonija"},"image":{"@id":"https:\/\/www.apolonija.hr\/sl\/#\/schema\/logo\/image\/"},"sameAs":["https:\/\/www.facebook.com\/SPApolonija\/","https:\/\/www.instagram.com\/poliklinikaapolonija\/","https:\/\/www.linkedin.com\/company\/stomatolo\u0161ka-poliklinika-apolonija\/","https:\/\/www.tiktok.com\/@poliklinikaapolonija"]}]}},"_links":{"self":[{"href":"https:\/\/www.apolonija.hr\/sl\/wp-json\/wp\/v2\/pages\/21013","targetHints":{"allow":["GET"]}}],"collection":[{"href":"https:\/\/www.apolonija.hr\/sl\/wp-json\/wp\/v2\/pages"}],"about":[{"href":"https:\/\/www.apolonija.hr\/sl\/wp-json\/wp\/v2\/types\/page"}],"author":[{"embeddable":true,"href":"https:\/\/www.apolonija.hr\/sl\/wp-json\/wp\/v2\/users\/15"}],"replies":[{"embeddable":true,"href":"https:\/\/www.apolonija.hr\/sl\/wp-json\/wp\/v2\/comments?post=21013"}],"version-history":[{"count":7,"href":"https:\/\/www.apolonija.hr\/sl\/wp-json\/wp\/v2\/pages\/21013\/revisions"}],"predecessor-version":[{"id":21096,"href":"https:\/\/www.apolonija.hr\/sl\/wp-json\/wp\/v2\/pages\/21013\/revisions\/21096"}],"up":[{"embeddable":true,"href":"https:\/\/www.apolonija.hr\/sl\/wp-json\/wp\/v2\/pages\/20898"}],"wp:featuredmedia":[{"embeddable":true,"href":"https:\/\/www.apolonija.hr\/sl\/wp-json\/wp\/v2\/media\/16527"}],"wp:attachment":[{"href":"https:\/\/www.apolonija.hr\/sl\/wp-json\/wp\/v2\/media?parent=21013"}],"curies":[{"name":"wp","href":"https:\/\/api.w.org\/{rel}","templated":true}]}}