{"id":21054,"date":"2020-04-06T19:47:38","date_gmt":"2020-04-06T17:47:38","guid":{"rendered":"https:\/\/www.apolonija.hr\/odkrijte-digitalno-zobozdravstvo\/"},"modified":"2025-05-12T11:39:17","modified_gmt":"2025-05-12T09:39:17","slug":"odkrijte-digitalno-zobozdravstvo","status":"publish","type":"page","link":"https:\/\/www.apolonija.hr\/sl\/odkrijte-digitalno-zobozdravstvo\/","title":{"rendered":"Odkrijte digitalno zobozdravstvo"},"content":{"rendered":"<section class=\"l-section wpb_row height_small\"><div class=\"l-section-h i-cf\"><div class=\"g-cols vc_row via_grid cols_1 laptops-cols_inherit tablets-cols_inherit mobiles-cols_1 valign_top type_default stacking_default\"><div class=\"wpb_column vc_column_container\"><div class=\"vc_column-inner\"><div class=\"wpb_text_column\"><div class=\"wpb_wrapper\"><p><span style=\"font-weight: 400;\">V zobni polikliniki Apolonija verjamemo, da si vsak pacient zaslu\u017ei najbolj\u0161e &#8211; nebole\u010de zdravljenje, vrhunsko natan\u010dnost in dolgotrajne rezultate. To je na\u0161e poslanstvo in obljuba pacientom. Zato uporabljamo najnaprednej\u0161o digitalno tehnologijo, ki zagotavlja hitrej\u0161o, varnej\u0161o in natan\u010dnej\u0161o diagnostiko in terapijo.    <\/span><\/p>\n<\/p>\n<p><img decoding=\"async\" class=\"aligncenter wp-image-16340\" src=\"https:\/\/www.apolonija.hr\/wp-content\/uploads\/2024\/08\/digital-dentistry-certificate.png\" alt=\"Potrdila o digitalnem zobozdravstvu\" width=\"189\" height=\"62\"><\/p>\n<h2>Rentgenska diagnostika z umetno inteligenco<\/h2>\n<p><span style=\"font-weight: 400;\">S pomo\u010djo naprednih diagnosti\u010dnih sistemov in umetne inteligence lahko zaznamo razli\u010dne spremembe v kosti, zgodnje znake vnetja in nastajajo\u010de motnje.<\/span><b><br \/><\/b><span style=\"font-weight: 400;\">Digitalni 2D in 3D rentgenski \u017earki se izvajajo prek sistema umetne inteligence, ki zagotavlja analizo, ki primerja ve\u010d sto tiso\u010d podobnih primerov z vsega sveta. Rezultat je izjemno hitra in natan\u010dna diagnoza. <\/span><\/p>\n<p><iframe title=\"Diagnocat u Apoloniji\" width=\"640\" height=\"360\" src=\"https:\/\/www.youtube.com\/embed\/N1eEZ4xoOig?feature=oembed\" frameborder=\"0\" allow=\"accelerometer; autoplay; clipboard-write; encrypted-media; gyroscope; picture-in-picture; web-share\" referrerpolicy=\"strict-origin-when-cross-origin\" allowfullscreen><\/iframe><\/p>\n<\/p>\n<h2>3D digitalni tisk<\/h2>\n<p><span style=\"font-weight: 400;\">Zobno skeniranje je zdaj reden postopek v na\u0161i kliniki, saj omogo\u010da zelo visoko natan\u010dnost. Intraoralni skener uporablja sistem ve\u010d 3D-kamer visoke lo\u010dljivosti, ki zajemajo slike zob in okoli\u0161kih tkiv iz razli\u010dnih kotov. Ti odtisi se jemljejo med ortodontsko terapijo, v razli\u010dnih fazah izdelave mosti\u010dkov in kron, za izdelavo predlog za ra\u010dunalni\u0161ko vodeno zobno implantologijo, kot za\u010detni nabor podatkov pri analizi temporomandibularnega sklepa z digitalnim artikulatorjem Modjaw, pri spremljanju stanja zob in sluznic ter so del medicinske dokumentacije.  <\/span><\/p>\n<\/p>\n<p><iframe title=\"Itraoralni Prime 3D sken u Apoloniji\" width=\"640\" height=\"360\" src=\"https:\/\/www.youtube.com\/embed\/WDkPksUXcbw?feature=oembed\" frameborder=\"0\" allow=\"accelerometer; autoplay; clipboard-write; encrypted-media; gyroscope; picture-in-picture; web-share\" referrerpolicy=\"strict-origin-when-cross-origin\" allowfullscreen><\/iframe><\/p>\n<h2> <\/h2>\n<h2>CAD\/CAM in Cerec tehnologija za kerami\u010dne krone in napredne kerami\u010dne inlay\/onlay zalivke<\/h2>\n<p><span style=\"font-weight: 400;\">Zelo visoka natan\u010dnost krone znatno zmanj\u0161a tveganje za napake, nelagodje, zagotavlja dolgotrajne rezultate, bolj\u0161o funkcionalnost, naraven ob\u010dutek in najbolj\u0161o mo\u017eno estetiko. Postopki izdelave kron in kerami\u010dnih zalivk s to tehnologijo so se znatno skraj\u0161ali, tako da jih je mogo\u010de izdelati v nekaj urah. <\/span><\/p>\n<p><span style=\"font-weight: 400;\">Postopek izdelave krone se za\u010dne z digitalnim 3D-tiskanjem, ki se prenese v programsko opremo, kjer se cirkonijeva krona oblikuje z najve\u010djo natan\u010dnostjo, pri \u010demer se upo\u0161tevajo estetske in funkcionalne zahteve pacienta. Po digitalnem oblikovanju se podatki po\u0161ljejo neposredno v robotski sistem za izdelavo preciznih kron, ki za oblikovanje krone uporablja visokokakovostne kerami\u010dne materiale. Postopek robotskega oblikovanja krone poteka z najvi\u0161jo stopnjo natan\u010dnosti.  <\/span><\/p>\n<h2>Modjaw digitalni artikulator<span style=\"font-weight: 400;\"> <\/span><\/h2>\n<p><span style=\"font-weight: 400;\">Modjaw omogo\u010da dinami\u010dno analizo gibov \u010deljusti. To pomeni, da lahko zdravnik podrobneje analizira funkcionalne gibe pacientove \u010deljusti, zlasti med \u017eve\u010denjem in govorjenjem. Analiza gibanja \u010deljusti omogo\u010da natan\u010dno diagnozo in u\u010dinkovitej\u0161e zdravljenje motenj temporomandibularnega sklepa.    <\/span><\/p>\n<p><span style=\"font-weight: 400;\">Skeniranje dinamike \u010deljusti z Modjaw se uporablja tudi v ortodontskih terapijah za optimizacijo delovanja \u010deljusti. Ortodontsko terapijo lahko izvajamo natan\u010dneje in bolje. Izdelamo lahko popolnoma prilagojene krone in mosti\u010dke, ki temeljijo na gibanju pacienta.  <\/span><\/p>\n<p><span style=\"font-weight: 400;\">Sistem Modjaw je trenutno najnaprednej\u0161a tehnologija v zobozdravstvu in zelo smo ponosni in privilegirani, da ga uporabljamo v na\u0161i vsakodnevni praksi.<\/span><\/p>\n<p><iframe title=\"Modjaw u poliklinici Apolonija\" width=\"640\" height=\"360\" src=\"https:\/\/www.youtube.com\/embed\/GDYgvjjWKx4?feature=oembed\" frameborder=\"0\" allow=\"accelerometer; autoplay; clipboard-write; encrypted-media; gyroscope; picture-in-picture; web-share\" referrerpolicy=\"strict-origin-when-cross-origin\" allowfullscreen><\/iframe><\/p>\n<\/p>\n<h2>Digitalno na\u010drtovanje zobne protetike<\/h2>\n<p><span style=\"font-weight: 400;\">Danes oblikujemo krone, mosti\u010dke ali proteze z uporabo razli\u010dnih programskih sistemov. Programska oprema zobozdravniku omogo\u010da, da vnaprej simulira videz in funkcionalnost kon\u010dne re\u0161itve, kar zagotavlja idealno estetiko in popolno prileganje pacientovemu ugrizu. Visoka natan\u010dnost pri izdelavi zobnih kron zagotavlja vzdr\u017eljivost in \u0161\u010diti podporne zobe pred kariesom. Sistemi umetne inteligence posnemajo obliko in videz bodo\u010dih kron na podlagi pacientovih zob. Postopek izdelave zobnih kron postane bolj predvidljiv in hitrej\u0161i.    <\/span><\/p>\n<h2>Digitalno na\u010drtovanje ortodontske terapije<\/h2>\n<p><span style=\"font-weight: 400;\">Po digitalnem odtisu ortodont v programsko opremo vnese natan\u010den model va\u0161ih zob za digitalno na\u010drtovanje ortodontske terapije. Ortodont uporablja programsko opremo za premikanje zob v idealen ugriz, kar se nato pri pacientu dose\u017ee z ortodontskimi aparati.   <\/span><\/p>\n<p><span style=\"font-weight: 400;\">Tako lahko predvidimo trajanje ortodontske terapije, premike zob in se izognemo morebitnim zapletom. Pacientu lahko poka\u017eemo prihodnji rezultat terapije, \u0161e preden za\u010dne nositi zobni aparat. <\/span><\/p>\n<h2>3D-tiskalniki<\/h2>\n<p><span style=\"font-weight: 400;\">3D-tiskalnik omogo\u010da izdelavo natan\u010dnih digitalnih modelov zobnih odtisov in izdelavo popolnoma natan\u010dnih ortodontskih poravnalnikov. Postopek se za\u010dne z digitalnim skeniranjem va\u0161ih zob in \u010deljusti, s \u010dimer se ustvari natan\u010den 3D-model va\u0161e ustne votline. Ta digitalni model se uporablja za na\u010drtovanje in oblikovanje opornic, zobnih aparatov ali zobnih aparatov z uporabo posebne programske opreme. Ko je zasnova kon\u010dana, 3D-tiskalnik samostojno ustvari pacientove modele in za\u010dasne zobne restavracije.   <\/span><\/p>\n<p><iframe title=\"3D printeri u Apoloniji\" width=\"640\" height=\"360\" src=\"https:\/\/www.youtube.com\/embed\/eapIcJAKCTg?feature=oembed\" frameborder=\"0\" allow=\"accelerometer; autoplay; clipboard-write; encrypted-media; gyroscope; picture-in-picture; web-share\" referrerpolicy=\"strict-origin-when-cross-origin\" allowfullscreen><\/iframe><\/p>\n<\/p>\n<h2>Navident &#8211; ra\u010dunalni\u0161ko vodena zobna implantologija<\/h2>\n<p><span style=\"font-weight: 400;\">Sistem Navident uporablja dinami\u010dno navigacijo za vodenje postopka namestitve kirur\u0161kega vsadka, podobno kot GPS sistem v avtomobilu. Najprej se digitalno skenirajo pacientovi zobje in \u010deljusti, nato pa se podatki pove\u017eejo s CBCT posnetki. To ustvari tridimenzionalno predstavitev anatomije zob in \u010deljusti. Med posegom sistem Navident vodi kirurga v realnem \u010dasu prek zaslona, \u200b\u200bkjer lahko zobozdravnik med kirur\u0161kim posegom vidi strukture pod tkivom.   <\/span><\/p>\n<p><iframe title=\"Navident u Apoloniji\" width=\"640\" height=\"360\" src=\"https:\/\/www.youtube.com\/embed\/eIERWfnZK28?feature=oembed\" frameborder=\"0\" allow=\"accelerometer; autoplay; clipboard-write; encrypted-media; gyroscope; picture-in-picture; web-share\" referrerpolicy=\"strict-origin-when-cross-origin\" allowfullscreen><\/iframe><\/p>\n<\/div><\/div><\/div><\/div><\/div><\/div><\/section>\n","protected":false},"excerpt":{"rendered":"","protected":false},"author":15,"featured_media":0,"parent":0,"menu_order":132,"comment_status":"closed","ping_status":"closed","template":"","meta":{"_acf_changed":false,"footnotes":""},"class_list":["post-21054","page","type-page","status-publish","hentry"],"acf":[],"yoast_head":"<!-- This site is optimized with the Yoast SEO plugin v27.5 - https:\/\/yoast.com\/product\/yoast-seo-wordpress\/ -->\n<title>Odkrijte digitalno zobozdravstvo - Stomatolo\u0161ka poliklinika Apolonija<\/title>\n<meta name=\"description\" content=\"Dana\u0161nji visoki estetski kriteriji za popoln nasmeh zahtevajo hiter razvoj tehnologije in materialov, ki jih zagotavljamo v polikliniki Apolonija.\" \/>\n<meta name=\"robots\" content=\"index, follow, max-snippet:-1, max-image-preview:large, max-video-preview:-1\" \/>\n<link rel=\"canonical\" href=\"https:\/\/www.apolonija.hr\/sl\/odkrijte-digitalno-zobozdravstvo\/\" \/>\n<meta property=\"og:locale\" content=\"sl_SI\" \/>\n<meta property=\"og:type\" content=\"article\" \/>\n<meta property=\"og:title\" content=\"Odkrijte digitalno zobozdravstvo - Stomatolo\u0161ka poliklinika Apolonija\" \/>\n<meta property=\"og:description\" content=\"Dana\u0161nji visoki estetski kriteriji za popoln nasmeh zahtevajo hiter razvoj tehnologije in materialov, ki jih zagotavljamo v polikliniki Apolonija.\" \/>\n<meta property=\"og:url\" content=\"https:\/\/www.apolonija.hr\/sl\/odkrijte-digitalno-zobozdravstvo\/\" \/>\n<meta property=\"og:site_name\" content=\"Stomatolo\u0161ka poliklinika Apolonija\" \/>\n<meta property=\"article:publisher\" content=\"https:\/\/www.facebook.com\/SPApolonija\/\" \/>\n<meta property=\"article:modified_time\" content=\"2025-05-12T09:39:17+00:00\" \/>\n<meta property=\"og:image\" content=\"https:\/\/www.apolonija.hr\/wp-content\/uploads\/2024\/08\/digital-dentistry-certificate.png\" \/>\n\t<meta property=\"og:image:width\" content=\"305\" \/>\n\t<meta property=\"og:image:height\" content=\"100\" \/>\n\t<meta property=\"og:image:type\" content=\"image\/png\" \/>\n<meta name=\"twitter:card\" content=\"summary_large_image\" \/>\n<meta name=\"twitter:label1\" content=\"Est. reading time\" \/>\n\t<meta name=\"twitter:data1\" content=\"4 minute\" \/>\n<script type=\"application\/ld+json\" class=\"yoast-schema-graph\">{\"@context\":\"https:\\\/\\\/schema.org\",\"@graph\":[{\"@type\":\"WebPage\",\"@id\":\"https:\\\/\\\/www.apolonija.hr\\\/sl\\\/odkrijte-digitalno-zobozdravstvo\\\/\",\"url\":\"https:\\\/\\\/www.apolonija.hr\\\/sl\\\/odkrijte-digitalno-zobozdravstvo\\\/\",\"name\":\"Odkrijte digitalno zobozdravstvo - Stomatolo\u0161ka poliklinika Apolonija\",\"isPartOf\":{\"@id\":\"https:\\\/\\\/www.apolonija.hr\\\/sl\\\/#website\"},\"primaryImageOfPage\":{\"@id\":\"https:\\\/\\\/www.apolonija.hr\\\/sl\\\/odkrijte-digitalno-zobozdravstvo\\\/#primaryimage\"},\"image\":{\"@id\":\"https:\\\/\\\/www.apolonija.hr\\\/sl\\\/odkrijte-digitalno-zobozdravstvo\\\/#primaryimage\"},\"thumbnailUrl\":\"https:\\\/\\\/www.apolonija.hr\\\/wp-content\\\/uploads\\\/2024\\\/08\\\/digital-dentistry-certificate.png\",\"datePublished\":\"2020-04-06T17:47:38+00:00\",\"dateModified\":\"2025-05-12T09:39:17+00:00\",\"description\":\"Dana\u0161nji visoki estetski kriteriji za popoln nasmeh zahtevajo hiter razvoj tehnologije in materialov, ki jih zagotavljamo v polikliniki Apolonija.\",\"breadcrumb\":{\"@id\":\"https:\\\/\\\/www.apolonija.hr\\\/sl\\\/odkrijte-digitalno-zobozdravstvo\\\/#breadcrumb\"},\"inLanguage\":\"sl-SI\",\"potentialAction\":[{\"@type\":\"ReadAction\",\"target\":[\"https:\\\/\\\/www.apolonija.hr\\\/sl\\\/odkrijte-digitalno-zobozdravstvo\\\/\"]}]},{\"@type\":\"ImageObject\",\"inLanguage\":\"sl-SI\",\"@id\":\"https:\\\/\\\/www.apolonija.hr\\\/sl\\\/odkrijte-digitalno-zobozdravstvo\\\/#primaryimage\",\"url\":\"https:\\\/\\\/www.apolonija.hr\\\/wp-content\\\/uploads\\\/2024\\\/08\\\/digital-dentistry-certificate.png\",\"contentUrl\":\"https:\\\/\\\/www.apolonija.hr\\\/wp-content\\\/uploads\\\/2024\\\/08\\\/digital-dentistry-certificate.png\"},{\"@type\":\"BreadcrumbList\",\"@id\":\"https:\\\/\\\/www.apolonija.hr\\\/sl\\\/odkrijte-digitalno-zobozdravstvo\\\/#breadcrumb\",\"itemListElement\":[{\"@type\":\"ListItem\",\"position\":1,\"name\":\"Apolonija\",\"item\":\"https:\\\/\\\/www.apolonija.hr\\\/sl\\\/apolonija\\\/\"},{\"@type\":\"ListItem\",\"position\":2,\"name\":\"Odkrijte digitalno zobozdravstvo\"}]},{\"@type\":\"WebSite\",\"@id\":\"https:\\\/\\\/www.apolonija.hr\\\/sl\\\/#website\",\"url\":\"https:\\\/\\\/www.apolonija.hr\\\/sl\\\/\",\"name\":\"Stomatolo\u0161ka poliklinika Apolonija\",\"description\":\"\u017divljenje, polno nasmehov\",\"publisher\":{\"@id\":\"https:\\\/\\\/www.apolonija.hr\\\/sl\\\/#organization\"},\"potentialAction\":[{\"@type\":\"SearchAction\",\"target\":{\"@type\":\"EntryPoint\",\"urlTemplate\":\"https:\\\/\\\/www.apolonija.hr\\\/sl\\\/?s={search_term_string}\"},\"query-input\":{\"@type\":\"PropertyValueSpecification\",\"valueRequired\":true,\"valueName\":\"search_term_string\"}}],\"inLanguage\":\"sl-SI\"},{\"@type\":\"Organization\",\"@id\":\"https:\\\/\\\/www.apolonija.hr\\\/sl\\\/#organization\",\"name\":\"Stomatolo\u0161ka poliklinika Apolonija\",\"url\":\"https:\\\/\\\/www.apolonija.hr\\\/sl\\\/\",\"logo\":{\"@type\":\"ImageObject\",\"inLanguage\":\"sl-SI\",\"@id\":\"https:\\\/\\\/www.apolonija.hr\\\/sl\\\/#\\\/schema\\\/logo\\\/image\\\/\",\"url\":\"https:\\\/\\\/www.apolonija.hr\\\/wp-content\\\/uploads\\\/2019\\\/10\\\/logo-1.png\",\"contentUrl\":\"https:\\\/\\\/www.apolonija.hr\\\/wp-content\\\/uploads\\\/2019\\\/10\\\/logo-1.png\",\"width\":500,\"height\":140,\"caption\":\"Stomatolo\u0161ka poliklinika Apolonija\"},\"image\":{\"@id\":\"https:\\\/\\\/www.apolonija.hr\\\/sl\\\/#\\\/schema\\\/logo\\\/image\\\/\"},\"sameAs\":[\"https:\\\/\\\/www.facebook.com\\\/SPApolonija\\\/\",\"https:\\\/\\\/www.instagram.com\\\/poliklinikaapolonija\\\/\",\"https:\\\/\\\/www.linkedin.com\\\/company\\\/stomatolo\u0161ka-poliklinika-apolonija\\\/\",\"https:\\\/\\\/www.tiktok.com\\\/@poliklinikaapolonija\"]}]}<\/script>\n<!-- \/ Yoast SEO plugin. -->","yoast_head_json":{"title":"Odkrijte digitalno zobozdravstvo - Stomatolo\u0161ka poliklinika Apolonija","description":"Dana\u0161nji visoki estetski kriteriji za popoln nasmeh zahtevajo hiter razvoj tehnologije in materialov, ki jih zagotavljamo v polikliniki Apolonija.","robots":{"index":"index","follow":"follow","max-snippet":"max-snippet:-1","max-image-preview":"max-image-preview:large","max-video-preview":"max-video-preview:-1"},"canonical":"https:\/\/www.apolonija.hr\/sl\/odkrijte-digitalno-zobozdravstvo\/","og_locale":"sl_SI","og_type":"article","og_title":"Odkrijte digitalno zobozdravstvo - Stomatolo\u0161ka poliklinika Apolonija","og_description":"Dana\u0161nji visoki estetski kriteriji za popoln nasmeh zahtevajo hiter razvoj tehnologije in materialov, ki jih zagotavljamo v polikliniki Apolonija.","og_url":"https:\/\/www.apolonija.hr\/sl\/odkrijte-digitalno-zobozdravstvo\/","og_site_name":"Stomatolo\u0161ka poliklinika Apolonija","article_publisher":"https:\/\/www.facebook.com\/SPApolonija\/","article_modified_time":"2025-05-12T09:39:17+00:00","og_image":[{"width":305,"height":100,"url":"https:\/\/www.apolonija.hr\/wp-content\/uploads\/2024\/08\/digital-dentistry-certificate.png","type":"image\/png"}],"twitter_card":"summary_large_image","twitter_misc":{"Est. reading time":"4 minute"},"schema":{"@context":"https:\/\/schema.org","@graph":[{"@type":"WebPage","@id":"https:\/\/www.apolonija.hr\/sl\/odkrijte-digitalno-zobozdravstvo\/","url":"https:\/\/www.apolonija.hr\/sl\/odkrijte-digitalno-zobozdravstvo\/","name":"Odkrijte digitalno zobozdravstvo - Stomatolo\u0161ka poliklinika Apolonija","isPartOf":{"@id":"https:\/\/www.apolonija.hr\/sl\/#website"},"primaryImageOfPage":{"@id":"https:\/\/www.apolonija.hr\/sl\/odkrijte-digitalno-zobozdravstvo\/#primaryimage"},"image":{"@id":"https:\/\/www.apolonija.hr\/sl\/odkrijte-digitalno-zobozdravstvo\/#primaryimage"},"thumbnailUrl":"https:\/\/www.apolonija.hr\/wp-content\/uploads\/2024\/08\/digital-dentistry-certificate.png","datePublished":"2020-04-06T17:47:38+00:00","dateModified":"2025-05-12T09:39:17+00:00","description":"Dana\u0161nji visoki estetski kriteriji za popoln nasmeh zahtevajo hiter razvoj tehnologije in materialov, ki jih zagotavljamo v polikliniki Apolonija.","breadcrumb":{"@id":"https:\/\/www.apolonija.hr\/sl\/odkrijte-digitalno-zobozdravstvo\/#breadcrumb"},"inLanguage":"sl-SI","potentialAction":[{"@type":"ReadAction","target":["https:\/\/www.apolonija.hr\/sl\/odkrijte-digitalno-zobozdravstvo\/"]}]},{"@type":"ImageObject","inLanguage":"sl-SI","@id":"https:\/\/www.apolonija.hr\/sl\/odkrijte-digitalno-zobozdravstvo\/#primaryimage","url":"https:\/\/www.apolonija.hr\/wp-content\/uploads\/2024\/08\/digital-dentistry-certificate.png","contentUrl":"https:\/\/www.apolonija.hr\/wp-content\/uploads\/2024\/08\/digital-dentistry-certificate.png"},{"@type":"BreadcrumbList","@id":"https:\/\/www.apolonija.hr\/sl\/odkrijte-digitalno-zobozdravstvo\/#breadcrumb","itemListElement":[{"@type":"ListItem","position":1,"name":"Apolonija","item":"https:\/\/www.apolonija.hr\/sl\/apolonija\/"},{"@type":"ListItem","position":2,"name":"Odkrijte digitalno zobozdravstvo"}]},{"@type":"WebSite","@id":"https:\/\/www.apolonija.hr\/sl\/#website","url":"https:\/\/www.apolonija.hr\/sl\/","name":"Stomatolo\u0161ka poliklinika Apolonija","description":"\u017divljenje, polno nasmehov","publisher":{"@id":"https:\/\/www.apolonija.hr\/sl\/#organization"},"potentialAction":[{"@type":"SearchAction","target":{"@type":"EntryPoint","urlTemplate":"https:\/\/www.apolonija.hr\/sl\/?s={search_term_string}"},"query-input":{"@type":"PropertyValueSpecification","valueRequired":true,"valueName":"search_term_string"}}],"inLanguage":"sl-SI"},{"@type":"Organization","@id":"https:\/\/www.apolonija.hr\/sl\/#organization","name":"Stomatolo\u0161ka poliklinika Apolonija","url":"https:\/\/www.apolonija.hr\/sl\/","logo":{"@type":"ImageObject","inLanguage":"sl-SI","@id":"https:\/\/www.apolonija.hr\/sl\/#\/schema\/logo\/image\/","url":"https:\/\/www.apolonija.hr\/wp-content\/uploads\/2019\/10\/logo-1.png","contentUrl":"https:\/\/www.apolonija.hr\/wp-content\/uploads\/2019\/10\/logo-1.png","width":500,"height":140,"caption":"Stomatolo\u0161ka poliklinika Apolonija"},"image":{"@id":"https:\/\/www.apolonija.hr\/sl\/#\/schema\/logo\/image\/"},"sameAs":["https:\/\/www.facebook.com\/SPApolonija\/","https:\/\/www.instagram.com\/poliklinikaapolonija\/","https:\/\/www.linkedin.com\/company\/stomatolo\u0161ka-poliklinika-apolonija\/","https:\/\/www.tiktok.com\/@poliklinikaapolonija"]}]}},"_links":{"self":[{"href":"https:\/\/www.apolonija.hr\/sl\/wp-json\/wp\/v2\/pages\/21054","targetHints":{"allow":["GET"]}}],"collection":[{"href":"https:\/\/www.apolonija.hr\/sl\/wp-json\/wp\/v2\/pages"}],"about":[{"href":"https:\/\/www.apolonija.hr\/sl\/wp-json\/wp\/v2\/types\/page"}],"author":[{"embeddable":true,"href":"https:\/\/www.apolonija.hr\/sl\/wp-json\/wp\/v2\/users\/15"}],"replies":[{"embeddable":true,"href":"https:\/\/www.apolonija.hr\/sl\/wp-json\/wp\/v2\/comments?post=21054"}],"version-history":[{"count":2,"href":"https:\/\/www.apolonija.hr\/sl\/wp-json\/wp\/v2\/pages\/21054\/revisions"}],"predecessor-version":[{"id":21056,"href":"https:\/\/www.apolonija.hr\/sl\/wp-json\/wp\/v2\/pages\/21054\/revisions\/21056"}],"wp:attachment":[{"href":"https:\/\/www.apolonija.hr\/sl\/wp-json\/wp\/v2\/media?parent=21054"}],"curies":[{"name":"wp","href":"https:\/\/api.w.org\/{rel}","templated":true}]}}