{"id":21185,"date":"2020-04-24T09:36:03","date_gmt":"2020-04-24T07:36:03","guid":{"rendered":"https:\/\/www.apolonija.hr\/obvestilo-o-piskotkih-za-zobozdravstveno-kliniko-apolonija\/"},"modified":"2025-05-12T13:51:36","modified_gmt":"2025-05-12T11:51:36","slug":"obvestilo-o-piskotkih-za-zobozdravstveno-kliniko-apolonija","status":"publish","type":"page","link":"https:\/\/www.apolonija.hr\/sl\/obvestilo-o-piskotkih-za-zobozdravstveno-kliniko-apolonija\/","title":{"rendered":"Obvestilo o pi\u0161kotkih za zobozdravstveno kliniko Apolonija"},"content":{"rendered":"<\/p>\n\n\n<h1>Vi\u0161e informacija o kola\u010di\u0107ima<br\/><\/h1>\n<p>Zobozdravstvena poliklinika Apolonija si prizadeva, da bi bila va\u0161a spletna izku\u0161nja in interakcija \u010dim bolj informativna in prilagojena. Za dosego tega uporabljamo pi\u0161kotke ali podobne tehnike. Menimo, da je pomembno, da veste, katere pi\u0161kotke uporablja na\u0161e spletno mesto in za kak\u0161ne namene. To bo pomagalo za\u0161\u010dititi va\u0161o zasebnost, hkrati pa zagotovilo, da je na\u0161e spletno mesto \u010dim bolj uporabniku prijazno.   <\/p>\n<h2>Kaj so pi\u0161kotki?<\/h2>\n<p>Pi\u0161kotki so majhne besedilne datoteke, ki se shranijo na va\u0161o terminalsko opremo (ra\u010dunalnik ali mobilno napravo), ko obi\u0161\u010dete dolo\u010dena spletna mesta. Zobozdravstvena poliklinika Apolonija lahko uporablja podobne tehnike, kot so piksli, spletni svetilniki, prstni odtisi naprav itd. Zaradi doslednosti bodo vse te tehnike skupaj imenovane \u00bbpi\u0161kotki\u00ab.  <\/p>\n<h2>Zakaj se uporabljajo pi\u0161kotki?<\/h2>\n<p>Pi\u0161kotki se lahko uporabljajo za razli\u010dne namene. Najprej so pi\u0161kotki lahko potrebni za pravilno delovanje spletnega mesta. Na primer, brez pi\u0161kotkov bi si spletno mesto te\u017eko zapomnilo, da ste se prijavili. Ti pi\u0161kotki se imenujejo obvezni pi\u0161kotki.   <\/p>\n<p>Pi\u0161kotki se lahko uporabljajo tudi za analizo uporabe spletnega mesta, \u0161tetje obiskovalcev in pridobivanje informacij o tem, kako izbolj\u0161ati spletno mesto. Statistike uporabe spletnega mesta in drugih poro\u010dil ne povezujemo s posamezniki. Ti pi\u0161kotki se imenujejo analiti\u010dni pi\u0161kotki.  <\/p>\n<p>Tretji\u010d, pi\u0161kotki dru\u017ebenih medijev se uporabljajo za omogo\u010danje integracije dru\u017ebenih omre\u017eij v spletno mesto, tako da lahko stran ali izdelek takoj v\u0161e\u010dkate in delite na svojem najljub\u0161em dru\u017ebenem omre\u017eju.<\/p>\n<p>\u010cetrta pomembna uporaba pi\u0161kotkov je omogo\u010danje spletnega ogla\u0161evanja, ki ga je mogo\u010de prilagoditi osebnim preferencam, tako da se prikazujejo oglasi, ki so vam ustrezni in zanimivi, tako na spletni strani zobozdravstvene ordinacije Apolonija kot zunaj nje. To dose\u017eemo s pi\u0161kotki za (ciljno) ogla\u0161evanje. <\/p>\n<h2>Kako lahko izberem nastavitve za pi\u0161kotke in zasebnost na spletnih straneh zobne poliklinike Apolonija?<\/h2>\n<p>Spletna mesta zobozdravstvene poliklinike Apolonija ponujajo mo\u017enost nastavitve pi\u0161kotkov. S klikom na \u00bbPi\u0161kotki\u00ab lahko izberete, katere vrste pi\u0161kotkov \u017eelite, da uporablja na\u0161a spletna stran. Svoje nastavitve lahko kadar koli spremenite. V nastavitvah pi\u0161kotkov boste na\u0161li tudi seznam vseh pi\u0161kotkov znotraj posamezne kategorije (nujni, analiti\u010dni, pi\u0161kotki dru\u017ebenih medijev, ciljno ogla\u0161evanje).   <\/p>\n<p>Upo\u0161tevajte, da uporaba nastavitev pi\u0161kotkov na na\u0161i spletni strani morda ne bo izbrisala \u017ee nastavljenih pi\u0161kotkov. To lahko storite prek nastavitev spletnega brskalnika, kot je opisano spodaj, po spremembi nastavitev pi\u0161kotkov na spletnem mestu. <\/p>\n<p>\u010ce obiskujete spletno stran Zobozdravstvene poliklinike Apolonija, katere ciljni uporabniki so zunaj Evropske unije, lahko nastavitve pi\u0161kotkov in zasebnosti izberete v nastavitvah spletnega brskalnika.<\/p>\n<h2>Kako upravljati ali onemogo\u010diti pi\u0161kotke v brskalniku<\/h2>\n<p>Prosimo, upo\u0161tevajte, da Zobozdravstvena poliklinika Apolonija trenutno ne uporablja tehni\u010dne re\u0161itve, ki bi nam omogo\u010dila, da se odzovemo na zahteve va\u0161ega internetnega brskalnika za ustavitev sledenja. Poleg razdelka Nastavitve pi\u0161kotkov na na\u0161em spletnem mestu lahko nastavitve pi\u0161kotkov kadar koli upravljate tudi v nastavitvah brskalnika. Upo\u0161tevajte, da nastavitve brskalnika morda ne zagotavljajo enostavne uporabe, ki jo zagotavlja razdelek Nastavitve pi\u0161kotkov na na\u0161em spletnem mestu. \u010ce v nastavitvah brskalnika preprosto onemogo\u010dite vse pi\u0161kotke ali vse na\u0161e pi\u0161kotke, boste morda opazili, da nekateri deli ali funkcije na\u0161ih spletnih mest ne bodo delovali, ker va\u0161 brskalnik morda prepre\u010duje nastavitev pi\u0161kotkov, ki so potrebni za delovanje spletnega mesta. Zato je priporo\u010dljivo, da namesto onemogo\u010danja vseh pi\u0161kotkov v spletnem brskalniku uporabite nastavitve pi\u0161kotkov na spletnem mestu. Na spodnjem seznamu najdete dodatne informacije o tem, kako onemogo\u010diti pi\u0161kotke ali upravljati nastavitve pi\u0161kotkov v brskalniku, ki ga uporabljate:     <\/p>\n<ul>\n<li>Google Chrome:\u00a0https:\/\/support.google.com\/chrome\/answer\/95647?hl=en<\/li>\n<li>Firefox\u00a0https:\/\/support.mozilla.org\/en-US\/kb\/enable-and-disable-cookies-website-preferences<\/li>\n<li>Internet Explorer:\u00a0http:\/\/windows.microsoft.com\/en-GB\/windows-vista\/Block-or-allow-cookies<\/li>\n<li>Safari:\u00a0http:\/\/help.apple.com\/safari\/mac\/8.0\/#\/sfri11471<\/li>\n<li>Kola\u010di\u0107i koji osiguravaju pravilan rad web-mjesta (obavezni kola\u010di\u0107i)<\/li>\n<\/ul>\n<p>Na\u0161e spletno mesto lahko uporablja pi\u0161kotke za naslednje namene:<\/p>\n<ul>\n<li>spremanje preferenci kao \u0161to su jezik, lokacija, broj rezultata pretra\u017eivanja koji \u0107e se prikazati itd.<\/li>\n<li>spremanje postavki za optimalan prikaz videozapisa, kao \u0161to su veli\u010dina me\u0111uspremnika i podaci o rezoluciji zaslona<\/li>\n<li>\u010ditanje postavki preglednika kako bismo svoje web-mjesto mogli optimalno prikazati na va\u0161em zaslonu<\/li>\n<li>lociranje zlouporabe na\u0161eg web-mjesta i usluga, na primjer bilje\u017eenjem nekoliko uzastopnih neuspjelih poku\u0161aja prijave<\/li>\n<li>ravnomjerno u\u010ditavanje web-mjesta kako bi ostalo pristupa\u010dno<\/li>\n<li>omogu\u0107avanje reakcije na na\u0161em web-mjestu<\/li>\n<li>optimiziranje web-mjesta u stvarnom vremenu ovisno o tome kako ga koristite, npr. da polje u obrascu po\u010dne svijetliti ili bljeskati nakon razdoblja neaktivnosti<\/li>\n<\/ul>\n<h2>Pi\u0161kotki, ki nam omogo\u010dajo sledenje uporabe spletnega mesta (analiti\u010dni pi\u0161kotki)<\/h2>\n<p>Na\u0161a spletna mesta lahko uporabljajo analiti\u010dne pi\u0161kotke za naslednje namene:<\/p>\n<ul>\n<li>pra\u0107enje broja posjetitelja na\u0161ih web-stranica<\/li>\n<li>pra\u0107enje vremena koje svaki posjetitelj provede na na\u0161im web-stranicama<\/li>\n<li>odre\u0111ivanje redoslijeda kojim posjetitelj posje\u0107uje razne web-stranice na na\u0161em web-mjestu<\/li>\n<li>procjena dijelova na\u0161eg web-mjesta koje treba pobolj\u0161ati<\/li>\n<li>optimizacija web-mjesta<\/li>\n<li>zahtijevanje povratne informacije za specifi\u010dne dijelove web-mjesta<\/li>\n<\/ul>\n<h2>Pi\u0161kotki za deljenje vsebine spletnega mesta prek dru\u017ebenih omre\u017eij (pi\u0161kotki dru\u017ebenih medijev)<\/h2>\n<p>Ti pi\u0161kotki lahko omogo\u010dijo:<\/p>\n<p>1. registriranim uporabnikom dolo\u010denih dru\u017ebenih omre\u017eij, da delijo dolo\u010deno vsebino neposredno z na\u0161ega spletnega mesta in naka\u017eejo, da jim je v\u0161e\u010d<\/p>\n<p>Ta dru\u017ebena omre\u017eja lahko zbirajo va\u0161e osebne podatke za lastne namene. Zobozdravstvena poliklinika Apolonija nima vpliva na to, kako bodo ta dru\u017ebena omre\u017eja uporabljala va\u0161e osebne podatke. Za ve\u010d informacij o pi\u0161kotkih, ki jih nastavijo dru\u017ebena omre\u017eja, in podatkih, ki jih lahko zbirajo, si oglejte njihove pravilnike o zasebnosti in pi\u0161kotkih. Spodaj je seznam izjav o zasebnosti dru\u017ebenih omre\u017eij, ki jih Zobozdravstvena poliklinika Apolonija najpogosteje uporablja:   <\/p>\n<ul>\n<li>Facebook<\/li>\n<li>Google+<\/li>\n<li>Twitter<\/li>\n<li>Pinterest<\/li>\n<li>LinkedIn<\/li>\n<li>YouTube<\/li>\n<li>Instagram<\/li>\n<li>Sharethis<\/li>\n<li>Vimeo<\/li>\n<li>Tumblr<\/li>\n<\/ul>\n<h2>Pi\u0161kotki za prikazovanje ciljno usmerjenih oglasov in vsebin (pi\u0161kotki za ciljno ogla\u0161evanje)<\/h2>\n<p>Da bi prilagodili informacije in oglasne vsebine temu, kar vas zanima in kar je za vas pomembno, si prizadevamo spoznati, kak\u0161ni so va\u0161i interesi, na podlagi vsebin, ki jih obi\u0161\u010dete in i\u0161\u010dete na spletnih straneh Zobozdravstvene poliklinike Apolonija in tretjih oseb. Na podlagi teh interesov razvijemo segmentiran profil in nato prilagodimo vsebino in oglase na na\u0161i spletni strani razli\u010dnim skupinam uporabnikov. Na ta na\u010din lahko tretje osebe, ki name\u0161\u010dajo pi\u0161kotke prek na\u0161ega spletnega mesta, posku\u0161ajo izvedeti tudi o va\u0161ih interesih, te informacije pa se lahko uporabijo za ponujanje vsebin ali oglasov, ki bi vas verjetno zanimali na drugih spletnih mestih, ki ne pripadajo zobozdravstveni kliniki Apolonija. V tem primeru se lahko podatki o va\u0161em trenutnem obisku spletnega mesta zdru\u017eijo s podatki o prej\u0161njih obiskih drugih spletnih mest, ki niso na\u0161e. Tudi \u010de teh pi\u0161kotkov ne uporabljate, upo\u0161tevajte, da vam bodo na na\u0161i spletni strani \u0161e vedno prikazane oglasne vsebine, vendar te ne bodo prilagojene va\u0161im interesom. Te oglasne vsebine se lahko na primer spremenijo glede na vsebino spletnega mesta. Tovrstno spletno ogla\u0161evanje, povezano z vsebino, lahko primerjamo s televizijskim ogla\u0161evanjem. Na primer, \u010de na televiziji gledate kuharsko oddajo, boste med reklamnimi odmori oddaje obi\u010dajno videli oglas za kuharske izdelke.       <\/p>\n<p>Pi\u0161kotke lahko uporabljamo za ciljno ogla\u0161evanje za:<\/p>\n<p>in. dovolite spletnim mestom, da zabele\u017eijo va\u0161 obisk in posledi\u010dno ocenijo va\u0161e interese<br\/> b. preverite, ali ste izbrali oglasno vsebino<br\/> c. spremljali \u0161tevilo obiskovalcev, ki so izbrali oglasne vsebine<br\/> d. posredovati podatke o va\u0161ih brskalnih navadah drugim spletnim mestom<br\/> npr. omogo\u010dite uporabo storitev tretjih oseb za prikazovanje oglasnih vsebin, prilagojenih va\u0161im potrebam, interesom ali preferencam<br\/> f. dolo\u010diti, katere ogla\u0161evalske vsebine, tehnologije in ogla\u0161evalska omre\u017eja so za nas naju\u010dinkovitej\u0161a<br\/> G. prikazuje oglasne vsebine o izdelkih, ki ste jih prej izbrali, iskali ali za katere ste na drug na\u010din pokazali zanimanje (ponavljajo\u010de se ogla\u0161evanje)<br\/> h. spremljajte, katere oglasne vsebine so \u017ee bile prikazane, da ne vidite vedno istih<br\/> in. Prikazujte bolj zanimive oglasne vsebine glede na va\u0161o uporabo dru\u017ebenih omre\u017eij<br\/> j. vam omogo\u010dajo, da oddate vpra\u0161anja ali mnenja o na\u0161ih storitvah in vam na podlagi njih ponudimo oglasno vsebino, ki vas bo verjetno bolj zanimala<br\/> k. dovolite ponovno uporabo va\u0161ih ocen kot del priporo\u010dil storitev na drugih spletnih mestih<br\/> l. posredovati informacije o ceni, razpolo\u017eljivosti in pogojih nakupa storitev zobozdravstvene ordinacije Apolonija, ki vas zanimajo, in spremljati va\u0161e nakupne preference<br\/> m. omogo\u010dajo vam prejemanje e-po\u0161tnih sporo\u010dil neposrednega tr\u017eenja, prilagojenih va\u0161im interesom (\u010de ste se prijavili za prejemanje tak\u0161nih sporo\u010dil) ali e-po\u0161tnih sporo\u010dil neposrednega tr\u017eenja o izdelkih, podobnih tistim, ki ste jih \u017ee kupili (\u010de se niste odjavili od prejemanja tak\u0161nih sporo\u010dil).             <br\/>\u0161t. Pove\u017eite ve\u010d naprav (npr. telefon, tablico, prenosnik) z obiskovalcem in tako spremljajte, ali je oglasna vsebina na eni napravi morda spodbudila dejanje (na primer nakup) na drugi napravi (sledenje med napravami). <\/p>\n<h2>Zaklju\u010dne opombe<\/h2>\n<p>To Obvestilo o pi\u0161kotkih lahko Zobozdravstvena poliklinika Apolonija ob\u010dasno spremeni, na primer zaradi sprememb na\u0161ega spletnega mesta ali pravilnika o pi\u0161kotkih. Pridr\u017eujemo si pravico, da kadar koli in brez predhodnega obvestila spremenimo vsebino Obvestila o pi\u0161kotkih in pi\u0161kotke na seznamih. Novo obvestilo o pi\u0161kotkih bo za\u010delo veljati ob objavi. \u010ce spremenjenega obvestila ne sprejmete, spremenite svoje nastavitve ali razmislite o prenehanju uporabe spletnih strani zobozdravstvene ordinacije Apolonija. \u010ce boste po uveljavitvi zgoraj omenjenih sprememb \u0161e naprej dostopali do na\u0161ih storitev ali jih uporabljali, se strinjate, da vas zavezuje revidirano Obvestilo o pi\u0161kotkih. Najnovej\u0161o razli\u010dico najdete na tej spletni strani.     <\/p>\n\u00a0\n<p>\u010ce imate kakr\u0161na koli vpra\u0161anja in\/ali komentarje, se obrnite na info@apolonija.hr ali obi\u0161\u010dite na\u0161o kontaktno stran apolonija.hr.<\/p>\n<p>\n<\/p><\/p>\n","protected":false},"excerpt":{"rendered":"<p>Vi\u0161e informacija o kola\u010di\u0107ima Zobozdravstvena poliklinika Apolonija si prizadeva, da bi bila va\u0161a spletna izku\u0161nja in interakcija \u010dim bolj informativna in prilagojena. Za dosego tega uporabljamo pi\u0161kotke ali podobne tehnike. Menimo, da je pomembno, da veste, katere pi\u0161kotke uporablja na\u0161e spletno mesto in za kak\u0161ne namene. To bo pomagalo za\u0161\u010dititi va\u0161o zasebnost, hkrati pa zagotovilo,&#8230;<\/p>\n","protected":false},"author":15,"featured_media":0,"parent":0,"menu_order":122,"comment_status":"closed","ping_status":"closed","template":"","meta":{"_acf_changed":false,"footnotes":""},"class_list":["post-21185","page","type-page","status-publish","hentry"],"acf":[],"yoast_head":"<!-- This site is optimized with the Yoast SEO plugin v27.5 - https:\/\/yoast.com\/product\/yoast-seo-wordpress\/ -->\n<title>Obvestilo o pi\u0161kotkih za zobozdravstveno kliniko Apolonija - Stomatolo\u0161ka poliklinika Apolonija<\/title>\n<meta name=\"description\" content=\"Zobozdravstvena poliklinika Apolonija si prizadeva, da bi bila va\u0161a izku\u0161nja in interakcija \u010dim bolj informativna. Da bi to dosegli, uporabljamo pi\u0161kotke.\" \/>\n<meta name=\"robots\" content=\"index, follow, max-snippet:-1, max-image-preview:large, max-video-preview:-1\" \/>\n<link rel=\"canonical\" href=\"https:\/\/www.apolonija.hr\/sl\/obvestilo-o-piskotkih-za-zobozdravstveno-kliniko-apolonija\/\" \/>\n<meta property=\"og:locale\" content=\"sl_SI\" \/>\n<meta property=\"og:type\" content=\"article\" \/>\n<meta property=\"og:title\" content=\"Obvestilo o pi\u0161kotkih za zobozdravstveno kliniko Apolonija - Stomatolo\u0161ka poliklinika Apolonija\" \/>\n<meta property=\"og:description\" content=\"Zobozdravstvena poliklinika Apolonija si prizadeva, da bi bila va\u0161a izku\u0161nja in interakcija \u010dim bolj informativna. Da bi to dosegli, uporabljamo pi\u0161kotke.\" \/>\n<meta property=\"og:url\" content=\"https:\/\/www.apolonija.hr\/sl\/obvestilo-o-piskotkih-za-zobozdravstveno-kliniko-apolonija\/\" \/>\n<meta property=\"og:site_name\" content=\"Stomatolo\u0161ka poliklinika Apolonija\" \/>\n<meta property=\"article:publisher\" content=\"https:\/\/www.facebook.com\/SPApolonija\/\" \/>\n<meta property=\"article:modified_time\" content=\"2025-05-12T11:51:36+00:00\" \/>\n<meta name=\"twitter:card\" content=\"summary_large_image\" \/>\n<meta name=\"twitter:label1\" content=\"Est. reading time\" \/>\n\t<meta name=\"twitter:data1\" content=\"8 minut\" \/>\n<script type=\"application\/ld+json\" class=\"yoast-schema-graph\">{\"@context\":\"https:\\\/\\\/schema.org\",\"@graph\":[{\"@type\":\"WebPage\",\"@id\":\"https:\\\/\\\/www.apolonija.hr\\\/sl\\\/obvestilo-o-piskotkih-za-zobozdravstveno-kliniko-apolonija\\\/\",\"url\":\"https:\\\/\\\/www.apolonija.hr\\\/sl\\\/obvestilo-o-piskotkih-za-zobozdravstveno-kliniko-apolonija\\\/\",\"name\":\"Obvestilo o pi\u0161kotkih za zobozdravstveno kliniko Apolonija - Stomatolo\u0161ka poliklinika Apolonija\",\"isPartOf\":{\"@id\":\"https:\\\/\\\/www.apolonija.hr\\\/sl\\\/#website\"},\"datePublished\":\"2020-04-24T07:36:03+00:00\",\"dateModified\":\"2025-05-12T11:51:36+00:00\",\"description\":\"Zobozdravstvena poliklinika Apolonija si prizadeva, da bi bila va\u0161a izku\u0161nja in interakcija \u010dim bolj informativna. Da bi to dosegli, uporabljamo pi\u0161kotke.\",\"breadcrumb\":{\"@id\":\"https:\\\/\\\/www.apolonija.hr\\\/sl\\\/obvestilo-o-piskotkih-za-zobozdravstveno-kliniko-apolonija\\\/#breadcrumb\"},\"inLanguage\":\"sl-SI\",\"potentialAction\":[{\"@type\":\"ReadAction\",\"target\":[\"https:\\\/\\\/www.apolonija.hr\\\/sl\\\/obvestilo-o-piskotkih-za-zobozdravstveno-kliniko-apolonija\\\/\"]}]},{\"@type\":\"BreadcrumbList\",\"@id\":\"https:\\\/\\\/www.apolonija.hr\\\/sl\\\/obvestilo-o-piskotkih-za-zobozdravstveno-kliniko-apolonija\\\/#breadcrumb\",\"itemListElement\":[{\"@type\":\"ListItem\",\"position\":1,\"name\":\"Apolonija\",\"item\":\"https:\\\/\\\/www.apolonija.hr\\\/sl\\\/apolonija\\\/\"},{\"@type\":\"ListItem\",\"position\":2,\"name\":\"Obvestilo o pi\u0161kotkih za zobozdravstveno kliniko Apolonija\"}]},{\"@type\":\"WebSite\",\"@id\":\"https:\\\/\\\/www.apolonija.hr\\\/sl\\\/#website\",\"url\":\"https:\\\/\\\/www.apolonija.hr\\\/sl\\\/\",\"name\":\"Stomatolo\u0161ka poliklinika Apolonija\",\"description\":\"\u017divljenje, polno nasmehov\",\"publisher\":{\"@id\":\"https:\\\/\\\/www.apolonija.hr\\\/sl\\\/#organization\"},\"potentialAction\":[{\"@type\":\"SearchAction\",\"target\":{\"@type\":\"EntryPoint\",\"urlTemplate\":\"https:\\\/\\\/www.apolonija.hr\\\/sl\\\/?s={search_term_string}\"},\"query-input\":{\"@type\":\"PropertyValueSpecification\",\"valueRequired\":true,\"valueName\":\"search_term_string\"}}],\"inLanguage\":\"sl-SI\"},{\"@type\":\"Organization\",\"@id\":\"https:\\\/\\\/www.apolonija.hr\\\/sl\\\/#organization\",\"name\":\"Stomatolo\u0161ka poliklinika Apolonija\",\"url\":\"https:\\\/\\\/www.apolonija.hr\\\/sl\\\/\",\"logo\":{\"@type\":\"ImageObject\",\"inLanguage\":\"sl-SI\",\"@id\":\"https:\\\/\\\/www.apolonija.hr\\\/sl\\\/#\\\/schema\\\/logo\\\/image\\\/\",\"url\":\"https:\\\/\\\/www.apolonija.hr\\\/wp-content\\\/uploads\\\/2019\\\/10\\\/logo-1.png\",\"contentUrl\":\"https:\\\/\\\/www.apolonija.hr\\\/wp-content\\\/uploads\\\/2019\\\/10\\\/logo-1.png\",\"width\":500,\"height\":140,\"caption\":\"Stomatolo\u0161ka poliklinika Apolonija\"},\"image\":{\"@id\":\"https:\\\/\\\/www.apolonija.hr\\\/sl\\\/#\\\/schema\\\/logo\\\/image\\\/\"},\"sameAs\":[\"https:\\\/\\\/www.facebook.com\\\/SPApolonija\\\/\",\"https:\\\/\\\/www.instagram.com\\\/poliklinikaapolonija\\\/\",\"https:\\\/\\\/www.linkedin.com\\\/company\\\/stomatolo\u0161ka-poliklinika-apolonija\\\/\",\"https:\\\/\\\/www.tiktok.com\\\/@poliklinikaapolonija\"]}]}<\/script>\n<!-- \/ Yoast SEO plugin. -->","yoast_head_json":{"title":"Obvestilo o pi\u0161kotkih za zobozdravstveno kliniko Apolonija - Stomatolo\u0161ka poliklinika Apolonija","description":"Zobozdravstvena poliklinika Apolonija si prizadeva, da bi bila va\u0161a izku\u0161nja in interakcija \u010dim bolj informativna. Da bi to dosegli, uporabljamo pi\u0161kotke.","robots":{"index":"index","follow":"follow","max-snippet":"max-snippet:-1","max-image-preview":"max-image-preview:large","max-video-preview":"max-video-preview:-1"},"canonical":"https:\/\/www.apolonija.hr\/sl\/obvestilo-o-piskotkih-za-zobozdravstveno-kliniko-apolonija\/","og_locale":"sl_SI","og_type":"article","og_title":"Obvestilo o pi\u0161kotkih za zobozdravstveno kliniko Apolonija - Stomatolo\u0161ka poliklinika Apolonija","og_description":"Zobozdravstvena poliklinika Apolonija si prizadeva, da bi bila va\u0161a izku\u0161nja in interakcija \u010dim bolj informativna. Da bi to dosegli, uporabljamo pi\u0161kotke.","og_url":"https:\/\/www.apolonija.hr\/sl\/obvestilo-o-piskotkih-za-zobozdravstveno-kliniko-apolonija\/","og_site_name":"Stomatolo\u0161ka poliklinika Apolonija","article_publisher":"https:\/\/www.facebook.com\/SPApolonija\/","article_modified_time":"2025-05-12T11:51:36+00:00","twitter_card":"summary_large_image","twitter_misc":{"Est. reading time":"8 minut"},"schema":{"@context":"https:\/\/schema.org","@graph":[{"@type":"WebPage","@id":"https:\/\/www.apolonija.hr\/sl\/obvestilo-o-piskotkih-za-zobozdravstveno-kliniko-apolonija\/","url":"https:\/\/www.apolonija.hr\/sl\/obvestilo-o-piskotkih-za-zobozdravstveno-kliniko-apolonija\/","name":"Obvestilo o pi\u0161kotkih za zobozdravstveno kliniko Apolonija - Stomatolo\u0161ka poliklinika Apolonija","isPartOf":{"@id":"https:\/\/www.apolonija.hr\/sl\/#website"},"datePublished":"2020-04-24T07:36:03+00:00","dateModified":"2025-05-12T11:51:36+00:00","description":"Zobozdravstvena poliklinika Apolonija si prizadeva, da bi bila va\u0161a izku\u0161nja in interakcija \u010dim bolj informativna. Da bi to dosegli, uporabljamo pi\u0161kotke.","breadcrumb":{"@id":"https:\/\/www.apolonija.hr\/sl\/obvestilo-o-piskotkih-za-zobozdravstveno-kliniko-apolonija\/#breadcrumb"},"inLanguage":"sl-SI","potentialAction":[{"@type":"ReadAction","target":["https:\/\/www.apolonija.hr\/sl\/obvestilo-o-piskotkih-za-zobozdravstveno-kliniko-apolonija\/"]}]},{"@type":"BreadcrumbList","@id":"https:\/\/www.apolonija.hr\/sl\/obvestilo-o-piskotkih-za-zobozdravstveno-kliniko-apolonija\/#breadcrumb","itemListElement":[{"@type":"ListItem","position":1,"name":"Apolonija","item":"https:\/\/www.apolonija.hr\/sl\/apolonija\/"},{"@type":"ListItem","position":2,"name":"Obvestilo o pi\u0161kotkih za zobozdravstveno kliniko Apolonija"}]},{"@type":"WebSite","@id":"https:\/\/www.apolonija.hr\/sl\/#website","url":"https:\/\/www.apolonija.hr\/sl\/","name":"Stomatolo\u0161ka poliklinika Apolonija","description":"\u017divljenje, polno nasmehov","publisher":{"@id":"https:\/\/www.apolonija.hr\/sl\/#organization"},"potentialAction":[{"@type":"SearchAction","target":{"@type":"EntryPoint","urlTemplate":"https:\/\/www.apolonija.hr\/sl\/?s={search_term_string}"},"query-input":{"@type":"PropertyValueSpecification","valueRequired":true,"valueName":"search_term_string"}}],"inLanguage":"sl-SI"},{"@type":"Organization","@id":"https:\/\/www.apolonija.hr\/sl\/#organization","name":"Stomatolo\u0161ka poliklinika Apolonija","url":"https:\/\/www.apolonija.hr\/sl\/","logo":{"@type":"ImageObject","inLanguage":"sl-SI","@id":"https:\/\/www.apolonija.hr\/sl\/#\/schema\/logo\/image\/","url":"https:\/\/www.apolonija.hr\/wp-content\/uploads\/2019\/10\/logo-1.png","contentUrl":"https:\/\/www.apolonija.hr\/wp-content\/uploads\/2019\/10\/logo-1.png","width":500,"height":140,"caption":"Stomatolo\u0161ka poliklinika Apolonija"},"image":{"@id":"https:\/\/www.apolonija.hr\/sl\/#\/schema\/logo\/image\/"},"sameAs":["https:\/\/www.facebook.com\/SPApolonija\/","https:\/\/www.instagram.com\/poliklinikaapolonija\/","https:\/\/www.linkedin.com\/company\/stomatolo\u0161ka-poliklinika-apolonija\/","https:\/\/www.tiktok.com\/@poliklinikaapolonija"]}]}},"_links":{"self":[{"href":"https:\/\/www.apolonija.hr\/sl\/wp-json\/wp\/v2\/pages\/21185","targetHints":{"allow":["GET"]}}],"collection":[{"href":"https:\/\/www.apolonija.hr\/sl\/wp-json\/wp\/v2\/pages"}],"about":[{"href":"https:\/\/www.apolonija.hr\/sl\/wp-json\/wp\/v2\/types\/page"}],"author":[{"embeddable":true,"href":"https:\/\/www.apolonija.hr\/sl\/wp-json\/wp\/v2\/users\/15"}],"replies":[{"embeddable":true,"href":"https:\/\/www.apolonija.hr\/sl\/wp-json\/wp\/v2\/comments?post=21185"}],"version-history":[{"count":1,"href":"https:\/\/www.apolonija.hr\/sl\/wp-json\/wp\/v2\/pages\/21185\/revisions"}],"predecessor-version":[{"id":21186,"href":"https:\/\/www.apolonija.hr\/sl\/wp-json\/wp\/v2\/pages\/21185\/revisions\/21186"}],"wp:attachment":[{"href":"https:\/\/www.apolonija.hr\/sl\/wp-json\/wp\/v2\/media?parent=21185"}],"curies":[{"name":"wp","href":"https:\/\/api.w.org\/{rel}","templated":true}]}}