{"id":21261,"date":"2025-05-12T17:45:09","date_gmt":"2025-05-12T15:45:09","guid":{"rendered":"https:\/\/www.apolonija.hr\/nasa-ekipa\/tomislav-lauc\/"},"modified":"2025-12-11T12:11:34","modified_gmt":"2025-12-11T11:11:34","slug":"tomislav-lauc","status":"publish","type":"page","link":"https:\/\/www.apolonija.hr\/sl\/nasa-ekipa\/tomislav-lauc\/","title":{"rendered":"Tomislav Lauc"},"content":{"rendered":"<p><span style=\"font-weight: 400;\">prof.prim.dr.sc. Tomislav Lauc je ravnatelj Stomatolo\u0161ke poliklinike Apolonija. Diplomiral je leta 1997 na Stomatolo\u0161ki fakulteti v Zagrebu, naslednje leto pa se je vpisal na podiplomski \u0161tudij ortodontije na Stomatolo\u0161ki fakulteti v Zagrebu in na podiplomski \u0161tudij antropologije na Naravoslovno-matemati\u010dni fakulteti v Zagrebu. Magistriral je in doktoriral na podro\u010dju ortodontije, specialisti\u010dni izpit iz ortodontije pa je opravil leta 2006.<br \/>\nNa       <\/span><span style=\"font-weight: 400;\">poslovni \u0161oli Wharton Univerze v Pensilvaniji je leta 2023 pridobil naziv magistra poslovne ortodontije.  <\/span><span style=\"font-weight: 400;\">Je stalni sodni izvedenec za podro\u010dje stomatologije. Ministrstvo za zdravje mu je leta 2024 priznalo naziv primarij.  <\/span><\/p>\n<p><span style=\"font-weight: 400;\">Predava predmet Dentalna antropologija na Oddelku za antropologijo Filozofske fakultete v Zagrebu in predmet 3D diagnosti\u010dne metode v dentalni implantologiji na podiplomskem \u0161tudiju na Stomatolo\u0161ki fakulteti v Zagrebu.<\/span><\/p>\n<p><span style=\"font-weight: 400;\">Je predsednik Hrva\u0161kega ortodontisti\u010dnega dru\u0161tva (HLZ) in \u010dlan specializacijskega odbora Evropske akademije za dento-maksilofacialno-facialno radiologijo. Od leta 2025 je \u010dlan najbolj priznanega ortodontskega dru\u0161tva Angle Society of Europe (ASE) kot edini ortodont iz Hrva\u0161ke, Ameri\u0161kega zdru\u017eenja ortodontov in \u0161tevilnih mednarodnih strokovnih zdru\u017eenj. Bil je \u010dlan nadzornega odbora Hrva\u0161kega zdravni\u0161kega zbora (HLZ) in izvr\u0161nega odbora Hrva\u0161kega stomatolo\u0161kega dru\u0161tva (HSD).  <\/span><\/p>\n<p><span style=\"font-weight: 400;\">Je avtor 35 izvirnih znanstvenih in preglednih \u010dlankov v mednarodnih znanstvenih revijah ter 55 konferen\u010dnih prispevkov. Je soavtor 6 znanstvenih knjig. Je \u010dlan uredni\u0161kih odborov in recenzent ve\u010d znanstvenih revij. Bil je predsednik ali \u010dlan 45 organizacijskih ali znanstvenih odborov mednarodnih znanstvenih ali strokovnih konferenc.     <\/span><\/p>\n<p><span style=\"font-weight: 400;\">Prejel je ve\u010d znanstvenih nagrad, vklju\u010dno s presti\u017eno mednarodno nagrado Ambasador of Excellence in ameri\u0161ko Dahlbergovo nagrado. Leta 2022 je prejel    <\/span><span style=\"font-weight: 400;\">Priznanje Univerze v Zagrebu za izjemen prispevek k razvoju dentalne antropologije na Hrva\u0161kem.<\/span><\/p>\n<p><span style=\"font-weight: 400;\">V svojem klini\u010dnem delu se je poleg ortodontije specializiral tudi na podro\u010djih implantologije, zdravljenja motenj temporomandibularnega sklepa, bioregenerativne kirurgije, 3D diagnostike in funkcionalno-estetske rehabilitacije, ki so prav tako predmet njegovega dela in specializacije.<\/span><\/p>\n<p><span style=\"font-weight: 400;\">Neiz\u010drpna mo\u010d, delo in predanost, navdu\u0161enje, marljivost in hkrati \u010dlove\u010dnost, empatija in ob\u010dutljivost do pacientov ga vedno premaknejo vsaj korak pred svoj \u010das. Vse to ga hkrati dela neiz\u010drpnega vzornika, oporo in vodnika za vse nas, njegove sodelavce, ki smo ponosni \u010dlani njegove ekipe. <\/span><\/p>\n","protected":false},"excerpt":{"rendered":"<p>prof.prim.dr.sc. Tomislav Lauc je ravnatelj Stomatolo\u0161ke poliklinike Apolonija. Diplomiral je leta 1997 na Stomatolo\u0161ki fakulteti v Zagrebu, naslednje leto pa se je vpisal na podiplomski \u0161tudij ortodontije na Stomatolo\u0161ki fakulteti v Zagrebu in na podiplomski \u0161tudij antropologije na Naravoslovno-matemati\u010dni fakulteti v Zagrebu. Magistriral je in doktoriral na podro\u010dju ortodontije, specialisti\u010dni izpit iz ortodontije pa je&#8230;<\/p>\n","protected":false},"author":16,"featured_media":17013,"parent":20893,"menu_order":1,"comment_status":"closed","ping_status":"closed","template":"","meta":{"_acf_changed":false,"footnotes":""},"class_list":["post-21261","page","type-page","status-publish","has-post-thumbnail","hentry"],"acf":[],"yoast_head":"<!-- This site is optimized with the Yoast SEO plugin v27.5 - https:\/\/yoast.com\/product\/yoast-seo-wordpress\/ -->\n<title>Tomislav Lauc - Stomatolo\u0161ka poliklinika Apolonija<\/title>\n<meta name=\"robots\" content=\"index, follow, max-snippet:-1, max-image-preview:large, max-video-preview:-1\" \/>\n<link rel=\"canonical\" href=\"https:\/\/www.apolonija.hr\/sl\/nasa-ekipa\/tomislav-lauc\/\" \/>\n<meta property=\"og:locale\" content=\"sl_SI\" \/>\n<meta property=\"og:type\" content=\"article\" \/>\n<meta property=\"og:title\" content=\"Tomislav Lauc - Stomatolo\u0161ka poliklinika Apolonija\" \/>\n<meta property=\"og:description\" content=\"prof.prim.dr.sc. Tomislav Lauc je ravnatelj Stomatolo\u0161ke poliklinike Apolonija. Diplomiral je leta 1997 na Stomatolo\u0161ki fakulteti v Zagrebu, naslednje leto pa se je vpisal na podiplomski \u0161tudij ortodontije na Stomatolo\u0161ki fakulteti v Zagrebu in na podiplomski \u0161tudij antropologije na Naravoslovno-matemati\u010dni fakulteti v Zagrebu. Magistriral je in doktoriral na podro\u010dju ortodontije, specialisti\u010dni izpit iz ortodontije pa je...\" \/>\n<meta property=\"og:url\" content=\"https:\/\/www.apolonija.hr\/sl\/nasa-ekipa\/tomislav-lauc\/\" \/>\n<meta property=\"og:site_name\" content=\"Stomatolo\u0161ka poliklinika Apolonija\" \/>\n<meta property=\"article:publisher\" content=\"https:\/\/www.facebook.com\/SPApolonija\/\" \/>\n<meta property=\"article:modified_time\" content=\"2025-12-11T11:11:34+00:00\" \/>\n<meta property=\"og:image\" content=\"https:\/\/www.apolonija.hr\/wp-content\/uploads\/2024\/10\/tomislav-lauc.jpg\" \/>\n\t<meta property=\"og:image:width\" content=\"333\" \/>\n\t<meta property=\"og:image:height\" content=\"500\" \/>\n\t<meta property=\"og:image:type\" content=\"image\/jpeg\" \/>\n<meta name=\"twitter:card\" content=\"summary_large_image\" \/>\n<meta name=\"twitter:label1\" content=\"Est. reading time\" \/>\n\t<meta name=\"twitter:data1\" content=\"3 minute\" \/>\n<script type=\"application\/ld+json\" class=\"yoast-schema-graph\">{\"@context\":\"https:\\\/\\\/schema.org\",\"@graph\":[{\"@type\":\"WebPage\",\"@id\":\"https:\\\/\\\/www.apolonija.hr\\\/sl\\\/nasa-ekipa\\\/tomislav-lauc\\\/\",\"url\":\"https:\\\/\\\/www.apolonija.hr\\\/sl\\\/nasa-ekipa\\\/tomislav-lauc\\\/\",\"name\":\"Tomislav Lauc - Stomatolo\u0161ka poliklinika Apolonija\",\"isPartOf\":{\"@id\":\"https:\\\/\\\/www.apolonija.hr\\\/sl\\\/#website\"},\"primaryImageOfPage\":{\"@id\":\"https:\\\/\\\/www.apolonija.hr\\\/sl\\\/nasa-ekipa\\\/tomislav-lauc\\\/#primaryimage\"},\"image\":{\"@id\":\"https:\\\/\\\/www.apolonija.hr\\\/sl\\\/nasa-ekipa\\\/tomislav-lauc\\\/#primaryimage\"},\"thumbnailUrl\":\"https:\\\/\\\/www.apolonija.hr\\\/wp-content\\\/uploads\\\/2024\\\/10\\\/tomislav-lauc.jpg\",\"datePublished\":\"2025-05-12T15:45:09+00:00\",\"dateModified\":\"2025-12-11T11:11:34+00:00\",\"breadcrumb\":{\"@id\":\"https:\\\/\\\/www.apolonija.hr\\\/sl\\\/nasa-ekipa\\\/tomislav-lauc\\\/#breadcrumb\"},\"inLanguage\":\"sl-SI\",\"potentialAction\":[{\"@type\":\"ReadAction\",\"target\":[\"https:\\\/\\\/www.apolonija.hr\\\/sl\\\/nasa-ekipa\\\/tomislav-lauc\\\/\"]}]},{\"@type\":\"ImageObject\",\"inLanguage\":\"sl-SI\",\"@id\":\"https:\\\/\\\/www.apolonija.hr\\\/sl\\\/nasa-ekipa\\\/tomislav-lauc\\\/#primaryimage\",\"url\":\"https:\\\/\\\/www.apolonija.hr\\\/wp-content\\\/uploads\\\/2024\\\/10\\\/tomislav-lauc.jpg\",\"contentUrl\":\"https:\\\/\\\/www.apolonija.hr\\\/wp-content\\\/uploads\\\/2024\\\/10\\\/tomislav-lauc.jpg\",\"width\":333,\"height\":500,\"caption\":\"Prim. izr. prof. dr.sc. Tomislav Lauc, specialist ortodontije\"},{\"@type\":\"BreadcrumbList\",\"@id\":\"https:\\\/\\\/www.apolonija.hr\\\/sl\\\/nasa-ekipa\\\/tomislav-lauc\\\/#breadcrumb\",\"itemListElement\":[{\"@type\":\"ListItem\",\"position\":1,\"name\":\"Apolonija\",\"item\":\"https:\\\/\\\/www.apolonija.hr\\\/sl\\\/apolonija\\\/\"},{\"@type\":\"ListItem\",\"position\":2,\"name\":\"Na\u0161a ekipa\",\"item\":\"https:\\\/\\\/www.apolonija.hr\\\/sl\\\/nasa-ekipa\\\/\"},{\"@type\":\"ListItem\",\"position\":3,\"name\":\"Tomislav Lauc\"}]},{\"@type\":\"WebSite\",\"@id\":\"https:\\\/\\\/www.apolonija.hr\\\/sl\\\/#website\",\"url\":\"https:\\\/\\\/www.apolonija.hr\\\/sl\\\/\",\"name\":\"Stomatolo\u0161ka poliklinika Apolonija\",\"description\":\"\u017divljenje, polno nasmehov\",\"publisher\":{\"@id\":\"https:\\\/\\\/www.apolonija.hr\\\/sl\\\/#organization\"},\"potentialAction\":[{\"@type\":\"SearchAction\",\"target\":{\"@type\":\"EntryPoint\",\"urlTemplate\":\"https:\\\/\\\/www.apolonija.hr\\\/sl\\\/?s={search_term_string}\"},\"query-input\":{\"@type\":\"PropertyValueSpecification\",\"valueRequired\":true,\"valueName\":\"search_term_string\"}}],\"inLanguage\":\"sl-SI\"},{\"@type\":\"Organization\",\"@id\":\"https:\\\/\\\/www.apolonija.hr\\\/sl\\\/#organization\",\"name\":\"Stomatolo\u0161ka poliklinika Apolonija\",\"url\":\"https:\\\/\\\/www.apolonija.hr\\\/sl\\\/\",\"logo\":{\"@type\":\"ImageObject\",\"inLanguage\":\"sl-SI\",\"@id\":\"https:\\\/\\\/www.apolonija.hr\\\/sl\\\/#\\\/schema\\\/logo\\\/image\\\/\",\"url\":\"https:\\\/\\\/www.apolonija.hr\\\/wp-content\\\/uploads\\\/2019\\\/10\\\/logo-1.png\",\"contentUrl\":\"https:\\\/\\\/www.apolonija.hr\\\/wp-content\\\/uploads\\\/2019\\\/10\\\/logo-1.png\",\"width\":500,\"height\":140,\"caption\":\"Stomatolo\u0161ka poliklinika Apolonija\"},\"image\":{\"@id\":\"https:\\\/\\\/www.apolonija.hr\\\/sl\\\/#\\\/schema\\\/logo\\\/image\\\/\"},\"sameAs\":[\"https:\\\/\\\/www.facebook.com\\\/SPApolonija\\\/\",\"https:\\\/\\\/www.instagram.com\\\/poliklinikaapolonija\\\/\",\"https:\\\/\\\/www.linkedin.com\\\/company\\\/stomatolo\u0161ka-poliklinika-apolonija\\\/\",\"https:\\\/\\\/www.tiktok.com\\\/@poliklinikaapolonija\"]}]}<\/script>\n<!-- \/ Yoast SEO plugin. -->","yoast_head_json":{"title":"Tomislav Lauc - Stomatolo\u0161ka poliklinika Apolonija","robots":{"index":"index","follow":"follow","max-snippet":"max-snippet:-1","max-image-preview":"max-image-preview:large","max-video-preview":"max-video-preview:-1"},"canonical":"https:\/\/www.apolonija.hr\/sl\/nasa-ekipa\/tomislav-lauc\/","og_locale":"sl_SI","og_type":"article","og_title":"Tomislav Lauc - Stomatolo\u0161ka poliklinika Apolonija","og_description":"prof.prim.dr.sc. Tomislav Lauc je ravnatelj Stomatolo\u0161ke poliklinike Apolonija. Diplomiral je leta 1997 na Stomatolo\u0161ki fakulteti v Zagrebu, naslednje leto pa se je vpisal na podiplomski \u0161tudij ortodontije na Stomatolo\u0161ki fakulteti v Zagrebu in na podiplomski \u0161tudij antropologije na Naravoslovno-matemati\u010dni fakulteti v Zagrebu. Magistriral je in doktoriral na podro\u010dju ortodontije, specialisti\u010dni izpit iz ortodontije pa je...","og_url":"https:\/\/www.apolonija.hr\/sl\/nasa-ekipa\/tomislav-lauc\/","og_site_name":"Stomatolo\u0161ka poliklinika Apolonija","article_publisher":"https:\/\/www.facebook.com\/SPApolonija\/","article_modified_time":"2025-12-11T11:11:34+00:00","og_image":[{"width":333,"height":500,"url":"https:\/\/www.apolonija.hr\/wp-content\/uploads\/2024\/10\/tomislav-lauc.jpg","type":"image\/jpeg"}],"twitter_card":"summary_large_image","twitter_misc":{"Est. reading time":"3 minute"},"schema":{"@context":"https:\/\/schema.org","@graph":[{"@type":"WebPage","@id":"https:\/\/www.apolonija.hr\/sl\/nasa-ekipa\/tomislav-lauc\/","url":"https:\/\/www.apolonija.hr\/sl\/nasa-ekipa\/tomislav-lauc\/","name":"Tomislav Lauc - Stomatolo\u0161ka poliklinika Apolonija","isPartOf":{"@id":"https:\/\/www.apolonija.hr\/sl\/#website"},"primaryImageOfPage":{"@id":"https:\/\/www.apolonija.hr\/sl\/nasa-ekipa\/tomislav-lauc\/#primaryimage"},"image":{"@id":"https:\/\/www.apolonija.hr\/sl\/nasa-ekipa\/tomislav-lauc\/#primaryimage"},"thumbnailUrl":"https:\/\/www.apolonija.hr\/wp-content\/uploads\/2024\/10\/tomislav-lauc.jpg","datePublished":"2025-05-12T15:45:09+00:00","dateModified":"2025-12-11T11:11:34+00:00","breadcrumb":{"@id":"https:\/\/www.apolonija.hr\/sl\/nasa-ekipa\/tomislav-lauc\/#breadcrumb"},"inLanguage":"sl-SI","potentialAction":[{"@type":"ReadAction","target":["https:\/\/www.apolonija.hr\/sl\/nasa-ekipa\/tomislav-lauc\/"]}]},{"@type":"ImageObject","inLanguage":"sl-SI","@id":"https:\/\/www.apolonija.hr\/sl\/nasa-ekipa\/tomislav-lauc\/#primaryimage","url":"https:\/\/www.apolonija.hr\/wp-content\/uploads\/2024\/10\/tomislav-lauc.jpg","contentUrl":"https:\/\/www.apolonija.hr\/wp-content\/uploads\/2024\/10\/tomislav-lauc.jpg","width":333,"height":500,"caption":"Prim. izr. prof. dr.sc. Tomislav Lauc, specialist ortodontije"},{"@type":"BreadcrumbList","@id":"https:\/\/www.apolonija.hr\/sl\/nasa-ekipa\/tomislav-lauc\/#breadcrumb","itemListElement":[{"@type":"ListItem","position":1,"name":"Apolonija","item":"https:\/\/www.apolonija.hr\/sl\/apolonija\/"},{"@type":"ListItem","position":2,"name":"Na\u0161a ekipa","item":"https:\/\/www.apolonija.hr\/sl\/nasa-ekipa\/"},{"@type":"ListItem","position":3,"name":"Tomislav Lauc"}]},{"@type":"WebSite","@id":"https:\/\/www.apolonija.hr\/sl\/#website","url":"https:\/\/www.apolonija.hr\/sl\/","name":"Stomatolo\u0161ka poliklinika Apolonija","description":"\u017divljenje, polno nasmehov","publisher":{"@id":"https:\/\/www.apolonija.hr\/sl\/#organization"},"potentialAction":[{"@type":"SearchAction","target":{"@type":"EntryPoint","urlTemplate":"https:\/\/www.apolonija.hr\/sl\/?s={search_term_string}"},"query-input":{"@type":"PropertyValueSpecification","valueRequired":true,"valueName":"search_term_string"}}],"inLanguage":"sl-SI"},{"@type":"Organization","@id":"https:\/\/www.apolonija.hr\/sl\/#organization","name":"Stomatolo\u0161ka poliklinika Apolonija","url":"https:\/\/www.apolonija.hr\/sl\/","logo":{"@type":"ImageObject","inLanguage":"sl-SI","@id":"https:\/\/www.apolonija.hr\/sl\/#\/schema\/logo\/image\/","url":"https:\/\/www.apolonija.hr\/wp-content\/uploads\/2019\/10\/logo-1.png","contentUrl":"https:\/\/www.apolonija.hr\/wp-content\/uploads\/2019\/10\/logo-1.png","width":500,"height":140,"caption":"Stomatolo\u0161ka poliklinika Apolonija"},"image":{"@id":"https:\/\/www.apolonija.hr\/sl\/#\/schema\/logo\/image\/"},"sameAs":["https:\/\/www.facebook.com\/SPApolonija\/","https:\/\/www.instagram.com\/poliklinikaapolonija\/","https:\/\/www.linkedin.com\/company\/stomatolo\u0161ka-poliklinika-apolonija\/","https:\/\/www.tiktok.com\/@poliklinikaapolonija"]}]}},"_links":{"self":[{"href":"https:\/\/www.apolonija.hr\/sl\/wp-json\/wp\/v2\/pages\/21261","targetHints":{"allow":["GET"]}}],"collection":[{"href":"https:\/\/www.apolonija.hr\/sl\/wp-json\/wp\/v2\/pages"}],"about":[{"href":"https:\/\/www.apolonija.hr\/sl\/wp-json\/wp\/v2\/types\/page"}],"author":[{"embeddable":true,"href":"https:\/\/www.apolonija.hr\/sl\/wp-json\/wp\/v2\/users\/16"}],"replies":[{"embeddable":true,"href":"https:\/\/www.apolonija.hr\/sl\/wp-json\/wp\/v2\/comments?post=21261"}],"version-history":[{"count":8,"href":"https:\/\/www.apolonija.hr\/sl\/wp-json\/wp\/v2\/pages\/21261\/revisions"}],"predecessor-version":[{"id":23880,"href":"https:\/\/www.apolonija.hr\/sl\/wp-json\/wp\/v2\/pages\/21261\/revisions\/23880"}],"up":[{"embeddable":true,"href":"https:\/\/www.apolonija.hr\/sl\/wp-json\/wp\/v2\/pages\/20893"}],"wp:featuredmedia":[{"embeddable":true,"href":"https:\/\/www.apolonija.hr\/sl\/wp-json\/wp\/v2\/media\/17013"}],"wp:attachment":[{"href":"https:\/\/www.apolonija.hr\/sl\/wp-json\/wp\/v2\/media?parent=21261"}],"curies":[{"name":"wp","href":"https:\/\/api.w.org\/{rel}","templated":true}]}}