{"id":21263,"date":"2020-04-06T18:33:00","date_gmt":"2020-04-06T16:33:00","guid":{"rendered":"https:\/\/www.apolonija.hr\/lepsi-nasmeh\/beljenje-zob\/"},"modified":"2025-05-12T17:56:31","modified_gmt":"2025-05-12T15:56:31","slug":"beljenje-zob","status":"publish","type":"page","link":"https:\/\/www.apolonija.hr\/sl\/lepsi-nasmeh\/beljenje-zob\/","title":{"rendered":"Beljenje zob"},"content":{"rendered":"<section class=\"l-section wpb_row height_small\"><div class=\"l-section-h i-cf\"><div class=\"g-cols vc_row via_grid cols_1 laptops-cols_inherit tablets-cols_inherit mobiles-cols_1 valign_top type_default stacking_default\"><div class=\"wpb_column vc_column_container\"><div class=\"vc_column-inner\"><div class=\"wpb_text_column\"><div class=\"wpb_wrapper\"><p><span style=\"font-weight: 400;\">Beljenje zob je eden najpreprostej\u0161ih, najhitrej\u0161ih in naju\u010dinkovitej\u0161ih na\u010dinov za<\/span> <b>osve\u017eitev in polep\u0161anje va\u0161ega nasmeha.<\/b> <span style=\"font-weight: 400;\">Zato je beljenje zob danes ena najbolj iskanih zobozdravstvenih storitev.<\/span><\/p>\n<p><span style=\"font-weight: 400;\">Najpomembneje je, da so pacientovi zobje zdravi. To pomeni, da ne smejo imeti votlin ali vnetnih procesov. Umetnih zobnih kron, furnirjev, zobnih mosti\u010dkov in zalivk ni mogo\u010de pobeliti, zato je beljenje namenjeno predvsem naravnim zobem. Seveda je mogo\u010de temnej\u0161e krone in mosti\u010dke zamenjati s svetlej\u0161imi estetskimi kronami.   <\/span><\/p>\n<p><span style=\"font-weight: 400;\">Prva stvar, ki jo je treba storiti pred beljenjem zob, je odstranitev zobnih oblog in pigmentacije. Zobne obloge in zobni kamen dobijo svojo barvo zaradi \u017eivilskih pigmentov. Z njihovo odstranitvijo zobje ponovno postanejo sijo\u010di in gladki, vendar se naravna barva zob ne spremeni. Pred beljenjem zob je treba odstraniti zobne obloge.   <\/span><\/p>\n<h2><b>Kako izvajamo beljenje zob?<\/b><\/h2>\n<p><span style=\"font-weight: 400;\">V zobni kliniki Apolonija izvajamo dvofazno beljenje zob. V prvi fazi profesionalno beljenje zob izvaja zobozdravnik v ordinaciji, v drugi fazi pa se beljenje nadaljuje doma z uporabo posebnih belilnih opornic. Dolgoletne izku\u0161nje so nam pokazale, da najbolj\u0161e rezultate dose\u017eemo z dvofaznim postopkom beljenja.    <\/span><\/p>\n<p><span style=\"font-weight: 400;\">V pogovoru s pacientom bomo najprej ocenili in razlo\u017eili, kaj lahko pri\u010dakujemo pri enem in kaj pri ve\u010d beljenjih. Posku\u0161ali bomo tudi sklepati, katere odtenke zob je mogo\u010de dose\u010di iz njihove obstoje\u010de barve. <\/span><\/p>\n<p><span style=\"font-weight: 400;\">Postopek beljenja zob traja pribli\u017eno eno uro. Rezultati bodo vidni takoj, vendar se bodo postopoma razvijali v naslednjih 10 do 14 dneh. <\/span><\/p>\n<p><span style=\"font-weight: 400;\">V\u010dasih ni mogo\u010de dose\u010di \u017eelenega odtenka zob. Na stopnjo beljenja zob vpliva njihova naravna barva, zato se na primer rumenkasti zobje veliko bolje pobelijo kot tisti s sivkastim odtenkom.   <\/span><\/p>\n<h2><b>Priporo\u010dila po beljenju zob v ordinaciji<\/b><\/h2>\n<p><span style=\"font-weight: 400;\">Priporo\u010dljivo je, da pacient po beljenju zob v ordinaciji vsaj 60 minut ne u\u017eiva hrane ali pija\u010de. Po beljenju zob je priporo\u010dljivo izogibati se mo\u010dno pigmentirani hrani in pija\u010di. <\/span><\/p>\n<p><span style=\"font-weight: 400;\">V\u010dasih so lahko po beljenju zobje nekaterih pacientov ob\u010dutljivi, zlasti na vro\u010de ali hladno, vendar je ta pojav obi\u010dajno za\u010dasen in izgine v enem ali dveh dneh.<\/span><\/p>\n<h2><b>Ohranjanje belih zob<\/b><\/h2>\n<p><span style=\"font-weight: 400;\">Pobeljeni zobje nekaj \u010dasa ohranijo svojo belino, nato pa se ta postopoma zmanj\u0161uje. Za ohranjanje belih zob je potrebno redno beljenje doma.   <\/span><\/p>\n<p><span style=\"font-weight: 400;\">V polikliniki Apolonija priporo\u010damo doma\u010de belilne plo\u0161\u010de, za katere smo ugotovili, da so naju\u010dinkovitej\u0161e in jih lahko uporabljate kot dodatek k profesionalnemu beljenju zob za ohranjanje njihove beline.<\/span><\/p>\n<\/div><\/div><\/div><\/div><\/div><\/div><\/section><div class=\"jc-cta cta-prvi-pregled\">\n\t<p style=\"\">Pregled v polikliniki Apolonija rezervirajte prek telefonskega klica, WhatsAppa ali izpolnite kontaktni obrazec.<\/p>\n\t<a class=\"telefon w-btn us-btn-style_29 icon_atleft\" href=\"tel:+385 1 4883 800\"><i class=\"fas fa-phone-rotary\"><\/i><span class=\"w-btn-label\">+385 1 4883 800<\/span><\/a>\n\t<a class=\"whatsapp w-btn us-btn-style_29 icon_atleft\" href=\"https:\/\/wa.me\/385914883800\"><i class=\"fab fa-whatsapp\"><\/i><span class=\"w-btn-label\">+385 91 4883 800<\/span><\/a>\n\t<\/div>\n","protected":false},"excerpt":{"rendered":"<p>Beljenje zob je eden najpreprostej\u0161ih, najhitrej\u0161ih in naju\u010dinkovitej\u0161ih na\u010dinov za osve\u017eitev in pomladitev va\u0161ega nasmeha. Zato ni nenavadno, da je danes med najbolj iskanimi zobozdravstvenimi storitvami. <\/p>\n","protected":false},"author":15,"featured_media":16536,"parent":20880,"menu_order":2,"comment_status":"closed","ping_status":"closed","template":"","meta":{"_acf_changed":false,"footnotes":""},"class_list":["post-21263","page","type-page","status-publish","has-post-thumbnail","hentry"],"acf":[],"yoast_head":"<!-- This site is optimized with the Yoast SEO plugin v27.5 - https:\/\/yoast.com\/product\/yoast-seo-wordpress\/ -->\n<title>Beljenje zob - Stomatolo\u0161ka poliklinika Apolonija<\/title>\n<meta name=\"description\" content=\"Beljenje zob je eden najhitrej\u0161ih in naju\u010dinkovitej\u0161ih na\u010dinov za osve\u017eitev in pomladitev nasmeha: v samo 40 minutah. Nasmeh je 3-4-krat bolj bel. Izvedite ve\u010d!\" \/>\n<meta name=\"robots\" content=\"index, follow, max-snippet:-1, max-image-preview:large, max-video-preview:-1\" \/>\n<link rel=\"canonical\" href=\"https:\/\/www.apolonija.hr\/sl\/lepsi-nasmeh\/beljenje-zob\/\" \/>\n<meta property=\"og:locale\" content=\"sl_SI\" \/>\n<meta property=\"og:type\" content=\"article\" \/>\n<meta property=\"og:title\" content=\"Beljenje zob - Stomatolo\u0161ka poliklinika Apolonija\" \/>\n<meta property=\"og:description\" content=\"Beljenje zob je eden najhitrej\u0161ih in naju\u010dinkovitej\u0161ih na\u010dinov za osve\u017eitev in pomladitev nasmeha: v samo 40 minutah. Nasmeh je 3-4-krat bolj bel. Izvedite ve\u010d!\" \/>\n<meta property=\"og:url\" content=\"https:\/\/www.apolonija.hr\/sl\/lepsi-nasmeh\/beljenje-zob\/\" \/>\n<meta property=\"og:site_name\" content=\"Stomatolo\u0161ka poliklinika Apolonija\" \/>\n<meta property=\"article:publisher\" content=\"https:\/\/www.facebook.com\/SPApolonija\/\" \/>\n<meta property=\"article:modified_time\" content=\"2025-05-12T15:56:31+00:00\" \/>\n<meta property=\"og:image\" content=\"https:\/\/www.apolonija.hr\/wp-content\/uploads\/2024\/08\/usluga-06.jpg\" \/>\n\t<meta property=\"og:image:width\" content=\"929\" \/>\n\t<meta property=\"og:image:height\" content=\"619\" \/>\n\t<meta property=\"og:image:type\" content=\"image\/jpeg\" \/>\n<meta name=\"twitter:card\" content=\"summary_large_image\" \/>\n<meta name=\"twitter:label1\" content=\"Est. reading time\" \/>\n\t<meta name=\"twitter:data1\" content=\"2 minuti\" \/>\n<script type=\"application\/ld+json\" class=\"yoast-schema-graph\">{\"@context\":\"https:\\\/\\\/schema.org\",\"@graph\":[{\"@type\":\"WebPage\",\"@id\":\"https:\\\/\\\/www.apolonija.hr\\\/sl\\\/lepsi-nasmeh\\\/beljenje-zob\\\/\",\"url\":\"https:\\\/\\\/www.apolonija.hr\\\/sl\\\/lepsi-nasmeh\\\/beljenje-zob\\\/\",\"name\":\"Beljenje zob - Stomatolo\u0161ka poliklinika Apolonija\",\"isPartOf\":{\"@id\":\"https:\\\/\\\/www.apolonija.hr\\\/sl\\\/#website\"},\"primaryImageOfPage\":{\"@id\":\"https:\\\/\\\/www.apolonija.hr\\\/sl\\\/lepsi-nasmeh\\\/beljenje-zob\\\/#primaryimage\"},\"image\":{\"@id\":\"https:\\\/\\\/www.apolonija.hr\\\/sl\\\/lepsi-nasmeh\\\/beljenje-zob\\\/#primaryimage\"},\"thumbnailUrl\":\"https:\\\/\\\/www.apolonija.hr\\\/wp-content\\\/uploads\\\/2024\\\/08\\\/usluga-06.jpg\",\"datePublished\":\"2020-04-06T16:33:00+00:00\",\"dateModified\":\"2025-05-12T15:56:31+00:00\",\"description\":\"Beljenje zob je eden najhitrej\u0161ih in naju\u010dinkovitej\u0161ih na\u010dinov za osve\u017eitev in pomladitev nasmeha: v samo 40 minutah. Nasmeh je 3-4-krat bolj bel. Izvedite ve\u010d!\",\"breadcrumb\":{\"@id\":\"https:\\\/\\\/www.apolonija.hr\\\/sl\\\/lepsi-nasmeh\\\/beljenje-zob\\\/#breadcrumb\"},\"inLanguage\":\"sl-SI\",\"potentialAction\":[{\"@type\":\"ReadAction\",\"target\":[\"https:\\\/\\\/www.apolonija.hr\\\/sl\\\/lepsi-nasmeh\\\/beljenje-zob\\\/\"]}]},{\"@type\":\"ImageObject\",\"inLanguage\":\"sl-SI\",\"@id\":\"https:\\\/\\\/www.apolonija.hr\\\/sl\\\/lepsi-nasmeh\\\/beljenje-zob\\\/#primaryimage\",\"url\":\"https:\\\/\\\/www.apolonija.hr\\\/wp-content\\\/uploads\\\/2024\\\/08\\\/usluga-06.jpg\",\"contentUrl\":\"https:\\\/\\\/www.apolonija.hr\\\/wp-content\\\/uploads\\\/2024\\\/08\\\/usluga-06.jpg\",\"width\":929,\"height\":619,\"caption\":\"Izbjeljivanje zubi\"},{\"@type\":\"BreadcrumbList\",\"@id\":\"https:\\\/\\\/www.apolonija.hr\\\/sl\\\/lepsi-nasmeh\\\/beljenje-zob\\\/#breadcrumb\",\"itemListElement\":[{\"@type\":\"ListItem\",\"position\":1,\"name\":\"Apolonija\",\"item\":\"https:\\\/\\\/www.apolonija.hr\\\/sl\\\/apolonija\\\/\"},{\"@type\":\"ListItem\",\"position\":2,\"name\":\"Lep\u0161i nasmeh\",\"item\":\"https:\\\/\\\/www.apolonija.hr\\\/sl\\\/lepsi-nasmeh\\\/\"},{\"@type\":\"ListItem\",\"position\":3,\"name\":\"Beljenje zob\"}]},{\"@type\":\"WebSite\",\"@id\":\"https:\\\/\\\/www.apolonija.hr\\\/sl\\\/#website\",\"url\":\"https:\\\/\\\/www.apolonija.hr\\\/sl\\\/\",\"name\":\"Stomatolo\u0161ka poliklinika Apolonija\",\"description\":\"\u017divljenje, polno nasmehov\",\"publisher\":{\"@id\":\"https:\\\/\\\/www.apolonija.hr\\\/sl\\\/#organization\"},\"potentialAction\":[{\"@type\":\"SearchAction\",\"target\":{\"@type\":\"EntryPoint\",\"urlTemplate\":\"https:\\\/\\\/www.apolonija.hr\\\/sl\\\/?s={search_term_string}\"},\"query-input\":{\"@type\":\"PropertyValueSpecification\",\"valueRequired\":true,\"valueName\":\"search_term_string\"}}],\"inLanguage\":\"sl-SI\"},{\"@type\":\"Organization\",\"@id\":\"https:\\\/\\\/www.apolonija.hr\\\/sl\\\/#organization\",\"name\":\"Stomatolo\u0161ka poliklinika Apolonija\",\"url\":\"https:\\\/\\\/www.apolonija.hr\\\/sl\\\/\",\"logo\":{\"@type\":\"ImageObject\",\"inLanguage\":\"sl-SI\",\"@id\":\"https:\\\/\\\/www.apolonija.hr\\\/sl\\\/#\\\/schema\\\/logo\\\/image\\\/\",\"url\":\"https:\\\/\\\/www.apolonija.hr\\\/wp-content\\\/uploads\\\/2019\\\/10\\\/logo-1.png\",\"contentUrl\":\"https:\\\/\\\/www.apolonija.hr\\\/wp-content\\\/uploads\\\/2019\\\/10\\\/logo-1.png\",\"width\":500,\"height\":140,\"caption\":\"Stomatolo\u0161ka poliklinika Apolonija\"},\"image\":{\"@id\":\"https:\\\/\\\/www.apolonija.hr\\\/sl\\\/#\\\/schema\\\/logo\\\/image\\\/\"},\"sameAs\":[\"https:\\\/\\\/www.facebook.com\\\/SPApolonija\\\/\",\"https:\\\/\\\/www.instagram.com\\\/poliklinikaapolonija\\\/\",\"https:\\\/\\\/www.linkedin.com\\\/company\\\/stomatolo\u0161ka-poliklinika-apolonija\\\/\",\"https:\\\/\\\/www.tiktok.com\\\/@poliklinikaapolonija\"]}]}<\/script>\n<!-- \/ Yoast SEO plugin. -->","yoast_head_json":{"title":"Beljenje zob - Stomatolo\u0161ka poliklinika Apolonija","description":"Beljenje zob je eden najhitrej\u0161ih in naju\u010dinkovitej\u0161ih na\u010dinov za osve\u017eitev in pomladitev nasmeha: v samo 40 minutah. Nasmeh je 3-4-krat bolj bel. Izvedite ve\u010d!","robots":{"index":"index","follow":"follow","max-snippet":"max-snippet:-1","max-image-preview":"max-image-preview:large","max-video-preview":"max-video-preview:-1"},"canonical":"https:\/\/www.apolonija.hr\/sl\/lepsi-nasmeh\/beljenje-zob\/","og_locale":"sl_SI","og_type":"article","og_title":"Beljenje zob - Stomatolo\u0161ka poliklinika Apolonija","og_description":"Beljenje zob je eden najhitrej\u0161ih in naju\u010dinkovitej\u0161ih na\u010dinov za osve\u017eitev in pomladitev nasmeha: v samo 40 minutah. Nasmeh je 3-4-krat bolj bel. Izvedite ve\u010d!","og_url":"https:\/\/www.apolonija.hr\/sl\/lepsi-nasmeh\/beljenje-zob\/","og_site_name":"Stomatolo\u0161ka poliklinika Apolonija","article_publisher":"https:\/\/www.facebook.com\/SPApolonija\/","article_modified_time":"2025-05-12T15:56:31+00:00","og_image":[{"width":929,"height":619,"url":"https:\/\/www.apolonija.hr\/wp-content\/uploads\/2024\/08\/usluga-06.jpg","type":"image\/jpeg"}],"twitter_card":"summary_large_image","twitter_misc":{"Est. reading time":"2 minuti"},"schema":{"@context":"https:\/\/schema.org","@graph":[{"@type":"WebPage","@id":"https:\/\/www.apolonija.hr\/sl\/lepsi-nasmeh\/beljenje-zob\/","url":"https:\/\/www.apolonija.hr\/sl\/lepsi-nasmeh\/beljenje-zob\/","name":"Beljenje zob - Stomatolo\u0161ka poliklinika Apolonija","isPartOf":{"@id":"https:\/\/www.apolonija.hr\/sl\/#website"},"primaryImageOfPage":{"@id":"https:\/\/www.apolonija.hr\/sl\/lepsi-nasmeh\/beljenje-zob\/#primaryimage"},"image":{"@id":"https:\/\/www.apolonija.hr\/sl\/lepsi-nasmeh\/beljenje-zob\/#primaryimage"},"thumbnailUrl":"https:\/\/www.apolonija.hr\/wp-content\/uploads\/2024\/08\/usluga-06.jpg","datePublished":"2020-04-06T16:33:00+00:00","dateModified":"2025-05-12T15:56:31+00:00","description":"Beljenje zob je eden najhitrej\u0161ih in naju\u010dinkovitej\u0161ih na\u010dinov za osve\u017eitev in pomladitev nasmeha: v samo 40 minutah. Nasmeh je 3-4-krat bolj bel. Izvedite ve\u010d!","breadcrumb":{"@id":"https:\/\/www.apolonija.hr\/sl\/lepsi-nasmeh\/beljenje-zob\/#breadcrumb"},"inLanguage":"sl-SI","potentialAction":[{"@type":"ReadAction","target":["https:\/\/www.apolonija.hr\/sl\/lepsi-nasmeh\/beljenje-zob\/"]}]},{"@type":"ImageObject","inLanguage":"sl-SI","@id":"https:\/\/www.apolonija.hr\/sl\/lepsi-nasmeh\/beljenje-zob\/#primaryimage","url":"https:\/\/www.apolonija.hr\/wp-content\/uploads\/2024\/08\/usluga-06.jpg","contentUrl":"https:\/\/www.apolonija.hr\/wp-content\/uploads\/2024\/08\/usluga-06.jpg","width":929,"height":619,"caption":"Izbjeljivanje zubi"},{"@type":"BreadcrumbList","@id":"https:\/\/www.apolonija.hr\/sl\/lepsi-nasmeh\/beljenje-zob\/#breadcrumb","itemListElement":[{"@type":"ListItem","position":1,"name":"Apolonija","item":"https:\/\/www.apolonija.hr\/sl\/apolonija\/"},{"@type":"ListItem","position":2,"name":"Lep\u0161i nasmeh","item":"https:\/\/www.apolonija.hr\/sl\/lepsi-nasmeh\/"},{"@type":"ListItem","position":3,"name":"Beljenje zob"}]},{"@type":"WebSite","@id":"https:\/\/www.apolonija.hr\/sl\/#website","url":"https:\/\/www.apolonija.hr\/sl\/","name":"Stomatolo\u0161ka poliklinika Apolonija","description":"\u017divljenje, polno nasmehov","publisher":{"@id":"https:\/\/www.apolonija.hr\/sl\/#organization"},"potentialAction":[{"@type":"SearchAction","target":{"@type":"EntryPoint","urlTemplate":"https:\/\/www.apolonija.hr\/sl\/?s={search_term_string}"},"query-input":{"@type":"PropertyValueSpecification","valueRequired":true,"valueName":"search_term_string"}}],"inLanguage":"sl-SI"},{"@type":"Organization","@id":"https:\/\/www.apolonija.hr\/sl\/#organization","name":"Stomatolo\u0161ka poliklinika Apolonija","url":"https:\/\/www.apolonija.hr\/sl\/","logo":{"@type":"ImageObject","inLanguage":"sl-SI","@id":"https:\/\/www.apolonija.hr\/sl\/#\/schema\/logo\/image\/","url":"https:\/\/www.apolonija.hr\/wp-content\/uploads\/2019\/10\/logo-1.png","contentUrl":"https:\/\/www.apolonija.hr\/wp-content\/uploads\/2019\/10\/logo-1.png","width":500,"height":140,"caption":"Stomatolo\u0161ka poliklinika Apolonija"},"image":{"@id":"https:\/\/www.apolonija.hr\/sl\/#\/schema\/logo\/image\/"},"sameAs":["https:\/\/www.facebook.com\/SPApolonija\/","https:\/\/www.instagram.com\/poliklinikaapolonija\/","https:\/\/www.linkedin.com\/company\/stomatolo\u0161ka-poliklinika-apolonija\/","https:\/\/www.tiktok.com\/@poliklinikaapolonija"]}]}},"_links":{"self":[{"href":"https:\/\/www.apolonija.hr\/sl\/wp-json\/wp\/v2\/pages\/21263","targetHints":{"allow":["GET"]}}],"collection":[{"href":"https:\/\/www.apolonija.hr\/sl\/wp-json\/wp\/v2\/pages"}],"about":[{"href":"https:\/\/www.apolonija.hr\/sl\/wp-json\/wp\/v2\/types\/page"}],"author":[{"embeddable":true,"href":"https:\/\/www.apolonija.hr\/sl\/wp-json\/wp\/v2\/users\/15"}],"replies":[{"embeddable":true,"href":"https:\/\/www.apolonija.hr\/sl\/wp-json\/wp\/v2\/comments?post=21263"}],"version-history":[{"count":1,"href":"https:\/\/www.apolonija.hr\/sl\/wp-json\/wp\/v2\/pages\/21263\/revisions"}],"predecessor-version":[{"id":21264,"href":"https:\/\/www.apolonija.hr\/sl\/wp-json\/wp\/v2\/pages\/21263\/revisions\/21264"}],"up":[{"embeddable":true,"href":"https:\/\/www.apolonija.hr\/sl\/wp-json\/wp\/v2\/pages\/20880"}],"wp:featuredmedia":[{"embeddable":true,"href":"https:\/\/www.apolonija.hr\/sl\/wp-json\/wp\/v2\/media\/16536"}],"wp:attachment":[{"href":"https:\/\/www.apolonija.hr\/sl\/wp-json\/wp\/v2\/media?parent=21263"}],"curies":[{"name":"wp","href":"https:\/\/api.w.org\/{rel}","templated":true}]}}