{"id":22033,"date":"2025-06-15T11:29:43","date_gmt":"2025-06-15T09:29:43","guid":{"rendered":"https:\/\/www.apolonija.hr\/projekti-eu\/"},"modified":"2025-06-15T11:29:43","modified_gmt":"2025-06-15T09:29:43","slug":"projekti-eu","status":"publish","type":"page","link":"https:\/\/www.apolonija.hr\/sl\/projekti-eu\/","title":{"rendered":"Projekti EU"},"content":{"rendered":"<p>Kakovost zobne poliklinike APOLONIJA so prepoznale institucije Evropske unije, ki podpirajo na\u0161 projekt pod imenom:<\/p>\n<p><b>\u201eZobna poliklinika Apolonija &#8211; Nalo\u017eba v digitalizacijo poslovanja\u201c (NPOO.C1.1.2.R3-I2.01-V2.0073)<\/b><\/p>\n<p>Projekt je bil odobren v okviru nate\u010daja \u201e<i>BONI ZA DIGITALIZACIJO<\/i>\u201c (NPOO.C1.1.2. R3-I2.01) z namenom pove\u010danja stopnje digitalne zrelosti poliklinike z vlaganjem v uvajanje novih digitalnih re\u0161itev v poslovanje z izdelavo nove spletne strani ter izbolj\u0161anjem digitalnih ve\u0161\u010din zaposlenih, kar bo okrepilo njene zmogljivosti za izvajanje digitalizacije in digitalne transformacije. Navedeno bo posledi\u010dno vodilo do pove\u010danja prihodkov od prodaje, hkrati pa tudi do pove\u010danja \u0161tevila zaposlenih. <\/p>\n<p>&nbsp;<\/p>\n<p>SKUPNA VREDNOST PROJEKTA: 11.000,00 EUR<\/p>\n<p>&nbsp;<\/p>\n<p>SOFINANCIRANJE EU \u200b\u200bPROJEKTA: 5.280,00 EUR<\/p>\n<p>&nbsp;<\/p>\n<p>Obdobje izvajanja projekta: 29. 11. 2023. &#8211; 29.11.2024.<\/p>\n<p>Kontaktna oseba:<\/p>\n<ul>\n<li style=\"font-weight: 400;\" aria-level=\"1\">Tomislav Lauc<\/li>\n<li style=\"font-weight: 400;\" aria-level=\"1\">Telefonska \u0161tevilka kontaktne osebe: +385 91 209 6966<\/li>\n<li style=\"font-weight: 400;\" aria-level=\"1\">E-po\u0161tni naslov kontaktne osebe: <a href=\"mailto:tomislav.lauc@apolonija.hr\">tomislav.lauc@apolonija.hr<\/a><\/li>\n<\/ul>\n<p>&nbsp;<\/p>\n<p>Kontakt ustreznih institucij:<\/p>\n<ul>\n<li style=\"font-weight: 400;\" aria-level=\"1\">Nacionalni na\u010drt za okrevanje in odpornost 2021\u20132026. (https:\/\/planoporavka.gov.hr\/) <\/li>\n<\/ul>\n<p>&nbsp;<\/p>\n<p>Projekt je sofinancirala Evropska unija prek Nacionalnega na\u010drta za okrevanje in odpornost 2021\u20132026: Financirano s strani Evropske unije \u2013 NextGenerationEU.<\/p>\n<p>&nbsp;<\/p>\n<p>Izra\u017eena stali\u0161\u010da in mnenja so izklju\u010dno stali\u0161\u010da avtorja in ne odra\u017eajo nujno uradnih stali\u0161\u010d Evropske unije ali Evropske komisije. Niti Evropska unija niti Evropska komisija ne moreta biti odgovorni zanje. <\/p>\n<p><img decoding=\"async\" class=\"aligncenter\" src=\"https:\/\/www.apolonija.hr\/wp-content\/uploads\/2023\/09\/Eu-apolonija-450x208.jpg\" sizes=\"(max-width: 450px) 100vw, 450px\" srcset=\"https:\/\/www.apolonija.hr\/wp-content\/uploads\/2023\/09\/Eu-apolonija-450x208.jpg 450w, https:\/\/www.apolonija.hr\/wp-content\/uploads\/2023\/09\/Eu-apolonija-768x356.jpg 768w, https:\/\/www.apolonija.hr\/wp-content\/uploads\/2023\/09\/Eu-apolonija.jpg 1024w\" alt=\"\" width=\"450\" height=\"208\"><\/p>\n<hr>\n<p>Kakovost zobne poliklinike APOLONIJA so prepoznale institucije Evropske unije, ki podpirajo na\u0161 projekt pod imenom:<\/p>\n<p><b>\u201eApolonija &#8211; uvajanje digitalnih re\u0161itev v poslovanje z namenom digitalne transformacije\u201c (NPOO.C1.1.2.R3-I3.01.0118)<\/b><\/p>\n<p>Projekt je bil odobren v okviru nate\u010daja \u201e<i>Nepovratna sredstva za digitalizacijo<\/i>\u201c (NPOO.C1.1.2.R3-I3.01) z namenom uvajanja novih digitalnih re\u0161itev v poslovanje z vlaganjem v digitalna orodja in krepitvijo digitalnih zmogljivosti zaposlenih, z namenom izbolj\u0161anja postopkov storitev, poslovnih in organizacijskih praks z optimizacijo, preoblikovanjem in digitalizacijo poslovnih procesov, z namenom izvedbe digitalne transformacije, ki pomeni spremembo obstoje\u010dega poslovnega modela in bo imela za posledico pove\u010danje u\u010dinkovitosti in produktivnosti ter krepitev tr\u017enega polo\u017eaja in posledi\u010dno rast prihodkov od prodaje ter za\u010detek internacionalizacije.<\/p>\n<p>Natan\u010dneje, uspe\u0161na izvedba projekta bo med drugim privedla do:<\/p>\n<ul>\n<li style=\"font-weight: 400;\" aria-level=\"1\">Rast prihodkov od prodaje.<\/li>\n<li style=\"font-weight: 400;\" aria-level=\"1\">Za\u010detek internacionalizacije.<\/li>\n<li style=\"font-weight: 400;\" aria-level=\"1\">Ohranitev obstoje\u010dih delovnih mest.<\/li>\n<li style=\"font-weight: 400;\" aria-level=\"1\">Na\u010drtovano ustvarjanje novih delovnih mest.<\/li>\n<li style=\"font-weight: 400;\" aria-level=\"1\">Zmanj\u0161anje poslovnih stro\u0161kov.<\/li>\n<li style=\"font-weight: 400;\" aria-level=\"1\">Pove\u010danje u\u010dinkovitosti rabe virov.<\/li>\n<li style=\"font-weight: 400;\" aria-level=\"1\">Pove\u010danje kakovosti storitev.<\/li>\n<li style=\"font-weight: 400;\" aria-level=\"1\">Skraj\u0161anje rokov dobave storitev.<\/li>\n<li style=\"font-weight: 400;\" aria-level=\"1\">Optimizacija poslovnih procesov.<\/li>\n<\/ul>\n<p>SKUPNA VREDNOST PROJEKTA: 149.723,54 EUR<\/p>\n<p>SOFINANCIRANJE EU \u200b\u200bPROJEKTA: 65.878,35 EUR<\/p>\n<p>Obdobje izvajanja projekta: 01.11.2022 \u2013 01.11.2024. <\/p>\n<p>Kontaktna oseba:<\/p>\n<ul>\n<li style=\"font-weight: 400;\" aria-level=\"1\">Tomislav Lauc<\/li>\n<li style=\"font-weight: 400;\" aria-level=\"1\">Telefonska \u0161tevilka kontaktne osebe: +385 91 209 6966<\/li>\n<li style=\"font-weight: 400;\" aria-level=\"1\">E-po\u0161tni naslov kontaktne osebe: <a href=\"mailto:tomislav.lauc@apolonija.hr\">tomislav.lauc@apolonija.hr<\/a><\/li>\n<\/ul>\n<p>Kontakt ustreznih institucij:<\/p>\n<ul>\n<li style=\"font-weight: 400;\" aria-level=\"1\">Nacionalni na\u010drt za okrevanje in odpornost 2021\u20132026. (https:\/\/planoporavka.gov.hr\/) <\/li>\n<\/ul>\n<p>Projekt je sofinancirala Evropska unija prek Nacionalnega na\u010drta za okrevanje in odpornost 2021\u20132026: Financirano s strani Evropske unije \u2013 NextGenerationEU.<\/p>\n<p>Izra\u017eena stali\u0161\u010da in mnenja so izklju\u010dno stali\u0161\u010da avtorja in ne odra\u017eajo nujno uradnih stali\u0161\u010d Evropske unije ali Evropske komisije. Niti Evropska unija niti Evropska komisija ne moreta biti odgovorni zanje. <\/p>\n<p>Vsebina publikacije je izklju\u010dna odgovornost Zobozdravstvene poliklinike APOLONIJA, Var\u0161avska ulica 10\/I, 10 000 Zagreb, Hrva\u0161ka.<\/p>\n<p><img decoding=\"async\" class=\"aligncenter\" src=\"https:\/\/www.apolonija.hr\/wp-content\/uploads\/2023\/09\/Eu-apolonija-450x208.jpg\" sizes=\"(max-width: 450px) 100vw, 450px\" srcset=\"https:\/\/www.apolonija.hr\/wp-content\/uploads\/2023\/09\/Eu-apolonija-450x208.jpg 450w, https:\/\/www.apolonija.hr\/wp-content\/uploads\/2023\/09\/Eu-apolonija-768x356.jpg 768w, https:\/\/www.apolonija.hr\/wp-content\/uploads\/2023\/09\/Eu-apolonija.jpg 1024w\" alt=\"\" width=\"450\" height=\"208\"><\/p>\n<hr>\n<p><strong>Ime projekta<\/strong><\/p>\n<p>Izbolj\u0161anje konkuren\u010dnosti in u\u010dinkovitosti zobne klinike Apolonija z uporabo IKT<\/p>\n<p><strong>Upravi\u010denec projekta<\/strong><\/p>\n<p>Zobozdravstvena poliklinika Apolonija za zobno diagnostiko, protetiko in ortodontijo<\/p>\n<p><strong>Skupni znesek projekta: 884.028,59 kn<\/strong><\/p>\n<p><strong>Znesek podpore EU: 485.568,57 kn<\/strong><\/p>\n<p><strong>Obdobje izvajanja projekta:<\/strong> od 02.01.2020 do 03.03.2021  <\/p>\n<p>Projekt \u201eIzbolj\u0161anje konkuren\u010dnosti in u\u010dinkovitosti zobne poliklinike Apolonija z IKT\u201c sofinancira Evropska unija iz Evropskega sklada za regionalni razvoj.<\/p>\n<p><strong>Kratek opis projekta<\/strong><\/p>\n<p>Z omenjenim projektom zobozdravstvena klinika Apolonija uvaja informacijsko-komunikacijsko tehnologijo, ki bo kakovostno spremljala nenehno rast klinike in administrativno poenotila vse dejavnosti, ki se izvajajo v kliniki. Informacijsko-komunikacijska tehnologija je nujna za pravo\u010dasno in informirano odlo\u010danje o poslovnih odlo\u010ditvah, upravljanje tveganj, \u010dlove\u0161kih virov, financ in ra\u010dunovodstva, premo\u017eenja klinike, tr\u017eenja, logistike, nabave, prodaje in strate\u0161kega na\u010drtovanja. <\/p>\n<p><strong>Gol  <\/strong>  <\/p>\n<p>Z izvedbo projekta zobozdravstvena klinika Apolonija uvaja informacijsko-komunikacijsko tehnologijo s ciljem optimizacije poslovnih procesov, integracije poslovanja, pove\u010danja u\u010dinkovitosti delovnih procesov ter izbolj\u0161anja interakcije s strankami in dobavitelji.<\/p>\n<p>Projekt \u201eIzbolj\u0161anje konkuren\u010dnosti in u\u010dinkovitosti zobne poliklinike Apolonija z IKT\u201c sofinancira Evropska unija iz Evropskega sklada za regionalni razvoj.  <\/p>\n<hr>\n<p><strong>Ime projekta<\/strong><\/p>\n<p>Razvoj spletne strani za zobno polikliniko Apolonija<\/p>\n<p>&nbsp;<\/p>\n<p><strong>Skupna vrednost projekta<\/strong><\/p>\n<p>89.025,00 kn, znesek sofinanciranja EU: 62.317,50 kn<\/p>\n<p><strong>Obdobje izvajanja projekta<\/strong><\/p>\n<p>Od 10. oktobra 2018 do 10. maja 2019. <\/p>\n<p>&nbsp;<\/p>\n<p>Kratek opis projekta<\/p>\n<p>Namen projekta je izdelava nove spletne strani in optimizacija domene, razvoj \u201efront-enda\u201c (pretvorba dokumentov .psd v kodo) in \u201eback-enda\u201c, ki vklju\u010duje razvoj ozadja in baze podatkov spletne strani. Spletna stran bo preverjena, njene funkcionalnosti preverjene, besedilo pa bo prilagojeno za popolnost spletne strani. Vsebina spletne strani bo prilagojena spolu in starosti ter bo enako dostopna vsem uporabnikom. Za osebe z invalidnostjo in prirojenimi napakami bo vsebina spletne strani dostopna s tipkovnico, tipografija in oblikovanje pa bosta prilagojena osebam, ki imajo te\u017eave z vidom ali uporabo spletne strani.   <\/p>\n<p>Cilji projekta in pri\u010dakovani rezultati<\/p>\n<p>Cilj projekta je nova sodobna spletna stran, ki ponuja klju\u010dne informacije in posreduje vrednote Poliklinike, kar bo pomembno prispevalo k pove\u010danemu zanimanju novih strank, izbolj\u0161anemu uvajanju novih tr\u017eenjskih re\u0161itev, krepitvi tr\u017enega polo\u017eaja in pove\u010danju konkuren\u010dnosti.<\/p>\n<p>Operativni program <a href=\"https:\/\/strukturnifondovi.hr\/eu-fondovi\/esi-fondovi-2014-2020\/op-konkurentnost-i-kohezija\/\">za konkuren\u010dnost in kohezijo 2014\u20132020<\/a> <\/p>\n<p>Projekt \u201eIzdelava spletne strani zobne poliklinike Apolonija\u201c sofinancira Evropska unija iz Evropskega sklada za regionalni razvoj.<\/p>\n<hr>\n<p>Kakovost zobne poliklinike APOLONIJA je bila priznana s strani institucij Evropske unije.<br \/> ki podpirajo na\u0161 projekt z naslovom:<br \/> \u201eZobna poliklinika Apolonija &#8211; Vlaganje v digitalizacijo\u201c<\/p>\n<p>poslovanje&#8221; (NPOO.C1.1.2.R3-I2.01-V2.0073)<\/p>\n<p>Projekt je bil odobren v okviru nate\u010daja \u201eBONI ZA DIGITALIZACIJO\u201c (NPOO.C1.1.2. R3-<br \/> I2.01) s ciljem pove\u010danja stopnje digitalne zrelosti poliklinike z vlaganjem v uvedbo novih<br \/> digitalne re\u0161itve v poslovanju z ustvarjanjem nove spletne strani in izbolj\u0161anjem digitalnih<br \/> znanja zaposlenih, kar bo okrepilo njegove zmogljivosti za izvajanje digitalizacije in digitalnih<br \/> transformacije. Zgoraj omenjeno bo vodilo do pove\u010danja prihodkov od prodaje, skupaj s pove\u010danjem \u0161tevila<br \/> zaposleni.  <\/p>\n<p>SKUPNA VREDNOST PROJEKTA: 11.000,00 EUR<br \/> SOFINANCIRANJE EU \u200b\u200bPROJEKTA: 5.280,00 EUR<br \/> Obdobje izvajanja projekta: 29. 11. 2023. &#8211; 29.11.2024.<\/p>\n<p>Kontaktna oseba:<br \/> Tomislav Lauc<br \/> Telefonska \u0161tevilka kontaktne osebe: +385 91 209 6966<br \/> E-po\u0161tni naslov kontaktne osebe: tomislav.lauc@apolonija.hr<br \/> Kontakt ustreznih institucij:<br \/> Nacionalni na\u010drt za okrevanje in odpornost 2021\u20132026. (https:\/\/planoporavka.gov.hr\/) <\/p>\n<p>Projekt je sofinancirala Evropska unija prek Nacionalnega na\u010drta za okrevanje in odpornost 2021.<\/p>\n<p>2026: Financirano s strani Evropske unije \u2013 NextGenerationEU.<\/p>\n<p>Izra\u017eena stali\u0161\u010da in mnenja so zgolj stali\u0161\u010da avtorja in ne odra\u017eajo nujno uradnih stali\u0161\u010d.<br \/> Evropska unija ali Evropska komisija. Niti Evropska unija niti Evropska komisija ne moreta <\/p>\n<p>biti odgovoren zanje.<\/p>\n<p>Vsebina publikacije je izklju\u010dna odgovornost Zobozdravstvene poliklinike APOLONIJA,<\/p>\n<p>Var\u0161avska ulica 10\/I, 10 000 Zagreb, Hrva\u0161ka.<\/p>\n<p class=\"jc-eu-logotipi\"><a href=\"\/?page_id=4386\" target=\"_blank\" rel=\"noopener\"> <img decoding=\"async\" class=\"aligncenter\" src=\"https:\/\/www.apolonija.hr\/wp-content\/uploads\/2020\/11\/EUfondovi.png\" alt=\"\" width=\"182\" height=\"115\"> <\/a> <a href=\"https:\/\/strukturnifondovi.hr\/\" target=\"_blank\" rel=\"noopener\"> <img decoding=\"async\" class=\"aligncenter\" src=\"https:\/\/www.apolonija.hr\/wp-content\/uploads\/2020\/07\/projekti-fondova.png\" alt=\"\" width=\"346\" height=\"90\"> <\/a> <a href=\"http:\/\/arhiva.strukturnifondovi.hr\/op-konkurentnost-i-kohezija-2014-2020-779\" target=\"_blank\" rel=\"noopener\"> <img decoding=\"async\" class=\"aligncenter\" src=\"https:\/\/www.apolonija.hr\/wp-content\/uploads\/2020\/07\/OPKK-450x121.png\" alt=\"Konkuren\u010dnost in kohezija\" width=\"271\" height=\"73\"> <\/a><\/p>\n","protected":false},"excerpt":{"rendered":"<p>Kakovost zobne poliklinike APOLONIJA so prepoznale institucije Evropske unije, ki podpirajo na\u0161 projekt pod imenom: \u201eZobna poliklinika Apolonija &#8211; Nalo\u017eba v digitalizacijo poslovanja\u201c (NPOO.C1.1.2.R3-I2.01-V2.0073) Projekt je bil odobren v okviru nate\u010daja \u201eBONI ZA DIGITALIZACIJO\u201c (NPOO.C1.1.2. R3-I2.01) z namenom pove\u010danja stopnje digitalne zrelosti poliklinike z vlaganjem v uvajanje novih digitalnih re\u0161itev v poslovanje z izdelavo nove&#8230;<\/p>\n","protected":false},"author":16,"featured_media":0,"parent":0,"menu_order":0,"comment_status":"closed","ping_status":"closed","template":"","meta":{"_acf_changed":false,"footnotes":""},"class_list":["post-22033","page","type-page","status-publish","hentry"],"acf":[],"yoast_head":"<!-- This site is optimized with the Yoast SEO plugin v27.5 - https:\/\/yoast.com\/product\/yoast-seo-wordpress\/ -->\n<title>Projekti EU - Stomatolo\u0161ka poliklinika Apolonija<\/title>\n<meta name=\"robots\" content=\"index, follow, max-snippet:-1, max-image-preview:large, max-video-preview:-1\" \/>\n<link rel=\"canonical\" href=\"https:\/\/www.apolonija.hr\/sl\/projekti-eu\/\" \/>\n<meta property=\"og:locale\" content=\"sl_SI\" \/>\n<meta property=\"og:type\" content=\"article\" \/>\n<meta property=\"og:title\" content=\"Projekti EU - Stomatolo\u0161ka poliklinika Apolonija\" \/>\n<meta property=\"og:description\" content=\"Kakovost zobne poliklinike APOLONIJA so prepoznale institucije Evropske unije, ki podpirajo na\u0161 projekt pod imenom: \u201eZobna poliklinika Apolonija &#8211; Nalo\u017eba v digitalizacijo poslovanja\u201c (NPOO.C1.1.2.R3-I2.01-V2.0073) Projekt je bil odobren v okviru nate\u010daja \u201eBONI ZA DIGITALIZACIJO\u201c (NPOO.C1.1.2. R3-I2.01) z namenom pove\u010danja stopnje digitalne zrelosti poliklinike z vlaganjem v uvajanje novih digitalnih re\u0161itev v poslovanje z izdelavo nove...\" \/>\n<meta property=\"og:url\" content=\"https:\/\/www.apolonija.hr\/sl\/projekti-eu\/\" \/>\n<meta property=\"og:site_name\" content=\"Stomatolo\u0161ka poliklinika Apolonija\" \/>\n<meta property=\"article:publisher\" content=\"https:\/\/www.facebook.com\/SPApolonija\/\" \/>\n<meta property=\"og:image\" content=\"https:\/\/www.apolonija.hr\/wp-content\/uploads\/2023\/09\/Eu-apolonija-450x208.jpg\" \/>\n<meta name=\"twitter:card\" content=\"summary_large_image\" \/>\n<meta name=\"twitter:label1\" content=\"Est. reading time\" \/>\n\t<meta name=\"twitter:data1\" content=\"5 minut\" \/>\n<script type=\"application\/ld+json\" class=\"yoast-schema-graph\">{\"@context\":\"https:\\\/\\\/schema.org\",\"@graph\":[{\"@type\":\"WebPage\",\"@id\":\"https:\\\/\\\/www.apolonija.hr\\\/sl\\\/projekti-eu\\\/\",\"url\":\"https:\\\/\\\/www.apolonija.hr\\\/sl\\\/projekti-eu\\\/\",\"name\":\"Projekti EU - Stomatolo\u0161ka poliklinika Apolonija\",\"isPartOf\":{\"@id\":\"https:\\\/\\\/www.apolonija.hr\\\/sl\\\/#website\"},\"primaryImageOfPage\":{\"@id\":\"https:\\\/\\\/www.apolonija.hr\\\/sl\\\/projekti-eu\\\/#primaryimage\"},\"image\":{\"@id\":\"https:\\\/\\\/www.apolonija.hr\\\/sl\\\/projekti-eu\\\/#primaryimage\"},\"thumbnailUrl\":\"https:\\\/\\\/www.apolonija.hr\\\/wp-content\\\/uploads\\\/2023\\\/09\\\/Eu-apolonija-450x208.jpg\",\"datePublished\":\"2025-06-15T09:29:43+00:00\",\"breadcrumb\":{\"@id\":\"https:\\\/\\\/www.apolonija.hr\\\/sl\\\/projekti-eu\\\/#breadcrumb\"},\"inLanguage\":\"sl-SI\",\"potentialAction\":[{\"@type\":\"ReadAction\",\"target\":[\"https:\\\/\\\/www.apolonija.hr\\\/sl\\\/projekti-eu\\\/\"]}]},{\"@type\":\"ImageObject\",\"inLanguage\":\"sl-SI\",\"@id\":\"https:\\\/\\\/www.apolonija.hr\\\/sl\\\/projekti-eu\\\/#primaryimage\",\"url\":\"https:\\\/\\\/www.apolonija.hr\\\/wp-content\\\/uploads\\\/2023\\\/09\\\/Eu-apolonija-450x208.jpg\",\"contentUrl\":\"https:\\\/\\\/www.apolonija.hr\\\/wp-content\\\/uploads\\\/2023\\\/09\\\/Eu-apolonija-450x208.jpg\"},{\"@type\":\"BreadcrumbList\",\"@id\":\"https:\\\/\\\/www.apolonija.hr\\\/sl\\\/projekti-eu\\\/#breadcrumb\",\"itemListElement\":[{\"@type\":\"ListItem\",\"position\":1,\"name\":\"Apolonija\",\"item\":\"https:\\\/\\\/www.apolonija.hr\\\/sl\\\/apolonija\\\/\"},{\"@type\":\"ListItem\",\"position\":2,\"name\":\"Projekti EU\"}]},{\"@type\":\"WebSite\",\"@id\":\"https:\\\/\\\/www.apolonija.hr\\\/sl\\\/#website\",\"url\":\"https:\\\/\\\/www.apolonija.hr\\\/sl\\\/\",\"name\":\"Stomatolo\u0161ka poliklinika Apolonija\",\"description\":\"\u017divljenje, polno nasmehov\",\"publisher\":{\"@id\":\"https:\\\/\\\/www.apolonija.hr\\\/sl\\\/#organization\"},\"potentialAction\":[{\"@type\":\"SearchAction\",\"target\":{\"@type\":\"EntryPoint\",\"urlTemplate\":\"https:\\\/\\\/www.apolonija.hr\\\/sl\\\/?s={search_term_string}\"},\"query-input\":{\"@type\":\"PropertyValueSpecification\",\"valueRequired\":true,\"valueName\":\"search_term_string\"}}],\"inLanguage\":\"sl-SI\"},{\"@type\":\"Organization\",\"@id\":\"https:\\\/\\\/www.apolonija.hr\\\/sl\\\/#organization\",\"name\":\"Stomatolo\u0161ka poliklinika Apolonija\",\"url\":\"https:\\\/\\\/www.apolonija.hr\\\/sl\\\/\",\"logo\":{\"@type\":\"ImageObject\",\"inLanguage\":\"sl-SI\",\"@id\":\"https:\\\/\\\/www.apolonija.hr\\\/sl\\\/#\\\/schema\\\/logo\\\/image\\\/\",\"url\":\"https:\\\/\\\/www.apolonija.hr\\\/wp-content\\\/uploads\\\/2019\\\/10\\\/logo-1.png\",\"contentUrl\":\"https:\\\/\\\/www.apolonija.hr\\\/wp-content\\\/uploads\\\/2019\\\/10\\\/logo-1.png\",\"width\":500,\"height\":140,\"caption\":\"Stomatolo\u0161ka poliklinika Apolonija\"},\"image\":{\"@id\":\"https:\\\/\\\/www.apolonija.hr\\\/sl\\\/#\\\/schema\\\/logo\\\/image\\\/\"},\"sameAs\":[\"https:\\\/\\\/www.facebook.com\\\/SPApolonija\\\/\",\"https:\\\/\\\/www.instagram.com\\\/poliklinikaapolonija\\\/\",\"https:\\\/\\\/www.linkedin.com\\\/company\\\/stomatolo\u0161ka-poliklinika-apolonija\\\/\",\"https:\\\/\\\/www.tiktok.com\\\/@poliklinikaapolonija\"]}]}<\/script>\n<!-- \/ Yoast SEO plugin. -->","yoast_head_json":{"title":"Projekti EU - Stomatolo\u0161ka poliklinika Apolonija","robots":{"index":"index","follow":"follow","max-snippet":"max-snippet:-1","max-image-preview":"max-image-preview:large","max-video-preview":"max-video-preview:-1"},"canonical":"https:\/\/www.apolonija.hr\/sl\/projekti-eu\/","og_locale":"sl_SI","og_type":"article","og_title":"Projekti EU - Stomatolo\u0161ka poliklinika Apolonija","og_description":"Kakovost zobne poliklinike APOLONIJA so prepoznale institucije Evropske unije, ki podpirajo na\u0161 projekt pod imenom: \u201eZobna poliklinika Apolonija &#8211; Nalo\u017eba v digitalizacijo poslovanja\u201c (NPOO.C1.1.2.R3-I2.01-V2.0073) Projekt je bil odobren v okviru nate\u010daja \u201eBONI ZA DIGITALIZACIJO\u201c (NPOO.C1.1.2. R3-I2.01) z namenom pove\u010danja stopnje digitalne zrelosti poliklinike z vlaganjem v uvajanje novih digitalnih re\u0161itev v poslovanje z izdelavo nove...","og_url":"https:\/\/www.apolonija.hr\/sl\/projekti-eu\/","og_site_name":"Stomatolo\u0161ka poliklinika Apolonija","article_publisher":"https:\/\/www.facebook.com\/SPApolonija\/","og_image":[{"url":"https:\/\/www.apolonija.hr\/wp-content\/uploads\/2023\/09\/Eu-apolonija-450x208.jpg","type":"","width":"","height":""}],"twitter_card":"summary_large_image","twitter_misc":{"Est. reading time":"5 minut"},"schema":{"@context":"https:\/\/schema.org","@graph":[{"@type":"WebPage","@id":"https:\/\/www.apolonija.hr\/sl\/projekti-eu\/","url":"https:\/\/www.apolonija.hr\/sl\/projekti-eu\/","name":"Projekti EU - Stomatolo\u0161ka poliklinika Apolonija","isPartOf":{"@id":"https:\/\/www.apolonija.hr\/sl\/#website"},"primaryImageOfPage":{"@id":"https:\/\/www.apolonija.hr\/sl\/projekti-eu\/#primaryimage"},"image":{"@id":"https:\/\/www.apolonija.hr\/sl\/projekti-eu\/#primaryimage"},"thumbnailUrl":"https:\/\/www.apolonija.hr\/wp-content\/uploads\/2023\/09\/Eu-apolonija-450x208.jpg","datePublished":"2025-06-15T09:29:43+00:00","breadcrumb":{"@id":"https:\/\/www.apolonija.hr\/sl\/projekti-eu\/#breadcrumb"},"inLanguage":"sl-SI","potentialAction":[{"@type":"ReadAction","target":["https:\/\/www.apolonija.hr\/sl\/projekti-eu\/"]}]},{"@type":"ImageObject","inLanguage":"sl-SI","@id":"https:\/\/www.apolonija.hr\/sl\/projekti-eu\/#primaryimage","url":"https:\/\/www.apolonija.hr\/wp-content\/uploads\/2023\/09\/Eu-apolonija-450x208.jpg","contentUrl":"https:\/\/www.apolonija.hr\/wp-content\/uploads\/2023\/09\/Eu-apolonija-450x208.jpg"},{"@type":"BreadcrumbList","@id":"https:\/\/www.apolonija.hr\/sl\/projekti-eu\/#breadcrumb","itemListElement":[{"@type":"ListItem","position":1,"name":"Apolonija","item":"https:\/\/www.apolonija.hr\/sl\/apolonija\/"},{"@type":"ListItem","position":2,"name":"Projekti EU"}]},{"@type":"WebSite","@id":"https:\/\/www.apolonija.hr\/sl\/#website","url":"https:\/\/www.apolonija.hr\/sl\/","name":"Stomatolo\u0161ka poliklinika Apolonija","description":"\u017divljenje, polno nasmehov","publisher":{"@id":"https:\/\/www.apolonija.hr\/sl\/#organization"},"potentialAction":[{"@type":"SearchAction","target":{"@type":"EntryPoint","urlTemplate":"https:\/\/www.apolonija.hr\/sl\/?s={search_term_string}"},"query-input":{"@type":"PropertyValueSpecification","valueRequired":true,"valueName":"search_term_string"}}],"inLanguage":"sl-SI"},{"@type":"Organization","@id":"https:\/\/www.apolonija.hr\/sl\/#organization","name":"Stomatolo\u0161ka poliklinika Apolonija","url":"https:\/\/www.apolonija.hr\/sl\/","logo":{"@type":"ImageObject","inLanguage":"sl-SI","@id":"https:\/\/www.apolonija.hr\/sl\/#\/schema\/logo\/image\/","url":"https:\/\/www.apolonija.hr\/wp-content\/uploads\/2019\/10\/logo-1.png","contentUrl":"https:\/\/www.apolonija.hr\/wp-content\/uploads\/2019\/10\/logo-1.png","width":500,"height":140,"caption":"Stomatolo\u0161ka poliklinika Apolonija"},"image":{"@id":"https:\/\/www.apolonija.hr\/sl\/#\/schema\/logo\/image\/"},"sameAs":["https:\/\/www.facebook.com\/SPApolonija\/","https:\/\/www.instagram.com\/poliklinikaapolonija\/","https:\/\/www.linkedin.com\/company\/stomatolo\u0161ka-poliklinika-apolonija\/","https:\/\/www.tiktok.com\/@poliklinikaapolonija"]}]}},"_links":{"self":[{"href":"https:\/\/www.apolonija.hr\/sl\/wp-json\/wp\/v2\/pages\/22033","targetHints":{"allow":["GET"]}}],"collection":[{"href":"https:\/\/www.apolonija.hr\/sl\/wp-json\/wp\/v2\/pages"}],"about":[{"href":"https:\/\/www.apolonija.hr\/sl\/wp-json\/wp\/v2\/types\/page"}],"author":[{"embeddable":true,"href":"https:\/\/www.apolonija.hr\/sl\/wp-json\/wp\/v2\/users\/16"}],"replies":[{"embeddable":true,"href":"https:\/\/www.apolonija.hr\/sl\/wp-json\/wp\/v2\/comments?post=22033"}],"version-history":[{"count":0,"href":"https:\/\/www.apolonija.hr\/sl\/wp-json\/wp\/v2\/pages\/22033\/revisions"}],"wp:attachment":[{"href":"https:\/\/www.apolonija.hr\/sl\/wp-json\/wp\/v2\/media?parent=22033"}],"curies":[{"name":"wp","href":"https:\/\/api.w.org\/{rel}","templated":true}]}}