{"id":22215,"date":"2020-04-06T18:44:34","date_gmt":"2020-04-06T16:44:34","guid":{"rendered":"https:\/\/www.apolonija.hr\/zobne-krone-in-mosticki\/mobilne-proteze\/"},"modified":"2025-07-01T01:14:20","modified_gmt":"2025-06-30T23:14:20","slug":"mobilne-proteze","status":"publish","type":"page","link":"https:\/\/www.apolonija.hr\/sl\/zobne-krone-in-mosticki\/mobilne-proteze\/","title":{"rendered":"Mobilne proteze"},"content":{"rendered":"<section class=\"l-section wpb_row height_small\"><div class=\"l-section-h i-cf\"><div class=\"g-cols vc_row via_grid cols_1 laptops-cols_inherit tablets-cols_inherit mobiles-cols_1 valign_top type_default stacking_default\"><div class=\"wpb_column vc_column_container\"><div class=\"vc_column-inner\"><div class=\"wpb_text_column\"><div class=\"wpb_wrapper\"><p><span style=\"font-weight: 400;\">Odsotnost vseh zob je ena najve\u010djih zobozdravstvenih te\u017eav in kot taka pomembno vpliva na kakovost \u017eivljenja. Klasi\u010dna mobilna zobna proteza bo re\u0161ila to te\u017eavo, \u010de ne moremo uporabiti kakovostnej\u0161e implantolo\u0161ke re\u0161itve (kot je All-on-4) ali kot bolj ekonomi\u010dna mo\u017enost. <\/span><\/p>\n<h2>Katere vrste snemljivih protez obstajajo?<\/h2>\n<p><span style=\"font-weight: 400;\">Zobne proteze so mobilne proteze. To pomeni, da niso trajno pritrjene in jih lahko pacient sam odstrani in vstavi nazaj v usta. <\/span><\/p>\n<p><span style=\"font-weight: 400;\">Delimo jih na re\u0161itve, ki nadome\u0161\u010dajo vse zobe v \u010deljusti, tako imenovane totalne ali popolne proteze, in re\u0161itve, ki nadome\u0161\u010dajo posamezne zobe, tako imenovane delne ali delne proteze.  <\/span><\/p>\n<p><a ref=\"magnificPopup\" href=\"https:\/\/www.apolonija.hr\/wp-content\/uploads\/2020\/06\/Stomatoloska-poliklinika-apolonija-zagreb-centar_razne-zubne-proteze.jpg\"><img decoding=\"async\" class=\"aligncenter size-medium wp-image-7544\" src=\"https:\/\/www.apolonija.hr\/wp-content\/uploads\/2020\/06\/Stomatoloska-poliklinika-apolonija-zagreb-centar_razne-zubne-proteze-450x300.jpg\" alt=\"\" width=\"450\" height=\"300\" srcset=\"https:\/\/www.apolonija.hr\/wp-content\/uploads\/2020\/06\/Stomatoloska-poliklinika-apolonija-zagreb-centar_razne-zubne-proteze-450x300.jpg 450w, https:\/\/www.apolonija.hr\/wp-content\/uploads\/2020\/06\/Stomatoloska-poliklinika-apolonija-zagreb-centar_razne-zubne-proteze-1024x684.jpg 1024w, https:\/\/www.apolonija.hr\/wp-content\/uploads\/2020\/06\/Stomatoloska-poliklinika-apolonija-zagreb-centar_razne-zubne-proteze-768x513.jpg 768w, https:\/\/www.apolonija.hr\/wp-content\/uploads\/2020\/06\/Stomatoloska-poliklinika-apolonija-zagreb-centar_razne-zubne-proteze-600x401.jpg 600w, https:\/\/www.apolonija.hr\/wp-content\/uploads\/2020\/06\/Stomatoloska-poliklinika-apolonija-zagreb-centar_razne-zubne-proteze.jpg 1200w\" sizes=\"(max-width: 450px) 100vw, 450px\" \/><\/a><\/p>\n<p style=\"text-align: center;\"><em>Totalne in delne proteze<\/em><\/p>\n<p><span style=\"font-weight: 400;\">Obstajajo tudi<\/span> <span style=\"font-weight: 400;\">fiksne proteze, ki veljajo za implantoproteti\u010dne re\u0161itve, saj zdru\u017eujejo vgradnjo zobnih vsadkov in proteti\u010dno delo. Gre za implantolo\u0161ko re\u0161itev All-on-4, o kateri lahko ve\u010d izveste <a href=\"https:\/\/www.apolonija.hr\/sl\/zobni-vsadki\/all-on-4-fiksne-proteze\/\"><strong>tukaj.<\/strong><\/a> <\/span><\/p>\n<h2>Totalne ali popolne snemljive proteze<\/h2>\n<p><span style=\"font-weight: 400;\">Totalna proteza nadome\u0161\u010da vse zobe v eni \u010deljusti. Osnova totalne proteze je izdelana iz akrilata, vrste lahkega, biokompatibilnega materiala, ki se v zobozdravstvu uporablja \u017ee vrsto let. V osnovo se vsadijo umetni zobje. Poleg ustreznih fizikalnih in kemijskih lastnosti za dolgotrajno uporabo in vzdr\u017eljivost ima akrilna proteza tudi potrebne estetske lastnosti in posnema barvo dlesni, ki jih delno nadome\u0161\u010da.   <\/span><\/p>\n<p><span style=\"font-weight: 400;\">Da bi akrilna baza ostala pritrjena na \u010deljust, uporablja sistem adhezijskih sil med bazo in mehkimi tkivi neba, \u010deljustnega grebena in tkiva pod jezikom. Na profesionalni ravni je to izziv, zato izdelava snemnih protez velja za postopek, ki zahteva poznavanje protetike in individualen pristop k izdelavi proteti\u010dnega nadomestka. \u010ceprav je totalna ali delna proteza ekonomi\u010dna kategorija, pa za kakovostno in uspe\u0161no re\u0161itev zahteva posebno znanje in spretnosti pri njeni izdelavi.    <\/span><\/p>\n<p><span style=\"font-weight: 400;\">Zobna poliklinika Apolonija je ponosna na postopke in procese, ki jih uporablja pri izdelavi snemnih protez. Snemne proteze sodijo med najzahtevnej\u0161e strokovne posege, saj zahtevajo izjemno znanje in spretnosti.   <\/span><\/p>\n<p><span style=\"font-weight: 400;\">Protokoli, ki jih uporabljamo za izdelavo popolnih snemnih protez, temeljijo na tradicionalnih nem\u0161kih in \u0161vicarskih zobozdravstvenih protokolih, ki jih je dr. Mira Juki\u0107-Lauc v vsakdanjo prakso uvedla \u017ee v \u0161estdesetih letih prej\u0161njega stoletja. Takrat implantatov \u0161e ni bilo, umetnost in znanje snemne protetike pa sta bila edino zagotovilo za uspeh tak\u0161nega proteti\u010dnega dela.   <\/span><\/p>\n<p><span style=\"font-weight: 400;\">Obstajajo sodobni in moderni postopki, obstajajo tradicionalni postopki. In v nekaterih stvareh je bil na\u010din, kako so se stvari izvajale pred petdesetimi ali ve\u010d leti, bolj\u0161i in uspe\u0161nej\u0161i. Ker ni bilo alternativ in ker je bilo treba za paciente storiti najbolj\u0161e.    <\/span><\/p>\n<p><span style=\"font-weight: 400;\">Kar vam lahko zagotovimo, je, da vemo, kako izdelati visokokakovostno totalno protezo, za katero vam ni treba uporabljati lepil, ki se ogla\u0161ujejo za slabe in neuspe\u0161ne totalne proteze.<\/span><\/p>\n<h2>Postopek izdelave popolne proteze<\/h2>\n<p><span style=\"font-weight: 400;\">Izdelava popolne proteze bo trajala 15\u201330 dni. Postopek zahteva tudi 6- do 10-kratni obisk na\u0161e klinike. Na\u0161i postopki so zagotovo dalj\u0161i od standardnih, z ve\u010d obiski in veliko ve\u010djo skrbnostjo ter pozornostjo, da zagotovimo najbolj\u0161i mo\u017een rezultat.  <\/span><\/p>\n<h2>Tradicija kakovosti v polikliniki Apolonija<\/h2>\n<p><span style=\"font-weight: 400;\">Poleg tega bi radi poudarili, da v Polikliniki Apolonija sledimo proteti\u010dnemu protokolu, ki bo zagotavljal visokokakovostne zobne proteze tako v funkcionalnem kot estetskem smislu.<\/span><\/p>\n<p><span style=\"font-weight: 400;\">Ponosni smo, da lahko izpostavimo posebno metodologijo izdelave protez, ki smo jo podedovali od dr. Mire Juki\u0107-Lauc, ki je bila dolga leta ena vodilnih strokovnjakinj za izdelavo zobnih protez na Hrva\u0161kem.<\/span><\/p>\n<p><span style=\"font-weight: 400;\">Ker spo\u0161tujemo tradicionalna pravila in se k vsaki protezi lotevamo popolnoma individualno, so na\u0161i pacienti zadovoljni, da lahko svoje nove in lepe zobe nosijo \u0161e vrsto let.<\/span><\/p>\n<h2>Slabosti totalnih protez<\/h2>\n<p><span style=\"font-weight: 400;\">\u010ceprav je popolna proteza kakovostna in cenovno ugodna re\u0161itev za pomanjkanje vseh zob, je treba poudariti, da proteze nimajo enakega pozitivnega u\u010dinka na kost kot zobni vsadki.<\/span><\/p>\n<p><span style=\"font-weight: 400;\">To pomeni, da se kost med no\u0161enjem proteze resorbira in kr\u010di. Zaradi tega proteza postane neudobna in jo je treba redno obnavljati.   <\/span><\/p>\n<\/div><\/div><\/div><\/div><\/div><\/div><\/section><section class=\"l-section wpb_row height_small\"><div class=\"l-section-h i-cf\"><div class=\"g-cols vc_row via_grid cols_custom laptops-cols_inherit tablets-cols_inherit mobiles-cols_1 valign_top type_default stacking_default\"><\/div><\/div><\/section><div class=\"jc-cta cta-prvi-pregled\">\n\t<p style=\"\">Pregled v polikliniki Apolonija rezervirajte prek telefonskega klica, WhatsAppa ali izpolnite kontaktni obrazec.<\/p>\n\t<a class=\"telefon w-btn us-btn-style_29 icon_atleft\" href=\"tel:+385 1 4883 800\"><i class=\"fas fa-phone-rotary\"><\/i><span class=\"w-btn-label\">+385 1 4883 800<\/span><\/a>\n\t<a class=\"whatsapp w-btn us-btn-style_29 icon_atleft\" href=\"https:\/\/wa.me\/385914883800\"><i class=\"fab fa-whatsapp\"><\/i><span class=\"w-btn-label\">+385 91 4883 800<\/span><\/a>\n\t<\/div>\n","protected":false},"excerpt":{"rendered":"<p>Odsotnost vseh zob je ena najve\u010djih zobozdravstvenih te\u017eav in kot taka mo\u010dno vpliva na kakovost \u017eivljenja pacientov. Klasi\u010dna zobna proteza bo re\u0161ila to te\u017eavo, \u010de ne moremo uporabiti kakovostnej\u0161e implantolo\u0161ke re\u0161itve ali kot bolj ekonomi\u010dna mo\u017enost. <\/p>\n","protected":false},"author":15,"featured_media":0,"parent":20892,"menu_order":4,"comment_status":"closed","ping_status":"closed","template":"","meta":{"_acf_changed":false,"footnotes":""},"class_list":["post-22215","page","type-page","status-publish","hentry"],"acf":[],"yoast_head":"<!-- This site is optimized with the Yoast SEO plugin v27.5 - https:\/\/yoast.com\/product\/yoast-seo-wordpress\/ -->\n<title>Mobilne proteze - Stomatolo\u0161ka poliklinika Apolonija<\/title>\n<meta name=\"description\" content=\"Klasi\u010dne proteze re\u0161ujejo brezzobost, \u010de ne moremo uporabiti kakovostnej\u0161e implantolo\u0161ke re\u0161itve, poleg tega pa so tudi cenovno ugodnej\u0161e. Izvedite ve\u010d!\" \/>\n<meta name=\"robots\" content=\"index, follow, max-snippet:-1, max-image-preview:large, max-video-preview:-1\" \/>\n<link rel=\"canonical\" href=\"https:\/\/www.apolonija.hr\/sl\/zobne-krone-in-mosticki\/mobilne-proteze\/\" \/>\n<meta property=\"og:locale\" content=\"sl_SI\" \/>\n<meta property=\"og:type\" content=\"article\" \/>\n<meta property=\"og:title\" content=\"Mobilne proteze - Stomatolo\u0161ka poliklinika Apolonija\" \/>\n<meta property=\"og:description\" content=\"Klasi\u010dne proteze re\u0161ujejo brezzobost, \u010de ne moremo uporabiti kakovostnej\u0161e implantolo\u0161ke re\u0161itve, poleg tega pa so tudi cenovno ugodnej\u0161e. Izvedite ve\u010d!\" \/>\n<meta property=\"og:url\" content=\"https:\/\/www.apolonija.hr\/sl\/zobne-krone-in-mosticki\/mobilne-proteze\/\" \/>\n<meta property=\"og:site_name\" content=\"Stomatolo\u0161ka poliklinika Apolonija\" \/>\n<meta property=\"article:publisher\" content=\"https:\/\/www.facebook.com\/SPApolonija\/\" \/>\n<meta property=\"article:modified_time\" content=\"2025-06-30T23:14:20+00:00\" \/>\n<meta property=\"og:image\" content=\"https:\/\/www.apolonija.hr\/wp-content\/uploads\/2020\/06\/Stomatoloska-poliklinika-apolonija-zagreb-centar_razne-zubne-proteze.jpg\" \/>\n\t<meta property=\"og:image:width\" content=\"1200\" \/>\n\t<meta property=\"og:image:height\" content=\"801\" \/>\n\t<meta property=\"og:image:type\" content=\"image\/jpeg\" \/>\n<meta name=\"twitter:card\" content=\"summary_large_image\" \/>\n<meta name=\"twitter:label1\" content=\"Est. reading time\" \/>\n\t<meta name=\"twitter:data1\" content=\"3 minute\" \/>\n<script type=\"application\/ld+json\" class=\"yoast-schema-graph\">{\"@context\":\"https:\\\/\\\/schema.org\",\"@graph\":[{\"@type\":\"WebPage\",\"@id\":\"https:\\\/\\\/www.apolonija.hr\\\/sl\\\/zobne-krone-in-mosticki\\\/mobilne-proteze\\\/\",\"url\":\"https:\\\/\\\/www.apolonija.hr\\\/sl\\\/zobne-krone-in-mosticki\\\/mobilne-proteze\\\/\",\"name\":\"Mobilne proteze - Stomatolo\u0161ka poliklinika Apolonija\",\"isPartOf\":{\"@id\":\"https:\\\/\\\/www.apolonija.hr\\\/sl\\\/#website\"},\"primaryImageOfPage\":{\"@id\":\"https:\\\/\\\/www.apolonija.hr\\\/sl\\\/zobne-krone-in-mosticki\\\/mobilne-proteze\\\/#primaryimage\"},\"image\":{\"@id\":\"https:\\\/\\\/www.apolonija.hr\\\/sl\\\/zobne-krone-in-mosticki\\\/mobilne-proteze\\\/#primaryimage\"},\"thumbnailUrl\":\"https:\\\/\\\/www.apolonija.hr\\\/wp-content\\\/uploads\\\/2020\\\/06\\\/Stomatoloska-poliklinika-apolonija-zagreb-centar_razne-zubne-proteze-450x300.jpg\",\"datePublished\":\"2020-04-06T16:44:34+00:00\",\"dateModified\":\"2025-06-30T23:14:20+00:00\",\"description\":\"Klasi\u010dne proteze re\u0161ujejo brezzobost, \u010de ne moremo uporabiti kakovostnej\u0161e implantolo\u0161ke re\u0161itve, poleg tega pa so tudi cenovno ugodnej\u0161e. Izvedite ve\u010d!\",\"breadcrumb\":{\"@id\":\"https:\\\/\\\/www.apolonija.hr\\\/sl\\\/zobne-krone-in-mosticki\\\/mobilne-proteze\\\/#breadcrumb\"},\"inLanguage\":\"sl-SI\",\"potentialAction\":[{\"@type\":\"ReadAction\",\"target\":[\"https:\\\/\\\/www.apolonija.hr\\\/sl\\\/zobne-krone-in-mosticki\\\/mobilne-proteze\\\/\"]}]},{\"@type\":\"ImageObject\",\"inLanguage\":\"sl-SI\",\"@id\":\"https:\\\/\\\/www.apolonija.hr\\\/sl\\\/zobne-krone-in-mosticki\\\/mobilne-proteze\\\/#primaryimage\",\"url\":\"https:\\\/\\\/www.apolonija.hr\\\/wp-content\\\/uploads\\\/2020\\\/06\\\/Stomatoloska-poliklinika-apolonija-zagreb-centar_razne-zubne-proteze-450x300.jpg\",\"contentUrl\":\"https:\\\/\\\/www.apolonija.hr\\\/wp-content\\\/uploads\\\/2020\\\/06\\\/Stomatoloska-poliklinika-apolonija-zagreb-centar_razne-zubne-proteze-450x300.jpg\"},{\"@type\":\"BreadcrumbList\",\"@id\":\"https:\\\/\\\/www.apolonija.hr\\\/sl\\\/zobne-krone-in-mosticki\\\/mobilne-proteze\\\/#breadcrumb\",\"itemListElement\":[{\"@type\":\"ListItem\",\"position\":1,\"name\":\"Apolonija\",\"item\":\"https:\\\/\\\/www.apolonija.hr\\\/sl\\\/apolonija\\\/\"},{\"@type\":\"ListItem\",\"position\":2,\"name\":\"Zobne krone in mosti\u010dki\",\"item\":\"https:\\\/\\\/www.apolonija.hr\\\/sl\\\/zobne-krone-in-mosticki\\\/\"},{\"@type\":\"ListItem\",\"position\":3,\"name\":\"Mobilne proteze\"}]},{\"@type\":\"WebSite\",\"@id\":\"https:\\\/\\\/www.apolonija.hr\\\/sl\\\/#website\",\"url\":\"https:\\\/\\\/www.apolonija.hr\\\/sl\\\/\",\"name\":\"Stomatolo\u0161ka poliklinika Apolonija\",\"description\":\"\u017divljenje, polno nasmehov\",\"publisher\":{\"@id\":\"https:\\\/\\\/www.apolonija.hr\\\/sl\\\/#organization\"},\"potentialAction\":[{\"@type\":\"SearchAction\",\"target\":{\"@type\":\"EntryPoint\",\"urlTemplate\":\"https:\\\/\\\/www.apolonija.hr\\\/sl\\\/?s={search_term_string}\"},\"query-input\":{\"@type\":\"PropertyValueSpecification\",\"valueRequired\":true,\"valueName\":\"search_term_string\"}}],\"inLanguage\":\"sl-SI\"},{\"@type\":\"Organization\",\"@id\":\"https:\\\/\\\/www.apolonija.hr\\\/sl\\\/#organization\",\"name\":\"Stomatolo\u0161ka poliklinika Apolonija\",\"url\":\"https:\\\/\\\/www.apolonija.hr\\\/sl\\\/\",\"logo\":{\"@type\":\"ImageObject\",\"inLanguage\":\"sl-SI\",\"@id\":\"https:\\\/\\\/www.apolonija.hr\\\/sl\\\/#\\\/schema\\\/logo\\\/image\\\/\",\"url\":\"https:\\\/\\\/www.apolonija.hr\\\/wp-content\\\/uploads\\\/2019\\\/10\\\/logo-1.png\",\"contentUrl\":\"https:\\\/\\\/www.apolonija.hr\\\/wp-content\\\/uploads\\\/2019\\\/10\\\/logo-1.png\",\"width\":500,\"height\":140,\"caption\":\"Stomatolo\u0161ka poliklinika Apolonija\"},\"image\":{\"@id\":\"https:\\\/\\\/www.apolonija.hr\\\/sl\\\/#\\\/schema\\\/logo\\\/image\\\/\"},\"sameAs\":[\"https:\\\/\\\/www.facebook.com\\\/SPApolonija\\\/\",\"https:\\\/\\\/www.instagram.com\\\/poliklinikaapolonija\\\/\",\"https:\\\/\\\/www.linkedin.com\\\/company\\\/stomatolo\u0161ka-poliklinika-apolonija\\\/\",\"https:\\\/\\\/www.tiktok.com\\\/@poliklinikaapolonija\"]}]}<\/script>\n<!-- \/ Yoast SEO plugin. -->","yoast_head_json":{"title":"Mobilne proteze - Stomatolo\u0161ka poliklinika Apolonija","description":"Klasi\u010dne proteze re\u0161ujejo brezzobost, \u010de ne moremo uporabiti kakovostnej\u0161e implantolo\u0161ke re\u0161itve, poleg tega pa so tudi cenovno ugodnej\u0161e. Izvedite ve\u010d!","robots":{"index":"index","follow":"follow","max-snippet":"max-snippet:-1","max-image-preview":"max-image-preview:large","max-video-preview":"max-video-preview:-1"},"canonical":"https:\/\/www.apolonija.hr\/sl\/zobne-krone-in-mosticki\/mobilne-proteze\/","og_locale":"sl_SI","og_type":"article","og_title":"Mobilne proteze - Stomatolo\u0161ka poliklinika Apolonija","og_description":"Klasi\u010dne proteze re\u0161ujejo brezzobost, \u010de ne moremo uporabiti kakovostnej\u0161e implantolo\u0161ke re\u0161itve, poleg tega pa so tudi cenovno ugodnej\u0161e. Izvedite ve\u010d!","og_url":"https:\/\/www.apolonija.hr\/sl\/zobne-krone-in-mosticki\/mobilne-proteze\/","og_site_name":"Stomatolo\u0161ka poliklinika Apolonija","article_publisher":"https:\/\/www.facebook.com\/SPApolonija\/","article_modified_time":"2025-06-30T23:14:20+00:00","og_image":[{"width":1200,"height":801,"url":"https:\/\/www.apolonija.hr\/wp-content\/uploads\/2020\/06\/Stomatoloska-poliklinika-apolonija-zagreb-centar_razne-zubne-proteze.jpg","type":"image\/jpeg"}],"twitter_card":"summary_large_image","twitter_misc":{"Est. reading time":"3 minute"},"schema":{"@context":"https:\/\/schema.org","@graph":[{"@type":"WebPage","@id":"https:\/\/www.apolonija.hr\/sl\/zobne-krone-in-mosticki\/mobilne-proteze\/","url":"https:\/\/www.apolonija.hr\/sl\/zobne-krone-in-mosticki\/mobilne-proteze\/","name":"Mobilne proteze - Stomatolo\u0161ka poliklinika Apolonija","isPartOf":{"@id":"https:\/\/www.apolonija.hr\/sl\/#website"},"primaryImageOfPage":{"@id":"https:\/\/www.apolonija.hr\/sl\/zobne-krone-in-mosticki\/mobilne-proteze\/#primaryimage"},"image":{"@id":"https:\/\/www.apolonija.hr\/sl\/zobne-krone-in-mosticki\/mobilne-proteze\/#primaryimage"},"thumbnailUrl":"https:\/\/www.apolonija.hr\/wp-content\/uploads\/2020\/06\/Stomatoloska-poliklinika-apolonija-zagreb-centar_razne-zubne-proteze-450x300.jpg","datePublished":"2020-04-06T16:44:34+00:00","dateModified":"2025-06-30T23:14:20+00:00","description":"Klasi\u010dne proteze re\u0161ujejo brezzobost, \u010de ne moremo uporabiti kakovostnej\u0161e implantolo\u0161ke re\u0161itve, poleg tega pa so tudi cenovno ugodnej\u0161e. Izvedite ve\u010d!","breadcrumb":{"@id":"https:\/\/www.apolonija.hr\/sl\/zobne-krone-in-mosticki\/mobilne-proteze\/#breadcrumb"},"inLanguage":"sl-SI","potentialAction":[{"@type":"ReadAction","target":["https:\/\/www.apolonija.hr\/sl\/zobne-krone-in-mosticki\/mobilne-proteze\/"]}]},{"@type":"ImageObject","inLanguage":"sl-SI","@id":"https:\/\/www.apolonija.hr\/sl\/zobne-krone-in-mosticki\/mobilne-proteze\/#primaryimage","url":"https:\/\/www.apolonija.hr\/wp-content\/uploads\/2020\/06\/Stomatoloska-poliklinika-apolonija-zagreb-centar_razne-zubne-proteze-450x300.jpg","contentUrl":"https:\/\/www.apolonija.hr\/wp-content\/uploads\/2020\/06\/Stomatoloska-poliklinika-apolonija-zagreb-centar_razne-zubne-proteze-450x300.jpg"},{"@type":"BreadcrumbList","@id":"https:\/\/www.apolonija.hr\/sl\/zobne-krone-in-mosticki\/mobilne-proteze\/#breadcrumb","itemListElement":[{"@type":"ListItem","position":1,"name":"Apolonija","item":"https:\/\/www.apolonija.hr\/sl\/apolonija\/"},{"@type":"ListItem","position":2,"name":"Zobne krone in mosti\u010dki","item":"https:\/\/www.apolonija.hr\/sl\/zobne-krone-in-mosticki\/"},{"@type":"ListItem","position":3,"name":"Mobilne proteze"}]},{"@type":"WebSite","@id":"https:\/\/www.apolonija.hr\/sl\/#website","url":"https:\/\/www.apolonija.hr\/sl\/","name":"Stomatolo\u0161ka poliklinika Apolonija","description":"\u017divljenje, polno nasmehov","publisher":{"@id":"https:\/\/www.apolonija.hr\/sl\/#organization"},"potentialAction":[{"@type":"SearchAction","target":{"@type":"EntryPoint","urlTemplate":"https:\/\/www.apolonija.hr\/sl\/?s={search_term_string}"},"query-input":{"@type":"PropertyValueSpecification","valueRequired":true,"valueName":"search_term_string"}}],"inLanguage":"sl-SI"},{"@type":"Organization","@id":"https:\/\/www.apolonija.hr\/sl\/#organization","name":"Stomatolo\u0161ka poliklinika Apolonija","url":"https:\/\/www.apolonija.hr\/sl\/","logo":{"@type":"ImageObject","inLanguage":"sl-SI","@id":"https:\/\/www.apolonija.hr\/sl\/#\/schema\/logo\/image\/","url":"https:\/\/www.apolonija.hr\/wp-content\/uploads\/2019\/10\/logo-1.png","contentUrl":"https:\/\/www.apolonija.hr\/wp-content\/uploads\/2019\/10\/logo-1.png","width":500,"height":140,"caption":"Stomatolo\u0161ka poliklinika Apolonija"},"image":{"@id":"https:\/\/www.apolonija.hr\/sl\/#\/schema\/logo\/image\/"},"sameAs":["https:\/\/www.facebook.com\/SPApolonija\/","https:\/\/www.instagram.com\/poliklinikaapolonija\/","https:\/\/www.linkedin.com\/company\/stomatolo\u0161ka-poliklinika-apolonija\/","https:\/\/www.tiktok.com\/@poliklinikaapolonija"]}]}},"_links":{"self":[{"href":"https:\/\/www.apolonija.hr\/sl\/wp-json\/wp\/v2\/pages\/22215","targetHints":{"allow":["GET"]}}],"collection":[{"href":"https:\/\/www.apolonija.hr\/sl\/wp-json\/wp\/v2\/pages"}],"about":[{"href":"https:\/\/www.apolonija.hr\/sl\/wp-json\/wp\/v2\/types\/page"}],"author":[{"embeddable":true,"href":"https:\/\/www.apolonija.hr\/sl\/wp-json\/wp\/v2\/users\/15"}],"replies":[{"embeddable":true,"href":"https:\/\/www.apolonija.hr\/sl\/wp-json\/wp\/v2\/comments?post=22215"}],"version-history":[{"count":2,"href":"https:\/\/www.apolonija.hr\/sl\/wp-json\/wp\/v2\/pages\/22215\/revisions"}],"predecessor-version":[{"id":22217,"href":"https:\/\/www.apolonija.hr\/sl\/wp-json\/wp\/v2\/pages\/22215\/revisions\/22217"}],"up":[{"embeddable":true,"href":"https:\/\/www.apolonija.hr\/sl\/wp-json\/wp\/v2\/pages\/20892"}],"wp:attachment":[{"href":"https:\/\/www.apolonija.hr\/sl\/wp-json\/wp\/v2\/media?parent=22215"}],"curies":[{"name":"wp","href":"https:\/\/api.w.org\/{rel}","templated":true}]}}