{"id":22472,"date":"2025-07-17T11:56:22","date_gmt":"2025-07-17T09:56:22","guid":{"rendered":"https:\/\/www.apolonija.hr\/cenik\/"},"modified":"2025-10-08T14:40:39","modified_gmt":"2025-10-08T12:40:39","slug":"cenik","status":"publish","type":"page","link":"https:\/\/www.apolonija.hr\/sl\/cenik\/","title":{"rendered":"Cenik"},"content":{"rendered":"<p>Vrhunska zobozdravstvena oskrba ne sme biti luksuz. Na\u0161e poslanstvo je omogo\u010diti pacientom dostop do najsodobnej\u0161e tehnologije in vrhunskih strokovnjakov po standardnih tr\u017enih cenah. <\/p>\n<table style=\"width: 100%;\">\n<tbody>\n<tr>\n<th style=\"text-align: left;\">CENIK (izvle\u010dek iz cenika)<\/th>\n<th> <\/th>\n<\/tr>\n<tr>\n<td>Prvi zobozdravstveni pregled<\/td>\n<td style=\"text-align: right; width: 8.7rem;\">30,00 \u20ac<\/td>\n<\/tr>\n<tr>\n<td>Prvi zobozdravstveni pregled specialista<\/td>\n<td style=\"text-align: right; width: 8.7rem;\">60,00 \u20ac<\/td>\n<\/tr>\n<tr>\n<td>Specialisti\u010dni pregled<\/td>\n<td style=\"text-align: right;\">60,00 \u20ac<\/td>\n<\/tr>\n<tr>\n<td>Ortodontska diagnostika<\/td>\n<td style=\"text-align: right;\">70,00 \u20ac<\/td>\n<\/tr>\n<\/tbody>\n<\/table>\n<table style=\"width: 100%;\">\n<tbody>\n<tr>\n<th style=\"text-align: left;\">ORTODONTIJA<\/th>\n<th> <\/th>\n<\/tr>\n<tr>\n<td>Fiksna terapija s kovinskimi zobnimi aparati (ena \u010deljust do 1 leta trajanja)<\/td>\n<td style=\"text-align: right; width: 8.7rem;\">1.160,00 \u20ac<\/td>\n<\/tr>\n<tr>\n<td>Fiksna terapija s kovinskimi zobnimi aparati (obe \u010deljusti do 2 leti trajanja)<\/td>\n<td style=\"text-align: right;\">2.850,00 \u20ac<\/td>\n<\/tr>\n<tr>\n<td>A+ aligner terapija (2 \u010deljusti, 1 modul &#8211; majhen set)<\/td>\n<td style=\"text-align: right;\">950,00 \u20ac<\/td>\n<\/tr>\n<tr>\n<td>A+ aligner terapija (1 \u010deljust, 1 modul &#8211; majhen set)<\/td>\n<td style=\"text-align: right;\">600,00 \u20ac<\/td>\n<\/tr>\n<\/tbody>\n<\/table>\n<table style=\"width: 100%;\">\n<tbody>\n<tr>\n<th style=\"text-align: left;\">RESTAVRATIVNO ZOBOZDRAVSTVO IN ESTETIKA<\/th>\n<th> <\/th>\n<\/tr>\n<tr>\n<td>\n  <span style=\"color: #ff0000;\"><br \/>\n    <strong>Profesionalno \u010di\u0161\u010denje zob s peskanjem<\/strong><br \/>\n  <\/span>\n<\/td>\n<td style=\"text-align: right; width: 8.7rem;\">\n  <strong><br \/>\n    <span style=\"color: #ff0000;\">60,00 \u20ac<\/span><br \/>\n  <\/strong>\n<\/td>\n<\/tr>\n<tr>\n<td>Beljenje vseh zob<\/td>\n<td style=\"text-align: right;\">340,00 \u20ac<\/td>\n<\/tr>\n<tr>\n<td>Zalivka (enoplo\u0161\u010dinska in dvoplo\u0161\u010dinska)<\/td>\n<td style=\"text-align: right;\">80,00 \u20ac<\/td>\n<\/tr>\n<tr>\n<td>Endodontsko zdravljenje enega kanala v enem obisku<\/td>\n<td style=\"text-align: right;\">90,00 \u20ac<\/td>\n<\/tr>\n<tr>\n<td>Specialisti\u010dno endodontsko zdravljenje treh kanalov v enem obisku (revizija starega neuspe\u0161nega zdravljenja)<\/td>\n<td style=\"text-align: right;\">545,00 \u20ac<\/td>\n<\/tr>\n<\/tbody>\n<\/table>\n<table style=\"width: 100%;\">\n<tbody>\n<tr>\n<th style=\"text-align: left;\">USTNA KIRURGIJA<\/th>\n<th> <\/th>\n<\/tr>\n<tr>\n<td>Vstavitev zobnega vsadka<\/td>\n<td style=\"text-align: right; width: 8.7rem;\">680,00 \u20ac<\/td>\n<\/tr>\n<tr>\n<td>Dvig dna sinusa<\/td>\n<td style=\"text-align: right;\">od 400,00 \u20ac<\/td>\n<\/tr>\n<tr>\n<td>All on 4 s prototipnim mosti\u010dkom<\/td>\n<td style=\"text-align: right;\">5.260,00 \u20ac<\/td>\n<\/tr>\n<tr>\n<td>Odstranitev enokorenskega zoba z anestezijo in \u0161ivanjem rane<\/td>\n<td style=\"text-align: right;\">70,00 \u20ac<\/td>\n<\/tr>\n<\/tbody>\n<\/table>\n<table style=\"width: 100%;\">\n<tbody>\n<tr>\n<th style=\"text-align: left;\">FIKSNA PROTETIKA<\/th>\n<th> <\/th>\n<\/tr>\n<tr>\n<td>Inlay \/ onlay, kerami\u010dni<\/td>\n<td style=\"text-align: right; width: 8.7rem;\">230,00 \u20ac<\/td>\n<\/tr>\n<tr>\n<td>Kerami\u010dna prevleka na cirkoniju<\/td>\n<td style=\"text-align: right;\">380,00 \u20ac<\/td>\n<\/tr>\n<tr>\n<td>Prevleka na vsadku, cirkonij-kerami\u010dna<\/td>\n<td style=\"text-align: right;\">395,00 \u20ac<\/td>\n<\/tr>\n<tr>\n<td>Kerami\u010dna luska<\/td>\n<td style=\"text-align: right;\">380,00 \u20ac<\/td>\n<\/tr>\n<tr>\n<td>Hibridni mosti\u010dek na vsadkih za eno \u010deljust<\/td>\n<td style=\"text-align: right;\">2.995,00 \u20ac<\/td>\n<\/tr>\n<\/tbody>\n<\/table>\n","protected":false},"excerpt":{"rendered":"<p>Vrhunska zobozdravstvena oskrba ne sme biti luksuz. Na\u0161e poslanstvo je omogo\u010diti pacientom dostop do najsodobnej\u0161e tehnologije in vrhunskih strokovnjakov po standardnih tr\u017enih cenah. CENIK (izvle\u010dek iz cenika) Prvi zobozdravstveni pregled 30,00 \u20ac Prvi zobozdravstveni pregled specialista 60,00 \u20ac Specialisti\u010dni pregled 60,00 \u20ac Ortodontska diagnostika 70,00 \u20ac ORTODONTIJA Fiksna terapija s kovinskimi zobnimi aparati (ena \u010deljust&#8230;<\/p>\n","protected":false},"author":16,"featured_media":0,"parent":0,"menu_order":0,"comment_status":"closed","ping_status":"closed","template":"","meta":{"_acf_changed":false,"footnotes":""},"class_list":["post-22472","page","type-page","status-publish","hentry"],"acf":[],"yoast_head":"<!-- This site is optimized with the Yoast SEO plugin v27.5 - https:\/\/yoast.com\/product\/yoast-seo-wordpress\/ -->\n<title>Cenik - Stomatolo\u0161ka poliklinika Apolonija<\/title>\n<meta name=\"description\" content=\"Preverite cene na\u0161ih najbolj iskanih zobozdravstvenih storitev. Z njimi se vedno trudimo ponuditi dodano vrednost v obliki kakovosti pristopa in materialov.\" \/>\n<meta name=\"robots\" content=\"index, follow, max-snippet:-1, max-image-preview:large, max-video-preview:-1\" \/>\n<link rel=\"canonical\" href=\"https:\/\/www.apolonija.hr\/sl\/cenik\/\" \/>\n<meta property=\"og:locale\" content=\"sl_SI\" \/>\n<meta property=\"og:type\" content=\"article\" \/>\n<meta property=\"og:title\" content=\"Cenik - Stomatolo\u0161ka poliklinika Apolonija\" \/>\n<meta property=\"og:description\" content=\"Preverite cene na\u0161ih najbolj iskanih zobozdravstvenih storitev. Z njimi se vedno trudimo ponuditi dodano vrednost v obliki kakovosti pristopa in materialov.\" \/>\n<meta property=\"og:url\" content=\"https:\/\/www.apolonija.hr\/sl\/cenik\/\" \/>\n<meta property=\"og:site_name\" content=\"Stomatolo\u0161ka poliklinika Apolonija\" \/>\n<meta property=\"article:publisher\" content=\"https:\/\/www.facebook.com\/SPApolonija\/\" \/>\n<meta property=\"article:modified_time\" content=\"2025-10-08T12:40:39+00:00\" \/>\n<meta name=\"twitter:card\" content=\"summary_large_image\" \/>\n<meta name=\"twitter:label1\" content=\"Est. reading time\" \/>\n\t<meta name=\"twitter:data1\" content=\"1 minuta\" \/>\n<script type=\"application\/ld+json\" class=\"yoast-schema-graph\">{\"@context\":\"https:\\\/\\\/schema.org\",\"@graph\":[{\"@type\":\"WebPage\",\"@id\":\"https:\\\/\\\/www.apolonija.hr\\\/sl\\\/cenik\\\/\",\"url\":\"https:\\\/\\\/www.apolonija.hr\\\/sl\\\/cenik\\\/\",\"name\":\"Cenik - Stomatolo\u0161ka poliklinika Apolonija\",\"isPartOf\":{\"@id\":\"https:\\\/\\\/www.apolonija.hr\\\/sl\\\/#website\"},\"datePublished\":\"2025-07-17T09:56:22+00:00\",\"dateModified\":\"2025-10-08T12:40:39+00:00\",\"description\":\"Preverite cene na\u0161ih najbolj iskanih zobozdravstvenih storitev. Z njimi se vedno trudimo ponuditi dodano vrednost v obliki kakovosti pristopa in materialov.\",\"breadcrumb\":{\"@id\":\"https:\\\/\\\/www.apolonija.hr\\\/sl\\\/cenik\\\/#breadcrumb\"},\"inLanguage\":\"sl-SI\",\"potentialAction\":[{\"@type\":\"ReadAction\",\"target\":[\"https:\\\/\\\/www.apolonija.hr\\\/sl\\\/cenik\\\/\"]}]},{\"@type\":\"BreadcrumbList\",\"@id\":\"https:\\\/\\\/www.apolonija.hr\\\/sl\\\/cenik\\\/#breadcrumb\",\"itemListElement\":[{\"@type\":\"ListItem\",\"position\":1,\"name\":\"Apolonija\",\"item\":\"https:\\\/\\\/www.apolonija.hr\\\/sl\\\/apolonija\\\/\"},{\"@type\":\"ListItem\",\"position\":2,\"name\":\"Cenik\"}]},{\"@type\":\"WebSite\",\"@id\":\"https:\\\/\\\/www.apolonija.hr\\\/sl\\\/#website\",\"url\":\"https:\\\/\\\/www.apolonija.hr\\\/sl\\\/\",\"name\":\"Stomatolo\u0161ka poliklinika Apolonija\",\"description\":\"\u017divljenje, polno nasmehov\",\"publisher\":{\"@id\":\"https:\\\/\\\/www.apolonija.hr\\\/sl\\\/#organization\"},\"potentialAction\":[{\"@type\":\"SearchAction\",\"target\":{\"@type\":\"EntryPoint\",\"urlTemplate\":\"https:\\\/\\\/www.apolonija.hr\\\/sl\\\/?s={search_term_string}\"},\"query-input\":{\"@type\":\"PropertyValueSpecification\",\"valueRequired\":true,\"valueName\":\"search_term_string\"}}],\"inLanguage\":\"sl-SI\"},{\"@type\":\"Organization\",\"@id\":\"https:\\\/\\\/www.apolonija.hr\\\/sl\\\/#organization\",\"name\":\"Stomatolo\u0161ka poliklinika Apolonija\",\"url\":\"https:\\\/\\\/www.apolonija.hr\\\/sl\\\/\",\"logo\":{\"@type\":\"ImageObject\",\"inLanguage\":\"sl-SI\",\"@id\":\"https:\\\/\\\/www.apolonija.hr\\\/sl\\\/#\\\/schema\\\/logo\\\/image\\\/\",\"url\":\"https:\\\/\\\/www.apolonija.hr\\\/wp-content\\\/uploads\\\/2019\\\/10\\\/logo-1.png\",\"contentUrl\":\"https:\\\/\\\/www.apolonija.hr\\\/wp-content\\\/uploads\\\/2019\\\/10\\\/logo-1.png\",\"width\":500,\"height\":140,\"caption\":\"Stomatolo\u0161ka poliklinika Apolonija\"},\"image\":{\"@id\":\"https:\\\/\\\/www.apolonija.hr\\\/sl\\\/#\\\/schema\\\/logo\\\/image\\\/\"},\"sameAs\":[\"https:\\\/\\\/www.facebook.com\\\/SPApolonija\\\/\",\"https:\\\/\\\/www.instagram.com\\\/poliklinikaapolonija\\\/\",\"https:\\\/\\\/www.linkedin.com\\\/company\\\/stomatolo\u0161ka-poliklinika-apolonija\\\/\",\"https:\\\/\\\/www.tiktok.com\\\/@poliklinikaapolonija\"]}]}<\/script>\n<!-- \/ Yoast SEO plugin. -->","yoast_head_json":{"title":"Cenik - Stomatolo\u0161ka poliklinika Apolonija","description":"Preverite cene na\u0161ih najbolj iskanih zobozdravstvenih storitev. Z njimi se vedno trudimo ponuditi dodano vrednost v obliki kakovosti pristopa in materialov.","robots":{"index":"index","follow":"follow","max-snippet":"max-snippet:-1","max-image-preview":"max-image-preview:large","max-video-preview":"max-video-preview:-1"},"canonical":"https:\/\/www.apolonija.hr\/sl\/cenik\/","og_locale":"sl_SI","og_type":"article","og_title":"Cenik - Stomatolo\u0161ka poliklinika Apolonija","og_description":"Preverite cene na\u0161ih najbolj iskanih zobozdravstvenih storitev. Z njimi se vedno trudimo ponuditi dodano vrednost v obliki kakovosti pristopa in materialov.","og_url":"https:\/\/www.apolonija.hr\/sl\/cenik\/","og_site_name":"Stomatolo\u0161ka poliklinika Apolonija","article_publisher":"https:\/\/www.facebook.com\/SPApolonija\/","article_modified_time":"2025-10-08T12:40:39+00:00","twitter_card":"summary_large_image","twitter_misc":{"Est. reading time":"1 minuta"},"schema":{"@context":"https:\/\/schema.org","@graph":[{"@type":"WebPage","@id":"https:\/\/www.apolonija.hr\/sl\/cenik\/","url":"https:\/\/www.apolonija.hr\/sl\/cenik\/","name":"Cenik - Stomatolo\u0161ka poliklinika Apolonija","isPartOf":{"@id":"https:\/\/www.apolonija.hr\/sl\/#website"},"datePublished":"2025-07-17T09:56:22+00:00","dateModified":"2025-10-08T12:40:39+00:00","description":"Preverite cene na\u0161ih najbolj iskanih zobozdravstvenih storitev. Z njimi se vedno trudimo ponuditi dodano vrednost v obliki kakovosti pristopa in materialov.","breadcrumb":{"@id":"https:\/\/www.apolonija.hr\/sl\/cenik\/#breadcrumb"},"inLanguage":"sl-SI","potentialAction":[{"@type":"ReadAction","target":["https:\/\/www.apolonija.hr\/sl\/cenik\/"]}]},{"@type":"BreadcrumbList","@id":"https:\/\/www.apolonija.hr\/sl\/cenik\/#breadcrumb","itemListElement":[{"@type":"ListItem","position":1,"name":"Apolonija","item":"https:\/\/www.apolonija.hr\/sl\/apolonija\/"},{"@type":"ListItem","position":2,"name":"Cenik"}]},{"@type":"WebSite","@id":"https:\/\/www.apolonija.hr\/sl\/#website","url":"https:\/\/www.apolonija.hr\/sl\/","name":"Stomatolo\u0161ka poliklinika Apolonija","description":"\u017divljenje, polno nasmehov","publisher":{"@id":"https:\/\/www.apolonija.hr\/sl\/#organization"},"potentialAction":[{"@type":"SearchAction","target":{"@type":"EntryPoint","urlTemplate":"https:\/\/www.apolonija.hr\/sl\/?s={search_term_string}"},"query-input":{"@type":"PropertyValueSpecification","valueRequired":true,"valueName":"search_term_string"}}],"inLanguage":"sl-SI"},{"@type":"Organization","@id":"https:\/\/www.apolonija.hr\/sl\/#organization","name":"Stomatolo\u0161ka poliklinika Apolonija","url":"https:\/\/www.apolonija.hr\/sl\/","logo":{"@type":"ImageObject","inLanguage":"sl-SI","@id":"https:\/\/www.apolonija.hr\/sl\/#\/schema\/logo\/image\/","url":"https:\/\/www.apolonija.hr\/wp-content\/uploads\/2019\/10\/logo-1.png","contentUrl":"https:\/\/www.apolonija.hr\/wp-content\/uploads\/2019\/10\/logo-1.png","width":500,"height":140,"caption":"Stomatolo\u0161ka poliklinika Apolonija"},"image":{"@id":"https:\/\/www.apolonija.hr\/sl\/#\/schema\/logo\/image\/"},"sameAs":["https:\/\/www.facebook.com\/SPApolonija\/","https:\/\/www.instagram.com\/poliklinikaapolonija\/","https:\/\/www.linkedin.com\/company\/stomatolo\u0161ka-poliklinika-apolonija\/","https:\/\/www.tiktok.com\/@poliklinikaapolonija"]}]}},"_links":{"self":[{"href":"https:\/\/www.apolonija.hr\/sl\/wp-json\/wp\/v2\/pages\/22472","targetHints":{"allow":["GET"]}}],"collection":[{"href":"https:\/\/www.apolonija.hr\/sl\/wp-json\/wp\/v2\/pages"}],"about":[{"href":"https:\/\/www.apolonija.hr\/sl\/wp-json\/wp\/v2\/types\/page"}],"author":[{"embeddable":true,"href":"https:\/\/www.apolonija.hr\/sl\/wp-json\/wp\/v2\/users\/16"}],"replies":[{"embeddable":true,"href":"https:\/\/www.apolonija.hr\/sl\/wp-json\/wp\/v2\/comments?post=22472"}],"version-history":[{"count":2,"href":"https:\/\/www.apolonija.hr\/sl\/wp-json\/wp\/v2\/pages\/22472\/revisions"}],"predecessor-version":[{"id":23200,"href":"https:\/\/www.apolonija.hr\/sl\/wp-json\/wp\/v2\/pages\/22472\/revisions\/23200"}],"wp:attachment":[{"href":"https:\/\/www.apolonija.hr\/sl\/wp-json\/wp\/v2\/media?parent=22472"}],"curies":[{"name":"wp","href":"https:\/\/api.w.org\/{rel}","templated":true}]}}